{"id":30318,"date":"2025-07-30T08:40:06","date_gmt":"2025-07-30T06:40:06","guid":{"rendered":"https:\/\/itctoursvoyages.com\/?post_type=product&#038;p=30318"},"modified":"2026-01-26T06:28:44","modified_gmt":"2026-01-26T05:28:44","slug":"%e2%9b%b5-excursion-1-jour-en-catamaran-a-moteur-aux-iles-similan-4600-thb","status":"publish","type":"product","link":"https:\/\/lunayatravel.com\/en\/product\/%e2%9b%b5-excursion-1-jour-en-catamaran-a-moteur-aux-iles-similan-4600-thb\/","title":{"rendered":"\u26f5 1 Day Excursion by Motor Catamaran to the Similan Islands"},"content":{"rendered":"<h3 data-start=\"1044\" data-end=\"1095\">\ud83d\uddd3\ufe0f <strong data-start=\"1052\" data-end=\"1080\">Itinerary for the day<\/strong> (approximate)<\/h3>\n<ul data-start=\"1097\" data-end=\"1615\">\n<li data-start=\"1097\" data-end=\"1178\">\n<p data-start=\"1099\" data-end=\"1178\"><strong data-start=\"1099\" data-end=\"1116\">05:00 - 08:30<\/strong> Pick-up at your hotel (time depends on location)<\/p>\n<\/li>\n<li data-start=\"1179\" data-end=\"1261\">\n<p data-start=\"1181\" data-end=\"1261\"><strong data-start=\"1181\" data-end=\"1190\">09:00<\/strong> Boarding at the port of Taplamu - drinks and snacks served on board<\/p>\n<\/li>\n<li data-start=\"1262\" data-end=\"1359\">\n<p data-start=\"1264\" data-end=\"1359\"><strong data-start=\"1264\" data-end=\"1273\">10:30<\/strong> Arrival at <strong data-start=\"1286\" data-end=\"1295\">Koh 8<\/strong> - hike to <strong data-start=\"1313\" data-end=\"1329\">Sailing Rock<\/strong>swimming at Donald Duck Bay<\/p>\n<\/li>\n<li data-start=\"1360\" data-end=\"1414\">\n<p data-start=\"1362\" data-end=\"1414\"><strong data-start=\"1362\" data-end=\"1371\">12:30<\/strong> : Snorkelling &amp; kayaking at <strong data-start=\"1395\" data-end=\"1404\">Koh 9<\/strong> (island 9)<\/p>\n<\/li>\n<li data-start=\"1415\" data-end=\"1457\">\n<p data-start=\"1417\" data-end=\"1457\"><strong data-start=\"1417\" data-end=\"1426\">13:20<\/strong> : <strong data-start=\"1429\" data-end=\"1455\">Buffet lunch on board<\/strong><\/p>\n<\/li>\n<li data-start=\"1458\" data-end=\"1505\">\n<p data-start=\"1460\" data-end=\"1505\"><strong data-start=\"1460\" data-end=\"1469\">14:30<\/strong> Second snorkelling trip to <strong data-start=\"1494\" data-end=\"1503\">Koh 7<\/strong><\/p>\n<\/li>\n<li data-start=\"1506\" data-end=\"1540\">\n<p data-start=\"1508\" data-end=\"1540\"><strong data-start=\"1508\" data-end=\"1517\">15:30<\/strong> : Departure of the Similan<\/p>\n<\/li>\n<li data-start=\"1541\" data-end=\"1615\">\n<p data-start=\"1543\" data-end=\"1615\"><strong data-start=\"1543\" data-end=\"1560\">17:00 - 17:30<\/strong> Return to port + dinner and transfer back to hotel<\/p>\n<\/li>\n<\/ul>\n<hr data-start=\"1617\" data-end=\"1620\" \/>\n<h3 data-start=\"1622\" data-end=\"1655\">\u2705 <strong data-start=\"1628\" data-end=\"1655\">Included in the excursion<\/strong><\/h3>\n<ul data-start=\"1657\" data-end=\"2045\">\n<li data-start=\"1657\" data-end=\"1703\">\n<p data-start=\"1659\" data-end=\"1703\">Motor catamaran with comfortable decks<\/p>\n<\/li>\n<li data-start=\"1704\" data-end=\"1739\">\n<p data-start=\"1706\" data-end=\"1739\">National park entrance fees<\/p>\n<\/li>\n<li data-start=\"1740\" data-end=\"1788\">\n<p data-start=\"1742\" data-end=\"1788\">Snorkelling equipment (mask, snorkel, life jacket)<\/p>\n<\/li>\n<li data-start=\"1789\" data-end=\"1813\">\n<p data-start=\"1791\" data-end=\"1813\">Kayaks available<\/p>\n<\/li>\n<li data-start=\"1814\" data-end=\"1861\">\n<p data-start=\"1816\" data-end=\"1861\">Return transfer (Phuket or Khao Lak)<\/p>\n<\/li>\n<li data-start=\"1862\" data-end=\"1933\">\n<p data-start=\"1864\" data-end=\"1933\"><strong data-start=\"1864\" data-end=\"1882\">Breakfast<\/strong>, <strong data-start=\"1884\" data-end=\"1910\">buffet lunch on board<\/strong> and <strong data-start=\"1914\" data-end=\"1931\">dinner in the port<\/strong><\/p>\n<\/li>\n<li data-start=\"1934\" data-end=\"1978\">\n<p data-start=\"1936\" data-end=\"1978\">Fruit, snacks, soft drinks<\/p>\n<\/li>\n<li data-start=\"1979\" data-end=\"2001\">\n<p data-start=\"1981\" data-end=\"2001\">Beach towel<\/p>\n<\/li>\n<li data-start=\"2002\" data-end=\"2022\">\n<p data-start=\"2004\" data-end=\"2022\">English-speaking guide<\/p>\n<\/li>\n<li data-start=\"2023\" data-end=\"2045\">\n<p data-start=\"2025\" data-end=\"2045\"><strong data-start=\"2025\" data-end=\"2045\">Travel insurance<\/strong><\/p>\n<\/li>\n<\/ul>\n<hr data-start=\"2047\" data-end=\"2050\" \/>\n<h3 data-start=\"2052\" data-end=\"2084\">\ud83c\udf92 <strong data-start=\"2059\" data-end=\"2084\">What to expect<\/strong><\/h3>\n<ul data-start=\"2086\" data-end=\"2234\">\n<li data-start=\"2086\" data-end=\"2121\">\n<p data-start=\"2088\" data-end=\"2121\">Sun cream <strong data-start=\"2102\" data-end=\"2119\">reef-friendly<\/strong><\/p>\n<\/li>\n<li data-start=\"2122\" data-end=\"2170\">\n<p data-start=\"2124\" data-end=\"2170\">Swimming costume, hat, sunglasses<\/p>\n<\/li>\n<li data-start=\"2171\" data-end=\"2189\">\n<p data-start=\"2173\" data-end=\"2189\">Camera<\/p>\n<\/li>\n<li data-start=\"2190\" data-end=\"2234\">\n<p data-start=\"2192\" data-end=\"2234\"><strong data-start=\"2192\" data-end=\"2234\">Passport photo on your phone<\/strong><\/p>\n<\/li>\n<\/ul>\n<hr data-start=\"2236\" data-end=\"2239\" \/>\n<h3 data-start=\"2241\" data-end=\"2276\">\u26a0\ufe0f <strong data-start=\"2248\" data-end=\"2276\">Important information<\/strong><\/h3>\n<ul data-start=\"2278\" data-end=\"2510\">\n<li data-start=\"2278\" data-end=\"2391\">\n<p data-start=\"2280\" data-end=\"2391\">Not open to pregnant women, children under 1 or people with serious medical problems<\/p>\n<\/li>\n<li data-start=\"2392\" data-end=\"2468\">\n<p data-start=\"2394\" data-end=\"2468\">People over 70 must contact us before booking.<\/p>\n<\/li>\n<li data-start=\"2469\" data-end=\"2510\">\n<p data-start=\"2471\" data-end=\"2510\">The programme may vary according to the weather<\/p>\n<\/li>\n<\/ul>","protected":false},"excerpt":{"rendered":"<p data-start=\"214\" data-end=\"604\">Experience an exceptional day aboard a <strong data-start=\"256\" data-end=\"302\">spacious and comfortable motor catamaran<\/strong>to the <strong data-start=\"318\" data-end=\"334\">Similan Islands<\/strong>the unspoilt jewels of the Andaman Sea.<br data-start=\"373\" data-end=\"376\" \/>Admire the white sandy beaches, dive into the heart of the coral reefs and climb up to the famous <strong data-start=\"477\" data-end=\"509\">Sailing Rock's point of view<\/strong>. An unforgettable experience, ideal for lovers of nature, snorkelling and comfort!<\/p>\n<hr data-start=\"606\" data-end=\"609\" \/>\n<h3 data-start=\"611\" data-end=\"649\">\ud83c\udf1f <strong data-start=\"618\" data-end=\"649\">Highlights of the excursion<\/strong><\/h3>\n<ul data-start=\"651\" data-end=\"1037\">\n<li data-start=\"651\" data-end=\"723\">\n<p data-start=\"653\" data-end=\"723\">Travel in <strong data-start=\"663\" data-end=\"693\">premium power catamaran<\/strong>more stable and less crowded<\/p>\n<\/li>\n<li data-start=\"724\" data-end=\"803\">\n<p data-start=\"726\" data-end=\"803\"><strong data-start=\"726\" data-end=\"750\">Paradise beaches<\/strong>iconic rocks and spectacular panoramas<\/p>\n<\/li>\n<li data-start=\"804\" data-end=\"870\">\n<p data-start=\"806\" data-end=\"870\">Snorkelling in turquoise waters (3 different spots)<\/p>\n<\/li>\n<li data-start=\"871\" data-end=\"938\">\n<p data-start=\"873\" data-end=\"938\"><strong data-start=\"873\" data-end=\"882\">Kayak<\/strong>A calm cruise, swimming and relaxing...<\/p>\n<\/li>\n<li data-start=\"939\" data-end=\"981\">\n<p data-start=\"941\" data-end=\"981\"><strong data-start=\"941\" data-end=\"959\">3 meals included<\/strong> on board + snacks<\/p>\n<\/li>\n<li data-start=\"982\" data-end=\"1037\">\n<p data-start=\"984\" data-end=\"1037\">Return transfers from <strong data-start=\"1015\" data-end=\"1037\">Phuket or Khao Lak<\/strong><\/p>\n<\/li>\n<\/ul>","protected":false},"featured_media":30323,"comment_status":"open","ping_status":"closed","template":"","meta":{"_uag_custom_page_level_css":""},"product_brand":[],"product_cat":[67],"product_tag":[],"class_list":{"0":"post-30318","1":"product","2":"type-product","3":"status-publish","4":"has-post-thumbnail","6":"product_cat-phuket","8":"first","9":"instock","10":"virtual","11":"taxable","12":"purchasable","13":"product-type-simple"},"yoast_head":"<!-- This site is optimized with the Yoast SEO plugin v27.1.1 - https:\/\/yoast.com\/product\/yoast-seo-wordpress\/ -->\n<title>\u26f5 Excursion 1 Jour en Catamaran \u00e0 Moteur aux \u00celes Similan -<\/title>\n<meta name=\"robots\" content=\"index, follow, max-snippet:-1, max-image-preview:large, max-video-preview:-1\" \/>\n<link rel=\"canonical\" href=\"https:\/\/lunayatravel.com\/en\/product\/\u26f5-excursion-1-jour-en-catamaran-a-moteur-aux-iles-similan-4600-thb\/\" \/>\n<meta property=\"og:locale\" content=\"en_GB\" \/>\n<meta property=\"og:type\" content=\"article\" \/>\n<meta property=\"og:title\" content=\"\u26f5 Excursion 1 Jour en Catamaran \u00e0 Moteur aux \u00celes Similan -\" \/>\n<meta property=\"og:description\" content=\"Vivez une journ\u00e9e d\u2019exception \u00e0 bord d\u2019un catamaran \u00e0 moteur spacieux et confortable, direction les \u00eeles Similan, joyaux pr\u00e9serv\u00e9s de la mer d\u2019Andaman.Admirez les plages de sable blanc, plongez au c\u0153ur des r\u00e9cifs coralliens et grimpez jusqu\u2019au c\u00e9l\u00e8bre point de vue de Sailing Rock. Une exp\u00e9rience inoubliable, id\u00e9ale pour les amateurs de nature, de snorkeling et de confort !     \ud83c\udf1f Points forts de l\u2019excursion    Voyage en catamaran \u00e0 moteur premium, plus stable et moins bond\u00e9    Plages paradisiaques, rochers embl\u00e9matiques et panoramas spectaculaires    Plong\u00e9e avec tuba dans des eaux turquoise (3 spots diff\u00e9rents)    Kayak, baignade, d\u00e9tente\u2026 au rythme d\u2019une croisi\u00e8re sereine    3 repas inclus \u00e0 bord + collations    Transferts aller-retour depuis Phuket ou Khao Lak\" \/>\n<meta property=\"og:url\" content=\"https:\/\/lunayatravel.com\/en\/product\/\u26f5-excursion-1-jour-en-catamaran-a-moteur-aux-iles-similan-4600-thb\/\" \/>\n<meta property=\"article:publisher\" content=\"https:\/\/www.facebook.com\/lunayaTravel\/\" \/>\n<meta property=\"article:modified_time\" content=\"2026-01-26T05:28:44+00:00\" \/>\n<meta property=\"og:image\" content=\"https:\/\/lunayatravel.com\/wp-content\/uploads\/2025\/07\/134.webp\" \/>\n\t<meta property=\"og:image:width\" content=\"720\" \/>\n\t<meta property=\"og:image:height\" content=\"540\" \/>\n\t<meta property=\"og:image:type\" content=\"image\/webp\" \/>\n<meta name=\"twitter:card\" content=\"summary_large_image\" \/>\n<meta name=\"twitter:label1\" content=\"Estimated reading time\" \/>\n\t<meta name=\"twitter:data1\" content=\"1 minute\" \/>\n<script type=\"application\/ld+json\" class=\"yoast-schema-graph\">{\"@context\":\"https:\/\/schema.org\",\"@graph\":[{\"@type\":\"WebPage\",\"@id\":\"https:\/\/lunayatravel.com\/produit\/%e2%9b%b5-excursion-1-jour-en-catamaran-a-moteur-aux-iles-similan-4600-thb\/\",\"url\":\"https:\/\/lunayatravel.com\/produit\/%e2%9b%b5-excursion-1-jour-en-catamaran-a-moteur-aux-iles-similan-4600-thb\/\",\"name\":\"\u26f5 Excursion 1 Jour en Catamaran \u00e0 Moteur aux \u00celes Similan -\",\"isPartOf\":{\"@id\":\"https:\/\/lunayatravel.com\/#website\"},\"primaryImageOfPage\":{\"@id\":\"https:\/\/lunayatravel.com\/produit\/%e2%9b%b5-excursion-1-jour-en-catamaran-a-moteur-aux-iles-similan-4600-thb\/#primaryimage\"},\"image\":{\"@id\":\"https:\/\/lunayatravel.com\/produit\/%e2%9b%b5-excursion-1-jour-en-catamaran-a-moteur-aux-iles-similan-4600-thb\/#primaryimage\"},\"thumbnailUrl\":\"https:\/\/lunayatravel.com\/wp-content\/uploads\/2025\/07\/134.webp\",\"datePublished\":\"2025-07-30T06:40:06+00:00\",\"dateModified\":\"2026-01-26T05:28:44+00:00\",\"breadcrumb\":{\"@id\":\"https:\/\/lunayatravel.com\/produit\/%e2%9b%b5-excursion-1-jour-en-catamaran-a-moteur-aux-iles-similan-4600-thb\/#breadcrumb\"},\"inLanguage\":\"en-GB\",\"potentialAction\":[{\"@type\":\"ReadAction\",\"target\":[\"https:\/\/lunayatravel.com\/produit\/%e2%9b%b5-excursion-1-jour-en-catamaran-a-moteur-aux-iles-similan-4600-thb\/\"]}]},{\"@type\":\"ImageObject\",\"inLanguage\":\"en-GB\",\"@id\":\"https:\/\/lunayatravel.com\/produit\/%e2%9b%b5-excursion-1-jour-en-catamaran-a-moteur-aux-iles-similan-4600-thb\/#primaryimage\",\"url\":\"https:\/\/lunayatravel.com\/wp-content\/uploads\/2025\/07\/134.webp\",\"contentUrl\":\"https:\/\/lunayatravel.com\/wp-content\/uploads\/2025\/07\/134.webp\",\"width\":720,\"height\":540},{\"@type\":\"BreadcrumbList\",\"@id\":\"https:\/\/lunayatravel.com\/produit\/%e2%9b%b5-excursion-1-jour-en-catamaran-a-moteur-aux-iles-similan-4600-thb\/#breadcrumb\",\"itemListElement\":[{\"@type\":\"ListItem\",\"position\":1,\"name\":\"Accueil\",\"item\":\"https:\/\/lunayatravel.com\/\"},{\"@type\":\"ListItem\",\"position\":2,\"name\":\"Nos activit\u00e9s\",\"item\":\"https:\/\/lunayatravel.com\/nos-activites\/\"},{\"@type\":\"ListItem\",\"position\":3,\"name\":\"\u26f5 Excursion 1 Jour en Catamaran \u00e0 Moteur aux \u00celes Similan\"}]},{\"@type\":\"WebSite\",\"@id\":\"https:\/\/lunayatravel.com\/#website\",\"url\":\"https:\/\/lunayatravel.com\/\",\"name\":\"\",\"description\":\"\",\"publisher\":{\"@id\":\"https:\/\/lunayatravel.com\/#organization\"},\"potentialAction\":[{\"@type\":\"SearchAction\",\"target\":{\"@type\":\"EntryPoint\",\"urlTemplate\":\"https:\/\/lunayatravel.com\/?s={search_term_string}\"},\"query-input\":{\"@type\":\"PropertyValueSpecification\",\"valueRequired\":true,\"valueName\":\"search_term_string\"}}],\"inLanguage\":\"en-GB\"},{\"@type\":\"Organization\",\"@id\":\"https:\/\/lunayatravel.com\/#organization\",\"name\":\"Lunaya travel\",\"alternateName\":\"Lunaya travel\",\"url\":\"https:\/\/lunayatravel.com\/\",\"logo\":{\"@type\":\"ImageObject\",\"inLanguage\":\"en-GB\",\"@id\":\"https:\/\/lunayatravel.com\/#\/schema\/logo\/image\/\",\"url\":\"https:\/\/lunayatravel.com\/wp-content\/uploads\/2026\/03\/cropped-647319118_2379115739204013_337015058165053143_n.jpg\",\"contentUrl\":\"https:\/\/lunayatravel.com\/wp-content\/uploads\/2026\/03\/cropped-647319118_2379115739204013_337015058165053143_n.jpg\",\"width\":1022,\"height\":1023,\"caption\":\"Lunaya travel\"},\"image\":{\"@id\":\"https:\/\/lunayatravel.com\/#\/schema\/logo\/image\/\"},\"sameAs\":[\"https:\/\/www.facebook.com\/lunayaTravel\/\"]}]}<\/script>\n<!-- \/ Yoast SEO plugin. -->","yoast_head_json":{"title":"\u26f5 Excursion 1 Jour en Catamaran \u00e0 Moteur aux \u00celes Similan -","robots":{"index":"index","follow":"follow","max-snippet":"max-snippet:-1","max-image-preview":"max-image-preview:large","max-video-preview":"max-video-preview:-1"},"canonical":"https:\/\/lunayatravel.com\/en\/product\/\u26f5-excursion-1-jour-en-catamaran-a-moteur-aux-iles-similan-4600-thb\/","og_locale":"en_GB","og_type":"article","og_title":"\u26f5 Excursion 1 Jour en Catamaran \u00e0 Moteur aux \u00celes Similan -","og_description":"Vivez une journ\u00e9e d\u2019exception \u00e0 bord d\u2019un catamaran \u00e0 moteur spacieux et confortable, direction les \u00eeles Similan, joyaux pr\u00e9serv\u00e9s de la mer d\u2019Andaman.Admirez les plages de sable blanc, plongez au c\u0153ur des r\u00e9cifs coralliens et grimpez jusqu\u2019au c\u00e9l\u00e8bre point de vue de Sailing Rock. Une exp\u00e9rience inoubliable, id\u00e9ale pour les amateurs de nature, de snorkeling et de confort !     \ud83c\udf1f Points forts de l\u2019excursion    Voyage en catamaran \u00e0 moteur premium, plus stable et moins bond\u00e9    Plages paradisiaques, rochers embl\u00e9matiques et panoramas spectaculaires    Plong\u00e9e avec tuba dans des eaux turquoise (3 spots diff\u00e9rents)    Kayak, baignade, d\u00e9tente\u2026 au rythme d\u2019une croisi\u00e8re sereine    3 repas inclus \u00e0 bord + collations    Transferts aller-retour depuis Phuket ou Khao Lak","og_url":"https:\/\/lunayatravel.com\/en\/product\/\u26f5-excursion-1-jour-en-catamaran-a-moteur-aux-iles-similan-4600-thb\/","article_publisher":"https:\/\/www.facebook.com\/lunayaTravel\/","article_modified_time":"2026-01-26T05:28:44+00:00","og_image":[{"width":720,"height":540,"url":"https:\/\/lunayatravel.com\/wp-content\/uploads\/2025\/07\/134.webp","type":"image\/webp"}],"twitter_card":"summary_large_image","twitter_misc":{"Estimated reading time":"1 minute"},"schema":{"@context":"https:\/\/schema.org","@graph":[{"@type":"WebPage","@id":"https:\/\/lunayatravel.com\/produit\/%e2%9b%b5-excursion-1-jour-en-catamaran-a-moteur-aux-iles-similan-4600-thb\/","url":"https:\/\/lunayatravel.com\/produit\/%e2%9b%b5-excursion-1-jour-en-catamaran-a-moteur-aux-iles-similan-4600-thb\/","name":"\u26f5 Excursion 1 Jour en Catamaran \u00e0 Moteur aux \u00celes Similan -","isPartOf":{"@id":"https:\/\/lunayatravel.com\/#website"},"primaryImageOfPage":{"@id":"https:\/\/lunayatravel.com\/produit\/%e2%9b%b5-excursion-1-jour-en-catamaran-a-moteur-aux-iles-similan-4600-thb\/#primaryimage"},"image":{"@id":"https:\/\/lunayatravel.com\/produit\/%e2%9b%b5-excursion-1-jour-en-catamaran-a-moteur-aux-iles-similan-4600-thb\/#primaryimage"},"thumbnailUrl":"https:\/\/lunayatravel.com\/wp-content\/uploads\/2025\/07\/134.webp","datePublished":"2025-07-30T06:40:06+00:00","dateModified":"2026-01-26T05:28:44+00:00","breadcrumb":{"@id":"https:\/\/lunayatravel.com\/produit\/%e2%9b%b5-excursion-1-jour-en-catamaran-a-moteur-aux-iles-similan-4600-thb\/#breadcrumb"},"inLanguage":"en-GB","potentialAction":[{"@type":"ReadAction","target":["https:\/\/lunayatravel.com\/produit\/%e2%9b%b5-excursion-1-jour-en-catamaran-a-moteur-aux-iles-similan-4600-thb\/"]}]},{"@type":"ImageObject","inLanguage":"en-GB","@id":"https:\/\/lunayatravel.com\/produit\/%e2%9b%b5-excursion-1-jour-en-catamaran-a-moteur-aux-iles-similan-4600-thb\/#primaryimage","url":"https:\/\/lunayatravel.com\/wp-content\/uploads\/2025\/07\/134.webp","contentUrl":"https:\/\/lunayatravel.com\/wp-content\/uploads\/2025\/07\/134.webp","width":720,"height":540},{"@type":"BreadcrumbList","@id":"https:\/\/lunayatravel.com\/produit\/%e2%9b%b5-excursion-1-jour-en-catamaran-a-moteur-aux-iles-similan-4600-thb\/#breadcrumb","itemListElement":[{"@type":"ListItem","position":1,"name":"Accueil","item":"https:\/\/lunayatravel.com\/"},{"@type":"ListItem","position":2,"name":"Nos activit\u00e9s","item":"https:\/\/lunayatravel.com\/nos-activites\/"},{"@type":"ListItem","position":3,"name":"\u26f5 Excursion 1 Jour en Catamaran \u00e0 Moteur aux \u00celes Similan"}]},{"@type":"WebSite","@id":"https:\/\/lunayatravel.com\/#website","url":"https:\/\/lunayatravel.com\/","name":"","description":"","publisher":{"@id":"https:\/\/lunayatravel.com\/#organization"},"potentialAction":[{"@type":"SearchAction","target":{"@type":"EntryPoint","urlTemplate":"https:\/\/lunayatravel.com\/?s={search_term_string}"},"query-input":{"@type":"PropertyValueSpecification","valueRequired":true,"valueName":"search_term_string"}}],"inLanguage":"en-GB"},{"@type":"Organization","@id":"https:\/\/lunayatravel.com\/#organization","name":"Lunaya travel","alternateName":"Lunaya travel","url":"https:\/\/lunayatravel.com\/","logo":{"@type":"ImageObject","inLanguage":"en-GB","@id":"https:\/\/lunayatravel.com\/#\/schema\/logo\/image\/","url":"https:\/\/lunayatravel.com\/wp-content\/uploads\/2026\/03\/cropped-647319118_2379115739204013_337015058165053143_n.jpg","contentUrl":"https:\/\/lunayatravel.com\/wp-content\/uploads\/2026\/03\/cropped-647319118_2379115739204013_337015058165053143_n.jpg","width":1022,"height":1023,"caption":"Lunaya travel"},"image":{"@id":"https:\/\/lunayatravel.com\/#\/schema\/logo\/image\/"},"sameAs":["https:\/\/www.facebook.com\/lunayaTravel\/"]}]}},"uagb_featured_image_src":{"full":["https:\/\/lunayatravel.com\/wp-content\/uploads\/2025\/07\/134.webp",720,540,false],"thumbnail":["https:\/\/lunayatravel.com\/wp-content\/uploads\/2025\/07\/134-150x150.webp",150,150,true],"medium":["https:\/\/lunayatravel.com\/wp-content\/uploads\/2025\/07\/134-300x225.webp",300,225,true],"medium_large":["https:\/\/lunayatravel.com\/wp-content\/uploads\/2025\/07\/134.webp",720,540,false],"large":["https:\/\/lunayatravel.com\/wp-content\/uploads\/2025\/07\/134.webp",720,540,false],"1536x1536":["https:\/\/lunayatravel.com\/wp-content\/uploads\/2025\/07\/134.webp",720,540,false],"2048x2048":["https:\/\/lunayatravel.com\/wp-content\/uploads\/2025\/07\/134.webp",720,540,false],"trp-custom-language-flag":["https:\/\/lunayatravel.com\/wp-content\/uploads\/2025\/07\/134.webp",16,12,false],"widget-thumbnail":["https:\/\/lunayatravel.com\/wp-content\/uploads\/2025\/07\/134-75x75.webp",75,75,true],"mailpoet_newsletter_max":["https:\/\/lunayatravel.com\/wp-content\/uploads\/2025\/07\/134.webp",720,540,false],"woocommerce_thumbnail":["https:\/\/lunayatravel.com\/wp-content\/uploads\/2025\/07\/134-300x300.webp",300,300,true],"woocommerce_single":["https:\/\/lunayatravel.com\/wp-content\/uploads\/2025\/07\/134-600x450.webp",600,450,true],"woocommerce_gallery_thumbnail":["https:\/\/lunayatravel.com\/wp-content\/uploads\/2025\/07\/134-100x100.webp",100,100,true],"sow-carousel-default":["https:\/\/lunayatravel.com\/wp-content\/uploads\/2025\/07\/134-272x182.webp",272,182,true]},"uagb_author_info":{"display_name":"haemers stephanie","author_link":"https:\/\/lunayatravel.com\/en\/author\/"},"uagb_comment_info":0,"uagb_excerpt":"Vivez une journ\u00e9e d\u2019exception \u00e0 bord d\u2019un catamaran \u00e0 moteur spacieux et confortable, direction les \u00eeles Similan, joyaux pr\u00e9serv\u00e9s de la mer d\u2019Andaman.Admirez les plages de sable blanc, plongez au c\u0153ur des r\u00e9cifs coralliens et grimpez jusqu\u2019au c\u00e9l\u00e8bre point de vue de Sailing Rock. Une exp\u00e9rience inoubliable, id\u00e9ale pour les amateurs de nature, de snorkeling&hellip;","jetpack_sharing_enabled":true,"_links":{"self":[{"href":"https:\/\/lunayatravel.com\/en\/wp-json\/wp\/v2\/product\/30318","targetHints":{"allow":["GET"]}}],"collection":[{"href":"https:\/\/lunayatravel.com\/en\/wp-json\/wp\/v2\/product"}],"about":[{"href":"https:\/\/lunayatravel.com\/en\/wp-json\/wp\/v2\/types\/product"}],"replies":[{"embeddable":true,"href":"https:\/\/lunayatravel.com\/en\/wp-json\/wp\/v2\/comments?post=30318"}],"wp:featuredmedia":[{"embeddable":true,"href":"https:\/\/lunayatravel.com\/en\/wp-json\/wp\/v2\/media\/30323"}],"wp:attachment":[{"href":"https:\/\/lunayatravel.com\/en\/wp-json\/wp\/v2\/media?parent=30318"}],"wp:term":[{"taxonomy":"product_brand","embeddable":true,"href":"https:\/\/lunayatravel.com\/en\/wp-json\/wp\/v2\/product_brand?post=30318"},{"taxonomy":"product_cat","embeddable":true,"href":"https:\/\/lunayatravel.com\/en\/wp-json\/wp\/v2\/product_cat?post=30318"},{"taxonomy":"product_tag","embeddable":true,"href":"https:\/\/lunayatravel.com\/en\/wp-json\/wp\/v2\/product_tag?post=30318"}],"curies":[{"name":"wp","href":"https:\/\/api.w.org\/{rel}","templated":true}]}}