{"id":30313,"date":"2025-07-30T08:35:05","date_gmt":"2025-07-30T06:35:05","guid":{"rendered":"https:\/\/itctoursvoyages.com\/?post_type=product&#038;p=30313"},"modified":"2025-07-30T08:35:05","modified_gmt":"2025-07-30T06:35:05","slug":"%f0%9f%8f%9d%ef%b8%8f-excursion-premium-dun-jour-aux-iles-surin","status":"publish","type":"product","link":"https:\/\/lunayatravel.com\/en\/product\/%f0%9f%8f%9d%ef%b8%8f-excursion-premium-dun-jour-aux-iles-surin\/","title":{"rendered":"\ud83c\udfdd\ufe0f Premium day trip to the Surin Islands"},"content":{"rendered":"<h3 data-start=\"963\" data-end=\"1014\">\ud83d\uddd3\ufe0f <strong data-start=\"971\" data-end=\"999\">Itinerary for the day<\/strong> (approximate)<\/h3>\n<ul data-start=\"1016\" data-end=\"1745\">\n<li data-start=\"1016\" data-end=\"1116\">\n<p data-start=\"1018\" data-end=\"1116\"><strong data-start=\"1018\" data-end=\"1027\">08:00<\/strong> Welcome at the Wow Andaman private jetty, Thai breakfast and handover of equipment<\/p>\n<\/li>\n<li data-start=\"1117\" data-end=\"1194\">\n<p data-start=\"1119\" data-end=\"1194\"><strong data-start=\"1119\" data-end=\"1128\">08:30<\/strong> Briefing before departure to Surin Islands National Park<\/p>\n<\/li>\n<li data-start=\"1195\" data-end=\"1263\">\n<p data-start=\"1197\" data-end=\"1263\"><strong data-start=\"1197\" data-end=\"1206\">10:30<\/strong> Visit to <strong data-start=\"1219\" data-end=\"1236\">Moken village<\/strong>nomadic people of the sea<\/p>\n<\/li>\n<li data-start=\"1264\" data-end=\"1330\">\n<p data-start=\"1266\" data-end=\"1330\"><strong data-start=\"1266\" data-end=\"1275\">11:20<\/strong> First session of <strong data-start=\"1298\" data-end=\"1328\">snorkelling at Pineapple Bay<\/strong><\/p>\n<\/li>\n<li data-start=\"1331\" data-end=\"1386\">\n<p data-start=\"1333\" data-end=\"1386\"><strong data-start=\"1333\" data-end=\"1342\">12:15<\/strong> Lunch at a restaurant in the national park<\/p>\n<\/li>\n<li data-start=\"1387\" data-end=\"1461\">\n<p data-start=\"1389\" data-end=\"1461\"><strong data-start=\"1389\" data-end=\"1398\">12:45<\/strong> Free time to explore the <strong data-start=\"1430\" data-end=\"1450\">tropical nature<\/strong> of the islands<\/p>\n<\/li>\n<li data-start=\"1462\" data-end=\"1542\">\n<p data-start=\"1464\" data-end=\"1542\"><strong data-start=\"1464\" data-end=\"1473\">13:30<\/strong> : Diving in <strong data-start=\"1487\" data-end=\"1510\">\u00abNemo Fish Village\u00bb<\/strong> - clownfish and anemones<\/p>\n<\/li>\n<li data-start=\"1543\" data-end=\"1607\">\n<p data-start=\"1545\" data-end=\"1607\"><strong data-start=\"1545\" data-end=\"1554\">14:20<\/strong> Last snorkelling session at <strong data-start=\"1590\" data-end=\"1605\">Mae Yai Bay<\/strong><\/p>\n<\/li>\n<li data-start=\"1608\" data-end=\"1650\">\n<p data-start=\"1610\" data-end=\"1650\"><strong data-start=\"1610\" data-end=\"1619\">15:30<\/strong> Return to terra firma<\/p>\n<\/li>\n<li data-start=\"1651\" data-end=\"1745\">\n<p data-start=\"1653\" data-end=\"1745\"><strong data-start=\"1653\" data-end=\"1662\">17:15<\/strong> Arrival at the jetty + <strong data-start=\"1686\" data-end=\"1722\">typical southern Thai dinner<\/strong> before returning to the hotel<\/p>\n<\/li>\n<\/ul>\n<hr data-start=\"1747\" data-end=\"1750\" \/>\n<h3 data-start=\"1752\" data-end=\"1783\">\u2705 <strong data-start=\"1758\" data-end=\"1783\">Included in the tour<\/strong><\/h3>\n<ul data-start=\"1785\" data-end=\"2173\">\n<li data-start=\"1785\" data-end=\"1845\">\n<p data-start=\"1787\" data-end=\"1845\">Full snorkelling equipment (mask, fins, life jacket)<\/p>\n<\/li>\n<li data-start=\"1846\" data-end=\"1868\">\n<p data-start=\"1848\" data-end=\"1868\">Beach towel<\/p>\n<\/li>\n<li data-start=\"1869\" data-end=\"1935\">\n<p data-start=\"1871\" data-end=\"1935\">Transfer to and from your hotel in the areas served<\/p>\n<\/li>\n<li data-start=\"1936\" data-end=\"1984\">\n<p data-start=\"1938\" data-end=\"1984\"><strong data-start=\"1938\" data-end=\"1982\">Breakfast, lunch and dinner included<\/strong><\/p>\n<\/li>\n<li data-start=\"1985\" data-end=\"2033\">\n<p data-start=\"1987\" data-end=\"2033\">Fruit, water and soft drinks on board<\/p>\n<\/li>\n<li data-start=\"2034\" data-end=\"2054\">\n<p data-start=\"2036\" data-end=\"2054\">English-speaking guide<\/p>\n<\/li>\n<li data-start=\"2055\" data-end=\"2068\">\n<p data-start=\"2057\" data-end=\"2068\">Insurance<\/p>\n<\/li>\n<li data-start=\"2069\" data-end=\"2173\">\n<p data-start=\"2071\" data-end=\"2173\">Access to facilities at the Wow Andaman jetty: showers, wifi, souvenir shop, luggage storage, etc.<\/p>\n<\/li>\n<\/ul>\n<hr data-start=\"2175\" data-end=\"2178\" \/>\n<h3 data-start=\"2180\" data-end=\"2213\">\ud83c\udf92 <strong data-start=\"2187\" data-end=\"2213\">What to bring<\/strong><\/h3>\n<ul data-start=\"2215\" data-end=\"2359\">\n<li data-start=\"2215\" data-end=\"2246\">\n<p data-start=\"2217\" data-end=\"2246\">Sun cream <strong data-start=\"2231\" data-end=\"2244\">reef-safe<\/strong><\/p>\n<\/li>\n<li data-start=\"2247\" data-end=\"2295\">\n<p data-start=\"2249\" data-end=\"2295\">Swimming costume, sunglasses, hat<\/p>\n<\/li>\n<li data-start=\"2296\" data-end=\"2314\">\n<p data-start=\"2298\" data-end=\"2314\">Camera<\/p>\n<\/li>\n<li data-start=\"2315\" data-end=\"2359\">\n<p data-start=\"2317\" data-end=\"2359\"><strong data-start=\"2317\" data-end=\"2359\">Passport photo on your phone<\/strong><\/p>\n<\/li>\n<\/ul>\n<hr data-start=\"2361\" data-end=\"2364\" \/>\n<h3 data-start=\"2366\" data-end=\"2389\">\u2139\ufe0f <strong data-start=\"2373\" data-end=\"2389\">Good to know<\/strong><\/h3>\n<ul data-start=\"2391\" data-end=\"2640\">\n<li data-start=\"2391\" data-end=\"2490\">\n<p data-start=\"2393\" data-end=\"2490\">Not suitable for pregnant women or people with serious medical conditions<\/p>\n<\/li>\n<li data-start=\"2491\" data-end=\"2558\">\n<p data-start=\"2493\" data-end=\"2558\">Children must wear lifejackets.<\/p>\n<\/li>\n<li data-start=\"2559\" data-end=\"2640\">\n<p data-start=\"2561\" data-end=\"2640\">In the event of bad weather, the itinerary may be modified for your safety.<\/p>\n<\/li>\n<\/ul>","protected":false},"excerpt":{"rendered":"<p>Discover an unspoilt paradise in the archipelago of the <strong data-start=\"276\" data-end=\"290\">Surin Islands<\/strong>, one of the most beautiful snorkelling spots in Thailand!<br data-start=\"352\" data-end=\"355\" \/>Explore a colourful underwater world, visit a village of sea nomads, and enjoy an unforgettable day aboard a signed top-of-the-range speedboat. <strong data-start=\"512\" data-end=\"527\">Wow Andaman<\/strong>.<\/p>\n<h3 data-start=\"535\" data-end=\"573\">\ud83c\udf1f <strong data-start=\"542\" data-end=\"573\">Highlights of the excursion<\/strong><\/h3>\n<ul data-start=\"575\" data-end=\"956\">\n<li data-start=\"575\" data-end=\"662\">\n<p data-start=\"577\" data-end=\"662\">Free diving in <strong data-start=\"596\" data-end=\"621\">crystal-clear waters<\/strong> around lush coral reefs<\/p>\n<\/li>\n<li data-start=\"663\" data-end=\"735\">\n<p data-start=\"665\" data-end=\"735\">A unique encounter with <strong data-start=\"691\" data-end=\"733\">Nemo Fish Village clown fish\u00ab<\/strong><\/p>\n<\/li>\n<li data-start=\"736\" data-end=\"804\">\n<p data-start=\"738\" data-end=\"804\">Discover the <strong data-start=\"752\" data-end=\"782\">traditional Moken village<\/strong> Sea Gypsies\u00ab<\/p>\n<\/li>\n<li data-start=\"805\" data-end=\"862\">\n<p data-start=\"807\" data-end=\"862\">Round-trip transfers +. <strong data-start=\"833\" data-end=\"860\">3 full meals included<\/strong><\/p>\n<\/li>\n<li data-start=\"863\" data-end=\"956\">\n<p data-start=\"865\" data-end=\"956\">High-quality speedboat + <strong data-start=\"903\" data-end=\"924\">5-star service<\/strong> from Wow Andaman Pier<\/p>\n<\/li>\n<\/ul>","protected":false},"featured_media":30317,"comment_status":"open","ping_status":"closed","template":"","meta":{"_uag_custom_page_level_css":""},"product_brand":[],"product_cat":[67],"product_tag":[],"class_list":{"0":"post-30313","1":"product","2":"type-product","3":"status-publish","4":"has-post-thumbnail","6":"product_cat-phuket","8":"first","9":"instock","10":"virtual","11":"taxable","12":"purchasable","13":"product-type-simple"},"yoast_head":"<!-- This site is optimized with the Yoast SEO plugin v27.1.1 - https:\/\/yoast.com\/product\/yoast-seo-wordpress\/ -->\n<title>\ud83c\udfdd\ufe0f Excursion Premium d\u2019un Jour aux \u00celes Surin -<\/title>\n<meta name=\"robots\" content=\"index, follow, max-snippet:-1, max-image-preview:large, max-video-preview:-1\" \/>\n<link rel=\"canonical\" href=\"https:\/\/lunayatravel.com\/en\/product\/\ud83c\udfdd\ufe0f-excursion-premium-dun-jour-aux-iles-surin\/\" \/>\n<meta property=\"og:locale\" content=\"en_GB\" \/>\n<meta property=\"og:type\" content=\"article\" \/>\n<meta property=\"og:title\" content=\"\ud83c\udfdd\ufe0f Excursion Premium d\u2019un Jour aux \u00celes Surin -\" \/>\n<meta property=\"og:description\" content=\"Partez \u00e0 la d\u00e9couverte d\u2019un paradis pr\u00e9serv\u00e9 dans l\u2019archipel des \u00celes Surin, l\u2019un des plus beaux spots de plong\u00e9e en apn\u00e9e de Tha\u00eflande !Explorez un monde sous-marin color\u00e9, visitez un village de nomades de la mer, et vivez une journ\u00e9e inoubliable \u00e0 bord d\u2019un bateau rapide haut de gamme sign\u00e9 Wow Andaman. \ud83c\udf1f Points forts de l\u2019excursion    Plong\u00e9e libre dans les eaux cristallines autour de r\u00e9cifs coralliens luxuriants    Rencontre unique avec les poissons-clowns de &quot;Nemo Fish Village&quot;    D\u00e9couverte du village traditionnel Moken des \u00ab Sea Gypsies \u00bb    Transferts aller-retour + 3 repas complets inclus    Bateau rapide de qualit\u00e9 sup\u00e9rieure + service 5 \u00e9toiles au d\u00e9part de Wow Andaman Pier\" \/>\n<meta property=\"og:url\" content=\"https:\/\/lunayatravel.com\/en\/product\/\ud83c\udfdd\ufe0f-excursion-premium-dun-jour-aux-iles-surin\/\" \/>\n<meta property=\"article:publisher\" content=\"https:\/\/www.facebook.com\/lunayaTravel\/\" \/>\n<meta property=\"og:image\" content=\"https:\/\/lunayatravel.com\/wp-content\/uploads\/2025\/07\/Surin1.webp\" \/>\n\t<meta property=\"og:image:width\" content=\"720\" \/>\n\t<meta property=\"og:image:height\" content=\"540\" \/>\n\t<meta property=\"og:image:type\" content=\"image\/webp\" \/>\n<meta name=\"twitter:card\" content=\"summary_large_image\" \/>\n<meta name=\"twitter:label1\" content=\"Estimated reading time\" \/>\n\t<meta name=\"twitter:data1\" content=\"1 minute\" \/>\n<script type=\"application\/ld+json\" class=\"yoast-schema-graph\">{\"@context\":\"https:\/\/schema.org\",\"@graph\":[{\"@type\":\"WebPage\",\"@id\":\"https:\/\/lunayatravel.com\/produit\/%f0%9f%8f%9d%ef%b8%8f-excursion-premium-dun-jour-aux-iles-surin\/\",\"url\":\"https:\/\/lunayatravel.com\/produit\/%f0%9f%8f%9d%ef%b8%8f-excursion-premium-dun-jour-aux-iles-surin\/\",\"name\":\"\ud83c\udfdd\ufe0f Excursion Premium d\u2019un Jour aux \u00celes Surin -\",\"isPartOf\":{\"@id\":\"https:\/\/lunayatravel.com\/#website\"},\"primaryImageOfPage\":{\"@id\":\"https:\/\/lunayatravel.com\/produit\/%f0%9f%8f%9d%ef%b8%8f-excursion-premium-dun-jour-aux-iles-surin\/#primaryimage\"},\"image\":{\"@id\":\"https:\/\/lunayatravel.com\/produit\/%f0%9f%8f%9d%ef%b8%8f-excursion-premium-dun-jour-aux-iles-surin\/#primaryimage\"},\"thumbnailUrl\":\"https:\/\/lunayatravel.com\/wp-content\/uploads\/2025\/07\/Surin1.webp\",\"datePublished\":\"2025-07-30T06:35:05+00:00\",\"breadcrumb\":{\"@id\":\"https:\/\/lunayatravel.com\/produit\/%f0%9f%8f%9d%ef%b8%8f-excursion-premium-dun-jour-aux-iles-surin\/#breadcrumb\"},\"inLanguage\":\"en-GB\",\"potentialAction\":[{\"@type\":\"ReadAction\",\"target\":[\"https:\/\/lunayatravel.com\/produit\/%f0%9f%8f%9d%ef%b8%8f-excursion-premium-dun-jour-aux-iles-surin\/\"]}]},{\"@type\":\"ImageObject\",\"inLanguage\":\"en-GB\",\"@id\":\"https:\/\/lunayatravel.com\/produit\/%f0%9f%8f%9d%ef%b8%8f-excursion-premium-dun-jour-aux-iles-surin\/#primaryimage\",\"url\":\"https:\/\/lunayatravel.com\/wp-content\/uploads\/2025\/07\/Surin1.webp\",\"contentUrl\":\"https:\/\/lunayatravel.com\/wp-content\/uploads\/2025\/07\/Surin1.webp\",\"width\":720,\"height\":540},{\"@type\":\"BreadcrumbList\",\"@id\":\"https:\/\/lunayatravel.com\/produit\/%f0%9f%8f%9d%ef%b8%8f-excursion-premium-dun-jour-aux-iles-surin\/#breadcrumb\",\"itemListElement\":[{\"@type\":\"ListItem\",\"position\":1,\"name\":\"Accueil\",\"item\":\"https:\/\/lunayatravel.com\/\"},{\"@type\":\"ListItem\",\"position\":2,\"name\":\"Nos activit\u00e9s\",\"item\":\"https:\/\/lunayatravel.com\/nos-activites\/\"},{\"@type\":\"ListItem\",\"position\":3,\"name\":\"\ud83c\udfdd\ufe0f Excursion Premium d\u2019un Jour aux \u00celes Surin\"}]},{\"@type\":\"WebSite\",\"@id\":\"https:\/\/lunayatravel.com\/#website\",\"url\":\"https:\/\/lunayatravel.com\/\",\"name\":\"\",\"description\":\"\",\"publisher\":{\"@id\":\"https:\/\/lunayatravel.com\/#organization\"},\"potentialAction\":[{\"@type\":\"SearchAction\",\"target\":{\"@type\":\"EntryPoint\",\"urlTemplate\":\"https:\/\/lunayatravel.com\/?s={search_term_string}\"},\"query-input\":{\"@type\":\"PropertyValueSpecification\",\"valueRequired\":true,\"valueName\":\"search_term_string\"}}],\"inLanguage\":\"en-GB\"},{\"@type\":\"Organization\",\"@id\":\"https:\/\/lunayatravel.com\/#organization\",\"name\":\"Lunaya travel\",\"alternateName\":\"Lunaya travel\",\"url\":\"https:\/\/lunayatravel.com\/\",\"logo\":{\"@type\":\"ImageObject\",\"inLanguage\":\"en-GB\",\"@id\":\"https:\/\/lunayatravel.com\/#\/schema\/logo\/image\/\",\"url\":\"https:\/\/lunayatravel.com\/wp-content\/uploads\/2026\/03\/cropped-647319118_2379115739204013_337015058165053143_n.jpg\",\"contentUrl\":\"https:\/\/lunayatravel.com\/wp-content\/uploads\/2026\/03\/cropped-647319118_2379115739204013_337015058165053143_n.jpg\",\"width\":1022,\"height\":1023,\"caption\":\"Lunaya travel\"},\"image\":{\"@id\":\"https:\/\/lunayatravel.com\/#\/schema\/logo\/image\/\"},\"sameAs\":[\"https:\/\/www.facebook.com\/lunayaTravel\/\"]}]}<\/script>\n<!-- \/ Yoast SEO plugin. -->","yoast_head_json":{"title":"\ud83c\udfdd\ufe0f Excursion Premium d\u2019un Jour aux \u00celes Surin -","robots":{"index":"index","follow":"follow","max-snippet":"max-snippet:-1","max-image-preview":"max-image-preview:large","max-video-preview":"max-video-preview:-1"},"canonical":"https:\/\/lunayatravel.com\/en\/product\/\ud83c\udfdd\ufe0f-excursion-premium-dun-jour-aux-iles-surin\/","og_locale":"en_GB","og_type":"article","og_title":"\ud83c\udfdd\ufe0f Excursion Premium d\u2019un Jour aux \u00celes Surin -","og_description":"Partez \u00e0 la d\u00e9couverte d\u2019un paradis pr\u00e9serv\u00e9 dans l\u2019archipel des \u00celes Surin, l\u2019un des plus beaux spots de plong\u00e9e en apn\u00e9e de Tha\u00eflande !Explorez un monde sous-marin color\u00e9, visitez un village de nomades de la mer, et vivez une journ\u00e9e inoubliable \u00e0 bord d\u2019un bateau rapide haut de gamme sign\u00e9 Wow Andaman. \ud83c\udf1f Points forts de l\u2019excursion    Plong\u00e9e libre dans les eaux cristallines autour de r\u00e9cifs coralliens luxuriants    Rencontre unique avec les poissons-clowns de \"Nemo Fish Village\"    D\u00e9couverte du village traditionnel Moken des \u00ab Sea Gypsies \u00bb    Transferts aller-retour + 3 repas complets inclus    Bateau rapide de qualit\u00e9 sup\u00e9rieure + service 5 \u00e9toiles au d\u00e9part de Wow Andaman Pier","og_url":"https:\/\/lunayatravel.com\/en\/product\/\ud83c\udfdd\ufe0f-excursion-premium-dun-jour-aux-iles-surin\/","article_publisher":"https:\/\/www.facebook.com\/lunayaTravel\/","og_image":[{"width":720,"height":540,"url":"https:\/\/lunayatravel.com\/wp-content\/uploads\/2025\/07\/Surin1.webp","type":"image\/webp"}],"twitter_card":"summary_large_image","twitter_misc":{"Estimated reading time":"1 minute"},"schema":{"@context":"https:\/\/schema.org","@graph":[{"@type":"WebPage","@id":"https:\/\/lunayatravel.com\/produit\/%f0%9f%8f%9d%ef%b8%8f-excursion-premium-dun-jour-aux-iles-surin\/","url":"https:\/\/lunayatravel.com\/produit\/%f0%9f%8f%9d%ef%b8%8f-excursion-premium-dun-jour-aux-iles-surin\/","name":"\ud83c\udfdd\ufe0f Excursion Premium d\u2019un Jour aux \u00celes Surin -","isPartOf":{"@id":"https:\/\/lunayatravel.com\/#website"},"primaryImageOfPage":{"@id":"https:\/\/lunayatravel.com\/produit\/%f0%9f%8f%9d%ef%b8%8f-excursion-premium-dun-jour-aux-iles-surin\/#primaryimage"},"image":{"@id":"https:\/\/lunayatravel.com\/produit\/%f0%9f%8f%9d%ef%b8%8f-excursion-premium-dun-jour-aux-iles-surin\/#primaryimage"},"thumbnailUrl":"https:\/\/lunayatravel.com\/wp-content\/uploads\/2025\/07\/Surin1.webp","datePublished":"2025-07-30T06:35:05+00:00","breadcrumb":{"@id":"https:\/\/lunayatravel.com\/produit\/%f0%9f%8f%9d%ef%b8%8f-excursion-premium-dun-jour-aux-iles-surin\/#breadcrumb"},"inLanguage":"en-GB","potentialAction":[{"@type":"ReadAction","target":["https:\/\/lunayatravel.com\/produit\/%f0%9f%8f%9d%ef%b8%8f-excursion-premium-dun-jour-aux-iles-surin\/"]}]},{"@type":"ImageObject","inLanguage":"en-GB","@id":"https:\/\/lunayatravel.com\/produit\/%f0%9f%8f%9d%ef%b8%8f-excursion-premium-dun-jour-aux-iles-surin\/#primaryimage","url":"https:\/\/lunayatravel.com\/wp-content\/uploads\/2025\/07\/Surin1.webp","contentUrl":"https:\/\/lunayatravel.com\/wp-content\/uploads\/2025\/07\/Surin1.webp","width":720,"height":540},{"@type":"BreadcrumbList","@id":"https:\/\/lunayatravel.com\/produit\/%f0%9f%8f%9d%ef%b8%8f-excursion-premium-dun-jour-aux-iles-surin\/#breadcrumb","itemListElement":[{"@type":"ListItem","position":1,"name":"Accueil","item":"https:\/\/lunayatravel.com\/"},{"@type":"ListItem","position":2,"name":"Nos activit\u00e9s","item":"https:\/\/lunayatravel.com\/nos-activites\/"},{"@type":"ListItem","position":3,"name":"\ud83c\udfdd\ufe0f Excursion Premium d\u2019un Jour aux \u00celes Surin"}]},{"@type":"WebSite","@id":"https:\/\/lunayatravel.com\/#website","url":"https:\/\/lunayatravel.com\/","name":"","description":"","publisher":{"@id":"https:\/\/lunayatravel.com\/#organization"},"potentialAction":[{"@type":"SearchAction","target":{"@type":"EntryPoint","urlTemplate":"https:\/\/lunayatravel.com\/?s={search_term_string}"},"query-input":{"@type":"PropertyValueSpecification","valueRequired":true,"valueName":"search_term_string"}}],"inLanguage":"en-GB"},{"@type":"Organization","@id":"https:\/\/lunayatravel.com\/#organization","name":"Lunaya travel","alternateName":"Lunaya travel","url":"https:\/\/lunayatravel.com\/","logo":{"@type":"ImageObject","inLanguage":"en-GB","@id":"https:\/\/lunayatravel.com\/#\/schema\/logo\/image\/","url":"https:\/\/lunayatravel.com\/wp-content\/uploads\/2026\/03\/cropped-647319118_2379115739204013_337015058165053143_n.jpg","contentUrl":"https:\/\/lunayatravel.com\/wp-content\/uploads\/2026\/03\/cropped-647319118_2379115739204013_337015058165053143_n.jpg","width":1022,"height":1023,"caption":"Lunaya travel"},"image":{"@id":"https:\/\/lunayatravel.com\/#\/schema\/logo\/image\/"},"sameAs":["https:\/\/www.facebook.com\/lunayaTravel\/"]}]}},"uagb_featured_image_src":{"full":["https:\/\/lunayatravel.com\/wp-content\/uploads\/2025\/07\/Surin1.webp",720,540,false],"thumbnail":["https:\/\/lunayatravel.com\/wp-content\/uploads\/2025\/07\/Surin1-150x150.webp",150,150,true],"medium":["https:\/\/lunayatravel.com\/wp-content\/uploads\/2025\/07\/Surin1-300x225.webp",300,225,true],"medium_large":["https:\/\/lunayatravel.com\/wp-content\/uploads\/2025\/07\/Surin1.webp",720,540,false],"large":["https:\/\/lunayatravel.com\/wp-content\/uploads\/2025\/07\/Surin1.webp",720,540,false],"1536x1536":["https:\/\/lunayatravel.com\/wp-content\/uploads\/2025\/07\/Surin1.webp",720,540,false],"2048x2048":["https:\/\/lunayatravel.com\/wp-content\/uploads\/2025\/07\/Surin1.webp",720,540,false],"trp-custom-language-flag":["https:\/\/lunayatravel.com\/wp-content\/uploads\/2025\/07\/Surin1.webp",16,12,false],"widget-thumbnail":["https:\/\/lunayatravel.com\/wp-content\/uploads\/2025\/07\/Surin1-75x75.webp",75,75,true],"mailpoet_newsletter_max":["https:\/\/lunayatravel.com\/wp-content\/uploads\/2025\/07\/Surin1.webp",720,540,false],"woocommerce_thumbnail":["https:\/\/lunayatravel.com\/wp-content\/uploads\/2025\/07\/Surin1-300x300.webp",300,300,true],"woocommerce_single":["https:\/\/lunayatravel.com\/wp-content\/uploads\/2025\/07\/Surin1-600x450.webp",600,450,true],"woocommerce_gallery_thumbnail":["https:\/\/lunayatravel.com\/wp-content\/uploads\/2025\/07\/Surin1-100x100.webp",100,100,true],"sow-carousel-default":["https:\/\/lunayatravel.com\/wp-content\/uploads\/2025\/07\/Surin1-272x182.webp",272,182,true]},"uagb_author_info":{"display_name":"haemers stephanie","author_link":"https:\/\/lunayatravel.com\/en\/author\/"},"uagb_comment_info":0,"uagb_excerpt":"Partez \u00e0 la d\u00e9couverte d\u2019un paradis pr\u00e9serv\u00e9 dans l\u2019archipel des \u00celes Surin, l\u2019un des plus beaux spots de plong\u00e9e en apn\u00e9e de Tha\u00eflande !Explorez un monde sous-marin color\u00e9, visitez un village de nomades de la mer, et vivez une journ\u00e9e inoubliable \u00e0 bord d\u2019un bateau rapide haut de gamme sign\u00e9 Wow Andaman. \ud83c\udf1f Points forts&hellip;","jetpack_sharing_enabled":true,"_links":{"self":[{"href":"https:\/\/lunayatravel.com\/en\/wp-json\/wp\/v2\/product\/30313","targetHints":{"allow":["GET"]}}],"collection":[{"href":"https:\/\/lunayatravel.com\/en\/wp-json\/wp\/v2\/product"}],"about":[{"href":"https:\/\/lunayatravel.com\/en\/wp-json\/wp\/v2\/types\/product"}],"replies":[{"embeddable":true,"href":"https:\/\/lunayatravel.com\/en\/wp-json\/wp\/v2\/comments?post=30313"}],"wp:featuredmedia":[{"embeddable":true,"href":"https:\/\/lunayatravel.com\/en\/wp-json\/wp\/v2\/media\/30317"}],"wp:attachment":[{"href":"https:\/\/lunayatravel.com\/en\/wp-json\/wp\/v2\/media?parent=30313"}],"wp:term":[{"taxonomy":"product_brand","embeddable":true,"href":"https:\/\/lunayatravel.com\/en\/wp-json\/wp\/v2\/product_brand?post=30313"},{"taxonomy":"product_cat","embeddable":true,"href":"https:\/\/lunayatravel.com\/en\/wp-json\/wp\/v2\/product_cat?post=30313"},{"taxonomy":"product_tag","embeddable":true,"href":"https:\/\/lunayatravel.com\/en\/wp-json\/wp\/v2\/product_tag?post=30313"}],"curies":[{"name":"wp","href":"https:\/\/api.w.org\/{rel}","templated":true}]}}