{"id":30308,"date":"2025-07-30T08:28:31","date_gmt":"2025-07-30T06:28:31","guid":{"rendered":"https:\/\/itctoursvoyages.com\/?post_type=product&#038;p=30308"},"modified":"2025-07-30T08:28:31","modified_gmt":"2025-07-30T06:28:31","slug":"%f0%9f%90%98-elephant-jungle-sanctuary-phuket-journee-complete-de-marche-avec-les-elephants","status":"publish","type":"product","link":"https:\/\/lunayatravel.com\/en\/product\/%f0%9f%90%98-elephant-jungle-sanctuary-phuket-journee-complete-de-marche-avec-les-elephants\/","title":{"rendered":"\ud83d\udc18 Elephant Jungle Sanctuary Phuket - Full day walk with the elephants"},"content":{"rendered":"<h3 data-start=\"1095\" data-end=\"1155\">\ud83d\uddd3\ufe0f <strong data-start=\"1103\" data-end=\"1130\">Programme for the day<\/strong> (approximate times)<\/h3>\n<ul data-start=\"1157\" data-end=\"1797\">\n<li data-start=\"1157\" data-end=\"1219\">\n<p data-start=\"1159\" data-end=\"1219\"><strong data-start=\"1159\" data-end=\"1176\">06:30 - 07:30<\/strong> Pick-up at your hotel in Phuket<\/p>\n<\/li>\n<li data-start=\"1220\" data-end=\"1293\">\n<p data-start=\"1222\" data-end=\"1293\"><strong data-start=\"1222\" data-end=\"1231\">08:00<\/strong> Arrival at the sanctuary, snack and presentation of the project<\/p>\n<\/li>\n<li data-start=\"1294\" data-end=\"1372\">\n<p data-start=\"1296\" data-end=\"1372\"><strong data-start=\"1296\" data-end=\"1305\">10:00<\/strong> Departure for a jungle trek to observe the elephants<\/p>\n<\/li>\n<li data-start=\"1373\" data-end=\"1429\">\n<p data-start=\"1375\" data-end=\"1429\"><strong data-start=\"1375\" data-end=\"1384\">12:00<\/strong> Thai cooking class + lunch<\/p>\n<\/li>\n<li data-start=\"1430\" data-end=\"1500\">\n<p data-start=\"1432\" data-end=\"1500\"><strong data-start=\"1432\" data-end=\"1441\">13:00<\/strong> : Preparing natural supplements for elephants<\/p>\n<\/li>\n<li data-start=\"1501\" data-end=\"1559\">\n<p data-start=\"1503\" data-end=\"1559\"><strong data-start=\"1503\" data-end=\"1512\">13:30<\/strong> Meeting and <strong data-start=\"1528\" data-end=\"1557\">feeding elephants<\/strong><\/p>\n<\/li>\n<li data-start=\"1560\" data-end=\"1622\">\n<p data-start=\"1562\" data-end=\"1622\"><strong data-start=\"1562\" data-end=\"1571\">14:00<\/strong> : <strong data-start=\"1574\" data-end=\"1601\">Mud spa and swimming<\/strong> with the elephants<\/p>\n<\/li>\n<li data-start=\"1623\" data-end=\"1679\">\n<p data-start=\"1625\" data-end=\"1679\"><strong data-start=\"1625\" data-end=\"1634\">15:40<\/strong> Thai buffet with Pad Tha\u00ef &amp; fresh fruit<\/p>\n<\/li>\n<li data-start=\"1680\" data-end=\"1756\">\n<p data-start=\"1682\" data-end=\"1756\"><strong data-start=\"1682\" data-end=\"1691\">16:00<\/strong> Elephant fibre paper-making workshop<\/p>\n<\/li>\n<li data-start=\"1757\" data-end=\"1797\">\n<p data-start=\"1759\" data-end=\"1797\"><strong data-start=\"1759\" data-end=\"1776\">16:30 - 18:00<\/strong> Return to the hotel<\/p>\n<\/li>\n<\/ul>\n<hr data-start=\"1799\" data-end=\"1802\" \/>\n<h3 data-start=\"1804\" data-end=\"1831\">\u2705 <strong data-start=\"1810\" data-end=\"1831\">What's included<\/strong><\/h3>\n<ul data-start=\"1833\" data-end=\"2237\">\n<li data-start=\"1833\" data-end=\"1898\">\n<p data-start=\"1835\" data-end=\"1898\">Return transfers from most areas of Phuket<\/p>\n<\/li>\n<li data-start=\"1899\" data-end=\"1952\">\n<p data-start=\"1901\" data-end=\"1952\">Full access to the sanctuary + jungle walk<\/p>\n<\/li>\n<li data-start=\"1953\" data-end=\"2004\">\n<p data-start=\"1955\" data-end=\"2004\"><strong data-start=\"1955\" data-end=\"1984\">Professional photographer<\/strong> + photos online<\/p>\n<\/li>\n<li data-start=\"2005\" data-end=\"2054\">\n<p data-start=\"2007\" data-end=\"2054\">Supervision by an enthusiastic English-speaking guide<\/p>\n<\/li>\n<li data-start=\"2055\" data-end=\"2131\">\n<p data-start=\"2057\" data-end=\"2131\">Snacks, fruit, <strong data-start=\"2077\" data-end=\"2101\">Thai lunch<\/strong> (vegetarian option available)<\/p>\n<\/li>\n<li data-start=\"2132\" data-end=\"2165\">\n<p data-start=\"2134\" data-end=\"2165\">Food for elephants<\/p>\n<\/li>\n<li data-start=\"2166\" data-end=\"2223\">\n<p data-start=\"2168\" data-end=\"2223\">Creative activities (cooking classes, eco workshops)<\/p>\n<\/li>\n<li data-start=\"2224\" data-end=\"2237\">\n<p data-start=\"2226\" data-end=\"2237\">Insurance<\/p>\n<\/li>\n<\/ul>\n<hr data-start=\"2239\" data-end=\"2242\" \/>\n<h3 data-start=\"2244\" data-end=\"2264\">\ud83c\udf92 <strong data-start=\"2251\" data-end=\"2264\">What to expect<\/strong><\/h3>\n<ul data-start=\"2266\" data-end=\"2439\">\n<li data-start=\"2266\" data-end=\"2309\">\n<p data-start=\"2268\" data-end=\"2309\">Swimming costume + change of clothes<\/p>\n<\/li>\n<li data-start=\"2310\" data-end=\"2323\">\n<p data-start=\"2312\" data-end=\"2323\">Towel<\/p>\n<\/li>\n<li data-start=\"2324\" data-end=\"2359\">\n<p data-start=\"2326\" data-end=\"2359\">Sun cream &amp; mosquito repellent<\/p>\n<\/li>\n<li data-start=\"2360\" data-end=\"2384\">\n<p data-start=\"2362\" data-end=\"2384\">Hat or cap<\/p>\n<\/li>\n<li data-start=\"2385\" data-end=\"2403\">\n<p data-start=\"2387\" data-end=\"2403\">Camera<\/p>\n<\/li>\n<li data-start=\"2404\" data-end=\"2439\">\n<p data-start=\"2406\" data-end=\"2439\">Comfortable closed shoes<\/p>\n<\/li>\n<\/ul>\n<hr data-start=\"2441\" data-end=\"2444\" \/>\n<h3 data-start=\"2446\" data-end=\"2471\">\ud83e\uddd2 <strong data-start=\"2453\" data-end=\"2471\">Children's rates<\/strong><\/h3>\n<ul data-start=\"2473\" data-end=\"2618\">\n<li data-start=\"2473\" data-end=\"2523\">\n<p data-start=\"2475\" data-end=\"2523\"><strong data-start=\"2475\" data-end=\"2486\">Free<\/strong> for children under 3<\/p>\n<\/li>\n<li data-start=\"2524\" data-end=\"2574\">\n<p data-start=\"2526\" data-end=\"2574\"><strong data-start=\"2526\" data-end=\"2542\">Reduced rate<\/strong> for children aged 3 to 9<\/p>\n<\/li>\n<li data-start=\"2575\" data-end=\"2618\">\n<p data-start=\"2577\" data-end=\"2618\">This excursion is in <strong data-start=\"2600\" data-end=\"2618\">shared group<\/strong><\/p>\n<\/li>\n<\/ul>\n<hr data-start=\"2620\" data-end=\"2623\" \/>\n<h3 data-start=\"2625\" data-end=\"2670\">\ud83d\udccd <strong data-start=\"2632\" data-end=\"2670\">Free pick-up zones<\/strong><\/h3>\n<ul data-start=\"2672\" data-end=\"2793\">\n<li data-start=\"2672\" data-end=\"2740\">\n<p data-start=\"2674\" data-end=\"2740\">Kata, Karon, Patong, Kamala, Nai Yang, Bang Tao, Surin, Mai Khao<\/p>\n<\/li>\n<li data-start=\"2741\" data-end=\"2793\">\n<p data-start=\"2743\" data-end=\"2793\">Other zones: see details or possible supplement<\/p>\n<\/li>\n<\/ul>\n<h3 data-start=\"2795\" data-end=\"2839\">\u2708\ufe0f <strong data-start=\"2802\" data-end=\"2837\">Phuket airport option available<\/strong><\/h3>\n<ul data-start=\"2840\" data-end=\"2903\">\n<li data-start=\"2840\" data-end=\"2903\">\n<p data-start=\"2842\" data-end=\"2903\">Return supplement: +300 THB\/pers or 500 THB (group 2-9 pax)<\/p>\n<\/li>\n<\/ul>\n<hr data-start=\"2905\" data-end=\"2908\" \/>\n<h3 data-start=\"2910\" data-end=\"2928\">\u26a0\ufe0f <strong data-start=\"2917\" data-end=\"2928\">Worth noting<\/strong><\/h3>\n<ul data-start=\"2930\" data-end=\"3200\">\n<li data-start=\"2930\" data-end=\"3055\">\n<p data-start=\"2932\" data-end=\"3055\">No participant is authorised to travel to the sanctuary by his or her own means, except in the case of designated care.<\/p>\n<\/li>\n<li data-start=\"3056\" data-end=\"3126\">\n<p data-start=\"3058\" data-end=\"3126\">Please be ready in the lobby of your hotel <strong data-start=\"3104\" data-end=\"3124\">15 minutes before<\/strong><\/p>\n<\/li>\n<li data-start=\"3127\" data-end=\"3200\">\n<p data-start=\"3129\" data-end=\"3200\">Programme maintained even in the event of rain (authentic jungle experience)<\/p>\n<\/li>\n<\/ul>","protected":false},"excerpt":{"rendered":"<p data-start=\"301\" data-end=\"547\">Experience a unique and deeply human day in the heart of the Thai jungle, in the company of gentle giants.<br data-start=\"413\" data-end=\"416\" \/>In an ethical 100 % sanctuary, learn, share, touch, feed and bathe elephants in their natural environment.<\/p>\n<hr data-start=\"549\" data-end=\"552\" \/>\n<h3 data-start=\"554\" data-end=\"597\">\ud83c\udf1f <strong data-start=\"561\" data-end=\"597\">Why choose this sanctuary?<\/strong><\/h3>\n<ul data-start=\"599\" data-end=\"1088\">\n<li data-start=\"599\" data-end=\"659\">\n<p data-start=\"601\" data-end=\"659\">Ethical sanctuary <strong data-start=\"620\" data-end=\"657\">5 stars on TripAdvisor<\/strong><\/p>\n<\/li>\n<li data-start=\"660\" data-end=\"742\">\n<p data-start=\"662\" data-end=\"742\"><strong data-start=\"662\" data-end=\"699\">No elephant rides<\/strong> - Respect and animal welfare first and foremost<\/p>\n<\/li>\n<li data-start=\"743\" data-end=\"842\">\n<p data-start=\"745\" data-end=\"842\">Extended interaction time with the elephants : <strong data-start=\"795\" data-end=\"840\">observation, treatments, mud spa, swimming<\/strong><\/p>\n<\/li>\n<li data-start=\"843\" data-end=\"948\">\n<p data-start=\"845\" data-end=\"948\">Educational and participatory activities: cooking, making paper from natural fibres, etc.<\/p>\n<\/li>\n<li data-start=\"949\" data-end=\"1012\">\n<p data-start=\"951\" data-end=\"1012\"><strong data-start=\"951\" data-end=\"980\">Home-cooked Thai meal<\/strong> (Pad Tha\u00ef + seasonal fruit)<\/p>\n<\/li>\n<li data-start=\"1013\" data-end=\"1088\">\n<p data-start=\"1015\" data-end=\"1088\">Professional photographer included: take your memories home with you!<\/p>\n<\/li>\n<\/ul>","protected":false},"featured_media":30310,"comment_status":"open","ping_status":"closed","template":"","meta":{"_uag_custom_page_level_css":""},"product_brand":[],"product_cat":[67],"product_tag":[],"class_list":{"0":"post-30308","1":"product","2":"type-product","3":"status-publish","4":"has-post-thumbnail","6":"product_cat-phuket","8":"first","9":"instock","10":"virtual","11":"taxable","12":"purchasable","13":"product-type-simple"},"yoast_head":"<!-- This site is optimized with the Yoast SEO plugin v27.1.1 - https:\/\/yoast.com\/product\/yoast-seo-wordpress\/ -->\n<title>\ud83d\udc18 Elephant Jungle Sanctuary Phuket \u2013 Journ\u00e9e compl\u00e8te de marche avec les \u00e9l\u00e9phants -<\/title>\n<meta name=\"robots\" content=\"index, follow, max-snippet:-1, max-image-preview:large, max-video-preview:-1\" \/>\n<link rel=\"canonical\" href=\"https:\/\/lunayatravel.com\/en\/product\/\ud83d\udc18-elephant-jungle-sanctuary-phuket-journee-complete-de-marche-avec-les-elephants\/\" \/>\n<meta property=\"og:locale\" content=\"en_GB\" \/>\n<meta property=\"og:type\" content=\"article\" \/>\n<meta property=\"og:title\" content=\"\ud83d\udc18 Elephant Jungle Sanctuary Phuket \u2013 Journ\u00e9e compl\u00e8te de marche avec les \u00e9l\u00e9phants -\" \/>\n<meta property=\"og:description\" content=\"Vivez une journ\u00e9e unique et profond\u00e9ment humaine au c\u0153ur de la jungle tha\u00eflandaise, en compagnie de doux g\u00e9ants.Dans un sanctuaire 100 % \u00e9thique, apprenez, partagez, touchez, nourrissez et baignez les \u00e9l\u00e9phants dans leur environnement naturel.     \ud83c\udf1f Pourquoi choisir ce sanctuaire ?    Sanctuaire \u00e9thique reconnu 5 \u00e9toiles sur TripAdvisor    Aucune promenade \u00e0 dos d\u2019\u00e9l\u00e9phant \u2013 Respect et bien-\u00eatre animal avant tout    Temps d\u2019interaction prolong\u00e9 avec les \u00e9l\u00e9phants : observation, soins, spa de boue, baignade    Activit\u00e9s \u00e9ducatives et participatives : cuisine, fabrication de papier \u00e0 partir de fibres naturelles    Repas tha\u00ef cuisin\u00e9 maison (Pad Tha\u00ef + fruits de saison)    Photographe professionnel inclus : repartez avec vos souvenirs captur\u00e9s !\" \/>\n<meta property=\"og:url\" content=\"https:\/\/lunayatravel.com\/en\/product\/\ud83d\udc18-elephant-jungle-sanctuary-phuket-journee-complete-de-marche-avec-les-elephants\/\" \/>\n<meta property=\"article:publisher\" content=\"https:\/\/www.facebook.com\/lunayaTravel\/\" \/>\n<meta property=\"og:image\" content=\"https:\/\/lunayatravel.com\/wp-content\/uploads\/2025\/07\/ElephantJungleSanctuary9.webp\" \/>\n\t<meta property=\"og:image:width\" content=\"720\" \/>\n\t<meta property=\"og:image:height\" content=\"405\" \/>\n\t<meta property=\"og:image:type\" content=\"image\/webp\" \/>\n<meta name=\"twitter:card\" content=\"summary_large_image\" \/>\n<meta name=\"twitter:label1\" content=\"Estimated reading time\" \/>\n\t<meta name=\"twitter:data1\" content=\"1 minute\" \/>\n<script type=\"application\/ld+json\" class=\"yoast-schema-graph\">{\"@context\":\"https:\/\/schema.org\",\"@graph\":[{\"@type\":\"WebPage\",\"@id\":\"https:\/\/lunayatravel.com\/produit\/%f0%9f%90%98-elephant-jungle-sanctuary-phuket-journee-complete-de-marche-avec-les-elephants\/\",\"url\":\"https:\/\/lunayatravel.com\/produit\/%f0%9f%90%98-elephant-jungle-sanctuary-phuket-journee-complete-de-marche-avec-les-elephants\/\",\"name\":\"\ud83d\udc18 Elephant Jungle Sanctuary Phuket \u2013 Journ\u00e9e compl\u00e8te de marche avec les \u00e9l\u00e9phants -\",\"isPartOf\":{\"@id\":\"https:\/\/lunayatravel.com\/#website\"},\"primaryImageOfPage\":{\"@id\":\"https:\/\/lunayatravel.com\/produit\/%f0%9f%90%98-elephant-jungle-sanctuary-phuket-journee-complete-de-marche-avec-les-elephants\/#primaryimage\"},\"image\":{\"@id\":\"https:\/\/lunayatravel.com\/produit\/%f0%9f%90%98-elephant-jungle-sanctuary-phuket-journee-complete-de-marche-avec-les-elephants\/#primaryimage\"},\"thumbnailUrl\":\"https:\/\/lunayatravel.com\/wp-content\/uploads\/2025\/07\/ElephantJungleSanctuary9.webp\",\"datePublished\":\"2025-07-30T06:28:31+00:00\",\"breadcrumb\":{\"@id\":\"https:\/\/lunayatravel.com\/produit\/%f0%9f%90%98-elephant-jungle-sanctuary-phuket-journee-complete-de-marche-avec-les-elephants\/#breadcrumb\"},\"inLanguage\":\"en-GB\",\"potentialAction\":[{\"@type\":\"ReadAction\",\"target\":[\"https:\/\/lunayatravel.com\/produit\/%f0%9f%90%98-elephant-jungle-sanctuary-phuket-journee-complete-de-marche-avec-les-elephants\/\"]}]},{\"@type\":\"ImageObject\",\"inLanguage\":\"en-GB\",\"@id\":\"https:\/\/lunayatravel.com\/produit\/%f0%9f%90%98-elephant-jungle-sanctuary-phuket-journee-complete-de-marche-avec-les-elephants\/#primaryimage\",\"url\":\"https:\/\/lunayatravel.com\/wp-content\/uploads\/2025\/07\/ElephantJungleSanctuary9.webp\",\"contentUrl\":\"https:\/\/lunayatravel.com\/wp-content\/uploads\/2025\/07\/ElephantJungleSanctuary9.webp\",\"width\":720,\"height\":405},{\"@type\":\"BreadcrumbList\",\"@id\":\"https:\/\/lunayatravel.com\/produit\/%f0%9f%90%98-elephant-jungle-sanctuary-phuket-journee-complete-de-marche-avec-les-elephants\/#breadcrumb\",\"itemListElement\":[{\"@type\":\"ListItem\",\"position\":1,\"name\":\"Accueil\",\"item\":\"https:\/\/lunayatravel.com\/\"},{\"@type\":\"ListItem\",\"position\":2,\"name\":\"Nos activit\u00e9s\",\"item\":\"https:\/\/lunayatravel.com\/nos-activites\/\"},{\"@type\":\"ListItem\",\"position\":3,\"name\":\"\ud83d\udc18 Elephant Jungle Sanctuary Phuket \u2013 Journ\u00e9e compl\u00e8te de marche avec les \u00e9l\u00e9phants\"}]},{\"@type\":\"WebSite\",\"@id\":\"https:\/\/lunayatravel.com\/#website\",\"url\":\"https:\/\/lunayatravel.com\/\",\"name\":\"\",\"description\":\"\",\"publisher\":{\"@id\":\"https:\/\/lunayatravel.com\/#organization\"},\"potentialAction\":[{\"@type\":\"SearchAction\",\"target\":{\"@type\":\"EntryPoint\",\"urlTemplate\":\"https:\/\/lunayatravel.com\/?s={search_term_string}\"},\"query-input\":{\"@type\":\"PropertyValueSpecification\",\"valueRequired\":true,\"valueName\":\"search_term_string\"}}],\"inLanguage\":\"en-GB\"},{\"@type\":\"Organization\",\"@id\":\"https:\/\/lunayatravel.com\/#organization\",\"name\":\"Lunaya travel\",\"alternateName\":\"Lunaya travel\",\"url\":\"https:\/\/lunayatravel.com\/\",\"logo\":{\"@type\":\"ImageObject\",\"inLanguage\":\"en-GB\",\"@id\":\"https:\/\/lunayatravel.com\/#\/schema\/logo\/image\/\",\"url\":\"https:\/\/lunayatravel.com\/wp-content\/uploads\/2026\/03\/cropped-647319118_2379115739204013_337015058165053143_n.jpg\",\"contentUrl\":\"https:\/\/lunayatravel.com\/wp-content\/uploads\/2026\/03\/cropped-647319118_2379115739204013_337015058165053143_n.jpg\",\"width\":1022,\"height\":1023,\"caption\":\"Lunaya travel\"},\"image\":{\"@id\":\"https:\/\/lunayatravel.com\/#\/schema\/logo\/image\/\"},\"sameAs\":[\"https:\/\/www.facebook.com\/lunayaTravel\/\"]}]}<\/script>\n<!-- \/ Yoast SEO plugin. -->","yoast_head_json":{"title":"\ud83d\udc18 Elephant Jungle Sanctuary Phuket \u2013 Journ\u00e9e compl\u00e8te de marche avec les \u00e9l\u00e9phants -","robots":{"index":"index","follow":"follow","max-snippet":"max-snippet:-1","max-image-preview":"max-image-preview:large","max-video-preview":"max-video-preview:-1"},"canonical":"https:\/\/lunayatravel.com\/en\/product\/\ud83d\udc18-elephant-jungle-sanctuary-phuket-journee-complete-de-marche-avec-les-elephants\/","og_locale":"en_GB","og_type":"article","og_title":"\ud83d\udc18 Elephant Jungle Sanctuary Phuket \u2013 Journ\u00e9e compl\u00e8te de marche avec les \u00e9l\u00e9phants -","og_description":"Vivez une journ\u00e9e unique et profond\u00e9ment humaine au c\u0153ur de la jungle tha\u00eflandaise, en compagnie de doux g\u00e9ants.Dans un sanctuaire 100 % \u00e9thique, apprenez, partagez, touchez, nourrissez et baignez les \u00e9l\u00e9phants dans leur environnement naturel.     \ud83c\udf1f Pourquoi choisir ce sanctuaire ?    Sanctuaire \u00e9thique reconnu 5 \u00e9toiles sur TripAdvisor    Aucune promenade \u00e0 dos d\u2019\u00e9l\u00e9phant \u2013 Respect et bien-\u00eatre animal avant tout    Temps d\u2019interaction prolong\u00e9 avec les \u00e9l\u00e9phants : observation, soins, spa de boue, baignade    Activit\u00e9s \u00e9ducatives et participatives : cuisine, fabrication de papier \u00e0 partir de fibres naturelles    Repas tha\u00ef cuisin\u00e9 maison (Pad Tha\u00ef + fruits de saison)    Photographe professionnel inclus : repartez avec vos souvenirs captur\u00e9s !","og_url":"https:\/\/lunayatravel.com\/en\/product\/\ud83d\udc18-elephant-jungle-sanctuary-phuket-journee-complete-de-marche-avec-les-elephants\/","article_publisher":"https:\/\/www.facebook.com\/lunayaTravel\/","og_image":[{"width":720,"height":405,"url":"https:\/\/lunayatravel.com\/wp-content\/uploads\/2025\/07\/ElephantJungleSanctuary9.webp","type":"image\/webp"}],"twitter_card":"summary_large_image","twitter_misc":{"Estimated reading time":"1 minute"},"schema":{"@context":"https:\/\/schema.org","@graph":[{"@type":"WebPage","@id":"https:\/\/lunayatravel.com\/produit\/%f0%9f%90%98-elephant-jungle-sanctuary-phuket-journee-complete-de-marche-avec-les-elephants\/","url":"https:\/\/lunayatravel.com\/produit\/%f0%9f%90%98-elephant-jungle-sanctuary-phuket-journee-complete-de-marche-avec-les-elephants\/","name":"\ud83d\udc18 Elephant Jungle Sanctuary Phuket \u2013 Journ\u00e9e compl\u00e8te de marche avec les \u00e9l\u00e9phants -","isPartOf":{"@id":"https:\/\/lunayatravel.com\/#website"},"primaryImageOfPage":{"@id":"https:\/\/lunayatravel.com\/produit\/%f0%9f%90%98-elephant-jungle-sanctuary-phuket-journee-complete-de-marche-avec-les-elephants\/#primaryimage"},"image":{"@id":"https:\/\/lunayatravel.com\/produit\/%f0%9f%90%98-elephant-jungle-sanctuary-phuket-journee-complete-de-marche-avec-les-elephants\/#primaryimage"},"thumbnailUrl":"https:\/\/lunayatravel.com\/wp-content\/uploads\/2025\/07\/ElephantJungleSanctuary9.webp","datePublished":"2025-07-30T06:28:31+00:00","breadcrumb":{"@id":"https:\/\/lunayatravel.com\/produit\/%f0%9f%90%98-elephant-jungle-sanctuary-phuket-journee-complete-de-marche-avec-les-elephants\/#breadcrumb"},"inLanguage":"en-GB","potentialAction":[{"@type":"ReadAction","target":["https:\/\/lunayatravel.com\/produit\/%f0%9f%90%98-elephant-jungle-sanctuary-phuket-journee-complete-de-marche-avec-les-elephants\/"]}]},{"@type":"ImageObject","inLanguage":"en-GB","@id":"https:\/\/lunayatravel.com\/produit\/%f0%9f%90%98-elephant-jungle-sanctuary-phuket-journee-complete-de-marche-avec-les-elephants\/#primaryimage","url":"https:\/\/lunayatravel.com\/wp-content\/uploads\/2025\/07\/ElephantJungleSanctuary9.webp","contentUrl":"https:\/\/lunayatravel.com\/wp-content\/uploads\/2025\/07\/ElephantJungleSanctuary9.webp","width":720,"height":405},{"@type":"BreadcrumbList","@id":"https:\/\/lunayatravel.com\/produit\/%f0%9f%90%98-elephant-jungle-sanctuary-phuket-journee-complete-de-marche-avec-les-elephants\/#breadcrumb","itemListElement":[{"@type":"ListItem","position":1,"name":"Accueil","item":"https:\/\/lunayatravel.com\/"},{"@type":"ListItem","position":2,"name":"Nos activit\u00e9s","item":"https:\/\/lunayatravel.com\/nos-activites\/"},{"@type":"ListItem","position":3,"name":"\ud83d\udc18 Elephant Jungle Sanctuary Phuket \u2013 Journ\u00e9e compl\u00e8te de marche avec les \u00e9l\u00e9phants"}]},{"@type":"WebSite","@id":"https:\/\/lunayatravel.com\/#website","url":"https:\/\/lunayatravel.com\/","name":"","description":"","publisher":{"@id":"https:\/\/lunayatravel.com\/#organization"},"potentialAction":[{"@type":"SearchAction","target":{"@type":"EntryPoint","urlTemplate":"https:\/\/lunayatravel.com\/?s={search_term_string}"},"query-input":{"@type":"PropertyValueSpecification","valueRequired":true,"valueName":"search_term_string"}}],"inLanguage":"en-GB"},{"@type":"Organization","@id":"https:\/\/lunayatravel.com\/#organization","name":"Lunaya travel","alternateName":"Lunaya travel","url":"https:\/\/lunayatravel.com\/","logo":{"@type":"ImageObject","inLanguage":"en-GB","@id":"https:\/\/lunayatravel.com\/#\/schema\/logo\/image\/","url":"https:\/\/lunayatravel.com\/wp-content\/uploads\/2026\/03\/cropped-647319118_2379115739204013_337015058165053143_n.jpg","contentUrl":"https:\/\/lunayatravel.com\/wp-content\/uploads\/2026\/03\/cropped-647319118_2379115739204013_337015058165053143_n.jpg","width":1022,"height":1023,"caption":"Lunaya travel"},"image":{"@id":"https:\/\/lunayatravel.com\/#\/schema\/logo\/image\/"},"sameAs":["https:\/\/www.facebook.com\/lunayaTravel\/"]}]}},"uagb_featured_image_src":{"full":["https:\/\/lunayatravel.com\/wp-content\/uploads\/2025\/07\/ElephantJungleSanctuary9.webp",720,405,false],"thumbnail":["https:\/\/lunayatravel.com\/wp-content\/uploads\/2025\/07\/ElephantJungleSanctuary9-150x150.webp",150,150,true],"medium":["https:\/\/lunayatravel.com\/wp-content\/uploads\/2025\/07\/ElephantJungleSanctuary9-300x169.webp",300,169,true],"medium_large":["https:\/\/lunayatravel.com\/wp-content\/uploads\/2025\/07\/ElephantJungleSanctuary9.webp",720,405,false],"large":["https:\/\/lunayatravel.com\/wp-content\/uploads\/2025\/07\/ElephantJungleSanctuary9.webp",720,405,false],"1536x1536":["https:\/\/lunayatravel.com\/wp-content\/uploads\/2025\/07\/ElephantJungleSanctuary9.webp",720,405,false],"2048x2048":["https:\/\/lunayatravel.com\/wp-content\/uploads\/2025\/07\/ElephantJungleSanctuary9.webp",720,405,false],"trp-custom-language-flag":["https:\/\/lunayatravel.com\/wp-content\/uploads\/2025\/07\/ElephantJungleSanctuary9.webp",18,10,false],"widget-thumbnail":["https:\/\/lunayatravel.com\/wp-content\/uploads\/2025\/07\/ElephantJungleSanctuary9-75x75.webp",75,75,true],"mailpoet_newsletter_max":["https:\/\/lunayatravel.com\/wp-content\/uploads\/2025\/07\/ElephantJungleSanctuary9.webp",720,405,false],"woocommerce_thumbnail":["https:\/\/lunayatravel.com\/wp-content\/uploads\/2025\/07\/ElephantJungleSanctuary9-300x300.webp",300,300,true],"woocommerce_single":["https:\/\/lunayatravel.com\/wp-content\/uploads\/2025\/07\/ElephantJungleSanctuary9-600x338.webp",600,338,true],"woocommerce_gallery_thumbnail":["https:\/\/lunayatravel.com\/wp-content\/uploads\/2025\/07\/ElephantJungleSanctuary9-100x100.webp",100,100,true],"sow-carousel-default":["https:\/\/lunayatravel.com\/wp-content\/uploads\/2025\/07\/ElephantJungleSanctuary9-272x182.webp",272,182,true]},"uagb_author_info":{"display_name":"haemers stephanie","author_link":"https:\/\/lunayatravel.com\/en\/author\/"},"uagb_comment_info":0,"uagb_excerpt":"Vivez une journ\u00e9e unique et profond\u00e9ment humaine au c\u0153ur de la jungle tha\u00eflandaise, en compagnie de doux g\u00e9ants.Dans un sanctuaire 100 % \u00e9thique, apprenez, partagez, touchez, nourrissez et baignez les \u00e9l\u00e9phants dans leur environnement naturel. \ud83c\udf1f Pourquoi choisir ce sanctuaire ? Sanctuaire \u00e9thique reconnu 5 \u00e9toiles sur TripAdvisor Aucune promenade \u00e0 dos d\u2019\u00e9l\u00e9phant \u2013 Respect&hellip;","jetpack_sharing_enabled":true,"_links":{"self":[{"href":"https:\/\/lunayatravel.com\/en\/wp-json\/wp\/v2\/product\/30308","targetHints":{"allow":["GET"]}}],"collection":[{"href":"https:\/\/lunayatravel.com\/en\/wp-json\/wp\/v2\/product"}],"about":[{"href":"https:\/\/lunayatravel.com\/en\/wp-json\/wp\/v2\/types\/product"}],"replies":[{"embeddable":true,"href":"https:\/\/lunayatravel.com\/en\/wp-json\/wp\/v2\/comments?post=30308"}],"wp:featuredmedia":[{"embeddable":true,"href":"https:\/\/lunayatravel.com\/en\/wp-json\/wp\/v2\/media\/30310"}],"wp:attachment":[{"href":"https:\/\/lunayatravel.com\/en\/wp-json\/wp\/v2\/media?parent=30308"}],"wp:term":[{"taxonomy":"product_brand","embeddable":true,"href":"https:\/\/lunayatravel.com\/en\/wp-json\/wp\/v2\/product_brand?post=30308"},{"taxonomy":"product_cat","embeddable":true,"href":"https:\/\/lunayatravel.com\/en\/wp-json\/wp\/v2\/product_cat?post=30308"},{"taxonomy":"product_tag","embeddable":true,"href":"https:\/\/lunayatravel.com\/en\/wp-json\/wp\/v2\/product_tag?post=30308"}],"curies":[{"name":"wp","href":"https:\/\/api.w.org\/{rel}","templated":true}]}}