{"id":30297,"date":"2025-07-30T08:16:06","date_gmt":"2025-07-30T06:16:06","guid":{"rendered":"https:\/\/itctoursvoyages.com\/?post_type=product&#038;p=30297"},"modified":"2025-07-30T08:16:06","modified_gmt":"2025-07-30T06:16:06","slug":"%f0%9f%90%a0-visite-des-iles-similan-avec-fantastic-similan-phuket","status":"publish","type":"product","link":"https:\/\/lunayatravel.com\/en\/product\/%f0%9f%90%a0-visite-des-iles-similan-avec-fantastic-similan-phuket\/","title":{"rendered":"\ud83d\udc20 Similan Islands tour - with Fantastic Similan (Phuket)"},"content":{"rendered":"<h3 data-start=\"449\" data-end=\"486\">\ud83c\udf34 <strong data-start=\"456\" data-end=\"486\">Business highlights<\/strong><\/h3>\n<ul data-start=\"488\" data-end=\"917\">\n<li data-start=\"488\" data-end=\"549\">\n<p data-start=\"490\" data-end=\"549\">Explore 4 of the most beautiful islands in the Similan archipelago<\/p>\n<\/li>\n<li data-start=\"550\" data-end=\"643\">\n<p data-start=\"552\" data-end=\"643\">Relax on the heavenly beach of <strong data-start=\"595\" data-end=\"604\">Koh 8<\/strong> and climb up to the <strong data-start=\"625\" data-end=\"641\">Sailing Rock<\/strong><\/p>\n<\/li>\n<li data-start=\"644\" data-end=\"722\">\n<p data-start=\"646\" data-end=\"722\">Visit <strong data-start=\"653\" data-end=\"681\">2 snorkelling sessions<\/strong> on famous spots: Koh 9 and Koh 7<\/p>\n<\/li>\n<li data-start=\"723\" data-end=\"778\">\n<p data-start=\"725\" data-end=\"778\">Enjoy a delicious <strong data-start=\"747\" data-end=\"776\">buffet lunch on Koh 4<\/strong><\/p>\n<\/li>\n<li data-start=\"779\" data-end=\"850\">\n<p data-start=\"781\" data-end=\"850\">Transfers, meals and equipment included for a stress-free day<\/p>\n<\/li>\n<li data-start=\"851\" data-end=\"917\">\n<p data-start=\"853\" data-end=\"917\">Take a souvenir photo <strong data-start=\"882\" data-end=\"903\">mermaid costume<\/strong> (optional)<\/p>\n<\/li>\n<\/ul>\n<hr data-start=\"919\" data-end=\"922\" \/>\n<h3 data-start=\"924\" data-end=\"982\">\ud83d\uddd3\ufe0f <strong data-start=\"932\" data-end=\"982\">Typical itinerary (subject to change)<\/strong><\/h3>\n<ul data-start=\"984\" data-end=\"1588\">\n<li data-start=\"984\" data-end=\"1054\">\n<p data-start=\"986\" data-end=\"1054\">\ud83d\ude8c <strong data-start=\"989\" data-end=\"1006\">06:00 - 07:00<\/strong> Pick-up at your hotel (Phuket area)<\/p>\n<\/li>\n<li data-start=\"1055\" data-end=\"1138\">\n<p data-start=\"1057\" data-end=\"1138\">\ud83d\udea4 <strong data-start=\"1060\" data-end=\"1069\">09:00<\/strong> Departure by speedboat from the Fantastic Similan private pier.<\/p>\n<\/li>\n<li data-start=\"1139\" data-end=\"1235\">\n<p data-start=\"1141\" data-end=\"1235\">\ud83c\udfdd\ufe0f <strong data-start=\"1145\" data-end=\"1154\">10:20<\/strong> Arrival at Koh 8 (Similan Island) - relaxation, swimming, Sailing Rock viewpoint<\/p>\n<\/li>\n<li data-start=\"1236\" data-end=\"1317\">\n<p data-start=\"1238\" data-end=\"1317\">\ud83e\udd3f <strong data-start=\"1241\" data-end=\"1250\">11:20<\/strong> : Snorkelling at Koh 9 (Ba Ngu island) - coral reefs and tropical fish<\/p>\n<\/li>\n<li data-start=\"1318\" data-end=\"1386\">\n<p data-start=\"1320\" data-end=\"1386\">\ud83e\udd3f <strong data-start=\"1323\" data-end=\"1332\">12:30<\/strong> Second snorkelling session on Koh 7 (Payu island)<\/p>\n<\/li>\n<li data-start=\"1387\" data-end=\"1471\">\n<p data-start=\"1389\" data-end=\"1471\">\ud83c\udf7d\ufe0f <strong data-start=\"1393\" data-end=\"1402\">13:20<\/strong> Arrival at Koh 4 (Miang Island) - buffet lunch + beach + swimming<\/p>\n<\/li>\n<li data-start=\"1472\" data-end=\"1516\">\n<p data-start=\"1474\" data-end=\"1516\">\ud83d\udea4 <strong data-start=\"1477\" data-end=\"1486\">15:00<\/strong> Return to the pier<\/p>\n<\/li>\n<li data-start=\"1517\" data-end=\"1588\">\n<p data-start=\"1519\" data-end=\"1588\">\ud83e\uddc3 <strong data-start=\"1522\" data-end=\"1531\">16:30<\/strong> Dinner: snack, fruit, drinks, then return to your hotel<\/p>\n<\/li>\n<\/ul>\n<hr data-start=\"1590\" data-end=\"1593\" \/>\n<h3 data-start=\"1595\" data-end=\"1621\">\u2705 <strong data-start=\"1601\" data-end=\"1621\">The price includes<\/strong><\/h3>\n<ul data-start=\"1623\" data-end=\"1974\">\n<li data-start=\"1623\" data-end=\"1682\">\n<p data-start=\"1625\" data-end=\"1682\">Return transfer from your hotel (Phuket area)<\/p>\n<\/li>\n<li data-start=\"1683\" data-end=\"1731\">\n<p data-start=\"1685\" data-end=\"1731\">Speedboat to the Similan Islands and back<\/p>\n<\/li>\n<li data-start=\"1732\" data-end=\"1778\">\n<p data-start=\"1734\" data-end=\"1778\">Breakfast, buffet lunch, snack<\/p>\n<\/li>\n<li data-start=\"1779\" data-end=\"1831\">\n<p data-start=\"1781\" data-end=\"1831\">Fresh fruit, water and soft drinks as much as you like<\/p>\n<\/li>\n<li data-start=\"1832\" data-end=\"1880\">\n<p data-start=\"1834\" data-end=\"1880\">2 snorkelling sessions (equipment provided)<\/p>\n<\/li>\n<li data-start=\"1881\" data-end=\"1920\">\n<p data-start=\"1883\" data-end=\"1920\">Beach towel + beach mat<\/p>\n<\/li>\n<li data-start=\"1921\" data-end=\"1953\">\n<p data-start=\"1923\" data-end=\"1953\">Experienced English-speaking guide<\/p>\n<\/li>\n<li data-start=\"1954\" data-end=\"1974\">\n<p data-start=\"1956\" data-end=\"1974\">Travel insurance<\/p>\n<\/li>\n<\/ul>\n<hr data-start=\"1976\" data-end=\"1979\" \/>\n<h3 data-start=\"1981\" data-end=\"2001\">\ud83c\udf92 <strong data-start=\"1988\" data-end=\"2001\">What to expect<\/strong><\/h3>\n<ul data-start=\"2003\" data-end=\"2163\">\n<li data-start=\"2003\" data-end=\"2034\">\n<p data-start=\"2005\" data-end=\"2034\">Sun cream <strong data-start=\"2019\" data-end=\"2032\">reef-safe<\/strong><\/p>\n<\/li>\n<li data-start=\"2035\" data-end=\"2066\">\n<p data-start=\"2037\" data-end=\"2066\">Sunglasses, hat<\/p>\n<\/li>\n<li data-start=\"2067\" data-end=\"2109\">\n<p data-start=\"2069\" data-end=\"2109\">Swimming costume, change of clothes<\/p>\n<\/li>\n<li data-start=\"2110\" data-end=\"2163\">\n<p data-start=\"2112\" data-end=\"2163\">Photo of your <strong data-start=\"2127\" data-end=\"2140\">passport<\/strong> (in your phone)<\/p>\n<\/li>\n<\/ul>\n<hr data-start=\"2165\" data-end=\"2168\" \/>\n<h3 data-start=\"2170\" data-end=\"2205\">\u26a0\ufe0f <strong data-start=\"2177\" data-end=\"2205\">Important information<\/strong><\/h3>\n<ul data-start=\"2207\" data-end=\"2534\">\n<li data-start=\"2207\" data-end=\"2274\">\n<p data-start=\"2209\" data-end=\"2274\">\ud83d\udeab <strong data-start=\"2212\" data-end=\"2232\">Pregnant women<\/strong> unauthorised (at any stage)<\/p>\n<\/li>\n<li data-start=\"2275\" data-end=\"2324\">\n<p data-start=\"2277\" data-end=\"2324\">\ud83d\udeab <strong data-start=\"2280\" data-end=\"2308\">Children under 1 year old<\/strong> unauthorised<\/p>\n<\/li>\n<li data-start=\"2325\" data-end=\"2453\">\n<p data-start=\"2327\" data-end=\"2453\">\ud83d\udeab People suffering from heart problems, post-operation, high blood pressure or any serious medical condition not allowed.<\/p>\n<\/li>\n<li data-start=\"2454\" data-end=\"2534\">\n<p data-start=\"2456\" data-end=\"2534\">\u26a0\ufe0f <strong data-start=\"2459\" data-end=\"2490\">People over 70<\/strong> : please contact us before booking<\/p>\n<\/li>\n<\/ul>","protected":false},"excerpt":{"rendered":"<p data-start=\"174\" data-end=\"442\">Explore one of Thailand's most spectacular natural treasures: the <strong data-start=\"252\" data-end=\"268\">Similan Islands<\/strong>.<br data-start=\"269\" data-end=\"272\" \/>Turquoise waters, pristine white sandy beaches, colourful seabeds and breathtaking panoramas await you on this comprehensive excursion from Phuket.<\/p>","protected":false},"featured_media":30301,"comment_status":"open","ping_status":"closed","template":"","meta":{"_uag_custom_page_level_css":""},"product_brand":[],"product_cat":[67],"product_tag":[],"class_list":{"0":"post-30297","1":"product","2":"type-product","3":"status-publish","4":"has-post-thumbnail","6":"product_cat-phuket","8":"first","9":"instock","10":"virtual","11":"taxable","12":"purchasable","13":"product-type-simple"},"yoast_head":"<!-- This site is optimized with the Yoast SEO plugin v27.1.1 - https:\/\/yoast.com\/product\/yoast-seo-wordpress\/ -->\n<title>\ud83d\udc20 Visite des \u00eeles Similan \u2013 avec Fantastic Similan (Phuket) -<\/title>\n<meta name=\"robots\" content=\"index, follow, max-snippet:-1, max-image-preview:large, max-video-preview:-1\" \/>\n<link rel=\"canonical\" href=\"https:\/\/lunayatravel.com\/en\/product\/\ud83d\udc20-visite-des-iles-similan-avec-fantastic-similan-phuket\/\" \/>\n<meta property=\"og:locale\" content=\"en_GB\" \/>\n<meta property=\"og:type\" content=\"article\" \/>\n<meta property=\"og:title\" content=\"\ud83d\udc20 Visite des \u00eeles Similan \u2013 avec Fantastic Similan (Phuket) -\" \/>\n<meta property=\"og:description\" content=\"Explorez l\u2019un des tr\u00e9sors naturels les plus spectaculaires de Tha\u00eflande : les \u00eeles Similan.Eaux turquoise, plages de sable blanc immacul\u00e9, fonds marins color\u00e9s et panoramas \u00e0 couper le souffle vous attendent lors de cette excursion compl\u00e8te au d\u00e9part de Phuket.\" \/>\n<meta property=\"og:url\" content=\"https:\/\/lunayatravel.com\/en\/product\/\ud83d\udc20-visite-des-iles-similan-avec-fantastic-similan-phuket\/\" \/>\n<meta property=\"article:publisher\" content=\"https:\/\/www.facebook.com\/lunayaTravel\/\" \/>\n<meta property=\"og:image\" content=\"https:\/\/lunayatravel.com\/wp-content\/uploads\/2025\/07\/04-3.webp\" \/>\n\t<meta property=\"og:image:width\" content=\"720\" \/>\n\t<meta property=\"og:image:height\" content=\"540\" \/>\n\t<meta property=\"og:image:type\" content=\"image\/webp\" \/>\n<meta name=\"twitter:card\" content=\"summary_large_image\" \/>\n<meta name=\"twitter:label1\" content=\"Estimated reading time\" \/>\n\t<meta name=\"twitter:data1\" content=\"1 minute\" \/>\n<script type=\"application\/ld+json\" class=\"yoast-schema-graph\">{\"@context\":\"https:\/\/schema.org\",\"@graph\":[{\"@type\":\"WebPage\",\"@id\":\"https:\/\/lunayatravel.com\/produit\/%f0%9f%90%a0-visite-des-iles-similan-avec-fantastic-similan-phuket\/\",\"url\":\"https:\/\/lunayatravel.com\/produit\/%f0%9f%90%a0-visite-des-iles-similan-avec-fantastic-similan-phuket\/\",\"name\":\"\ud83d\udc20 Visite des \u00eeles Similan \u2013 avec Fantastic Similan (Phuket) -\",\"isPartOf\":{\"@id\":\"https:\/\/lunayatravel.com\/#website\"},\"primaryImageOfPage\":{\"@id\":\"https:\/\/lunayatravel.com\/produit\/%f0%9f%90%a0-visite-des-iles-similan-avec-fantastic-similan-phuket\/#primaryimage\"},\"image\":{\"@id\":\"https:\/\/lunayatravel.com\/produit\/%f0%9f%90%a0-visite-des-iles-similan-avec-fantastic-similan-phuket\/#primaryimage\"},\"thumbnailUrl\":\"https:\/\/lunayatravel.com\/wp-content\/uploads\/2025\/07\/04-3.webp\",\"datePublished\":\"2025-07-30T06:16:06+00:00\",\"breadcrumb\":{\"@id\":\"https:\/\/lunayatravel.com\/produit\/%f0%9f%90%a0-visite-des-iles-similan-avec-fantastic-similan-phuket\/#breadcrumb\"},\"inLanguage\":\"en-GB\",\"potentialAction\":[{\"@type\":\"ReadAction\",\"target\":[\"https:\/\/lunayatravel.com\/produit\/%f0%9f%90%a0-visite-des-iles-similan-avec-fantastic-similan-phuket\/\"]}]},{\"@type\":\"ImageObject\",\"inLanguage\":\"en-GB\",\"@id\":\"https:\/\/lunayatravel.com\/produit\/%f0%9f%90%a0-visite-des-iles-similan-avec-fantastic-similan-phuket\/#primaryimage\",\"url\":\"https:\/\/lunayatravel.com\/wp-content\/uploads\/2025\/07\/04-3.webp\",\"contentUrl\":\"https:\/\/lunayatravel.com\/wp-content\/uploads\/2025\/07\/04-3.webp\",\"width\":720,\"height\":540},{\"@type\":\"BreadcrumbList\",\"@id\":\"https:\/\/lunayatravel.com\/produit\/%f0%9f%90%a0-visite-des-iles-similan-avec-fantastic-similan-phuket\/#breadcrumb\",\"itemListElement\":[{\"@type\":\"ListItem\",\"position\":1,\"name\":\"Accueil\",\"item\":\"https:\/\/lunayatravel.com\/\"},{\"@type\":\"ListItem\",\"position\":2,\"name\":\"Nos activit\u00e9s\",\"item\":\"https:\/\/lunayatravel.com\/nos-activites\/\"},{\"@type\":\"ListItem\",\"position\":3,\"name\":\"\ud83d\udc20 Visite des \u00eeles Similan \u2013 avec Fantastic Similan (Phuket)\"}]},{\"@type\":\"WebSite\",\"@id\":\"https:\/\/lunayatravel.com\/#website\",\"url\":\"https:\/\/lunayatravel.com\/\",\"name\":\"\",\"description\":\"\",\"publisher\":{\"@id\":\"https:\/\/lunayatravel.com\/#organization\"},\"potentialAction\":[{\"@type\":\"SearchAction\",\"target\":{\"@type\":\"EntryPoint\",\"urlTemplate\":\"https:\/\/lunayatravel.com\/?s={search_term_string}\"},\"query-input\":{\"@type\":\"PropertyValueSpecification\",\"valueRequired\":true,\"valueName\":\"search_term_string\"}}],\"inLanguage\":\"en-GB\"},{\"@type\":\"Organization\",\"@id\":\"https:\/\/lunayatravel.com\/#organization\",\"name\":\"Lunaya travel\",\"alternateName\":\"Lunaya travel\",\"url\":\"https:\/\/lunayatravel.com\/\",\"logo\":{\"@type\":\"ImageObject\",\"inLanguage\":\"en-GB\",\"@id\":\"https:\/\/lunayatravel.com\/#\/schema\/logo\/image\/\",\"url\":\"https:\/\/lunayatravel.com\/wp-content\/uploads\/2026\/03\/cropped-647319118_2379115739204013_337015058165053143_n.jpg\",\"contentUrl\":\"https:\/\/lunayatravel.com\/wp-content\/uploads\/2026\/03\/cropped-647319118_2379115739204013_337015058165053143_n.jpg\",\"width\":1022,\"height\":1023,\"caption\":\"Lunaya travel\"},\"image\":{\"@id\":\"https:\/\/lunayatravel.com\/#\/schema\/logo\/image\/\"},\"sameAs\":[\"https:\/\/www.facebook.com\/lunayaTravel\/\"]}]}<\/script>\n<!-- \/ Yoast SEO plugin. -->","yoast_head_json":{"title":"\ud83d\udc20 Visite des \u00eeles Similan \u2013 avec Fantastic Similan (Phuket) -","robots":{"index":"index","follow":"follow","max-snippet":"max-snippet:-1","max-image-preview":"max-image-preview:large","max-video-preview":"max-video-preview:-1"},"canonical":"https:\/\/lunayatravel.com\/en\/product\/\ud83d\udc20-visite-des-iles-similan-avec-fantastic-similan-phuket\/","og_locale":"en_GB","og_type":"article","og_title":"\ud83d\udc20 Visite des \u00eeles Similan \u2013 avec Fantastic Similan (Phuket) -","og_description":"Explorez l\u2019un des tr\u00e9sors naturels les plus spectaculaires de Tha\u00eflande : les \u00eeles Similan.Eaux turquoise, plages de sable blanc immacul\u00e9, fonds marins color\u00e9s et panoramas \u00e0 couper le souffle vous attendent lors de cette excursion compl\u00e8te au d\u00e9part de Phuket.","og_url":"https:\/\/lunayatravel.com\/en\/product\/\ud83d\udc20-visite-des-iles-similan-avec-fantastic-similan-phuket\/","article_publisher":"https:\/\/www.facebook.com\/lunayaTravel\/","og_image":[{"width":720,"height":540,"url":"https:\/\/lunayatravel.com\/wp-content\/uploads\/2025\/07\/04-3.webp","type":"image\/webp"}],"twitter_card":"summary_large_image","twitter_misc":{"Estimated reading time":"1 minute"},"schema":{"@context":"https:\/\/schema.org","@graph":[{"@type":"WebPage","@id":"https:\/\/lunayatravel.com\/produit\/%f0%9f%90%a0-visite-des-iles-similan-avec-fantastic-similan-phuket\/","url":"https:\/\/lunayatravel.com\/produit\/%f0%9f%90%a0-visite-des-iles-similan-avec-fantastic-similan-phuket\/","name":"\ud83d\udc20 Visite des \u00eeles Similan \u2013 avec Fantastic Similan (Phuket) -","isPartOf":{"@id":"https:\/\/lunayatravel.com\/#website"},"primaryImageOfPage":{"@id":"https:\/\/lunayatravel.com\/produit\/%f0%9f%90%a0-visite-des-iles-similan-avec-fantastic-similan-phuket\/#primaryimage"},"image":{"@id":"https:\/\/lunayatravel.com\/produit\/%f0%9f%90%a0-visite-des-iles-similan-avec-fantastic-similan-phuket\/#primaryimage"},"thumbnailUrl":"https:\/\/lunayatravel.com\/wp-content\/uploads\/2025\/07\/04-3.webp","datePublished":"2025-07-30T06:16:06+00:00","breadcrumb":{"@id":"https:\/\/lunayatravel.com\/produit\/%f0%9f%90%a0-visite-des-iles-similan-avec-fantastic-similan-phuket\/#breadcrumb"},"inLanguage":"en-GB","potentialAction":[{"@type":"ReadAction","target":["https:\/\/lunayatravel.com\/produit\/%f0%9f%90%a0-visite-des-iles-similan-avec-fantastic-similan-phuket\/"]}]},{"@type":"ImageObject","inLanguage":"en-GB","@id":"https:\/\/lunayatravel.com\/produit\/%f0%9f%90%a0-visite-des-iles-similan-avec-fantastic-similan-phuket\/#primaryimage","url":"https:\/\/lunayatravel.com\/wp-content\/uploads\/2025\/07\/04-3.webp","contentUrl":"https:\/\/lunayatravel.com\/wp-content\/uploads\/2025\/07\/04-3.webp","width":720,"height":540},{"@type":"BreadcrumbList","@id":"https:\/\/lunayatravel.com\/produit\/%f0%9f%90%a0-visite-des-iles-similan-avec-fantastic-similan-phuket\/#breadcrumb","itemListElement":[{"@type":"ListItem","position":1,"name":"Accueil","item":"https:\/\/lunayatravel.com\/"},{"@type":"ListItem","position":2,"name":"Nos activit\u00e9s","item":"https:\/\/lunayatravel.com\/nos-activites\/"},{"@type":"ListItem","position":3,"name":"\ud83d\udc20 Visite des \u00eeles Similan \u2013 avec Fantastic Similan (Phuket)"}]},{"@type":"WebSite","@id":"https:\/\/lunayatravel.com\/#website","url":"https:\/\/lunayatravel.com\/","name":"","description":"","publisher":{"@id":"https:\/\/lunayatravel.com\/#organization"},"potentialAction":[{"@type":"SearchAction","target":{"@type":"EntryPoint","urlTemplate":"https:\/\/lunayatravel.com\/?s={search_term_string}"},"query-input":{"@type":"PropertyValueSpecification","valueRequired":true,"valueName":"search_term_string"}}],"inLanguage":"en-GB"},{"@type":"Organization","@id":"https:\/\/lunayatravel.com\/#organization","name":"Lunaya travel","alternateName":"Lunaya travel","url":"https:\/\/lunayatravel.com\/","logo":{"@type":"ImageObject","inLanguage":"en-GB","@id":"https:\/\/lunayatravel.com\/#\/schema\/logo\/image\/","url":"https:\/\/lunayatravel.com\/wp-content\/uploads\/2026\/03\/cropped-647319118_2379115739204013_337015058165053143_n.jpg","contentUrl":"https:\/\/lunayatravel.com\/wp-content\/uploads\/2026\/03\/cropped-647319118_2379115739204013_337015058165053143_n.jpg","width":1022,"height":1023,"caption":"Lunaya travel"},"image":{"@id":"https:\/\/lunayatravel.com\/#\/schema\/logo\/image\/"},"sameAs":["https:\/\/www.facebook.com\/lunayaTravel\/"]}]}},"uagb_featured_image_src":{"full":["https:\/\/lunayatravel.com\/wp-content\/uploads\/2025\/07\/04-3.webp",720,540,false],"thumbnail":["https:\/\/lunayatravel.com\/wp-content\/uploads\/2025\/07\/04-3-150x150.webp",150,150,true],"medium":["https:\/\/lunayatravel.com\/wp-content\/uploads\/2025\/07\/04-3-300x225.webp",300,225,true],"medium_large":["https:\/\/lunayatravel.com\/wp-content\/uploads\/2025\/07\/04-3.webp",720,540,false],"large":["https:\/\/lunayatravel.com\/wp-content\/uploads\/2025\/07\/04-3.webp",720,540,false],"1536x1536":["https:\/\/lunayatravel.com\/wp-content\/uploads\/2025\/07\/04-3.webp",720,540,false],"2048x2048":["https:\/\/lunayatravel.com\/wp-content\/uploads\/2025\/07\/04-3.webp",720,540,false],"trp-custom-language-flag":["https:\/\/lunayatravel.com\/wp-content\/uploads\/2025\/07\/04-3.webp",16,12,false],"widget-thumbnail":["https:\/\/lunayatravel.com\/wp-content\/uploads\/2025\/07\/04-3-75x75.webp",75,75,true],"mailpoet_newsletter_max":["https:\/\/lunayatravel.com\/wp-content\/uploads\/2025\/07\/04-3.webp",720,540,false],"woocommerce_thumbnail":["https:\/\/lunayatravel.com\/wp-content\/uploads\/2025\/07\/04-3-300x300.webp",300,300,true],"woocommerce_single":["https:\/\/lunayatravel.com\/wp-content\/uploads\/2025\/07\/04-3-600x450.webp",600,450,true],"woocommerce_gallery_thumbnail":["https:\/\/lunayatravel.com\/wp-content\/uploads\/2025\/07\/04-3-100x100.webp",100,100,true],"sow-carousel-default":["https:\/\/lunayatravel.com\/wp-content\/uploads\/2025\/07\/04-3-272x182.webp",272,182,true]},"uagb_author_info":{"display_name":"haemers stephanie","author_link":"https:\/\/lunayatravel.com\/en\/author\/"},"uagb_comment_info":0,"uagb_excerpt":"Explorez l\u2019un des tr\u00e9sors naturels les plus spectaculaires de Tha\u00eflande : les \u00eeles Similan.Eaux turquoise, plages de sable blanc immacul\u00e9, fonds marins color\u00e9s et panoramas \u00e0 couper le souffle vous attendent lors de cette excursion compl\u00e8te au d\u00e9part de Phuket.","jetpack_sharing_enabled":true,"_links":{"self":[{"href":"https:\/\/lunayatravel.com\/en\/wp-json\/wp\/v2\/product\/30297","targetHints":{"allow":["GET"]}}],"collection":[{"href":"https:\/\/lunayatravel.com\/en\/wp-json\/wp\/v2\/product"}],"about":[{"href":"https:\/\/lunayatravel.com\/en\/wp-json\/wp\/v2\/types\/product"}],"replies":[{"embeddable":true,"href":"https:\/\/lunayatravel.com\/en\/wp-json\/wp\/v2\/comments?post=30297"}],"wp:featuredmedia":[{"embeddable":true,"href":"https:\/\/lunayatravel.com\/en\/wp-json\/wp\/v2\/media\/30301"}],"wp:attachment":[{"href":"https:\/\/lunayatravel.com\/en\/wp-json\/wp\/v2\/media?parent=30297"}],"wp:term":[{"taxonomy":"product_brand","embeddable":true,"href":"https:\/\/lunayatravel.com\/en\/wp-json\/wp\/v2\/product_brand?post=30297"},{"taxonomy":"product_cat","embeddable":true,"href":"https:\/\/lunayatravel.com\/en\/wp-json\/wp\/v2\/product_cat?post=30297"},{"taxonomy":"product_tag","embeddable":true,"href":"https:\/\/lunayatravel.com\/en\/wp-json\/wp\/v2\/product_tag?post=30297"}],"curies":[{"name":"wp","href":"https:\/\/api.w.org\/{rel}","templated":true}]}}