{"id":30283,"date":"2025-07-30T08:01:33","date_gmt":"2025-07-30T06:01:33","guid":{"rendered":"https:\/\/itctoursvoyages.com\/?post_type=product&#038;p=30283"},"modified":"2025-07-30T08:01:34","modified_gmt":"2025-07-30T06:01:34","slug":"%f0%9f%90%98-phuket-elephant-care-un-moment-memorable-avec-les-elephants","status":"publish","type":"product","link":"https:\/\/lunayatravel.com\/en\/product\/%f0%9f%90%98-phuket-elephant-care-un-moment-memorable-avec-les-elephants\/","title":{"rendered":"\ud83d\udc18 Phuket Elephant Care - A memorable moment with the elephants"},"content":{"rendered":"<h3 data-start=\"700\" data-end=\"736\">\ud83d\udcc5 <strong data-start=\"707\" data-end=\"736\">Itinerary - Half-day<\/strong><\/h3>\n<p data-start=\"738\" data-end=\"864\"><strong data-start=\"738\" data-end=\"747\">Morning<\/strong> pick-up 06:30-07:00, drop-off 11:00-12:00<br data-start=\"797\" data-end=\"800\" \/><strong data-start=\"800\" data-end=\"814\">Afternoon<\/strong> pick-up 11:30-12:00, drop-off 16:30-17:00<\/p>\n<ul data-start=\"866\" data-end=\"1399\">\n<li data-start=\"866\" data-end=\"921\">\n<p data-start=\"868\" data-end=\"921\">Welcome at your hotel and transfer by air-conditioned van<\/p>\n<\/li>\n<li data-start=\"922\" data-end=\"972\">\n<p data-start=\"924\" data-end=\"972\">Light breakfast (coffee, tea, bread, snacks)<\/p>\n<\/li>\n<li data-start=\"973\" data-end=\"1047\">\n<p data-start=\"975\" data-end=\"1047\">Introduction to the sanctuary and raising awareness of the elephant cause<\/p>\n<\/li>\n<li data-start=\"1048\" data-end=\"1099\">\n<p data-start=\"1050\" data-end=\"1099\">Preparation of vitamin and fruit balls<\/p>\n<\/li>\n<li data-start=\"1100\" data-end=\"1129\">\n<p data-start=\"1102\" data-end=\"1129\">Feeding the elephants<\/p>\n<\/li>\n<li data-start=\"1130\" data-end=\"1185\">\n<p data-start=\"1132\" data-end=\"1185\">Mud spa (elephant massage with mud)<\/p>\n<\/li>\n<li data-start=\"1186\" data-end=\"1247\">\n<p data-start=\"1188\" data-end=\"1247\">Bathing and showering with elephants in a natural lake<\/p>\n<\/li>\n<li data-start=\"1248\" data-end=\"1292\">\n<p data-start=\"1250\" data-end=\"1292\">Cooking workshop (Pad Tha\u00ef or Som-Tum)<\/p>\n<\/li>\n<li data-start=\"1293\" data-end=\"1317\">\n<p data-start=\"1295\" data-end=\"1317\">Meal and tasting<\/p>\n<\/li>\n<li data-start=\"1318\" data-end=\"1376\">\n<p data-start=\"1320\" data-end=\"1376\">Create a DIY souvenir (magnet to take home)<\/p>\n<\/li>\n<li data-start=\"1377\" data-end=\"1399\">\n<p data-start=\"1379\" data-end=\"1399\">Return to your hotel<\/p>\n<\/li>\n<\/ul>\n<hr data-start=\"1401\" data-end=\"1404\" \/>\n<h3 data-start=\"1406\" data-end=\"1446\">\ud83d\udcc5 <strong data-start=\"1413\" data-end=\"1446\">Itinerary - Full day<\/strong><\/h3>\n<p data-start=\"1448\" data-end=\"1508\"><strong data-start=\"1448\" data-end=\"1467\">Support<\/strong> : 06:30-07:00<br data-start=\"1481\" data-end=\"1484\" \/><strong data-start=\"1484\" data-end=\"1494\">Back to<\/strong> : 15:30-16:00<\/p>\n<ul data-start=\"1510\" data-end=\"1557\">\n<li data-start=\"1510\" data-end=\"1557\">\n<p data-start=\"1512\" data-end=\"1557\">All elements of the half-day programme<\/p>\n<\/li>\n<\/ul>\n<ul data-start=\"1558\" data-end=\"1561\">\n<li data-start=\"1558\" data-end=\"1561\"><\/li>\n<\/ul>\n<ul data-start=\"1562\" data-end=\"1745\">\n<li data-start=\"1562\" data-end=\"1609\">\n<p data-start=\"1564\" data-end=\"1609\">Jungle walk with the elephants<\/p>\n<\/li>\n<li data-start=\"1610\" data-end=\"1685\">\n<p data-start=\"1612\" data-end=\"1685\">Home-cooked Thai lunch (with the option of cooking a dish)<\/p>\n<\/li>\n<li data-start=\"1686\" data-end=\"1745\">\n<p data-start=\"1688\" data-end=\"1745\">More time spent with the elephants and their caretakers<\/p>\n<\/li>\n<\/ul>\n<hr data-start=\"1747\" data-end=\"1750\" \/>\n<h3 data-start=\"1752\" data-end=\"1780\">\u2705 <strong data-start=\"1758\" data-end=\"1778\">The price includes<\/strong> :<\/h3>\n<ul data-start=\"1782\" data-end=\"1997\">\n<li data-start=\"1782\" data-end=\"1825\">\n<p data-start=\"1784\" data-end=\"1825\">Return transfer in air-conditioned van<\/p>\n<\/li>\n<li data-start=\"1826\" data-end=\"1846\">\n<p data-start=\"1828\" data-end=\"1846\">English-speaking guide<\/p>\n<\/li>\n<li data-start=\"1847\" data-end=\"1889\">\n<p data-start=\"1849\" data-end=\"1889\">Breakfast, lunch and snacks<\/p>\n<\/li>\n<li data-start=\"1890\" data-end=\"1919\">\n<p data-start=\"1892\" data-end=\"1919\">Professional photographer<\/p>\n<\/li>\n<li data-start=\"1920\" data-end=\"1958\">\n<p data-start=\"1922\" data-end=\"1958\">DIY souvenir (personalised magnet)<\/p>\n<\/li>\n<li data-start=\"1959\" data-end=\"1974\">\n<p data-start=\"1961\" data-end=\"1974\">Drinking water<\/p>\n<\/li>\n<li data-start=\"1975\" data-end=\"1997\">\n<p data-start=\"1977\" data-end=\"1997\">Accident insurance<\/p>\n<\/li>\n<\/ul>\n<hr data-start=\"1999\" data-end=\"2002\" \/>\n<h3 data-start=\"2004\" data-end=\"2039\">\ud83c\udf92 <strong data-start=\"2011\" data-end=\"2037\">What to bring<\/strong> :<\/h3>\n<ul data-start=\"2041\" data-end=\"2178\">\n<li data-start=\"2041\" data-end=\"2060\">\n<p data-start=\"2043\" data-end=\"2060\">Swimming costumes<\/p>\n<\/li>\n<li data-start=\"2061\" data-end=\"2078\">\n<p data-start=\"2063\" data-end=\"2078\">Sun cream<\/p>\n<\/li>\n<li data-start=\"2079\" data-end=\"2104\">\n<p data-start=\"2081\" data-end=\"2104\">Spare clothing<\/p>\n<\/li>\n<li data-start=\"2105\" data-end=\"2120\">\n<p data-start=\"2107\" data-end=\"2120\">Insect repellent<\/p>\n<\/li>\n<li data-start=\"2121\" data-end=\"2178\">\n<p data-start=\"2123\" data-end=\"2178\">Flip-flops + walking shoes (for the whole day)<\/p>\n<\/li>\n<\/ul>","protected":false},"excerpt":{"rendered":"<p data-start=\"200\" data-end=\"352\">Treat yourself to an unforgettable experience at the heart of <strong data-start=\"250\" data-end=\"274\">Phuket Elephant Care<\/strong>, an ethical sanctuary dedicated to the protection and welfare of elephants.<\/p>\n<p data-start=\"354\" data-end=\"693\">Come and enjoy a special moment with these majestic animals in a peaceful and respectful setting.<br data-start=\"453\" data-end=\"456\" \/>Prepare their food, bathe them, play in the mud, and share a unique moment of complicity and gentleness.<br data-start=\"578\" data-end=\"581\" \/>An ideal activity for families and animal lovers looking for authenticity and connection.<\/p>","protected":false},"featured_media":30288,"comment_status":"open","ping_status":"closed","template":"","meta":{"_uag_custom_page_level_css":""},"product_brand":[],"product_cat":[67],"product_tag":[],"class_list":{"0":"post-30283","1":"product","2":"type-product","3":"status-publish","4":"has-post-thumbnail","6":"product_cat-phuket","8":"first","9":"instock","10":"virtual","11":"taxable","12":"purchasable","13":"product-type-simple"},"yoast_head":"<!-- This site is optimized with the Yoast SEO plugin v27.1.1 - https:\/\/yoast.com\/product\/yoast-seo-wordpress\/ -->\n<title>\ud83d\udc18 Phuket Elephant Care \u2013 Un moment m\u00e9morable avec les \u00e9l\u00e9phants -<\/title>\n<meta name=\"robots\" content=\"index, follow, max-snippet:-1, max-image-preview:large, max-video-preview:-1\" \/>\n<link rel=\"canonical\" href=\"https:\/\/lunayatravel.com\/en\/product\/\ud83d\udc18-phuket-elephant-care-un-moment-memorable-avec-les-elephants\/\" \/>\n<meta property=\"og:locale\" content=\"en_GB\" \/>\n<meta property=\"og:type\" content=\"article\" \/>\n<meta property=\"og:title\" content=\"\ud83d\udc18 Phuket Elephant Care \u2013 Un moment m\u00e9morable avec les \u00e9l\u00e9phants -\" \/>\n<meta property=\"og:description\" content=\"Offrez-vous une exp\u00e9rience inoubliable au sein de Phuket Elephant Care, un sanctuaire \u00e9thique d\u00e9di\u00e9 \u00e0 la protection et au bien-\u00eatre des \u00e9l\u00e9phants. Venez vivre un moment privil\u00e9gi\u00e9 avec ces majestueux animaux dans un cadre paisible et respectueux.Pr\u00e9parez leur nourriture, baignez-les, jouez dans la boue, et partagez un instant unique fait de complicit\u00e9 et de douceur.Une activit\u00e9 id\u00e9ale pour les familles et les amoureux des animaux \u00e0 la recherche d\u2019authenticit\u00e9 et de connexion.\" \/>\n<meta property=\"og:url\" content=\"https:\/\/lunayatravel.com\/en\/product\/\ud83d\udc18-phuket-elephant-care-un-moment-memorable-avec-les-elephants\/\" \/>\n<meta property=\"article:publisher\" content=\"https:\/\/www.facebook.com\/lunayaTravel\/\" \/>\n<meta property=\"article:modified_time\" content=\"2025-07-30T06:01:34+00:00\" \/>\n<meta property=\"og:image\" content=\"https:\/\/lunayatravel.com\/wp-content\/uploads\/2025\/07\/01-7.webp\" \/>\n\t<meta property=\"og:image:width\" content=\"720\" \/>\n\t<meta property=\"og:image:height\" content=\"540\" \/>\n\t<meta property=\"og:image:type\" content=\"image\/webp\" \/>\n<meta name=\"twitter:card\" content=\"summary_large_image\" \/>\n<meta name=\"twitter:label1\" content=\"Estimated reading time\" \/>\n\t<meta name=\"twitter:data1\" content=\"1 minute\" \/>\n<script type=\"application\/ld+json\" class=\"yoast-schema-graph\">{\"@context\":\"https:\/\/schema.org\",\"@graph\":[{\"@type\":\"WebPage\",\"@id\":\"https:\/\/lunayatravel.com\/produit\/%f0%9f%90%98-phuket-elephant-care-un-moment-memorable-avec-les-elephants\/\",\"url\":\"https:\/\/lunayatravel.com\/produit\/%f0%9f%90%98-phuket-elephant-care-un-moment-memorable-avec-les-elephants\/\",\"name\":\"\ud83d\udc18 Phuket Elephant Care \u2013 Un moment m\u00e9morable avec les \u00e9l\u00e9phants -\",\"isPartOf\":{\"@id\":\"https:\/\/lunayatravel.com\/#website\"},\"primaryImageOfPage\":{\"@id\":\"https:\/\/lunayatravel.com\/produit\/%f0%9f%90%98-phuket-elephant-care-un-moment-memorable-avec-les-elephants\/#primaryimage\"},\"image\":{\"@id\":\"https:\/\/lunayatravel.com\/produit\/%f0%9f%90%98-phuket-elephant-care-un-moment-memorable-avec-les-elephants\/#primaryimage\"},\"thumbnailUrl\":\"https:\/\/lunayatravel.com\/wp-content\/uploads\/2025\/07\/01-7.webp\",\"datePublished\":\"2025-07-30T06:01:33+00:00\",\"dateModified\":\"2025-07-30T06:01:34+00:00\",\"breadcrumb\":{\"@id\":\"https:\/\/lunayatravel.com\/produit\/%f0%9f%90%98-phuket-elephant-care-un-moment-memorable-avec-les-elephants\/#breadcrumb\"},\"inLanguage\":\"en-GB\",\"potentialAction\":[{\"@type\":\"ReadAction\",\"target\":[\"https:\/\/lunayatravel.com\/produit\/%f0%9f%90%98-phuket-elephant-care-un-moment-memorable-avec-les-elephants\/\"]}]},{\"@type\":\"ImageObject\",\"inLanguage\":\"en-GB\",\"@id\":\"https:\/\/lunayatravel.com\/produit\/%f0%9f%90%98-phuket-elephant-care-un-moment-memorable-avec-les-elephants\/#primaryimage\",\"url\":\"https:\/\/lunayatravel.com\/wp-content\/uploads\/2025\/07\/01-7.webp\",\"contentUrl\":\"https:\/\/lunayatravel.com\/wp-content\/uploads\/2025\/07\/01-7.webp\",\"width\":720,\"height\":540},{\"@type\":\"BreadcrumbList\",\"@id\":\"https:\/\/lunayatravel.com\/produit\/%f0%9f%90%98-phuket-elephant-care-un-moment-memorable-avec-les-elephants\/#breadcrumb\",\"itemListElement\":[{\"@type\":\"ListItem\",\"position\":1,\"name\":\"Accueil\",\"item\":\"https:\/\/lunayatravel.com\/\"},{\"@type\":\"ListItem\",\"position\":2,\"name\":\"Nos activit\u00e9s\",\"item\":\"https:\/\/lunayatravel.com\/nos-activites\/\"},{\"@type\":\"ListItem\",\"position\":3,\"name\":\"\ud83d\udc18 Phuket Elephant Care \u2013 Un moment m\u00e9morable avec les \u00e9l\u00e9phants\"}]},{\"@type\":\"WebSite\",\"@id\":\"https:\/\/lunayatravel.com\/#website\",\"url\":\"https:\/\/lunayatravel.com\/\",\"name\":\"\",\"description\":\"\",\"publisher\":{\"@id\":\"https:\/\/lunayatravel.com\/#organization\"},\"potentialAction\":[{\"@type\":\"SearchAction\",\"target\":{\"@type\":\"EntryPoint\",\"urlTemplate\":\"https:\/\/lunayatravel.com\/?s={search_term_string}\"},\"query-input\":{\"@type\":\"PropertyValueSpecification\",\"valueRequired\":true,\"valueName\":\"search_term_string\"}}],\"inLanguage\":\"en-GB\"},{\"@type\":\"Organization\",\"@id\":\"https:\/\/lunayatravel.com\/#organization\",\"name\":\"Lunaya travel\",\"alternateName\":\"Lunaya travel\",\"url\":\"https:\/\/lunayatravel.com\/\",\"logo\":{\"@type\":\"ImageObject\",\"inLanguage\":\"en-GB\",\"@id\":\"https:\/\/lunayatravel.com\/#\/schema\/logo\/image\/\",\"url\":\"https:\/\/lunayatravel.com\/wp-content\/uploads\/2026\/03\/cropped-647319118_2379115739204013_337015058165053143_n.jpg\",\"contentUrl\":\"https:\/\/lunayatravel.com\/wp-content\/uploads\/2026\/03\/cropped-647319118_2379115739204013_337015058165053143_n.jpg\",\"width\":1022,\"height\":1023,\"caption\":\"Lunaya travel\"},\"image\":{\"@id\":\"https:\/\/lunayatravel.com\/#\/schema\/logo\/image\/\"},\"sameAs\":[\"https:\/\/www.facebook.com\/lunayaTravel\/\"]}]}<\/script>\n<!-- \/ Yoast SEO plugin. -->","yoast_head_json":{"title":"\ud83d\udc18 Phuket Elephant Care \u2013 Un moment m\u00e9morable avec les \u00e9l\u00e9phants -","robots":{"index":"index","follow":"follow","max-snippet":"max-snippet:-1","max-image-preview":"max-image-preview:large","max-video-preview":"max-video-preview:-1"},"canonical":"https:\/\/lunayatravel.com\/en\/product\/\ud83d\udc18-phuket-elephant-care-un-moment-memorable-avec-les-elephants\/","og_locale":"en_GB","og_type":"article","og_title":"\ud83d\udc18 Phuket Elephant Care \u2013 Un moment m\u00e9morable avec les \u00e9l\u00e9phants -","og_description":"Offrez-vous une exp\u00e9rience inoubliable au sein de Phuket Elephant Care, un sanctuaire \u00e9thique d\u00e9di\u00e9 \u00e0 la protection et au bien-\u00eatre des \u00e9l\u00e9phants. Venez vivre un moment privil\u00e9gi\u00e9 avec ces majestueux animaux dans un cadre paisible et respectueux.Pr\u00e9parez leur nourriture, baignez-les, jouez dans la boue, et partagez un instant unique fait de complicit\u00e9 et de douceur.Une activit\u00e9 id\u00e9ale pour les familles et les amoureux des animaux \u00e0 la recherche d\u2019authenticit\u00e9 et de connexion.","og_url":"https:\/\/lunayatravel.com\/en\/product\/\ud83d\udc18-phuket-elephant-care-un-moment-memorable-avec-les-elephants\/","article_publisher":"https:\/\/www.facebook.com\/lunayaTravel\/","article_modified_time":"2025-07-30T06:01:34+00:00","og_image":[{"width":720,"height":540,"url":"https:\/\/lunayatravel.com\/wp-content\/uploads\/2025\/07\/01-7.webp","type":"image\/webp"}],"twitter_card":"summary_large_image","twitter_misc":{"Estimated reading time":"1 minute"},"schema":{"@context":"https:\/\/schema.org","@graph":[{"@type":"WebPage","@id":"https:\/\/lunayatravel.com\/produit\/%f0%9f%90%98-phuket-elephant-care-un-moment-memorable-avec-les-elephants\/","url":"https:\/\/lunayatravel.com\/produit\/%f0%9f%90%98-phuket-elephant-care-un-moment-memorable-avec-les-elephants\/","name":"\ud83d\udc18 Phuket Elephant Care \u2013 Un moment m\u00e9morable avec les \u00e9l\u00e9phants -","isPartOf":{"@id":"https:\/\/lunayatravel.com\/#website"},"primaryImageOfPage":{"@id":"https:\/\/lunayatravel.com\/produit\/%f0%9f%90%98-phuket-elephant-care-un-moment-memorable-avec-les-elephants\/#primaryimage"},"image":{"@id":"https:\/\/lunayatravel.com\/produit\/%f0%9f%90%98-phuket-elephant-care-un-moment-memorable-avec-les-elephants\/#primaryimage"},"thumbnailUrl":"https:\/\/lunayatravel.com\/wp-content\/uploads\/2025\/07\/01-7.webp","datePublished":"2025-07-30T06:01:33+00:00","dateModified":"2025-07-30T06:01:34+00:00","breadcrumb":{"@id":"https:\/\/lunayatravel.com\/produit\/%f0%9f%90%98-phuket-elephant-care-un-moment-memorable-avec-les-elephants\/#breadcrumb"},"inLanguage":"en-GB","potentialAction":[{"@type":"ReadAction","target":["https:\/\/lunayatravel.com\/produit\/%f0%9f%90%98-phuket-elephant-care-un-moment-memorable-avec-les-elephants\/"]}]},{"@type":"ImageObject","inLanguage":"en-GB","@id":"https:\/\/lunayatravel.com\/produit\/%f0%9f%90%98-phuket-elephant-care-un-moment-memorable-avec-les-elephants\/#primaryimage","url":"https:\/\/lunayatravel.com\/wp-content\/uploads\/2025\/07\/01-7.webp","contentUrl":"https:\/\/lunayatravel.com\/wp-content\/uploads\/2025\/07\/01-7.webp","width":720,"height":540},{"@type":"BreadcrumbList","@id":"https:\/\/lunayatravel.com\/produit\/%f0%9f%90%98-phuket-elephant-care-un-moment-memorable-avec-les-elephants\/#breadcrumb","itemListElement":[{"@type":"ListItem","position":1,"name":"Accueil","item":"https:\/\/lunayatravel.com\/"},{"@type":"ListItem","position":2,"name":"Nos activit\u00e9s","item":"https:\/\/lunayatravel.com\/nos-activites\/"},{"@type":"ListItem","position":3,"name":"\ud83d\udc18 Phuket Elephant Care \u2013 Un moment m\u00e9morable avec les \u00e9l\u00e9phants"}]},{"@type":"WebSite","@id":"https:\/\/lunayatravel.com\/#website","url":"https:\/\/lunayatravel.com\/","name":"","description":"","publisher":{"@id":"https:\/\/lunayatravel.com\/#organization"},"potentialAction":[{"@type":"SearchAction","target":{"@type":"EntryPoint","urlTemplate":"https:\/\/lunayatravel.com\/?s={search_term_string}"},"query-input":{"@type":"PropertyValueSpecification","valueRequired":true,"valueName":"search_term_string"}}],"inLanguage":"en-GB"},{"@type":"Organization","@id":"https:\/\/lunayatravel.com\/#organization","name":"Lunaya travel","alternateName":"Lunaya travel","url":"https:\/\/lunayatravel.com\/","logo":{"@type":"ImageObject","inLanguage":"en-GB","@id":"https:\/\/lunayatravel.com\/#\/schema\/logo\/image\/","url":"https:\/\/lunayatravel.com\/wp-content\/uploads\/2026\/03\/cropped-647319118_2379115739204013_337015058165053143_n.jpg","contentUrl":"https:\/\/lunayatravel.com\/wp-content\/uploads\/2026\/03\/cropped-647319118_2379115739204013_337015058165053143_n.jpg","width":1022,"height":1023,"caption":"Lunaya travel"},"image":{"@id":"https:\/\/lunayatravel.com\/#\/schema\/logo\/image\/"},"sameAs":["https:\/\/www.facebook.com\/lunayaTravel\/"]}]}},"uagb_featured_image_src":{"full":["https:\/\/lunayatravel.com\/wp-content\/uploads\/2025\/07\/01-7.webp",720,540,false],"thumbnail":["https:\/\/lunayatravel.com\/wp-content\/uploads\/2025\/07\/01-7-150x150.webp",150,150,true],"medium":["https:\/\/lunayatravel.com\/wp-content\/uploads\/2025\/07\/01-7-300x225.webp",300,225,true],"medium_large":["https:\/\/lunayatravel.com\/wp-content\/uploads\/2025\/07\/01-7.webp",720,540,false],"large":["https:\/\/lunayatravel.com\/wp-content\/uploads\/2025\/07\/01-7.webp",720,540,false],"1536x1536":["https:\/\/lunayatravel.com\/wp-content\/uploads\/2025\/07\/01-7.webp",720,540,false],"2048x2048":["https:\/\/lunayatravel.com\/wp-content\/uploads\/2025\/07\/01-7.webp",720,540,false],"trp-custom-language-flag":["https:\/\/lunayatravel.com\/wp-content\/uploads\/2025\/07\/01-7.webp",16,12,false],"widget-thumbnail":["https:\/\/lunayatravel.com\/wp-content\/uploads\/2025\/07\/01-7-75x75.webp",75,75,true],"mailpoet_newsletter_max":["https:\/\/lunayatravel.com\/wp-content\/uploads\/2025\/07\/01-7.webp",720,540,false],"woocommerce_thumbnail":["https:\/\/lunayatravel.com\/wp-content\/uploads\/2025\/07\/01-7-300x300.webp",300,300,true],"woocommerce_single":["https:\/\/lunayatravel.com\/wp-content\/uploads\/2025\/07\/01-7-600x450.webp",600,450,true],"woocommerce_gallery_thumbnail":["https:\/\/lunayatravel.com\/wp-content\/uploads\/2025\/07\/01-7-100x100.webp",100,100,true],"sow-carousel-default":["https:\/\/lunayatravel.com\/wp-content\/uploads\/2025\/07\/01-7-272x182.webp",272,182,true]},"uagb_author_info":{"display_name":"haemers stephanie","author_link":"https:\/\/lunayatravel.com\/en\/author\/"},"uagb_comment_info":0,"uagb_excerpt":"Offrez-vous une exp\u00e9rience inoubliable au sein de Phuket Elephant Care, un sanctuaire \u00e9thique d\u00e9di\u00e9 \u00e0 la protection et au bien-\u00eatre des \u00e9l\u00e9phants. Venez vivre un moment privil\u00e9gi\u00e9 avec ces majestueux animaux dans un cadre paisible et respectueux.Pr\u00e9parez leur nourriture, baignez-les, jouez dans la boue, et partagez un instant unique fait de complicit\u00e9 et de douceur.Une&hellip;","jetpack_sharing_enabled":true,"_links":{"self":[{"href":"https:\/\/lunayatravel.com\/en\/wp-json\/wp\/v2\/product\/30283","targetHints":{"allow":["GET"]}}],"collection":[{"href":"https:\/\/lunayatravel.com\/en\/wp-json\/wp\/v2\/product"}],"about":[{"href":"https:\/\/lunayatravel.com\/en\/wp-json\/wp\/v2\/types\/product"}],"replies":[{"embeddable":true,"href":"https:\/\/lunayatravel.com\/en\/wp-json\/wp\/v2\/comments?post=30283"}],"wp:featuredmedia":[{"embeddable":true,"href":"https:\/\/lunayatravel.com\/en\/wp-json\/wp\/v2\/media\/30288"}],"wp:attachment":[{"href":"https:\/\/lunayatravel.com\/en\/wp-json\/wp\/v2\/media?parent=30283"}],"wp:term":[{"taxonomy":"product_brand","embeddable":true,"href":"https:\/\/lunayatravel.com\/en\/wp-json\/wp\/v2\/product_brand?post=30283"},{"taxonomy":"product_cat","embeddable":true,"href":"https:\/\/lunayatravel.com\/en\/wp-json\/wp\/v2\/product_cat?post=30283"},{"taxonomy":"product_tag","embeddable":true,"href":"https:\/\/lunayatravel.com\/en\/wp-json\/wp\/v2\/product_tag?post=30283"}],"curies":[{"name":"wp","href":"https:\/\/api.w.org\/{rel}","templated":true}]}}