{"id":30278,"date":"2025-07-30T07:48:38","date_gmt":"2025-07-30T05:48:38","guid":{"rendered":"https:\/\/itctoursvoyages.com\/?post_type=product&#038;p=30278"},"modified":"2025-07-30T07:48:39","modified_gmt":"2025-07-30T05:48:39","slug":"%f0%9f%90%98-elephant-retirement-park-phuket-programme-de-soins-demi-journee","status":"publish","type":"product","link":"https:\/\/lunayatravel.com\/en\/product\/%f0%9f%90%98-elephant-retirement-park-phuket-programme-de-soins-demi-journee\/","title":{"rendered":"\ud83d\udc18 Elephant Retirement Park Phuket - Treatment programme (half day)"},"content":{"rendered":"<h3 data-start=\"1604\" data-end=\"1642\">\ud83d\udd52 Itinerary (indicative - 3h30) :<\/h3>\n<ul data-start=\"1643\" data-end=\"2007\">\n<li data-start=\"1643\" data-end=\"1681\">\n<p data-start=\"1645\" data-end=\"1681\"><strong data-start=\"1645\" data-end=\"1672\">Welcome and introduction<\/strong> (20 min)<\/p>\n<\/li>\n<li data-start=\"1682\" data-end=\"1720\">\n<p data-start=\"1684\" data-end=\"1720\"><strong data-start=\"1684\" data-end=\"1711\">Change of clothes<\/strong> (10 min)<\/p>\n<\/li>\n<li data-start=\"1721\" data-end=\"1773\">\n<p data-start=\"1723\" data-end=\"1773\"><strong data-start=\"1723\" data-end=\"1764\">Preparing food and treats<\/strong> (20 min)<\/p>\n<\/li>\n<li data-start=\"1774\" data-end=\"1814\">\n<p data-start=\"1776\" data-end=\"1814\"><strong data-start=\"1776\" data-end=\"1805\">Feeding the elephants<\/strong> (30 min)<\/p>\n<\/li>\n<li data-start=\"1815\" data-end=\"1860\">\n<p data-start=\"1817\" data-end=\"1860\"><strong data-start=\"1817\" data-end=\"1851\">Mud spa with elephants<\/strong> (20 min)<\/p>\n<\/li>\n<li data-start=\"1861\" data-end=\"1894\">\n<p data-start=\"1863\" data-end=\"1894\"><strong data-start=\"1863\" data-end=\"1885\">Elephant bath<\/strong> (20 min)<\/p>\n<\/li>\n<li data-start=\"1895\" data-end=\"1922\">\n<p data-start=\"1897\" data-end=\"1922\"><strong data-start=\"1897\" data-end=\"1913\">Sand spa<\/strong> (10 min)<\/p>\n<\/li>\n<li data-start=\"1923\" data-end=\"1971\">\n<p data-start=\"1925\" data-end=\"1971\"><strong data-start=\"1925\" data-end=\"1962\">Shower + buffet breakfast &amp; fruit<\/strong> (70 min)<\/p>\n<\/li>\n<li data-start=\"1972\" data-end=\"2007\">\n<p data-start=\"1974\" data-end=\"2007\"><strong data-start=\"1974\" data-end=\"1998\">Closing the programme<\/strong> (10 min)<\/p>\n<\/li>\n<\/ul>\n<p data-start=\"2009\" data-end=\"2105\">\u23f0 <em data-start=\"2011\" data-end=\"2105\">The afternoon programme begins with lunch. Times may vary slightly.<\/em><\/p>\n<hr data-start=\"2107\" data-end=\"2110\" \/>\n<h3 data-start=\"2112\" data-end=\"2126\">\u2705 Includes :<\/h3>\n<ul data-start=\"2127\" data-end=\"2430\">\n<li data-start=\"2127\" data-end=\"2169\">\n<p data-start=\"2129\" data-end=\"2169\">Full 3.5-hour programme with elephants<\/p>\n<\/li>\n<li data-start=\"2170\" data-end=\"2220\">\n<p data-start=\"2172\" data-end=\"2220\">Buffet lunch (vegetarian options included)<\/p>\n<\/li>\n<li data-start=\"2221\" data-end=\"2255\">\n<p data-start=\"2223\" data-end=\"2255\">Fruit, water, tea, coffee and snacks<\/p>\n<\/li>\n<li data-start=\"2256\" data-end=\"2335\">\n<p data-start=\"2258\" data-end=\"2335\"><strong data-start=\"2258\" data-end=\"2311\">Free return transfers throughout Phuket<\/strong> (see zones below)<\/p>\n<\/li>\n<li data-start=\"2336\" data-end=\"2366\">\n<p data-start=\"2338\" data-end=\"2366\">Experienced English-speaking guide<\/p>\n<\/li>\n<li data-start=\"2367\" data-end=\"2388\">\n<p data-start=\"2369\" data-end=\"2388\">Programme photos<\/p>\n<\/li>\n<li data-start=\"2389\" data-end=\"2400\">\n<p data-start=\"2391\" data-end=\"2400\">Insurance<\/p>\n<\/li>\n<li data-start=\"2401\" data-end=\"2430\">\n<p data-start=\"2403\" data-end=\"2430\"><strong data-start=\"2403\" data-end=\"2430\">Complimentary souvenir T-shirt<\/strong><\/p>\n<\/li>\n<\/ul>\n<p data-start=\"2432\" data-end=\"2740\">\ud83d\udccdFree pick-up zones:<br \/>\nPhuket Town, Kata, Karon, Patong, Kamala, Surin, Nai Yang, Nathon, Bangtao, Layan, Laguna, Rassada Pier, Kathu, Central Festival, Royal Marina, Boat Lagoon, Koh Kaew, Tri Trang Beach, Paradise Beach. <em data-start=\"2670\" data-end=\"2740\">(Possible charges for outlying areas, to be confirmed before payment).<\/em><\/p>\n<hr data-start=\"2742\" data-end=\"2745\" \/>\n<h3 data-start=\"2747\" data-end=\"2765\">\ud83e\uddf3 What to expect:<\/h3>\n<ul data-start=\"2766\" data-end=\"2933\">\n<li data-start=\"2766\" data-end=\"2815\">\n<p data-start=\"2768\" data-end=\"2815\">Comfortable, activity-appropriate clothing<\/p>\n<\/li>\n<li data-start=\"2816\" data-end=\"2874\">\n<p data-start=\"2818\" data-end=\"2874\">Swimming costume (for the elephant bath and mud spa)<\/p>\n<\/li>\n<li data-start=\"2875\" data-end=\"2894\">\n<p data-start=\"2877\" data-end=\"2894\">Spare clothing<\/p>\n<\/li>\n<li data-start=\"2895\" data-end=\"2906\">\n<p data-start=\"2897\" data-end=\"2906\">Towel<\/p>\n<\/li>\n<li data-start=\"2907\" data-end=\"2933\">\n<p data-start=\"2909\" data-end=\"2933\">Sun cream and hat<\/p>\n<\/li>\n<\/ul>","protected":false},"excerpt":{"rendered":"<h3 data-start=\"771\" data-end=\"798\">\ud83d\udcdd Description:<\/h3>\n<p data-start=\"800\" data-end=\"983\">Enjoy an unforgettable experience at <strong data-start=\"836\" data-end=\"874\">Elephant Retirement Park in Phuket<\/strong>, A respectful sanctuary where elephants are cared for, pampered and free to simply be... elephants.<\/p>\n<p data-start=\"985\" data-end=\"1208\">For half a day, you'll get to know these gentle, intelligent giants better as you take part in their daily routine: preparing meals, feeding, mud bathing, swimming and cuddling.<\/p>\n<p data-start=\"1210\" data-end=\"1451\">The whole experience takes place in a natural and peaceful setting, with a passionate team sharing stories and valuable information about each elephant. This programme is <strong data-start=\"1396\" data-end=\"1416\">certified ethical<\/strong> and highly rated on TripAdvisor.<\/p>\n<p data-start=\"1453\" data-end=\"1597\">A <strong data-start=\"1456\" data-end=\"1474\">local lunch<\/strong>, drinks, a <strong data-start=\"1493\" data-end=\"1513\">souvenir t-shirt<\/strong> and <strong data-start=\"1521\" data-end=\"1544\">free transfers<\/strong> are included for complete, worry-free immersion.<\/p>","protected":false},"featured_media":30282,"comment_status":"open","ping_status":"closed","template":"","meta":{"_uag_custom_page_level_css":""},"product_brand":[],"product_cat":[67],"product_tag":[],"class_list":{"0":"post-30278","1":"product","2":"type-product","3":"status-publish","4":"has-post-thumbnail","6":"product_cat-phuket","8":"first","9":"instock","10":"virtual","11":"taxable","12":"purchasable","13":"product-type-simple"},"yoast_head":"<!-- This site is optimized with the Yoast SEO plugin v27.1.1 - https:\/\/yoast.com\/product\/yoast-seo-wordpress\/ -->\n<title>\ud83d\udc18 Elephant Retirement Park Phuket \u2013 Programme de soins (demi-journ\u00e9e -<\/title>\n<meta name=\"robots\" content=\"index, follow, max-snippet:-1, max-image-preview:large, max-video-preview:-1\" \/>\n<link rel=\"canonical\" href=\"https:\/\/lunayatravel.com\/en\/product\/\ud83d\udc18-elephant-retirement-park-phuket-programme-de-soins-demi-journee\/\" \/>\n<meta property=\"og:locale\" content=\"en_GB\" \/>\n<meta property=\"og:type\" content=\"article\" \/>\n<meta property=\"og:title\" content=\"\ud83d\udc18 Elephant Retirement Park Phuket \u2013 Programme de soins (demi-journ\u00e9e -\" \/>\n<meta property=\"og:description\" content=\"\ud83d\udcdd Description : Vivez une exp\u00e9rience inoubliable au Elephant Retirement Park de Phuket, un sanctuaire respectueux o\u00f9 les \u00e9l\u00e9phants sont soign\u00e9s, choy\u00e9s et libres d\u2019\u00eatre simplement\u2026 des \u00e9l\u00e9phants. Pendant une demi-journ\u00e9e, vous apprendrez \u00e0 mieux conna\u00eetre ces g\u00e9ants doux et intelligents tout en participant \u00e0 leur routine quotidienne : pr\u00e9paration des repas, nourrissage, spa de boue, baignade et moments de tendresse. Le tout se d\u00e9roule dans un cadre naturel et paisible, avec une \u00e9quipe passionn\u00e9e qui partage avec vous des histoires et des informations pr\u00e9cieuses sur chaque \u00e9l\u00e9phant. Ce programme est certifi\u00e9 \u00e9thique et tr\u00e8s bien not\u00e9 sur TripAdvisor. Un d\u00e9jeuner local, des boissons, un t-shirt souvenir et les transferts gratuits sont inclus, pour une immersion compl\u00e8te sans souci.\" \/>\n<meta property=\"og:url\" content=\"https:\/\/lunayatravel.com\/en\/product\/\ud83d\udc18-elephant-retirement-park-phuket-programme-de-soins-demi-journee\/\" \/>\n<meta property=\"article:publisher\" content=\"https:\/\/www.facebook.com\/lunayaTravel\/\" \/>\n<meta property=\"article:modified_time\" content=\"2025-07-30T05:48:39+00:00\" \/>\n<meta property=\"og:image\" content=\"https:\/\/lunayatravel.com\/wp-content\/uploads\/2025\/07\/01-6.webp\" \/>\n\t<meta property=\"og:image:width\" content=\"720\" \/>\n\t<meta property=\"og:image:height\" content=\"540\" \/>\n\t<meta property=\"og:image:type\" content=\"image\/webp\" \/>\n<meta name=\"twitter:card\" content=\"summary_large_image\" \/>\n<meta name=\"twitter:label1\" content=\"Estimated reading time\" \/>\n\t<meta name=\"twitter:data1\" content=\"1 minute\" \/>\n<script type=\"application\/ld+json\" class=\"yoast-schema-graph\">{\"@context\":\"https:\/\/schema.org\",\"@graph\":[{\"@type\":\"WebPage\",\"@id\":\"https:\/\/lunayatravel.com\/produit\/%f0%9f%90%98-elephant-retirement-park-phuket-programme-de-soins-demi-journee\/\",\"url\":\"https:\/\/lunayatravel.com\/produit\/%f0%9f%90%98-elephant-retirement-park-phuket-programme-de-soins-demi-journee\/\",\"name\":\"\ud83d\udc18 Elephant Retirement Park Phuket \u2013 Programme de soins (demi-journ\u00e9e -\",\"isPartOf\":{\"@id\":\"https:\/\/lunayatravel.com\/#website\"},\"primaryImageOfPage\":{\"@id\":\"https:\/\/lunayatravel.com\/produit\/%f0%9f%90%98-elephant-retirement-park-phuket-programme-de-soins-demi-journee\/#primaryimage\"},\"image\":{\"@id\":\"https:\/\/lunayatravel.com\/produit\/%f0%9f%90%98-elephant-retirement-park-phuket-programme-de-soins-demi-journee\/#primaryimage\"},\"thumbnailUrl\":\"https:\/\/lunayatravel.com\/wp-content\/uploads\/2025\/07\/01-6.webp\",\"datePublished\":\"2025-07-30T05:48:38+00:00\",\"dateModified\":\"2025-07-30T05:48:39+00:00\",\"breadcrumb\":{\"@id\":\"https:\/\/lunayatravel.com\/produit\/%f0%9f%90%98-elephant-retirement-park-phuket-programme-de-soins-demi-journee\/#breadcrumb\"},\"inLanguage\":\"en-GB\",\"potentialAction\":[{\"@type\":\"ReadAction\",\"target\":[\"https:\/\/lunayatravel.com\/produit\/%f0%9f%90%98-elephant-retirement-park-phuket-programme-de-soins-demi-journee\/\"]}]},{\"@type\":\"ImageObject\",\"inLanguage\":\"en-GB\",\"@id\":\"https:\/\/lunayatravel.com\/produit\/%f0%9f%90%98-elephant-retirement-park-phuket-programme-de-soins-demi-journee\/#primaryimage\",\"url\":\"https:\/\/lunayatravel.com\/wp-content\/uploads\/2025\/07\/01-6.webp\",\"contentUrl\":\"https:\/\/lunayatravel.com\/wp-content\/uploads\/2025\/07\/01-6.webp\",\"width\":720,\"height\":540},{\"@type\":\"BreadcrumbList\",\"@id\":\"https:\/\/lunayatravel.com\/produit\/%f0%9f%90%98-elephant-retirement-park-phuket-programme-de-soins-demi-journee\/#breadcrumb\",\"itemListElement\":[{\"@type\":\"ListItem\",\"position\":1,\"name\":\"Accueil\",\"item\":\"https:\/\/lunayatravel.com\/\"},{\"@type\":\"ListItem\",\"position\":2,\"name\":\"Nos activit\u00e9s\",\"item\":\"https:\/\/lunayatravel.com\/nos-activites\/\"},{\"@type\":\"ListItem\",\"position\":3,\"name\":\"\ud83d\udc18 Elephant Retirement Park Phuket \u2013 Programme de soins (demi-journ\u00e9e\"}]},{\"@type\":\"WebSite\",\"@id\":\"https:\/\/lunayatravel.com\/#website\",\"url\":\"https:\/\/lunayatravel.com\/\",\"name\":\"\",\"description\":\"\",\"publisher\":{\"@id\":\"https:\/\/lunayatravel.com\/#organization\"},\"potentialAction\":[{\"@type\":\"SearchAction\",\"target\":{\"@type\":\"EntryPoint\",\"urlTemplate\":\"https:\/\/lunayatravel.com\/?s={search_term_string}\"},\"query-input\":{\"@type\":\"PropertyValueSpecification\",\"valueRequired\":true,\"valueName\":\"search_term_string\"}}],\"inLanguage\":\"en-GB\"},{\"@type\":\"Organization\",\"@id\":\"https:\/\/lunayatravel.com\/#organization\",\"name\":\"Lunaya travel\",\"alternateName\":\"Lunaya travel\",\"url\":\"https:\/\/lunayatravel.com\/\",\"logo\":{\"@type\":\"ImageObject\",\"inLanguage\":\"en-GB\",\"@id\":\"https:\/\/lunayatravel.com\/#\/schema\/logo\/image\/\",\"url\":\"https:\/\/lunayatravel.com\/wp-content\/uploads\/2026\/03\/cropped-647319118_2379115739204013_337015058165053143_n.jpg\",\"contentUrl\":\"https:\/\/lunayatravel.com\/wp-content\/uploads\/2026\/03\/cropped-647319118_2379115739204013_337015058165053143_n.jpg\",\"width\":1022,\"height\":1023,\"caption\":\"Lunaya travel\"},\"image\":{\"@id\":\"https:\/\/lunayatravel.com\/#\/schema\/logo\/image\/\"},\"sameAs\":[\"https:\/\/www.facebook.com\/lunayaTravel\/\"]}]}<\/script>\n<!-- \/ Yoast SEO plugin. -->","yoast_head_json":{"title":"\ud83d\udc18 Elephant Retirement Park Phuket \u2013 Programme de soins (demi-journ\u00e9e -","robots":{"index":"index","follow":"follow","max-snippet":"max-snippet:-1","max-image-preview":"max-image-preview:large","max-video-preview":"max-video-preview:-1"},"canonical":"https:\/\/lunayatravel.com\/en\/product\/\ud83d\udc18-elephant-retirement-park-phuket-programme-de-soins-demi-journee\/","og_locale":"en_GB","og_type":"article","og_title":"\ud83d\udc18 Elephant Retirement Park Phuket \u2013 Programme de soins (demi-journ\u00e9e -","og_description":"\ud83d\udcdd Description : Vivez une exp\u00e9rience inoubliable au Elephant Retirement Park de Phuket, un sanctuaire respectueux o\u00f9 les \u00e9l\u00e9phants sont soign\u00e9s, choy\u00e9s et libres d\u2019\u00eatre simplement\u2026 des \u00e9l\u00e9phants. Pendant une demi-journ\u00e9e, vous apprendrez \u00e0 mieux conna\u00eetre ces g\u00e9ants doux et intelligents tout en participant \u00e0 leur routine quotidienne : pr\u00e9paration des repas, nourrissage, spa de boue, baignade et moments de tendresse. Le tout se d\u00e9roule dans un cadre naturel et paisible, avec une \u00e9quipe passionn\u00e9e qui partage avec vous des histoires et des informations pr\u00e9cieuses sur chaque \u00e9l\u00e9phant. Ce programme est certifi\u00e9 \u00e9thique et tr\u00e8s bien not\u00e9 sur TripAdvisor. Un d\u00e9jeuner local, des boissons, un t-shirt souvenir et les transferts gratuits sont inclus, pour une immersion compl\u00e8te sans souci.","og_url":"https:\/\/lunayatravel.com\/en\/product\/\ud83d\udc18-elephant-retirement-park-phuket-programme-de-soins-demi-journee\/","article_publisher":"https:\/\/www.facebook.com\/lunayaTravel\/","article_modified_time":"2025-07-30T05:48:39+00:00","og_image":[{"width":720,"height":540,"url":"https:\/\/lunayatravel.com\/wp-content\/uploads\/2025\/07\/01-6.webp","type":"image\/webp"}],"twitter_card":"summary_large_image","twitter_misc":{"Estimated reading time":"1 minute"},"schema":{"@context":"https:\/\/schema.org","@graph":[{"@type":"WebPage","@id":"https:\/\/lunayatravel.com\/produit\/%f0%9f%90%98-elephant-retirement-park-phuket-programme-de-soins-demi-journee\/","url":"https:\/\/lunayatravel.com\/produit\/%f0%9f%90%98-elephant-retirement-park-phuket-programme-de-soins-demi-journee\/","name":"\ud83d\udc18 Elephant Retirement Park Phuket \u2013 Programme de soins (demi-journ\u00e9e -","isPartOf":{"@id":"https:\/\/lunayatravel.com\/#website"},"primaryImageOfPage":{"@id":"https:\/\/lunayatravel.com\/produit\/%f0%9f%90%98-elephant-retirement-park-phuket-programme-de-soins-demi-journee\/#primaryimage"},"image":{"@id":"https:\/\/lunayatravel.com\/produit\/%f0%9f%90%98-elephant-retirement-park-phuket-programme-de-soins-demi-journee\/#primaryimage"},"thumbnailUrl":"https:\/\/lunayatravel.com\/wp-content\/uploads\/2025\/07\/01-6.webp","datePublished":"2025-07-30T05:48:38+00:00","dateModified":"2025-07-30T05:48:39+00:00","breadcrumb":{"@id":"https:\/\/lunayatravel.com\/produit\/%f0%9f%90%98-elephant-retirement-park-phuket-programme-de-soins-demi-journee\/#breadcrumb"},"inLanguage":"en-GB","potentialAction":[{"@type":"ReadAction","target":["https:\/\/lunayatravel.com\/produit\/%f0%9f%90%98-elephant-retirement-park-phuket-programme-de-soins-demi-journee\/"]}]},{"@type":"ImageObject","inLanguage":"en-GB","@id":"https:\/\/lunayatravel.com\/produit\/%f0%9f%90%98-elephant-retirement-park-phuket-programme-de-soins-demi-journee\/#primaryimage","url":"https:\/\/lunayatravel.com\/wp-content\/uploads\/2025\/07\/01-6.webp","contentUrl":"https:\/\/lunayatravel.com\/wp-content\/uploads\/2025\/07\/01-6.webp","width":720,"height":540},{"@type":"BreadcrumbList","@id":"https:\/\/lunayatravel.com\/produit\/%f0%9f%90%98-elephant-retirement-park-phuket-programme-de-soins-demi-journee\/#breadcrumb","itemListElement":[{"@type":"ListItem","position":1,"name":"Accueil","item":"https:\/\/lunayatravel.com\/"},{"@type":"ListItem","position":2,"name":"Nos activit\u00e9s","item":"https:\/\/lunayatravel.com\/nos-activites\/"},{"@type":"ListItem","position":3,"name":"\ud83d\udc18 Elephant Retirement Park Phuket \u2013 Programme de soins (demi-journ\u00e9e"}]},{"@type":"WebSite","@id":"https:\/\/lunayatravel.com\/#website","url":"https:\/\/lunayatravel.com\/","name":"","description":"","publisher":{"@id":"https:\/\/lunayatravel.com\/#organization"},"potentialAction":[{"@type":"SearchAction","target":{"@type":"EntryPoint","urlTemplate":"https:\/\/lunayatravel.com\/?s={search_term_string}"},"query-input":{"@type":"PropertyValueSpecification","valueRequired":true,"valueName":"search_term_string"}}],"inLanguage":"en-GB"},{"@type":"Organization","@id":"https:\/\/lunayatravel.com\/#organization","name":"Lunaya travel","alternateName":"Lunaya travel","url":"https:\/\/lunayatravel.com\/","logo":{"@type":"ImageObject","inLanguage":"en-GB","@id":"https:\/\/lunayatravel.com\/#\/schema\/logo\/image\/","url":"https:\/\/lunayatravel.com\/wp-content\/uploads\/2026\/03\/cropped-647319118_2379115739204013_337015058165053143_n.jpg","contentUrl":"https:\/\/lunayatravel.com\/wp-content\/uploads\/2026\/03\/cropped-647319118_2379115739204013_337015058165053143_n.jpg","width":1022,"height":1023,"caption":"Lunaya travel"},"image":{"@id":"https:\/\/lunayatravel.com\/#\/schema\/logo\/image\/"},"sameAs":["https:\/\/www.facebook.com\/lunayaTravel\/"]}]}},"uagb_featured_image_src":{"full":["https:\/\/lunayatravel.com\/wp-content\/uploads\/2025\/07\/01-6.webp",720,540,false],"thumbnail":["https:\/\/lunayatravel.com\/wp-content\/uploads\/2025\/07\/01-6-150x150.webp",150,150,true],"medium":["https:\/\/lunayatravel.com\/wp-content\/uploads\/2025\/07\/01-6-300x225.webp",300,225,true],"medium_large":["https:\/\/lunayatravel.com\/wp-content\/uploads\/2025\/07\/01-6.webp",720,540,false],"large":["https:\/\/lunayatravel.com\/wp-content\/uploads\/2025\/07\/01-6.webp",720,540,false],"1536x1536":["https:\/\/lunayatravel.com\/wp-content\/uploads\/2025\/07\/01-6.webp",720,540,false],"2048x2048":["https:\/\/lunayatravel.com\/wp-content\/uploads\/2025\/07\/01-6.webp",720,540,false],"trp-custom-language-flag":["https:\/\/lunayatravel.com\/wp-content\/uploads\/2025\/07\/01-6.webp",16,12,false],"widget-thumbnail":["https:\/\/lunayatravel.com\/wp-content\/uploads\/2025\/07\/01-6-75x75.webp",75,75,true],"mailpoet_newsletter_max":["https:\/\/lunayatravel.com\/wp-content\/uploads\/2025\/07\/01-6.webp",720,540,false],"woocommerce_thumbnail":["https:\/\/lunayatravel.com\/wp-content\/uploads\/2025\/07\/01-6-300x300.webp",300,300,true],"woocommerce_single":["https:\/\/lunayatravel.com\/wp-content\/uploads\/2025\/07\/01-6-600x450.webp",600,450,true],"woocommerce_gallery_thumbnail":["https:\/\/lunayatravel.com\/wp-content\/uploads\/2025\/07\/01-6-100x100.webp",100,100,true],"sow-carousel-default":["https:\/\/lunayatravel.com\/wp-content\/uploads\/2025\/07\/01-6-272x182.webp",272,182,true]},"uagb_author_info":{"display_name":"haemers stephanie","author_link":"https:\/\/lunayatravel.com\/en\/author\/"},"uagb_comment_info":0,"uagb_excerpt":"\ud83d\udcdd Description : Vivez une exp\u00e9rience inoubliable au Elephant Retirement Park de Phuket, un sanctuaire respectueux o\u00f9 les \u00e9l\u00e9phants sont soign\u00e9s, choy\u00e9s et libres d\u2019\u00eatre simplement\u2026 des \u00e9l\u00e9phants. Pendant une demi-journ\u00e9e, vous apprendrez \u00e0 mieux conna\u00eetre ces g\u00e9ants doux et intelligents tout en participant \u00e0 leur routine quotidienne : pr\u00e9paration des repas, nourrissage, spa de&hellip;","jetpack_sharing_enabled":true,"_links":{"self":[{"href":"https:\/\/lunayatravel.com\/en\/wp-json\/wp\/v2\/product\/30278","targetHints":{"allow":["GET"]}}],"collection":[{"href":"https:\/\/lunayatravel.com\/en\/wp-json\/wp\/v2\/product"}],"about":[{"href":"https:\/\/lunayatravel.com\/en\/wp-json\/wp\/v2\/types\/product"}],"replies":[{"embeddable":true,"href":"https:\/\/lunayatravel.com\/en\/wp-json\/wp\/v2\/comments?post=30278"}],"wp:featuredmedia":[{"embeddable":true,"href":"https:\/\/lunayatravel.com\/en\/wp-json\/wp\/v2\/media\/30282"}],"wp:attachment":[{"href":"https:\/\/lunayatravel.com\/en\/wp-json\/wp\/v2\/media?parent=30278"}],"wp:term":[{"taxonomy":"product_brand","embeddable":true,"href":"https:\/\/lunayatravel.com\/en\/wp-json\/wp\/v2\/product_brand?post=30278"},{"taxonomy":"product_cat","embeddable":true,"href":"https:\/\/lunayatravel.com\/en\/wp-json\/wp\/v2\/product_cat?post=30278"},{"taxonomy":"product_tag","embeddable":true,"href":"https:\/\/lunayatravel.com\/en\/wp-json\/wp\/v2\/product_tag?post=30278"}],"curies":[{"name":"wp","href":"https:\/\/api.w.org\/{rel}","templated":true}]}}