{"id":30272,"date":"2025-07-30T07:32:09","date_gmt":"2025-07-30T05:32:09","guid":{"rendered":"https:\/\/itctoursvoyages.com\/?post_type=product&#038;p=30272"},"modified":"2025-07-30T07:32:09","modified_gmt":"2025-07-30T05:32:09","slug":"%f0%9f%9b%a5%ef%b8%8f-racha-iles-coralliennes-coucher-de-soleil-au-cap-promthep-catamaran-yacht","status":"publish","type":"product","link":"https:\/\/lunayatravel.com\/en\/product\/%f0%9f%9b%a5%ef%b8%8f-racha-iles-coralliennes-coucher-de-soleil-au-cap-promthep-catamaran-yacht\/","title":{"rendered":"\ud83d\udee5\ufe0f Racha + Coral Islands + Sunset at Cape Promthep (catamaran yacht)"},"content":{"rendered":"<ul data-start=\"445\" data-end=\"788\">\n<li data-start=\"753\" data-end=\"788\">\n<p data-start=\"755\" data-end=\"788\">\n<\/li>\n<\/ul>\n<hr data-start=\"790\" data-end=\"793\" \/>\n<h3 data-start=\"795\" data-end=\"826\">\ud83d\udd52 Itinerary (indicative) :<\/h3>\n<ul data-start=\"827\" data-end=\"1277\">\n<li data-start=\"827\" data-end=\"870\">\n<p data-start=\"829\" data-end=\"870\"><strong data-start=\"829\" data-end=\"838\">07:00<\/strong> Pick-up at your hotel<\/p>\n<\/li>\n<li data-start=\"871\" data-end=\"915\">\n<p data-start=\"873\" data-end=\"915\"><strong data-start=\"873\" data-end=\"882\">09:00<\/strong> Departure by catamaran to Racha<\/p>\n<\/li>\n<li data-start=\"916\" data-end=\"1007\">\n<p data-start=\"918\" data-end=\"1007\"><strong data-start=\"918\" data-end=\"927\">10:40<\/strong> Exploration of the island of Racha, swimming or activities (diving, mountain biking optional)<\/p>\n<\/li>\n<li data-start=\"1008\" data-end=\"1055\">\n<p data-start=\"1010\" data-end=\"1055\"><strong data-start=\"1010\" data-end=\"1019\">11:40<\/strong> : Snorkelling around Coral Island<\/p>\n<\/li>\n<li data-start=\"1056\" data-end=\"1090\">\n<p data-start=\"1058\" data-end=\"1090\"><strong data-start=\"1058\" data-end=\"1067\">12:20<\/strong> Thai lunch on board<\/p>\n<\/li>\n<li data-start=\"1091\" data-end=\"1163\">\n<p data-start=\"1093\" data-end=\"1163\"><strong data-start=\"1093\" data-end=\"1102\">14:00<\/strong> Relaxation on the beach or water sports (optional)<\/p>\n<\/li>\n<li data-start=\"1164\" data-end=\"1220\">\n<p data-start=\"1166\" data-end=\"1220\"><strong data-start=\"1166\" data-end=\"1175\">17:00<\/strong> Sunset and fishing at Cape Promthep<\/p>\n<\/li>\n<li data-start=\"1221\" data-end=\"1277\">\n<p data-start=\"1223\" data-end=\"1277\"><strong data-start=\"1223\" data-end=\"1238\">18:45-19:00<\/strong> Return to the pier and hotel transfer<\/p>\n<\/li>\n<\/ul>\n<hr data-start=\"1279\" data-end=\"1282\" \/>\n<h3 data-start=\"1284\" data-end=\"1298\">\u2705 Includes :<\/h3>\n<ul data-start=\"1299\" data-end=\"1545\">\n<li data-start=\"1299\" data-end=\"1355\">\n<p data-start=\"1301\" data-end=\"1355\">Return transfer (some areas at extra cost)<\/p>\n<\/li>\n<li data-start=\"1356\" data-end=\"1387\">\n<p data-start=\"1358\" data-end=\"1387\">Thai buffet lunch + fruit<\/p>\n<\/li>\n<li data-start=\"1388\" data-end=\"1414\">\n<p data-start=\"1390\" data-end=\"1414\">Non-alcoholic drinks<\/p>\n<\/li>\n<li data-start=\"1415\" data-end=\"1450\">\n<p data-start=\"1417\" data-end=\"1450\">Snorkelling and fishing equipment<\/p>\n<\/li>\n<li data-start=\"1451\" data-end=\"1469\">\n<p data-start=\"1453\" data-end=\"1469\">English-speaking guide<\/p>\n<\/li>\n<li data-start=\"1470\" data-end=\"1490\">\n<p data-start=\"1472\" data-end=\"1490\">Photographer on board<\/p>\n<\/li>\n<li data-start=\"1491\" data-end=\"1524\">\n<p data-start=\"1493\" data-end=\"1524\">Beach towel (except April)<\/p>\n<\/li>\n<li data-start=\"1525\" data-end=\"1545\">\n<p data-start=\"1527\" data-end=\"1545\">Accident insurance<\/p>\n<\/li>\n<\/ul>\n<h3 data-start=\"1547\" data-end=\"1565\">\u274c Not included:<\/h3>\n<ul data-start=\"1566\" data-end=\"1695\">\n<li data-start=\"1566\" data-end=\"1608\">\n<p data-start=\"1568\" data-end=\"1608\">Transfer to certain remote areas<\/p>\n<\/li>\n<li data-start=\"1609\" data-end=\"1659\">\n<p data-start=\"1611\" data-end=\"1659\">Water sports on Coral Island (optional)<\/p>\n<\/li>\n<li data-start=\"1660\" data-end=\"1682\">\n<p data-start=\"1662\" data-end=\"1682\">Alcoholic drinks<\/p>\n<\/li>\n<li data-start=\"1683\" data-end=\"1695\">\n<p data-start=\"1685\" data-end=\"1695\">Tips<\/p>\n<\/li>\n<\/ul>\n<hr data-start=\"1697\" data-end=\"1700\" \/>\n<h3 data-start=\"1702\" data-end=\"1720\">\ud83e\uddf3 What to expect:<\/h3>\n<ul data-start=\"1721\" data-end=\"1793\">\n<li data-start=\"1721\" data-end=\"1738\">\n<p data-start=\"1723\" data-end=\"1738\">Swimming costumes<\/p>\n<\/li>\n<li data-start=\"1739\" data-end=\"1754\">\n<p data-start=\"1741\" data-end=\"1754\">Sun cream<\/p>\n<\/li>\n<li data-start=\"1755\" data-end=\"1775\">\n<p data-start=\"1757\" data-end=\"1775\">Sunglasses<\/p>\n<\/li>\n<li data-start=\"1776\" data-end=\"1793\">\n<p data-start=\"1778\" data-end=\"1793\">Pocket money<\/p>\n<\/li>\n<\/ul>","protected":false},"excerpt":{"rendered":"<h3 data-start=\"424\" data-end=\"444\"><\/h3>\n<h3 data-start=\"804\" data-end=\"831\">\ud83d\udcdd Description:<\/h3>\n<p data-start=\"833\" data-end=\"1150\">Located in the south of Phuket, Racha Island and Coral Island can be reached in just 30 minutes by boat. These paradise islands are renowned for their white sandy beaches, crystal-clear waters and superb coral reefs, perfect for snorkelling even in low season.<\/p>\n<p data-start=\"1152\" data-end=\"1363\">Come aboard a spacious sailing catamaran and let yourself be carried away by the beauty of the Andaman Sea. Enjoy a full day of relaxation, exploration, snorkelling and breathtaking scenery.<\/p>\n<p data-start=\"1365\" data-end=\"1597\">You will first discover Racha Yai, a wild and idyllic island, before making a stopover at Coral Island (Koh Hey), famous for its colourful seabed and optional water sports (transparent kayaking, parasailing...).<\/p>\n<p data-start=\"1599\" data-end=\"1791\">At the end of the day, the boat will take you to the famous Promthep cape, where you can admire an impressive panorama. <strong data-start=\"1698\" data-end=\"1730\">magnificent sunset<\/strong> while fishing or relaxing on deck.<\/p>\n<p data-start=\"1793\" data-end=\"1899\">This unforgettable moment will offer you an immersive experience combining nature, adventure and Thai charm.<\/p>\n<h3 data-start=\"424\" data-end=\"444\"><\/h3>\n<h3 data-start=\"424\" data-end=\"444\">\u2728 Highlights:<\/h3>\n<ul data-start=\"445\" data-end=\"788\">\n<li data-start=\"445\" data-end=\"499\">\n<p data-start=\"447\" data-end=\"499\">Sail aboard an elegant SHA+-certified catamaran<\/p>\n<\/li>\n<li data-start=\"500\" data-end=\"564\">\n<p data-start=\"502\" data-end=\"564\">Explore <strong data-start=\"511\" data-end=\"529\">the island of Racha<\/strong> and <strong data-start=\"533\" data-end=\"549\">Coral Island<\/strong> in one day<\/p>\n<\/li>\n<li data-start=\"565\" data-end=\"655\">\n<p data-start=\"567\" data-end=\"655\">Activities available: snorkelling, beach, kayaking, parasailing (extra charge)<\/p>\n<\/li>\n<li data-start=\"656\" data-end=\"717\">\n<p data-start=\"658\" data-end=\"717\">View <strong data-start=\"662\" data-end=\"701\">breathtaking at sunset<\/strong> in cape Promthep<\/p>\n<\/li>\n<li data-start=\"718\" data-end=\"752\">\n<p data-start=\"720\" data-end=\"752\">Professional photographer on board<\/p>\n<\/li>\n<li data-start=\"753\" data-end=\"788\">\n<p data-start=\"755\" data-end=\"788\">Buffet lunch + drinks included<\/p>\n<\/li>\n<\/ul>","protected":false},"featured_media":30277,"comment_status":"open","ping_status":"closed","template":"","meta":{"_uag_custom_page_level_css":""},"product_brand":[],"product_cat":[67],"product_tag":[],"class_list":{"0":"post-30272","1":"product","2":"type-product","3":"status-publish","4":"has-post-thumbnail","6":"product_cat-phuket","8":"first","9":"instock","10":"virtual","11":"taxable","12":"purchasable","13":"product-type-simple"},"yoast_head":"<!-- This site is optimized with the Yoast SEO plugin v27.1.1 - https:\/\/yoast.com\/product\/yoast-seo-wordpress\/ -->\n<title>\ud83d\udee5\ufe0f Racha + \u00celes Coralliennes + Coucher de Soleil au Cap Promthep (catamaran yacht) -<\/title>\n<meta name=\"robots\" content=\"index, follow, max-snippet:-1, max-image-preview:large, max-video-preview:-1\" \/>\n<link rel=\"canonical\" href=\"https:\/\/lunayatravel.com\/en\/product\/\ud83d\udee5\ufe0f-racha-iles-coralliennes-coucher-de-soleil-au-cap-promthep-catamaran-yacht\/\" \/>\n<meta property=\"og:locale\" content=\"en_GB\" \/>\n<meta property=\"og:type\" content=\"article\" \/>\n<meta property=\"og:title\" content=\"\ud83d\udee5\ufe0f Racha + \u00celes Coralliennes + Coucher de Soleil au Cap Promthep (catamaran yacht) -\" \/>\n<meta property=\"og:description\" content=\"\ud83d\udcdd Description : Situ\u00e9es dans le sud de Phuket, les \u00eeles Racha et Coral Island sont accessibles en seulement 30 minutes de navigation. Ces \u00eeles paradisiaques sont r\u00e9put\u00e9es pour leurs plages de sable blanc, leurs eaux cristallines, et leurs superbes r\u00e9cifs coralliens, parfaits pour la plong\u00e9e avec masque et tuba m\u00eame en basse saison. Embarquez \u00e0 bord d\u2019un spacieux catamaran \u00e0 voile et laissez-vous porter par la beaut\u00e9 de la mer d\u2019Andaman. Profitez d&#039;une journ\u00e9e compl\u00e8te m\u00ealant d\u00e9tente, exploration, snorkeling et paysages \u00e0 couper le souffle. Vous d\u00e9couvrirez d\u2019abord Racha Yai, une \u00eele sauvage et idyllique, puis ferez escale \u00e0 Coral Island (Koh Hey), connue pour ses fonds marins color\u00e9s et ses activit\u00e9s nautiques optionnelles (kayak transparent, parachute ascensionnel\u2026). En fin de journ\u00e9e, le bateau vous m\u00e8nera jusqu\u2019au c\u00e9l\u00e8bre cap Promthep, o\u00f9 vous pourrez admirer un magnifique coucher de soleil tout en pratiquant la p\u00eache ou en vous relaxant sur le pont. Ce moment inoubliable vous offrira une exp\u00e9rience immersive entre nature, aventure, et charme tha\u00eflandais.   \u2728 Points forts :    Naviguez \u00e0 bord d\u2019un catamaran \u00e9l\u00e9gant certifi\u00e9 SHA+    Explorez l\u2019\u00eele de Racha et Coral Island en une journ\u00e9e    Activit\u00e9s disponibles : snorkeling, plage, kayak, parachute ascensionnel (en suppl\u00e9ment)    Vue \u00e9poustouflante au coucher du soleil au cap Promthep    Photographe professionnel \u00e0 bord    D\u00e9jeuner buffet + boissons inclus\" \/>\n<meta property=\"og:url\" content=\"https:\/\/lunayatravel.com\/en\/product\/\ud83d\udee5\ufe0f-racha-iles-coralliennes-coucher-de-soleil-au-cap-promthep-catamaran-yacht\/\" \/>\n<meta property=\"article:publisher\" content=\"https:\/\/www.facebook.com\/lunayaTravel\/\" \/>\n<meta property=\"og:image\" content=\"https:\/\/lunayatravel.com\/wp-content\/uploads\/2025\/07\/NewSHACover5.webp\" \/>\n\t<meta property=\"og:image:width\" content=\"720\" \/>\n\t<meta property=\"og:image:height\" content=\"540\" \/>\n\t<meta property=\"og:image:type\" content=\"image\/webp\" \/>\n<meta name=\"twitter:card\" content=\"summary_large_image\" \/>\n<meta name=\"twitter:label1\" content=\"Estimated reading time\" \/>\n\t<meta name=\"twitter:data1\" content=\"1 minute\" \/>\n<script type=\"application\/ld+json\" class=\"yoast-schema-graph\">{\"@context\":\"https:\/\/schema.org\",\"@graph\":[{\"@type\":\"WebPage\",\"@id\":\"https:\/\/lunayatravel.com\/produit\/%f0%9f%9b%a5%ef%b8%8f-racha-iles-coralliennes-coucher-de-soleil-au-cap-promthep-catamaran-yacht\/\",\"url\":\"https:\/\/lunayatravel.com\/produit\/%f0%9f%9b%a5%ef%b8%8f-racha-iles-coralliennes-coucher-de-soleil-au-cap-promthep-catamaran-yacht\/\",\"name\":\"\ud83d\udee5\ufe0f Racha + \u00celes Coralliennes + Coucher de Soleil au Cap Promthep (catamaran yacht) -\",\"isPartOf\":{\"@id\":\"https:\/\/lunayatravel.com\/#website\"},\"primaryImageOfPage\":{\"@id\":\"https:\/\/lunayatravel.com\/produit\/%f0%9f%9b%a5%ef%b8%8f-racha-iles-coralliennes-coucher-de-soleil-au-cap-promthep-catamaran-yacht\/#primaryimage\"},\"image\":{\"@id\":\"https:\/\/lunayatravel.com\/produit\/%f0%9f%9b%a5%ef%b8%8f-racha-iles-coralliennes-coucher-de-soleil-au-cap-promthep-catamaran-yacht\/#primaryimage\"},\"thumbnailUrl\":\"https:\/\/lunayatravel.com\/wp-content\/uploads\/2025\/07\/NewSHACover5.webp\",\"datePublished\":\"2025-07-30T05:32:09+00:00\",\"breadcrumb\":{\"@id\":\"https:\/\/lunayatravel.com\/produit\/%f0%9f%9b%a5%ef%b8%8f-racha-iles-coralliennes-coucher-de-soleil-au-cap-promthep-catamaran-yacht\/#breadcrumb\"},\"inLanguage\":\"en-GB\",\"potentialAction\":[{\"@type\":\"ReadAction\",\"target\":[\"https:\/\/lunayatravel.com\/produit\/%f0%9f%9b%a5%ef%b8%8f-racha-iles-coralliennes-coucher-de-soleil-au-cap-promthep-catamaran-yacht\/\"]}]},{\"@type\":\"ImageObject\",\"inLanguage\":\"en-GB\",\"@id\":\"https:\/\/lunayatravel.com\/produit\/%f0%9f%9b%a5%ef%b8%8f-racha-iles-coralliennes-coucher-de-soleil-au-cap-promthep-catamaran-yacht\/#primaryimage\",\"url\":\"https:\/\/lunayatravel.com\/wp-content\/uploads\/2025\/07\/NewSHACover5.webp\",\"contentUrl\":\"https:\/\/lunayatravel.com\/wp-content\/uploads\/2025\/07\/NewSHACover5.webp\",\"width\":720,\"height\":540},{\"@type\":\"BreadcrumbList\",\"@id\":\"https:\/\/lunayatravel.com\/produit\/%f0%9f%9b%a5%ef%b8%8f-racha-iles-coralliennes-coucher-de-soleil-au-cap-promthep-catamaran-yacht\/#breadcrumb\",\"itemListElement\":[{\"@type\":\"ListItem\",\"position\":1,\"name\":\"Accueil\",\"item\":\"https:\/\/lunayatravel.com\/\"},{\"@type\":\"ListItem\",\"position\":2,\"name\":\"Nos activit\u00e9s\",\"item\":\"https:\/\/lunayatravel.com\/nos-activites\/\"},{\"@type\":\"ListItem\",\"position\":3,\"name\":\"\ud83d\udee5\ufe0f Racha + \u00celes Coralliennes + Coucher de Soleil au Cap Promthep (catamaran yacht)\"}]},{\"@type\":\"WebSite\",\"@id\":\"https:\/\/lunayatravel.com\/#website\",\"url\":\"https:\/\/lunayatravel.com\/\",\"name\":\"\",\"description\":\"\",\"publisher\":{\"@id\":\"https:\/\/lunayatravel.com\/#organization\"},\"potentialAction\":[{\"@type\":\"SearchAction\",\"target\":{\"@type\":\"EntryPoint\",\"urlTemplate\":\"https:\/\/lunayatravel.com\/?s={search_term_string}\"},\"query-input\":{\"@type\":\"PropertyValueSpecification\",\"valueRequired\":true,\"valueName\":\"search_term_string\"}}],\"inLanguage\":\"en-GB\"},{\"@type\":\"Organization\",\"@id\":\"https:\/\/lunayatravel.com\/#organization\",\"name\":\"Lunaya travel\",\"alternateName\":\"Lunaya travel\",\"url\":\"https:\/\/lunayatravel.com\/\",\"logo\":{\"@type\":\"ImageObject\",\"inLanguage\":\"en-GB\",\"@id\":\"https:\/\/lunayatravel.com\/#\/schema\/logo\/image\/\",\"url\":\"https:\/\/lunayatravel.com\/wp-content\/uploads\/2026\/03\/cropped-647319118_2379115739204013_337015058165053143_n.jpg\",\"contentUrl\":\"https:\/\/lunayatravel.com\/wp-content\/uploads\/2026\/03\/cropped-647319118_2379115739204013_337015058165053143_n.jpg\",\"width\":1022,\"height\":1023,\"caption\":\"Lunaya travel\"},\"image\":{\"@id\":\"https:\/\/lunayatravel.com\/#\/schema\/logo\/image\/\"},\"sameAs\":[\"https:\/\/www.facebook.com\/lunayaTravel\/\"]}]}<\/script>\n<!-- \/ Yoast SEO plugin. -->","yoast_head_json":{"title":"\ud83d\udee5\ufe0f Racha + \u00celes Coralliennes + Coucher de Soleil au Cap Promthep (catamaran yacht) -","robots":{"index":"index","follow":"follow","max-snippet":"max-snippet:-1","max-image-preview":"max-image-preview:large","max-video-preview":"max-video-preview:-1"},"canonical":"https:\/\/lunayatravel.com\/en\/product\/\ud83d\udee5\ufe0f-racha-iles-coralliennes-coucher-de-soleil-au-cap-promthep-catamaran-yacht\/","og_locale":"en_GB","og_type":"article","og_title":"\ud83d\udee5\ufe0f Racha + \u00celes Coralliennes + Coucher de Soleil au Cap Promthep (catamaran yacht) -","og_description":"\ud83d\udcdd Description : Situ\u00e9es dans le sud de Phuket, les \u00eeles Racha et Coral Island sont accessibles en seulement 30 minutes de navigation. Ces \u00eeles paradisiaques sont r\u00e9put\u00e9es pour leurs plages de sable blanc, leurs eaux cristallines, et leurs superbes r\u00e9cifs coralliens, parfaits pour la plong\u00e9e avec masque et tuba m\u00eame en basse saison. Embarquez \u00e0 bord d\u2019un spacieux catamaran \u00e0 voile et laissez-vous porter par la beaut\u00e9 de la mer d\u2019Andaman. Profitez d'une journ\u00e9e compl\u00e8te m\u00ealant d\u00e9tente, exploration, snorkeling et paysages \u00e0 couper le souffle. Vous d\u00e9couvrirez d\u2019abord Racha Yai, une \u00eele sauvage et idyllique, puis ferez escale \u00e0 Coral Island (Koh Hey), connue pour ses fonds marins color\u00e9s et ses activit\u00e9s nautiques optionnelles (kayak transparent, parachute ascensionnel\u2026). En fin de journ\u00e9e, le bateau vous m\u00e8nera jusqu\u2019au c\u00e9l\u00e8bre cap Promthep, o\u00f9 vous pourrez admirer un magnifique coucher de soleil tout en pratiquant la p\u00eache ou en vous relaxant sur le pont. Ce moment inoubliable vous offrira une exp\u00e9rience immersive entre nature, aventure, et charme tha\u00eflandais.   \u2728 Points forts :    Naviguez \u00e0 bord d\u2019un catamaran \u00e9l\u00e9gant certifi\u00e9 SHA+    Explorez l\u2019\u00eele de Racha et Coral Island en une journ\u00e9e    Activit\u00e9s disponibles : snorkeling, plage, kayak, parachute ascensionnel (en suppl\u00e9ment)    Vue \u00e9poustouflante au coucher du soleil au cap Promthep    Photographe professionnel \u00e0 bord    D\u00e9jeuner buffet + boissons inclus","og_url":"https:\/\/lunayatravel.com\/en\/product\/\ud83d\udee5\ufe0f-racha-iles-coralliennes-coucher-de-soleil-au-cap-promthep-catamaran-yacht\/","article_publisher":"https:\/\/www.facebook.com\/lunayaTravel\/","og_image":[{"width":720,"height":540,"url":"https:\/\/lunayatravel.com\/wp-content\/uploads\/2025\/07\/NewSHACover5.webp","type":"image\/webp"}],"twitter_card":"summary_large_image","twitter_misc":{"Estimated reading time":"1 minute"},"schema":{"@context":"https:\/\/schema.org","@graph":[{"@type":"WebPage","@id":"https:\/\/lunayatravel.com\/produit\/%f0%9f%9b%a5%ef%b8%8f-racha-iles-coralliennes-coucher-de-soleil-au-cap-promthep-catamaran-yacht\/","url":"https:\/\/lunayatravel.com\/produit\/%f0%9f%9b%a5%ef%b8%8f-racha-iles-coralliennes-coucher-de-soleil-au-cap-promthep-catamaran-yacht\/","name":"\ud83d\udee5\ufe0f Racha + \u00celes Coralliennes + Coucher de Soleil au Cap Promthep (catamaran yacht) -","isPartOf":{"@id":"https:\/\/lunayatravel.com\/#website"},"primaryImageOfPage":{"@id":"https:\/\/lunayatravel.com\/produit\/%f0%9f%9b%a5%ef%b8%8f-racha-iles-coralliennes-coucher-de-soleil-au-cap-promthep-catamaran-yacht\/#primaryimage"},"image":{"@id":"https:\/\/lunayatravel.com\/produit\/%f0%9f%9b%a5%ef%b8%8f-racha-iles-coralliennes-coucher-de-soleil-au-cap-promthep-catamaran-yacht\/#primaryimage"},"thumbnailUrl":"https:\/\/lunayatravel.com\/wp-content\/uploads\/2025\/07\/NewSHACover5.webp","datePublished":"2025-07-30T05:32:09+00:00","breadcrumb":{"@id":"https:\/\/lunayatravel.com\/produit\/%f0%9f%9b%a5%ef%b8%8f-racha-iles-coralliennes-coucher-de-soleil-au-cap-promthep-catamaran-yacht\/#breadcrumb"},"inLanguage":"en-GB","potentialAction":[{"@type":"ReadAction","target":["https:\/\/lunayatravel.com\/produit\/%f0%9f%9b%a5%ef%b8%8f-racha-iles-coralliennes-coucher-de-soleil-au-cap-promthep-catamaran-yacht\/"]}]},{"@type":"ImageObject","inLanguage":"en-GB","@id":"https:\/\/lunayatravel.com\/produit\/%f0%9f%9b%a5%ef%b8%8f-racha-iles-coralliennes-coucher-de-soleil-au-cap-promthep-catamaran-yacht\/#primaryimage","url":"https:\/\/lunayatravel.com\/wp-content\/uploads\/2025\/07\/NewSHACover5.webp","contentUrl":"https:\/\/lunayatravel.com\/wp-content\/uploads\/2025\/07\/NewSHACover5.webp","width":720,"height":540},{"@type":"BreadcrumbList","@id":"https:\/\/lunayatravel.com\/produit\/%f0%9f%9b%a5%ef%b8%8f-racha-iles-coralliennes-coucher-de-soleil-au-cap-promthep-catamaran-yacht\/#breadcrumb","itemListElement":[{"@type":"ListItem","position":1,"name":"Accueil","item":"https:\/\/lunayatravel.com\/"},{"@type":"ListItem","position":2,"name":"Nos activit\u00e9s","item":"https:\/\/lunayatravel.com\/nos-activites\/"},{"@type":"ListItem","position":3,"name":"\ud83d\udee5\ufe0f Racha + \u00celes Coralliennes + Coucher de Soleil au Cap Promthep (catamaran yacht)"}]},{"@type":"WebSite","@id":"https:\/\/lunayatravel.com\/#website","url":"https:\/\/lunayatravel.com\/","name":"","description":"","publisher":{"@id":"https:\/\/lunayatravel.com\/#organization"},"potentialAction":[{"@type":"SearchAction","target":{"@type":"EntryPoint","urlTemplate":"https:\/\/lunayatravel.com\/?s={search_term_string}"},"query-input":{"@type":"PropertyValueSpecification","valueRequired":true,"valueName":"search_term_string"}}],"inLanguage":"en-GB"},{"@type":"Organization","@id":"https:\/\/lunayatravel.com\/#organization","name":"Lunaya travel","alternateName":"Lunaya travel","url":"https:\/\/lunayatravel.com\/","logo":{"@type":"ImageObject","inLanguage":"en-GB","@id":"https:\/\/lunayatravel.com\/#\/schema\/logo\/image\/","url":"https:\/\/lunayatravel.com\/wp-content\/uploads\/2026\/03\/cropped-647319118_2379115739204013_337015058165053143_n.jpg","contentUrl":"https:\/\/lunayatravel.com\/wp-content\/uploads\/2026\/03\/cropped-647319118_2379115739204013_337015058165053143_n.jpg","width":1022,"height":1023,"caption":"Lunaya travel"},"image":{"@id":"https:\/\/lunayatravel.com\/#\/schema\/logo\/image\/"},"sameAs":["https:\/\/www.facebook.com\/lunayaTravel\/"]}]}},"uagb_featured_image_src":{"full":["https:\/\/lunayatravel.com\/wp-content\/uploads\/2025\/07\/NewSHACover5.webp",720,540,false],"thumbnail":["https:\/\/lunayatravel.com\/wp-content\/uploads\/2025\/07\/NewSHACover5-150x150.webp",150,150,true],"medium":["https:\/\/lunayatravel.com\/wp-content\/uploads\/2025\/07\/NewSHACover5-300x225.webp",300,225,true],"medium_large":["https:\/\/lunayatravel.com\/wp-content\/uploads\/2025\/07\/NewSHACover5.webp",720,540,false],"large":["https:\/\/lunayatravel.com\/wp-content\/uploads\/2025\/07\/NewSHACover5.webp",720,540,false],"1536x1536":["https:\/\/lunayatravel.com\/wp-content\/uploads\/2025\/07\/NewSHACover5.webp",720,540,false],"2048x2048":["https:\/\/lunayatravel.com\/wp-content\/uploads\/2025\/07\/NewSHACover5.webp",720,540,false],"trp-custom-language-flag":["https:\/\/lunayatravel.com\/wp-content\/uploads\/2025\/07\/NewSHACover5.webp",16,12,false],"widget-thumbnail":["https:\/\/lunayatravel.com\/wp-content\/uploads\/2025\/07\/NewSHACover5-75x75.webp",75,75,true],"mailpoet_newsletter_max":["https:\/\/lunayatravel.com\/wp-content\/uploads\/2025\/07\/NewSHACover5.webp",720,540,false],"woocommerce_thumbnail":["https:\/\/lunayatravel.com\/wp-content\/uploads\/2025\/07\/NewSHACover5-300x300.webp",300,300,true],"woocommerce_single":["https:\/\/lunayatravel.com\/wp-content\/uploads\/2025\/07\/NewSHACover5-600x450.webp",600,450,true],"woocommerce_gallery_thumbnail":["https:\/\/lunayatravel.com\/wp-content\/uploads\/2025\/07\/NewSHACover5-100x100.webp",100,100,true],"sow-carousel-default":["https:\/\/lunayatravel.com\/wp-content\/uploads\/2025\/07\/NewSHACover5-272x182.webp",272,182,true]},"uagb_author_info":{"display_name":"haemers stephanie","author_link":"https:\/\/lunayatravel.com\/en\/author\/"},"uagb_comment_info":0,"uagb_excerpt":"\ud83d\udcdd Description : Situ\u00e9es dans le sud de Phuket, les \u00eeles Racha et Coral Island sont accessibles en seulement 30 minutes de navigation. Ces \u00eeles paradisiaques sont r\u00e9put\u00e9es pour leurs plages de sable blanc, leurs eaux cristallines, et leurs superbes r\u00e9cifs coralliens, parfaits pour la plong\u00e9e avec masque et tuba m\u00eame en basse saison. Embarquez&hellip;","jetpack_sharing_enabled":true,"_links":{"self":[{"href":"https:\/\/lunayatravel.com\/en\/wp-json\/wp\/v2\/product\/30272","targetHints":{"allow":["GET"]}}],"collection":[{"href":"https:\/\/lunayatravel.com\/en\/wp-json\/wp\/v2\/product"}],"about":[{"href":"https:\/\/lunayatravel.com\/en\/wp-json\/wp\/v2\/types\/product"}],"replies":[{"embeddable":true,"href":"https:\/\/lunayatravel.com\/en\/wp-json\/wp\/v2\/comments?post=30272"}],"wp:featuredmedia":[{"embeddable":true,"href":"https:\/\/lunayatravel.com\/en\/wp-json\/wp\/v2\/media\/30277"}],"wp:attachment":[{"href":"https:\/\/lunayatravel.com\/en\/wp-json\/wp\/v2\/media?parent=30272"}],"wp:term":[{"taxonomy":"product_brand","embeddable":true,"href":"https:\/\/lunayatravel.com\/en\/wp-json\/wp\/v2\/product_brand?post=30272"},{"taxonomy":"product_cat","embeddable":true,"href":"https:\/\/lunayatravel.com\/en\/wp-json\/wp\/v2\/product_cat?post=30272"},{"taxonomy":"product_tag","embeddable":true,"href":"https:\/\/lunayatravel.com\/en\/wp-json\/wp\/v2\/product_tag?post=30272"}],"curies":[{"name":"wp","href":"https:\/\/api.w.org\/{rel}","templated":true}]}}