{"id":30266,"date":"2025-07-30T07:09:31","date_gmt":"2025-07-30T05:09:31","guid":{"rendered":"https:\/\/itctoursvoyages.com\/?post_type=product&#038;p=30266"},"modified":"2025-07-30T07:09:31","modified_gmt":"2025-07-30T05:09:31","slug":"%f0%9f%9b%a5%ef%b8%8f-diner-croisiere-melody-au-coucher-du-soleil","status":"publish","type":"product","link":"https:\/\/lunayatravel.com\/en\/product\/%f0%9f%9b%a5%ef%b8%8f-diner-croisiere-melody-au-coucher-du-soleil\/","title":{"rendered":"\ud83d\udee5\ufe0f Melody sunset dinner cruise"},"content":{"rendered":"<h3 data-start=\"627\" data-end=\"641\">\u2705 Includes :<\/h3>\n<ul data-start=\"642\" data-end=\"954\">\n<li data-start=\"642\" data-end=\"718\">\n<p data-start=\"644\" data-end=\"718\">Return transfer from Patong, Kata, Karon, Kamala and Phuket Town<\/p>\n<\/li>\n<li data-start=\"719\" data-end=\"760\">\n<p data-start=\"721\" data-end=\"760\">Welcome drink, cocktail\/mocktail<\/p>\n<\/li>\n<li data-start=\"761\" data-end=\"802\">\n<p data-start=\"763\" data-end=\"802\">Thai and Indian barbecue buffet<\/p>\n<\/li>\n<li data-start=\"803\" data-end=\"836\">\n<p data-start=\"805\" data-end=\"836\">Water, fresh fruit, snacks<\/p>\n<\/li>\n<li data-start=\"837\" data-end=\"877\">\n<p data-start=\"839\" data-end=\"877\">Lifejackets, first aid<\/p>\n<\/li>\n<li data-start=\"878\" data-end=\"915\">\n<p data-start=\"880\" data-end=\"915\">Professional English-speaking crew<\/p>\n<\/li>\n<li data-start=\"916\" data-end=\"938\">\n<p data-start=\"918\" data-end=\"938\">Accident insurance<\/p>\n<\/li>\n<li data-start=\"939\" data-end=\"954\">\n<p data-start=\"941\" data-end=\"954\">Shipping costs<\/p>\n<\/li>\n<\/ul>\n<hr data-start=\"956\" data-end=\"959\" \/>\n<h3 data-start=\"961\" data-end=\"979\">\u274c Not included:<\/h3>\n<ul data-start=\"980\" data-end=\"1047\">\n<li data-start=\"980\" data-end=\"1020\">\n<p data-start=\"982\" data-end=\"1020\">Alcoholic beverages (extra charge)<\/p>\n<\/li>\n<li data-start=\"1021\" data-end=\"1047\">\n<p data-start=\"1023\" data-end=\"1047\">Souvenirs &amp; tips<\/p>\n<\/li>\n<\/ul>\n<hr data-start=\"1049\" data-end=\"1052\" \/>\n<h3 data-start=\"1054\" data-end=\"1073\">\ud83e\udded Itinerary :<\/h3>\n<ul data-start=\"1074\" data-end=\"1298\">\n<li data-start=\"1074\" data-end=\"1119\">\n<p data-start=\"1076\" data-end=\"1119\"><strong data-start=\"1076\" data-end=\"1085\">15h00<\/strong> Pick-up at your hotel<\/p>\n<\/li>\n<li data-start=\"1120\" data-end=\"1174\">\n<p data-start=\"1122\" data-end=\"1174\"><strong data-start=\"1122\" data-end=\"1131\">16h00<\/strong> Registration + welcome cocktail<\/p>\n<\/li>\n<li data-start=\"1175\" data-end=\"1225\">\n<p data-start=\"1177\" data-end=\"1225\"><strong data-start=\"1177\" data-end=\"1186\">16h30<\/strong> Departure for Cape Promthep &amp; Krating<\/p>\n<\/li>\n<li data-start=\"1226\" data-end=\"1265\">\n<p data-start=\"1228\" data-end=\"1265\"><strong data-start=\"1228\" data-end=\"1237\">18h30<\/strong> Buffet on board + music<\/p>\n<\/li>\n<li data-start=\"1266\" data-end=\"1298\">\n<p data-start=\"1268\" data-end=\"1298\"><strong data-start=\"1268\" data-end=\"1277\">20h15<\/strong> Return to the hotel<\/p>\n<\/li>\n<\/ul>\n<hr data-start=\"1300\" data-end=\"1303\" \/>\n<h3 data-start=\"1305\" data-end=\"1323\">\ud83d\udccc What to expect:<\/h3>\n<ul data-start=\"1324\" data-end=\"1395\">\n<li data-start=\"1324\" data-end=\"1342\">\n<p data-start=\"1326\" data-end=\"1342\">Camera<\/p>\n<\/li>\n<li data-start=\"1343\" data-end=\"1362\">\n<p data-start=\"1345\" data-end=\"1362\">Swimming costumes<\/p>\n<\/li>\n<li data-start=\"1363\" data-end=\"1395\">\n<p data-start=\"1365\" data-end=\"1395\">Money for drinks and extras<\/p>\n<\/li>\n<\/ul>","protected":false},"excerpt":{"rendered":"<h3 data-start=\"284\" data-end=\"316\">\ud83c\udf05 A magical evening at sea<\/h3>\n<p data-start=\"318\" data-end=\"620\">Come aboard the <em data-start=\"338\" data-end=\"346\">Melody<\/em> for an elegant cruise along the Phuket coast, culminating in the sunset over Cape Promthep. Enjoy a welcome cocktail, a Thai, Indian and barbecue buffet, live music and a DJ on board. An unforgettable moment between sea and sky!<\/p>","protected":false},"featured_media":30271,"comment_status":"open","ping_status":"closed","template":"","meta":{"_uag_custom_page_level_css":""},"product_brand":[],"product_cat":[67],"product_tag":[],"class_list":{"0":"post-30266","1":"product","2":"type-product","3":"status-publish","4":"has-post-thumbnail","6":"product_cat-phuket","8":"first","9":"instock","10":"virtual","11":"taxable","12":"purchasable","13":"product-type-simple"},"yoast_head":"<!-- This site is optimized with the Yoast SEO plugin v27.1.1 - https:\/\/yoast.com\/product\/yoast-seo-wordpress\/ -->\n<title>\ud83d\udee5\ufe0f D\u00eener-croisi\u00e8re Melody au coucher du soleil -<\/title>\n<meta name=\"robots\" content=\"index, follow, max-snippet:-1, max-image-preview:large, max-video-preview:-1\" \/>\n<link rel=\"canonical\" href=\"https:\/\/lunayatravel.com\/en\/product\/\ud83d\udee5\ufe0f-diner-croisiere-melody-au-coucher-du-soleil\/\" \/>\n<meta property=\"og:locale\" content=\"en_GB\" \/>\n<meta property=\"og:type\" content=\"article\" \/>\n<meta property=\"og:title\" content=\"\ud83d\udee5\ufe0f D\u00eener-croisi\u00e8re Melody au coucher du soleil -\" \/>\n<meta property=\"og:description\" content=\"\ud83c\udf05 Une soir\u00e9e magique en mer Embarquez \u00e0 bord du Melody pour une croisi\u00e8re \u00e9l\u00e9gante le long de la c\u00f4te de Phuket, avec en point d\u2019orgue le coucher du soleil sur le cap Promthep. Profitez d\u2019un cocktail de bienvenue, d\u2019un buffet tha\u00ef, indien et barbecue, de musique live et d\u2019un DJ \u00e0 bord. Un moment inoubliable entre ciel et mer !\" \/>\n<meta property=\"og:url\" content=\"https:\/\/lunayatravel.com\/en\/product\/\ud83d\udee5\ufe0f-diner-croisiere-melody-au-coucher-du-soleil\/\" \/>\n<meta property=\"article:publisher\" content=\"https:\/\/www.facebook.com\/lunayaTravel\/\" \/>\n<meta property=\"og:image\" content=\"https:\/\/lunayatravel.com\/wp-content\/uploads\/2025\/07\/01-5.webp\" \/>\n\t<meta property=\"og:image:width\" content=\"720\" \/>\n\t<meta property=\"og:image:height\" content=\"540\" \/>\n\t<meta property=\"og:image:type\" content=\"image\/webp\" \/>\n<meta name=\"twitter:card\" content=\"summary_large_image\" \/>\n<script type=\"application\/ld+json\" class=\"yoast-schema-graph\">{\"@context\":\"https:\/\/schema.org\",\"@graph\":[{\"@type\":\"WebPage\",\"@id\":\"https:\/\/lunayatravel.com\/produit\/%f0%9f%9b%a5%ef%b8%8f-diner-croisiere-melody-au-coucher-du-soleil\/\",\"url\":\"https:\/\/lunayatravel.com\/produit\/%f0%9f%9b%a5%ef%b8%8f-diner-croisiere-melody-au-coucher-du-soleil\/\",\"name\":\"\ud83d\udee5\ufe0f D\u00eener-croisi\u00e8re Melody au coucher du soleil -\",\"isPartOf\":{\"@id\":\"https:\/\/lunayatravel.com\/#website\"},\"primaryImageOfPage\":{\"@id\":\"https:\/\/lunayatravel.com\/produit\/%f0%9f%9b%a5%ef%b8%8f-diner-croisiere-melody-au-coucher-du-soleil\/#primaryimage\"},\"image\":{\"@id\":\"https:\/\/lunayatravel.com\/produit\/%f0%9f%9b%a5%ef%b8%8f-diner-croisiere-melody-au-coucher-du-soleil\/#primaryimage\"},\"thumbnailUrl\":\"https:\/\/lunayatravel.com\/wp-content\/uploads\/2025\/07\/01-5.webp\",\"datePublished\":\"2025-07-30T05:09:31+00:00\",\"breadcrumb\":{\"@id\":\"https:\/\/lunayatravel.com\/produit\/%f0%9f%9b%a5%ef%b8%8f-diner-croisiere-melody-au-coucher-du-soleil\/#breadcrumb\"},\"inLanguage\":\"en-GB\",\"potentialAction\":[{\"@type\":\"ReadAction\",\"target\":[\"https:\/\/lunayatravel.com\/produit\/%f0%9f%9b%a5%ef%b8%8f-diner-croisiere-melody-au-coucher-du-soleil\/\"]}]},{\"@type\":\"ImageObject\",\"inLanguage\":\"en-GB\",\"@id\":\"https:\/\/lunayatravel.com\/produit\/%f0%9f%9b%a5%ef%b8%8f-diner-croisiere-melody-au-coucher-du-soleil\/#primaryimage\",\"url\":\"https:\/\/lunayatravel.com\/wp-content\/uploads\/2025\/07\/01-5.webp\",\"contentUrl\":\"https:\/\/lunayatravel.com\/wp-content\/uploads\/2025\/07\/01-5.webp\",\"width\":720,\"height\":540},{\"@type\":\"BreadcrumbList\",\"@id\":\"https:\/\/lunayatravel.com\/produit\/%f0%9f%9b%a5%ef%b8%8f-diner-croisiere-melody-au-coucher-du-soleil\/#breadcrumb\",\"itemListElement\":[{\"@type\":\"ListItem\",\"position\":1,\"name\":\"Accueil\",\"item\":\"https:\/\/lunayatravel.com\/\"},{\"@type\":\"ListItem\",\"position\":2,\"name\":\"Nos activit\u00e9s\",\"item\":\"https:\/\/lunayatravel.com\/nos-activites\/\"},{\"@type\":\"ListItem\",\"position\":3,\"name\":\"\ud83d\udee5\ufe0f D\u00eener-croisi\u00e8re Melody au coucher du soleil\"}]},{\"@type\":\"WebSite\",\"@id\":\"https:\/\/lunayatravel.com\/#website\",\"url\":\"https:\/\/lunayatravel.com\/\",\"name\":\"\",\"description\":\"\",\"publisher\":{\"@id\":\"https:\/\/lunayatravel.com\/#organization\"},\"potentialAction\":[{\"@type\":\"SearchAction\",\"target\":{\"@type\":\"EntryPoint\",\"urlTemplate\":\"https:\/\/lunayatravel.com\/?s={search_term_string}\"},\"query-input\":{\"@type\":\"PropertyValueSpecification\",\"valueRequired\":true,\"valueName\":\"search_term_string\"}}],\"inLanguage\":\"en-GB\"},{\"@type\":\"Organization\",\"@id\":\"https:\/\/lunayatravel.com\/#organization\",\"name\":\"Lunaya travel\",\"alternateName\":\"Lunaya travel\",\"url\":\"https:\/\/lunayatravel.com\/\",\"logo\":{\"@type\":\"ImageObject\",\"inLanguage\":\"en-GB\",\"@id\":\"https:\/\/lunayatravel.com\/#\/schema\/logo\/image\/\",\"url\":\"https:\/\/lunayatravel.com\/wp-content\/uploads\/2026\/03\/cropped-647319118_2379115739204013_337015058165053143_n.jpg\",\"contentUrl\":\"https:\/\/lunayatravel.com\/wp-content\/uploads\/2026\/03\/cropped-647319118_2379115739204013_337015058165053143_n.jpg\",\"width\":1022,\"height\":1023,\"caption\":\"Lunaya travel\"},\"image\":{\"@id\":\"https:\/\/lunayatravel.com\/#\/schema\/logo\/image\/\"},\"sameAs\":[\"https:\/\/www.facebook.com\/lunayaTravel\/\"]}]}<\/script>\n<!-- \/ Yoast SEO plugin. -->","yoast_head_json":{"title":"\ud83d\udee5\ufe0f D\u00eener-croisi\u00e8re Melody au coucher du soleil -","robots":{"index":"index","follow":"follow","max-snippet":"max-snippet:-1","max-image-preview":"max-image-preview:large","max-video-preview":"max-video-preview:-1"},"canonical":"https:\/\/lunayatravel.com\/en\/product\/\ud83d\udee5\ufe0f-diner-croisiere-melody-au-coucher-du-soleil\/","og_locale":"en_GB","og_type":"article","og_title":"\ud83d\udee5\ufe0f D\u00eener-croisi\u00e8re Melody au coucher du soleil -","og_description":"\ud83c\udf05 Une soir\u00e9e magique en mer Embarquez \u00e0 bord du Melody pour une croisi\u00e8re \u00e9l\u00e9gante le long de la c\u00f4te de Phuket, avec en point d\u2019orgue le coucher du soleil sur le cap Promthep. Profitez d\u2019un cocktail de bienvenue, d\u2019un buffet tha\u00ef, indien et barbecue, de musique live et d\u2019un DJ \u00e0 bord. Un moment inoubliable entre ciel et mer !","og_url":"https:\/\/lunayatravel.com\/en\/product\/\ud83d\udee5\ufe0f-diner-croisiere-melody-au-coucher-du-soleil\/","article_publisher":"https:\/\/www.facebook.com\/lunayaTravel\/","og_image":[{"width":720,"height":540,"url":"https:\/\/lunayatravel.com\/wp-content\/uploads\/2025\/07\/01-5.webp","type":"image\/webp"}],"twitter_card":"summary_large_image","schema":{"@context":"https:\/\/schema.org","@graph":[{"@type":"WebPage","@id":"https:\/\/lunayatravel.com\/produit\/%f0%9f%9b%a5%ef%b8%8f-diner-croisiere-melody-au-coucher-du-soleil\/","url":"https:\/\/lunayatravel.com\/produit\/%f0%9f%9b%a5%ef%b8%8f-diner-croisiere-melody-au-coucher-du-soleil\/","name":"\ud83d\udee5\ufe0f D\u00eener-croisi\u00e8re Melody au coucher du soleil -","isPartOf":{"@id":"https:\/\/lunayatravel.com\/#website"},"primaryImageOfPage":{"@id":"https:\/\/lunayatravel.com\/produit\/%f0%9f%9b%a5%ef%b8%8f-diner-croisiere-melody-au-coucher-du-soleil\/#primaryimage"},"image":{"@id":"https:\/\/lunayatravel.com\/produit\/%f0%9f%9b%a5%ef%b8%8f-diner-croisiere-melody-au-coucher-du-soleil\/#primaryimage"},"thumbnailUrl":"https:\/\/lunayatravel.com\/wp-content\/uploads\/2025\/07\/01-5.webp","datePublished":"2025-07-30T05:09:31+00:00","breadcrumb":{"@id":"https:\/\/lunayatravel.com\/produit\/%f0%9f%9b%a5%ef%b8%8f-diner-croisiere-melody-au-coucher-du-soleil\/#breadcrumb"},"inLanguage":"en-GB","potentialAction":[{"@type":"ReadAction","target":["https:\/\/lunayatravel.com\/produit\/%f0%9f%9b%a5%ef%b8%8f-diner-croisiere-melody-au-coucher-du-soleil\/"]}]},{"@type":"ImageObject","inLanguage":"en-GB","@id":"https:\/\/lunayatravel.com\/produit\/%f0%9f%9b%a5%ef%b8%8f-diner-croisiere-melody-au-coucher-du-soleil\/#primaryimage","url":"https:\/\/lunayatravel.com\/wp-content\/uploads\/2025\/07\/01-5.webp","contentUrl":"https:\/\/lunayatravel.com\/wp-content\/uploads\/2025\/07\/01-5.webp","width":720,"height":540},{"@type":"BreadcrumbList","@id":"https:\/\/lunayatravel.com\/produit\/%f0%9f%9b%a5%ef%b8%8f-diner-croisiere-melody-au-coucher-du-soleil\/#breadcrumb","itemListElement":[{"@type":"ListItem","position":1,"name":"Accueil","item":"https:\/\/lunayatravel.com\/"},{"@type":"ListItem","position":2,"name":"Nos activit\u00e9s","item":"https:\/\/lunayatravel.com\/nos-activites\/"},{"@type":"ListItem","position":3,"name":"\ud83d\udee5\ufe0f D\u00eener-croisi\u00e8re Melody au coucher du soleil"}]},{"@type":"WebSite","@id":"https:\/\/lunayatravel.com\/#website","url":"https:\/\/lunayatravel.com\/","name":"","description":"","publisher":{"@id":"https:\/\/lunayatravel.com\/#organization"},"potentialAction":[{"@type":"SearchAction","target":{"@type":"EntryPoint","urlTemplate":"https:\/\/lunayatravel.com\/?s={search_term_string}"},"query-input":{"@type":"PropertyValueSpecification","valueRequired":true,"valueName":"search_term_string"}}],"inLanguage":"en-GB"},{"@type":"Organization","@id":"https:\/\/lunayatravel.com\/#organization","name":"Lunaya travel","alternateName":"Lunaya travel","url":"https:\/\/lunayatravel.com\/","logo":{"@type":"ImageObject","inLanguage":"en-GB","@id":"https:\/\/lunayatravel.com\/#\/schema\/logo\/image\/","url":"https:\/\/lunayatravel.com\/wp-content\/uploads\/2026\/03\/cropped-647319118_2379115739204013_337015058165053143_n.jpg","contentUrl":"https:\/\/lunayatravel.com\/wp-content\/uploads\/2026\/03\/cropped-647319118_2379115739204013_337015058165053143_n.jpg","width":1022,"height":1023,"caption":"Lunaya travel"},"image":{"@id":"https:\/\/lunayatravel.com\/#\/schema\/logo\/image\/"},"sameAs":["https:\/\/www.facebook.com\/lunayaTravel\/"]}]}},"uagb_featured_image_src":{"full":["https:\/\/lunayatravel.com\/wp-content\/uploads\/2025\/07\/01-5.webp",720,540,false],"thumbnail":["https:\/\/lunayatravel.com\/wp-content\/uploads\/2025\/07\/01-5-150x150.webp",150,150,true],"medium":["https:\/\/lunayatravel.com\/wp-content\/uploads\/2025\/07\/01-5-300x225.webp",300,225,true],"medium_large":["https:\/\/lunayatravel.com\/wp-content\/uploads\/2025\/07\/01-5.webp",720,540,false],"large":["https:\/\/lunayatravel.com\/wp-content\/uploads\/2025\/07\/01-5.webp",720,540,false],"1536x1536":["https:\/\/lunayatravel.com\/wp-content\/uploads\/2025\/07\/01-5.webp",720,540,false],"2048x2048":["https:\/\/lunayatravel.com\/wp-content\/uploads\/2025\/07\/01-5.webp",720,540,false],"trp-custom-language-flag":["https:\/\/lunayatravel.com\/wp-content\/uploads\/2025\/07\/01-5.webp",16,12,false],"widget-thumbnail":["https:\/\/lunayatravel.com\/wp-content\/uploads\/2025\/07\/01-5-75x75.webp",75,75,true],"mailpoet_newsletter_max":["https:\/\/lunayatravel.com\/wp-content\/uploads\/2025\/07\/01-5.webp",720,540,false],"woocommerce_thumbnail":["https:\/\/lunayatravel.com\/wp-content\/uploads\/2025\/07\/01-5-300x300.webp",300,300,true],"woocommerce_single":["https:\/\/lunayatravel.com\/wp-content\/uploads\/2025\/07\/01-5-600x450.webp",600,450,true],"woocommerce_gallery_thumbnail":["https:\/\/lunayatravel.com\/wp-content\/uploads\/2025\/07\/01-5-100x100.webp",100,100,true],"sow-carousel-default":["https:\/\/lunayatravel.com\/wp-content\/uploads\/2025\/07\/01-5-272x182.webp",272,182,true]},"uagb_author_info":{"display_name":"haemers stephanie","author_link":"https:\/\/lunayatravel.com\/en\/author\/"},"uagb_comment_info":0,"uagb_excerpt":"\ud83c\udf05 Une soir\u00e9e magique en mer Embarquez \u00e0 bord du Melody pour une croisi\u00e8re \u00e9l\u00e9gante le long de la c\u00f4te de Phuket, avec en point d\u2019orgue le coucher du soleil sur le cap Promthep. Profitez d\u2019un cocktail de bienvenue, d\u2019un buffet tha\u00ef, indien et barbecue, de musique live et d\u2019un DJ \u00e0 bord. Un moment&hellip;","jetpack_sharing_enabled":true,"_links":{"self":[{"href":"https:\/\/lunayatravel.com\/en\/wp-json\/wp\/v2\/product\/30266","targetHints":{"allow":["GET"]}}],"collection":[{"href":"https:\/\/lunayatravel.com\/en\/wp-json\/wp\/v2\/product"}],"about":[{"href":"https:\/\/lunayatravel.com\/en\/wp-json\/wp\/v2\/types\/product"}],"replies":[{"embeddable":true,"href":"https:\/\/lunayatravel.com\/en\/wp-json\/wp\/v2\/comments?post=30266"}],"wp:featuredmedia":[{"embeddable":true,"href":"https:\/\/lunayatravel.com\/en\/wp-json\/wp\/v2\/media\/30271"}],"wp:attachment":[{"href":"https:\/\/lunayatravel.com\/en\/wp-json\/wp\/v2\/media?parent=30266"}],"wp:term":[{"taxonomy":"product_brand","embeddable":true,"href":"https:\/\/lunayatravel.com\/en\/wp-json\/wp\/v2\/product_brand?post=30266"},{"taxonomy":"product_cat","embeddable":true,"href":"https:\/\/lunayatravel.com\/en\/wp-json\/wp\/v2\/product_cat?post=30266"},{"taxonomy":"product_tag","embeddable":true,"href":"https:\/\/lunayatravel.com\/en\/wp-json\/wp\/v2\/product_tag?post=30266"}],"curies":[{"name":"wp","href":"https:\/\/api.w.org\/{rel}","templated":true}]}}