{"id":30258,"date":"2025-07-30T06:16:24","date_gmt":"2025-07-30T04:16:24","guid":{"rendered":"https:\/\/itctoursvoyages.com\/?post_type=product&#038;p=30258"},"modified":"2025-07-30T06:16:24","modified_gmt":"2025-07-30T04:16:24","slug":"%f0%9f%9b%a5%ef%b8%8f-hype-boat-club-croisiere-festive-sur-catamaran-de-luxe","status":"publish","type":"product","link":"https:\/\/lunayatravel.com\/en\/product\/%f0%9f%9b%a5%ef%b8%8f-hype-boat-club-croisiere-festive-sur-catamaran-de-luxe\/","title":{"rendered":"\ud83d\udee5\ufe0f Hype Boat Club - Festive cruises on luxury catamarans"},"content":{"rendered":"<h3 data-start=\"691\" data-end=\"717\">\u2728 <strong data-start=\"697\" data-end=\"715\">Highlights:<\/strong><\/h3>\n<ul data-start=\"718\" data-end=\"1131\">\n<li data-start=\"718\" data-end=\"768\">\n<p data-start=\"720\" data-end=\"768\">Cruise <strong data-start=\"730\" data-end=\"766\">top-of-the-range on a Hype catamaran<\/strong><\/p>\n<\/li>\n<li data-start=\"769\" data-end=\"830\">\n<p data-start=\"771\" data-end=\"830\"><strong data-start=\"771\" data-end=\"796\">Welcome cocktail<\/strong> + fresh towel on arrival<\/p>\n<\/li>\n<li data-start=\"831\" data-end=\"866\">\n<p data-start=\"833\" data-end=\"866\"><strong data-start=\"833\" data-end=\"864\">Gourmet buffet on board<\/strong><\/p>\n<\/li>\n<li data-start=\"867\" data-end=\"933\">\n<p data-start=\"869\" data-end=\"933\">Snorkelling and relaxing on the islands of <strong data-start=\"913\" data-end=\"931\">Coral and Racha<\/strong><\/p>\n<\/li>\n<li data-start=\"934\" data-end=\"1002\">\n<p data-start=\"936\" data-end=\"1002\"><strong data-start=\"936\" data-end=\"954\">Live DJ on board<\/strong> for a unique sunset atmosphere<\/p>\n<\/li>\n<li data-start=\"1003\" data-end=\"1080\">\n<p data-start=\"1005\" data-end=\"1080\"><strong data-start=\"1005\" data-end=\"1057\">Deckchairs, changing rooms, outdoor showers<\/strong> and bar available<\/p>\n<\/li>\n<li data-start=\"1081\" data-end=\"1131\">\n<p data-start=\"1083\" data-end=\"1131\">Maximum 75 people on board for greater comfort<\/p>\n<\/li>\n<\/ul>\n<hr data-start=\"1133\" data-end=\"1136\" \/>\n<h3 data-start=\"1138\" data-end=\"1173\">\ud83d\udd50 <strong data-start=\"1145\" data-end=\"1171\">Itinerary (indicative)<\/strong><\/h3>\n<ul data-start=\"1174\" data-end=\"1696\">\n<li data-start=\"1174\" data-end=\"1240\">\n<p data-start=\"1176\" data-end=\"1240\"><strong data-start=\"1176\" data-end=\"1185\">10:00<\/strong> : Pick-up at your hotel (depending on location)<\/p>\n<\/li>\n<li data-start=\"1241\" data-end=\"1308\">\n<p data-start=\"1243\" data-end=\"1308\"><strong data-start=\"1243\" data-end=\"1252\">11:00<\/strong> Welcome aboard with cocktails and a fresh towel<\/p>\n<\/li>\n<li data-start=\"1309\" data-end=\"1367\">\n<p data-start=\"1311\" data-end=\"1367\"><strong data-start=\"1311\" data-end=\"1320\">11:30<\/strong> Departure from Chalong - buffet lunch on board<\/p>\n<\/li>\n<li data-start=\"1368\" data-end=\"1432\">\n<p data-start=\"1370\" data-end=\"1432\"><strong data-start=\"1370\" data-end=\"1379\">12:45<\/strong> Arrival at <strong data-start=\"1392\" data-end=\"1408\">Coral Island<\/strong> - swimming and relaxing<\/p>\n<\/li>\n<li data-start=\"1433\" data-end=\"1512\">\n<p data-start=\"1435\" data-end=\"1512\"><strong data-start=\"1435\" data-end=\"1444\">14:00<\/strong> Navigation to <strong data-start=\"1463\" data-end=\"1479\">Racha Island<\/strong> - tanning on the daybed<\/p>\n<\/li>\n<li data-start=\"1513\" data-end=\"1564\">\n<p data-start=\"1515\" data-end=\"1564\"><strong data-start=\"1515\" data-end=\"1524\">15:15<\/strong> Snorkelling in crystal-clear water<\/p>\n<\/li>\n<li data-start=\"1565\" data-end=\"1640\">\n<p data-start=\"1567\" data-end=\"1640\"><strong data-start=\"1567\" data-end=\"1576\">16:30<\/strong> live DJ, aperitif, festive atmosphere until sunset<\/p>\n<\/li>\n<li data-start=\"1641\" data-end=\"1696\">\n<p data-start=\"1643\" data-end=\"1696\"><strong data-start=\"1643\" data-end=\"1652\">18:30<\/strong> Return to Chalong Pier and return transfer<\/p>\n<\/li>\n<\/ul>\n<hr data-start=\"1698\" data-end=\"1701\" \/>\n<h3 data-start=\"1703\" data-end=\"1732\">\ud83e\uddfe <strong data-start=\"1710\" data-end=\"1730\">The price includes :<\/strong><\/h3>\n<ul data-start=\"1733\" data-end=\"2028\">\n<li data-start=\"1733\" data-end=\"1777\">\n<p data-start=\"1735\" data-end=\"1777\">Cruise on <strong data-start=\"1749\" data-end=\"1775\">luxury catamaran HYPE<\/strong><\/p>\n<\/li>\n<li data-start=\"1778\" data-end=\"1834\">\n<p data-start=\"1780\" data-end=\"1834\"><strong data-start=\"1780\" data-end=\"1805\">Welcome cocktail<\/strong>, soft drinks, fresh fruit<\/p>\n<\/li>\n<li data-start=\"1835\" data-end=\"1886\">\n<p data-start=\"1837\" data-end=\"1886\"><strong data-start=\"1837\" data-end=\"1861\">Top-of-the-range buffet<\/strong> (see menu below)<\/p>\n<\/li>\n<li data-start=\"1887\" data-end=\"1915\">\n<p data-start=\"1889\" data-end=\"1915\">Snorkelling equipment<\/p>\n<\/li>\n<li data-start=\"1916\" data-end=\"1978\">\n<p data-start=\"1918\" data-end=\"1978\">Towels, daybeds, changing rooms, outdoor showers<\/p>\n<\/li>\n<li data-start=\"1979\" data-end=\"2012\">\n<p data-start=\"1981\" data-end=\"2012\">Crew of 12 on board<\/p>\n<\/li>\n<li data-start=\"2013\" data-end=\"2028\">\n<p data-start=\"2015\" data-end=\"2028\"><strong data-start=\"2015\" data-end=\"2028\">Insurance<\/strong><\/p>\n<\/li>\n<\/ul>\n<h3 data-start=\"2030\" data-end=\"2054\">\u274c <strong data-start=\"2036\" data-end=\"2052\">Not included:<\/strong><\/h3>\n<ul data-start=\"2055\" data-end=\"2159\">\n<li data-start=\"2055\" data-end=\"2093\">\n<p data-start=\"2057\" data-end=\"2093\">Return transfer (optional)<\/p>\n<\/li>\n<li data-start=\"2094\" data-end=\"2146\">\n<p data-start=\"2096\" data-end=\"2146\"><strong data-start=\"2096\" data-end=\"2120\">Alcoholic drinks<\/strong> (available for purchase)<\/p>\n<\/li>\n<li data-start=\"2147\" data-end=\"2159\">\n<p data-start=\"2149\" data-end=\"2159\">Tips<\/p>\n<\/li>\n<\/ul>\n<hr data-start=\"2161\" data-end=\"2164\" \/>\n<h3 data-start=\"2166\" data-end=\"2200\">\ud83c\udf74 <strong data-start=\"2173\" data-end=\"2198\">Buffet menu (extract)<\/strong><\/h3>\n<ul data-start=\"2201\" data-end=\"2474\">\n<li data-start=\"2201\" data-end=\"2232\">\n<p data-start=\"2203\" data-end=\"2232\">Tuna \/ salmon \/ surimi maki<\/p>\n<\/li>\n<li data-start=\"2233\" data-end=\"2272\">\n<p data-start=\"2235\" data-end=\"2272\">Smoked salmon canap\u00e9s with wasabi cream<\/p>\n<\/li>\n<li data-start=\"2273\" data-end=\"2302\">\n<p data-start=\"2275\" data-end=\"2302\">Grapefruit and crab salad<\/p>\n<\/li>\n<li data-start=\"2303\" data-end=\"2325\">\n<p data-start=\"2305\" data-end=\"2325\">Pandanus chicken<\/p>\n<\/li>\n<li data-start=\"2326\" data-end=\"2355\">\n<p data-start=\"2328\" data-end=\"2355\">Mini pita sandwich club<\/p>\n<\/li>\n<li data-start=\"2356\" data-end=\"2394\">\n<p data-start=\"2358\" data-end=\"2394\">Fried rice \/ squid with green curry<\/p>\n<\/li>\n<li data-start=\"2395\" data-end=\"2436\">\n<p data-start=\"2397\" data-end=\"2436\">Noodles with minced chicken and prawns<\/p>\n<\/li>\n<li data-start=\"2437\" data-end=\"2474\">\n<p data-start=\"2439\" data-end=\"2474\">Passion fruit pana cotta<\/p>\n<\/li>\n<\/ul>\n<hr data-start=\"2476\" data-end=\"2479\" \/>\n<h3 data-start=\"2481\" data-end=\"2518\">\ud83d\udc64 <strong data-start=\"2488\" data-end=\"2516\">Practical information:<\/strong><\/h3>\n<ul data-start=\"2519\" data-end=\"2740\">\n<li data-start=\"2555\" data-end=\"2626\">\n<p data-start=\"2557\" data-end=\"2626\">Not recommended for pregnant women or people at risk from heart disease<\/p>\n<\/li>\n<li data-start=\"2627\" data-end=\"2668\">\n<p data-start=\"2629\" data-end=\"2668\">Not wheelchair accessible<\/p>\n<\/li>\n<li data-start=\"2669\" data-end=\"2740\">\n<p data-start=\"2671\" data-end=\"2740\">Bring your : <strong data-start=\"2682\" data-end=\"2740\">sun cream, camera, swimwear, cash<\/strong><\/p>\n<\/li>\n<\/ul>","protected":false},"excerpt":{"rendered":"<h3 data-start=\"230\" data-end=\"263\">\ud83d\udcac <strong data-start=\"237\" data-end=\"261\">Description :<\/strong><\/h3>\n<p data-start=\"264\" data-end=\"684\">Experience an unforgettable day aboard the <strong data-start=\"304\" data-end=\"322\">Hype Boat Club<\/strong>, This elegant catamaran combines relaxation, partying and paradise-like scenery around Phuket.<br data-start=\"414\" data-end=\"417\" \/>Welcome cocktail, <strong data-start=\"440\" data-end=\"467\">refined buffet lunch<\/strong>, Dream beaches, snorkelling and a live DJ at sunset: everything you need for a memorable cruise.<br data-start=\"575\" data-end=\"578\" \/>A chic, festive atmosphere, ideal for couples, groups of friends or solo travellers in search of style.<\/p>","protected":false},"featured_media":30264,"comment_status":"open","ping_status":"closed","template":"","meta":{"_uag_custom_page_level_css":""},"product_brand":[],"product_cat":[67],"product_tag":[],"class_list":{"0":"post-30258","1":"product","2":"type-product","3":"status-publish","4":"has-post-thumbnail","6":"product_cat-phuket","8":"first","9":"instock","10":"virtual","11":"taxable","12":"purchasable","13":"product-type-simple"},"yoast_head":"<!-- This site is optimized with the Yoast SEO plugin v27.1.1 - https:\/\/yoast.com\/product\/yoast-seo-wordpress\/ -->\n<title>\ud83d\udee5\ufe0f Hype Boat Club \u2013 Croisi\u00e8re festive sur catamaran de luxe -<\/title>\n<meta name=\"robots\" content=\"index, follow, max-snippet:-1, max-image-preview:large, max-video-preview:-1\" \/>\n<link rel=\"canonical\" href=\"https:\/\/lunayatravel.com\/en\/product\/\ud83d\udee5\ufe0f-hype-boat-club-croisiere-festive-sur-catamaran-de-luxe\/\" \/>\n<meta property=\"og:locale\" content=\"en_GB\" \/>\n<meta property=\"og:type\" content=\"article\" \/>\n<meta property=\"og:title\" content=\"\ud83d\udee5\ufe0f Hype Boat Club \u2013 Croisi\u00e8re festive sur catamaran de luxe -\" \/>\n<meta property=\"og:description\" content=\"\ud83d\udcac Description\u00a0 : Vivez une journ\u00e9e inoubliable \u00e0 bord du Hype Boat Club, un catamaran \u00e9l\u00e9gant qui combine d\u00e9tente, f\u00eate et paysages paradisiaques autour de Phuket.Cocktail de bienvenue, d\u00e9jeuner buffet raffin\u00e9, plages de r\u00eave, snorkeling, et DJ live au coucher du soleil : tout est pens\u00e9 pour une croisi\u00e8re m\u00e9morable.Une ambiance chic et festive, id\u00e9ale pour les couples, groupes d\u2019amis ou voyageurs solo en qu\u00eate de style.\" \/>\n<meta property=\"og:url\" content=\"https:\/\/lunayatravel.com\/en\/product\/\ud83d\udee5\ufe0f-hype-boat-club-croisiere-festive-sur-catamaran-de-luxe\/\" \/>\n<meta property=\"article:publisher\" content=\"https:\/\/www.facebook.com\/lunayaTravel\/\" \/>\n<meta property=\"og:image\" content=\"https:\/\/lunayatravel.com\/wp-content\/uploads\/2025\/07\/01-4.webp\" \/>\n\t<meta property=\"og:image:width\" content=\"720\" \/>\n\t<meta property=\"og:image:height\" content=\"540\" \/>\n\t<meta property=\"og:image:type\" content=\"image\/webp\" \/>\n<meta name=\"twitter:card\" content=\"summary_large_image\" \/>\n<meta name=\"twitter:label1\" content=\"Estimated reading time\" \/>\n\t<meta name=\"twitter:data1\" content=\"1 minute\" \/>\n<script type=\"application\/ld+json\" class=\"yoast-schema-graph\">{\"@context\":\"https:\/\/schema.org\",\"@graph\":[{\"@type\":\"WebPage\",\"@id\":\"https:\/\/lunayatravel.com\/produit\/%f0%9f%9b%a5%ef%b8%8f-hype-boat-club-croisiere-festive-sur-catamaran-de-luxe\/\",\"url\":\"https:\/\/lunayatravel.com\/produit\/%f0%9f%9b%a5%ef%b8%8f-hype-boat-club-croisiere-festive-sur-catamaran-de-luxe\/\",\"name\":\"\ud83d\udee5\ufe0f Hype Boat Club \u2013 Croisi\u00e8re festive sur catamaran de luxe -\",\"isPartOf\":{\"@id\":\"https:\/\/lunayatravel.com\/#website\"},\"primaryImageOfPage\":{\"@id\":\"https:\/\/lunayatravel.com\/produit\/%f0%9f%9b%a5%ef%b8%8f-hype-boat-club-croisiere-festive-sur-catamaran-de-luxe\/#primaryimage\"},\"image\":{\"@id\":\"https:\/\/lunayatravel.com\/produit\/%f0%9f%9b%a5%ef%b8%8f-hype-boat-club-croisiere-festive-sur-catamaran-de-luxe\/#primaryimage\"},\"thumbnailUrl\":\"https:\/\/lunayatravel.com\/wp-content\/uploads\/2025\/07\/01-4.webp\",\"datePublished\":\"2025-07-30T04:16:24+00:00\",\"breadcrumb\":{\"@id\":\"https:\/\/lunayatravel.com\/produit\/%f0%9f%9b%a5%ef%b8%8f-hype-boat-club-croisiere-festive-sur-catamaran-de-luxe\/#breadcrumb\"},\"inLanguage\":\"en-GB\",\"potentialAction\":[{\"@type\":\"ReadAction\",\"target\":[\"https:\/\/lunayatravel.com\/produit\/%f0%9f%9b%a5%ef%b8%8f-hype-boat-club-croisiere-festive-sur-catamaran-de-luxe\/\"]}]},{\"@type\":\"ImageObject\",\"inLanguage\":\"en-GB\",\"@id\":\"https:\/\/lunayatravel.com\/produit\/%f0%9f%9b%a5%ef%b8%8f-hype-boat-club-croisiere-festive-sur-catamaran-de-luxe\/#primaryimage\",\"url\":\"https:\/\/lunayatravel.com\/wp-content\/uploads\/2025\/07\/01-4.webp\",\"contentUrl\":\"https:\/\/lunayatravel.com\/wp-content\/uploads\/2025\/07\/01-4.webp\",\"width\":720,\"height\":540},{\"@type\":\"BreadcrumbList\",\"@id\":\"https:\/\/lunayatravel.com\/produit\/%f0%9f%9b%a5%ef%b8%8f-hype-boat-club-croisiere-festive-sur-catamaran-de-luxe\/#breadcrumb\",\"itemListElement\":[{\"@type\":\"ListItem\",\"position\":1,\"name\":\"Accueil\",\"item\":\"https:\/\/lunayatravel.com\/\"},{\"@type\":\"ListItem\",\"position\":2,\"name\":\"Nos activit\u00e9s\",\"item\":\"https:\/\/lunayatravel.com\/nos-activites\/\"},{\"@type\":\"ListItem\",\"position\":3,\"name\":\"\ud83d\udee5\ufe0f Hype Boat Club \u2013 Croisi\u00e8re festive sur catamaran de luxe\"}]},{\"@type\":\"WebSite\",\"@id\":\"https:\/\/lunayatravel.com\/#website\",\"url\":\"https:\/\/lunayatravel.com\/\",\"name\":\"\",\"description\":\"\",\"publisher\":{\"@id\":\"https:\/\/lunayatravel.com\/#organization\"},\"potentialAction\":[{\"@type\":\"SearchAction\",\"target\":{\"@type\":\"EntryPoint\",\"urlTemplate\":\"https:\/\/lunayatravel.com\/?s={search_term_string}\"},\"query-input\":{\"@type\":\"PropertyValueSpecification\",\"valueRequired\":true,\"valueName\":\"search_term_string\"}}],\"inLanguage\":\"en-GB\"},{\"@type\":\"Organization\",\"@id\":\"https:\/\/lunayatravel.com\/#organization\",\"name\":\"Lunaya travel\",\"alternateName\":\"Lunaya travel\",\"url\":\"https:\/\/lunayatravel.com\/\",\"logo\":{\"@type\":\"ImageObject\",\"inLanguage\":\"en-GB\",\"@id\":\"https:\/\/lunayatravel.com\/#\/schema\/logo\/image\/\",\"url\":\"https:\/\/lunayatravel.com\/wp-content\/uploads\/2026\/03\/cropped-647319118_2379115739204013_337015058165053143_n.jpg\",\"contentUrl\":\"https:\/\/lunayatravel.com\/wp-content\/uploads\/2026\/03\/cropped-647319118_2379115739204013_337015058165053143_n.jpg\",\"width\":1022,\"height\":1023,\"caption\":\"Lunaya travel\"},\"image\":{\"@id\":\"https:\/\/lunayatravel.com\/#\/schema\/logo\/image\/\"},\"sameAs\":[\"https:\/\/www.facebook.com\/lunayaTravel\/\"]}]}<\/script>\n<!-- \/ Yoast SEO plugin. -->","yoast_head_json":{"title":"\ud83d\udee5\ufe0f Hype Boat Club \u2013 Croisi\u00e8re festive sur catamaran de luxe -","robots":{"index":"index","follow":"follow","max-snippet":"max-snippet:-1","max-image-preview":"max-image-preview:large","max-video-preview":"max-video-preview:-1"},"canonical":"https:\/\/lunayatravel.com\/en\/product\/\ud83d\udee5\ufe0f-hype-boat-club-croisiere-festive-sur-catamaran-de-luxe\/","og_locale":"en_GB","og_type":"article","og_title":"\ud83d\udee5\ufe0f Hype Boat Club \u2013 Croisi\u00e8re festive sur catamaran de luxe -","og_description":"\ud83d\udcac Description\u00a0 : Vivez une journ\u00e9e inoubliable \u00e0 bord du Hype Boat Club, un catamaran \u00e9l\u00e9gant qui combine d\u00e9tente, f\u00eate et paysages paradisiaques autour de Phuket.Cocktail de bienvenue, d\u00e9jeuner buffet raffin\u00e9, plages de r\u00eave, snorkeling, et DJ live au coucher du soleil : tout est pens\u00e9 pour une croisi\u00e8re m\u00e9morable.Une ambiance chic et festive, id\u00e9ale pour les couples, groupes d\u2019amis ou voyageurs solo en qu\u00eate de style.","og_url":"https:\/\/lunayatravel.com\/en\/product\/\ud83d\udee5\ufe0f-hype-boat-club-croisiere-festive-sur-catamaran-de-luxe\/","article_publisher":"https:\/\/www.facebook.com\/lunayaTravel\/","og_image":[{"width":720,"height":540,"url":"https:\/\/lunayatravel.com\/wp-content\/uploads\/2025\/07\/01-4.webp","type":"image\/webp"}],"twitter_card":"summary_large_image","twitter_misc":{"Estimated reading time":"1 minute"},"schema":{"@context":"https:\/\/schema.org","@graph":[{"@type":"WebPage","@id":"https:\/\/lunayatravel.com\/produit\/%f0%9f%9b%a5%ef%b8%8f-hype-boat-club-croisiere-festive-sur-catamaran-de-luxe\/","url":"https:\/\/lunayatravel.com\/produit\/%f0%9f%9b%a5%ef%b8%8f-hype-boat-club-croisiere-festive-sur-catamaran-de-luxe\/","name":"\ud83d\udee5\ufe0f Hype Boat Club \u2013 Croisi\u00e8re festive sur catamaran de luxe -","isPartOf":{"@id":"https:\/\/lunayatravel.com\/#website"},"primaryImageOfPage":{"@id":"https:\/\/lunayatravel.com\/produit\/%f0%9f%9b%a5%ef%b8%8f-hype-boat-club-croisiere-festive-sur-catamaran-de-luxe\/#primaryimage"},"image":{"@id":"https:\/\/lunayatravel.com\/produit\/%f0%9f%9b%a5%ef%b8%8f-hype-boat-club-croisiere-festive-sur-catamaran-de-luxe\/#primaryimage"},"thumbnailUrl":"https:\/\/lunayatravel.com\/wp-content\/uploads\/2025\/07\/01-4.webp","datePublished":"2025-07-30T04:16:24+00:00","breadcrumb":{"@id":"https:\/\/lunayatravel.com\/produit\/%f0%9f%9b%a5%ef%b8%8f-hype-boat-club-croisiere-festive-sur-catamaran-de-luxe\/#breadcrumb"},"inLanguage":"en-GB","potentialAction":[{"@type":"ReadAction","target":["https:\/\/lunayatravel.com\/produit\/%f0%9f%9b%a5%ef%b8%8f-hype-boat-club-croisiere-festive-sur-catamaran-de-luxe\/"]}]},{"@type":"ImageObject","inLanguage":"en-GB","@id":"https:\/\/lunayatravel.com\/produit\/%f0%9f%9b%a5%ef%b8%8f-hype-boat-club-croisiere-festive-sur-catamaran-de-luxe\/#primaryimage","url":"https:\/\/lunayatravel.com\/wp-content\/uploads\/2025\/07\/01-4.webp","contentUrl":"https:\/\/lunayatravel.com\/wp-content\/uploads\/2025\/07\/01-4.webp","width":720,"height":540},{"@type":"BreadcrumbList","@id":"https:\/\/lunayatravel.com\/produit\/%f0%9f%9b%a5%ef%b8%8f-hype-boat-club-croisiere-festive-sur-catamaran-de-luxe\/#breadcrumb","itemListElement":[{"@type":"ListItem","position":1,"name":"Accueil","item":"https:\/\/lunayatravel.com\/"},{"@type":"ListItem","position":2,"name":"Nos activit\u00e9s","item":"https:\/\/lunayatravel.com\/nos-activites\/"},{"@type":"ListItem","position":3,"name":"\ud83d\udee5\ufe0f Hype Boat Club \u2013 Croisi\u00e8re festive sur catamaran de luxe"}]},{"@type":"WebSite","@id":"https:\/\/lunayatravel.com\/#website","url":"https:\/\/lunayatravel.com\/","name":"","description":"","publisher":{"@id":"https:\/\/lunayatravel.com\/#organization"},"potentialAction":[{"@type":"SearchAction","target":{"@type":"EntryPoint","urlTemplate":"https:\/\/lunayatravel.com\/?s={search_term_string}"},"query-input":{"@type":"PropertyValueSpecification","valueRequired":true,"valueName":"search_term_string"}}],"inLanguage":"en-GB"},{"@type":"Organization","@id":"https:\/\/lunayatravel.com\/#organization","name":"Lunaya travel","alternateName":"Lunaya travel","url":"https:\/\/lunayatravel.com\/","logo":{"@type":"ImageObject","inLanguage":"en-GB","@id":"https:\/\/lunayatravel.com\/#\/schema\/logo\/image\/","url":"https:\/\/lunayatravel.com\/wp-content\/uploads\/2026\/03\/cropped-647319118_2379115739204013_337015058165053143_n.jpg","contentUrl":"https:\/\/lunayatravel.com\/wp-content\/uploads\/2026\/03\/cropped-647319118_2379115739204013_337015058165053143_n.jpg","width":1022,"height":1023,"caption":"Lunaya travel"},"image":{"@id":"https:\/\/lunayatravel.com\/#\/schema\/logo\/image\/"},"sameAs":["https:\/\/www.facebook.com\/lunayaTravel\/"]}]}},"uagb_featured_image_src":{"full":["https:\/\/lunayatravel.com\/wp-content\/uploads\/2025\/07\/01-4.webp",720,540,false],"thumbnail":["https:\/\/lunayatravel.com\/wp-content\/uploads\/2025\/07\/01-4-150x150.webp",150,150,true],"medium":["https:\/\/lunayatravel.com\/wp-content\/uploads\/2025\/07\/01-4-300x225.webp",300,225,true],"medium_large":["https:\/\/lunayatravel.com\/wp-content\/uploads\/2025\/07\/01-4.webp",720,540,false],"large":["https:\/\/lunayatravel.com\/wp-content\/uploads\/2025\/07\/01-4.webp",720,540,false],"1536x1536":["https:\/\/lunayatravel.com\/wp-content\/uploads\/2025\/07\/01-4.webp",720,540,false],"2048x2048":["https:\/\/lunayatravel.com\/wp-content\/uploads\/2025\/07\/01-4.webp",720,540,false],"trp-custom-language-flag":["https:\/\/lunayatravel.com\/wp-content\/uploads\/2025\/07\/01-4.webp",16,12,false],"widget-thumbnail":["https:\/\/lunayatravel.com\/wp-content\/uploads\/2025\/07\/01-4-75x75.webp",75,75,true],"mailpoet_newsletter_max":["https:\/\/lunayatravel.com\/wp-content\/uploads\/2025\/07\/01-4.webp",720,540,false],"woocommerce_thumbnail":["https:\/\/lunayatravel.com\/wp-content\/uploads\/2025\/07\/01-4-300x300.webp",300,300,true],"woocommerce_single":["https:\/\/lunayatravel.com\/wp-content\/uploads\/2025\/07\/01-4-600x450.webp",600,450,true],"woocommerce_gallery_thumbnail":["https:\/\/lunayatravel.com\/wp-content\/uploads\/2025\/07\/01-4-100x100.webp",100,100,true],"sow-carousel-default":["https:\/\/lunayatravel.com\/wp-content\/uploads\/2025\/07\/01-4-272x182.webp",272,182,true]},"uagb_author_info":{"display_name":"haemers stephanie","author_link":"https:\/\/lunayatravel.com\/en\/author\/"},"uagb_comment_info":0,"uagb_excerpt":"\ud83d\udcac Description\u00a0 : Vivez une journ\u00e9e inoubliable \u00e0 bord du Hype Boat Club, un catamaran \u00e9l\u00e9gant qui combine d\u00e9tente, f\u00eate et paysages paradisiaques autour de Phuket.Cocktail de bienvenue, d\u00e9jeuner buffet raffin\u00e9, plages de r\u00eave, snorkeling, et DJ live au coucher du soleil : tout est pens\u00e9 pour une croisi\u00e8re m\u00e9morable.Une ambiance chic et festive, id\u00e9ale&hellip;","jetpack_sharing_enabled":true,"_links":{"self":[{"href":"https:\/\/lunayatravel.com\/en\/wp-json\/wp\/v2\/product\/30258","targetHints":{"allow":["GET"]}}],"collection":[{"href":"https:\/\/lunayatravel.com\/en\/wp-json\/wp\/v2\/product"}],"about":[{"href":"https:\/\/lunayatravel.com\/en\/wp-json\/wp\/v2\/types\/product"}],"replies":[{"embeddable":true,"href":"https:\/\/lunayatravel.com\/en\/wp-json\/wp\/v2\/comments?post=30258"}],"wp:featuredmedia":[{"embeddable":true,"href":"https:\/\/lunayatravel.com\/en\/wp-json\/wp\/v2\/media\/30264"}],"wp:attachment":[{"href":"https:\/\/lunayatravel.com\/en\/wp-json\/wp\/v2\/media?parent=30258"}],"wp:term":[{"taxonomy":"product_brand","embeddable":true,"href":"https:\/\/lunayatravel.com\/en\/wp-json\/wp\/v2\/product_brand?post=30258"},{"taxonomy":"product_cat","embeddable":true,"href":"https:\/\/lunayatravel.com\/en\/wp-json\/wp\/v2\/product_cat?post=30258"},{"taxonomy":"product_tag","embeddable":true,"href":"https:\/\/lunayatravel.com\/en\/wp-json\/wp\/v2\/product_tag?post=30258"}],"curies":[{"name":"wp","href":"https:\/\/api.w.org\/{rel}","templated":true}]}}