{"id":30253,"date":"2025-07-30T06:09:50","date_gmt":"2025-07-30T04:09:50","guid":{"rendered":"https:\/\/itctoursvoyages.com\/?post_type=product&#038;p=30253"},"modified":"2025-07-30T06:09:50","modified_gmt":"2025-07-30T04:09:50","slug":"%f0%9f%91%a8%f0%9f%8d%b3-cours-de-cuisine-thai-authentique-kata-thai-cooking-class","status":"publish","type":"product","link":"https:\/\/lunayatravel.com\/en\/product\/%f0%9f%91%a8%f0%9f%8d%b3-cours-de-cuisine-thai-authentique-kata-thai-cooking-class\/","title":{"rendered":"\ud83d\udc68\u200d\ud83c\udf73 Authentic Thai cooking class - Kata Thai Cooking Class"},"content":{"rendered":"<h3 data-start=\"711\" data-end=\"737\">\u2728 <strong data-start=\"717\" data-end=\"735\">Highlights:<\/strong><\/h3>\n<ul data-start=\"738\" data-end=\"1105\">\n<li data-start=\"738\" data-end=\"793\">\n<p data-start=\"740\" data-end=\"793\">Learning to <strong data-start=\"757\" data-end=\"791\">4 classic Thai dishes<\/strong><\/p>\n<\/li>\n<li data-start=\"794\" data-end=\"851\">\n<p data-start=\"796\" data-end=\"851\">Small group courses with <strong data-start=\"823\" data-end=\"849\">English-speaking instructor<\/strong><\/p>\n<\/li>\n<li data-start=\"852\" data-end=\"912\">\n<p data-start=\"854\" data-end=\"912\"><strong data-start=\"854\" data-end=\"886\">Individual cooking zone<\/strong> for each participant<\/p>\n<\/li>\n<li data-start=\"913\" data-end=\"976\">\n<p data-start=\"915\" data-end=\"976\">Visit to a <strong data-start=\"927\" data-end=\"943\">local market<\/strong> (included for evening classes)<\/p>\n<\/li>\n<li data-start=\"977\" data-end=\"1038\">\n<p data-start=\"979\" data-end=\"1038\"><strong data-start=\"979\" data-end=\"995\">Meals included<\/strong> you taste what you've cooked<\/p>\n<\/li>\n<li data-start=\"1039\" data-end=\"1105\">\n<p data-start=\"1041\" data-end=\"1105\">Return transfer included from your hotel (free zone)<\/p>\n<\/li>\n<\/ul>\n<hr data-start=\"1107\" data-end=\"1110\" \/>\n<h3 data-start=\"1112\" data-end=\"1135\">\ud83d\udd50 <strong data-start=\"1119\" data-end=\"1133\">Timetable :<\/strong><\/h3>\n<ul data-start=\"1136\" data-end=\"1292\">\n<li data-start=\"1136\" data-end=\"1174\">\n<p data-start=\"1138\" data-end=\"1174\"><strong data-start=\"1138\" data-end=\"1156\">Morning classes<\/strong> with lunch<\/p>\n<\/li>\n<li data-start=\"1175\" data-end=\"1292\">\n<p data-start=\"1177\" data-end=\"1292\"><strong data-start=\"1177\" data-end=\"1194\">Evening classes<\/strong> with dinner + visit to the local market<br data-start=\"1232\" data-end=\"1235\" \/>(Exact times will be confirmed after booking)<\/p>\n<\/li>\n<\/ul>\n<hr data-start=\"1294\" data-end=\"1297\" \/>\n<h3 data-start=\"1299\" data-end=\"1331\">\ud83e\uddfe <strong data-start=\"1306\" data-end=\"1329\">What's included :<\/strong><\/h3>\n<ul data-start=\"1332\" data-end=\"1591\">\n<li data-start=\"1332\" data-end=\"1363\">\n<p data-start=\"1334\" data-end=\"1363\">English-speaking chief instructor<\/p>\n<\/li>\n<li data-start=\"1364\" data-end=\"1403\">\n<p data-start=\"1366\" data-end=\"1403\">Ingredients &amp; cooking utensils<\/p>\n<\/li>\n<li data-start=\"1404\" data-end=\"1436\">\n<p data-start=\"1406\" data-end=\"1436\">Individual cooking zone<\/p>\n<\/li>\n<li data-start=\"1437\" data-end=\"1484\">\n<p data-start=\"1439\" data-end=\"1484\">Market tour (evening classes only)<\/p>\n<\/li>\n<li data-start=\"1485\" data-end=\"1506\">\n<p data-start=\"1487\" data-end=\"1506\">Recipe book<\/p>\n<\/li>\n<li data-start=\"1507\" data-end=\"1531\">\n<p data-start=\"1509\" data-end=\"1531\">Welcome drink<\/p>\n<\/li>\n<li data-start=\"1532\" data-end=\"1591\">\n<p data-start=\"1534\" data-end=\"1591\">Return transfer from your hotel (free zone)<\/p>\n<\/li>\n<\/ul>\n<hr data-start=\"1593\" data-end=\"1596\" \/>\n<h3 data-start=\"1598\" data-end=\"1629\">\ud83d\udc67 <strong data-start=\"1605\" data-end=\"1627\">Children's policy :<\/strong><\/h3>\n<ul data-start=\"1630\" data-end=\"1781\">\n<li data-start=\"1630\" data-end=\"1781\">\n<p data-start=\"1632\" data-end=\"1781\">The <strong data-start=\"1636\" data-end=\"1665\">children under 8<\/strong> can participate free of charge, but <strong data-start=\"1704\" data-end=\"1724\">don't cook<\/strong>.<br data-start=\"1725\" data-end=\"1728\" \/>They must be accompanied by a participating adult.<\/p>\n<\/li>\n<\/ul>","protected":false},"excerpt":{"rendered":"<h3 data-start=\"234\" data-end=\"267\">\ud83d\udcac <strong data-start=\"241\" data-end=\"265\">Description :<\/strong><\/h3>\n<p data-start=\"268\" data-end=\"704\">Discover the secrets of Thai cuisine by joining a warm and authentic cooking class in Kata. Learn to cook <strong data-start=\"394\" data-end=\"419\">4 traditional dishes<\/strong> with a passionate local chef, in a friendly atmosphere. You can also <strong data-start=\"509\" data-end=\"536\">visit a local market<\/strong> (evening classes) for a total immersion in Thai culinary culture. Take away <strong data-start=\"633\" data-end=\"667\">your own recipe book<\/strong> and delicious taste memories<\/p>","protected":false},"featured_media":30254,"comment_status":"open","ping_status":"closed","template":"","meta":{"_uag_custom_page_level_css":""},"product_brand":[],"product_cat":[67],"product_tag":[],"class_list":{"0":"post-30253","1":"product","2":"type-product","3":"status-publish","4":"has-post-thumbnail","6":"product_cat-phuket","8":"first","9":"instock","10":"virtual","11":"taxable","12":"purchasable","13":"product-type-simple"},"yoast_head":"<!-- This site is optimized with the Yoast SEO plugin v27.1.1 - https:\/\/yoast.com\/product\/yoast-seo-wordpress\/ -->\n<title>\ud83d\udc68\u200d\ud83c\udf73 Cours de cuisine tha\u00ef authentique \u2013 Kata Thai Cooking Class -<\/title>\n<meta name=\"robots\" content=\"index, follow, max-snippet:-1, max-image-preview:large, max-video-preview:-1\" \/>\n<link rel=\"canonical\" href=\"https:\/\/lunayatravel.com\/en\/product\/\ud83d\udc68\ud83c\udf73-cours-de-cuisine-thai-authentique-kata-thai-cooking-class\/\" \/>\n<meta property=\"og:locale\" content=\"en_GB\" \/>\n<meta property=\"og:type\" content=\"article\" \/>\n<meta property=\"og:title\" content=\"\ud83d\udc68\u200d\ud83c\udf73 Cours de cuisine tha\u00ef authentique \u2013 Kata Thai Cooking Class -\" \/>\n<meta property=\"og:description\" content=\"\ud83d\udcac Description : D\u00e9couvrez les secrets de la cuisine tha\u00eflandaise en rejoignant un cours chaleureux et authentique \u00e0 Kata. Apprenez \u00e0 cuisiner 4 plats traditionnels aux c\u00f4t\u00e9s d\u2019un chef local passionn\u00e9, dans une ambiance conviviale. Vous pouvez \u00e9galement visiter un march\u00e9 local (cours du soir) pour une immersion totale dans la culture culinaire tha\u00eflandaise. Repartez avec votre propre livre de recettes et de d\u00e9licieux souvenirs gustatifs\" \/>\n<meta property=\"og:url\" content=\"https:\/\/lunayatravel.com\/en\/product\/\ud83d\udc68\ud83c\udf73-cours-de-cuisine-thai-authentique-kata-thai-cooking-class\/\" \/>\n<meta property=\"article:publisher\" content=\"https:\/\/www.facebook.com\/lunayaTravel\/\" \/>\n<meta property=\"og:image\" content=\"https:\/\/lunayatravel.com\/wp-content\/uploads\/2025\/07\/01-3.webp\" \/>\n\t<meta property=\"og:image:width\" content=\"720\" \/>\n\t<meta property=\"og:image:height\" content=\"540\" \/>\n\t<meta property=\"og:image:type\" content=\"image\/webp\" \/>\n<meta name=\"twitter:card\" content=\"summary_large_image\" \/>\n<meta name=\"twitter:label1\" content=\"Estimated reading time\" \/>\n\t<meta name=\"twitter:data1\" content=\"1 minute\" \/>\n<script type=\"application\/ld+json\" class=\"yoast-schema-graph\">{\"@context\":\"https:\/\/schema.org\",\"@graph\":[{\"@type\":\"WebPage\",\"@id\":\"https:\/\/lunayatravel.com\/produit\/%f0%9f%91%a8%f0%9f%8d%b3-cours-de-cuisine-thai-authentique-kata-thai-cooking-class\/\",\"url\":\"https:\/\/lunayatravel.com\/produit\/%f0%9f%91%a8%f0%9f%8d%b3-cours-de-cuisine-thai-authentique-kata-thai-cooking-class\/\",\"name\":\"\ud83d\udc68\u200d\ud83c\udf73 Cours de cuisine tha\u00ef authentique \u2013 Kata Thai Cooking Class -\",\"isPartOf\":{\"@id\":\"https:\/\/lunayatravel.com\/#website\"},\"primaryImageOfPage\":{\"@id\":\"https:\/\/lunayatravel.com\/produit\/%f0%9f%91%a8%f0%9f%8d%b3-cours-de-cuisine-thai-authentique-kata-thai-cooking-class\/#primaryimage\"},\"image\":{\"@id\":\"https:\/\/lunayatravel.com\/produit\/%f0%9f%91%a8%f0%9f%8d%b3-cours-de-cuisine-thai-authentique-kata-thai-cooking-class\/#primaryimage\"},\"thumbnailUrl\":\"https:\/\/lunayatravel.com\/wp-content\/uploads\/2025\/07\/01-3.webp\",\"datePublished\":\"2025-07-30T04:09:50+00:00\",\"breadcrumb\":{\"@id\":\"https:\/\/lunayatravel.com\/produit\/%f0%9f%91%a8%f0%9f%8d%b3-cours-de-cuisine-thai-authentique-kata-thai-cooking-class\/#breadcrumb\"},\"inLanguage\":\"en-GB\",\"potentialAction\":[{\"@type\":\"ReadAction\",\"target\":[\"https:\/\/lunayatravel.com\/produit\/%f0%9f%91%a8%f0%9f%8d%b3-cours-de-cuisine-thai-authentique-kata-thai-cooking-class\/\"]}]},{\"@type\":\"ImageObject\",\"inLanguage\":\"en-GB\",\"@id\":\"https:\/\/lunayatravel.com\/produit\/%f0%9f%91%a8%f0%9f%8d%b3-cours-de-cuisine-thai-authentique-kata-thai-cooking-class\/#primaryimage\",\"url\":\"https:\/\/lunayatravel.com\/wp-content\/uploads\/2025\/07\/01-3.webp\",\"contentUrl\":\"https:\/\/lunayatravel.com\/wp-content\/uploads\/2025\/07\/01-3.webp\",\"width\":720,\"height\":540},{\"@type\":\"BreadcrumbList\",\"@id\":\"https:\/\/lunayatravel.com\/produit\/%f0%9f%91%a8%f0%9f%8d%b3-cours-de-cuisine-thai-authentique-kata-thai-cooking-class\/#breadcrumb\",\"itemListElement\":[{\"@type\":\"ListItem\",\"position\":1,\"name\":\"Accueil\",\"item\":\"https:\/\/lunayatravel.com\/\"},{\"@type\":\"ListItem\",\"position\":2,\"name\":\"Nos activit\u00e9s\",\"item\":\"https:\/\/lunayatravel.com\/nos-activites\/\"},{\"@type\":\"ListItem\",\"position\":3,\"name\":\"\ud83d\udc68\u200d\ud83c\udf73 Cours de cuisine tha\u00ef authentique \u2013 Kata Thai Cooking Class\"}]},{\"@type\":\"WebSite\",\"@id\":\"https:\/\/lunayatravel.com\/#website\",\"url\":\"https:\/\/lunayatravel.com\/\",\"name\":\"\",\"description\":\"\",\"publisher\":{\"@id\":\"https:\/\/lunayatravel.com\/#organization\"},\"potentialAction\":[{\"@type\":\"SearchAction\",\"target\":{\"@type\":\"EntryPoint\",\"urlTemplate\":\"https:\/\/lunayatravel.com\/?s={search_term_string}\"},\"query-input\":{\"@type\":\"PropertyValueSpecification\",\"valueRequired\":true,\"valueName\":\"search_term_string\"}}],\"inLanguage\":\"en-GB\"},{\"@type\":\"Organization\",\"@id\":\"https:\/\/lunayatravel.com\/#organization\",\"name\":\"Lunaya travel\",\"alternateName\":\"Lunaya travel\",\"url\":\"https:\/\/lunayatravel.com\/\",\"logo\":{\"@type\":\"ImageObject\",\"inLanguage\":\"en-GB\",\"@id\":\"https:\/\/lunayatravel.com\/#\/schema\/logo\/image\/\",\"url\":\"https:\/\/lunayatravel.com\/wp-content\/uploads\/2026\/03\/cropped-647319118_2379115739204013_337015058165053143_n.jpg\",\"contentUrl\":\"https:\/\/lunayatravel.com\/wp-content\/uploads\/2026\/03\/cropped-647319118_2379115739204013_337015058165053143_n.jpg\",\"width\":1022,\"height\":1023,\"caption\":\"Lunaya travel\"},\"image\":{\"@id\":\"https:\/\/lunayatravel.com\/#\/schema\/logo\/image\/\"},\"sameAs\":[\"https:\/\/www.facebook.com\/lunayaTravel\/\"]}]}<\/script>\n<!-- \/ Yoast SEO plugin. -->","yoast_head_json":{"title":"\ud83d\udc68\u200d\ud83c\udf73 Cours de cuisine tha\u00ef authentique \u2013 Kata Thai Cooking Class -","robots":{"index":"index","follow":"follow","max-snippet":"max-snippet:-1","max-image-preview":"max-image-preview:large","max-video-preview":"max-video-preview:-1"},"canonical":"https:\/\/lunayatravel.com\/en\/product\/\ud83d\udc68\ud83c\udf73-cours-de-cuisine-thai-authentique-kata-thai-cooking-class\/","og_locale":"en_GB","og_type":"article","og_title":"\ud83d\udc68\u200d\ud83c\udf73 Cours de cuisine tha\u00ef authentique \u2013 Kata Thai Cooking Class -","og_description":"\ud83d\udcac Description : D\u00e9couvrez les secrets de la cuisine tha\u00eflandaise en rejoignant un cours chaleureux et authentique \u00e0 Kata. Apprenez \u00e0 cuisiner 4 plats traditionnels aux c\u00f4t\u00e9s d\u2019un chef local passionn\u00e9, dans une ambiance conviviale. Vous pouvez \u00e9galement visiter un march\u00e9 local (cours du soir) pour une immersion totale dans la culture culinaire tha\u00eflandaise. Repartez avec votre propre livre de recettes et de d\u00e9licieux souvenirs gustatifs","og_url":"https:\/\/lunayatravel.com\/en\/product\/\ud83d\udc68\ud83c\udf73-cours-de-cuisine-thai-authentique-kata-thai-cooking-class\/","article_publisher":"https:\/\/www.facebook.com\/lunayaTravel\/","og_image":[{"width":720,"height":540,"url":"https:\/\/lunayatravel.com\/wp-content\/uploads\/2025\/07\/01-3.webp","type":"image\/webp"}],"twitter_card":"summary_large_image","twitter_misc":{"Estimated reading time":"1 minute"},"schema":{"@context":"https:\/\/schema.org","@graph":[{"@type":"WebPage","@id":"https:\/\/lunayatravel.com\/produit\/%f0%9f%91%a8%f0%9f%8d%b3-cours-de-cuisine-thai-authentique-kata-thai-cooking-class\/","url":"https:\/\/lunayatravel.com\/produit\/%f0%9f%91%a8%f0%9f%8d%b3-cours-de-cuisine-thai-authentique-kata-thai-cooking-class\/","name":"\ud83d\udc68\u200d\ud83c\udf73 Cours de cuisine tha\u00ef authentique \u2013 Kata Thai Cooking Class -","isPartOf":{"@id":"https:\/\/lunayatravel.com\/#website"},"primaryImageOfPage":{"@id":"https:\/\/lunayatravel.com\/produit\/%f0%9f%91%a8%f0%9f%8d%b3-cours-de-cuisine-thai-authentique-kata-thai-cooking-class\/#primaryimage"},"image":{"@id":"https:\/\/lunayatravel.com\/produit\/%f0%9f%91%a8%f0%9f%8d%b3-cours-de-cuisine-thai-authentique-kata-thai-cooking-class\/#primaryimage"},"thumbnailUrl":"https:\/\/lunayatravel.com\/wp-content\/uploads\/2025\/07\/01-3.webp","datePublished":"2025-07-30T04:09:50+00:00","breadcrumb":{"@id":"https:\/\/lunayatravel.com\/produit\/%f0%9f%91%a8%f0%9f%8d%b3-cours-de-cuisine-thai-authentique-kata-thai-cooking-class\/#breadcrumb"},"inLanguage":"en-GB","potentialAction":[{"@type":"ReadAction","target":["https:\/\/lunayatravel.com\/produit\/%f0%9f%91%a8%f0%9f%8d%b3-cours-de-cuisine-thai-authentique-kata-thai-cooking-class\/"]}]},{"@type":"ImageObject","inLanguage":"en-GB","@id":"https:\/\/lunayatravel.com\/produit\/%f0%9f%91%a8%f0%9f%8d%b3-cours-de-cuisine-thai-authentique-kata-thai-cooking-class\/#primaryimage","url":"https:\/\/lunayatravel.com\/wp-content\/uploads\/2025\/07\/01-3.webp","contentUrl":"https:\/\/lunayatravel.com\/wp-content\/uploads\/2025\/07\/01-3.webp","width":720,"height":540},{"@type":"BreadcrumbList","@id":"https:\/\/lunayatravel.com\/produit\/%f0%9f%91%a8%f0%9f%8d%b3-cours-de-cuisine-thai-authentique-kata-thai-cooking-class\/#breadcrumb","itemListElement":[{"@type":"ListItem","position":1,"name":"Accueil","item":"https:\/\/lunayatravel.com\/"},{"@type":"ListItem","position":2,"name":"Nos activit\u00e9s","item":"https:\/\/lunayatravel.com\/nos-activites\/"},{"@type":"ListItem","position":3,"name":"\ud83d\udc68\u200d\ud83c\udf73 Cours de cuisine tha\u00ef authentique \u2013 Kata Thai Cooking Class"}]},{"@type":"WebSite","@id":"https:\/\/lunayatravel.com\/#website","url":"https:\/\/lunayatravel.com\/","name":"","description":"","publisher":{"@id":"https:\/\/lunayatravel.com\/#organization"},"potentialAction":[{"@type":"SearchAction","target":{"@type":"EntryPoint","urlTemplate":"https:\/\/lunayatravel.com\/?s={search_term_string}"},"query-input":{"@type":"PropertyValueSpecification","valueRequired":true,"valueName":"search_term_string"}}],"inLanguage":"en-GB"},{"@type":"Organization","@id":"https:\/\/lunayatravel.com\/#organization","name":"Lunaya travel","alternateName":"Lunaya travel","url":"https:\/\/lunayatravel.com\/","logo":{"@type":"ImageObject","inLanguage":"en-GB","@id":"https:\/\/lunayatravel.com\/#\/schema\/logo\/image\/","url":"https:\/\/lunayatravel.com\/wp-content\/uploads\/2026\/03\/cropped-647319118_2379115739204013_337015058165053143_n.jpg","contentUrl":"https:\/\/lunayatravel.com\/wp-content\/uploads\/2026\/03\/cropped-647319118_2379115739204013_337015058165053143_n.jpg","width":1022,"height":1023,"caption":"Lunaya travel"},"image":{"@id":"https:\/\/lunayatravel.com\/#\/schema\/logo\/image\/"},"sameAs":["https:\/\/www.facebook.com\/lunayaTravel\/"]}]}},"uagb_featured_image_src":{"full":["https:\/\/lunayatravel.com\/wp-content\/uploads\/2025\/07\/01-3.webp",720,540,false],"thumbnail":["https:\/\/lunayatravel.com\/wp-content\/uploads\/2025\/07\/01-3-150x150.webp",150,150,true],"medium":["https:\/\/lunayatravel.com\/wp-content\/uploads\/2025\/07\/01-3-300x225.webp",300,225,true],"medium_large":["https:\/\/lunayatravel.com\/wp-content\/uploads\/2025\/07\/01-3.webp",720,540,false],"large":["https:\/\/lunayatravel.com\/wp-content\/uploads\/2025\/07\/01-3.webp",720,540,false],"1536x1536":["https:\/\/lunayatravel.com\/wp-content\/uploads\/2025\/07\/01-3.webp",720,540,false],"2048x2048":["https:\/\/lunayatravel.com\/wp-content\/uploads\/2025\/07\/01-3.webp",720,540,false],"trp-custom-language-flag":["https:\/\/lunayatravel.com\/wp-content\/uploads\/2025\/07\/01-3.webp",16,12,false],"widget-thumbnail":["https:\/\/lunayatravel.com\/wp-content\/uploads\/2025\/07\/01-3-75x75.webp",75,75,true],"mailpoet_newsletter_max":["https:\/\/lunayatravel.com\/wp-content\/uploads\/2025\/07\/01-3.webp",720,540,false],"woocommerce_thumbnail":["https:\/\/lunayatravel.com\/wp-content\/uploads\/2025\/07\/01-3-300x300.webp",300,300,true],"woocommerce_single":["https:\/\/lunayatravel.com\/wp-content\/uploads\/2025\/07\/01-3-600x450.webp",600,450,true],"woocommerce_gallery_thumbnail":["https:\/\/lunayatravel.com\/wp-content\/uploads\/2025\/07\/01-3-100x100.webp",100,100,true],"sow-carousel-default":["https:\/\/lunayatravel.com\/wp-content\/uploads\/2025\/07\/01-3-272x182.webp",272,182,true]},"uagb_author_info":{"display_name":"haemers stephanie","author_link":"https:\/\/lunayatravel.com\/en\/author\/"},"uagb_comment_info":0,"uagb_excerpt":"\ud83d\udcac Description : D\u00e9couvrez les secrets de la cuisine tha\u00eflandaise en rejoignant un cours chaleureux et authentique \u00e0 Kata. Apprenez \u00e0 cuisiner 4 plats traditionnels aux c\u00f4t\u00e9s d\u2019un chef local passionn\u00e9, dans une ambiance conviviale. Vous pouvez \u00e9galement visiter un march\u00e9 local (cours du soir) pour une immersion totale dans la culture culinaire tha\u00eflandaise. Repartez&hellip;","jetpack_sharing_enabled":true,"_links":{"self":[{"href":"https:\/\/lunayatravel.com\/en\/wp-json\/wp\/v2\/product\/30253","targetHints":{"allow":["GET"]}}],"collection":[{"href":"https:\/\/lunayatravel.com\/en\/wp-json\/wp\/v2\/product"}],"about":[{"href":"https:\/\/lunayatravel.com\/en\/wp-json\/wp\/v2\/types\/product"}],"replies":[{"embeddable":true,"href":"https:\/\/lunayatravel.com\/en\/wp-json\/wp\/v2\/comments?post=30253"}],"wp:featuredmedia":[{"embeddable":true,"href":"https:\/\/lunayatravel.com\/en\/wp-json\/wp\/v2\/media\/30254"}],"wp:attachment":[{"href":"https:\/\/lunayatravel.com\/en\/wp-json\/wp\/v2\/media?parent=30253"}],"wp:term":[{"taxonomy":"product_brand","embeddable":true,"href":"https:\/\/lunayatravel.com\/en\/wp-json\/wp\/v2\/product_brand?post=30253"},{"taxonomy":"product_cat","embeddable":true,"href":"https:\/\/lunayatravel.com\/en\/wp-json\/wp\/v2\/product_cat?post=30253"},{"taxonomy":"product_tag","embeddable":true,"href":"https:\/\/lunayatravel.com\/en\/wp-json\/wp\/v2\/product_tag?post=30253"}],"curies":[{"name":"wp","href":"https:\/\/api.w.org\/{rel}","templated":true}]}}