{"id":30248,"date":"2025-07-30T06:03:27","date_gmt":"2025-07-30T04:03:27","guid":{"rendered":"https:\/\/itctoursvoyages.com\/?post_type=product&#038;p=30248"},"modified":"2025-07-30T06:03:27","modified_gmt":"2025-07-30T04:03:27","slug":"%f0%9f%9b%b6-baie-de-phang-nga-james-bond-avec-sea-canoe-excursion-en-speedboat","status":"publish","type":"product","link":"https:\/\/lunayatravel.com\/en\/product\/%f0%9f%9b%b6-baie-de-phang-nga-james-bond-avec-sea-canoe-excursion-en-speedboat\/","title":{"rendered":"\ud83d\udef6 Phang Nga Bay &amp; James Bond with Sea Canoe - Speedboat excursion"},"content":{"rendered":"<h3 data-start=\"740\" data-end=\"766\">\u2728 <strong data-start=\"746\" data-end=\"764\">Highlights:<\/strong><\/h3>\n<ul data-start=\"767\" data-end=\"1072\">\n<li data-start=\"767\" data-end=\"810\">\n<p data-start=\"769\" data-end=\"810\">Canoeing in the caves of Hong Island<\/p>\n<\/li>\n<li data-start=\"811\" data-end=\"857\">\n<p data-start=\"813\" data-end=\"857\">Visit to <strong data-start=\"823\" data-end=\"855\">Koh Tapu (James Bond Island)<\/strong><\/p>\n<\/li>\n<li data-start=\"858\" data-end=\"898\">\n<p data-start=\"860\" data-end=\"898\">Swimming stop <strong data-start=\"879\" data-end=\"896\">Naka Island<\/strong><\/p>\n<\/li>\n<li data-start=\"899\" data-end=\"971\">\n<p data-start=\"901\" data-end=\"971\">Lunch in a <strong data-start=\"918\" data-end=\"969\">traditional Thai floating village (Koh Panyee)<\/strong><\/p>\n<\/li>\n<li data-start=\"972\" data-end=\"1030\">\n<p data-start=\"974\" data-end=\"1030\">Exploring hidden caves and limestone formations<\/p>\n<\/li>\n<li data-start=\"1031\" data-end=\"1072\">\n<p data-start=\"1033\" data-end=\"1072\">Professional guide and transfer included<\/p>\n<\/li>\n<\/ul>\n<hr data-start=\"1074\" data-end=\"1077\" \/>\n<h3 data-start=\"1079\" data-end=\"1116\">\ud83d\udd50 <strong data-start=\"1086\" data-end=\"1114\">Itinerary (indicative) :<\/strong><\/h3>\n<ul data-start=\"1117\" data-end=\"1683\">\n<li data-start=\"1117\" data-end=\"1181\">\n<p data-start=\"1119\" data-end=\"1181\"><strong data-start=\"1119\" data-end=\"1136\">07:15 - 09:00<\/strong> Pick-up at your hotel, depending on the area<\/p>\n<\/li>\n<li data-start=\"1182\" data-end=\"1250\">\n<p data-start=\"1184\" data-end=\"1250\"><strong data-start=\"1184\" data-end=\"1201\">09:45 - 10:00<\/strong> Departure by speedboat from Ao Por pier<\/p>\n<\/li>\n<li data-start=\"1251\" data-end=\"1291\">\n<p data-start=\"1253\" data-end=\"1291\">Sailing in Phang Nga Bay<\/p>\n<\/li>\n<li data-start=\"1292\" data-end=\"1379\">\n<p data-start=\"1294\" data-end=\"1379\">Visit to Panak island, bat cave, I-Tim cave and Diamond cave<\/p>\n<\/li>\n<li data-start=\"1380\" data-end=\"1418\">\n<p data-start=\"1382\" data-end=\"1418\"><strong data-start=\"1382\" data-end=\"1391\">Canoeing<\/strong> (30 min) to the island of Hong<\/p>\n<\/li>\n<li data-start=\"1419\" data-end=\"1469\">\n<p data-start=\"1421\" data-end=\"1469\"><strong data-start=\"1421\" data-end=\"1433\">Lunch<\/strong> the floating village of Koh Panyee<\/p>\n<\/li>\n<li data-start=\"1470\" data-end=\"1527\">\n<p data-start=\"1472\" data-end=\"1527\">Prehistoric panting on Khao Khian mountain<\/p>\n<\/li>\n<li data-start=\"1528\" data-end=\"1574\">\n<p data-start=\"1530\" data-end=\"1574\">Visit to <strong data-start=\"1540\" data-end=\"1572\">James Bond Island (Koh Tapu)<\/strong><\/p>\n<\/li>\n<li data-start=\"1575\" data-end=\"1616\">\n<p data-start=\"1577\" data-end=\"1616\">Swimming and relaxing on the island of Naka<\/p>\n<\/li>\n<li data-start=\"1617\" data-end=\"1683\">\n<p data-start=\"1619\" data-end=\"1683\"><strong data-start=\"1619\" data-end=\"1636\">17:00 - 17:30<\/strong> Return to the pier and transfer to your hotel<\/p>\n<\/li>\n<\/ul>\n<hr data-start=\"1685\" data-end=\"1688\" \/>\n<h3 data-start=\"1690\" data-end=\"1726\">\ud83d\udccc <strong data-start=\"1697\" data-end=\"1724\">Important notes:<\/strong><\/h3>\n<ul data-start=\"1727\" data-end=\"1882\">\n<li data-start=\"1727\" data-end=\"1795\">\n<p data-start=\"1729\" data-end=\"1795\">The programme may vary according to weather and sea conditions.<\/p>\n<\/li>\n<li data-start=\"1796\" data-end=\"1882\">\n<p data-start=\"1798\" data-end=\"1882\">Pick-up possible depending on zone (additional charges may apply)<\/p>\n<\/li>\n<\/ul>\n<hr data-start=\"1884\" data-end=\"1887\" \/>\n<h3 data-start=\"1889\" data-end=\"1919\">\u2705 <strong data-start=\"1895\" data-end=\"1917\">The price includes :<\/strong><\/h3>\n<ul data-start=\"1920\" data-end=\"2165\">\n<li data-start=\"1920\" data-end=\"1959\">\n<p data-start=\"1922\" data-end=\"1959\">Return transfer (depending on zone)<\/p>\n<\/li>\n<li data-start=\"1960\" data-end=\"1986\">\n<p data-start=\"1962\" data-end=\"1986\">Speedboat excursion<\/p>\n<\/li>\n<li data-start=\"1987\" data-end=\"2010\">\n<p data-start=\"1989\" data-end=\"2010\">Professional guide<\/p>\n<\/li>\n<li data-start=\"2011\" data-end=\"2057\">\n<p data-start=\"2013\" data-end=\"2057\">Accident insurance (excluding personal property)<\/p>\n<\/li>\n<li data-start=\"2058\" data-end=\"2080\">\n<p data-start=\"2060\" data-end=\"2080\">Life jackets<\/p>\n<\/li>\n<li data-start=\"2081\" data-end=\"2103\">\n<p data-start=\"2083\" data-end=\"2103\"><strong data-start=\"2083\" data-end=\"2101\">Canoeing activity<\/strong><\/p>\n<\/li>\n<li data-start=\"2104\" data-end=\"2140\">\n<p data-start=\"2106\" data-end=\"2140\"><strong data-start=\"2106\" data-end=\"2138\">Full Thai breakfast<\/strong><\/p>\n<\/li>\n<li data-start=\"2141\" data-end=\"2165\">\n<p data-start=\"2143\" data-end=\"2165\">National park fees<\/p>\n<\/li>\n<\/ul>\n<hr data-start=\"2167\" data-end=\"2170\" \/>\n<h3 data-start=\"2172\" data-end=\"2209\">\ud83e\uddf3 <strong data-start=\"2179\" data-end=\"2207\">What to bring :<\/strong><\/h3>\n<ul data-start=\"2210\" data-end=\"2348\">\n<li data-start=\"2210\" data-end=\"2255\">\n<p data-start=\"2212\" data-end=\"2255\">Towel, swimming costume, sun cream<\/p>\n<\/li>\n<li data-start=\"2256\" data-end=\"2274\">\n<p data-start=\"2258\" data-end=\"2274\">Camera<\/p>\n<\/li>\n<li data-start=\"2275\" data-end=\"2307\">\n<p data-start=\"2277\" data-end=\"2307\">Easy-to-remove shoes<\/p>\n<\/li>\n<li data-start=\"2308\" data-end=\"2348\">\n<p data-start=\"2310\" data-end=\"2348\">Passport photo on your phone<\/p>\n<\/li>\n<\/ul>","protected":false},"excerpt":{"rendered":"<h3 data-start=\"297\" data-end=\"330\">\ud83d\udcac <strong data-start=\"304\" data-end=\"328\">Description<\/strong><strong data-start=\"304\" data-end=\"328\">:<\/strong><\/h3>\n<p data-start=\"331\" data-end=\"733\">Immerse yourself in the wonders of the <strong data-start=\"365\" data-end=\"386\">Phang Nga Bay<\/strong>, explore its <strong data-start=\"401\" data-end=\"422\">mystical caves<\/strong>, paddle a canoe through hidden lagoons, discover the famous <strong data-start=\"486\" data-end=\"518\">James Bond island (Koh Tapu)<\/strong> and enjoy a Thai lunch in a traditional <strong data-start=\"563\" data-end=\"595\">authentic floating village<\/strong>.<br data-start=\"596\" data-end=\"599\" \/>This speedboat excursion combines <strong data-start=\"634\" data-end=\"681\">adventure, unforgettable landscapes and comfort<\/strong>. A must for nature and film lovers!<\/p>","protected":false},"featured_media":30251,"comment_status":"open","ping_status":"closed","template":"","meta":{"_uag_custom_page_level_css":""},"product_brand":[],"product_cat":[67],"product_tag":[],"class_list":{"0":"post-30248","1":"product","2":"type-product","3":"status-publish","4":"has-post-thumbnail","6":"product_cat-phuket","8":"first","9":"instock","10":"virtual","11":"taxable","12":"purchasable","13":"product-type-simple"},"yoast_head":"<!-- This site is optimized with the Yoast SEO plugin v27.1.1 - https:\/\/yoast.com\/product\/yoast-seo-wordpress\/ -->\n<title>\ud83d\udef6 Baie de Phang Nga &amp; James Bond avec Sea Canoe \u2013 Excursion en speedboat -<\/title>\n<meta name=\"robots\" content=\"index, follow, max-snippet:-1, max-image-preview:large, max-video-preview:-1\" \/>\n<link rel=\"canonical\" href=\"https:\/\/lunayatravel.com\/en\/product\/\ud83d\udef6-baie-de-phang-nga-james-bond-avec-sea-canoe-excursion-en-speedboat\/\" \/>\n<meta property=\"og:locale\" content=\"en_GB\" \/>\n<meta property=\"og:type\" content=\"article\" \/>\n<meta property=\"og:title\" content=\"\ud83d\udef6 Baie de Phang Nga &amp; James Bond avec Sea Canoe \u2013 Excursion en speedboat -\" \/>\n<meta property=\"og:description\" content=\"\ud83d\udcac Description: Plongez dans les merveilles de la baie de Phang Nga, explorez ses grottes mystiques, pagayez en cano\u00eb dans des lagons cach\u00e9s, d\u00e9couvrez la c\u00e9l\u00e8bre \u00eele de James Bond (Koh Tapu) et savourez un d\u00e9jeuner tha\u00eflandais dans un village flottant authentique.Cette excursion en speedboat allie aventures, paysages inoubliables et confort. Un must pour les amoureux de nature et de cin\u00e9ma !\" \/>\n<meta property=\"og:url\" content=\"https:\/\/lunayatravel.com\/en\/product\/\ud83d\udef6-baie-de-phang-nga-james-bond-avec-sea-canoe-excursion-en-speedboat\/\" \/>\n<meta property=\"article:publisher\" content=\"https:\/\/www.facebook.com\/lunayaTravel\/\" \/>\n<meta property=\"og:image\" content=\"https:\/\/lunayatravel.com\/wp-content\/uploads\/2025\/07\/01_JamesBondIsland1.webp\" \/>\n\t<meta property=\"og:image:width\" content=\"720\" \/>\n\t<meta property=\"og:image:height\" content=\"540\" \/>\n\t<meta property=\"og:image:type\" content=\"image\/webp\" \/>\n<meta name=\"twitter:card\" content=\"summary_large_image\" \/>\n<meta name=\"twitter:label1\" content=\"Estimated reading time\" \/>\n\t<meta name=\"twitter:data1\" content=\"1 minute\" \/>\n<script type=\"application\/ld+json\" class=\"yoast-schema-graph\">{\"@context\":\"https:\/\/schema.org\",\"@graph\":[{\"@type\":\"WebPage\",\"@id\":\"https:\/\/lunayatravel.com\/produit\/%f0%9f%9b%b6-baie-de-phang-nga-james-bond-avec-sea-canoe-excursion-en-speedboat\/\",\"url\":\"https:\/\/lunayatravel.com\/produit\/%f0%9f%9b%b6-baie-de-phang-nga-james-bond-avec-sea-canoe-excursion-en-speedboat\/\",\"name\":\"\ud83d\udef6 Baie de Phang Nga & James Bond avec Sea Canoe \u2013 Excursion en speedboat -\",\"isPartOf\":{\"@id\":\"https:\/\/lunayatravel.com\/#website\"},\"primaryImageOfPage\":{\"@id\":\"https:\/\/lunayatravel.com\/produit\/%f0%9f%9b%b6-baie-de-phang-nga-james-bond-avec-sea-canoe-excursion-en-speedboat\/#primaryimage\"},\"image\":{\"@id\":\"https:\/\/lunayatravel.com\/produit\/%f0%9f%9b%b6-baie-de-phang-nga-james-bond-avec-sea-canoe-excursion-en-speedboat\/#primaryimage\"},\"thumbnailUrl\":\"https:\/\/lunayatravel.com\/wp-content\/uploads\/2025\/07\/01_JamesBondIsland1.webp\",\"datePublished\":\"2025-07-30T04:03:27+00:00\",\"breadcrumb\":{\"@id\":\"https:\/\/lunayatravel.com\/produit\/%f0%9f%9b%b6-baie-de-phang-nga-james-bond-avec-sea-canoe-excursion-en-speedboat\/#breadcrumb\"},\"inLanguage\":\"en-GB\",\"potentialAction\":[{\"@type\":\"ReadAction\",\"target\":[\"https:\/\/lunayatravel.com\/produit\/%f0%9f%9b%b6-baie-de-phang-nga-james-bond-avec-sea-canoe-excursion-en-speedboat\/\"]}]},{\"@type\":\"ImageObject\",\"inLanguage\":\"en-GB\",\"@id\":\"https:\/\/lunayatravel.com\/produit\/%f0%9f%9b%b6-baie-de-phang-nga-james-bond-avec-sea-canoe-excursion-en-speedboat\/#primaryimage\",\"url\":\"https:\/\/lunayatravel.com\/wp-content\/uploads\/2025\/07\/01_JamesBondIsland1.webp\",\"contentUrl\":\"https:\/\/lunayatravel.com\/wp-content\/uploads\/2025\/07\/01_JamesBondIsland1.webp\",\"width\":720,\"height\":540},{\"@type\":\"BreadcrumbList\",\"@id\":\"https:\/\/lunayatravel.com\/produit\/%f0%9f%9b%b6-baie-de-phang-nga-james-bond-avec-sea-canoe-excursion-en-speedboat\/#breadcrumb\",\"itemListElement\":[{\"@type\":\"ListItem\",\"position\":1,\"name\":\"Accueil\",\"item\":\"https:\/\/lunayatravel.com\/\"},{\"@type\":\"ListItem\",\"position\":2,\"name\":\"Nos activit\u00e9s\",\"item\":\"https:\/\/lunayatravel.com\/nos-activites\/\"},{\"@type\":\"ListItem\",\"position\":3,\"name\":\"\ud83d\udef6 Baie de Phang Nga &#038; James Bond avec Sea Canoe \u2013 Excursion en speedboat\"}]},{\"@type\":\"WebSite\",\"@id\":\"https:\/\/lunayatravel.com\/#website\",\"url\":\"https:\/\/lunayatravel.com\/\",\"name\":\"\",\"description\":\"\",\"publisher\":{\"@id\":\"https:\/\/lunayatravel.com\/#organization\"},\"potentialAction\":[{\"@type\":\"SearchAction\",\"target\":{\"@type\":\"EntryPoint\",\"urlTemplate\":\"https:\/\/lunayatravel.com\/?s={search_term_string}\"},\"query-input\":{\"@type\":\"PropertyValueSpecification\",\"valueRequired\":true,\"valueName\":\"search_term_string\"}}],\"inLanguage\":\"en-GB\"},{\"@type\":\"Organization\",\"@id\":\"https:\/\/lunayatravel.com\/#organization\",\"name\":\"Lunaya travel\",\"alternateName\":\"Lunaya travel\",\"url\":\"https:\/\/lunayatravel.com\/\",\"logo\":{\"@type\":\"ImageObject\",\"inLanguage\":\"en-GB\",\"@id\":\"https:\/\/lunayatravel.com\/#\/schema\/logo\/image\/\",\"url\":\"https:\/\/lunayatravel.com\/wp-content\/uploads\/2026\/03\/cropped-647319118_2379115739204013_337015058165053143_n.jpg\",\"contentUrl\":\"https:\/\/lunayatravel.com\/wp-content\/uploads\/2026\/03\/cropped-647319118_2379115739204013_337015058165053143_n.jpg\",\"width\":1022,\"height\":1023,\"caption\":\"Lunaya travel\"},\"image\":{\"@id\":\"https:\/\/lunayatravel.com\/#\/schema\/logo\/image\/\"},\"sameAs\":[\"https:\/\/www.facebook.com\/lunayaTravel\/\"]}]}<\/script>\n<!-- \/ Yoast SEO plugin. -->","yoast_head_json":{"title":"\ud83d\udef6 Baie de Phang Nga & James Bond avec Sea Canoe \u2013 Excursion en speedboat -","robots":{"index":"index","follow":"follow","max-snippet":"max-snippet:-1","max-image-preview":"max-image-preview:large","max-video-preview":"max-video-preview:-1"},"canonical":"https:\/\/lunayatravel.com\/en\/product\/\ud83d\udef6-baie-de-phang-nga-james-bond-avec-sea-canoe-excursion-en-speedboat\/","og_locale":"en_GB","og_type":"article","og_title":"\ud83d\udef6 Baie de Phang Nga & James Bond avec Sea Canoe \u2013 Excursion en speedboat -","og_description":"\ud83d\udcac Description: Plongez dans les merveilles de la baie de Phang Nga, explorez ses grottes mystiques, pagayez en cano\u00eb dans des lagons cach\u00e9s, d\u00e9couvrez la c\u00e9l\u00e8bre \u00eele de James Bond (Koh Tapu) et savourez un d\u00e9jeuner tha\u00eflandais dans un village flottant authentique.Cette excursion en speedboat allie aventures, paysages inoubliables et confort. Un must pour les amoureux de nature et de cin\u00e9ma !","og_url":"https:\/\/lunayatravel.com\/en\/product\/\ud83d\udef6-baie-de-phang-nga-james-bond-avec-sea-canoe-excursion-en-speedboat\/","article_publisher":"https:\/\/www.facebook.com\/lunayaTravel\/","og_image":[{"width":720,"height":540,"url":"https:\/\/lunayatravel.com\/wp-content\/uploads\/2025\/07\/01_JamesBondIsland1.webp","type":"image\/webp"}],"twitter_card":"summary_large_image","twitter_misc":{"Estimated reading time":"1 minute"},"schema":{"@context":"https:\/\/schema.org","@graph":[{"@type":"WebPage","@id":"https:\/\/lunayatravel.com\/produit\/%f0%9f%9b%b6-baie-de-phang-nga-james-bond-avec-sea-canoe-excursion-en-speedboat\/","url":"https:\/\/lunayatravel.com\/produit\/%f0%9f%9b%b6-baie-de-phang-nga-james-bond-avec-sea-canoe-excursion-en-speedboat\/","name":"\ud83d\udef6 Baie de Phang Nga & James Bond avec Sea Canoe \u2013 Excursion en speedboat -","isPartOf":{"@id":"https:\/\/lunayatravel.com\/#website"},"primaryImageOfPage":{"@id":"https:\/\/lunayatravel.com\/produit\/%f0%9f%9b%b6-baie-de-phang-nga-james-bond-avec-sea-canoe-excursion-en-speedboat\/#primaryimage"},"image":{"@id":"https:\/\/lunayatravel.com\/produit\/%f0%9f%9b%b6-baie-de-phang-nga-james-bond-avec-sea-canoe-excursion-en-speedboat\/#primaryimage"},"thumbnailUrl":"https:\/\/lunayatravel.com\/wp-content\/uploads\/2025\/07\/01_JamesBondIsland1.webp","datePublished":"2025-07-30T04:03:27+00:00","breadcrumb":{"@id":"https:\/\/lunayatravel.com\/produit\/%f0%9f%9b%b6-baie-de-phang-nga-james-bond-avec-sea-canoe-excursion-en-speedboat\/#breadcrumb"},"inLanguage":"en-GB","potentialAction":[{"@type":"ReadAction","target":["https:\/\/lunayatravel.com\/produit\/%f0%9f%9b%b6-baie-de-phang-nga-james-bond-avec-sea-canoe-excursion-en-speedboat\/"]}]},{"@type":"ImageObject","inLanguage":"en-GB","@id":"https:\/\/lunayatravel.com\/produit\/%f0%9f%9b%b6-baie-de-phang-nga-james-bond-avec-sea-canoe-excursion-en-speedboat\/#primaryimage","url":"https:\/\/lunayatravel.com\/wp-content\/uploads\/2025\/07\/01_JamesBondIsland1.webp","contentUrl":"https:\/\/lunayatravel.com\/wp-content\/uploads\/2025\/07\/01_JamesBondIsland1.webp","width":720,"height":540},{"@type":"BreadcrumbList","@id":"https:\/\/lunayatravel.com\/produit\/%f0%9f%9b%b6-baie-de-phang-nga-james-bond-avec-sea-canoe-excursion-en-speedboat\/#breadcrumb","itemListElement":[{"@type":"ListItem","position":1,"name":"Accueil","item":"https:\/\/lunayatravel.com\/"},{"@type":"ListItem","position":2,"name":"Nos activit\u00e9s","item":"https:\/\/lunayatravel.com\/nos-activites\/"},{"@type":"ListItem","position":3,"name":"\ud83d\udef6 Baie de Phang Nga &#038; James Bond avec Sea Canoe \u2013 Excursion en speedboat"}]},{"@type":"WebSite","@id":"https:\/\/lunayatravel.com\/#website","url":"https:\/\/lunayatravel.com\/","name":"","description":"","publisher":{"@id":"https:\/\/lunayatravel.com\/#organization"},"potentialAction":[{"@type":"SearchAction","target":{"@type":"EntryPoint","urlTemplate":"https:\/\/lunayatravel.com\/?s={search_term_string}"},"query-input":{"@type":"PropertyValueSpecification","valueRequired":true,"valueName":"search_term_string"}}],"inLanguage":"en-GB"},{"@type":"Organization","@id":"https:\/\/lunayatravel.com\/#organization","name":"Lunaya travel","alternateName":"Lunaya travel","url":"https:\/\/lunayatravel.com\/","logo":{"@type":"ImageObject","inLanguage":"en-GB","@id":"https:\/\/lunayatravel.com\/#\/schema\/logo\/image\/","url":"https:\/\/lunayatravel.com\/wp-content\/uploads\/2026\/03\/cropped-647319118_2379115739204013_337015058165053143_n.jpg","contentUrl":"https:\/\/lunayatravel.com\/wp-content\/uploads\/2026\/03\/cropped-647319118_2379115739204013_337015058165053143_n.jpg","width":1022,"height":1023,"caption":"Lunaya travel"},"image":{"@id":"https:\/\/lunayatravel.com\/#\/schema\/logo\/image\/"},"sameAs":["https:\/\/www.facebook.com\/lunayaTravel\/"]}]}},"uagb_featured_image_src":{"full":["https:\/\/lunayatravel.com\/wp-content\/uploads\/2025\/07\/01_JamesBondIsland1.webp",720,540,false],"thumbnail":["https:\/\/lunayatravel.com\/wp-content\/uploads\/2025\/07\/01_JamesBondIsland1-150x150.webp",150,150,true],"medium":["https:\/\/lunayatravel.com\/wp-content\/uploads\/2025\/07\/01_JamesBondIsland1-300x225.webp",300,225,true],"medium_large":["https:\/\/lunayatravel.com\/wp-content\/uploads\/2025\/07\/01_JamesBondIsland1.webp",720,540,false],"large":["https:\/\/lunayatravel.com\/wp-content\/uploads\/2025\/07\/01_JamesBondIsland1.webp",720,540,false],"1536x1536":["https:\/\/lunayatravel.com\/wp-content\/uploads\/2025\/07\/01_JamesBondIsland1.webp",720,540,false],"2048x2048":["https:\/\/lunayatravel.com\/wp-content\/uploads\/2025\/07\/01_JamesBondIsland1.webp",720,540,false],"trp-custom-language-flag":["https:\/\/lunayatravel.com\/wp-content\/uploads\/2025\/07\/01_JamesBondIsland1.webp",16,12,false],"widget-thumbnail":["https:\/\/lunayatravel.com\/wp-content\/uploads\/2025\/07\/01_JamesBondIsland1-75x75.webp",75,75,true],"mailpoet_newsletter_max":["https:\/\/lunayatravel.com\/wp-content\/uploads\/2025\/07\/01_JamesBondIsland1.webp",720,540,false],"woocommerce_thumbnail":["https:\/\/lunayatravel.com\/wp-content\/uploads\/2025\/07\/01_JamesBondIsland1-300x300.webp",300,300,true],"woocommerce_single":["https:\/\/lunayatravel.com\/wp-content\/uploads\/2025\/07\/01_JamesBondIsland1-600x450.webp",600,450,true],"woocommerce_gallery_thumbnail":["https:\/\/lunayatravel.com\/wp-content\/uploads\/2025\/07\/01_JamesBondIsland1-100x100.webp",100,100,true],"sow-carousel-default":["https:\/\/lunayatravel.com\/wp-content\/uploads\/2025\/07\/01_JamesBondIsland1-272x182.webp",272,182,true]},"uagb_author_info":{"display_name":"haemers stephanie","author_link":"https:\/\/lunayatravel.com\/en\/author\/"},"uagb_comment_info":0,"uagb_excerpt":"\ud83d\udcac Description: Plongez dans les merveilles de la baie de Phang Nga, explorez ses grottes mystiques, pagayez en cano\u00eb dans des lagons cach\u00e9s, d\u00e9couvrez la c\u00e9l\u00e8bre \u00eele de James Bond (Koh Tapu) et savourez un d\u00e9jeuner tha\u00eflandais dans un village flottant authentique.Cette excursion en speedboat allie aventures, paysages inoubliables et confort. Un must pour les&hellip;","jetpack_sharing_enabled":true,"_links":{"self":[{"href":"https:\/\/lunayatravel.com\/en\/wp-json\/wp\/v2\/product\/30248","targetHints":{"allow":["GET"]}}],"collection":[{"href":"https:\/\/lunayatravel.com\/en\/wp-json\/wp\/v2\/product"}],"about":[{"href":"https:\/\/lunayatravel.com\/en\/wp-json\/wp\/v2\/types\/product"}],"replies":[{"embeddable":true,"href":"https:\/\/lunayatravel.com\/en\/wp-json\/wp\/v2\/comments?post=30248"}],"wp:featuredmedia":[{"embeddable":true,"href":"https:\/\/lunayatravel.com\/en\/wp-json\/wp\/v2\/media\/30251"}],"wp:attachment":[{"href":"https:\/\/lunayatravel.com\/en\/wp-json\/wp\/v2\/media?parent=30248"}],"wp:term":[{"taxonomy":"product_brand","embeddable":true,"href":"https:\/\/lunayatravel.com\/en\/wp-json\/wp\/v2\/product_brand?post=30248"},{"taxonomy":"product_cat","embeddable":true,"href":"https:\/\/lunayatravel.com\/en\/wp-json\/wp\/v2\/product_cat?post=30248"},{"taxonomy":"product_tag","embeddable":true,"href":"https:\/\/lunayatravel.com\/en\/wp-json\/wp\/v2\/product_tag?post=30248"}],"curies":[{"name":"wp","href":"https:\/\/api.w.org\/{rel}","templated":true}]}}