{"id":30246,"date":"2025-07-30T05:56:26","date_gmt":"2025-07-30T03:56:26","guid":{"rendered":"https:\/\/itctoursvoyages.com\/?post_type=product&#038;p=30246"},"modified":"2025-07-30T05:56:27","modified_gmt":"2025-07-30T03:56:27","slug":"%f0%9f%8f%9d%ef%b8%8f-phi-phi-maya-bay-et-lile-de-khai-en-hors-bord-excursion-budget-au-depart-de-phuket","status":"publish","type":"product","link":"https:\/\/lunayatravel.com\/en\/product\/%f0%9f%8f%9d%ef%b8%8f-phi-phi-maya-bay-et-lile-de-khai-en-hors-bord-excursion-budget-au-depart-de-phuket\/","title":{"rendered":"\ud83c\udfdd\ufe0f Phi Phi, Maya Bay and Khai Island by speedboat - Budget excursion departing from Phuket"},"content":{"rendered":"<h3 data-start=\"761\" data-end=\"787\">\u2728 <strong data-start=\"767\" data-end=\"785\">Highlights:<\/strong><\/h3>\n<ul data-start=\"788\" data-end=\"1134\">\n<li data-start=\"788\" data-end=\"845\">\n<p data-start=\"790\" data-end=\"845\">A speedboat excursion ideal for those on a budget<\/p>\n<\/li>\n<li data-start=\"846\" data-end=\"906\">\n<p data-start=\"848\" data-end=\"906\">Snorkelling in the crystal-clear waters of Phi Phi and Khai<\/p>\n<\/li>\n<li data-start=\"907\" data-end=\"973\">\n<p data-start=\"909\" data-end=\"973\">Panoramic tour of Maya Bay (access closed in August-September)<\/p>\n<\/li>\n<li data-start=\"974\" data-end=\"1014\">\n<p data-start=\"976\" data-end=\"1014\">Thai lunch on Phi Phi Don included<\/p>\n<\/li>\n<li data-start=\"1015\" data-end=\"1078\">\n<p data-start=\"1017\" data-end=\"1078\">Local guide, snorkelling equipment and transfers included<\/p>\n<\/li>\n<li data-start=\"1079\" data-end=\"1134\">\n<p data-start=\"1081\" data-end=\"1134\">Perfect for a <strong data-start=\"1098\" data-end=\"1134\">a day of adventure and relaxation<\/strong><\/p>\n<\/li>\n<\/ul>\n<hr data-start=\"1136\" data-end=\"1139\" \/>\n<h3 data-start=\"1141\" data-end=\"1166\">\ud83d\udd50 <strong data-start=\"1148\" data-end=\"1164\">Itinerary :<\/strong><\/h3>\n<ul data-start=\"1167\" data-end=\"1650\">\n<li data-start=\"1167\" data-end=\"1234\">\n<p data-start=\"1169\" data-end=\"1234\"><strong data-start=\"1169\" data-end=\"1186\">07:15 - 08:00<\/strong> Pick-up at your hotel (Phuket area)<\/p>\n<\/li>\n<li data-start=\"1235\" data-end=\"1287\">\n<p data-start=\"1237\" data-end=\"1287\"><strong data-start=\"1237\" data-end=\"1246\">08:30<\/strong> Check-in at Chalong jetty<\/p>\n<\/li>\n<li data-start=\"1288\" data-end=\"1323\">\n<p data-start=\"1290\" data-end=\"1323\"><strong data-start=\"1290\" data-end=\"1299\">09:00<\/strong> Departure for Phi Phi<\/p>\n<\/li>\n<li data-start=\"1324\" data-end=\"1480\">\n<p data-start=\"1326\" data-end=\"1339\"><strong data-start=\"1326\" data-end=\"1335\">10:00<\/strong> :<\/p>\n<ul data-start=\"1342\" data-end=\"1480\">\n<li data-start=\"1342\" data-end=\"1397\">\n<p data-start=\"1344\" data-end=\"1397\">Maya Bay (photo only when closed)<\/p>\n<\/li>\n<li data-start=\"1400\" data-end=\"1417\">\n<p data-start=\"1402\" data-end=\"1417\">Viking cave<\/p>\n<\/li>\n<li data-start=\"1420\" data-end=\"1457\">\n<p data-start=\"1422\" data-end=\"1457\">Snorkelling in Pileh lagoon<\/p>\n<\/li>\n<li data-start=\"1460\" data-end=\"1480\">\n<p data-start=\"1462\" data-end=\"1480\">Monkey beach<\/p>\n<\/li>\n<\/ul>\n<\/li>\n<li data-start=\"1481\" data-end=\"1532\">\n<p data-start=\"1483\" data-end=\"1532\"><strong data-start=\"1483\" data-end=\"1492\">12:30<\/strong> Lunch and relaxation on Phi Phi Don<\/p>\n<\/li>\n<li data-start=\"1533\" data-end=\"1592\">\n<p data-start=\"1535\" data-end=\"1592\"><strong data-start=\"1535\" data-end=\"1544\">15:00<\/strong> Khai Nai: Relaxation and snorkelling on Khai Nai island<\/p>\n<\/li>\n<li data-start=\"1593\" data-end=\"1650\">\n<p data-start=\"1595\" data-end=\"1650\"><strong data-start=\"1595\" data-end=\"1604\">16:50<\/strong> Return to the pier, then transfer to the hotel<\/p>\n<\/li>\n<\/ul>\n<hr data-start=\"1652\" data-end=\"1655\" \/>\n<h3 data-start=\"1657\" data-end=\"1693\">\ud83d\udccc <strong data-start=\"1664\" data-end=\"1691\">Important notes:<\/strong><\/h3>\n<ul data-start=\"1694\" data-end=\"1933\">\n<li data-start=\"1694\" data-end=\"1803\">\n<p data-start=\"1696\" data-end=\"1803\"><strong data-start=\"1696\" data-end=\"1747\">Maya Bay is closed from 1 August to 30 September<\/strong> Access forbidden, but you can admire it from afar<\/p>\n<\/li>\n<li data-start=\"1804\" data-end=\"1882\">\n<p data-start=\"1806\" data-end=\"1882\">The tour operator will extend the time spent on other beaches in compensation<\/p>\n<\/li>\n<li data-start=\"1883\" data-end=\"1933\">\n<p data-start=\"1885\" data-end=\"1933\">Fins not included (rental THB 100 on site)<\/p>\n<\/li>\n<\/ul>\n<hr data-start=\"1935\" data-end=\"1938\" \/>\n<h3 data-start=\"1940\" data-end=\"1970\">\u2705 <strong data-start=\"1946\" data-end=\"1968\">The price includes :<\/strong><\/h3>\n<ul data-start=\"1971\" data-end=\"2183\">\n<li data-start=\"1971\" data-end=\"2034\">\n<p data-start=\"1973\" data-end=\"2034\">Return transfer from your hotel (areas covered)<\/p>\n<\/li>\n<li data-start=\"2035\" data-end=\"2061\">\n<p data-start=\"2037\" data-end=\"2061\">Speedboat excursion<\/p>\n<\/li>\n<li data-start=\"2062\" data-end=\"2085\">\n<p data-start=\"2064\" data-end=\"2085\">Professional guide<\/p>\n<\/li>\n<li data-start=\"2086\" data-end=\"2108\">\n<p data-start=\"2088\" data-end=\"2108\">Accident insurance<\/p>\n<\/li>\n<li data-start=\"2109\" data-end=\"2146\">\n<p data-start=\"2111\" data-end=\"2146\">Thai lunch + fruit + drinks<\/p>\n<\/li>\n<li data-start=\"2147\" data-end=\"2183\">\n<p data-start=\"2149\" data-end=\"2183\">Lifejacket, mask and snorkel<\/p>\n<\/li>\n<\/ul>\n<hr data-start=\"2185\" data-end=\"2188\" \/>\n<h3 data-start=\"2190\" data-end=\"2227\">\ud83e\uddf3 <strong data-start=\"2197\" data-end=\"2225\">What to bring :<\/strong><\/h3>\n<ul data-start=\"2228\" data-end=\"2361\">\n<li data-start=\"2228\" data-end=\"2278\">\n<p data-start=\"2230\" data-end=\"2278\">Swimming costume, towel, sunglasses<\/p>\n<\/li>\n<li data-start=\"2279\" data-end=\"2320\">\n<p data-start=\"2281\" data-end=\"2320\">Reef-friendly sun cream<\/p>\n<\/li>\n<li data-start=\"2321\" data-end=\"2361\">\n<p data-start=\"2323\" data-end=\"2361\">Passport photo on your phone<\/p>\n<\/li>\n<\/ul>","protected":false},"excerpt":{"rendered":"<h3 data-start=\"278\" data-end=\"311\">\ud83d\udcac <strong data-start=\"285\" data-end=\"309\">Description :<\/strong><\/h3>\n<p data-start=\"312\" data-end=\"754\">Explore the <strong data-start=\"325\" data-end=\"356\">Legendary islands of Phi Phi<\/strong> during a <strong data-start=\"368\" data-end=\"411\">affordable speedboat excursion<\/strong>. Dive into the turquoise waters of <strong data-start=\"448\" data-end=\"464\">Pileh Lagoon<\/strong>, admire the famous <strong data-start=\"485\" data-end=\"497\">Maya Bay<\/strong> (panoramic view only from 1 August to 30 September), meet the wild monkeys and finish your day at <strong data-start=\"615\" data-end=\"632\">Khai Island<\/strong>, perfect for relaxing and snorkelling.<br data-start=\"676\" data-end=\"679\" \/>A day packed with natural wonders and fun!<\/p>","protected":false},"featured_media":30192,"comment_status":"open","ping_status":"closed","template":"","meta":{"_uag_custom_page_level_css":""},"product_brand":[],"product_cat":[67],"product_tag":[],"class_list":{"0":"post-30246","1":"product","2":"type-product","3":"status-publish","4":"has-post-thumbnail","6":"product_cat-phuket","8":"first","9":"instock","10":"virtual","11":"taxable","12":"purchasable","13":"product-type-simple"},"yoast_head":"<!-- This site is optimized with the Yoast SEO plugin v27.1.1 - https:\/\/yoast.com\/product\/yoast-seo-wordpress\/ -->\n<title>\ud83c\udfdd\ufe0f Phi Phi, Maya Bay et l\u2019\u00eele de Khai en hors-bord \u2013 Excursion budget au d\u00e9part de Phuket -<\/title>\n<meta name=\"robots\" content=\"index, follow, max-snippet:-1, max-image-preview:large, max-video-preview:-1\" \/>\n<link rel=\"canonical\" href=\"https:\/\/lunayatravel.com\/en\/product\/\ud83c\udfdd\ufe0f-phi-phi-maya-bay-et-lile-de-khai-en-hors-bord-excursion-budget-au-depart-de-phuket\/\" \/>\n<meta property=\"og:locale\" content=\"en_GB\" \/>\n<meta property=\"og:type\" content=\"article\" \/>\n<meta property=\"og:title\" content=\"\ud83c\udfdd\ufe0f Phi Phi, Maya Bay et l\u2019\u00eele de Khai en hors-bord \u2013 Excursion budget au d\u00e9part de Phuket -\" \/>\n<meta property=\"og:description\" content=\"\ud83d\udcac Description\u00a0 : Explorez les \u00eeles l\u00e9gendaires de Phi Phi lors d\u2019une excursion en speedboat \u00e0 prix abordable. Plongez dans les eaux turquoise de Pileh Lagoon, admirez la c\u00e9l\u00e8bre Maya Bay (vue panoramique uniquement du 1er ao\u00fbt au 30 septembre), rencontrez les singes sauvages et terminez votre journ\u00e9e \u00e0 l\u2019\u00eele de Khai, parfaite pour la d\u00e9tente et le snorkeling.Un concentr\u00e9 de merveilles naturelles et de plaisir, en une seule journ\u00e9e !\" \/>\n<meta property=\"og:url\" content=\"https:\/\/lunayatravel.com\/en\/product\/\ud83c\udfdd\ufe0f-phi-phi-maya-bay-et-lile-de-khai-en-hors-bord-excursion-budget-au-depart-de-phuket\/\" \/>\n<meta property=\"article:publisher\" content=\"https:\/\/www.facebook.com\/lunayaTravel\/\" \/>\n<meta property=\"article:modified_time\" content=\"2025-07-30T03:56:27+00:00\" \/>\n<meta property=\"og:image\" content=\"https:\/\/lunayatravel.com\/wp-content\/uploads\/2025\/07\/05-2.webp\" \/>\n\t<meta property=\"og:image:width\" content=\"720\" \/>\n\t<meta property=\"og:image:height\" content=\"540\" \/>\n\t<meta property=\"og:image:type\" content=\"image\/webp\" \/>\n<meta name=\"twitter:card\" content=\"summary_large_image\" \/>\n<meta name=\"twitter:label1\" content=\"Estimated reading time\" \/>\n\t<meta name=\"twitter:data1\" content=\"1 minute\" \/>\n<script type=\"application\/ld+json\" class=\"yoast-schema-graph\">{\"@context\":\"https:\/\/schema.org\",\"@graph\":[{\"@type\":\"WebPage\",\"@id\":\"https:\/\/lunayatravel.com\/produit\/%f0%9f%8f%9d%ef%b8%8f-phi-phi-maya-bay-et-lile-de-khai-en-hors-bord-excursion-budget-au-depart-de-phuket\/\",\"url\":\"https:\/\/lunayatravel.com\/produit\/%f0%9f%8f%9d%ef%b8%8f-phi-phi-maya-bay-et-lile-de-khai-en-hors-bord-excursion-budget-au-depart-de-phuket\/\",\"name\":\"\ud83c\udfdd\ufe0f Phi Phi, Maya Bay et l\u2019\u00eele de Khai en hors-bord \u2013 Excursion budget au d\u00e9part de Phuket -\",\"isPartOf\":{\"@id\":\"https:\/\/lunayatravel.com\/#website\"},\"primaryImageOfPage\":{\"@id\":\"https:\/\/lunayatravel.com\/produit\/%f0%9f%8f%9d%ef%b8%8f-phi-phi-maya-bay-et-lile-de-khai-en-hors-bord-excursion-budget-au-depart-de-phuket\/#primaryimage\"},\"image\":{\"@id\":\"https:\/\/lunayatravel.com\/produit\/%f0%9f%8f%9d%ef%b8%8f-phi-phi-maya-bay-et-lile-de-khai-en-hors-bord-excursion-budget-au-depart-de-phuket\/#primaryimage\"},\"thumbnailUrl\":\"https:\/\/lunayatravel.com\/wp-content\/uploads\/2025\/07\/05-2.webp\",\"datePublished\":\"2025-07-30T03:56:26+00:00\",\"dateModified\":\"2025-07-30T03:56:27+00:00\",\"breadcrumb\":{\"@id\":\"https:\/\/lunayatravel.com\/produit\/%f0%9f%8f%9d%ef%b8%8f-phi-phi-maya-bay-et-lile-de-khai-en-hors-bord-excursion-budget-au-depart-de-phuket\/#breadcrumb\"},\"inLanguage\":\"en-GB\",\"potentialAction\":[{\"@type\":\"ReadAction\",\"target\":[\"https:\/\/lunayatravel.com\/produit\/%f0%9f%8f%9d%ef%b8%8f-phi-phi-maya-bay-et-lile-de-khai-en-hors-bord-excursion-budget-au-depart-de-phuket\/\"]}]},{\"@type\":\"ImageObject\",\"inLanguage\":\"en-GB\",\"@id\":\"https:\/\/lunayatravel.com\/produit\/%f0%9f%8f%9d%ef%b8%8f-phi-phi-maya-bay-et-lile-de-khai-en-hors-bord-excursion-budget-au-depart-de-phuket\/#primaryimage\",\"url\":\"https:\/\/lunayatravel.com\/wp-content\/uploads\/2025\/07\/05-2.webp\",\"contentUrl\":\"https:\/\/lunayatravel.com\/wp-content\/uploads\/2025\/07\/05-2.webp\",\"width\":720,\"height\":540},{\"@type\":\"BreadcrumbList\",\"@id\":\"https:\/\/lunayatravel.com\/produit\/%f0%9f%8f%9d%ef%b8%8f-phi-phi-maya-bay-et-lile-de-khai-en-hors-bord-excursion-budget-au-depart-de-phuket\/#breadcrumb\",\"itemListElement\":[{\"@type\":\"ListItem\",\"position\":1,\"name\":\"Accueil\",\"item\":\"https:\/\/lunayatravel.com\/\"},{\"@type\":\"ListItem\",\"position\":2,\"name\":\"Nos activit\u00e9s\",\"item\":\"https:\/\/lunayatravel.com\/nos-activites\/\"},{\"@type\":\"ListItem\",\"position\":3,\"name\":\"\ud83c\udfdd\ufe0f Phi Phi, Maya Bay et l\u2019\u00eele de Khai en hors-bord \u2013 Excursion budget au d\u00e9part de Phuket\"}]},{\"@type\":\"WebSite\",\"@id\":\"https:\/\/lunayatravel.com\/#website\",\"url\":\"https:\/\/lunayatravel.com\/\",\"name\":\"\",\"description\":\"\",\"publisher\":{\"@id\":\"https:\/\/lunayatravel.com\/#organization\"},\"potentialAction\":[{\"@type\":\"SearchAction\",\"target\":{\"@type\":\"EntryPoint\",\"urlTemplate\":\"https:\/\/lunayatravel.com\/?s={search_term_string}\"},\"query-input\":{\"@type\":\"PropertyValueSpecification\",\"valueRequired\":true,\"valueName\":\"search_term_string\"}}],\"inLanguage\":\"en-GB\"},{\"@type\":\"Organization\",\"@id\":\"https:\/\/lunayatravel.com\/#organization\",\"name\":\"Lunaya travel\",\"alternateName\":\"Lunaya travel\",\"url\":\"https:\/\/lunayatravel.com\/\",\"logo\":{\"@type\":\"ImageObject\",\"inLanguage\":\"en-GB\",\"@id\":\"https:\/\/lunayatravel.com\/#\/schema\/logo\/image\/\",\"url\":\"https:\/\/lunayatravel.com\/wp-content\/uploads\/2026\/03\/cropped-647319118_2379115739204013_337015058165053143_n.jpg\",\"contentUrl\":\"https:\/\/lunayatravel.com\/wp-content\/uploads\/2026\/03\/cropped-647319118_2379115739204013_337015058165053143_n.jpg\",\"width\":1022,\"height\":1023,\"caption\":\"Lunaya travel\"},\"image\":{\"@id\":\"https:\/\/lunayatravel.com\/#\/schema\/logo\/image\/\"},\"sameAs\":[\"https:\/\/www.facebook.com\/lunayaTravel\/\"]}]}<\/script>\n<!-- \/ Yoast SEO plugin. -->","yoast_head_json":{"title":"\ud83c\udfdd\ufe0f Phi Phi, Maya Bay et l\u2019\u00eele de Khai en hors-bord \u2013 Excursion budget au d\u00e9part de Phuket -","robots":{"index":"index","follow":"follow","max-snippet":"max-snippet:-1","max-image-preview":"max-image-preview:large","max-video-preview":"max-video-preview:-1"},"canonical":"https:\/\/lunayatravel.com\/en\/product\/\ud83c\udfdd\ufe0f-phi-phi-maya-bay-et-lile-de-khai-en-hors-bord-excursion-budget-au-depart-de-phuket\/","og_locale":"en_GB","og_type":"article","og_title":"\ud83c\udfdd\ufe0f Phi Phi, Maya Bay et l\u2019\u00eele de Khai en hors-bord \u2013 Excursion budget au d\u00e9part de Phuket -","og_description":"\ud83d\udcac Description\u00a0 : Explorez les \u00eeles l\u00e9gendaires de Phi Phi lors d\u2019une excursion en speedboat \u00e0 prix abordable. Plongez dans les eaux turquoise de Pileh Lagoon, admirez la c\u00e9l\u00e8bre Maya Bay (vue panoramique uniquement du 1er ao\u00fbt au 30 septembre), rencontrez les singes sauvages et terminez votre journ\u00e9e \u00e0 l\u2019\u00eele de Khai, parfaite pour la d\u00e9tente et le snorkeling.Un concentr\u00e9 de merveilles naturelles et de plaisir, en une seule journ\u00e9e !","og_url":"https:\/\/lunayatravel.com\/en\/product\/\ud83c\udfdd\ufe0f-phi-phi-maya-bay-et-lile-de-khai-en-hors-bord-excursion-budget-au-depart-de-phuket\/","article_publisher":"https:\/\/www.facebook.com\/lunayaTravel\/","article_modified_time":"2025-07-30T03:56:27+00:00","og_image":[{"width":720,"height":540,"url":"https:\/\/lunayatravel.com\/wp-content\/uploads\/2025\/07\/05-2.webp","type":"image\/webp"}],"twitter_card":"summary_large_image","twitter_misc":{"Estimated reading time":"1 minute"},"schema":{"@context":"https:\/\/schema.org","@graph":[{"@type":"WebPage","@id":"https:\/\/lunayatravel.com\/produit\/%f0%9f%8f%9d%ef%b8%8f-phi-phi-maya-bay-et-lile-de-khai-en-hors-bord-excursion-budget-au-depart-de-phuket\/","url":"https:\/\/lunayatravel.com\/produit\/%f0%9f%8f%9d%ef%b8%8f-phi-phi-maya-bay-et-lile-de-khai-en-hors-bord-excursion-budget-au-depart-de-phuket\/","name":"\ud83c\udfdd\ufe0f Phi Phi, Maya Bay et l\u2019\u00eele de Khai en hors-bord \u2013 Excursion budget au d\u00e9part de Phuket -","isPartOf":{"@id":"https:\/\/lunayatravel.com\/#website"},"primaryImageOfPage":{"@id":"https:\/\/lunayatravel.com\/produit\/%f0%9f%8f%9d%ef%b8%8f-phi-phi-maya-bay-et-lile-de-khai-en-hors-bord-excursion-budget-au-depart-de-phuket\/#primaryimage"},"image":{"@id":"https:\/\/lunayatravel.com\/produit\/%f0%9f%8f%9d%ef%b8%8f-phi-phi-maya-bay-et-lile-de-khai-en-hors-bord-excursion-budget-au-depart-de-phuket\/#primaryimage"},"thumbnailUrl":"https:\/\/lunayatravel.com\/wp-content\/uploads\/2025\/07\/05-2.webp","datePublished":"2025-07-30T03:56:26+00:00","dateModified":"2025-07-30T03:56:27+00:00","breadcrumb":{"@id":"https:\/\/lunayatravel.com\/produit\/%f0%9f%8f%9d%ef%b8%8f-phi-phi-maya-bay-et-lile-de-khai-en-hors-bord-excursion-budget-au-depart-de-phuket\/#breadcrumb"},"inLanguage":"en-GB","potentialAction":[{"@type":"ReadAction","target":["https:\/\/lunayatravel.com\/produit\/%f0%9f%8f%9d%ef%b8%8f-phi-phi-maya-bay-et-lile-de-khai-en-hors-bord-excursion-budget-au-depart-de-phuket\/"]}]},{"@type":"ImageObject","inLanguage":"en-GB","@id":"https:\/\/lunayatravel.com\/produit\/%f0%9f%8f%9d%ef%b8%8f-phi-phi-maya-bay-et-lile-de-khai-en-hors-bord-excursion-budget-au-depart-de-phuket\/#primaryimage","url":"https:\/\/lunayatravel.com\/wp-content\/uploads\/2025\/07\/05-2.webp","contentUrl":"https:\/\/lunayatravel.com\/wp-content\/uploads\/2025\/07\/05-2.webp","width":720,"height":540},{"@type":"BreadcrumbList","@id":"https:\/\/lunayatravel.com\/produit\/%f0%9f%8f%9d%ef%b8%8f-phi-phi-maya-bay-et-lile-de-khai-en-hors-bord-excursion-budget-au-depart-de-phuket\/#breadcrumb","itemListElement":[{"@type":"ListItem","position":1,"name":"Accueil","item":"https:\/\/lunayatravel.com\/"},{"@type":"ListItem","position":2,"name":"Nos activit\u00e9s","item":"https:\/\/lunayatravel.com\/nos-activites\/"},{"@type":"ListItem","position":3,"name":"\ud83c\udfdd\ufe0f Phi Phi, Maya Bay et l\u2019\u00eele de Khai en hors-bord \u2013 Excursion budget au d\u00e9part de Phuket"}]},{"@type":"WebSite","@id":"https:\/\/lunayatravel.com\/#website","url":"https:\/\/lunayatravel.com\/","name":"","description":"","publisher":{"@id":"https:\/\/lunayatravel.com\/#organization"},"potentialAction":[{"@type":"SearchAction","target":{"@type":"EntryPoint","urlTemplate":"https:\/\/lunayatravel.com\/?s={search_term_string}"},"query-input":{"@type":"PropertyValueSpecification","valueRequired":true,"valueName":"search_term_string"}}],"inLanguage":"en-GB"},{"@type":"Organization","@id":"https:\/\/lunayatravel.com\/#organization","name":"Lunaya travel","alternateName":"Lunaya travel","url":"https:\/\/lunayatravel.com\/","logo":{"@type":"ImageObject","inLanguage":"en-GB","@id":"https:\/\/lunayatravel.com\/#\/schema\/logo\/image\/","url":"https:\/\/lunayatravel.com\/wp-content\/uploads\/2026\/03\/cropped-647319118_2379115739204013_337015058165053143_n.jpg","contentUrl":"https:\/\/lunayatravel.com\/wp-content\/uploads\/2026\/03\/cropped-647319118_2379115739204013_337015058165053143_n.jpg","width":1022,"height":1023,"caption":"Lunaya travel"},"image":{"@id":"https:\/\/lunayatravel.com\/#\/schema\/logo\/image\/"},"sameAs":["https:\/\/www.facebook.com\/lunayaTravel\/"]}]}},"uagb_featured_image_src":{"full":["https:\/\/lunayatravel.com\/wp-content\/uploads\/2025\/07\/05-2.webp",720,540,false],"thumbnail":["https:\/\/lunayatravel.com\/wp-content\/uploads\/2025\/07\/05-2-150x150.webp",150,150,true],"medium":["https:\/\/lunayatravel.com\/wp-content\/uploads\/2025\/07\/05-2-300x225.webp",300,225,true],"medium_large":["https:\/\/lunayatravel.com\/wp-content\/uploads\/2025\/07\/05-2.webp",720,540,false],"large":["https:\/\/lunayatravel.com\/wp-content\/uploads\/2025\/07\/05-2.webp",720,540,false],"1536x1536":["https:\/\/lunayatravel.com\/wp-content\/uploads\/2025\/07\/05-2.webp",720,540,false],"2048x2048":["https:\/\/lunayatravel.com\/wp-content\/uploads\/2025\/07\/05-2.webp",720,540,false],"trp-custom-language-flag":["https:\/\/lunayatravel.com\/wp-content\/uploads\/2025\/07\/05-2.webp",16,12,false],"widget-thumbnail":["https:\/\/lunayatravel.com\/wp-content\/uploads\/2025\/07\/05-2-75x75.webp",75,75,true],"mailpoet_newsletter_max":["https:\/\/lunayatravel.com\/wp-content\/uploads\/2025\/07\/05-2.webp",720,540,false],"woocommerce_thumbnail":["https:\/\/lunayatravel.com\/wp-content\/uploads\/2025\/07\/05-2-300x300.webp",300,300,true],"woocommerce_single":["https:\/\/lunayatravel.com\/wp-content\/uploads\/2025\/07\/05-2-600x450.webp",600,450,true],"woocommerce_gallery_thumbnail":["https:\/\/lunayatravel.com\/wp-content\/uploads\/2025\/07\/05-2-100x100.webp",100,100,true],"sow-carousel-default":["https:\/\/lunayatravel.com\/wp-content\/uploads\/2025\/07\/05-2-272x182.webp",272,182,true]},"uagb_author_info":{"display_name":"haemers stephanie","author_link":"https:\/\/lunayatravel.com\/en\/author\/"},"uagb_comment_info":0,"uagb_excerpt":"\ud83d\udcac Description\u00a0 : Explorez les \u00eeles l\u00e9gendaires de Phi Phi lors d\u2019une excursion en speedboat \u00e0 prix abordable. Plongez dans les eaux turquoise de Pileh Lagoon, admirez la c\u00e9l\u00e8bre Maya Bay (vue panoramique uniquement du 1er ao\u00fbt au 30 septembre), rencontrez les singes sauvages et terminez votre journ\u00e9e \u00e0 l\u2019\u00eele de Khai, parfaite pour la&hellip;","jetpack_sharing_enabled":true,"_links":{"self":[{"href":"https:\/\/lunayatravel.com\/en\/wp-json\/wp\/v2\/product\/30246","targetHints":{"allow":["GET"]}}],"collection":[{"href":"https:\/\/lunayatravel.com\/en\/wp-json\/wp\/v2\/product"}],"about":[{"href":"https:\/\/lunayatravel.com\/en\/wp-json\/wp\/v2\/types\/product"}],"replies":[{"embeddable":true,"href":"https:\/\/lunayatravel.com\/en\/wp-json\/wp\/v2\/comments?post=30246"}],"wp:featuredmedia":[{"embeddable":true,"href":"https:\/\/lunayatravel.com\/en\/wp-json\/wp\/v2\/media\/30192"}],"wp:attachment":[{"href":"https:\/\/lunayatravel.com\/en\/wp-json\/wp\/v2\/media?parent=30246"}],"wp:term":[{"taxonomy":"product_brand","embeddable":true,"href":"https:\/\/lunayatravel.com\/en\/wp-json\/wp\/v2\/product_brand?post=30246"},{"taxonomy":"product_cat","embeddable":true,"href":"https:\/\/lunayatravel.com\/en\/wp-json\/wp\/v2\/product_cat?post=30246"},{"taxonomy":"product_tag","embeddable":true,"href":"https:\/\/lunayatravel.com\/en\/wp-json\/wp\/v2\/product_tag?post=30246"}],"curies":[{"name":"wp","href":"https:\/\/api.w.org\/{rel}","templated":true}]}}