{"id":30241,"date":"2025-07-30T05:43:02","date_gmt":"2025-07-30T03:43:02","guid":{"rendered":"https:\/\/itctoursvoyages.com\/?post_type=product&#038;p=30241"},"modified":"2025-07-30T05:43:02","modified_gmt":"2025-07-30T03:43:02","slug":"%f0%9f%8e%ad-phuket-fantasea-le-spectacle-ultime-a-phuket","status":"publish","type":"product","link":"https:\/\/lunayatravel.com\/en\/product\/%f0%9f%8e%ad-phuket-fantasea-le-spectacle-ultime-a-phuket\/","title":{"rendered":"\ud83c\udfad Phuket FantaSea - The ultimate show in Phuket"},"content":{"rendered":"<h3 data-start=\"731\" data-end=\"757\">\u2728 <strong data-start=\"737\" data-end=\"755\">Highlights:<\/strong><\/h3>\n<ul data-start=\"758\" data-end=\"1105\">\n<li data-start=\"758\" data-end=\"840\">\n<p data-start=\"760\" data-end=\"840\">World-renowned cultural show combining acrobatics, magic and tradition<\/p>\n<\/li>\n<li data-start=\"841\" data-end=\"898\">\n<p data-start=\"843\" data-end=\"898\">Spectacular sets and exceptional performances<\/p>\n<\/li>\n<li data-start=\"899\" data-end=\"976\">\n<p data-start=\"901\" data-end=\"976\">Access to the <strong data-start=\"910\" data-end=\"933\">Festival Village<\/strong> shopping, entertainment, festival atmosphere<\/p>\n<\/li>\n<li data-start=\"1038\" data-end=\"1066\">\n<p data-start=\"1040\" data-end=\"1066\">Suitable for all ages<\/p>\n<\/li>\n<li data-start=\"1067\" data-end=\"1105\">\n<p data-start=\"1069\" data-end=\"1105\"><strong data-start=\"1069\" data-end=\"1105\">Optional return transfer<\/strong><\/p>\n<\/li>\n<\/ul>\n<hr data-start=\"1107\" data-end=\"1110\" \/>\n<h3 data-start=\"1112\" data-end=\"1153\">\ud83d\udd50 <strong data-start=\"1119\" data-end=\"1151\">Opening times and practical information :<\/strong><\/h3>\n<ul data-start=\"1154\" data-end=\"1329\">\n<li data-start=\"1154\" data-end=\"1196\">\n<p data-start=\"1156\" data-end=\"1196\">Open attraction : <strong data-start=\"1177\" data-end=\"1194\">5.30pm - 11.30pm<\/strong><\/p>\n<\/li>\n<li data-start=\"1197\" data-end=\"1239\">\n<p data-start=\"1199\" data-end=\"1239\">Buffet (if chosen) : <strong data-start=\"1220\" data-end=\"1237\">5.30 pm - 9 pm<\/strong><\/p>\n<\/li>\n<li data-start=\"1240\" data-end=\"1287\">\n<p data-start=\"1242\" data-end=\"1287\">Theatre doors open : <strong data-start=\"1276\" data-end=\"1285\">20h40<\/strong><\/p>\n<\/li>\n<li data-start=\"1288\" data-end=\"1329\">\n<p data-start=\"1290\" data-end=\"1329\">Main show : <strong data-start=\"1312\" data-end=\"1329\">9.00 pm - 10.10 pm<\/strong><\/p>\n<\/li>\n<\/ul>\n<hr data-start=\"1331\" data-end=\"1334\" \/>\n<h3 data-start=\"1336\" data-end=\"1376\">\ud83d\udc76 <strong data-start=\"1343\" data-end=\"1374\">Children &amp; special rates :<\/strong><\/h3>\n<ul data-start=\"1377\" data-end=\"1494\">\n<li data-start=\"1377\" data-end=\"1407\">\n<p data-start=\"1379\" data-end=\"1407\">Single adult\/child rate<\/p>\n<\/li>\n<li data-start=\"1408\" data-end=\"1494\">\n<p data-start=\"1410\" data-end=\"1494\">Children under 100 cm: free admission (transport THB 350 on site if required)<\/p>\n<\/li>\n<\/ul>\n<hr data-start=\"1496\" data-end=\"1499\" \/>\n<h3 data-start=\"1501\" data-end=\"1531\">\u2705 <strong data-start=\"1507\" data-end=\"1529\">The price includes :<\/strong><\/h3>\n<ul data-start=\"1532\" data-end=\"1692\">\n<li data-start=\"1532\" data-end=\"1578\">\n<p data-start=\"1534\" data-end=\"1578\">Admission to the \"Fantasy of a Kingdom\" show<\/p>\n<\/li>\n<li data-start=\"1579\" data-end=\"1611\">\n<p data-start=\"1581\" data-end=\"1611\">Access to the Festival Village<\/p>\n<\/li>\n<li data-start=\"1651\" data-end=\"1692\">\n<p data-start=\"1653\" data-end=\"1692\">Return transfer (if selected)<\/p>\n<\/li>\n<\/ul>\n<hr data-start=\"1889\" data-end=\"1892\" \/>\n<h3 data-start=\"1894\" data-end=\"1930\">\ud83e\uddf3 <strong data-start=\"1901\" data-end=\"1928\">What to expect:<\/strong><\/h3>\n<ul data-start=\"1931\" data-end=\"2035\">\n<li data-start=\"1931\" data-end=\"1996\">\n<p data-start=\"1933\" data-end=\"1996\">Proper attire (casual evening wear recommended)<\/p>\n<\/li>\n<li data-start=\"1997\" data-end=\"2035\">\n<p data-start=\"1999\" data-end=\"2035\">Camera (outside show area)<\/p>\n<\/li>\n<\/ul>","protected":false},"excerpt":{"rendered":"<h3 data-start=\"223\" data-end=\"256\">\ud83d\udcac <strong data-start=\"230\" data-end=\"254\">Description :<\/strong><\/h3>\n<p data-start=\"257\" data-end=\"724\">Immerse yourself in the magical world of <strong data-start=\"291\" data-end=\"310\">Phuket FantaSea<\/strong>a grandiose show combining <strong data-start=\"342\" data-end=\"391\">Thai mythology, culture and legends<\/strong>with breathtaking special effects.<br data-start=\"438\" data-end=\"441\" \/>Before the show, stroll through the <strong data-start=\"471\" data-end=\"494\">Festival Village<\/strong>A lively area with stalls, entertainment and shopping. As an option, enjoy a <strong data-start=\"572\" data-end=\"611\">Thai and international buffet<\/strong>prepared by the country's top chefs.<br data-start=\"653\" data-end=\"656\" \/>An absolute must for all the family during your stay in Phuket!<\/p>","protected":false},"featured_media":30245,"comment_status":"open","ping_status":"closed","template":"","meta":{"_uag_custom_page_level_css":""},"product_brand":[],"product_cat":[67],"product_tag":[],"class_list":{"0":"post-30241","1":"product","2":"type-product","3":"status-publish","4":"has-post-thumbnail","6":"product_cat-phuket","8":"first","9":"instock","10":"virtual","11":"taxable","12":"purchasable","13":"product-type-simple"},"yoast_head":"<!-- This site is optimized with the Yoast SEO plugin v27.1.1 - https:\/\/yoast.com\/product\/yoast-seo-wordpress\/ -->\n<title>\ud83c\udfad Phuket FantaSea \u2013 Le spectacle ultime \u00e0 Phuket -<\/title>\n<meta name=\"robots\" content=\"index, follow, max-snippet:-1, max-image-preview:large, max-video-preview:-1\" \/>\n<link rel=\"canonical\" href=\"https:\/\/lunayatravel.com\/en\/product\/\ud83c\udfad-phuket-fantasea-le-spectacle-ultime-a-phuket\/\" \/>\n<meta property=\"og:locale\" content=\"en_GB\" \/>\n<meta property=\"og:type\" content=\"article\" \/>\n<meta property=\"og:title\" content=\"\ud83c\udfad Phuket FantaSea \u2013 Le spectacle ultime \u00e0 Phuket -\" \/>\n<meta property=\"og:description\" content=\"\ud83d\udcac Description : Plongez dans l\u2019univers magique de Phuket FantaSea, un spectacle grandiose m\u00ealant mythologie, culture et l\u00e9gendes tha\u00eflandaises, avec des effets sp\u00e9ciaux \u00e0 couper le souffle.Avant le show, fl\u00e2nez dans le Village du Festival, un espace anim\u00e9 avec stands, animations et shopping. En option, savourez un buffet tha\u00eflandais et international, pr\u00e9par\u00e9 par les meilleurs chefs du pays.Un must absolu pour toute la famille lors de votre s\u00e9jour \u00e0 Phuket !\" \/>\n<meta property=\"og:url\" content=\"https:\/\/lunayatravel.com\/en\/product\/\ud83c\udfad-phuket-fantasea-le-spectacle-ultime-a-phuket\/\" \/>\n<meta property=\"article:publisher\" content=\"https:\/\/www.facebook.com\/lunayaTravel\/\" \/>\n<meta property=\"og:image\" content=\"https:\/\/lunayatravel.com\/wp-content\/uploads\/2025\/07\/1-1-2.webp\" \/>\n\t<meta property=\"og:image:width\" content=\"720\" \/>\n\t<meta property=\"og:image:height\" content=\"540\" \/>\n\t<meta property=\"og:image:type\" content=\"image\/webp\" \/>\n<meta name=\"twitter:card\" content=\"summary_large_image\" \/>\n<meta name=\"twitter:label1\" content=\"Estimated reading time\" \/>\n\t<meta name=\"twitter:data1\" content=\"1 minute\" \/>\n<script type=\"application\/ld+json\" class=\"yoast-schema-graph\">{\"@context\":\"https:\/\/schema.org\",\"@graph\":[{\"@type\":\"WebPage\",\"@id\":\"https:\/\/lunayatravel.com\/produit\/%f0%9f%8e%ad-phuket-fantasea-le-spectacle-ultime-a-phuket\/\",\"url\":\"https:\/\/lunayatravel.com\/produit\/%f0%9f%8e%ad-phuket-fantasea-le-spectacle-ultime-a-phuket\/\",\"name\":\"\ud83c\udfad Phuket FantaSea \u2013 Le spectacle ultime \u00e0 Phuket -\",\"isPartOf\":{\"@id\":\"https:\/\/lunayatravel.com\/#website\"},\"primaryImageOfPage\":{\"@id\":\"https:\/\/lunayatravel.com\/produit\/%f0%9f%8e%ad-phuket-fantasea-le-spectacle-ultime-a-phuket\/#primaryimage\"},\"image\":{\"@id\":\"https:\/\/lunayatravel.com\/produit\/%f0%9f%8e%ad-phuket-fantasea-le-spectacle-ultime-a-phuket\/#primaryimage\"},\"thumbnailUrl\":\"https:\/\/lunayatravel.com\/wp-content\/uploads\/2025\/07\/1-1-2.webp\",\"datePublished\":\"2025-07-30T03:43:02+00:00\",\"breadcrumb\":{\"@id\":\"https:\/\/lunayatravel.com\/produit\/%f0%9f%8e%ad-phuket-fantasea-le-spectacle-ultime-a-phuket\/#breadcrumb\"},\"inLanguage\":\"en-GB\",\"potentialAction\":[{\"@type\":\"ReadAction\",\"target\":[\"https:\/\/lunayatravel.com\/produit\/%f0%9f%8e%ad-phuket-fantasea-le-spectacle-ultime-a-phuket\/\"]}]},{\"@type\":\"ImageObject\",\"inLanguage\":\"en-GB\",\"@id\":\"https:\/\/lunayatravel.com\/produit\/%f0%9f%8e%ad-phuket-fantasea-le-spectacle-ultime-a-phuket\/#primaryimage\",\"url\":\"https:\/\/lunayatravel.com\/wp-content\/uploads\/2025\/07\/1-1-2.webp\",\"contentUrl\":\"https:\/\/lunayatravel.com\/wp-content\/uploads\/2025\/07\/1-1-2.webp\",\"width\":720,\"height\":540},{\"@type\":\"BreadcrumbList\",\"@id\":\"https:\/\/lunayatravel.com\/produit\/%f0%9f%8e%ad-phuket-fantasea-le-spectacle-ultime-a-phuket\/#breadcrumb\",\"itemListElement\":[{\"@type\":\"ListItem\",\"position\":1,\"name\":\"Accueil\",\"item\":\"https:\/\/lunayatravel.com\/\"},{\"@type\":\"ListItem\",\"position\":2,\"name\":\"Nos activit\u00e9s\",\"item\":\"https:\/\/lunayatravel.com\/nos-activites\/\"},{\"@type\":\"ListItem\",\"position\":3,\"name\":\"\ud83c\udfad Phuket FantaSea \u2013 Le spectacle ultime \u00e0 Phuket\"}]},{\"@type\":\"WebSite\",\"@id\":\"https:\/\/lunayatravel.com\/#website\",\"url\":\"https:\/\/lunayatravel.com\/\",\"name\":\"\",\"description\":\"\",\"publisher\":{\"@id\":\"https:\/\/lunayatravel.com\/#organization\"},\"potentialAction\":[{\"@type\":\"SearchAction\",\"target\":{\"@type\":\"EntryPoint\",\"urlTemplate\":\"https:\/\/lunayatravel.com\/?s={search_term_string}\"},\"query-input\":{\"@type\":\"PropertyValueSpecification\",\"valueRequired\":true,\"valueName\":\"search_term_string\"}}],\"inLanguage\":\"en-GB\"},{\"@type\":\"Organization\",\"@id\":\"https:\/\/lunayatravel.com\/#organization\",\"name\":\"Lunaya travel\",\"alternateName\":\"Lunaya travel\",\"url\":\"https:\/\/lunayatravel.com\/\",\"logo\":{\"@type\":\"ImageObject\",\"inLanguage\":\"en-GB\",\"@id\":\"https:\/\/lunayatravel.com\/#\/schema\/logo\/image\/\",\"url\":\"https:\/\/lunayatravel.com\/wp-content\/uploads\/2026\/03\/cropped-647319118_2379115739204013_337015058165053143_n.jpg\",\"contentUrl\":\"https:\/\/lunayatravel.com\/wp-content\/uploads\/2026\/03\/cropped-647319118_2379115739204013_337015058165053143_n.jpg\",\"width\":1022,\"height\":1023,\"caption\":\"Lunaya travel\"},\"image\":{\"@id\":\"https:\/\/lunayatravel.com\/#\/schema\/logo\/image\/\"},\"sameAs\":[\"https:\/\/www.facebook.com\/lunayaTravel\/\"]}]}<\/script>\n<!-- \/ Yoast SEO plugin. -->","yoast_head_json":{"title":"\ud83c\udfad Phuket FantaSea \u2013 Le spectacle ultime \u00e0 Phuket -","robots":{"index":"index","follow":"follow","max-snippet":"max-snippet:-1","max-image-preview":"max-image-preview:large","max-video-preview":"max-video-preview:-1"},"canonical":"https:\/\/lunayatravel.com\/en\/product\/\ud83c\udfad-phuket-fantasea-le-spectacle-ultime-a-phuket\/","og_locale":"en_GB","og_type":"article","og_title":"\ud83c\udfad Phuket FantaSea \u2013 Le spectacle ultime \u00e0 Phuket -","og_description":"\ud83d\udcac Description : Plongez dans l\u2019univers magique de Phuket FantaSea, un spectacle grandiose m\u00ealant mythologie, culture et l\u00e9gendes tha\u00eflandaises, avec des effets sp\u00e9ciaux \u00e0 couper le souffle.Avant le show, fl\u00e2nez dans le Village du Festival, un espace anim\u00e9 avec stands, animations et shopping. En option, savourez un buffet tha\u00eflandais et international, pr\u00e9par\u00e9 par les meilleurs chefs du pays.Un must absolu pour toute la famille lors de votre s\u00e9jour \u00e0 Phuket !","og_url":"https:\/\/lunayatravel.com\/en\/product\/\ud83c\udfad-phuket-fantasea-le-spectacle-ultime-a-phuket\/","article_publisher":"https:\/\/www.facebook.com\/lunayaTravel\/","og_image":[{"width":720,"height":540,"url":"https:\/\/lunayatravel.com\/wp-content\/uploads\/2025\/07\/1-1-2.webp","type":"image\/webp"}],"twitter_card":"summary_large_image","twitter_misc":{"Estimated reading time":"1 minute"},"schema":{"@context":"https:\/\/schema.org","@graph":[{"@type":"WebPage","@id":"https:\/\/lunayatravel.com\/produit\/%f0%9f%8e%ad-phuket-fantasea-le-spectacle-ultime-a-phuket\/","url":"https:\/\/lunayatravel.com\/produit\/%f0%9f%8e%ad-phuket-fantasea-le-spectacle-ultime-a-phuket\/","name":"\ud83c\udfad Phuket FantaSea \u2013 Le spectacle ultime \u00e0 Phuket -","isPartOf":{"@id":"https:\/\/lunayatravel.com\/#website"},"primaryImageOfPage":{"@id":"https:\/\/lunayatravel.com\/produit\/%f0%9f%8e%ad-phuket-fantasea-le-spectacle-ultime-a-phuket\/#primaryimage"},"image":{"@id":"https:\/\/lunayatravel.com\/produit\/%f0%9f%8e%ad-phuket-fantasea-le-spectacle-ultime-a-phuket\/#primaryimage"},"thumbnailUrl":"https:\/\/lunayatravel.com\/wp-content\/uploads\/2025\/07\/1-1-2.webp","datePublished":"2025-07-30T03:43:02+00:00","breadcrumb":{"@id":"https:\/\/lunayatravel.com\/produit\/%f0%9f%8e%ad-phuket-fantasea-le-spectacle-ultime-a-phuket\/#breadcrumb"},"inLanguage":"en-GB","potentialAction":[{"@type":"ReadAction","target":["https:\/\/lunayatravel.com\/produit\/%f0%9f%8e%ad-phuket-fantasea-le-spectacle-ultime-a-phuket\/"]}]},{"@type":"ImageObject","inLanguage":"en-GB","@id":"https:\/\/lunayatravel.com\/produit\/%f0%9f%8e%ad-phuket-fantasea-le-spectacle-ultime-a-phuket\/#primaryimage","url":"https:\/\/lunayatravel.com\/wp-content\/uploads\/2025\/07\/1-1-2.webp","contentUrl":"https:\/\/lunayatravel.com\/wp-content\/uploads\/2025\/07\/1-1-2.webp","width":720,"height":540},{"@type":"BreadcrumbList","@id":"https:\/\/lunayatravel.com\/produit\/%f0%9f%8e%ad-phuket-fantasea-le-spectacle-ultime-a-phuket\/#breadcrumb","itemListElement":[{"@type":"ListItem","position":1,"name":"Accueil","item":"https:\/\/lunayatravel.com\/"},{"@type":"ListItem","position":2,"name":"Nos activit\u00e9s","item":"https:\/\/lunayatravel.com\/nos-activites\/"},{"@type":"ListItem","position":3,"name":"\ud83c\udfad Phuket FantaSea \u2013 Le spectacle ultime \u00e0 Phuket"}]},{"@type":"WebSite","@id":"https:\/\/lunayatravel.com\/#website","url":"https:\/\/lunayatravel.com\/","name":"","description":"","publisher":{"@id":"https:\/\/lunayatravel.com\/#organization"},"potentialAction":[{"@type":"SearchAction","target":{"@type":"EntryPoint","urlTemplate":"https:\/\/lunayatravel.com\/?s={search_term_string}"},"query-input":{"@type":"PropertyValueSpecification","valueRequired":true,"valueName":"search_term_string"}}],"inLanguage":"en-GB"},{"@type":"Organization","@id":"https:\/\/lunayatravel.com\/#organization","name":"Lunaya travel","alternateName":"Lunaya travel","url":"https:\/\/lunayatravel.com\/","logo":{"@type":"ImageObject","inLanguage":"en-GB","@id":"https:\/\/lunayatravel.com\/#\/schema\/logo\/image\/","url":"https:\/\/lunayatravel.com\/wp-content\/uploads\/2026\/03\/cropped-647319118_2379115739204013_337015058165053143_n.jpg","contentUrl":"https:\/\/lunayatravel.com\/wp-content\/uploads\/2026\/03\/cropped-647319118_2379115739204013_337015058165053143_n.jpg","width":1022,"height":1023,"caption":"Lunaya travel"},"image":{"@id":"https:\/\/lunayatravel.com\/#\/schema\/logo\/image\/"},"sameAs":["https:\/\/www.facebook.com\/lunayaTravel\/"]}]}},"uagb_featured_image_src":{"full":["https:\/\/lunayatravel.com\/wp-content\/uploads\/2025\/07\/1-1-2.webp",720,540,false],"thumbnail":["https:\/\/lunayatravel.com\/wp-content\/uploads\/2025\/07\/1-1-2-150x150.webp",150,150,true],"medium":["https:\/\/lunayatravel.com\/wp-content\/uploads\/2025\/07\/1-1-2-300x225.webp",300,225,true],"medium_large":["https:\/\/lunayatravel.com\/wp-content\/uploads\/2025\/07\/1-1-2.webp",720,540,false],"large":["https:\/\/lunayatravel.com\/wp-content\/uploads\/2025\/07\/1-1-2.webp",720,540,false],"1536x1536":["https:\/\/lunayatravel.com\/wp-content\/uploads\/2025\/07\/1-1-2.webp",720,540,false],"2048x2048":["https:\/\/lunayatravel.com\/wp-content\/uploads\/2025\/07\/1-1-2.webp",720,540,false],"trp-custom-language-flag":["https:\/\/lunayatravel.com\/wp-content\/uploads\/2025\/07\/1-1-2.webp",16,12,false],"widget-thumbnail":["https:\/\/lunayatravel.com\/wp-content\/uploads\/2025\/07\/1-1-2-75x75.webp",75,75,true],"mailpoet_newsletter_max":["https:\/\/lunayatravel.com\/wp-content\/uploads\/2025\/07\/1-1-2.webp",720,540,false],"woocommerce_thumbnail":["https:\/\/lunayatravel.com\/wp-content\/uploads\/2025\/07\/1-1-2-300x300.webp",300,300,true],"woocommerce_single":["https:\/\/lunayatravel.com\/wp-content\/uploads\/2025\/07\/1-1-2-600x450.webp",600,450,true],"woocommerce_gallery_thumbnail":["https:\/\/lunayatravel.com\/wp-content\/uploads\/2025\/07\/1-1-2-100x100.webp",100,100,true],"sow-carousel-default":["https:\/\/lunayatravel.com\/wp-content\/uploads\/2025\/07\/1-1-2-272x182.webp",272,182,true]},"uagb_author_info":{"display_name":"haemers stephanie","author_link":"https:\/\/lunayatravel.com\/en\/author\/"},"uagb_comment_info":0,"uagb_excerpt":"\ud83d\udcac Description : Plongez dans l\u2019univers magique de Phuket FantaSea, un spectacle grandiose m\u00ealant mythologie, culture et l\u00e9gendes tha\u00eflandaises, avec des effets sp\u00e9ciaux \u00e0 couper le souffle.Avant le show, fl\u00e2nez dans le Village du Festival, un espace anim\u00e9 avec stands, animations et shopping. En option, savourez un buffet tha\u00eflandais et international, pr\u00e9par\u00e9 par les meilleurs&hellip;","jetpack_sharing_enabled":true,"_links":{"self":[{"href":"https:\/\/lunayatravel.com\/en\/wp-json\/wp\/v2\/product\/30241","targetHints":{"allow":["GET"]}}],"collection":[{"href":"https:\/\/lunayatravel.com\/en\/wp-json\/wp\/v2\/product"}],"about":[{"href":"https:\/\/lunayatravel.com\/en\/wp-json\/wp\/v2\/types\/product"}],"replies":[{"embeddable":true,"href":"https:\/\/lunayatravel.com\/en\/wp-json\/wp\/v2\/comments?post=30241"}],"wp:featuredmedia":[{"embeddable":true,"href":"https:\/\/lunayatravel.com\/en\/wp-json\/wp\/v2\/media\/30245"}],"wp:attachment":[{"href":"https:\/\/lunayatravel.com\/en\/wp-json\/wp\/v2\/media?parent=30241"}],"wp:term":[{"taxonomy":"product_brand","embeddable":true,"href":"https:\/\/lunayatravel.com\/en\/wp-json\/wp\/v2\/product_brand?post=30241"},{"taxonomy":"product_cat","embeddable":true,"href":"https:\/\/lunayatravel.com\/en\/wp-json\/wp\/v2\/product_cat?post=30241"},{"taxonomy":"product_tag","embeddable":true,"href":"https:\/\/lunayatravel.com\/en\/wp-json\/wp\/v2\/product_tag?post=30241"}],"curies":[{"name":"wp","href":"https:\/\/api.w.org\/{rel}","templated":true}]}}