{"id":30236,"date":"2025-07-30T05:35:40","date_gmt":"2025-07-30T03:35:40","guid":{"rendered":"https:\/\/itctoursvoyages.com\/?post_type=product&#038;p=30236"},"modified":"2025-07-30T05:35:41","modified_gmt":"2025-07-30T03:35:41","slug":"%f0%9f%8f%9d%ef%b8%8f-baie-de-phang-nga-ile-de-james-bond-kayak-grand-bateau","status":"publish","type":"product","link":"https:\/\/lunayatravel.com\/en\/product\/%f0%9f%8f%9d%ef%b8%8f-baie-de-phang-nga-ile-de-james-bond-kayak-grand-bateau\/","title":{"rendered":"\ud83c\udfdd\ufe0f Phang Nga Bay &amp; James Bond Island + kayaking - Large boat"},"content":{"rendered":"<h3 data-start=\"613\" data-end=\"637\">\u2728 <strong data-start=\"619\" data-end=\"637\">Highlights:<\/strong><\/h3>\n<ul data-start=\"638\" data-end=\"963\">\n<li data-start=\"638\" data-end=\"702\">\n<p data-start=\"640\" data-end=\"702\">Sailing in a large boat in the splendid bay of Phang Nga<\/p>\n<\/li>\n<li data-start=\"703\" data-end=\"763\">\n<p data-start=\"705\" data-end=\"763\">Kayaking in the caves and lagoons of Hong and Panak islands<\/p>\n<\/li>\n<li data-start=\"764\" data-end=\"807\">\n<p data-start=\"766\" data-end=\"807\">Visit to James Bond Island (Khao Tapu)<\/p>\n<\/li>\n<li data-start=\"808\" data-end=\"859\">\n<p data-start=\"810\" data-end=\"859\">Free time to swim or kayak again at Lawa<\/p>\n<\/li>\n<li data-start=\"860\" data-end=\"898\">\n<p data-start=\"862\" data-end=\"898\"><strong data-start=\"862\" data-end=\"898\">Gourmet Thai buffet on board<\/strong><\/p>\n<\/li>\n<li data-start=\"899\" data-end=\"963\">\n<p data-start=\"901\" data-end=\"963\">Return transfers from Phuket included (see conditions)<\/p>\n<\/li>\n<\/ul>\n<hr data-start=\"965\" data-end=\"968\" \/>\n<h3 data-start=\"970\" data-end=\"1000\">\ud83d\udd52 <strong data-start=\"977\" data-end=\"1000\">Estimated route :<\/strong><\/h3>\n<ul data-start=\"1001\" data-end=\"1383\">\n<li data-start=\"1001\" data-end=\"1065\">\n<p data-start=\"1003\" data-end=\"1065\"><strong data-start=\"1003\" data-end=\"1012\">07:30<\/strong> - Pick-up at your hotel (times vary according to area)<\/p>\n<\/li>\n<li data-start=\"1066\" data-end=\"1115\">\n<p data-start=\"1068\" data-end=\"1115\"><strong data-start=\"1068\" data-end=\"1077\">09:30<\/strong> - Departure by boat from Ao Por Pier<\/p>\n<\/li>\n<li data-start=\"1116\" data-end=\"1145\">\n<p data-start=\"1118\" data-end=\"1145\">\ud83c\udf3f Kayaking on the island of Panak<\/p>\n<\/li>\n<li data-start=\"1146\" data-end=\"1190\">\n<p data-start=\"1148\" data-end=\"1190\">\ud83c\udf04 Exploring Hong Island by kayak<\/p>\n<\/li>\n<li data-start=\"1191\" data-end=\"1221\">\n<p data-start=\"1193\" data-end=\"1221\">\ud83c\udf7d\ufe0f Buffet lunch on board<\/p>\n<\/li>\n<li data-start=\"1222\" data-end=\"1270\">\n<p data-start=\"1224\" data-end=\"1270\">\ud83c\udfa5 Visit to James Bond Island (Khao Tapu)<\/p>\n<\/li>\n<li data-start=\"1271\" data-end=\"1322\">\n<p data-start=\"1273\" data-end=\"1322\">\ud83c\udfd6\ufe0f Swimming \/ kayaking on the island of Lawa (or Panak)<\/p>\n<\/li>\n<li data-start=\"1323\" data-end=\"1383\">\n<p data-start=\"1325\" data-end=\"1383\"><strong data-start=\"1325\" data-end=\"1340\">16:30-17:00<\/strong> - Return to port &amp; transfer to your hotel<\/p>\n<\/li>\n<\/ul>\n<hr data-start=\"1385\" data-end=\"1388\" \/>\n<h3 data-start=\"1390\" data-end=\"1421\">\ud83c\udf5b <strong data-start=\"1397\" data-end=\"1421\">Buffet menu on board :<\/strong><\/h3>\n<ul data-start=\"1422\" data-end=\"1634\">\n<li data-start=\"1422\" data-end=\"1452\">\n<p data-start=\"1424\" data-end=\"1452\">Spicy prawn soup<\/p>\n<\/li>\n<li data-start=\"1453\" data-end=\"1468\">\n<p data-start=\"1455\" data-end=\"1468\">Fried chicken<\/p>\n<\/li>\n<li data-start=\"1469\" data-end=\"1502\">\n<p data-start=\"1471\" data-end=\"1502\">Hokkien-style fried noodles<\/p>\n<\/li>\n<li data-start=\"1503\" data-end=\"1531\">\n<p data-start=\"1505\" data-end=\"1531\">Cashew chicken<\/p>\n<\/li>\n<li data-start=\"1532\" data-end=\"1550\">\n<p data-start=\"1534\" data-end=\"1550\">Stir-fried vegetables<\/p>\n<\/li>\n<li data-start=\"1551\" data-end=\"1569\">\n<p data-start=\"1553\" data-end=\"1569\">Fresh salad<\/p>\n<\/li>\n<li data-start=\"1570\" data-end=\"1596\">\n<p data-start=\"1572\" data-end=\"1596\">Steamed and fried rice<\/p>\n<\/li>\n<li data-start=\"1597\" data-end=\"1634\">\n<p data-start=\"1599\" data-end=\"1634\">Coffee, tea, soft drinks<\/p>\n<\/li>\n<\/ul>\n<hr data-start=\"1636\" data-end=\"1639\" \/>\n<h3 data-start=\"1641\" data-end=\"1692\">\ud83d\udccd <strong data-start=\"1648\" data-end=\"1690\">Coverage areas &amp; supplements<\/strong> :<\/h3>\n<ul data-start=\"1693\" data-end=\"1889\">\n<li data-start=\"1693\" data-end=\"1757\">\n<p data-start=\"1695\" data-end=\"1757\"><strong data-start=\"1695\" data-end=\"1705\">Included<\/strong> Some central areas (subject to availability)<\/p>\n<\/li>\n<li data-start=\"1758\" data-end=\"1815\">\n<p data-start=\"1760\" data-end=\"1815\"><strong data-start=\"1760\" data-end=\"1785\">Possible supplements<\/strong> THB 100 to 200 depending on the beach<\/p>\n<\/li>\n<\/ul>\n<hr data-start=\"1891\" data-end=\"1894\" \/>\n<h3 data-start=\"1896\" data-end=\"1924\">\u2705 <strong data-start=\"1902\" data-end=\"1924\">The price includes :<\/strong><\/h3>\n<ul data-start=\"1925\" data-end=\"2131\">\n<li data-start=\"1925\" data-end=\"1949\">\n<p data-start=\"1927\" data-end=\"1949\">Return transfer<\/p>\n<\/li>\n<li data-start=\"1950\" data-end=\"1971\">\n<p data-start=\"1952\" data-end=\"1971\">Kayak and equipment<\/p>\n<\/li>\n<li data-start=\"1972\" data-end=\"1992\">\n<p data-start=\"1974\" data-end=\"1992\">Life jackets<\/p>\n<\/li>\n<li data-start=\"1993\" data-end=\"2042\">\n<p data-start=\"1995\" data-end=\"2042\">Light breakfast (biscuits, bread, coffee\/tea)<\/p>\n<\/li>\n<li data-start=\"2043\" data-end=\"2067\">\n<p data-start=\"2045\" data-end=\"2067\">Buffet lunch on board<\/p>\n<\/li>\n<li data-start=\"2068\" data-end=\"2086\">\n<p data-start=\"2070\" data-end=\"2086\">English-speaking guide<\/p>\n<\/li>\n<li data-start=\"2087\" data-end=\"2131\">\n<p data-start=\"2089\" data-end=\"2131\">Accident insurance (excluding personal property)<\/p>\n<\/li>\n<\/ul>\n<hr data-start=\"2133\" data-end=\"2136\" \/>\n<h3 data-start=\"2138\" data-end=\"2173\">\ud83e\uddf3 <strong data-start=\"2145\" data-end=\"2173\">What to bring :<\/strong><\/h3>\n<ul data-start=\"2174\" data-end=\"2283\">\n<li data-start=\"2174\" data-end=\"2225\">\n<p data-start=\"2176\" data-end=\"2225\">\ud83d\udcf7 Photo of your passport on your phone<\/p>\n<\/li>\n<li data-start=\"2226\" data-end=\"2260\">\n<p data-start=\"2228\" data-end=\"2260\">\ud83e\uddf4 Biodegradable sun cream<\/p>\n<\/li>\n<li data-start=\"2261\" data-end=\"2283\">\n<p data-start=\"2263\" data-end=\"2283\">\ud83e\uddfc Bath towel<\/p>\n<\/li>\n<\/ul>","protected":false},"excerpt":{"rendered":"<h3 data-start=\"201\" data-end=\"232\">\ud83d\udcac <strong data-start=\"208\" data-end=\"232\">Description :<\/strong><\/h3>\n<p data-start=\"233\" data-end=\"606\">Explore the famous <strong data-start=\"253\" data-end=\"274\">Phang Nga Bay<\/strong> during a day on a comfortable boat, punctuated by memorable activities.<br data-start=\"349\" data-end=\"352\" \/>Paddle through the caves of Hong Island, admire the film set of James Bond Island, swim in the crystal-clear waters of Panak or Lawa, and enjoy a <strong data-start=\"515\" data-end=\"546\">gourmet buffet on board<\/strong>.<br data-start=\"547\" data-end=\"550\" \/>A complete adventure, combining nature, culture and relaxation.<\/p>","protected":false},"featured_media":30240,"comment_status":"open","ping_status":"closed","template":"","meta":{"_uag_custom_page_level_css":""},"product_brand":[],"product_cat":[67],"product_tag":[],"class_list":{"0":"post-30236","1":"product","2":"type-product","3":"status-publish","4":"has-post-thumbnail","6":"product_cat-phuket","8":"first","9":"instock","10":"virtual","11":"taxable","12":"purchasable","13":"product-type-simple"},"yoast_head":"<!-- This site is optimized with the Yoast SEO plugin v27.1.1 - https:\/\/yoast.com\/product\/yoast-seo-wordpress\/ -->\n<title>\ud83c\udfdd\ufe0f Baie de Phang Nga &amp; \u00eele de James Bond + kayak \u2013 Grand bateau -<\/title>\n<meta name=\"robots\" content=\"index, follow, max-snippet:-1, max-image-preview:large, max-video-preview:-1\" \/>\n<link rel=\"canonical\" href=\"https:\/\/lunayatravel.com\/en\/product\/\ud83c\udfdd\ufe0f-baie-de-phang-nga-ile-de-james-bond-kayak-grand-bateau\/\" \/>\n<meta property=\"og:locale\" content=\"en_GB\" \/>\n<meta property=\"og:type\" content=\"article\" \/>\n<meta property=\"og:title\" content=\"\ud83c\udfdd\ufe0f Baie de Phang Nga &amp; \u00eele de James Bond + kayak \u2013 Grand bateau -\" \/>\n<meta property=\"og:description\" content=\"\ud83d\udcac Description : Explorez la c\u00e9l\u00e8bre baie de Phang Nga lors d\u2019une journ\u00e9e en bateau confortable, ponctu\u00e9e d&#039;activit\u00e9s m\u00e9morables.Pagayez \u00e0 travers les grottes de l\u2019\u00eele de Hong, admirez le d\u00e9cor de film de l\u2019\u00eele de James Bond, nagez dans les eaux cristallines de Panak ou Lawa, et savourez un buffet gastronomique \u00e0 bord.Une aventure compl\u00e8te, entre nature, culture et d\u00e9tente.\" \/>\n<meta property=\"og:url\" content=\"https:\/\/lunayatravel.com\/en\/product\/\ud83c\udfdd\ufe0f-baie-de-phang-nga-ile-de-james-bond-kayak-grand-bateau\/\" \/>\n<meta property=\"article:publisher\" content=\"https:\/\/www.facebook.com\/lunayaTravel\/\" \/>\n<meta property=\"article:modified_time\" content=\"2025-07-30T03:35:41+00:00\" \/>\n<meta property=\"og:image\" content=\"https:\/\/lunayatravel.com\/wp-content\/uploads\/2025\/07\/001.webp\" \/>\n\t<meta property=\"og:image:width\" content=\"720\" \/>\n\t<meta property=\"og:image:height\" content=\"540\" \/>\n\t<meta property=\"og:image:type\" content=\"image\/webp\" \/>\n<meta name=\"twitter:card\" content=\"summary_large_image\" \/>\n<meta name=\"twitter:label1\" content=\"Estimated reading time\" \/>\n\t<meta name=\"twitter:data1\" content=\"1 minute\" \/>\n<script type=\"application\/ld+json\" class=\"yoast-schema-graph\">{\"@context\":\"https:\/\/schema.org\",\"@graph\":[{\"@type\":\"WebPage\",\"@id\":\"https:\/\/lunayatravel.com\/produit\/%f0%9f%8f%9d%ef%b8%8f-baie-de-phang-nga-ile-de-james-bond-kayak-grand-bateau\/\",\"url\":\"https:\/\/lunayatravel.com\/produit\/%f0%9f%8f%9d%ef%b8%8f-baie-de-phang-nga-ile-de-james-bond-kayak-grand-bateau\/\",\"name\":\"\ud83c\udfdd\ufe0f Baie de Phang Nga & \u00eele de James Bond + kayak \u2013 Grand bateau -\",\"isPartOf\":{\"@id\":\"https:\/\/lunayatravel.com\/#website\"},\"primaryImageOfPage\":{\"@id\":\"https:\/\/lunayatravel.com\/produit\/%f0%9f%8f%9d%ef%b8%8f-baie-de-phang-nga-ile-de-james-bond-kayak-grand-bateau\/#primaryimage\"},\"image\":{\"@id\":\"https:\/\/lunayatravel.com\/produit\/%f0%9f%8f%9d%ef%b8%8f-baie-de-phang-nga-ile-de-james-bond-kayak-grand-bateau\/#primaryimage\"},\"thumbnailUrl\":\"https:\/\/lunayatravel.com\/wp-content\/uploads\/2025\/07\/001.webp\",\"datePublished\":\"2025-07-30T03:35:40+00:00\",\"dateModified\":\"2025-07-30T03:35:41+00:00\",\"breadcrumb\":{\"@id\":\"https:\/\/lunayatravel.com\/produit\/%f0%9f%8f%9d%ef%b8%8f-baie-de-phang-nga-ile-de-james-bond-kayak-grand-bateau\/#breadcrumb\"},\"inLanguage\":\"en-GB\",\"potentialAction\":[{\"@type\":\"ReadAction\",\"target\":[\"https:\/\/lunayatravel.com\/produit\/%f0%9f%8f%9d%ef%b8%8f-baie-de-phang-nga-ile-de-james-bond-kayak-grand-bateau\/\"]}]},{\"@type\":\"ImageObject\",\"inLanguage\":\"en-GB\",\"@id\":\"https:\/\/lunayatravel.com\/produit\/%f0%9f%8f%9d%ef%b8%8f-baie-de-phang-nga-ile-de-james-bond-kayak-grand-bateau\/#primaryimage\",\"url\":\"https:\/\/lunayatravel.com\/wp-content\/uploads\/2025\/07\/001.webp\",\"contentUrl\":\"https:\/\/lunayatravel.com\/wp-content\/uploads\/2025\/07\/001.webp\",\"width\":720,\"height\":540},{\"@type\":\"BreadcrumbList\",\"@id\":\"https:\/\/lunayatravel.com\/produit\/%f0%9f%8f%9d%ef%b8%8f-baie-de-phang-nga-ile-de-james-bond-kayak-grand-bateau\/#breadcrumb\",\"itemListElement\":[{\"@type\":\"ListItem\",\"position\":1,\"name\":\"Accueil\",\"item\":\"https:\/\/lunayatravel.com\/\"},{\"@type\":\"ListItem\",\"position\":2,\"name\":\"Nos activit\u00e9s\",\"item\":\"https:\/\/lunayatravel.com\/nos-activites\/\"},{\"@type\":\"ListItem\",\"position\":3,\"name\":\"\ud83c\udfdd\ufe0f Baie de Phang Nga &#038; \u00eele de James Bond + kayak \u2013 Grand bateau\"}]},{\"@type\":\"WebSite\",\"@id\":\"https:\/\/lunayatravel.com\/#website\",\"url\":\"https:\/\/lunayatravel.com\/\",\"name\":\"\",\"description\":\"\",\"publisher\":{\"@id\":\"https:\/\/lunayatravel.com\/#organization\"},\"potentialAction\":[{\"@type\":\"SearchAction\",\"target\":{\"@type\":\"EntryPoint\",\"urlTemplate\":\"https:\/\/lunayatravel.com\/?s={search_term_string}\"},\"query-input\":{\"@type\":\"PropertyValueSpecification\",\"valueRequired\":true,\"valueName\":\"search_term_string\"}}],\"inLanguage\":\"en-GB\"},{\"@type\":\"Organization\",\"@id\":\"https:\/\/lunayatravel.com\/#organization\",\"name\":\"Lunaya travel\",\"alternateName\":\"Lunaya travel\",\"url\":\"https:\/\/lunayatravel.com\/\",\"logo\":{\"@type\":\"ImageObject\",\"inLanguage\":\"en-GB\",\"@id\":\"https:\/\/lunayatravel.com\/#\/schema\/logo\/image\/\",\"url\":\"https:\/\/lunayatravel.com\/wp-content\/uploads\/2026\/03\/cropped-647319118_2379115739204013_337015058165053143_n.jpg\",\"contentUrl\":\"https:\/\/lunayatravel.com\/wp-content\/uploads\/2026\/03\/cropped-647319118_2379115739204013_337015058165053143_n.jpg\",\"width\":1022,\"height\":1023,\"caption\":\"Lunaya travel\"},\"image\":{\"@id\":\"https:\/\/lunayatravel.com\/#\/schema\/logo\/image\/\"},\"sameAs\":[\"https:\/\/www.facebook.com\/lunayaTravel\/\"]}]}<\/script>\n<!-- \/ Yoast SEO plugin. -->","yoast_head_json":{"title":"\ud83c\udfdd\ufe0f Baie de Phang Nga & \u00eele de James Bond + kayak \u2013 Grand bateau -","robots":{"index":"index","follow":"follow","max-snippet":"max-snippet:-1","max-image-preview":"max-image-preview:large","max-video-preview":"max-video-preview:-1"},"canonical":"https:\/\/lunayatravel.com\/en\/product\/\ud83c\udfdd\ufe0f-baie-de-phang-nga-ile-de-james-bond-kayak-grand-bateau\/","og_locale":"en_GB","og_type":"article","og_title":"\ud83c\udfdd\ufe0f Baie de Phang Nga & \u00eele de James Bond + kayak \u2013 Grand bateau -","og_description":"\ud83d\udcac Description : Explorez la c\u00e9l\u00e8bre baie de Phang Nga lors d\u2019une journ\u00e9e en bateau confortable, ponctu\u00e9e d'activit\u00e9s m\u00e9morables.Pagayez \u00e0 travers les grottes de l\u2019\u00eele de Hong, admirez le d\u00e9cor de film de l\u2019\u00eele de James Bond, nagez dans les eaux cristallines de Panak ou Lawa, et savourez un buffet gastronomique \u00e0 bord.Une aventure compl\u00e8te, entre nature, culture et d\u00e9tente.","og_url":"https:\/\/lunayatravel.com\/en\/product\/\ud83c\udfdd\ufe0f-baie-de-phang-nga-ile-de-james-bond-kayak-grand-bateau\/","article_publisher":"https:\/\/www.facebook.com\/lunayaTravel\/","article_modified_time":"2025-07-30T03:35:41+00:00","og_image":[{"width":720,"height":540,"url":"https:\/\/lunayatravel.com\/wp-content\/uploads\/2025\/07\/001.webp","type":"image\/webp"}],"twitter_card":"summary_large_image","twitter_misc":{"Estimated reading time":"1 minute"},"schema":{"@context":"https:\/\/schema.org","@graph":[{"@type":"WebPage","@id":"https:\/\/lunayatravel.com\/produit\/%f0%9f%8f%9d%ef%b8%8f-baie-de-phang-nga-ile-de-james-bond-kayak-grand-bateau\/","url":"https:\/\/lunayatravel.com\/produit\/%f0%9f%8f%9d%ef%b8%8f-baie-de-phang-nga-ile-de-james-bond-kayak-grand-bateau\/","name":"\ud83c\udfdd\ufe0f Baie de Phang Nga & \u00eele de James Bond + kayak \u2013 Grand bateau -","isPartOf":{"@id":"https:\/\/lunayatravel.com\/#website"},"primaryImageOfPage":{"@id":"https:\/\/lunayatravel.com\/produit\/%f0%9f%8f%9d%ef%b8%8f-baie-de-phang-nga-ile-de-james-bond-kayak-grand-bateau\/#primaryimage"},"image":{"@id":"https:\/\/lunayatravel.com\/produit\/%f0%9f%8f%9d%ef%b8%8f-baie-de-phang-nga-ile-de-james-bond-kayak-grand-bateau\/#primaryimage"},"thumbnailUrl":"https:\/\/lunayatravel.com\/wp-content\/uploads\/2025\/07\/001.webp","datePublished":"2025-07-30T03:35:40+00:00","dateModified":"2025-07-30T03:35:41+00:00","breadcrumb":{"@id":"https:\/\/lunayatravel.com\/produit\/%f0%9f%8f%9d%ef%b8%8f-baie-de-phang-nga-ile-de-james-bond-kayak-grand-bateau\/#breadcrumb"},"inLanguage":"en-GB","potentialAction":[{"@type":"ReadAction","target":["https:\/\/lunayatravel.com\/produit\/%f0%9f%8f%9d%ef%b8%8f-baie-de-phang-nga-ile-de-james-bond-kayak-grand-bateau\/"]}]},{"@type":"ImageObject","inLanguage":"en-GB","@id":"https:\/\/lunayatravel.com\/produit\/%f0%9f%8f%9d%ef%b8%8f-baie-de-phang-nga-ile-de-james-bond-kayak-grand-bateau\/#primaryimage","url":"https:\/\/lunayatravel.com\/wp-content\/uploads\/2025\/07\/001.webp","contentUrl":"https:\/\/lunayatravel.com\/wp-content\/uploads\/2025\/07\/001.webp","width":720,"height":540},{"@type":"BreadcrumbList","@id":"https:\/\/lunayatravel.com\/produit\/%f0%9f%8f%9d%ef%b8%8f-baie-de-phang-nga-ile-de-james-bond-kayak-grand-bateau\/#breadcrumb","itemListElement":[{"@type":"ListItem","position":1,"name":"Accueil","item":"https:\/\/lunayatravel.com\/"},{"@type":"ListItem","position":2,"name":"Nos activit\u00e9s","item":"https:\/\/lunayatravel.com\/nos-activites\/"},{"@type":"ListItem","position":3,"name":"\ud83c\udfdd\ufe0f Baie de Phang Nga &#038; \u00eele de James Bond + kayak \u2013 Grand bateau"}]},{"@type":"WebSite","@id":"https:\/\/lunayatravel.com\/#website","url":"https:\/\/lunayatravel.com\/","name":"","description":"","publisher":{"@id":"https:\/\/lunayatravel.com\/#organization"},"potentialAction":[{"@type":"SearchAction","target":{"@type":"EntryPoint","urlTemplate":"https:\/\/lunayatravel.com\/?s={search_term_string}"},"query-input":{"@type":"PropertyValueSpecification","valueRequired":true,"valueName":"search_term_string"}}],"inLanguage":"en-GB"},{"@type":"Organization","@id":"https:\/\/lunayatravel.com\/#organization","name":"Lunaya travel","alternateName":"Lunaya travel","url":"https:\/\/lunayatravel.com\/","logo":{"@type":"ImageObject","inLanguage":"en-GB","@id":"https:\/\/lunayatravel.com\/#\/schema\/logo\/image\/","url":"https:\/\/lunayatravel.com\/wp-content\/uploads\/2026\/03\/cropped-647319118_2379115739204013_337015058165053143_n.jpg","contentUrl":"https:\/\/lunayatravel.com\/wp-content\/uploads\/2026\/03\/cropped-647319118_2379115739204013_337015058165053143_n.jpg","width":1022,"height":1023,"caption":"Lunaya travel"},"image":{"@id":"https:\/\/lunayatravel.com\/#\/schema\/logo\/image\/"},"sameAs":["https:\/\/www.facebook.com\/lunayaTravel\/"]}]}},"uagb_featured_image_src":{"full":["https:\/\/lunayatravel.com\/wp-content\/uploads\/2025\/07\/001.webp",720,540,false],"thumbnail":["https:\/\/lunayatravel.com\/wp-content\/uploads\/2025\/07\/001-150x150.webp",150,150,true],"medium":["https:\/\/lunayatravel.com\/wp-content\/uploads\/2025\/07\/001-300x225.webp",300,225,true],"medium_large":["https:\/\/lunayatravel.com\/wp-content\/uploads\/2025\/07\/001.webp",720,540,false],"large":["https:\/\/lunayatravel.com\/wp-content\/uploads\/2025\/07\/001.webp",720,540,false],"1536x1536":["https:\/\/lunayatravel.com\/wp-content\/uploads\/2025\/07\/001.webp",720,540,false],"2048x2048":["https:\/\/lunayatravel.com\/wp-content\/uploads\/2025\/07\/001.webp",720,540,false],"trp-custom-language-flag":["https:\/\/lunayatravel.com\/wp-content\/uploads\/2025\/07\/001.webp",16,12,false],"widget-thumbnail":["https:\/\/lunayatravel.com\/wp-content\/uploads\/2025\/07\/001-75x75.webp",75,75,true],"mailpoet_newsletter_max":["https:\/\/lunayatravel.com\/wp-content\/uploads\/2025\/07\/001.webp",720,540,false],"woocommerce_thumbnail":["https:\/\/lunayatravel.com\/wp-content\/uploads\/2025\/07\/001-300x300.webp",300,300,true],"woocommerce_single":["https:\/\/lunayatravel.com\/wp-content\/uploads\/2025\/07\/001-600x450.webp",600,450,true],"woocommerce_gallery_thumbnail":["https:\/\/lunayatravel.com\/wp-content\/uploads\/2025\/07\/001-100x100.webp",100,100,true],"sow-carousel-default":["https:\/\/lunayatravel.com\/wp-content\/uploads\/2025\/07\/001-272x182.webp",272,182,true]},"uagb_author_info":{"display_name":"haemers stephanie","author_link":"https:\/\/lunayatravel.com\/en\/author\/"},"uagb_comment_info":0,"uagb_excerpt":"\ud83d\udcac Description : Explorez la c\u00e9l\u00e8bre baie de Phang Nga lors d\u2019une journ\u00e9e en bateau confortable, ponctu\u00e9e d'activit\u00e9s m\u00e9morables.Pagayez \u00e0 travers les grottes de l\u2019\u00eele de Hong, admirez le d\u00e9cor de film de l\u2019\u00eele de James Bond, nagez dans les eaux cristallines de Panak ou Lawa, et savourez un buffet gastronomique \u00e0 bord.Une aventure compl\u00e8te,&hellip;","jetpack_sharing_enabled":true,"_links":{"self":[{"href":"https:\/\/lunayatravel.com\/en\/wp-json\/wp\/v2\/product\/30236","targetHints":{"allow":["GET"]}}],"collection":[{"href":"https:\/\/lunayatravel.com\/en\/wp-json\/wp\/v2\/product"}],"about":[{"href":"https:\/\/lunayatravel.com\/en\/wp-json\/wp\/v2\/types\/product"}],"replies":[{"embeddable":true,"href":"https:\/\/lunayatravel.com\/en\/wp-json\/wp\/v2\/comments?post=30236"}],"wp:featuredmedia":[{"embeddable":true,"href":"https:\/\/lunayatravel.com\/en\/wp-json\/wp\/v2\/media\/30240"}],"wp:attachment":[{"href":"https:\/\/lunayatravel.com\/en\/wp-json\/wp\/v2\/media?parent=30236"}],"wp:term":[{"taxonomy":"product_brand","embeddable":true,"href":"https:\/\/lunayatravel.com\/en\/wp-json\/wp\/v2\/product_brand?post=30236"},{"taxonomy":"product_cat","embeddable":true,"href":"https:\/\/lunayatravel.com\/en\/wp-json\/wp\/v2\/product_cat?post=30236"},{"taxonomy":"product_tag","embeddable":true,"href":"https:\/\/lunayatravel.com\/en\/wp-json\/wp\/v2\/product_tag?post=30236"}],"curies":[{"name":"wp","href":"https:\/\/api.w.org\/{rel}","templated":true}]}}