{"id":30231,"date":"2025-07-30T05:27:11","date_gmt":"2025-07-30T03:27:11","guid":{"rendered":"https:\/\/itctoursvoyages.com\/?post_type=product&#038;p=30231"},"modified":"2025-07-30T05:27:11","modified_gmt":"2025-07-30T03:27:11","slug":"%f0%9f%8e%ad-carnival-magic-spectacle-parade-feerique-a-phuket","status":"publish","type":"product","link":"https:\/\/lunayatravel.com\/en\/product\/%f0%9f%8e%ad-carnival-magic-spectacle-parade-feerique-a-phuket\/","title":{"rendered":"\ud83c\udfad Carnival Magic - Fairytale show &amp; parade in Phuket"},"content":{"rendered":"<h3 data-start=\"631\" data-end=\"655\">\u2728 <strong data-start=\"637\" data-end=\"655\">Highlights:<\/strong><\/h3>\n<ul data-start=\"656\" data-end=\"1051\">\n<li data-start=\"656\" data-end=\"724\">\n<p data-start=\"658\" data-end=\"724\">Grand illuminated parade in the River Palace Theatre (21h00)<\/p>\n<\/li>\n<li data-start=\"725\" data-end=\"803\">\n<p data-start=\"727\" data-end=\"803\">Le <strong data-start=\"730\" data-end=\"754\">Kingdom of Light<\/strong> millions of LEDs and fantastic sculptures<\/p>\n<\/li>\n<li data-start=\"804\" data-end=\"865\">\n<p data-start=\"806\" data-end=\"865\">Games, shops, activities and entertainment for all ages<\/p>\n<\/li>\n<li data-start=\"866\" data-end=\"947\">\n<p data-start=\"868\" data-end=\"947\">Optional buffet dinner (Thai, Indian, Western, vegetarian and halal dishes)<\/p>\n<\/li>\n<li data-start=\"948\" data-end=\"1001\">\n<p data-start=\"950\" data-end=\"1001\">Standard seats<\/p>\n<\/li>\n<li data-start=\"1002\" data-end=\"1051\">\n<p data-start=\"1004\" data-end=\"1051\">Optional return transport<\/p>\n<\/li>\n<\/ul>\n<hr data-start=\"1053\" data-end=\"1056\" \/>\n<h3 data-start=\"1058\" data-end=\"1079\">\ud83d\udd55 <strong data-start=\"1065\" data-end=\"1079\">Timetable :<\/strong><\/h3>\n<ul data-start=\"1080\" data-end=\"1336\">\n<li data-start=\"1080\" data-end=\"1124\">\n<p data-start=\"1082\" data-end=\"1124\">\ud83d\uddd3\ufe0f <strong data-start=\"1086\" data-end=\"1096\">Open<\/strong> Monday, Wednesday, Saturday<\/p>\n<\/li>\n<li data-start=\"1125\" data-end=\"1169\">\n<p data-start=\"1127\" data-end=\"1169\">\u23f0 <strong data-start=\"1129\" data-end=\"1151\">Opening hours<\/strong> 5.30pm - 11.30pm<\/p>\n<\/li>\n<li data-start=\"1170\" data-end=\"1224\">\n<p data-start=\"1172\" data-end=\"1224\">\ud83c\udfa0 <strong data-start=\"1175\" data-end=\"1185\">Parade<\/strong> 9pm (access to the theatre from 8.30pm)<\/p>\n<\/li>\n<li data-start=\"1225\" data-end=\"1282\">\n<p data-start=\"1227\" data-end=\"1282\">\ud83d\udca1 <strong data-start=\"1230\" data-end=\"1251\">Kingdom of Lights<\/strong> accessible after the parade<\/p>\n<\/li>\n<li data-start=\"1283\" data-end=\"1336\">\n<p data-start=\"1285\" data-end=\"1336\">\ud83c\udf7d\ufe0f <strong data-start=\"1289\" data-end=\"1299\">Buffet<\/strong> (Bird of Paradise): 5.30pm - 9pm<\/p>\n<\/li>\n<\/ul>\n<hr data-start=\"1338\" data-end=\"1341\" \/>\n<h3 data-start=\"1343\" data-end=\"1378\">\ud83d\udc68\u200d\ud83d\udc69\u200d\ud83d\udc67\u200d\ud83d\udc66 <strong data-start=\"1359\" data-end=\"1378\">Family info :<\/strong><\/h3>\n<ul data-start=\"1379\" data-end=\"1527\">\n<li data-start=\"1379\" data-end=\"1417\">\n<p data-start=\"1381\" data-end=\"1417\">Children &amp; adults : <strong data-start=\"1401\" data-end=\"1415\">same price<\/strong><\/p>\n<\/li>\n<li data-start=\"1418\" data-end=\"1468\">\n<p data-start=\"1420\" data-end=\"1468\">Less than 100 cm : <strong data-start=\"1438\" data-end=\"1449\">free of charge<\/strong><\/p>\n<\/li>\n<li data-start=\"1498\" data-end=\"1527\">\n<p data-start=\"1500\" data-end=\"1527\">Suitable for the whole family<\/p>\n<\/li>\n<\/ul>\n<hr data-start=\"1684\" data-end=\"1687\" \/>\n<h3 data-start=\"1689\" data-end=\"1708\">\ud83d\udcba <strong data-start=\"1696\" data-end=\"1708\">Seating :<\/strong><\/h3>\n<ul data-start=\"1709\" data-end=\"1835\">\n<li data-start=\"1709\" data-end=\"1762\">\n<p data-start=\"1711\" data-end=\"1762\">Automatic allocation in standard zone (central)<\/p>\n<\/li>\n<\/ul>","protected":false},"excerpt":{"rendered":"<h3 data-start=\"242\" data-end=\"273\">\ud83d\udcac <strong data-start=\"249\" data-end=\"273\">Description :<\/strong><\/h3>\n<p data-start=\"274\" data-end=\"624\">Immerse yourself in the enchanted world of <strong data-start=\"309\" data-end=\"327\">Carnival Magic<\/strong>one of Thailand's most spectacular night-time attractions!<br data-start=\"399\" data-end=\"402\" \/>Set in over 40 hectares, enjoy an unforgettable evening of illuminated parades, dazzling decorations, magical shows, festive games and a royal buffet.<br data-start=\"551\" data-end=\"554\" \/>A <strong data-start=\"558\" data-end=\"589\">unique family experience<\/strong> not to be missed in Phuket.<\/p>","protected":false},"featured_media":30235,"comment_status":"open","ping_status":"closed","template":"","meta":{"_uag_custom_page_level_css":""},"product_brand":[],"product_cat":[67],"product_tag":[],"class_list":{"0":"post-30231","1":"product","2":"type-product","3":"status-publish","4":"has-post-thumbnail","6":"product_cat-phuket","8":"first","9":"instock","10":"virtual","11":"taxable","12":"purchasable","13":"product-type-simple"},"yoast_head":"<!-- This site is optimized with the Yoast SEO plugin v27.1.1 - https:\/\/yoast.com\/product\/yoast-seo-wordpress\/ -->\n<title>\ud83c\udfad Carnival Magic \u2013 Spectacle &amp; Parade f\u00e9erique \u00e0 Phuket -<\/title>\n<meta name=\"robots\" content=\"index, follow, max-snippet:-1, max-image-preview:large, max-video-preview:-1\" \/>\n<link rel=\"canonical\" href=\"https:\/\/lunayatravel.com\/en\/product\/\ud83c\udfad-carnival-magic-spectacle-parade-feerique-a-phuket\/\" \/>\n<meta property=\"og:locale\" content=\"en_GB\" \/>\n<meta property=\"og:type\" content=\"article\" \/>\n<meta property=\"og:title\" content=\"\ud83c\udfad Carnival Magic \u2013 Spectacle &amp; Parade f\u00e9erique \u00e0 Phuket -\" \/>\n<meta property=\"og:description\" content=\"\ud83d\udcac Description\u00a0 : Plongez dans l\u2019univers enchant\u00e9 de Carnival Magic, l\u2019une des attractions nocturnes les plus spectaculaires de Tha\u00eflande !Sur plus de 40 hectares, vivez une soir\u00e9e inoubliable entre d\u00e9fil\u00e9s lumineux, d\u00e9cors \u00e9blouissants, spectacles magiques, jeux de f\u00eate et buffet royal.Une exp\u00e9rience familiale unique \u00e0 ne surtout pas manquer \u00e0 Phuket.\" \/>\n<meta property=\"og:url\" content=\"https:\/\/lunayatravel.com\/en\/product\/\ud83c\udfad-carnival-magic-spectacle-parade-feerique-a-phuket\/\" \/>\n<meta property=\"article:publisher\" content=\"https:\/\/www.facebook.com\/lunayaTravel\/\" \/>\n<meta property=\"og:image\" content=\"https:\/\/lunayatravel.com\/wp-content\/uploads\/2025\/07\/2RiverCarnivalParade5.webp\" \/>\n\t<meta property=\"og:image:width\" content=\"720\" \/>\n\t<meta property=\"og:image:height\" content=\"540\" \/>\n\t<meta property=\"og:image:type\" content=\"image\/webp\" \/>\n<meta name=\"twitter:card\" content=\"summary_large_image\" \/>\n<meta name=\"twitter:label1\" content=\"Estimated reading time\" \/>\n\t<meta name=\"twitter:data1\" content=\"1 minute\" \/>\n<script type=\"application\/ld+json\" class=\"yoast-schema-graph\">{\"@context\":\"https:\/\/schema.org\",\"@graph\":[{\"@type\":\"WebPage\",\"@id\":\"https:\/\/lunayatravel.com\/produit\/%f0%9f%8e%ad-carnival-magic-spectacle-parade-feerique-a-phuket\/\",\"url\":\"https:\/\/lunayatravel.com\/produit\/%f0%9f%8e%ad-carnival-magic-spectacle-parade-feerique-a-phuket\/\",\"name\":\"\ud83c\udfad Carnival Magic \u2013 Spectacle & Parade f\u00e9erique \u00e0 Phuket -\",\"isPartOf\":{\"@id\":\"https:\/\/lunayatravel.com\/#website\"},\"primaryImageOfPage\":{\"@id\":\"https:\/\/lunayatravel.com\/produit\/%f0%9f%8e%ad-carnival-magic-spectacle-parade-feerique-a-phuket\/#primaryimage\"},\"image\":{\"@id\":\"https:\/\/lunayatravel.com\/produit\/%f0%9f%8e%ad-carnival-magic-spectacle-parade-feerique-a-phuket\/#primaryimage\"},\"thumbnailUrl\":\"https:\/\/lunayatravel.com\/wp-content\/uploads\/2025\/07\/2RiverCarnivalParade5.webp\",\"datePublished\":\"2025-07-30T03:27:11+00:00\",\"breadcrumb\":{\"@id\":\"https:\/\/lunayatravel.com\/produit\/%f0%9f%8e%ad-carnival-magic-spectacle-parade-feerique-a-phuket\/#breadcrumb\"},\"inLanguage\":\"en-GB\",\"potentialAction\":[{\"@type\":\"ReadAction\",\"target\":[\"https:\/\/lunayatravel.com\/produit\/%f0%9f%8e%ad-carnival-magic-spectacle-parade-feerique-a-phuket\/\"]}]},{\"@type\":\"ImageObject\",\"inLanguage\":\"en-GB\",\"@id\":\"https:\/\/lunayatravel.com\/produit\/%f0%9f%8e%ad-carnival-magic-spectacle-parade-feerique-a-phuket\/#primaryimage\",\"url\":\"https:\/\/lunayatravel.com\/wp-content\/uploads\/2025\/07\/2RiverCarnivalParade5.webp\",\"contentUrl\":\"https:\/\/lunayatravel.com\/wp-content\/uploads\/2025\/07\/2RiverCarnivalParade5.webp\",\"width\":720,\"height\":540},{\"@type\":\"BreadcrumbList\",\"@id\":\"https:\/\/lunayatravel.com\/produit\/%f0%9f%8e%ad-carnival-magic-spectacle-parade-feerique-a-phuket\/#breadcrumb\",\"itemListElement\":[{\"@type\":\"ListItem\",\"position\":1,\"name\":\"Accueil\",\"item\":\"https:\/\/lunayatravel.com\/\"},{\"@type\":\"ListItem\",\"position\":2,\"name\":\"Nos activit\u00e9s\",\"item\":\"https:\/\/lunayatravel.com\/nos-activites\/\"},{\"@type\":\"ListItem\",\"position\":3,\"name\":\"\ud83c\udfad Carnival Magic \u2013 Spectacle &#038; Parade f\u00e9erique \u00e0 Phuket\"}]},{\"@type\":\"WebSite\",\"@id\":\"https:\/\/lunayatravel.com\/#website\",\"url\":\"https:\/\/lunayatravel.com\/\",\"name\":\"\",\"description\":\"\",\"publisher\":{\"@id\":\"https:\/\/lunayatravel.com\/#organization\"},\"potentialAction\":[{\"@type\":\"SearchAction\",\"target\":{\"@type\":\"EntryPoint\",\"urlTemplate\":\"https:\/\/lunayatravel.com\/?s={search_term_string}\"},\"query-input\":{\"@type\":\"PropertyValueSpecification\",\"valueRequired\":true,\"valueName\":\"search_term_string\"}}],\"inLanguage\":\"en-GB\"},{\"@type\":\"Organization\",\"@id\":\"https:\/\/lunayatravel.com\/#organization\",\"name\":\"Lunaya travel\",\"alternateName\":\"Lunaya travel\",\"url\":\"https:\/\/lunayatravel.com\/\",\"logo\":{\"@type\":\"ImageObject\",\"inLanguage\":\"en-GB\",\"@id\":\"https:\/\/lunayatravel.com\/#\/schema\/logo\/image\/\",\"url\":\"https:\/\/lunayatravel.com\/wp-content\/uploads\/2026\/03\/cropped-647319118_2379115739204013_337015058165053143_n.jpg\",\"contentUrl\":\"https:\/\/lunayatravel.com\/wp-content\/uploads\/2026\/03\/cropped-647319118_2379115739204013_337015058165053143_n.jpg\",\"width\":1022,\"height\":1023,\"caption\":\"Lunaya travel\"},\"image\":{\"@id\":\"https:\/\/lunayatravel.com\/#\/schema\/logo\/image\/\"},\"sameAs\":[\"https:\/\/www.facebook.com\/lunayaTravel\/\"]}]}<\/script>\n<!-- \/ Yoast SEO plugin. -->","yoast_head_json":{"title":"\ud83c\udfad Carnival Magic \u2013 Spectacle & Parade f\u00e9erique \u00e0 Phuket -","robots":{"index":"index","follow":"follow","max-snippet":"max-snippet:-1","max-image-preview":"max-image-preview:large","max-video-preview":"max-video-preview:-1"},"canonical":"https:\/\/lunayatravel.com\/en\/product\/\ud83c\udfad-carnival-magic-spectacle-parade-feerique-a-phuket\/","og_locale":"en_GB","og_type":"article","og_title":"\ud83c\udfad Carnival Magic \u2013 Spectacle & Parade f\u00e9erique \u00e0 Phuket -","og_description":"\ud83d\udcac Description\u00a0 : Plongez dans l\u2019univers enchant\u00e9 de Carnival Magic, l\u2019une des attractions nocturnes les plus spectaculaires de Tha\u00eflande !Sur plus de 40 hectares, vivez une soir\u00e9e inoubliable entre d\u00e9fil\u00e9s lumineux, d\u00e9cors \u00e9blouissants, spectacles magiques, jeux de f\u00eate et buffet royal.Une exp\u00e9rience familiale unique \u00e0 ne surtout pas manquer \u00e0 Phuket.","og_url":"https:\/\/lunayatravel.com\/en\/product\/\ud83c\udfad-carnival-magic-spectacle-parade-feerique-a-phuket\/","article_publisher":"https:\/\/www.facebook.com\/lunayaTravel\/","og_image":[{"width":720,"height":540,"url":"https:\/\/lunayatravel.com\/wp-content\/uploads\/2025\/07\/2RiverCarnivalParade5.webp","type":"image\/webp"}],"twitter_card":"summary_large_image","twitter_misc":{"Estimated reading time":"1 minute"},"schema":{"@context":"https:\/\/schema.org","@graph":[{"@type":"WebPage","@id":"https:\/\/lunayatravel.com\/produit\/%f0%9f%8e%ad-carnival-magic-spectacle-parade-feerique-a-phuket\/","url":"https:\/\/lunayatravel.com\/produit\/%f0%9f%8e%ad-carnival-magic-spectacle-parade-feerique-a-phuket\/","name":"\ud83c\udfad Carnival Magic \u2013 Spectacle & Parade f\u00e9erique \u00e0 Phuket -","isPartOf":{"@id":"https:\/\/lunayatravel.com\/#website"},"primaryImageOfPage":{"@id":"https:\/\/lunayatravel.com\/produit\/%f0%9f%8e%ad-carnival-magic-spectacle-parade-feerique-a-phuket\/#primaryimage"},"image":{"@id":"https:\/\/lunayatravel.com\/produit\/%f0%9f%8e%ad-carnival-magic-spectacle-parade-feerique-a-phuket\/#primaryimage"},"thumbnailUrl":"https:\/\/lunayatravel.com\/wp-content\/uploads\/2025\/07\/2RiverCarnivalParade5.webp","datePublished":"2025-07-30T03:27:11+00:00","breadcrumb":{"@id":"https:\/\/lunayatravel.com\/produit\/%f0%9f%8e%ad-carnival-magic-spectacle-parade-feerique-a-phuket\/#breadcrumb"},"inLanguage":"en-GB","potentialAction":[{"@type":"ReadAction","target":["https:\/\/lunayatravel.com\/produit\/%f0%9f%8e%ad-carnival-magic-spectacle-parade-feerique-a-phuket\/"]}]},{"@type":"ImageObject","inLanguage":"en-GB","@id":"https:\/\/lunayatravel.com\/produit\/%f0%9f%8e%ad-carnival-magic-spectacle-parade-feerique-a-phuket\/#primaryimage","url":"https:\/\/lunayatravel.com\/wp-content\/uploads\/2025\/07\/2RiverCarnivalParade5.webp","contentUrl":"https:\/\/lunayatravel.com\/wp-content\/uploads\/2025\/07\/2RiverCarnivalParade5.webp","width":720,"height":540},{"@type":"BreadcrumbList","@id":"https:\/\/lunayatravel.com\/produit\/%f0%9f%8e%ad-carnival-magic-spectacle-parade-feerique-a-phuket\/#breadcrumb","itemListElement":[{"@type":"ListItem","position":1,"name":"Accueil","item":"https:\/\/lunayatravel.com\/"},{"@type":"ListItem","position":2,"name":"Nos activit\u00e9s","item":"https:\/\/lunayatravel.com\/nos-activites\/"},{"@type":"ListItem","position":3,"name":"\ud83c\udfad Carnival Magic \u2013 Spectacle &#038; Parade f\u00e9erique \u00e0 Phuket"}]},{"@type":"WebSite","@id":"https:\/\/lunayatravel.com\/#website","url":"https:\/\/lunayatravel.com\/","name":"","description":"","publisher":{"@id":"https:\/\/lunayatravel.com\/#organization"},"potentialAction":[{"@type":"SearchAction","target":{"@type":"EntryPoint","urlTemplate":"https:\/\/lunayatravel.com\/?s={search_term_string}"},"query-input":{"@type":"PropertyValueSpecification","valueRequired":true,"valueName":"search_term_string"}}],"inLanguage":"en-GB"},{"@type":"Organization","@id":"https:\/\/lunayatravel.com\/#organization","name":"Lunaya travel","alternateName":"Lunaya travel","url":"https:\/\/lunayatravel.com\/","logo":{"@type":"ImageObject","inLanguage":"en-GB","@id":"https:\/\/lunayatravel.com\/#\/schema\/logo\/image\/","url":"https:\/\/lunayatravel.com\/wp-content\/uploads\/2026\/03\/cropped-647319118_2379115739204013_337015058165053143_n.jpg","contentUrl":"https:\/\/lunayatravel.com\/wp-content\/uploads\/2026\/03\/cropped-647319118_2379115739204013_337015058165053143_n.jpg","width":1022,"height":1023,"caption":"Lunaya travel"},"image":{"@id":"https:\/\/lunayatravel.com\/#\/schema\/logo\/image\/"},"sameAs":["https:\/\/www.facebook.com\/lunayaTravel\/"]}]}},"uagb_featured_image_src":{"full":["https:\/\/lunayatravel.com\/wp-content\/uploads\/2025\/07\/2RiverCarnivalParade5.webp",720,540,false],"thumbnail":["https:\/\/lunayatravel.com\/wp-content\/uploads\/2025\/07\/2RiverCarnivalParade5-150x150.webp",150,150,true],"medium":["https:\/\/lunayatravel.com\/wp-content\/uploads\/2025\/07\/2RiverCarnivalParade5-300x225.webp",300,225,true],"medium_large":["https:\/\/lunayatravel.com\/wp-content\/uploads\/2025\/07\/2RiverCarnivalParade5.webp",720,540,false],"large":["https:\/\/lunayatravel.com\/wp-content\/uploads\/2025\/07\/2RiverCarnivalParade5.webp",720,540,false],"1536x1536":["https:\/\/lunayatravel.com\/wp-content\/uploads\/2025\/07\/2RiverCarnivalParade5.webp",720,540,false],"2048x2048":["https:\/\/lunayatravel.com\/wp-content\/uploads\/2025\/07\/2RiverCarnivalParade5.webp",720,540,false],"trp-custom-language-flag":["https:\/\/lunayatravel.com\/wp-content\/uploads\/2025\/07\/2RiverCarnivalParade5.webp",16,12,false],"widget-thumbnail":["https:\/\/lunayatravel.com\/wp-content\/uploads\/2025\/07\/2RiverCarnivalParade5-75x75.webp",75,75,true],"mailpoet_newsletter_max":["https:\/\/lunayatravel.com\/wp-content\/uploads\/2025\/07\/2RiverCarnivalParade5.webp",720,540,false],"woocommerce_thumbnail":["https:\/\/lunayatravel.com\/wp-content\/uploads\/2025\/07\/2RiverCarnivalParade5-300x300.webp",300,300,true],"woocommerce_single":["https:\/\/lunayatravel.com\/wp-content\/uploads\/2025\/07\/2RiverCarnivalParade5-600x450.webp",600,450,true],"woocommerce_gallery_thumbnail":["https:\/\/lunayatravel.com\/wp-content\/uploads\/2025\/07\/2RiverCarnivalParade5-100x100.webp",100,100,true],"sow-carousel-default":["https:\/\/lunayatravel.com\/wp-content\/uploads\/2025\/07\/2RiverCarnivalParade5-272x182.webp",272,182,true]},"uagb_author_info":{"display_name":"haemers stephanie","author_link":"https:\/\/lunayatravel.com\/en\/author\/"},"uagb_comment_info":0,"uagb_excerpt":"\ud83d\udcac Description\u00a0 : Plongez dans l\u2019univers enchant\u00e9 de Carnival Magic, l\u2019une des attractions nocturnes les plus spectaculaires de Tha\u00eflande !Sur plus de 40 hectares, vivez une soir\u00e9e inoubliable entre d\u00e9fil\u00e9s lumineux, d\u00e9cors \u00e9blouissants, spectacles magiques, jeux de f\u00eate et buffet royal.Une exp\u00e9rience familiale unique \u00e0 ne surtout pas manquer \u00e0 Phuket.","jetpack_sharing_enabled":true,"_links":{"self":[{"href":"https:\/\/lunayatravel.com\/en\/wp-json\/wp\/v2\/product\/30231","targetHints":{"allow":["GET"]}}],"collection":[{"href":"https:\/\/lunayatravel.com\/en\/wp-json\/wp\/v2\/product"}],"about":[{"href":"https:\/\/lunayatravel.com\/en\/wp-json\/wp\/v2\/types\/product"}],"replies":[{"embeddable":true,"href":"https:\/\/lunayatravel.com\/en\/wp-json\/wp\/v2\/comments?post=30231"}],"wp:featuredmedia":[{"embeddable":true,"href":"https:\/\/lunayatravel.com\/en\/wp-json\/wp\/v2\/media\/30235"}],"wp:attachment":[{"href":"https:\/\/lunayatravel.com\/en\/wp-json\/wp\/v2\/media?parent=30231"}],"wp:term":[{"taxonomy":"product_brand","embeddable":true,"href":"https:\/\/lunayatravel.com\/en\/wp-json\/wp\/v2\/product_brand?post=30231"},{"taxonomy":"product_cat","embeddable":true,"href":"https:\/\/lunayatravel.com\/en\/wp-json\/wp\/v2\/product_cat?post=30231"},{"taxonomy":"product_tag","embeddable":true,"href":"https:\/\/lunayatravel.com\/en\/wp-json\/wp\/v2\/product_tag?post=30231"}],"curies":[{"name":"wp","href":"https:\/\/api.w.org\/{rel}","templated":true}]}}