{"id":30226,"date":"2025-07-30T05:15:14","date_gmt":"2025-07-30T03:15:14","guid":{"rendered":"https:\/\/itctoursvoyages.com\/?post_type=product&#038;p=30226"},"modified":"2025-07-30T05:15:14","modified_gmt":"2025-07-30T03:15:14","slug":"%f0%9f%8d%83vtt-tyrolienne-geante-a-patong-avec-vue-mer","status":"publish","type":"product","link":"https:\/\/lunayatravel.com\/en\/product\/%f0%9f%8d%83vtt-tyrolienne-geante-a-patong-avec-vue-mer\/","title":{"rendered":"\ud83c\udf43VTT + Giant Tyrolienne in Patong with sea view"},"content":{"rendered":"<h3 data-start=\"715\" data-end=\"739\">\u2705 <strong data-start=\"721\" data-end=\"739\">Highlights:<\/strong><\/h3>\n<ul data-start=\"740\" data-end=\"1006\">\n<li data-start=\"740\" data-end=\"802\">\n<p data-start=\"742\" data-end=\"802\">Ultimate combo: rafting, mountain biking, zip line, waterfall and elephant<\/p>\n<\/li>\n<li data-start=\"803\" data-end=\"862\">\n<p data-start=\"805\" data-end=\"862\">Visit to the Suwankuha cave temple (monkey cave)<\/p>\n<\/li>\n<li data-start=\"863\" data-end=\"890\">\n<p data-start=\"865\" data-end=\"890\">No experience required<\/p>\n<\/li>\n<li data-start=\"891\" data-end=\"923\">\n<p data-start=\"893\" data-end=\"923\">Professional English-speaking guide<\/p>\n<\/li>\n<li data-start=\"924\" data-end=\"962\">\n<p data-start=\"926\" data-end=\"962\">Thai lunch and fresh fruit included<\/p>\n<\/li>\n<li data-start=\"963\" data-end=\"1006\">\n<p data-start=\"965\" data-end=\"1006\">Return transfer from your hotel<\/p>\n<\/li>\n<\/ul>\n<hr data-start=\"1008\" data-end=\"1011\" \/>\n<h3 data-start=\"1013\" data-end=\"1048\">\ud83d\udd58 <strong data-start=\"1020\" data-end=\"1048\">Itinerary (indicative) :<\/strong><\/h3>\n<p data-start=\"1049\" data-end=\"1375\"><strong data-start=\"1049\" data-end=\"1066\">07:00 - 08:00<\/strong> Pick-up at your hotel<br data-start=\"1098\" data-end=\"1101\" \/><strong data-start=\"1101\" data-end=\"1106\">\u2192<\/strong> Suwankuha temple (monkey cave)<br data-start=\"1143\" data-end=\"1146\" \/><strong data-start=\"1146\" data-end=\"1151\">\u2192<\/strong> White-water rafting (5 km)<br data-start=\"1178\" data-end=\"1181\" \/><strong data-start=\"1181\" data-end=\"1186\">\u2192<\/strong> Traditional Thai lunch + seasonal fruit<br data-start=\"1232\" data-end=\"1235\" \/><strong data-start=\"1235\" data-end=\"1240\">\u2192<\/strong> Bath with elephant<br data-start=\"1259\" data-end=\"1262\" \/><strong data-start=\"1262\" data-end=\"1267\">\u2192<\/strong> Mountain bike ride (30 min)<br data-start=\"1290\" data-end=\"1293\" \/><strong data-start=\"1293\" data-end=\"1298\">\u2192<\/strong> Tyrolean traverse (1 Flying Fox station)<br data-start=\"1332\" data-end=\"1335\" \/><strong data-start=\"1335\" data-end=\"1352\">18:00 - 18:30<\/strong> Return to your hotel<\/p>\n<hr data-start=\"1377\" data-end=\"1380\" \/>\n<h3 data-start=\"1382\" data-end=\"1403\">\ud83d\udca1 <strong data-start=\"1389\" data-end=\"1403\">Good to know:<\/strong><\/h3>\n<ul data-start=\"1404\" data-end=\"1526\">\n<li data-start=\"1404\" data-end=\"1436\">\n<p data-start=\"1406\" data-end=\"1436\">Max zip line weight: 90 kg<\/p>\n<\/li>\n<li data-start=\"1437\" data-end=\"1478\">\n<p data-start=\"1439\" data-end=\"1478\">Rafting: child min. 6 years and 120 cm<\/p>\n<\/li>\n<li data-start=\"1479\" data-end=\"1526\">\n<p data-start=\"1481\" data-end=\"1526\">Flexible programme depending on weather conditions<\/p>\n<\/li>\n<\/ul>\n<hr data-start=\"1528\" data-end=\"1531\" \/>\n<h3 data-start=\"1533\" data-end=\"1556\">\ud83d\udc55 <strong data-start=\"1540\" data-end=\"1556\">What to bring :<\/strong><\/h3>\n<ul data-start=\"1557\" data-end=\"1658\">\n<li data-start=\"1557\" data-end=\"1582\">\n<p data-start=\"1559\" data-end=\"1582\">Spare clothing<\/p>\n<\/li>\n<li data-start=\"1583\" data-end=\"1596\">\n<p data-start=\"1585\" data-end=\"1596\">Towel<\/p>\n<\/li>\n<li data-start=\"1597\" data-end=\"1622\">\n<p data-start=\"1599\" data-end=\"1622\">Slippers \/ sandals<\/p>\n<\/li>\n<li data-start=\"1623\" data-end=\"1658\">\n<p data-start=\"1625\" data-end=\"1658\">Sunscreen and mosquito repellent<\/p>\n<\/li>\n<\/ul>\n<hr data-start=\"1660\" data-end=\"1663\" \/>\n<h3 data-start=\"1665\" data-end=\"1689\">\ud83d\udc76 <strong data-start=\"1672\" data-end=\"1689\">Children's price :<\/strong><\/h3>\n<p data-start=\"1690\" data-end=\"1753\">Same price for adults and children if safety criteria met<\/p>\n<hr data-start=\"1755\" data-end=\"1758\" \/>\n<p data-start=\"1779\" data-end=\"1823\">","protected":false},"excerpt":{"rendered":"<h3 data-start=\"208\" data-end=\"239\">\ud83d\udcac <strong data-start=\"215\" data-end=\"239\">Description <\/strong><strong data-start=\"215\" data-end=\"239\">\u00a0:<\/strong><\/h3>\n<p data-start=\"240\" data-end=\"597\">Set off on a thrilling adventure in the jungle above Patong!<br data-start=\"312\" data-end=\"315\" \/><strong data-start=\"315\" data-end=\"362\">Phuket's longest zip line (700 m)<\/strong> awaits you, with perched huts, suspension bridges, abseiling... and a <strong data-start=\"443\" data-end=\"478\">fun and safe mountain bike trails<\/strong>.<br data-start=\"479\" data-end=\"482\" \/>Enjoy incredible sea views, top-of-the-range safety equipment and professional supervision.<\/p>","protected":false},"featured_media":30228,"comment_status":"open","ping_status":"closed","template":"","meta":{"_uag_custom_page_level_css":""},"product_brand":[],"product_cat":[67],"product_tag":[],"class_list":{"0":"post-30226","1":"product","2":"type-product","3":"status-publish","4":"has-post-thumbnail","6":"product_cat-phuket","8":"first","9":"instock","10":"taxable","11":"shipping-taxable","12":"product-type-simple"},"yoast_head":"<!-- This site is optimized with the Yoast SEO plugin v27.1.1 - https:\/\/yoast.com\/product\/yoast-seo-wordpress\/ -->\n<title>\ud83c\udf43VTT + Tyrolienne g\u00e9ante \u00e0 Patong avec vue mer -<\/title>\n<meta name=\"robots\" content=\"index, follow, max-snippet:-1, max-image-preview:large, max-video-preview:-1\" \/>\n<link rel=\"canonical\" href=\"https:\/\/lunayatravel.com\/en\/product\/\ud83c\udf43vtt-tyrolienne-geante-a-patong-avec-vue-mer\/\" \/>\n<meta property=\"og:locale\" content=\"en_GB\" \/>\n<meta property=\"og:type\" content=\"article\" \/>\n<meta property=\"og:title\" content=\"\ud83c\udf43VTT + Tyrolienne g\u00e9ante \u00e0 Patong avec vue mer -\" \/>\n<meta property=\"og:description\" content=\"\ud83d\udcac Description \u00a0: Partez pour une aventure palpitante dans la jungle au-dessus de Patong !La plus longue tyrolienne de Phuket (700 m) vous attend, accompagn\u00e9e de cabanes perch\u00e9es, ponts suspendus, rappels\u2026 et d\u2019un parcours en VTT fun et s\u00e9curis\u00e9.Profitez de vues incroyables sur la mer, d\u2019un mat\u00e9riel de s\u00e9curit\u00e9 haut de gamme et d\u2019un encadrement professionnel.\" \/>\n<meta property=\"og:url\" content=\"https:\/\/lunayatravel.com\/en\/product\/\ud83c\udf43vtt-tyrolienne-geante-a-patong-avec-vue-mer\/\" \/>\n<meta property=\"article:publisher\" content=\"https:\/\/www.facebook.com\/lunayaTravel\/\" \/>\n<meta property=\"og:image\" content=\"https:\/\/lunayatravel.com\/wp-content\/uploads\/2025\/07\/3.webp\" \/>\n\t<meta property=\"og:image:width\" content=\"720\" \/>\n\t<meta property=\"og:image:height\" content=\"540\" \/>\n\t<meta property=\"og:image:type\" content=\"image\/webp\" \/>\n<meta name=\"twitter:card\" content=\"summary_large_image\" \/>\n<meta name=\"twitter:label1\" content=\"Estimated reading time\" \/>\n\t<meta name=\"twitter:data1\" content=\"1 minute\" \/>\n<script type=\"application\/ld+json\" class=\"yoast-schema-graph\">{\"@context\":\"https:\/\/schema.org\",\"@graph\":[{\"@type\":\"WebPage\",\"@id\":\"https:\/\/lunayatravel.com\/produit\/%f0%9f%8d%83vtt-tyrolienne-geante-a-patong-avec-vue-mer\/\",\"url\":\"https:\/\/lunayatravel.com\/produit\/%f0%9f%8d%83vtt-tyrolienne-geante-a-patong-avec-vue-mer\/\",\"name\":\"\ud83c\udf43VTT + Tyrolienne g\u00e9ante \u00e0 Patong avec vue mer -\",\"isPartOf\":{\"@id\":\"https:\/\/lunayatravel.com\/#website\"},\"primaryImageOfPage\":{\"@id\":\"https:\/\/lunayatravel.com\/produit\/%f0%9f%8d%83vtt-tyrolienne-geante-a-patong-avec-vue-mer\/#primaryimage\"},\"image\":{\"@id\":\"https:\/\/lunayatravel.com\/produit\/%f0%9f%8d%83vtt-tyrolienne-geante-a-patong-avec-vue-mer\/#primaryimage\"},\"thumbnailUrl\":\"https:\/\/lunayatravel.com\/wp-content\/uploads\/2025\/07\/3.webp\",\"datePublished\":\"2025-07-30T03:15:14+00:00\",\"breadcrumb\":{\"@id\":\"https:\/\/lunayatravel.com\/produit\/%f0%9f%8d%83vtt-tyrolienne-geante-a-patong-avec-vue-mer\/#breadcrumb\"},\"inLanguage\":\"en-GB\",\"potentialAction\":[{\"@type\":\"ReadAction\",\"target\":[\"https:\/\/lunayatravel.com\/produit\/%f0%9f%8d%83vtt-tyrolienne-geante-a-patong-avec-vue-mer\/\"]}]},{\"@type\":\"ImageObject\",\"inLanguage\":\"en-GB\",\"@id\":\"https:\/\/lunayatravel.com\/produit\/%f0%9f%8d%83vtt-tyrolienne-geante-a-patong-avec-vue-mer\/#primaryimage\",\"url\":\"https:\/\/lunayatravel.com\/wp-content\/uploads\/2025\/07\/3.webp\",\"contentUrl\":\"https:\/\/lunayatravel.com\/wp-content\/uploads\/2025\/07\/3.webp\",\"width\":720,\"height\":540},{\"@type\":\"BreadcrumbList\",\"@id\":\"https:\/\/lunayatravel.com\/produit\/%f0%9f%8d%83vtt-tyrolienne-geante-a-patong-avec-vue-mer\/#breadcrumb\",\"itemListElement\":[{\"@type\":\"ListItem\",\"position\":1,\"name\":\"Accueil\",\"item\":\"https:\/\/lunayatravel.com\/\"},{\"@type\":\"ListItem\",\"position\":2,\"name\":\"Nos activit\u00e9s\",\"item\":\"https:\/\/lunayatravel.com\/nos-activites\/\"},{\"@type\":\"ListItem\",\"position\":3,\"name\":\"\ud83c\udf43VTT + Tyrolienne g\u00e9ante \u00e0 Patong avec vue mer\"}]},{\"@type\":\"WebSite\",\"@id\":\"https:\/\/lunayatravel.com\/#website\",\"url\":\"https:\/\/lunayatravel.com\/\",\"name\":\"\",\"description\":\"\",\"publisher\":{\"@id\":\"https:\/\/lunayatravel.com\/#organization\"},\"potentialAction\":[{\"@type\":\"SearchAction\",\"target\":{\"@type\":\"EntryPoint\",\"urlTemplate\":\"https:\/\/lunayatravel.com\/?s={search_term_string}\"},\"query-input\":{\"@type\":\"PropertyValueSpecification\",\"valueRequired\":true,\"valueName\":\"search_term_string\"}}],\"inLanguage\":\"en-GB\"},{\"@type\":\"Organization\",\"@id\":\"https:\/\/lunayatravel.com\/#organization\",\"name\":\"Lunaya travel\",\"alternateName\":\"Lunaya travel\",\"url\":\"https:\/\/lunayatravel.com\/\",\"logo\":{\"@type\":\"ImageObject\",\"inLanguage\":\"en-GB\",\"@id\":\"https:\/\/lunayatravel.com\/#\/schema\/logo\/image\/\",\"url\":\"https:\/\/lunayatravel.com\/wp-content\/uploads\/2026\/03\/cropped-647319118_2379115739204013_337015058165053143_n.jpg\",\"contentUrl\":\"https:\/\/lunayatravel.com\/wp-content\/uploads\/2026\/03\/cropped-647319118_2379115739204013_337015058165053143_n.jpg\",\"width\":1022,\"height\":1023,\"caption\":\"Lunaya travel\"},\"image\":{\"@id\":\"https:\/\/lunayatravel.com\/#\/schema\/logo\/image\/\"},\"sameAs\":[\"https:\/\/www.facebook.com\/lunayaTravel\/\"]}]}<\/script>\n<!-- \/ Yoast SEO plugin. -->","yoast_head_json":{"title":"\ud83c\udf43VTT + Tyrolienne g\u00e9ante \u00e0 Patong avec vue mer -","robots":{"index":"index","follow":"follow","max-snippet":"max-snippet:-1","max-image-preview":"max-image-preview:large","max-video-preview":"max-video-preview:-1"},"canonical":"https:\/\/lunayatravel.com\/en\/product\/\ud83c\udf43vtt-tyrolienne-geante-a-patong-avec-vue-mer\/","og_locale":"en_GB","og_type":"article","og_title":"\ud83c\udf43VTT + Tyrolienne g\u00e9ante \u00e0 Patong avec vue mer -","og_description":"\ud83d\udcac Description \u00a0: Partez pour une aventure palpitante dans la jungle au-dessus de Patong !La plus longue tyrolienne de Phuket (700 m) vous attend, accompagn\u00e9e de cabanes perch\u00e9es, ponts suspendus, rappels\u2026 et d\u2019un parcours en VTT fun et s\u00e9curis\u00e9.Profitez de vues incroyables sur la mer, d\u2019un mat\u00e9riel de s\u00e9curit\u00e9 haut de gamme et d\u2019un encadrement professionnel.","og_url":"https:\/\/lunayatravel.com\/en\/product\/\ud83c\udf43vtt-tyrolienne-geante-a-patong-avec-vue-mer\/","article_publisher":"https:\/\/www.facebook.com\/lunayaTravel\/","og_image":[{"width":720,"height":540,"url":"https:\/\/lunayatravel.com\/wp-content\/uploads\/2025\/07\/3.webp","type":"image\/webp"}],"twitter_card":"summary_large_image","twitter_misc":{"Estimated reading time":"1 minute"},"schema":{"@context":"https:\/\/schema.org","@graph":[{"@type":"WebPage","@id":"https:\/\/lunayatravel.com\/produit\/%f0%9f%8d%83vtt-tyrolienne-geante-a-patong-avec-vue-mer\/","url":"https:\/\/lunayatravel.com\/produit\/%f0%9f%8d%83vtt-tyrolienne-geante-a-patong-avec-vue-mer\/","name":"\ud83c\udf43VTT + Tyrolienne g\u00e9ante \u00e0 Patong avec vue mer -","isPartOf":{"@id":"https:\/\/lunayatravel.com\/#website"},"primaryImageOfPage":{"@id":"https:\/\/lunayatravel.com\/produit\/%f0%9f%8d%83vtt-tyrolienne-geante-a-patong-avec-vue-mer\/#primaryimage"},"image":{"@id":"https:\/\/lunayatravel.com\/produit\/%f0%9f%8d%83vtt-tyrolienne-geante-a-patong-avec-vue-mer\/#primaryimage"},"thumbnailUrl":"https:\/\/lunayatravel.com\/wp-content\/uploads\/2025\/07\/3.webp","datePublished":"2025-07-30T03:15:14+00:00","breadcrumb":{"@id":"https:\/\/lunayatravel.com\/produit\/%f0%9f%8d%83vtt-tyrolienne-geante-a-patong-avec-vue-mer\/#breadcrumb"},"inLanguage":"en-GB","potentialAction":[{"@type":"ReadAction","target":["https:\/\/lunayatravel.com\/produit\/%f0%9f%8d%83vtt-tyrolienne-geante-a-patong-avec-vue-mer\/"]}]},{"@type":"ImageObject","inLanguage":"en-GB","@id":"https:\/\/lunayatravel.com\/produit\/%f0%9f%8d%83vtt-tyrolienne-geante-a-patong-avec-vue-mer\/#primaryimage","url":"https:\/\/lunayatravel.com\/wp-content\/uploads\/2025\/07\/3.webp","contentUrl":"https:\/\/lunayatravel.com\/wp-content\/uploads\/2025\/07\/3.webp","width":720,"height":540},{"@type":"BreadcrumbList","@id":"https:\/\/lunayatravel.com\/produit\/%f0%9f%8d%83vtt-tyrolienne-geante-a-patong-avec-vue-mer\/#breadcrumb","itemListElement":[{"@type":"ListItem","position":1,"name":"Accueil","item":"https:\/\/lunayatravel.com\/"},{"@type":"ListItem","position":2,"name":"Nos activit\u00e9s","item":"https:\/\/lunayatravel.com\/nos-activites\/"},{"@type":"ListItem","position":3,"name":"\ud83c\udf43VTT + Tyrolienne g\u00e9ante \u00e0 Patong avec vue mer"}]},{"@type":"WebSite","@id":"https:\/\/lunayatravel.com\/#website","url":"https:\/\/lunayatravel.com\/","name":"","description":"","publisher":{"@id":"https:\/\/lunayatravel.com\/#organization"},"potentialAction":[{"@type":"SearchAction","target":{"@type":"EntryPoint","urlTemplate":"https:\/\/lunayatravel.com\/?s={search_term_string}"},"query-input":{"@type":"PropertyValueSpecification","valueRequired":true,"valueName":"search_term_string"}}],"inLanguage":"en-GB"},{"@type":"Organization","@id":"https:\/\/lunayatravel.com\/#organization","name":"Lunaya travel","alternateName":"Lunaya travel","url":"https:\/\/lunayatravel.com\/","logo":{"@type":"ImageObject","inLanguage":"en-GB","@id":"https:\/\/lunayatravel.com\/#\/schema\/logo\/image\/","url":"https:\/\/lunayatravel.com\/wp-content\/uploads\/2026\/03\/cropped-647319118_2379115739204013_337015058165053143_n.jpg","contentUrl":"https:\/\/lunayatravel.com\/wp-content\/uploads\/2026\/03\/cropped-647319118_2379115739204013_337015058165053143_n.jpg","width":1022,"height":1023,"caption":"Lunaya travel"},"image":{"@id":"https:\/\/lunayatravel.com\/#\/schema\/logo\/image\/"},"sameAs":["https:\/\/www.facebook.com\/lunayaTravel\/"]}]}},"uagb_featured_image_src":{"full":["https:\/\/lunayatravel.com\/wp-content\/uploads\/2025\/07\/3.webp",720,540,false],"thumbnail":["https:\/\/lunayatravel.com\/wp-content\/uploads\/2025\/07\/3-150x150.webp",150,150,true],"medium":["https:\/\/lunayatravel.com\/wp-content\/uploads\/2025\/07\/3-300x225.webp",300,225,true],"medium_large":["https:\/\/lunayatravel.com\/wp-content\/uploads\/2025\/07\/3.webp",720,540,false],"large":["https:\/\/lunayatravel.com\/wp-content\/uploads\/2025\/07\/3.webp",720,540,false],"1536x1536":["https:\/\/lunayatravel.com\/wp-content\/uploads\/2025\/07\/3.webp",720,540,false],"2048x2048":["https:\/\/lunayatravel.com\/wp-content\/uploads\/2025\/07\/3.webp",720,540,false],"trp-custom-language-flag":["https:\/\/lunayatravel.com\/wp-content\/uploads\/2025\/07\/3.webp",16,12,false],"widget-thumbnail":["https:\/\/lunayatravel.com\/wp-content\/uploads\/2025\/07\/3-75x75.webp",75,75,true],"mailpoet_newsletter_max":["https:\/\/lunayatravel.com\/wp-content\/uploads\/2025\/07\/3.webp",720,540,false],"woocommerce_thumbnail":["https:\/\/lunayatravel.com\/wp-content\/uploads\/2025\/07\/3-300x300.webp",300,300,true],"woocommerce_single":["https:\/\/lunayatravel.com\/wp-content\/uploads\/2025\/07\/3-600x450.webp",600,450,true],"woocommerce_gallery_thumbnail":["https:\/\/lunayatravel.com\/wp-content\/uploads\/2025\/07\/3-100x100.webp",100,100,true],"sow-carousel-default":["https:\/\/lunayatravel.com\/wp-content\/uploads\/2025\/07\/3-272x182.webp",272,182,true]},"uagb_author_info":{"display_name":"haemers stephanie","author_link":"https:\/\/lunayatravel.com\/en\/author\/"},"uagb_comment_info":0,"uagb_excerpt":"\ud83d\udcac Description \u00a0: Partez pour une aventure palpitante dans la jungle au-dessus de Patong !La plus longue tyrolienne de Phuket (700 m) vous attend, accompagn\u00e9e de cabanes perch\u00e9es, ponts suspendus, rappels\u2026 et d\u2019un parcours en VTT fun et s\u00e9curis\u00e9.Profitez de vues incroyables sur la mer, d\u2019un mat\u00e9riel de s\u00e9curit\u00e9 haut de gamme et d\u2019un encadrement&hellip;","jetpack_sharing_enabled":true,"_links":{"self":[{"href":"https:\/\/lunayatravel.com\/en\/wp-json\/wp\/v2\/product\/30226","targetHints":{"allow":["GET"]}}],"collection":[{"href":"https:\/\/lunayatravel.com\/en\/wp-json\/wp\/v2\/product"}],"about":[{"href":"https:\/\/lunayatravel.com\/en\/wp-json\/wp\/v2\/types\/product"}],"replies":[{"embeddable":true,"href":"https:\/\/lunayatravel.com\/en\/wp-json\/wp\/v2\/comments?post=30226"}],"wp:featuredmedia":[{"embeddable":true,"href":"https:\/\/lunayatravel.com\/en\/wp-json\/wp\/v2\/media\/30228"}],"wp:attachment":[{"href":"https:\/\/lunayatravel.com\/en\/wp-json\/wp\/v2\/media?parent=30226"}],"wp:term":[{"taxonomy":"product_brand","embeddable":true,"href":"https:\/\/lunayatravel.com\/en\/wp-json\/wp\/v2\/product_brand?post=30226"},{"taxonomy":"product_cat","embeddable":true,"href":"https:\/\/lunayatravel.com\/en\/wp-json\/wp\/v2\/product_cat?post=30226"},{"taxonomy":"product_tag","embeddable":true,"href":"https:\/\/lunayatravel.com\/en\/wp-json\/wp\/v2\/product_tag?post=30226"}],"curies":[{"name":"wp","href":"https:\/\/api.w.org\/{rel}","templated":true}]}}