{"id":30213,"date":"2025-07-28T14:33:23","date_gmt":"2025-07-28T12:33:23","guid":{"rendered":"https:\/\/itctoursvoyages.com\/?post_type=product&#038;p=30213"},"modified":"2025-07-28T14:33:23","modified_gmt":"2025-07-28T12:33:23","slug":"%f0%9f%8f%99%ef%b8%8f-visite-culturelle-de-phuket-dejeuner-michelin","status":"publish","type":"product","link":"https:\/\/lunayatravel.com\/en\/product\/%f0%9f%8f%99%ef%b8%8f-visite-culturelle-de-phuket-dejeuner-michelin\/","title":{"rendered":"\ud83c\udfd9\ufe0f Cultural visit of Phuket + Michelin lunch"},"content":{"rendered":"<h3 data-start=\"525\" data-end=\"548\">\ud83c\udf1f <strong data-start=\"532\" data-end=\"548\">Highlights<\/strong><\/h3>\n<ul data-start=\"550\" data-end=\"885\">\n<li data-start=\"550\" data-end=\"593\">\n<p data-start=\"552\" data-end=\"593\">Old Sino-Portuguese town of Phuket<\/p>\n<\/li>\n<li data-start=\"594\" data-end=\"645\">\n<p data-start=\"596\" data-end=\"645\">Temple of Chalong and Big Buddha viewpoint<\/p>\n<\/li>\n<li data-start=\"646\" data-end=\"682\">\n<p data-start=\"648\" data-end=\"682\">Try the local \u201cA-Pong\u201d pancake\u201d<\/p>\n<\/li>\n<li data-start=\"683\" data-end=\"740\">\n<p data-start=\"685\" data-end=\"740\">Lunch at Mee Ton Poe (Hokkien Michelin noodles)<\/p>\n<\/li>\n<li data-start=\"741\" data-end=\"781\">\n<p data-start=\"743\" data-end=\"781\">Breathtaking views from Windmill Viewpoint<\/p>\n<\/li>\n<li data-start=\"782\" data-end=\"842\">\n<p data-start=\"784\" data-end=\"842\">Transfer in VIP van with drinks, towels and KitKat<\/p>\n<\/li>\n<li data-start=\"843\" data-end=\"885\">\n<p data-start=\"845\" data-end=\"885\">Available in <strong data-start=\"859\" data-end=\"869\">group<\/strong> or in <strong data-start=\"876\" data-end=\"885\">private<\/strong><\/p>\n<\/li>\n<\/ul>\n<hr data-start=\"887\" data-end=\"890\" \/>\n<h3 data-start=\"892\" data-end=\"920\">\ud83d\udd53 <strong data-start=\"899\" data-end=\"920\">Choice of timetables<\/strong><\/h3>\n<ul data-start=\"922\" data-end=\"1037\">\n<li data-start=\"922\" data-end=\"946\">\n<p data-start=\"924\" data-end=\"946\">Morning: 9.00 am - 3.00 pm<\/p>\n<\/li>\n<li data-start=\"947\" data-end=\"1037\">\n<p data-start=\"949\" data-end=\"1037\">Afternoon: 12.30pm - 6.30pm<br data-start=\"975\" data-end=\"978\" \/><em data-start=\"978\" data-end=\"1037\">(Pick-up between 1 and 2 hours beforehand, depending on your location)<\/em><\/p>\n<\/li>\n<\/ul>\n<hr data-start=\"1039\" data-end=\"1042\" \/>\n<h3 data-start=\"1044\" data-end=\"1065\">\ud83c\udf5c <strong data-start=\"1051\" data-end=\"1065\">Itinerary<\/strong><\/h3>\n<ul data-start=\"1067\" data-end=\"1315\">\n<li data-start=\"1067\" data-end=\"1095\">\n<p data-start=\"1069\" data-end=\"1095\">Phuket Old Town (60 min)<\/p>\n<\/li>\n<li data-start=\"1096\" data-end=\"1129\">\n<p data-start=\"1098\" data-end=\"1129\">Local snack bar: A-Pong (10 min)<\/p>\n<\/li>\n<li data-start=\"1130\" data-end=\"1177\">\n<p data-start=\"1132\" data-end=\"1177\">Michelin lunch at Mee Ton Poe (40 min)<\/p>\n<\/li>\n<li data-start=\"1178\" data-end=\"1208\">\n<p data-start=\"1180\" data-end=\"1208\">Temple of Chalong (50 min)<\/p>\n<\/li>\n<li data-start=\"1209\" data-end=\"1285\">\n<p data-start=\"1211\" data-end=\"1285\">View of the Big Buddha (60 min - the statue is visible but inaccessible)<\/p>\n<\/li>\n<li data-start=\"1286\" data-end=\"1315\">\n<p data-start=\"1288\" data-end=\"1315\">Windmill Viewpoint (30 min)<\/p>\n<\/li>\n<\/ul>\n<hr data-start=\"1317\" data-end=\"1320\" \/>\n<h3 data-start=\"1322\" data-end=\"1338\">\u2705 <strong data-start=\"1328\" data-end=\"1338\">Included<\/strong><\/h3>\n<ul data-start=\"1340\" data-end=\"1501\">\n<li data-start=\"1340\" data-end=\"1377\">\n<p data-start=\"1342\" data-end=\"1377\">Return transfer in a VIP van<\/p>\n<\/li>\n<li data-start=\"1378\" data-end=\"1421\">\n<p data-start=\"1380\" data-end=\"1421\">Water, drinks, juices, snacks and towels<\/p>\n<\/li>\n<li data-start=\"1422\" data-end=\"1451\">\n<p data-start=\"1424\" data-end=\"1451\">Lunch at Mee Ton Poe<\/p>\n<\/li>\n<li data-start=\"1452\" data-end=\"1472\">\n<p data-start=\"1454\" data-end=\"1472\">English-speaking guide<\/p>\n<\/li>\n<li data-start=\"1473\" data-end=\"1501\">\n<p data-start=\"1475\" data-end=\"1501\">Child seat on request<\/p>\n<\/li>\n<\/ul>\n<hr data-start=\"1503\" data-end=\"1506\" \/>\n<h3 data-start=\"1508\" data-end=\"1533\">\ud83d\udc67 <strong data-start=\"1515\" data-end=\"1531\">Child rate<\/strong><\/h3>\n<ul data-start=\"1534\" data-end=\"1625\">\n<li data-start=\"1534\" data-end=\"1551\">\n<p data-start=\"1536\" data-end=\"1551\">From 4 to 11 years old<\/p>\n<\/li>\n<li data-start=\"1552\" data-end=\"1587\">\n<p data-start=\"1554\" data-end=\"1587\">Free for children under 4<\/p>\n<\/li>\n<li data-start=\"1588\" data-end=\"1625\">\n<p data-start=\"1590\" data-end=\"1625\">Baby seat available on request<\/p>\n<\/li>\n<\/ul>","protected":false},"excerpt":{"rendered":"<h3 data-start=\"197\" data-end=\"266\">\u2728 <strong data-start=\"203\" data-end=\"264\">Discover the real Phuket, with its culture and local cuisine<\/strong><\/h3>\n<p data-start=\"267\" data-end=\"518\">Explore Phuket's cultural gems in a relaxed atmosphere, with a typical Michelin Guide lunch. Old town, temples, views, cuisine... it's all here!<br data-start=\"441\" data-end=\"444\" \/>Travel in comfort in a VIP van, with cold drinks and snacks included.<\/p>","protected":false},"featured_media":30218,"comment_status":"open","ping_status":"closed","template":"","meta":{"_uag_custom_page_level_css":""},"product_brand":[],"product_cat":[67],"product_tag":[],"class_list":{"0":"post-30213","1":"product","2":"type-product","3":"status-publish","4":"has-post-thumbnail","6":"product_cat-phuket","8":"first","9":"instock","10":"virtual","11":"taxable","12":"purchasable","13":"product-type-simple"},"yoast_head":"<!-- This site is optimized with the Yoast SEO plugin v27.1.1 - https:\/\/yoast.com\/product\/yoast-seo-wordpress\/ -->\n<title>\ud83c\udfd9\ufe0f Visite culturelle de Phuket + D\u00e9jeuner Michelin -<\/title>\n<meta name=\"robots\" content=\"index, follow, max-snippet:-1, max-image-preview:large, max-video-preview:-1\" \/>\n<link rel=\"canonical\" href=\"https:\/\/lunayatravel.com\/en\/product\/\ud83c\udfd9\ufe0f-visite-culturelle-de-phuket-dejeuner-michelin\/\" \/>\n<meta property=\"og:locale\" content=\"en_GB\" \/>\n<meta property=\"og:type\" content=\"article\" \/>\n<meta property=\"og:title\" content=\"\ud83c\udfd9\ufe0f Visite culturelle de Phuket + D\u00e9jeuner Michelin -\" \/>\n<meta property=\"og:description\" content=\"\u2728 D\u00e9couvrez la vraie Phuket entre culture et cuisine locale Explorez les joyaux culturels de Phuket dans une ambiance d\u00e9tendue, avec un d\u00e9jeuner typique prim\u00e9 au Guide Michelin. Vieille ville, temples, panoramas, cuisine\u2026 tout y est !Voyagez confortablement en van VIP avec boissons fra\u00eeches et encas inclus.\" \/>\n<meta property=\"og:url\" content=\"https:\/\/lunayatravel.com\/en\/product\/\ud83c\udfd9\ufe0f-visite-culturelle-de-phuket-dejeuner-michelin\/\" \/>\n<meta property=\"article:publisher\" content=\"https:\/\/www.facebook.com\/lunayaTravel\/\" \/>\n<meta property=\"og:image\" content=\"https:\/\/lunayatravel.com\/wp-content\/uploads\/2025\/07\/SHACover1R1.webp\" \/>\n\t<meta property=\"og:image:width\" content=\"720\" \/>\n\t<meta property=\"og:image:height\" content=\"480\" \/>\n\t<meta property=\"og:image:type\" content=\"image\/webp\" \/>\n<meta name=\"twitter:card\" content=\"summary_large_image\" \/>\n<meta name=\"twitter:label1\" content=\"Estimated reading time\" \/>\n\t<meta name=\"twitter:data1\" content=\"1 minute\" \/>\n<script type=\"application\/ld+json\" class=\"yoast-schema-graph\">{\"@context\":\"https:\/\/schema.org\",\"@graph\":[{\"@type\":\"WebPage\",\"@id\":\"https:\/\/lunayatravel.com\/produit\/%f0%9f%8f%99%ef%b8%8f-visite-culturelle-de-phuket-dejeuner-michelin\/\",\"url\":\"https:\/\/lunayatravel.com\/produit\/%f0%9f%8f%99%ef%b8%8f-visite-culturelle-de-phuket-dejeuner-michelin\/\",\"name\":\"\ud83c\udfd9\ufe0f Visite culturelle de Phuket + D\u00e9jeuner Michelin -\",\"isPartOf\":{\"@id\":\"https:\/\/lunayatravel.com\/#website\"},\"primaryImageOfPage\":{\"@id\":\"https:\/\/lunayatravel.com\/produit\/%f0%9f%8f%99%ef%b8%8f-visite-culturelle-de-phuket-dejeuner-michelin\/#primaryimage\"},\"image\":{\"@id\":\"https:\/\/lunayatravel.com\/produit\/%f0%9f%8f%99%ef%b8%8f-visite-culturelle-de-phuket-dejeuner-michelin\/#primaryimage\"},\"thumbnailUrl\":\"https:\/\/lunayatravel.com\/wp-content\/uploads\/2025\/07\/SHACover1R1.webp\",\"datePublished\":\"2025-07-28T12:33:23+00:00\",\"breadcrumb\":{\"@id\":\"https:\/\/lunayatravel.com\/produit\/%f0%9f%8f%99%ef%b8%8f-visite-culturelle-de-phuket-dejeuner-michelin\/#breadcrumb\"},\"inLanguage\":\"en-GB\",\"potentialAction\":[{\"@type\":\"ReadAction\",\"target\":[\"https:\/\/lunayatravel.com\/produit\/%f0%9f%8f%99%ef%b8%8f-visite-culturelle-de-phuket-dejeuner-michelin\/\"]}]},{\"@type\":\"ImageObject\",\"inLanguage\":\"en-GB\",\"@id\":\"https:\/\/lunayatravel.com\/produit\/%f0%9f%8f%99%ef%b8%8f-visite-culturelle-de-phuket-dejeuner-michelin\/#primaryimage\",\"url\":\"https:\/\/lunayatravel.com\/wp-content\/uploads\/2025\/07\/SHACover1R1.webp\",\"contentUrl\":\"https:\/\/lunayatravel.com\/wp-content\/uploads\/2025\/07\/SHACover1R1.webp\",\"width\":720,\"height\":480},{\"@type\":\"BreadcrumbList\",\"@id\":\"https:\/\/lunayatravel.com\/produit\/%f0%9f%8f%99%ef%b8%8f-visite-culturelle-de-phuket-dejeuner-michelin\/#breadcrumb\",\"itemListElement\":[{\"@type\":\"ListItem\",\"position\":1,\"name\":\"Accueil\",\"item\":\"https:\/\/lunayatravel.com\/\"},{\"@type\":\"ListItem\",\"position\":2,\"name\":\"Nos activit\u00e9s\",\"item\":\"https:\/\/lunayatravel.com\/nos-activites\/\"},{\"@type\":\"ListItem\",\"position\":3,\"name\":\"\ud83c\udfd9\ufe0f Visite culturelle de Phuket + D\u00e9jeuner Michelin\"}]},{\"@type\":\"WebSite\",\"@id\":\"https:\/\/lunayatravel.com\/#website\",\"url\":\"https:\/\/lunayatravel.com\/\",\"name\":\"\",\"description\":\"\",\"publisher\":{\"@id\":\"https:\/\/lunayatravel.com\/#organization\"},\"potentialAction\":[{\"@type\":\"SearchAction\",\"target\":{\"@type\":\"EntryPoint\",\"urlTemplate\":\"https:\/\/lunayatravel.com\/?s={search_term_string}\"},\"query-input\":{\"@type\":\"PropertyValueSpecification\",\"valueRequired\":true,\"valueName\":\"search_term_string\"}}],\"inLanguage\":\"en-GB\"},{\"@type\":\"Organization\",\"@id\":\"https:\/\/lunayatravel.com\/#organization\",\"name\":\"Lunaya travel\",\"alternateName\":\"Lunaya travel\",\"url\":\"https:\/\/lunayatravel.com\/\",\"logo\":{\"@type\":\"ImageObject\",\"inLanguage\":\"en-GB\",\"@id\":\"https:\/\/lunayatravel.com\/#\/schema\/logo\/image\/\",\"url\":\"https:\/\/lunayatravel.com\/wp-content\/uploads\/2026\/03\/cropped-647319118_2379115739204013_337015058165053143_n.jpg\",\"contentUrl\":\"https:\/\/lunayatravel.com\/wp-content\/uploads\/2026\/03\/cropped-647319118_2379115739204013_337015058165053143_n.jpg\",\"width\":1022,\"height\":1023,\"caption\":\"Lunaya travel\"},\"image\":{\"@id\":\"https:\/\/lunayatravel.com\/#\/schema\/logo\/image\/\"},\"sameAs\":[\"https:\/\/www.facebook.com\/lunayaTravel\/\"]}]}<\/script>\n<!-- \/ Yoast SEO plugin. -->","yoast_head_json":{"title":"\ud83c\udfd9\ufe0f Visite culturelle de Phuket + D\u00e9jeuner Michelin -","robots":{"index":"index","follow":"follow","max-snippet":"max-snippet:-1","max-image-preview":"max-image-preview:large","max-video-preview":"max-video-preview:-1"},"canonical":"https:\/\/lunayatravel.com\/en\/product\/\ud83c\udfd9\ufe0f-visite-culturelle-de-phuket-dejeuner-michelin\/","og_locale":"en_GB","og_type":"article","og_title":"\ud83c\udfd9\ufe0f Visite culturelle de Phuket + D\u00e9jeuner Michelin -","og_description":"\u2728 D\u00e9couvrez la vraie Phuket entre culture et cuisine locale Explorez les joyaux culturels de Phuket dans une ambiance d\u00e9tendue, avec un d\u00e9jeuner typique prim\u00e9 au Guide Michelin. Vieille ville, temples, panoramas, cuisine\u2026 tout y est !Voyagez confortablement en van VIP avec boissons fra\u00eeches et encas inclus.","og_url":"https:\/\/lunayatravel.com\/en\/product\/\ud83c\udfd9\ufe0f-visite-culturelle-de-phuket-dejeuner-michelin\/","article_publisher":"https:\/\/www.facebook.com\/lunayaTravel\/","og_image":[{"width":720,"height":480,"url":"https:\/\/lunayatravel.com\/wp-content\/uploads\/2025\/07\/SHACover1R1.webp","type":"image\/webp"}],"twitter_card":"summary_large_image","twitter_misc":{"Estimated reading time":"1 minute"},"schema":{"@context":"https:\/\/schema.org","@graph":[{"@type":"WebPage","@id":"https:\/\/lunayatravel.com\/produit\/%f0%9f%8f%99%ef%b8%8f-visite-culturelle-de-phuket-dejeuner-michelin\/","url":"https:\/\/lunayatravel.com\/produit\/%f0%9f%8f%99%ef%b8%8f-visite-culturelle-de-phuket-dejeuner-michelin\/","name":"\ud83c\udfd9\ufe0f Visite culturelle de Phuket + D\u00e9jeuner Michelin -","isPartOf":{"@id":"https:\/\/lunayatravel.com\/#website"},"primaryImageOfPage":{"@id":"https:\/\/lunayatravel.com\/produit\/%f0%9f%8f%99%ef%b8%8f-visite-culturelle-de-phuket-dejeuner-michelin\/#primaryimage"},"image":{"@id":"https:\/\/lunayatravel.com\/produit\/%f0%9f%8f%99%ef%b8%8f-visite-culturelle-de-phuket-dejeuner-michelin\/#primaryimage"},"thumbnailUrl":"https:\/\/lunayatravel.com\/wp-content\/uploads\/2025\/07\/SHACover1R1.webp","datePublished":"2025-07-28T12:33:23+00:00","breadcrumb":{"@id":"https:\/\/lunayatravel.com\/produit\/%f0%9f%8f%99%ef%b8%8f-visite-culturelle-de-phuket-dejeuner-michelin\/#breadcrumb"},"inLanguage":"en-GB","potentialAction":[{"@type":"ReadAction","target":["https:\/\/lunayatravel.com\/produit\/%f0%9f%8f%99%ef%b8%8f-visite-culturelle-de-phuket-dejeuner-michelin\/"]}]},{"@type":"ImageObject","inLanguage":"en-GB","@id":"https:\/\/lunayatravel.com\/produit\/%f0%9f%8f%99%ef%b8%8f-visite-culturelle-de-phuket-dejeuner-michelin\/#primaryimage","url":"https:\/\/lunayatravel.com\/wp-content\/uploads\/2025\/07\/SHACover1R1.webp","contentUrl":"https:\/\/lunayatravel.com\/wp-content\/uploads\/2025\/07\/SHACover1R1.webp","width":720,"height":480},{"@type":"BreadcrumbList","@id":"https:\/\/lunayatravel.com\/produit\/%f0%9f%8f%99%ef%b8%8f-visite-culturelle-de-phuket-dejeuner-michelin\/#breadcrumb","itemListElement":[{"@type":"ListItem","position":1,"name":"Accueil","item":"https:\/\/lunayatravel.com\/"},{"@type":"ListItem","position":2,"name":"Nos activit\u00e9s","item":"https:\/\/lunayatravel.com\/nos-activites\/"},{"@type":"ListItem","position":3,"name":"\ud83c\udfd9\ufe0f Visite culturelle de Phuket + D\u00e9jeuner Michelin"}]},{"@type":"WebSite","@id":"https:\/\/lunayatravel.com\/#website","url":"https:\/\/lunayatravel.com\/","name":"","description":"","publisher":{"@id":"https:\/\/lunayatravel.com\/#organization"},"potentialAction":[{"@type":"SearchAction","target":{"@type":"EntryPoint","urlTemplate":"https:\/\/lunayatravel.com\/?s={search_term_string}"},"query-input":{"@type":"PropertyValueSpecification","valueRequired":true,"valueName":"search_term_string"}}],"inLanguage":"en-GB"},{"@type":"Organization","@id":"https:\/\/lunayatravel.com\/#organization","name":"Lunaya travel","alternateName":"Lunaya travel","url":"https:\/\/lunayatravel.com\/","logo":{"@type":"ImageObject","inLanguage":"en-GB","@id":"https:\/\/lunayatravel.com\/#\/schema\/logo\/image\/","url":"https:\/\/lunayatravel.com\/wp-content\/uploads\/2026\/03\/cropped-647319118_2379115739204013_337015058165053143_n.jpg","contentUrl":"https:\/\/lunayatravel.com\/wp-content\/uploads\/2026\/03\/cropped-647319118_2379115739204013_337015058165053143_n.jpg","width":1022,"height":1023,"caption":"Lunaya travel"},"image":{"@id":"https:\/\/lunayatravel.com\/#\/schema\/logo\/image\/"},"sameAs":["https:\/\/www.facebook.com\/lunayaTravel\/"]}]}},"uagb_featured_image_src":{"full":["https:\/\/lunayatravel.com\/wp-content\/uploads\/2025\/07\/SHACover1R1.webp",720,480,false],"thumbnail":["https:\/\/lunayatravel.com\/wp-content\/uploads\/2025\/07\/SHACover1R1-150x150.webp",150,150,true],"medium":["https:\/\/lunayatravel.com\/wp-content\/uploads\/2025\/07\/SHACover1R1-300x200.webp",300,200,true],"medium_large":["https:\/\/lunayatravel.com\/wp-content\/uploads\/2025\/07\/SHACover1R1.webp",720,480,false],"large":["https:\/\/lunayatravel.com\/wp-content\/uploads\/2025\/07\/SHACover1R1.webp",720,480,false],"1536x1536":["https:\/\/lunayatravel.com\/wp-content\/uploads\/2025\/07\/SHACover1R1.webp",720,480,false],"2048x2048":["https:\/\/lunayatravel.com\/wp-content\/uploads\/2025\/07\/SHACover1R1.webp",720,480,false],"trp-custom-language-flag":["https:\/\/lunayatravel.com\/wp-content\/uploads\/2025\/07\/SHACover1R1.webp",18,12,false],"widget-thumbnail":["https:\/\/lunayatravel.com\/wp-content\/uploads\/2025\/07\/SHACover1R1-75x75.webp",75,75,true],"mailpoet_newsletter_max":["https:\/\/lunayatravel.com\/wp-content\/uploads\/2025\/07\/SHACover1R1.webp",720,480,false],"woocommerce_thumbnail":["https:\/\/lunayatravel.com\/wp-content\/uploads\/2025\/07\/SHACover1R1-300x300.webp",300,300,true],"woocommerce_single":["https:\/\/lunayatravel.com\/wp-content\/uploads\/2025\/07\/SHACover1R1-600x400.webp",600,400,true],"woocommerce_gallery_thumbnail":["https:\/\/lunayatravel.com\/wp-content\/uploads\/2025\/07\/SHACover1R1-100x100.webp",100,100,true],"sow-carousel-default":["https:\/\/lunayatravel.com\/wp-content\/uploads\/2025\/07\/SHACover1R1-272x182.webp",272,182,true]},"uagb_author_info":{"display_name":"haemers stephanie","author_link":"https:\/\/lunayatravel.com\/en\/author\/"},"uagb_comment_info":0,"uagb_excerpt":"\u2728 D\u00e9couvrez la vraie Phuket entre culture et cuisine locale Explorez les joyaux culturels de Phuket dans une ambiance d\u00e9tendue, avec un d\u00e9jeuner typique prim\u00e9 au Guide Michelin. Vieille ville, temples, panoramas, cuisine\u2026 tout y est !Voyagez confortablement en van VIP avec boissons fra\u00eeches et encas inclus.","jetpack_sharing_enabled":true,"_links":{"self":[{"href":"https:\/\/lunayatravel.com\/en\/wp-json\/wp\/v2\/product\/30213","targetHints":{"allow":["GET"]}}],"collection":[{"href":"https:\/\/lunayatravel.com\/en\/wp-json\/wp\/v2\/product"}],"about":[{"href":"https:\/\/lunayatravel.com\/en\/wp-json\/wp\/v2\/types\/product"}],"replies":[{"embeddable":true,"href":"https:\/\/lunayatravel.com\/en\/wp-json\/wp\/v2\/comments?post=30213"}],"wp:featuredmedia":[{"embeddable":true,"href":"https:\/\/lunayatravel.com\/en\/wp-json\/wp\/v2\/media\/30218"}],"wp:attachment":[{"href":"https:\/\/lunayatravel.com\/en\/wp-json\/wp\/v2\/media?parent=30213"}],"wp:term":[{"taxonomy":"product_brand","embeddable":true,"href":"https:\/\/lunayatravel.com\/en\/wp-json\/wp\/v2\/product_brand?post=30213"},{"taxonomy":"product_cat","embeddable":true,"href":"https:\/\/lunayatravel.com\/en\/wp-json\/wp\/v2\/product_cat?post=30213"},{"taxonomy":"product_tag","embeddable":true,"href":"https:\/\/lunayatravel.com\/en\/wp-json\/wp\/v2\/product_tag?post=30213"}],"curies":[{"name":"wp","href":"https:\/\/api.w.org\/{rel}","templated":true}]}}