{"id":30210,"date":"2025-07-28T13:21:04","date_gmt":"2025-07-28T11:21:04","guid":{"rendered":"https:\/\/itctoursvoyages.com\/?post_type=product&#038;p=30210"},"modified":"2025-07-28T13:21:04","modified_gmt":"2025-07-28T11:21:04","slug":"%f0%9f%90%98-elephant-jungle-sanctuary-alimentation-douche","status":"publish","type":"product","link":"https:\/\/lunayatravel.com\/en\/product\/%f0%9f%90%98-elephant-jungle-sanctuary-alimentation-douche\/","title":{"rendered":"\ud83d\udc18 Elephant Jungle Sanctuary - Food &amp; Shower"},"content":{"rendered":"<h3 data-start=\"624\" data-end=\"647\">\ud83c\udf3f <strong data-start=\"631\" data-end=\"647\">Highlights<\/strong><\/h3>\n<ul data-start=\"649\" data-end=\"932\">\n<li data-start=\"649\" data-end=\"684\">\n<p data-start=\"651\" data-end=\"684\">1h30 activity suitable for all<\/p>\n<\/li>\n<li data-start=\"685\" data-end=\"736\">\n<p data-start=\"687\" data-end=\"736\">Feeding, touching and showering with the elephants<\/p>\n<\/li>\n<li data-start=\"737\" data-end=\"799\">\n<p data-start=\"739\" data-end=\"799\">Total respect for animals (zero mistreatment, zero walking)<\/p>\n<\/li>\n<li data-start=\"800\" data-end=\"853\">\n<p data-start=\"802\" data-end=\"853\">Interaction in a natural, caring environment<\/p>\n<\/li>\n<li data-start=\"854\" data-end=\"932\">\n<p data-start=\"856\" data-end=\"932\">Free transfer from hotels in Patong, Kata, Karon and Phuket town<\/p>\n<\/li>\n<\/ul>\n<hr data-start=\"934\" data-end=\"937\" \/>\n<h3 data-start=\"939\" data-end=\"967\">\ud83d\udd53 <strong data-start=\"946\" data-end=\"967\">Choice of timetables<\/strong><\/h3>\n<ul data-start=\"969\" data-end=\"1031\">\n<li data-start=\"969\" data-end=\"997\">\n<p data-start=\"971\" data-end=\"997\"><strong data-start=\"971\" data-end=\"987\">Morning departure<\/strong> : 08h30<\/p>\n<\/li>\n<li data-start=\"998\" data-end=\"1031\">\n<p data-start=\"1000\" data-end=\"1031\"><strong data-start=\"1000\" data-end=\"1021\">Afternoon departure<\/strong> : 13h30<\/p>\n<\/li>\n<\/ul>\n<blockquote data-start=\"1032\" data-end=\"1109\">\n<p data-start=\"1034\" data-end=\"1109\">(Times are indicative - priority to time spent with the elephants)<\/p>\n<\/blockquote>\n<hr data-start=\"1111\" data-end=\"1114\" \/>\n<h3 data-start=\"1116\" data-end=\"1145\">\u2705 <strong data-start=\"1122\" data-end=\"1145\">Included in the price<\/strong><\/h3>\n<ul data-start=\"1147\" data-end=\"1279\">\n<li data-start=\"1147\" data-end=\"1167\">\n<p data-start=\"1149\" data-end=\"1167\">English-speaking guide<\/p>\n<\/li>\n<li data-start=\"1168\" data-end=\"1197\">\n<p data-start=\"1170\" data-end=\"1197\">Food for elephants<\/p>\n<\/li>\n<li data-start=\"1198\" data-end=\"1220\">\n<p data-start=\"1200\" data-end=\"1220\">EJS support<\/p>\n<\/li>\n<li data-start=\"1221\" data-end=\"1267\">\n<p data-start=\"1223\" data-end=\"1267\">Return transport (main areas)<\/p>\n<\/li>\n<li data-start=\"1268\" data-end=\"1279\">\n<p data-start=\"1270\" data-end=\"1279\">Insurance<\/p>\n<\/li>\n<\/ul>\n<hr data-start=\"1281\" data-end=\"1284\" \/>\n<h3 data-start=\"1286\" data-end=\"1306\">\ud83e\uddf3 <strong data-start=\"1293\" data-end=\"1306\">What to expect<\/strong><\/h3>\n<ul data-start=\"1308\" data-end=\"1384\">\n<li data-start=\"1308\" data-end=\"1325\">\n<p data-start=\"1310\" data-end=\"1325\">Sun cream<\/p>\n<\/li>\n<li data-start=\"1326\" data-end=\"1344\">\n<p data-start=\"1328\" data-end=\"1344\">Mosquito repellent<\/p>\n<\/li>\n<li data-start=\"1345\" data-end=\"1358\">\n<p data-start=\"1347\" data-end=\"1358\">Towel<\/p>\n<\/li>\n<li data-start=\"1359\" data-end=\"1384\">\n<p data-start=\"1361\" data-end=\"1384\">Spare clothing<\/p>\n<\/li>\n<\/ul>\n<hr data-start=\"1386\" data-end=\"1389\" \/>\n<h3 data-start=\"1391\" data-end=\"1426\">\ud83d\ude90 <strong data-start=\"1398\" data-end=\"1426\">Support areas<\/strong><\/h3>\n<ul data-start=\"1428\" data-end=\"1578\">\n<li data-start=\"1428\" data-end=\"1509\">\n<p data-start=\"1430\" data-end=\"1509\"><strong data-start=\"1430\" data-end=\"1453\">Included free of charge<\/strong> hotels in Phuket (Patong, Kata, Karon, Phuket town)<\/p>\n<\/li>\n<\/ul>","protected":false},"excerpt":{"rendered":"<h3 data-start=\"254\" data-end=\"315\">\u2728 <strong data-start=\"260\" data-end=\"313\">A unique encounter with the elephants of Phuket<\/strong><\/h3>\n<p data-start=\"316\" data-end=\"617\">Take part in a short but intense experience with elephants in a respectful, certified 5-star sanctuary. Get to know them better, feed them, then enjoy a moment of complicity by showering them in their natural habitat. Ideal for families or travellers in a hurry.<\/p>","protected":false},"featured_media":30212,"comment_status":"open","ping_status":"closed","template":"","meta":{"_uag_custom_page_level_css":""},"product_brand":[],"product_cat":[67],"product_tag":[],"class_list":{"0":"post-30210","1":"product","2":"type-product","3":"status-publish","4":"has-post-thumbnail","6":"product_cat-phuket","8":"first","9":"instock","10":"virtual","11":"taxable","12":"purchasable","13":"product-type-simple"},"yoast_head":"<!-- This site is optimized with the Yoast SEO plugin v27.1.1 - https:\/\/yoast.com\/product\/yoast-seo-wordpress\/ -->\n<title>\ud83d\udc18 Elephant Jungle Sanctuary \u2013 Alimentation &amp; Douche -<\/title>\n<meta name=\"robots\" content=\"index, follow, max-snippet:-1, max-image-preview:large, max-video-preview:-1\" \/>\n<link rel=\"canonical\" href=\"https:\/\/lunayatravel.com\/en\/product\/\ud83d\udc18-elephant-jungle-sanctuary-alimentation-douche\/\" \/>\n<meta property=\"og:locale\" content=\"en_GB\" \/>\n<meta property=\"og:type\" content=\"article\" \/>\n<meta property=\"og:title\" content=\"\ud83d\udc18 Elephant Jungle Sanctuary \u2013 Alimentation &amp; Douche -\" \/>\n<meta property=\"og:description\" content=\"\u2728 Une rencontre unique avec les \u00e9l\u00e9phants de Phuket Participez \u00e0 une exp\u00e9rience courte mais intense avec les \u00e9l\u00e9phants dans un sanctuaire respectueux et certifi\u00e9 5 \u00e9toiles. Apprenez \u00e0 mieux les conna\u00eetre, nourrissez-les, puis profitez d\u2019un moment de complicit\u00e9 en les douchant dans leur habitat naturel. Id\u00e9al pour les familles ou les voyageurs press\u00e9s.\" \/>\n<meta property=\"og:url\" content=\"https:\/\/lunayatravel.com\/en\/product\/\ud83d\udc18-elephant-jungle-sanctuary-alimentation-douche\/\" \/>\n<meta property=\"article:publisher\" content=\"https:\/\/www.facebook.com\/lunayaTravel\/\" \/>\n<meta property=\"og:image\" content=\"https:\/\/lunayatravel.com\/wp-content\/uploads\/2025\/07\/EJS_Phuket_Feeding_and_Shower1.webp\" \/>\n\t<meta property=\"og:image:width\" content=\"720\" \/>\n\t<meta property=\"og:image:height\" content=\"540\" \/>\n\t<meta property=\"og:image:type\" content=\"image\/webp\" \/>\n<meta name=\"twitter:card\" content=\"summary_large_image\" \/>\n<meta name=\"twitter:label1\" content=\"Estimated reading time\" \/>\n\t<meta name=\"twitter:data1\" content=\"1 minute\" \/>\n<script type=\"application\/ld+json\" class=\"yoast-schema-graph\">{\"@context\":\"https:\/\/schema.org\",\"@graph\":[{\"@type\":\"WebPage\",\"@id\":\"https:\/\/lunayatravel.com\/produit\/%f0%9f%90%98-elephant-jungle-sanctuary-alimentation-douche\/\",\"url\":\"https:\/\/lunayatravel.com\/produit\/%f0%9f%90%98-elephant-jungle-sanctuary-alimentation-douche\/\",\"name\":\"\ud83d\udc18 Elephant Jungle Sanctuary \u2013 Alimentation & Douche -\",\"isPartOf\":{\"@id\":\"https:\/\/lunayatravel.com\/#website\"},\"primaryImageOfPage\":{\"@id\":\"https:\/\/lunayatravel.com\/produit\/%f0%9f%90%98-elephant-jungle-sanctuary-alimentation-douche\/#primaryimage\"},\"image\":{\"@id\":\"https:\/\/lunayatravel.com\/produit\/%f0%9f%90%98-elephant-jungle-sanctuary-alimentation-douche\/#primaryimage\"},\"thumbnailUrl\":\"https:\/\/lunayatravel.com\/wp-content\/uploads\/2025\/07\/EJS_Phuket_Feeding_and_Shower1.webp\",\"datePublished\":\"2025-07-28T11:21:04+00:00\",\"breadcrumb\":{\"@id\":\"https:\/\/lunayatravel.com\/produit\/%f0%9f%90%98-elephant-jungle-sanctuary-alimentation-douche\/#breadcrumb\"},\"inLanguage\":\"en-GB\",\"potentialAction\":[{\"@type\":\"ReadAction\",\"target\":[\"https:\/\/lunayatravel.com\/produit\/%f0%9f%90%98-elephant-jungle-sanctuary-alimentation-douche\/\"]}]},{\"@type\":\"ImageObject\",\"inLanguage\":\"en-GB\",\"@id\":\"https:\/\/lunayatravel.com\/produit\/%f0%9f%90%98-elephant-jungle-sanctuary-alimentation-douche\/#primaryimage\",\"url\":\"https:\/\/lunayatravel.com\/wp-content\/uploads\/2025\/07\/EJS_Phuket_Feeding_and_Shower1.webp\",\"contentUrl\":\"https:\/\/lunayatravel.com\/wp-content\/uploads\/2025\/07\/EJS_Phuket_Feeding_and_Shower1.webp\",\"width\":720,\"height\":540},{\"@type\":\"BreadcrumbList\",\"@id\":\"https:\/\/lunayatravel.com\/produit\/%f0%9f%90%98-elephant-jungle-sanctuary-alimentation-douche\/#breadcrumb\",\"itemListElement\":[{\"@type\":\"ListItem\",\"position\":1,\"name\":\"Accueil\",\"item\":\"https:\/\/lunayatravel.com\/\"},{\"@type\":\"ListItem\",\"position\":2,\"name\":\"Nos activit\u00e9s\",\"item\":\"https:\/\/lunayatravel.com\/nos-activites\/\"},{\"@type\":\"ListItem\",\"position\":3,\"name\":\"\ud83d\udc18 Elephant Jungle Sanctuary \u2013 Alimentation &#038; Douche\"}]},{\"@type\":\"WebSite\",\"@id\":\"https:\/\/lunayatravel.com\/#website\",\"url\":\"https:\/\/lunayatravel.com\/\",\"name\":\"\",\"description\":\"\",\"publisher\":{\"@id\":\"https:\/\/lunayatravel.com\/#organization\"},\"potentialAction\":[{\"@type\":\"SearchAction\",\"target\":{\"@type\":\"EntryPoint\",\"urlTemplate\":\"https:\/\/lunayatravel.com\/?s={search_term_string}\"},\"query-input\":{\"@type\":\"PropertyValueSpecification\",\"valueRequired\":true,\"valueName\":\"search_term_string\"}}],\"inLanguage\":\"en-GB\"},{\"@type\":\"Organization\",\"@id\":\"https:\/\/lunayatravel.com\/#organization\",\"name\":\"Lunaya travel\",\"alternateName\":\"Lunaya travel\",\"url\":\"https:\/\/lunayatravel.com\/\",\"logo\":{\"@type\":\"ImageObject\",\"inLanguage\":\"en-GB\",\"@id\":\"https:\/\/lunayatravel.com\/#\/schema\/logo\/image\/\",\"url\":\"https:\/\/lunayatravel.com\/wp-content\/uploads\/2026\/03\/cropped-647319118_2379115739204013_337015058165053143_n.jpg\",\"contentUrl\":\"https:\/\/lunayatravel.com\/wp-content\/uploads\/2026\/03\/cropped-647319118_2379115739204013_337015058165053143_n.jpg\",\"width\":1022,\"height\":1023,\"caption\":\"Lunaya travel\"},\"image\":{\"@id\":\"https:\/\/lunayatravel.com\/#\/schema\/logo\/image\/\"},\"sameAs\":[\"https:\/\/www.facebook.com\/lunayaTravel\/\"]}]}<\/script>\n<!-- \/ Yoast SEO plugin. -->","yoast_head_json":{"title":"\ud83d\udc18 Elephant Jungle Sanctuary \u2013 Alimentation & Douche -","robots":{"index":"index","follow":"follow","max-snippet":"max-snippet:-1","max-image-preview":"max-image-preview:large","max-video-preview":"max-video-preview:-1"},"canonical":"https:\/\/lunayatravel.com\/en\/product\/\ud83d\udc18-elephant-jungle-sanctuary-alimentation-douche\/","og_locale":"en_GB","og_type":"article","og_title":"\ud83d\udc18 Elephant Jungle Sanctuary \u2013 Alimentation & Douche -","og_description":"\u2728 Une rencontre unique avec les \u00e9l\u00e9phants de Phuket Participez \u00e0 une exp\u00e9rience courte mais intense avec les \u00e9l\u00e9phants dans un sanctuaire respectueux et certifi\u00e9 5 \u00e9toiles. Apprenez \u00e0 mieux les conna\u00eetre, nourrissez-les, puis profitez d\u2019un moment de complicit\u00e9 en les douchant dans leur habitat naturel. Id\u00e9al pour les familles ou les voyageurs press\u00e9s.","og_url":"https:\/\/lunayatravel.com\/en\/product\/\ud83d\udc18-elephant-jungle-sanctuary-alimentation-douche\/","article_publisher":"https:\/\/www.facebook.com\/lunayaTravel\/","og_image":[{"width":720,"height":540,"url":"https:\/\/lunayatravel.com\/wp-content\/uploads\/2025\/07\/EJS_Phuket_Feeding_and_Shower1.webp","type":"image\/webp"}],"twitter_card":"summary_large_image","twitter_misc":{"Estimated reading time":"1 minute"},"schema":{"@context":"https:\/\/schema.org","@graph":[{"@type":"WebPage","@id":"https:\/\/lunayatravel.com\/produit\/%f0%9f%90%98-elephant-jungle-sanctuary-alimentation-douche\/","url":"https:\/\/lunayatravel.com\/produit\/%f0%9f%90%98-elephant-jungle-sanctuary-alimentation-douche\/","name":"\ud83d\udc18 Elephant Jungle Sanctuary \u2013 Alimentation & Douche -","isPartOf":{"@id":"https:\/\/lunayatravel.com\/#website"},"primaryImageOfPage":{"@id":"https:\/\/lunayatravel.com\/produit\/%f0%9f%90%98-elephant-jungle-sanctuary-alimentation-douche\/#primaryimage"},"image":{"@id":"https:\/\/lunayatravel.com\/produit\/%f0%9f%90%98-elephant-jungle-sanctuary-alimentation-douche\/#primaryimage"},"thumbnailUrl":"https:\/\/lunayatravel.com\/wp-content\/uploads\/2025\/07\/EJS_Phuket_Feeding_and_Shower1.webp","datePublished":"2025-07-28T11:21:04+00:00","breadcrumb":{"@id":"https:\/\/lunayatravel.com\/produit\/%f0%9f%90%98-elephant-jungle-sanctuary-alimentation-douche\/#breadcrumb"},"inLanguage":"en-GB","potentialAction":[{"@type":"ReadAction","target":["https:\/\/lunayatravel.com\/produit\/%f0%9f%90%98-elephant-jungle-sanctuary-alimentation-douche\/"]}]},{"@type":"ImageObject","inLanguage":"en-GB","@id":"https:\/\/lunayatravel.com\/produit\/%f0%9f%90%98-elephant-jungle-sanctuary-alimentation-douche\/#primaryimage","url":"https:\/\/lunayatravel.com\/wp-content\/uploads\/2025\/07\/EJS_Phuket_Feeding_and_Shower1.webp","contentUrl":"https:\/\/lunayatravel.com\/wp-content\/uploads\/2025\/07\/EJS_Phuket_Feeding_and_Shower1.webp","width":720,"height":540},{"@type":"BreadcrumbList","@id":"https:\/\/lunayatravel.com\/produit\/%f0%9f%90%98-elephant-jungle-sanctuary-alimentation-douche\/#breadcrumb","itemListElement":[{"@type":"ListItem","position":1,"name":"Accueil","item":"https:\/\/lunayatravel.com\/"},{"@type":"ListItem","position":2,"name":"Nos activit\u00e9s","item":"https:\/\/lunayatravel.com\/nos-activites\/"},{"@type":"ListItem","position":3,"name":"\ud83d\udc18 Elephant Jungle Sanctuary \u2013 Alimentation &#038; Douche"}]},{"@type":"WebSite","@id":"https:\/\/lunayatravel.com\/#website","url":"https:\/\/lunayatravel.com\/","name":"","description":"","publisher":{"@id":"https:\/\/lunayatravel.com\/#organization"},"potentialAction":[{"@type":"SearchAction","target":{"@type":"EntryPoint","urlTemplate":"https:\/\/lunayatravel.com\/?s={search_term_string}"},"query-input":{"@type":"PropertyValueSpecification","valueRequired":true,"valueName":"search_term_string"}}],"inLanguage":"en-GB"},{"@type":"Organization","@id":"https:\/\/lunayatravel.com\/#organization","name":"Lunaya travel","alternateName":"Lunaya travel","url":"https:\/\/lunayatravel.com\/","logo":{"@type":"ImageObject","inLanguage":"en-GB","@id":"https:\/\/lunayatravel.com\/#\/schema\/logo\/image\/","url":"https:\/\/lunayatravel.com\/wp-content\/uploads\/2026\/03\/cropped-647319118_2379115739204013_337015058165053143_n.jpg","contentUrl":"https:\/\/lunayatravel.com\/wp-content\/uploads\/2026\/03\/cropped-647319118_2379115739204013_337015058165053143_n.jpg","width":1022,"height":1023,"caption":"Lunaya travel"},"image":{"@id":"https:\/\/lunayatravel.com\/#\/schema\/logo\/image\/"},"sameAs":["https:\/\/www.facebook.com\/lunayaTravel\/"]}]}},"uagb_featured_image_src":{"full":["https:\/\/lunayatravel.com\/wp-content\/uploads\/2025\/07\/EJS_Phuket_Feeding_and_Shower1.webp",720,540,false],"thumbnail":["https:\/\/lunayatravel.com\/wp-content\/uploads\/2025\/07\/EJS_Phuket_Feeding_and_Shower1-150x150.webp",150,150,true],"medium":["https:\/\/lunayatravel.com\/wp-content\/uploads\/2025\/07\/EJS_Phuket_Feeding_and_Shower1-300x225.webp",300,225,true],"medium_large":["https:\/\/lunayatravel.com\/wp-content\/uploads\/2025\/07\/EJS_Phuket_Feeding_and_Shower1.webp",720,540,false],"large":["https:\/\/lunayatravel.com\/wp-content\/uploads\/2025\/07\/EJS_Phuket_Feeding_and_Shower1.webp",720,540,false],"1536x1536":["https:\/\/lunayatravel.com\/wp-content\/uploads\/2025\/07\/EJS_Phuket_Feeding_and_Shower1.webp",720,540,false],"2048x2048":["https:\/\/lunayatravel.com\/wp-content\/uploads\/2025\/07\/EJS_Phuket_Feeding_and_Shower1.webp",720,540,false],"trp-custom-language-flag":["https:\/\/lunayatravel.com\/wp-content\/uploads\/2025\/07\/EJS_Phuket_Feeding_and_Shower1.webp",16,12,false],"widget-thumbnail":["https:\/\/lunayatravel.com\/wp-content\/uploads\/2025\/07\/EJS_Phuket_Feeding_and_Shower1-75x75.webp",75,75,true],"mailpoet_newsletter_max":["https:\/\/lunayatravel.com\/wp-content\/uploads\/2025\/07\/EJS_Phuket_Feeding_and_Shower1.webp",720,540,false],"woocommerce_thumbnail":["https:\/\/lunayatravel.com\/wp-content\/uploads\/2025\/07\/EJS_Phuket_Feeding_and_Shower1-300x300.webp",300,300,true],"woocommerce_single":["https:\/\/lunayatravel.com\/wp-content\/uploads\/2025\/07\/EJS_Phuket_Feeding_and_Shower1-600x450.webp",600,450,true],"woocommerce_gallery_thumbnail":["https:\/\/lunayatravel.com\/wp-content\/uploads\/2025\/07\/EJS_Phuket_Feeding_and_Shower1-100x100.webp",100,100,true],"sow-carousel-default":["https:\/\/lunayatravel.com\/wp-content\/uploads\/2025\/07\/EJS_Phuket_Feeding_and_Shower1-272x182.webp",272,182,true]},"uagb_author_info":{"display_name":"haemers stephanie","author_link":"https:\/\/lunayatravel.com\/en\/author\/"},"uagb_comment_info":0,"uagb_excerpt":"\u2728 Une rencontre unique avec les \u00e9l\u00e9phants de Phuket Participez \u00e0 une exp\u00e9rience courte mais intense avec les \u00e9l\u00e9phants dans un sanctuaire respectueux et certifi\u00e9 5 \u00e9toiles. Apprenez \u00e0 mieux les conna\u00eetre, nourrissez-les, puis profitez d\u2019un moment de complicit\u00e9 en les douchant dans leur habitat naturel. Id\u00e9al pour les familles ou les voyageurs press\u00e9s.","jetpack_sharing_enabled":true,"_links":{"self":[{"href":"https:\/\/lunayatravel.com\/en\/wp-json\/wp\/v2\/product\/30210","targetHints":{"allow":["GET"]}}],"collection":[{"href":"https:\/\/lunayatravel.com\/en\/wp-json\/wp\/v2\/product"}],"about":[{"href":"https:\/\/lunayatravel.com\/en\/wp-json\/wp\/v2\/types\/product"}],"replies":[{"embeddable":true,"href":"https:\/\/lunayatravel.com\/en\/wp-json\/wp\/v2\/comments?post=30210"}],"wp:featuredmedia":[{"embeddable":true,"href":"https:\/\/lunayatravel.com\/en\/wp-json\/wp\/v2\/media\/30212"}],"wp:attachment":[{"href":"https:\/\/lunayatravel.com\/en\/wp-json\/wp\/v2\/media?parent=30210"}],"wp:term":[{"taxonomy":"product_brand","embeddable":true,"href":"https:\/\/lunayatravel.com\/en\/wp-json\/wp\/v2\/product_brand?post=30210"},{"taxonomy":"product_cat","embeddable":true,"href":"https:\/\/lunayatravel.com\/en\/wp-json\/wp\/v2\/product_cat?post=30210"},{"taxonomy":"product_tag","embeddable":true,"href":"https:\/\/lunayatravel.com\/en\/wp-json\/wp\/v2\/product_tag?post=30210"}],"curies":[{"name":"wp","href":"https:\/\/api.w.org\/{rel}","templated":true}]}}