{"id":30205,"date":"2025-07-28T13:14:30","date_gmt":"2025-07-28T11:14:30","guid":{"rendered":"https:\/\/itctoursvoyages.com\/?post_type=product&#038;p=30205"},"modified":"2025-07-28T13:14:30","modified_gmt":"2025-07-28T11:14:30","slug":"%f0%9f%8e%ad-siam-niramit-phuket","status":"publish","type":"product","link":"https:\/\/lunayatravel.com\/en\/product\/%f0%9f%8e%ad-siam-niramit-phuket\/","title":{"rendered":"\ud83c\udfad Siam Niramit - Phuket"},"content":{"rendered":"<h3 data-start=\"734\" data-end=\"757\">\ud83c\udf89 <strong data-start=\"741\" data-end=\"757\">Highlights<\/strong><\/h3>\n<ul data-start=\"759\" data-end=\"1119\">\n<li data-start=\"759\" data-end=\"823\">\n<p data-start=\"761\" data-end=\"823\">A world-class show with a grandiose staging<\/p>\n<\/li>\n<li data-start=\"824\" data-end=\"889\">\n<p data-start=\"826\" data-end=\"889\">700 years of history, culture and mythology in 80 minutes<\/p>\n<\/li>\n<li data-start=\"890\" data-end=\"973\">\n<p data-start=\"892\" data-end=\"973\">Cultural activities before the show: dances, pedalos, photos, crafts...<\/p>\n<\/li>\n<li data-start=\"974\" data-end=\"1055\">\n<p data-start=\"976\" data-end=\"1055\">Optional buffet dinner (Thai + international, halal and vegetarian options)<\/p>\n<\/li>\n<li data-start=\"1056\" data-end=\"1119\">\n<p data-start=\"1058\" data-end=\"1119\">Optional transfer from your hotel in the defined area<\/p>\n<\/li>\n<\/ul>\n<hr data-start=\"1121\" data-end=\"1124\" \/>\n<h3 data-start=\"1126\" data-end=\"1163\">\ud83d\udd53 <strong data-start=\"1133\" data-end=\"1163\">Opening times and practical information<\/strong><\/h3>\n<ul data-start=\"1165\" data-end=\"1525\">\n<li data-start=\"1165\" data-end=\"1210\">\n<p data-start=\"1167\" data-end=\"1210\">\u23f0 <strong data-start=\"1169\" data-end=\"1208\">Open every day except Tuesday<\/strong><\/p>\n<\/li>\n<li data-start=\"1211\" data-end=\"1256\">\n<p data-start=\"1213\" data-end=\"1256\">\ud83d\udd52 <strong data-start=\"1216\" data-end=\"1238\">Show time<\/strong> 8.30pm - 9.50pm<\/p>\n<\/li>\n<li data-start=\"1257\" data-end=\"1308\">\n<p data-start=\"1259\" data-end=\"1308\">\ud83c\udf1f <strong data-start=\"1262\" data-end=\"1290\">Pre-show entertainment<\/strong> 7.20pm - 8.05pm<\/p>\n<\/li>\n<li data-start=\"1309\" data-end=\"1379\">\n<p data-start=\"1311\" data-end=\"1379\">\ud83c\udf7d\ufe0f <strong data-start=\"1315\" data-end=\"1335\">Optional buffet<\/strong> 6pm - 8.30pm (last service at 8pm)<\/p>\n<\/li>\n<li data-start=\"1380\" data-end=\"1453\">\n<p data-start=\"1382\" data-end=\"1453\">\ud83d\udccd <strong data-start=\"1385\" data-end=\"1396\">Address<\/strong> Siam Niramit, 55\/81 Moo 5, Rassada Rd, Muang, Phuket<\/p>\n<\/li>\n<li data-start=\"1454\" data-end=\"1525\">\n<p data-start=\"1456\" data-end=\"1525\">\ud83d\udcf8 <em data-start=\"1459\" data-end=\"1493\">Seating plan for open seating<\/em> (First come, first served)<\/p>\n<\/li>\n<\/ul>\n<hr data-start=\"1527\" data-end=\"1530\" \/>\n<h3 data-start=\"1532\" data-end=\"1557\">\ud83d\udc67 <strong data-start=\"1539\" data-end=\"1557\">Children's rates<\/strong><\/h3>\n<ul data-start=\"1559\" data-end=\"1677\">\n<li data-start=\"1559\" data-end=\"1600\">\n<p data-start=\"1561\" data-end=\"1600\">Children <strong data-start=\"1569\" data-end=\"1583\">100-140 cm<\/strong> child rate<\/p>\n<\/li>\n<li data-start=\"1601\" data-end=\"1677\">\n<p data-start=\"1603\" data-end=\"1677\">Less than <strong data-start=\"1612\" data-end=\"1622\">100 cm<\/strong> free entry if you share a seat with an adult<\/p>\n<\/li>\n<\/ul>\n<hr data-start=\"1679\" data-end=\"1682\" \/>\n<h3 data-start=\"1684\" data-end=\"1717\">\ud83c\udf9f\ufe0f <strong data-start=\"1692\" data-end=\"1717\">Using the ticket<\/strong><\/h3>\n<ul data-start=\"1719\" data-end=\"1899\">\n<li data-start=\"1719\" data-end=\"1772\">\n<p data-start=\"1721\" data-end=\"1772\">Present your confirmation e-mail at the counter<\/p>\n<\/li>\n<li data-start=\"1773\" data-end=\"1825\">\n<p data-start=\"1775\" data-end=\"1825\">Ticket valid only on the selected date<\/p>\n<\/li>\n<li data-start=\"1826\" data-end=\"1899\">\n<p data-start=\"1828\" data-end=\"1899\">\n<\/li>\n<\/ul>","protected":false},"excerpt":{"rendered":"<h3 data-start=\"266\" data-end=\"337\">\u2728 <strong data-start=\"272\" data-end=\"335\">An unforgettable show celebrating 700 years of Thai culture<\/strong><\/h3>\n<p data-start=\"338\" data-end=\"654\">Immerse yourself in a spectacular journey through the history, legends and beliefs of Thailand. With over 100 artists in sumptuous costumes and breathtaking visual effects, <strong data-start=\"535\" data-end=\"551\">Siam Niramit<\/strong> is one of the biggest stage shows in Asia. Not to be missed during your stay in Phuket!<\/p>","protected":false},"featured_media":30209,"comment_status":"open","ping_status":"closed","template":"","meta":{"_uag_custom_page_level_css":""},"product_brand":[],"product_cat":[67],"product_tag":[],"class_list":{"0":"post-30205","1":"product","2":"type-product","3":"status-publish","4":"has-post-thumbnail","6":"product_cat-phuket","8":"first","9":"instock","10":"virtual","11":"taxable","12":"purchasable","13":"product-type-simple"},"yoast_head":"<!-- This site is optimized with the Yoast SEO plugin v27.1.1 - https:\/\/yoast.com\/product\/yoast-seo-wordpress\/ -->\n<title>\ud83c\udfad Siam Niramit \u2013 Phuket -<\/title>\n<meta name=\"robots\" content=\"index, follow, max-snippet:-1, max-image-preview:large, max-video-preview:-1\" \/>\n<link rel=\"canonical\" href=\"https:\/\/lunayatravel.com\/en\/product\/\ud83c\udfad-siam-niramit-phuket\/\" \/>\n<meta property=\"og:locale\" content=\"en_GB\" \/>\n<meta property=\"og:type\" content=\"article\" \/>\n<meta property=\"og:title\" content=\"\ud83c\udfad Siam Niramit \u2013 Phuket -\" \/>\n<meta property=\"og:description\" content=\"\u2728 Un spectacle inoubliable c\u00e9l\u00e9brant 700 ans de culture tha\u00efe Plongez dans un voyage spectaculaire \u00e0 travers l\u2019histoire, les l\u00e9gendes et les croyances de la Tha\u00eflande. Avec plus de 100 artistes en costumes somptueux et des effets visuels \u00e0 couper le souffle, Siam Niramit est l\u2019un des plus grands spectacles sc\u00e9niques d\u2019Asie. \u00c0 ne pas manquer lors de votre s\u00e9jour \u00e0 Phuket !\" \/>\n<meta property=\"og:url\" content=\"https:\/\/lunayatravel.com\/en\/product\/\ud83c\udfad-siam-niramit-phuket\/\" \/>\n<meta property=\"article:publisher\" content=\"https:\/\/www.facebook.com\/lunayaTravel\/\" \/>\n<meta property=\"og:image\" content=\"https:\/\/lunayatravel.com\/wp-content\/uploads\/2025\/07\/01z.webp\" \/>\n\t<meta property=\"og:image:width\" content=\"720\" \/>\n\t<meta property=\"og:image:height\" content=\"540\" \/>\n\t<meta property=\"og:image:type\" content=\"image\/webp\" \/>\n<meta name=\"twitter:card\" content=\"summary_large_image\" \/>\n<meta name=\"twitter:label1\" content=\"Estimated reading time\" \/>\n\t<meta name=\"twitter:data1\" content=\"1 minute\" \/>\n<script type=\"application\/ld+json\" class=\"yoast-schema-graph\">{\"@context\":\"https:\/\/schema.org\",\"@graph\":[{\"@type\":\"WebPage\",\"@id\":\"https:\/\/lunayatravel.com\/produit\/%f0%9f%8e%ad-siam-niramit-phuket\/\",\"url\":\"https:\/\/lunayatravel.com\/produit\/%f0%9f%8e%ad-siam-niramit-phuket\/\",\"name\":\"\ud83c\udfad Siam Niramit \u2013 Phuket -\",\"isPartOf\":{\"@id\":\"https:\/\/lunayatravel.com\/#website\"},\"primaryImageOfPage\":{\"@id\":\"https:\/\/lunayatravel.com\/produit\/%f0%9f%8e%ad-siam-niramit-phuket\/#primaryimage\"},\"image\":{\"@id\":\"https:\/\/lunayatravel.com\/produit\/%f0%9f%8e%ad-siam-niramit-phuket\/#primaryimage\"},\"thumbnailUrl\":\"https:\/\/lunayatravel.com\/wp-content\/uploads\/2025\/07\/01z.webp\",\"datePublished\":\"2025-07-28T11:14:30+00:00\",\"breadcrumb\":{\"@id\":\"https:\/\/lunayatravel.com\/produit\/%f0%9f%8e%ad-siam-niramit-phuket\/#breadcrumb\"},\"inLanguage\":\"en-GB\",\"potentialAction\":[{\"@type\":\"ReadAction\",\"target\":[\"https:\/\/lunayatravel.com\/produit\/%f0%9f%8e%ad-siam-niramit-phuket\/\"]}]},{\"@type\":\"ImageObject\",\"inLanguage\":\"en-GB\",\"@id\":\"https:\/\/lunayatravel.com\/produit\/%f0%9f%8e%ad-siam-niramit-phuket\/#primaryimage\",\"url\":\"https:\/\/lunayatravel.com\/wp-content\/uploads\/2025\/07\/01z.webp\",\"contentUrl\":\"https:\/\/lunayatravel.com\/wp-content\/uploads\/2025\/07\/01z.webp\",\"width\":720,\"height\":540},{\"@type\":\"BreadcrumbList\",\"@id\":\"https:\/\/lunayatravel.com\/produit\/%f0%9f%8e%ad-siam-niramit-phuket\/#breadcrumb\",\"itemListElement\":[{\"@type\":\"ListItem\",\"position\":1,\"name\":\"Accueil\",\"item\":\"https:\/\/lunayatravel.com\/\"},{\"@type\":\"ListItem\",\"position\":2,\"name\":\"Nos activit\u00e9s\",\"item\":\"https:\/\/lunayatravel.com\/nos-activites\/\"},{\"@type\":\"ListItem\",\"position\":3,\"name\":\"\ud83c\udfad Siam Niramit \u2013 Phuket\"}]},{\"@type\":\"WebSite\",\"@id\":\"https:\/\/lunayatravel.com\/#website\",\"url\":\"https:\/\/lunayatravel.com\/\",\"name\":\"\",\"description\":\"\",\"publisher\":{\"@id\":\"https:\/\/lunayatravel.com\/#organization\"},\"potentialAction\":[{\"@type\":\"SearchAction\",\"target\":{\"@type\":\"EntryPoint\",\"urlTemplate\":\"https:\/\/lunayatravel.com\/?s={search_term_string}\"},\"query-input\":{\"@type\":\"PropertyValueSpecification\",\"valueRequired\":true,\"valueName\":\"search_term_string\"}}],\"inLanguage\":\"en-GB\"},{\"@type\":\"Organization\",\"@id\":\"https:\/\/lunayatravel.com\/#organization\",\"name\":\"Lunaya travel\",\"alternateName\":\"Lunaya travel\",\"url\":\"https:\/\/lunayatravel.com\/\",\"logo\":{\"@type\":\"ImageObject\",\"inLanguage\":\"en-GB\",\"@id\":\"https:\/\/lunayatravel.com\/#\/schema\/logo\/image\/\",\"url\":\"https:\/\/lunayatravel.com\/wp-content\/uploads\/2026\/03\/cropped-647319118_2379115739204013_337015058165053143_n.jpg\",\"contentUrl\":\"https:\/\/lunayatravel.com\/wp-content\/uploads\/2026\/03\/cropped-647319118_2379115739204013_337015058165053143_n.jpg\",\"width\":1022,\"height\":1023,\"caption\":\"Lunaya travel\"},\"image\":{\"@id\":\"https:\/\/lunayatravel.com\/#\/schema\/logo\/image\/\"},\"sameAs\":[\"https:\/\/www.facebook.com\/lunayaTravel\/\"]}]}<\/script>\n<!-- \/ Yoast SEO plugin. -->","yoast_head_json":{"title":"\ud83c\udfad Siam Niramit \u2013 Phuket -","robots":{"index":"index","follow":"follow","max-snippet":"max-snippet:-1","max-image-preview":"max-image-preview:large","max-video-preview":"max-video-preview:-1"},"canonical":"https:\/\/lunayatravel.com\/en\/product\/\ud83c\udfad-siam-niramit-phuket\/","og_locale":"en_GB","og_type":"article","og_title":"\ud83c\udfad Siam Niramit \u2013 Phuket -","og_description":"\u2728 Un spectacle inoubliable c\u00e9l\u00e9brant 700 ans de culture tha\u00efe Plongez dans un voyage spectaculaire \u00e0 travers l\u2019histoire, les l\u00e9gendes et les croyances de la Tha\u00eflande. Avec plus de 100 artistes en costumes somptueux et des effets visuels \u00e0 couper le souffle, Siam Niramit est l\u2019un des plus grands spectacles sc\u00e9niques d\u2019Asie. \u00c0 ne pas manquer lors de votre s\u00e9jour \u00e0 Phuket !","og_url":"https:\/\/lunayatravel.com\/en\/product\/\ud83c\udfad-siam-niramit-phuket\/","article_publisher":"https:\/\/www.facebook.com\/lunayaTravel\/","og_image":[{"width":720,"height":540,"url":"https:\/\/lunayatravel.com\/wp-content\/uploads\/2025\/07\/01z.webp","type":"image\/webp"}],"twitter_card":"summary_large_image","twitter_misc":{"Estimated reading time":"1 minute"},"schema":{"@context":"https:\/\/schema.org","@graph":[{"@type":"WebPage","@id":"https:\/\/lunayatravel.com\/produit\/%f0%9f%8e%ad-siam-niramit-phuket\/","url":"https:\/\/lunayatravel.com\/produit\/%f0%9f%8e%ad-siam-niramit-phuket\/","name":"\ud83c\udfad Siam Niramit \u2013 Phuket -","isPartOf":{"@id":"https:\/\/lunayatravel.com\/#website"},"primaryImageOfPage":{"@id":"https:\/\/lunayatravel.com\/produit\/%f0%9f%8e%ad-siam-niramit-phuket\/#primaryimage"},"image":{"@id":"https:\/\/lunayatravel.com\/produit\/%f0%9f%8e%ad-siam-niramit-phuket\/#primaryimage"},"thumbnailUrl":"https:\/\/lunayatravel.com\/wp-content\/uploads\/2025\/07\/01z.webp","datePublished":"2025-07-28T11:14:30+00:00","breadcrumb":{"@id":"https:\/\/lunayatravel.com\/produit\/%f0%9f%8e%ad-siam-niramit-phuket\/#breadcrumb"},"inLanguage":"en-GB","potentialAction":[{"@type":"ReadAction","target":["https:\/\/lunayatravel.com\/produit\/%f0%9f%8e%ad-siam-niramit-phuket\/"]}]},{"@type":"ImageObject","inLanguage":"en-GB","@id":"https:\/\/lunayatravel.com\/produit\/%f0%9f%8e%ad-siam-niramit-phuket\/#primaryimage","url":"https:\/\/lunayatravel.com\/wp-content\/uploads\/2025\/07\/01z.webp","contentUrl":"https:\/\/lunayatravel.com\/wp-content\/uploads\/2025\/07\/01z.webp","width":720,"height":540},{"@type":"BreadcrumbList","@id":"https:\/\/lunayatravel.com\/produit\/%f0%9f%8e%ad-siam-niramit-phuket\/#breadcrumb","itemListElement":[{"@type":"ListItem","position":1,"name":"Accueil","item":"https:\/\/lunayatravel.com\/"},{"@type":"ListItem","position":2,"name":"Nos activit\u00e9s","item":"https:\/\/lunayatravel.com\/nos-activites\/"},{"@type":"ListItem","position":3,"name":"\ud83c\udfad Siam Niramit \u2013 Phuket"}]},{"@type":"WebSite","@id":"https:\/\/lunayatravel.com\/#website","url":"https:\/\/lunayatravel.com\/","name":"","description":"","publisher":{"@id":"https:\/\/lunayatravel.com\/#organization"},"potentialAction":[{"@type":"SearchAction","target":{"@type":"EntryPoint","urlTemplate":"https:\/\/lunayatravel.com\/?s={search_term_string}"},"query-input":{"@type":"PropertyValueSpecification","valueRequired":true,"valueName":"search_term_string"}}],"inLanguage":"en-GB"},{"@type":"Organization","@id":"https:\/\/lunayatravel.com\/#organization","name":"Lunaya travel","alternateName":"Lunaya travel","url":"https:\/\/lunayatravel.com\/","logo":{"@type":"ImageObject","inLanguage":"en-GB","@id":"https:\/\/lunayatravel.com\/#\/schema\/logo\/image\/","url":"https:\/\/lunayatravel.com\/wp-content\/uploads\/2026\/03\/cropped-647319118_2379115739204013_337015058165053143_n.jpg","contentUrl":"https:\/\/lunayatravel.com\/wp-content\/uploads\/2026\/03\/cropped-647319118_2379115739204013_337015058165053143_n.jpg","width":1022,"height":1023,"caption":"Lunaya travel"},"image":{"@id":"https:\/\/lunayatravel.com\/#\/schema\/logo\/image\/"},"sameAs":["https:\/\/www.facebook.com\/lunayaTravel\/"]}]}},"uagb_featured_image_src":{"full":["https:\/\/lunayatravel.com\/wp-content\/uploads\/2025\/07\/01z.webp",720,540,false],"thumbnail":["https:\/\/lunayatravel.com\/wp-content\/uploads\/2025\/07\/01z-150x150.webp",150,150,true],"medium":["https:\/\/lunayatravel.com\/wp-content\/uploads\/2025\/07\/01z-300x225.webp",300,225,true],"medium_large":["https:\/\/lunayatravel.com\/wp-content\/uploads\/2025\/07\/01z.webp",720,540,false],"large":["https:\/\/lunayatravel.com\/wp-content\/uploads\/2025\/07\/01z.webp",720,540,false],"1536x1536":["https:\/\/lunayatravel.com\/wp-content\/uploads\/2025\/07\/01z.webp",720,540,false],"2048x2048":["https:\/\/lunayatravel.com\/wp-content\/uploads\/2025\/07\/01z.webp",720,540,false],"trp-custom-language-flag":["https:\/\/lunayatravel.com\/wp-content\/uploads\/2025\/07\/01z.webp",16,12,false],"widget-thumbnail":["https:\/\/lunayatravel.com\/wp-content\/uploads\/2025\/07\/01z-75x75.webp",75,75,true],"mailpoet_newsletter_max":["https:\/\/lunayatravel.com\/wp-content\/uploads\/2025\/07\/01z.webp",720,540,false],"woocommerce_thumbnail":["https:\/\/lunayatravel.com\/wp-content\/uploads\/2025\/07\/01z-300x300.webp",300,300,true],"woocommerce_single":["https:\/\/lunayatravel.com\/wp-content\/uploads\/2025\/07\/01z-600x450.webp",600,450,true],"woocommerce_gallery_thumbnail":["https:\/\/lunayatravel.com\/wp-content\/uploads\/2025\/07\/01z-100x100.webp",100,100,true],"sow-carousel-default":["https:\/\/lunayatravel.com\/wp-content\/uploads\/2025\/07\/01z-272x182.webp",272,182,true]},"uagb_author_info":{"display_name":"haemers stephanie","author_link":"https:\/\/lunayatravel.com\/en\/author\/"},"uagb_comment_info":0,"uagb_excerpt":"\u2728 Un spectacle inoubliable c\u00e9l\u00e9brant 700 ans de culture tha\u00efe Plongez dans un voyage spectaculaire \u00e0 travers l\u2019histoire, les l\u00e9gendes et les croyances de la Tha\u00eflande. Avec plus de 100 artistes en costumes somptueux et des effets visuels \u00e0 couper le souffle, Siam Niramit est l\u2019un des plus grands spectacles sc\u00e9niques d\u2019Asie. \u00c0 ne pas&hellip;","jetpack_sharing_enabled":true,"_links":{"self":[{"href":"https:\/\/lunayatravel.com\/en\/wp-json\/wp\/v2\/product\/30205","targetHints":{"allow":["GET"]}}],"collection":[{"href":"https:\/\/lunayatravel.com\/en\/wp-json\/wp\/v2\/product"}],"about":[{"href":"https:\/\/lunayatravel.com\/en\/wp-json\/wp\/v2\/types\/product"}],"replies":[{"embeddable":true,"href":"https:\/\/lunayatravel.com\/en\/wp-json\/wp\/v2\/comments?post=30205"}],"wp:featuredmedia":[{"embeddable":true,"href":"https:\/\/lunayatravel.com\/en\/wp-json\/wp\/v2\/media\/30209"}],"wp:attachment":[{"href":"https:\/\/lunayatravel.com\/en\/wp-json\/wp\/v2\/media?parent=30205"}],"wp:term":[{"taxonomy":"product_brand","embeddable":true,"href":"https:\/\/lunayatravel.com\/en\/wp-json\/wp\/v2\/product_brand?post=30205"},{"taxonomy":"product_cat","embeddable":true,"href":"https:\/\/lunayatravel.com\/en\/wp-json\/wp\/v2\/product_cat?post=30205"},{"taxonomy":"product_tag","embeddable":true,"href":"https:\/\/lunayatravel.com\/en\/wp-json\/wp\/v2\/product_tag?post=30205"}],"curies":[{"name":"wp","href":"https:\/\/api.w.org\/{rel}","templated":true}]}}