{"id":30200,"date":"2025-07-28T08:31:32","date_gmt":"2025-07-28T06:31:32","guid":{"rendered":"https:\/\/itctoursvoyages.com\/?post_type=product&#038;p=30200"},"modified":"2025-07-28T08:31:32","modified_gmt":"2025-07-28T06:31:32","slug":"%f0%9f%90%98-sanctuaire-de-la-jungle-des-elephants-phuket","status":"publish","type":"product","link":"https:\/\/lunayatravel.com\/en\/product\/%f0%9f%90%98-sanctuaire-de-la-jungle-des-elephants-phuket\/","title":{"rendered":"\ud83d\udc18 Elephant Jungle Sanctuary - Phuket"},"content":{"rendered":"<h3 data-start=\"905\" data-end=\"948\">\ud83d\udcc5 <strong data-start=\"912\" data-end=\"948\">Itinerary (morning or afternoon)<\/strong><\/h3>\n<ul data-start=\"950\" data-end=\"1508\">\n<li data-start=\"950\" data-end=\"1028\">\n<p data-start=\"952\" data-end=\"1028\"><strong data-start=\"952\" data-end=\"985\">06:30 - 07:30 \/ 11:30 - 12:30<\/strong> Pick-up at your hotel in Phuket<\/p>\n<\/li>\n<li data-start=\"1029\" data-end=\"1131\">\n<p data-start=\"1031\" data-end=\"1131\"><strong data-start=\"1031\" data-end=\"1048\">08:00 \/ 13:00<\/strong> Arrival at the sanctuary, welcome drink, presentation and awareness-raising<\/p>\n<\/li>\n<li data-start=\"1132\" data-end=\"1221\">\n<p data-start=\"1134\" data-end=\"1221\"><strong data-start=\"1134\" data-end=\"1151\">09:00 \/ 14:00<\/strong> Preparation of natural supplements, meeting with elephants<\/p>\n<\/li>\n<li data-start=\"1222\" data-end=\"1289\">\n<p data-start=\"1224\" data-end=\"1289\"><strong data-start=\"1224\" data-end=\"1241\">09:30 \/ 14:30<\/strong> Mud baths and swimming with elephants<\/p>\n<\/li>\n<li data-start=\"1290\" data-end=\"1402\">\n<p data-start=\"1292\" data-end=\"1402\"><strong data-start=\"1292\" data-end=\"1309\">10:30 \/ 15:30<\/strong> Traditional Thai lunch (Pad Thai and fresh fruit) + paper-making workshop<\/p>\n<\/li>\n<li data-start=\"1403\" data-end=\"1447\">\n<p data-start=\"1405\" data-end=\"1447\"><strong data-start=\"1405\" data-end=\"1422\">11:00 \/ 16:00<\/strong> Departure from the sanctuary<\/p>\n<\/li>\n<li data-start=\"1448\" data-end=\"1508\">\n<p data-start=\"1450\" data-end=\"1508\"><strong data-start=\"1450\" data-end=\"1483\">12:00 - 12:30 \/ 17:00 - 17:30<\/strong> Return to your hotel<\/p>\n<\/li>\n<\/ul>\n<hr data-start=\"1510\" data-end=\"1513\" \/>\n<h3 data-start=\"1515\" data-end=\"1543\">\u2705 <strong data-start=\"1521\" data-end=\"1543\">The price includes :<\/strong><\/h3>\n<ul data-start=\"1545\" data-end=\"1821\">\n<li data-start=\"1545\" data-end=\"1590\">\n<p data-start=\"1547\" data-end=\"1590\">Return transport from your hotel<\/p>\n<\/li>\n<li data-start=\"1591\" data-end=\"1611\">\n<p data-start=\"1593\" data-end=\"1611\">English-speaking guide<\/p>\n<\/li>\n<li data-start=\"1612\" data-end=\"1641\">\n<p data-start=\"1614\" data-end=\"1641\">Food for elephants<\/p>\n<\/li>\n<li data-start=\"1642\" data-end=\"1709\">\n<p data-start=\"1644\" data-end=\"1709\">Activities: interaction, mud bath, swimming, paper workshop<\/p>\n<\/li>\n<li data-start=\"1710\" data-end=\"1748\">\n<p data-start=\"1712\" data-end=\"1748\">Thai lunch and refreshments<\/p>\n<\/li>\n<li data-start=\"1749\" data-end=\"1807\">\n<p data-start=\"1751\" data-end=\"1807\">Photographer on site + link to pick up your photos<\/p>\n<\/li>\n<li data-start=\"1808\" data-end=\"1821\">\n<p data-start=\"1810\" data-end=\"1821\">Insurance<\/p>\n<\/li>\n<\/ul>\n<hr data-start=\"1823\" data-end=\"1826\" \/>\n<h3 data-start=\"1828\" data-end=\"1851\">\ud83e\uddf3 <strong data-start=\"1835\" data-end=\"1851\">Takeaway:<\/strong><\/h3>\n<ul data-start=\"1853\" data-end=\"1972\">\n<li data-start=\"1853\" data-end=\"1872\">\n<p data-start=\"1855\" data-end=\"1872\">Swimming costumes<\/p>\n<\/li>\n<li data-start=\"1873\" data-end=\"1886\">\n<p data-start=\"1875\" data-end=\"1886\">Towel<\/p>\n<\/li>\n<li data-start=\"1887\" data-end=\"1912\">\n<p data-start=\"1889\" data-end=\"1912\">Spare clothing<\/p>\n<\/li>\n<li data-start=\"1913\" data-end=\"1947\">\n<p data-start=\"1915\" data-end=\"1947\">Sun cream &amp; mosquito repellent<\/p>\n<\/li>\n<li data-start=\"1948\" data-end=\"1972\">\n<p data-start=\"1950\" data-end=\"1972\">Cap or hat<\/p>\n<\/li>\n<\/ul>\n<hr data-start=\"1974\" data-end=\"1977\" \/>\n<h3 data-start=\"1979\" data-end=\"2008\">\ud83d\udc67 <strong data-start=\"1986\" data-end=\"2006\">Children's rates :<\/strong><\/h3>\n<ul data-start=\"2009\" data-end=\"2118\">\n<li data-start=\"2009\" data-end=\"2044\">\n<p data-start=\"2011\" data-end=\"2044\">Free for children under 3<\/p>\n<\/li>\n<li data-start=\"2045\" data-end=\"2080\">\n<p data-start=\"2047\" data-end=\"2080\">Children's rate for ages 3 to 9<\/p>\n<\/li>\n<li data-start=\"2081\" data-end=\"2118\">\n<p data-start=\"2083\" data-end=\"2118\">From age 10: adult rate<\/p>\n<\/li>\n<\/ul>","protected":false},"excerpt":{"rendered":"<h3 data-start=\"294\" data-end=\"376\">\u2728 <strong data-start=\"300\" data-end=\"374\">Meet elephants in their natural habitat, without exploitation.<\/strong><\/h3>\n<p data-start=\"377\" data-end=\"777\">Enjoy an unforgettable experience in the heart of the forest, in one of Phuket's most ethical sanctuaries. No elephant rides, just kindness, respect and genuine interaction. Share a moment of complicity with these gentle giants: feeding, mud bathing, bathing, making paper from natural fibres... A 100 % responsible immersion!<\/p>\n<blockquote data-start=\"779\" data-end=\"898\">\n<p data-start=\"781\" data-end=\"898\">\ud83d\udccd <em data-start=\"784\" data-end=\"841\">Morning or afternoon departures from your hotel in Phuket<\/em><br data-start=\"841\" data-end=\"844\" \/>\u2705 Certified <strong data-start=\"857\" data-end=\"865\">SHA+<\/strong> - Highly rated on TripAdvisor<\/p>\n<\/blockquote>","protected":false},"featured_media":30204,"comment_status":"open","ping_status":"closed","template":"","meta":{"_uag_custom_page_level_css":""},"product_brand":[],"product_cat":[67],"product_tag":[],"class_list":{"0":"post-30200","1":"product","2":"type-product","3":"status-publish","4":"has-post-thumbnail","6":"product_cat-phuket","8":"first","9":"instock","10":"virtual","11":"taxable","12":"purchasable","13":"product-type-simple"},"yoast_head":"<!-- This site is optimized with the Yoast SEO plugin v27.1.1 - https:\/\/yoast.com\/product\/yoast-seo-wordpress\/ -->\n<title>\ud83d\udc18 Sanctuaire de la jungle des \u00e9l\u00e9phants \u2013 Phuket -<\/title>\n<meta name=\"robots\" content=\"index, follow, max-snippet:-1, max-image-preview:large, max-video-preview:-1\" \/>\n<link rel=\"canonical\" href=\"https:\/\/lunayatravel.com\/en\/product\/\ud83d\udc18-sanctuaire-de-la-jungle-des-elephants-phuket\/\" \/>\n<meta property=\"og:locale\" content=\"en_GB\" \/>\n<meta property=\"og:type\" content=\"article\" \/>\n<meta property=\"og:title\" content=\"\ud83d\udc18 Sanctuaire de la jungle des \u00e9l\u00e9phants \u2013 Phuket -\" \/>\n<meta property=\"og:description\" content=\"\u2728 Rencontrez les \u00e9l\u00e9phants dans leur habitat naturel, sans exploitation. Vivez une exp\u00e9rience inoubliable au c\u0153ur de la for\u00eat, dans l\u2019un des sanctuaires les plus \u00e9thiques de Phuket. Pas de balade \u00e0 dos d\u2019\u00e9l\u00e9phant, uniquement de la bienveillance, du respect, et des interactions authentiques. Partagez un moment de complicit\u00e9 avec ces g\u00e9ants doux : nourrissage, bain de boue, baignade, fabrication de papier \u00e0 partir de fibres naturelles... Une immersion 100 % responsable !   \ud83d\udccd D\u00e9parts matin ou apr\u00e8s-midi depuis votre h\u00f4tel \u00e0 Phuket\u2705 Certifi\u00e9 SHA+ \u2013 Tr\u00e8s bien not\u00e9 sur TripAdvisor\" \/>\n<meta property=\"og:url\" content=\"https:\/\/lunayatravel.com\/en\/product\/\ud83d\udc18-sanctuaire-de-la-jungle-des-elephants-phuket\/\" \/>\n<meta property=\"article:publisher\" content=\"https:\/\/www.facebook.com\/lunayaTravel\/\" \/>\n<meta property=\"og:image\" content=\"https:\/\/lunayatravel.com\/wp-content\/uploads\/2025\/07\/NewSHACover3.webp\" \/>\n\t<meta property=\"og:image:width\" content=\"720\" \/>\n\t<meta property=\"og:image:height\" content=\"540\" \/>\n\t<meta property=\"og:image:type\" content=\"image\/webp\" \/>\n<meta name=\"twitter:card\" content=\"summary_large_image\" \/>\n<meta name=\"twitter:label1\" content=\"Estimated reading time\" \/>\n\t<meta name=\"twitter:data1\" content=\"1 minute\" \/>\n<script type=\"application\/ld+json\" class=\"yoast-schema-graph\">{\"@context\":\"https:\/\/schema.org\",\"@graph\":[{\"@type\":\"WebPage\",\"@id\":\"https:\/\/lunayatravel.com\/produit\/%f0%9f%90%98-sanctuaire-de-la-jungle-des-elephants-phuket\/\",\"url\":\"https:\/\/lunayatravel.com\/produit\/%f0%9f%90%98-sanctuaire-de-la-jungle-des-elephants-phuket\/\",\"name\":\"\ud83d\udc18 Sanctuaire de la jungle des \u00e9l\u00e9phants \u2013 Phuket -\",\"isPartOf\":{\"@id\":\"https:\/\/lunayatravel.com\/#website\"},\"primaryImageOfPage\":{\"@id\":\"https:\/\/lunayatravel.com\/produit\/%f0%9f%90%98-sanctuaire-de-la-jungle-des-elephants-phuket\/#primaryimage\"},\"image\":{\"@id\":\"https:\/\/lunayatravel.com\/produit\/%f0%9f%90%98-sanctuaire-de-la-jungle-des-elephants-phuket\/#primaryimage\"},\"thumbnailUrl\":\"https:\/\/lunayatravel.com\/wp-content\/uploads\/2025\/07\/NewSHACover3.webp\",\"datePublished\":\"2025-07-28T06:31:32+00:00\",\"breadcrumb\":{\"@id\":\"https:\/\/lunayatravel.com\/produit\/%f0%9f%90%98-sanctuaire-de-la-jungle-des-elephants-phuket\/#breadcrumb\"},\"inLanguage\":\"en-GB\",\"potentialAction\":[{\"@type\":\"ReadAction\",\"target\":[\"https:\/\/lunayatravel.com\/produit\/%f0%9f%90%98-sanctuaire-de-la-jungle-des-elephants-phuket\/\"]}]},{\"@type\":\"ImageObject\",\"inLanguage\":\"en-GB\",\"@id\":\"https:\/\/lunayatravel.com\/produit\/%f0%9f%90%98-sanctuaire-de-la-jungle-des-elephants-phuket\/#primaryimage\",\"url\":\"https:\/\/lunayatravel.com\/wp-content\/uploads\/2025\/07\/NewSHACover3.webp\",\"contentUrl\":\"https:\/\/lunayatravel.com\/wp-content\/uploads\/2025\/07\/NewSHACover3.webp\",\"width\":720,\"height\":540},{\"@type\":\"BreadcrumbList\",\"@id\":\"https:\/\/lunayatravel.com\/produit\/%f0%9f%90%98-sanctuaire-de-la-jungle-des-elephants-phuket\/#breadcrumb\",\"itemListElement\":[{\"@type\":\"ListItem\",\"position\":1,\"name\":\"Accueil\",\"item\":\"https:\/\/lunayatravel.com\/\"},{\"@type\":\"ListItem\",\"position\":2,\"name\":\"Nos activit\u00e9s\",\"item\":\"https:\/\/lunayatravel.com\/nos-activites\/\"},{\"@type\":\"ListItem\",\"position\":3,\"name\":\"\ud83d\udc18 Sanctuaire de la jungle des \u00e9l\u00e9phants \u2013 Phuket\"}]},{\"@type\":\"WebSite\",\"@id\":\"https:\/\/lunayatravel.com\/#website\",\"url\":\"https:\/\/lunayatravel.com\/\",\"name\":\"\",\"description\":\"\",\"publisher\":{\"@id\":\"https:\/\/lunayatravel.com\/#organization\"},\"potentialAction\":[{\"@type\":\"SearchAction\",\"target\":{\"@type\":\"EntryPoint\",\"urlTemplate\":\"https:\/\/lunayatravel.com\/?s={search_term_string}\"},\"query-input\":{\"@type\":\"PropertyValueSpecification\",\"valueRequired\":true,\"valueName\":\"search_term_string\"}}],\"inLanguage\":\"en-GB\"},{\"@type\":\"Organization\",\"@id\":\"https:\/\/lunayatravel.com\/#organization\",\"name\":\"Lunaya travel\",\"alternateName\":\"Lunaya travel\",\"url\":\"https:\/\/lunayatravel.com\/\",\"logo\":{\"@type\":\"ImageObject\",\"inLanguage\":\"en-GB\",\"@id\":\"https:\/\/lunayatravel.com\/#\/schema\/logo\/image\/\",\"url\":\"https:\/\/lunayatravel.com\/wp-content\/uploads\/2026\/03\/cropped-647319118_2379115739204013_337015058165053143_n.jpg\",\"contentUrl\":\"https:\/\/lunayatravel.com\/wp-content\/uploads\/2026\/03\/cropped-647319118_2379115739204013_337015058165053143_n.jpg\",\"width\":1022,\"height\":1023,\"caption\":\"Lunaya travel\"},\"image\":{\"@id\":\"https:\/\/lunayatravel.com\/#\/schema\/logo\/image\/\"},\"sameAs\":[\"https:\/\/www.facebook.com\/lunayaTravel\/\"]}]}<\/script>\n<!-- \/ Yoast SEO plugin. -->","yoast_head_json":{"title":"\ud83d\udc18 Sanctuaire de la jungle des \u00e9l\u00e9phants \u2013 Phuket -","robots":{"index":"index","follow":"follow","max-snippet":"max-snippet:-1","max-image-preview":"max-image-preview:large","max-video-preview":"max-video-preview:-1"},"canonical":"https:\/\/lunayatravel.com\/en\/product\/\ud83d\udc18-sanctuaire-de-la-jungle-des-elephants-phuket\/","og_locale":"en_GB","og_type":"article","og_title":"\ud83d\udc18 Sanctuaire de la jungle des \u00e9l\u00e9phants \u2013 Phuket -","og_description":"\u2728 Rencontrez les \u00e9l\u00e9phants dans leur habitat naturel, sans exploitation. Vivez une exp\u00e9rience inoubliable au c\u0153ur de la for\u00eat, dans l\u2019un des sanctuaires les plus \u00e9thiques de Phuket. Pas de balade \u00e0 dos d\u2019\u00e9l\u00e9phant, uniquement de la bienveillance, du respect, et des interactions authentiques. Partagez un moment de complicit\u00e9 avec ces g\u00e9ants doux : nourrissage, bain de boue, baignade, fabrication de papier \u00e0 partir de fibres naturelles... Une immersion 100 % responsable !   \ud83d\udccd D\u00e9parts matin ou apr\u00e8s-midi depuis votre h\u00f4tel \u00e0 Phuket\u2705 Certifi\u00e9 SHA+ \u2013 Tr\u00e8s bien not\u00e9 sur TripAdvisor","og_url":"https:\/\/lunayatravel.com\/en\/product\/\ud83d\udc18-sanctuaire-de-la-jungle-des-elephants-phuket\/","article_publisher":"https:\/\/www.facebook.com\/lunayaTravel\/","og_image":[{"width":720,"height":540,"url":"https:\/\/lunayatravel.com\/wp-content\/uploads\/2025\/07\/NewSHACover3.webp","type":"image\/webp"}],"twitter_card":"summary_large_image","twitter_misc":{"Estimated reading time":"1 minute"},"schema":{"@context":"https:\/\/schema.org","@graph":[{"@type":"WebPage","@id":"https:\/\/lunayatravel.com\/produit\/%f0%9f%90%98-sanctuaire-de-la-jungle-des-elephants-phuket\/","url":"https:\/\/lunayatravel.com\/produit\/%f0%9f%90%98-sanctuaire-de-la-jungle-des-elephants-phuket\/","name":"\ud83d\udc18 Sanctuaire de la jungle des \u00e9l\u00e9phants \u2013 Phuket -","isPartOf":{"@id":"https:\/\/lunayatravel.com\/#website"},"primaryImageOfPage":{"@id":"https:\/\/lunayatravel.com\/produit\/%f0%9f%90%98-sanctuaire-de-la-jungle-des-elephants-phuket\/#primaryimage"},"image":{"@id":"https:\/\/lunayatravel.com\/produit\/%f0%9f%90%98-sanctuaire-de-la-jungle-des-elephants-phuket\/#primaryimage"},"thumbnailUrl":"https:\/\/lunayatravel.com\/wp-content\/uploads\/2025\/07\/NewSHACover3.webp","datePublished":"2025-07-28T06:31:32+00:00","breadcrumb":{"@id":"https:\/\/lunayatravel.com\/produit\/%f0%9f%90%98-sanctuaire-de-la-jungle-des-elephants-phuket\/#breadcrumb"},"inLanguage":"en-GB","potentialAction":[{"@type":"ReadAction","target":["https:\/\/lunayatravel.com\/produit\/%f0%9f%90%98-sanctuaire-de-la-jungle-des-elephants-phuket\/"]}]},{"@type":"ImageObject","inLanguage":"en-GB","@id":"https:\/\/lunayatravel.com\/produit\/%f0%9f%90%98-sanctuaire-de-la-jungle-des-elephants-phuket\/#primaryimage","url":"https:\/\/lunayatravel.com\/wp-content\/uploads\/2025\/07\/NewSHACover3.webp","contentUrl":"https:\/\/lunayatravel.com\/wp-content\/uploads\/2025\/07\/NewSHACover3.webp","width":720,"height":540},{"@type":"BreadcrumbList","@id":"https:\/\/lunayatravel.com\/produit\/%f0%9f%90%98-sanctuaire-de-la-jungle-des-elephants-phuket\/#breadcrumb","itemListElement":[{"@type":"ListItem","position":1,"name":"Accueil","item":"https:\/\/lunayatravel.com\/"},{"@type":"ListItem","position":2,"name":"Nos activit\u00e9s","item":"https:\/\/lunayatravel.com\/nos-activites\/"},{"@type":"ListItem","position":3,"name":"\ud83d\udc18 Sanctuaire de la jungle des \u00e9l\u00e9phants \u2013 Phuket"}]},{"@type":"WebSite","@id":"https:\/\/lunayatravel.com\/#website","url":"https:\/\/lunayatravel.com\/","name":"","description":"","publisher":{"@id":"https:\/\/lunayatravel.com\/#organization"},"potentialAction":[{"@type":"SearchAction","target":{"@type":"EntryPoint","urlTemplate":"https:\/\/lunayatravel.com\/?s={search_term_string}"},"query-input":{"@type":"PropertyValueSpecification","valueRequired":true,"valueName":"search_term_string"}}],"inLanguage":"en-GB"},{"@type":"Organization","@id":"https:\/\/lunayatravel.com\/#organization","name":"Lunaya travel","alternateName":"Lunaya travel","url":"https:\/\/lunayatravel.com\/","logo":{"@type":"ImageObject","inLanguage":"en-GB","@id":"https:\/\/lunayatravel.com\/#\/schema\/logo\/image\/","url":"https:\/\/lunayatravel.com\/wp-content\/uploads\/2026\/03\/cropped-647319118_2379115739204013_337015058165053143_n.jpg","contentUrl":"https:\/\/lunayatravel.com\/wp-content\/uploads\/2026\/03\/cropped-647319118_2379115739204013_337015058165053143_n.jpg","width":1022,"height":1023,"caption":"Lunaya travel"},"image":{"@id":"https:\/\/lunayatravel.com\/#\/schema\/logo\/image\/"},"sameAs":["https:\/\/www.facebook.com\/lunayaTravel\/"]}]}},"uagb_featured_image_src":{"full":["https:\/\/lunayatravel.com\/wp-content\/uploads\/2025\/07\/NewSHACover3.webp",720,540,false],"thumbnail":["https:\/\/lunayatravel.com\/wp-content\/uploads\/2025\/07\/NewSHACover3-150x150.webp",150,150,true],"medium":["https:\/\/lunayatravel.com\/wp-content\/uploads\/2025\/07\/NewSHACover3-300x225.webp",300,225,true],"medium_large":["https:\/\/lunayatravel.com\/wp-content\/uploads\/2025\/07\/NewSHACover3.webp",720,540,false],"large":["https:\/\/lunayatravel.com\/wp-content\/uploads\/2025\/07\/NewSHACover3.webp",720,540,false],"1536x1536":["https:\/\/lunayatravel.com\/wp-content\/uploads\/2025\/07\/NewSHACover3.webp",720,540,false],"2048x2048":["https:\/\/lunayatravel.com\/wp-content\/uploads\/2025\/07\/NewSHACover3.webp",720,540,false],"trp-custom-language-flag":["https:\/\/lunayatravel.com\/wp-content\/uploads\/2025\/07\/NewSHACover3.webp",16,12,false],"widget-thumbnail":["https:\/\/lunayatravel.com\/wp-content\/uploads\/2025\/07\/NewSHACover3-75x75.webp",75,75,true],"mailpoet_newsletter_max":["https:\/\/lunayatravel.com\/wp-content\/uploads\/2025\/07\/NewSHACover3.webp",720,540,false],"woocommerce_thumbnail":["https:\/\/lunayatravel.com\/wp-content\/uploads\/2025\/07\/NewSHACover3-300x300.webp",300,300,true],"woocommerce_single":["https:\/\/lunayatravel.com\/wp-content\/uploads\/2025\/07\/NewSHACover3-600x450.webp",600,450,true],"woocommerce_gallery_thumbnail":["https:\/\/lunayatravel.com\/wp-content\/uploads\/2025\/07\/NewSHACover3-100x100.webp",100,100,true],"sow-carousel-default":["https:\/\/lunayatravel.com\/wp-content\/uploads\/2025\/07\/NewSHACover3-272x182.webp",272,182,true]},"uagb_author_info":{"display_name":"haemers stephanie","author_link":"https:\/\/lunayatravel.com\/en\/author\/"},"uagb_comment_info":0,"uagb_excerpt":"\u2728 Rencontrez les \u00e9l\u00e9phants dans leur habitat naturel, sans exploitation. Vivez une exp\u00e9rience inoubliable au c\u0153ur de la for\u00eat, dans l\u2019un des sanctuaires les plus \u00e9thiques de Phuket. Pas de balade \u00e0 dos d\u2019\u00e9l\u00e9phant, uniquement de la bienveillance, du respect, et des interactions authentiques. Partagez un moment de complicit\u00e9 avec ces g\u00e9ants doux : nourrissage,&hellip;","jetpack_sharing_enabled":true,"_links":{"self":[{"href":"https:\/\/lunayatravel.com\/en\/wp-json\/wp\/v2\/product\/30200","targetHints":{"allow":["GET"]}}],"collection":[{"href":"https:\/\/lunayatravel.com\/en\/wp-json\/wp\/v2\/product"}],"about":[{"href":"https:\/\/lunayatravel.com\/en\/wp-json\/wp\/v2\/types\/product"}],"replies":[{"embeddable":true,"href":"https:\/\/lunayatravel.com\/en\/wp-json\/wp\/v2\/comments?post=30200"}],"wp:featuredmedia":[{"embeddable":true,"href":"https:\/\/lunayatravel.com\/en\/wp-json\/wp\/v2\/media\/30204"}],"wp:attachment":[{"href":"https:\/\/lunayatravel.com\/en\/wp-json\/wp\/v2\/media?parent=30200"}],"wp:term":[{"taxonomy":"product_brand","embeddable":true,"href":"https:\/\/lunayatravel.com\/en\/wp-json\/wp\/v2\/product_brand?post=30200"},{"taxonomy":"product_cat","embeddable":true,"href":"https:\/\/lunayatravel.com\/en\/wp-json\/wp\/v2\/product_cat?post=30200"},{"taxonomy":"product_tag","embeddable":true,"href":"https:\/\/lunayatravel.com\/en\/wp-json\/wp\/v2\/product_tag?post=30200"}],"curies":[{"name":"wp","href":"https:\/\/api.w.org\/{rel}","templated":true}]}}