{"id":30194,"date":"2025-07-28T08:27:19","date_gmt":"2025-07-28T06:27:19","guid":{"rendered":"https:\/\/itctoursvoyages.com\/?post_type=product&#038;p=30194"},"modified":"2025-07-28T08:27:19","modified_gmt":"2025-07-28T06:27:19","slug":"%f0%9f%8f%9e%ef%b8%8f-james-bond-island-baie-de-phang-nga-depart-royal-phuket-marina","status":"publish","type":"product","link":"https:\/\/lunayatravel.com\/en\/product\/%f0%9f%8f%9e%ef%b8%8f-james-bond-island-baie-de-phang-nga-depart-royal-phuket-marina\/","title":{"rendered":"\ud83c\udfde\ufe0f James Bond Island &amp; Phang Nga Bay - Departure Royal Phuket Marina"},"content":{"rendered":"<h3 data-start=\"757\" data-end=\"783\">\ud83d\udccd <strong data-start=\"764\" data-end=\"781\">Places visited<\/strong><\/h3>\n<ul data-start=\"784\" data-end=\"1133\">\n<li data-start=\"784\" data-end=\"864\">\n<p data-start=\"786\" data-end=\"864\"><strong data-start=\"786\" data-end=\"807\">Phang Nga Bay<\/strong> spectacular karst formations, unspoilt nature<\/p>\n<\/li>\n<li data-start=\"865\" data-end=\"952\">\n<p data-start=\"867\" data-end=\"952\"><strong data-start=\"867\" data-end=\"888\">James Bond Island<\/strong> (Koh Tapu): famous setting for the film <em data-start=\"924\" data-end=\"950\">The Man with the Golden Gun<\/em><\/p>\n<\/li>\n<li data-start=\"953\" data-end=\"1023\">\n<p data-start=\"955\" data-end=\"1023\"><strong data-start=\"955\" data-end=\"978\">Ko Panyi village<\/strong> Muslim fishing village on stilts<\/p>\n<\/li>\n<li data-start=\"1024\" data-end=\"1085\">\n<p data-start=\"1026\" data-end=\"1085\"><strong data-start=\"1026\" data-end=\"1040\">Khao Thalu<\/strong> giant sea cave to explore by canoe<\/p>\n<\/li>\n<li data-start=\"1086\" data-end=\"1133\">\n<p data-start=\"1088\" data-end=\"1133\"><strong data-start=\"1088\" data-end=\"1103\">Naka Island<\/strong> relaxation, swimming, sun<\/p>\n<\/li>\n<\/ul>\n<hr data-start=\"1135\" data-end=\"1138\" \/>\n<h3 data-start=\"1140\" data-end=\"1173\">\ud83d\udcc5 <strong data-start=\"1147\" data-end=\"1173\">Itinerary (indicative)<\/strong><\/h3>\n<ul data-start=\"1175\" data-end=\"1631\">\n<li data-start=\"1175\" data-end=\"1220\">\n<p data-start=\"1177\" data-end=\"1220\"><strong data-start=\"1177\" data-end=\"1186\">09:00<\/strong> - Pick-up from your hotel<\/p>\n<\/li>\n<li data-start=\"1221\" data-end=\"1286\">\n<p data-start=\"1223\" data-end=\"1286\"><strong data-start=\"1223\" data-end=\"1232\">10:00<\/strong> - Arrival at Royal Phuket Marina &amp; check-in<\/p>\n<\/li>\n<li data-start=\"1287\" data-end=\"1421\">\n<p data-start=\"1289\" data-end=\"1348\"><strong data-start=\"1289\" data-end=\"1298\">10:30<\/strong> - Departure by speedboat to Phang Nga Bay<\/p>\n<ul data-start=\"1351\" data-end=\"1421\">\n<li data-start=\"1351\" data-end=\"1421\">\n<p data-start=\"1353\" data-end=\"1421\">Visit to <strong data-start=\"1363\" data-end=\"1384\">James Bond Island<\/strong>, <strong data-start=\"1386\" data-end=\"1399\">Koh Panyi<\/strong>, <strong data-start=\"1401\" data-end=\"1419\">Khao Phing Kan<\/strong><\/p>\n<\/li>\n<\/ul>\n<\/li>\n<li data-start=\"1422\" data-end=\"1501\">\n<p data-start=\"1424\" data-end=\"1501\"><strong data-start=\"1424\" data-end=\"1433\">13:00<\/strong> - <strong data-start=\"1436\" data-end=\"1445\">Canoeing<\/strong> through the grotto of <strong data-start=\"1469\" data-end=\"1483\">Khao Thalu<\/strong> (50m long!)<\/p>\n<\/li>\n<li data-start=\"1502\" data-end=\"1562\">\n<p data-start=\"1504\" data-end=\"1562\"><strong data-start=\"1504\" data-end=\"1513\">15:30<\/strong> - Swimming and relaxing on the\u2019<strong data-start=\"1545\" data-end=\"1560\">Naka island<\/strong><\/p>\n<\/li>\n<li data-start=\"1563\" data-end=\"1631\">\n<p data-start=\"1565\" data-end=\"1631\"><strong data-start=\"1565\" data-end=\"1574\">17:40<\/strong> - Return to the marina and transfer back to your hotel<\/p>\n<\/li>\n<\/ul>\n<hr data-start=\"1633\" data-end=\"1636\" \/>\n<h3 data-start=\"1638\" data-end=\"1666\">\u2705 <strong data-start=\"1644\" data-end=\"1666\">The price includes :<\/strong><\/h3>\n<ul data-start=\"1668\" data-end=\"1954\">\n<li data-start=\"1668\" data-end=\"1708\">\n<p data-start=\"1670\" data-end=\"1708\">Transfer to and from your hotel<\/p>\n<\/li>\n<li data-start=\"1709\" data-end=\"1732\">\n<p data-start=\"1711\" data-end=\"1732\">Speedboat trip<\/p>\n<\/li>\n<li data-start=\"1733\" data-end=\"1772\">\n<p data-start=\"1735\" data-end=\"1772\">Activity <strong data-start=\"1744\" data-end=\"1770\">canoeing in the caves<\/strong><\/p>\n<\/li>\n<li data-start=\"1773\" data-end=\"1807\">\n<p data-start=\"1775\" data-end=\"1807\">Professional English-speaking guide<\/p>\n<\/li>\n<li data-start=\"1808\" data-end=\"1820\">\n<p data-start=\"1810\" data-end=\"1820\">Lunch<\/p>\n<\/li>\n<li data-start=\"1821\" data-end=\"1868\">\n<p data-start=\"1823\" data-end=\"1868\">Safety equipment (lifejacket)<\/p>\n<\/li>\n<li data-start=\"1869\" data-end=\"1908\">\n<p data-start=\"1871\" data-end=\"1908\">Entry fee <strong data-start=\"1889\" data-end=\"1906\">national park<\/strong><\/p>\n<\/li>\n<li data-start=\"1909\" data-end=\"1954\">\n<p data-start=\"1911\" data-end=\"1954\">Accident insurance (excluding personal effects)<\/p>\n<\/li>\n<\/ul>\n<hr data-start=\"1956\" data-end=\"1959\" \/>\n<h3 data-start=\"1961\" data-end=\"1984\">\ud83e\uddf3 <strong data-start=\"1968\" data-end=\"1984\">Takeaway:<\/strong><\/h3>\n<ul data-start=\"1986\" data-end=\"2079\">\n<li data-start=\"1986\" data-end=\"2005\">\n<p data-start=\"1988\" data-end=\"2005\">Swimming costumes<\/p>\n<\/li>\n<li data-start=\"2006\" data-end=\"2019\">\n<p data-start=\"2008\" data-end=\"2019\">Towel<\/p>\n<\/li>\n<li data-start=\"2020\" data-end=\"2037\">\n<p data-start=\"2022\" data-end=\"2037\">Sun cream<\/p>\n<\/li>\n<li data-start=\"2038\" data-end=\"2060\">\n<p data-start=\"2040\" data-end=\"2060\">Sunglasses<\/p>\n<\/li>\n<li data-start=\"2061\" data-end=\"2079\">\n<p data-start=\"2063\" data-end=\"2079\">Camera<\/p>\n<\/li>\n<\/ul>","protected":false},"excerpt":{"rendered":"<h3 data-start=\"281\" data-end=\"345\">\u2728 <strong data-start=\"287\" data-end=\"343\">Spectacular scenery and legendary film scenes!<\/strong><\/h3>\n<p data-start=\"346\" data-end=\"641\">Sail into the heart of the famous Phang Nga Bay, between limestone cliffs, sea caves, turquoise lagoons and secret islands. Paddle a canoe through magical passages, visit the floating village of Koh Panyi and relax on a heavenly beach. A Phuket must!<\/p>\n<blockquote data-start=\"643\" data-end=\"750\">\n<p data-start=\"645\" data-end=\"750\">\ud83d\udea4 Departure by speedboat from the Royal Phuket Marina<br data-start=\"697\" data-end=\"700\" \/>\ud83d\ude90 Free transfers from all zones<\/p>\n<\/blockquote>","protected":false},"featured_media":30199,"comment_status":"open","ping_status":"closed","template":"","meta":{"_uag_custom_page_level_css":""},"product_brand":[],"product_cat":[67],"product_tag":[],"class_list":{"0":"post-30194","1":"product","2":"type-product","3":"status-publish","4":"has-post-thumbnail","6":"product_cat-phuket","8":"first","9":"instock","10":"virtual","11":"taxable","12":"purchasable","13":"product-type-simple"},"yoast_head":"<!-- This site is optimized with the Yoast SEO plugin v27.1.1 - https:\/\/yoast.com\/product\/yoast-seo-wordpress\/ -->\n<title>\ud83c\udfde\ufe0f James Bond Island &amp; Baie de Phang Nga \u2013 D\u00e9part Royal Phuket Marina -<\/title>\n<meta name=\"robots\" content=\"index, follow, max-snippet:-1, max-image-preview:large, max-video-preview:-1\" \/>\n<link rel=\"canonical\" href=\"https:\/\/lunayatravel.com\/en\/product\/\ud83c\udfde\ufe0f-james-bond-island-baie-de-phang-nga-depart-royal-phuket-marina\/\" \/>\n<meta property=\"og:locale\" content=\"en_GB\" \/>\n<meta property=\"og:type\" content=\"article\" \/>\n<meta property=\"og:title\" content=\"\ud83c\udfde\ufe0f James Bond Island &amp; Baie de Phang Nga \u2013 D\u00e9part Royal Phuket Marina -\" \/>\n<meta property=\"og:description\" content=\"\u2728 Nature spectaculaire et sc\u00e8nes mythiques de cin\u00e9ma ! Naviguez au c\u0153ur de la c\u00e9l\u00e8bre baie de Phang Nga, entre falaises de calcaire, grottes marines, lagons turquoise et \u00eeles secr\u00e8tes. Pagayez en cano\u00eb \u00e0 travers des passages magiques, visitez le village flottant de Koh Panyi et d\u00e9tendez-vous sur une plage paradisiaque. Un incontournable de Phuket !   \ud83d\udea4 D\u00e9part en hors-bord depuis la Royal Phuket Marina\ud83d\ude90 Transferts gratuits depuis toutes les zones\" \/>\n<meta property=\"og:url\" content=\"https:\/\/lunayatravel.com\/en\/product\/\ud83c\udfde\ufe0f-james-bond-island-baie-de-phang-nga-depart-royal-phuket-marina\/\" \/>\n<meta property=\"article:publisher\" content=\"https:\/\/www.facebook.com\/lunayaTravel\/\" \/>\n<meta property=\"og:image\" content=\"https:\/\/lunayatravel.com\/wp-content\/uploads\/2025\/07\/001_PhangNgaBay.webp\" \/>\n\t<meta property=\"og:image:width\" content=\"720\" \/>\n\t<meta property=\"og:image:height\" content=\"540\" \/>\n\t<meta property=\"og:image:type\" content=\"image\/webp\" \/>\n<meta name=\"twitter:card\" content=\"summary_large_image\" \/>\n<meta name=\"twitter:label1\" content=\"Estimated reading time\" \/>\n\t<meta name=\"twitter:data1\" content=\"1 minute\" \/>\n<script type=\"application\/ld+json\" class=\"yoast-schema-graph\">{\"@context\":\"https:\/\/schema.org\",\"@graph\":[{\"@type\":\"WebPage\",\"@id\":\"https:\/\/lunayatravel.com\/produit\/%f0%9f%8f%9e%ef%b8%8f-james-bond-island-baie-de-phang-nga-depart-royal-phuket-marina\/\",\"url\":\"https:\/\/lunayatravel.com\/produit\/%f0%9f%8f%9e%ef%b8%8f-james-bond-island-baie-de-phang-nga-depart-royal-phuket-marina\/\",\"name\":\"\ud83c\udfde\ufe0f James Bond Island & Baie de Phang Nga \u2013 D\u00e9part Royal Phuket Marina -\",\"isPartOf\":{\"@id\":\"https:\/\/lunayatravel.com\/#website\"},\"primaryImageOfPage\":{\"@id\":\"https:\/\/lunayatravel.com\/produit\/%f0%9f%8f%9e%ef%b8%8f-james-bond-island-baie-de-phang-nga-depart-royal-phuket-marina\/#primaryimage\"},\"image\":{\"@id\":\"https:\/\/lunayatravel.com\/produit\/%f0%9f%8f%9e%ef%b8%8f-james-bond-island-baie-de-phang-nga-depart-royal-phuket-marina\/#primaryimage\"},\"thumbnailUrl\":\"https:\/\/lunayatravel.com\/wp-content\/uploads\/2025\/07\/001_PhangNgaBay.webp\",\"datePublished\":\"2025-07-28T06:27:19+00:00\",\"breadcrumb\":{\"@id\":\"https:\/\/lunayatravel.com\/produit\/%f0%9f%8f%9e%ef%b8%8f-james-bond-island-baie-de-phang-nga-depart-royal-phuket-marina\/#breadcrumb\"},\"inLanguage\":\"en-GB\",\"potentialAction\":[{\"@type\":\"ReadAction\",\"target\":[\"https:\/\/lunayatravel.com\/produit\/%f0%9f%8f%9e%ef%b8%8f-james-bond-island-baie-de-phang-nga-depart-royal-phuket-marina\/\"]}]},{\"@type\":\"ImageObject\",\"inLanguage\":\"en-GB\",\"@id\":\"https:\/\/lunayatravel.com\/produit\/%f0%9f%8f%9e%ef%b8%8f-james-bond-island-baie-de-phang-nga-depart-royal-phuket-marina\/#primaryimage\",\"url\":\"https:\/\/lunayatravel.com\/wp-content\/uploads\/2025\/07\/001_PhangNgaBay.webp\",\"contentUrl\":\"https:\/\/lunayatravel.com\/wp-content\/uploads\/2025\/07\/001_PhangNgaBay.webp\",\"width\":720,\"height\":540},{\"@type\":\"BreadcrumbList\",\"@id\":\"https:\/\/lunayatravel.com\/produit\/%f0%9f%8f%9e%ef%b8%8f-james-bond-island-baie-de-phang-nga-depart-royal-phuket-marina\/#breadcrumb\",\"itemListElement\":[{\"@type\":\"ListItem\",\"position\":1,\"name\":\"Accueil\",\"item\":\"https:\/\/lunayatravel.com\/\"},{\"@type\":\"ListItem\",\"position\":2,\"name\":\"Nos activit\u00e9s\",\"item\":\"https:\/\/lunayatravel.com\/nos-activites\/\"},{\"@type\":\"ListItem\",\"position\":3,\"name\":\"\ud83c\udfde\ufe0f James Bond Island &#038; Baie de Phang Nga \u2013 D\u00e9part Royal Phuket Marina\"}]},{\"@type\":\"WebSite\",\"@id\":\"https:\/\/lunayatravel.com\/#website\",\"url\":\"https:\/\/lunayatravel.com\/\",\"name\":\"\",\"description\":\"\",\"publisher\":{\"@id\":\"https:\/\/lunayatravel.com\/#organization\"},\"potentialAction\":[{\"@type\":\"SearchAction\",\"target\":{\"@type\":\"EntryPoint\",\"urlTemplate\":\"https:\/\/lunayatravel.com\/?s={search_term_string}\"},\"query-input\":{\"@type\":\"PropertyValueSpecification\",\"valueRequired\":true,\"valueName\":\"search_term_string\"}}],\"inLanguage\":\"en-GB\"},{\"@type\":\"Organization\",\"@id\":\"https:\/\/lunayatravel.com\/#organization\",\"name\":\"Lunaya travel\",\"alternateName\":\"Lunaya travel\",\"url\":\"https:\/\/lunayatravel.com\/\",\"logo\":{\"@type\":\"ImageObject\",\"inLanguage\":\"en-GB\",\"@id\":\"https:\/\/lunayatravel.com\/#\/schema\/logo\/image\/\",\"url\":\"https:\/\/lunayatravel.com\/wp-content\/uploads\/2026\/03\/cropped-647319118_2379115739204013_337015058165053143_n.jpg\",\"contentUrl\":\"https:\/\/lunayatravel.com\/wp-content\/uploads\/2026\/03\/cropped-647319118_2379115739204013_337015058165053143_n.jpg\",\"width\":1022,\"height\":1023,\"caption\":\"Lunaya travel\"},\"image\":{\"@id\":\"https:\/\/lunayatravel.com\/#\/schema\/logo\/image\/\"},\"sameAs\":[\"https:\/\/www.facebook.com\/lunayaTravel\/\"]}]}<\/script>\n<!-- \/ Yoast SEO plugin. -->","yoast_head_json":{"title":"\ud83c\udfde\ufe0f James Bond Island & Baie de Phang Nga \u2013 D\u00e9part Royal Phuket Marina -","robots":{"index":"index","follow":"follow","max-snippet":"max-snippet:-1","max-image-preview":"max-image-preview:large","max-video-preview":"max-video-preview:-1"},"canonical":"https:\/\/lunayatravel.com\/en\/product\/\ud83c\udfde\ufe0f-james-bond-island-baie-de-phang-nga-depart-royal-phuket-marina\/","og_locale":"en_GB","og_type":"article","og_title":"\ud83c\udfde\ufe0f James Bond Island & Baie de Phang Nga \u2013 D\u00e9part Royal Phuket Marina -","og_description":"\u2728 Nature spectaculaire et sc\u00e8nes mythiques de cin\u00e9ma ! Naviguez au c\u0153ur de la c\u00e9l\u00e8bre baie de Phang Nga, entre falaises de calcaire, grottes marines, lagons turquoise et \u00eeles secr\u00e8tes. Pagayez en cano\u00eb \u00e0 travers des passages magiques, visitez le village flottant de Koh Panyi et d\u00e9tendez-vous sur une plage paradisiaque. Un incontournable de Phuket !   \ud83d\udea4 D\u00e9part en hors-bord depuis la Royal Phuket Marina\ud83d\ude90 Transferts gratuits depuis toutes les zones","og_url":"https:\/\/lunayatravel.com\/en\/product\/\ud83c\udfde\ufe0f-james-bond-island-baie-de-phang-nga-depart-royal-phuket-marina\/","article_publisher":"https:\/\/www.facebook.com\/lunayaTravel\/","og_image":[{"width":720,"height":540,"url":"https:\/\/lunayatravel.com\/wp-content\/uploads\/2025\/07\/001_PhangNgaBay.webp","type":"image\/webp"}],"twitter_card":"summary_large_image","twitter_misc":{"Estimated reading time":"1 minute"},"schema":{"@context":"https:\/\/schema.org","@graph":[{"@type":"WebPage","@id":"https:\/\/lunayatravel.com\/produit\/%f0%9f%8f%9e%ef%b8%8f-james-bond-island-baie-de-phang-nga-depart-royal-phuket-marina\/","url":"https:\/\/lunayatravel.com\/produit\/%f0%9f%8f%9e%ef%b8%8f-james-bond-island-baie-de-phang-nga-depart-royal-phuket-marina\/","name":"\ud83c\udfde\ufe0f James Bond Island & Baie de Phang Nga \u2013 D\u00e9part Royal Phuket Marina -","isPartOf":{"@id":"https:\/\/lunayatravel.com\/#website"},"primaryImageOfPage":{"@id":"https:\/\/lunayatravel.com\/produit\/%f0%9f%8f%9e%ef%b8%8f-james-bond-island-baie-de-phang-nga-depart-royal-phuket-marina\/#primaryimage"},"image":{"@id":"https:\/\/lunayatravel.com\/produit\/%f0%9f%8f%9e%ef%b8%8f-james-bond-island-baie-de-phang-nga-depart-royal-phuket-marina\/#primaryimage"},"thumbnailUrl":"https:\/\/lunayatravel.com\/wp-content\/uploads\/2025\/07\/001_PhangNgaBay.webp","datePublished":"2025-07-28T06:27:19+00:00","breadcrumb":{"@id":"https:\/\/lunayatravel.com\/produit\/%f0%9f%8f%9e%ef%b8%8f-james-bond-island-baie-de-phang-nga-depart-royal-phuket-marina\/#breadcrumb"},"inLanguage":"en-GB","potentialAction":[{"@type":"ReadAction","target":["https:\/\/lunayatravel.com\/produit\/%f0%9f%8f%9e%ef%b8%8f-james-bond-island-baie-de-phang-nga-depart-royal-phuket-marina\/"]}]},{"@type":"ImageObject","inLanguage":"en-GB","@id":"https:\/\/lunayatravel.com\/produit\/%f0%9f%8f%9e%ef%b8%8f-james-bond-island-baie-de-phang-nga-depart-royal-phuket-marina\/#primaryimage","url":"https:\/\/lunayatravel.com\/wp-content\/uploads\/2025\/07\/001_PhangNgaBay.webp","contentUrl":"https:\/\/lunayatravel.com\/wp-content\/uploads\/2025\/07\/001_PhangNgaBay.webp","width":720,"height":540},{"@type":"BreadcrumbList","@id":"https:\/\/lunayatravel.com\/produit\/%f0%9f%8f%9e%ef%b8%8f-james-bond-island-baie-de-phang-nga-depart-royal-phuket-marina\/#breadcrumb","itemListElement":[{"@type":"ListItem","position":1,"name":"Accueil","item":"https:\/\/lunayatravel.com\/"},{"@type":"ListItem","position":2,"name":"Nos activit\u00e9s","item":"https:\/\/lunayatravel.com\/nos-activites\/"},{"@type":"ListItem","position":3,"name":"\ud83c\udfde\ufe0f James Bond Island &#038; Baie de Phang Nga \u2013 D\u00e9part Royal Phuket Marina"}]},{"@type":"WebSite","@id":"https:\/\/lunayatravel.com\/#website","url":"https:\/\/lunayatravel.com\/","name":"","description":"","publisher":{"@id":"https:\/\/lunayatravel.com\/#organization"},"potentialAction":[{"@type":"SearchAction","target":{"@type":"EntryPoint","urlTemplate":"https:\/\/lunayatravel.com\/?s={search_term_string}"},"query-input":{"@type":"PropertyValueSpecification","valueRequired":true,"valueName":"search_term_string"}}],"inLanguage":"en-GB"},{"@type":"Organization","@id":"https:\/\/lunayatravel.com\/#organization","name":"Lunaya travel","alternateName":"Lunaya travel","url":"https:\/\/lunayatravel.com\/","logo":{"@type":"ImageObject","inLanguage":"en-GB","@id":"https:\/\/lunayatravel.com\/#\/schema\/logo\/image\/","url":"https:\/\/lunayatravel.com\/wp-content\/uploads\/2026\/03\/cropped-647319118_2379115739204013_337015058165053143_n.jpg","contentUrl":"https:\/\/lunayatravel.com\/wp-content\/uploads\/2026\/03\/cropped-647319118_2379115739204013_337015058165053143_n.jpg","width":1022,"height":1023,"caption":"Lunaya travel"},"image":{"@id":"https:\/\/lunayatravel.com\/#\/schema\/logo\/image\/"},"sameAs":["https:\/\/www.facebook.com\/lunayaTravel\/"]}]}},"uagb_featured_image_src":{"full":["https:\/\/lunayatravel.com\/wp-content\/uploads\/2025\/07\/001_PhangNgaBay.webp",720,540,false],"thumbnail":["https:\/\/lunayatravel.com\/wp-content\/uploads\/2025\/07\/001_PhangNgaBay-150x150.webp",150,150,true],"medium":["https:\/\/lunayatravel.com\/wp-content\/uploads\/2025\/07\/001_PhangNgaBay-300x225.webp",300,225,true],"medium_large":["https:\/\/lunayatravel.com\/wp-content\/uploads\/2025\/07\/001_PhangNgaBay.webp",720,540,false],"large":["https:\/\/lunayatravel.com\/wp-content\/uploads\/2025\/07\/001_PhangNgaBay.webp",720,540,false],"1536x1536":["https:\/\/lunayatravel.com\/wp-content\/uploads\/2025\/07\/001_PhangNgaBay.webp",720,540,false],"2048x2048":["https:\/\/lunayatravel.com\/wp-content\/uploads\/2025\/07\/001_PhangNgaBay.webp",720,540,false],"trp-custom-language-flag":["https:\/\/lunayatravel.com\/wp-content\/uploads\/2025\/07\/001_PhangNgaBay.webp",16,12,false],"widget-thumbnail":["https:\/\/lunayatravel.com\/wp-content\/uploads\/2025\/07\/001_PhangNgaBay-75x75.webp",75,75,true],"mailpoet_newsletter_max":["https:\/\/lunayatravel.com\/wp-content\/uploads\/2025\/07\/001_PhangNgaBay.webp",720,540,false],"woocommerce_thumbnail":["https:\/\/lunayatravel.com\/wp-content\/uploads\/2025\/07\/001_PhangNgaBay-300x300.webp",300,300,true],"woocommerce_single":["https:\/\/lunayatravel.com\/wp-content\/uploads\/2025\/07\/001_PhangNgaBay-600x450.webp",600,450,true],"woocommerce_gallery_thumbnail":["https:\/\/lunayatravel.com\/wp-content\/uploads\/2025\/07\/001_PhangNgaBay-100x100.webp",100,100,true],"sow-carousel-default":["https:\/\/lunayatravel.com\/wp-content\/uploads\/2025\/07\/001_PhangNgaBay-272x182.webp",272,182,true]},"uagb_author_info":{"display_name":"haemers stephanie","author_link":"https:\/\/lunayatravel.com\/en\/author\/"},"uagb_comment_info":0,"uagb_excerpt":"\u2728 Nature spectaculaire et sc\u00e8nes mythiques de cin\u00e9ma ! Naviguez au c\u0153ur de la c\u00e9l\u00e8bre baie de Phang Nga, entre falaises de calcaire, grottes marines, lagons turquoise et \u00eeles secr\u00e8tes. Pagayez en cano\u00eb \u00e0 travers des passages magiques, visitez le village flottant de Koh Panyi et d\u00e9tendez-vous sur une plage paradisiaque. Un incontournable de Phuket&hellip;","jetpack_sharing_enabled":true,"_links":{"self":[{"href":"https:\/\/lunayatravel.com\/en\/wp-json\/wp\/v2\/product\/30194","targetHints":{"allow":["GET"]}}],"collection":[{"href":"https:\/\/lunayatravel.com\/en\/wp-json\/wp\/v2\/product"}],"about":[{"href":"https:\/\/lunayatravel.com\/en\/wp-json\/wp\/v2\/types\/product"}],"replies":[{"embeddable":true,"href":"https:\/\/lunayatravel.com\/en\/wp-json\/wp\/v2\/comments?post=30194"}],"wp:featuredmedia":[{"embeddable":true,"href":"https:\/\/lunayatravel.com\/en\/wp-json\/wp\/v2\/media\/30199"}],"wp:attachment":[{"href":"https:\/\/lunayatravel.com\/en\/wp-json\/wp\/v2\/media?parent=30194"}],"wp:term":[{"taxonomy":"product_brand","embeddable":true,"href":"https:\/\/lunayatravel.com\/en\/wp-json\/wp\/v2\/product_brand?post=30194"},{"taxonomy":"product_cat","embeddable":true,"href":"https:\/\/lunayatravel.com\/en\/wp-json\/wp\/v2\/product_cat?post=30194"},{"taxonomy":"product_tag","embeddable":true,"href":"https:\/\/lunayatravel.com\/en\/wp-json\/wp\/v2\/product_tag?post=30194"}],"curies":[{"name":"wp","href":"https:\/\/api.w.org\/{rel}","templated":true}]}}