{"id":30189,"date":"2025-07-28T08:11:07","date_gmt":"2025-07-28T06:11:07","guid":{"rendered":"https:\/\/itctoursvoyages.com\/?post_type=product&#038;p=30189"},"modified":"2025-07-28T08:11:07","modified_gmt":"2025-07-28T06:11:07","slug":"%f0%9f%8f%9d%ef%b8%8f-excursion-phi-phi-maya-bay-khai-island-en-catamaran-de-vitesse","status":"publish","type":"product","link":"https:\/\/lunayatravel.com\/en\/product\/%f0%9f%8f%9d%ef%b8%8f-excursion-phi-phi-maya-bay-khai-island-en-catamaran-de-vitesse\/","title":{"rendered":"\ud83c\udfdd\ufe0f Excursion Phi Phi, Maya Bay &amp; Khai Island on a Speed Catamaran"},"content":{"rendered":"<h3 data-start=\"771\" data-end=\"827\">\ud83d\udcc5 <strong data-start=\"778\" data-end=\"827\">Itinerary (approximate, weather permitting)<\/strong><\/h3>\n<ul data-start=\"829\" data-end=\"1520\">\n<li data-start=\"829\" data-end=\"916\">\n<p data-start=\"831\" data-end=\"916\"><strong data-start=\"831\" data-end=\"840\">07:30<\/strong> - Pick-up from your hotel in Phuket &amp; transfer to Wanich jetty<\/p>\n<\/li>\n<li data-start=\"917\" data-end=\"985\">\n<p data-start=\"919\" data-end=\"985\"><strong data-start=\"919\" data-end=\"928\">09:30<\/strong> - Departure for the Phi Phi islands by speed catamaran<\/p>\n<\/li>\n<li data-start=\"986\" data-end=\"1198\">\n<p data-start=\"988\" data-end=\"1071\"><strong data-start=\"988\" data-end=\"997\">10:45<\/strong> - Arrival at <strong data-start=\"1010\" data-end=\"1022\">Maya Bay<\/strong> (seen from a distance if closed from 1 August to 30 Sept)<\/p>\n<ul data-start=\"1074\" data-end=\"1198\">\n<li data-start=\"1074\" data-end=\"1107\">\n<p data-start=\"1076\" data-end=\"1107\">Relaxing on the beach \/ photos<\/p>\n<\/li>\n<li data-start=\"1110\" data-end=\"1146\">\n<p data-start=\"1112\" data-end=\"1146\">Swimming in the <strong data-start=\"1125\" data-end=\"1144\">Pileh lagoon<\/strong><\/p>\n<\/li>\n<li data-start=\"1149\" data-end=\"1198\">\n<p data-start=\"1151\" data-end=\"1198\">Meet the monkeys of <strong data-start=\"1180\" data-end=\"1196\">Monkey Beach<\/strong><\/p>\n<\/li>\n<\/ul>\n<\/li>\n<li data-start=\"1199\" data-end=\"1275\">\n<p data-start=\"1201\" data-end=\"1275\"><strong data-start=\"1201\" data-end=\"1210\">13:00<\/strong> - <strong data-start=\"1213\" data-end=\"1232\">Buffet lunch<\/strong> at Phi Phi Don &amp; free time on the beach<\/p>\n<\/li>\n<li data-start=\"1276\" data-end=\"1342\">\n<p data-start=\"1278\" data-end=\"1342\"><strong data-start=\"1278\" data-end=\"1287\">14:00<\/strong> - Visit the <strong data-start=\"1303\" data-end=\"1320\">Viking cave<\/strong> &amp; snorkelling around<\/p>\n<\/li>\n<li data-start=\"1343\" data-end=\"1390\">\n<p data-start=\"1345\" data-end=\"1390\"><strong data-start=\"1345\" data-end=\"1354\">15:30<\/strong> - Navigation to <strong data-start=\"1373\" data-end=\"1388\">Khai Island<\/strong><\/p>\n<\/li>\n<li data-start=\"1391\" data-end=\"1462\">\n<p data-start=\"1393\" data-end=\"1462\"><strong data-start=\"1393\" data-end=\"1402\">16:00<\/strong> - Snorkelling or relaxing on the white sandy beach<\/p>\n<\/li>\n<li data-start=\"1463\" data-end=\"1520\">\n<p data-start=\"1465\" data-end=\"1520\"><strong data-start=\"1465\" data-end=\"1474\">17:30<\/strong> - Return to the pier &amp; transfer to your hotel<\/p>\n<\/li>\n<\/ul>\n<hr data-start=\"1522\" data-end=\"1525\" \/>\n<h3 data-start=\"1527\" data-end=\"1553\">\u2705 <strong data-start=\"1533\" data-end=\"1553\">The price includes :<\/strong><\/h3>\n<ul data-start=\"1555\" data-end=\"1812\">\n<li data-start=\"1555\" data-end=\"1600\">\n<p data-start=\"1557\" data-end=\"1600\">Return transfer from your hotel<\/p>\n<\/li>\n<li data-start=\"1601\" data-end=\"1639\">\n<p data-start=\"1603\" data-end=\"1639\">Crewed speed catamaran<\/p>\n<\/li>\n<li data-start=\"1640\" data-end=\"1700\">\n<p data-start=\"1642\" data-end=\"1700\">Snacks &amp; coffee\/tea at the pier (light breakfast)<\/p>\n<\/li>\n<li data-start=\"1701\" data-end=\"1720\">\n<p data-start=\"1703\" data-end=\"1720\">Buffet lunch<\/p>\n<\/li>\n<li data-start=\"1721\" data-end=\"1768\">\n<p data-start=\"1723\" data-end=\"1768\">Diving equipment (mask, snorkel, life jacket)<\/p>\n<\/li>\n<li data-start=\"1769\" data-end=\"1789\">\n<p data-start=\"1771\" data-end=\"1789\">English-speaking guide<\/p>\n<\/li>\n<li data-start=\"1790\" data-end=\"1812\">\n<p data-start=\"1792\" data-end=\"1812\">Accident insurance<\/p>\n<\/li>\n<\/ul>\n<hr data-start=\"1814\" data-end=\"1817\" \/>\n<h3 data-start=\"1819\" data-end=\"1839\">\u26a0\ufe0f <strong data-start=\"1826\" data-end=\"1839\">Please note:<\/strong><\/h3>\n<ul data-start=\"1841\" data-end=\"2017\">\n<li data-start=\"1841\" data-end=\"1926\">\n<p data-start=\"1843\" data-end=\"1926\"><strong data-start=\"1843\" data-end=\"1888\">National park fees for foreigners<\/strong> THB 400 (included in the total price)<\/p>\n<\/li>\n<li data-start=\"1927\" data-end=\"2017\">\n<p data-start=\"1929\" data-end=\"2017\">Maya Bay is <strong data-start=\"1942\" data-end=\"1985\">closed from 1 August to 30 September 2025<\/strong>. The bay is still visible from afar.<\/p>\n<\/li>\n<\/ul>\n<hr data-start=\"2019\" data-end=\"2022\" \/>\n<h3 data-start=\"2024\" data-end=\"2047\">\ud83e\uddf3 <strong data-start=\"2031\" data-end=\"2047\">Takeaway:<\/strong><\/h3>\n<ul data-start=\"2049\" data-end=\"2142\">\n<li data-start=\"2049\" data-end=\"2068\">\n<p data-start=\"2051\" data-end=\"2068\">Swimming costumes<\/p>\n<\/li>\n<li data-start=\"2069\" data-end=\"2082\">\n<p data-start=\"2071\" data-end=\"2082\">Towel<\/p>\n<\/li>\n<li data-start=\"2083\" data-end=\"2100\">\n<p data-start=\"2085\" data-end=\"2100\">Sun cream<\/p>\n<\/li>\n<li data-start=\"2101\" data-end=\"2123\">\n<p data-start=\"2103\" data-end=\"2123\">Sunglasses<\/p>\n<\/li>\n<li data-start=\"2124\" data-end=\"2142\">\n<p data-start=\"2126\" data-end=\"2142\">Camera<\/p>\n<\/li>\n<\/ul>","protected":false},"excerpt":{"rendered":"<h3 data-start=\"296\" data-end=\"361\">\u2728 <strong data-start=\"302\" data-end=\"359\">A condensed paradise accessible by fast catamaran<\/strong><\/h3>\n<p data-start=\"362\" data-end=\"653\">Discover the emblematic Phi Phi Islands, Maya Bay and Khai Island aboard a comfortable speed catamaran. Snorkelling, majestic cliffs, playful monkeys and dream beaches await you. A complete programme, ideal for lovers of grandiose landscapes and turquoise waters.<\/p>\n<blockquote data-start=\"655\" data-end=\"764\">\n<p data-start=\"657\" data-end=\"764\">\ud83d\udea4 Smoother ride than a traditional speedboat<br data-start=\"707\" data-end=\"710\" \/>\ud83d\ude8c Free transfers from your hotel in Phuket<\/p>\n<\/blockquote>","protected":false},"featured_media":30193,"comment_status":"open","ping_status":"closed","template":"","meta":{"_uag_custom_page_level_css":""},"product_brand":[],"product_cat":[67],"product_tag":[],"class_list":{"0":"post-30189","1":"product","2":"type-product","3":"status-publish","4":"has-post-thumbnail","6":"product_cat-phuket","8":"first","9":"instock","10":"virtual","11":"taxable","12":"purchasable","13":"product-type-simple"},"yoast_head":"<!-- This site is optimized with the Yoast SEO plugin v27.1.1 - https:\/\/yoast.com\/product\/yoast-seo-wordpress\/ -->\n<title>\ud83c\udfdd\ufe0f Excursion Phi Phi, Maya Bay &amp; Khai Island en Catamaran de Vitesse -<\/title>\n<meta name=\"robots\" content=\"index, follow, max-snippet:-1, max-image-preview:large, max-video-preview:-1\" \/>\n<link rel=\"canonical\" href=\"https:\/\/lunayatravel.com\/en\/product\/\ud83c\udfdd\ufe0f-excursion-phi-phi-maya-bay-khai-island-en-catamaran-de-vitesse\/\" \/>\n<meta property=\"og:locale\" content=\"en_GB\" \/>\n<meta property=\"og:type\" content=\"article\" \/>\n<meta property=\"og:title\" content=\"\ud83c\udfdd\ufe0f Excursion Phi Phi, Maya Bay &amp; Khai Island en Catamaran de Vitesse -\" \/>\n<meta property=\"og:description\" content=\"\u2728 Un condens\u00e9 de paradis accessible en catamaran rapide D\u00e9couvrez les embl\u00e9matiques \u00eeles Phi Phi, Maya Bay et Khai Island \u00e0 bord d\u2019un catamaran de vitesse confortable. Plong\u00e9e en apn\u00e9e, falaises majestueuses, singes joueurs et plages de r\u00eave vous attendent. Un programme complet, id\u00e9al pour les amoureux de paysages grandioses et d\u2019eaux turquoise.   \ud83d\udea4 Voyage plus fluide qu\u2019en speedboat traditionnel\ud83d\ude8c Transferts gratuits depuis votre h\u00f4tel \u00e0 Phuket\" \/>\n<meta property=\"og:url\" content=\"https:\/\/lunayatravel.com\/en\/product\/\ud83c\udfdd\ufe0f-excursion-phi-phi-maya-bay-khai-island-en-catamaran-de-vitesse\/\" \/>\n<meta property=\"article:publisher\" content=\"https:\/\/www.facebook.com\/lunayaTravel\/\" \/>\n<meta property=\"og:image\" content=\"https:\/\/lunayatravel.com\/wp-content\/uploads\/2025\/07\/01-1-1.webp\" \/>\n\t<meta property=\"og:image:width\" content=\"720\" \/>\n\t<meta property=\"og:image:height\" content=\"540\" \/>\n\t<meta property=\"og:image:type\" content=\"image\/webp\" \/>\n<meta name=\"twitter:card\" content=\"summary_large_image\" \/>\n<meta name=\"twitter:label1\" content=\"Estimated reading time\" \/>\n\t<meta name=\"twitter:data1\" content=\"1 minute\" \/>\n<script type=\"application\/ld+json\" class=\"yoast-schema-graph\">{\"@context\":\"https:\/\/schema.org\",\"@graph\":[{\"@type\":\"WebPage\",\"@id\":\"https:\/\/lunayatravel.com\/produit\/%f0%9f%8f%9d%ef%b8%8f-excursion-phi-phi-maya-bay-khai-island-en-catamaran-de-vitesse\/\",\"url\":\"https:\/\/lunayatravel.com\/produit\/%f0%9f%8f%9d%ef%b8%8f-excursion-phi-phi-maya-bay-khai-island-en-catamaran-de-vitesse\/\",\"name\":\"\ud83c\udfdd\ufe0f Excursion Phi Phi, Maya Bay & Khai Island en Catamaran de Vitesse -\",\"isPartOf\":{\"@id\":\"https:\/\/lunayatravel.com\/#website\"},\"primaryImageOfPage\":{\"@id\":\"https:\/\/lunayatravel.com\/produit\/%f0%9f%8f%9d%ef%b8%8f-excursion-phi-phi-maya-bay-khai-island-en-catamaran-de-vitesse\/#primaryimage\"},\"image\":{\"@id\":\"https:\/\/lunayatravel.com\/produit\/%f0%9f%8f%9d%ef%b8%8f-excursion-phi-phi-maya-bay-khai-island-en-catamaran-de-vitesse\/#primaryimage\"},\"thumbnailUrl\":\"https:\/\/lunayatravel.com\/wp-content\/uploads\/2025\/07\/01-1-1.webp\",\"datePublished\":\"2025-07-28T06:11:07+00:00\",\"breadcrumb\":{\"@id\":\"https:\/\/lunayatravel.com\/produit\/%f0%9f%8f%9d%ef%b8%8f-excursion-phi-phi-maya-bay-khai-island-en-catamaran-de-vitesse\/#breadcrumb\"},\"inLanguage\":\"en-GB\",\"potentialAction\":[{\"@type\":\"ReadAction\",\"target\":[\"https:\/\/lunayatravel.com\/produit\/%f0%9f%8f%9d%ef%b8%8f-excursion-phi-phi-maya-bay-khai-island-en-catamaran-de-vitesse\/\"]}]},{\"@type\":\"ImageObject\",\"inLanguage\":\"en-GB\",\"@id\":\"https:\/\/lunayatravel.com\/produit\/%f0%9f%8f%9d%ef%b8%8f-excursion-phi-phi-maya-bay-khai-island-en-catamaran-de-vitesse\/#primaryimage\",\"url\":\"https:\/\/lunayatravel.com\/wp-content\/uploads\/2025\/07\/01-1-1.webp\",\"contentUrl\":\"https:\/\/lunayatravel.com\/wp-content\/uploads\/2025\/07\/01-1-1.webp\",\"width\":720,\"height\":540},{\"@type\":\"BreadcrumbList\",\"@id\":\"https:\/\/lunayatravel.com\/produit\/%f0%9f%8f%9d%ef%b8%8f-excursion-phi-phi-maya-bay-khai-island-en-catamaran-de-vitesse\/#breadcrumb\",\"itemListElement\":[{\"@type\":\"ListItem\",\"position\":1,\"name\":\"Accueil\",\"item\":\"https:\/\/lunayatravel.com\/\"},{\"@type\":\"ListItem\",\"position\":2,\"name\":\"Nos activit\u00e9s\",\"item\":\"https:\/\/lunayatravel.com\/nos-activites\/\"},{\"@type\":\"ListItem\",\"position\":3,\"name\":\"\ud83c\udfdd\ufe0f Excursion Phi Phi, Maya Bay &#038; Khai Island en Catamaran de Vitesse\"}]},{\"@type\":\"WebSite\",\"@id\":\"https:\/\/lunayatravel.com\/#website\",\"url\":\"https:\/\/lunayatravel.com\/\",\"name\":\"\",\"description\":\"\",\"publisher\":{\"@id\":\"https:\/\/lunayatravel.com\/#organization\"},\"potentialAction\":[{\"@type\":\"SearchAction\",\"target\":{\"@type\":\"EntryPoint\",\"urlTemplate\":\"https:\/\/lunayatravel.com\/?s={search_term_string}\"},\"query-input\":{\"@type\":\"PropertyValueSpecification\",\"valueRequired\":true,\"valueName\":\"search_term_string\"}}],\"inLanguage\":\"en-GB\"},{\"@type\":\"Organization\",\"@id\":\"https:\/\/lunayatravel.com\/#organization\",\"name\":\"Lunaya travel\",\"alternateName\":\"Lunaya travel\",\"url\":\"https:\/\/lunayatravel.com\/\",\"logo\":{\"@type\":\"ImageObject\",\"inLanguage\":\"en-GB\",\"@id\":\"https:\/\/lunayatravel.com\/#\/schema\/logo\/image\/\",\"url\":\"https:\/\/lunayatravel.com\/wp-content\/uploads\/2026\/03\/cropped-647319118_2379115739204013_337015058165053143_n.jpg\",\"contentUrl\":\"https:\/\/lunayatravel.com\/wp-content\/uploads\/2026\/03\/cropped-647319118_2379115739204013_337015058165053143_n.jpg\",\"width\":1022,\"height\":1023,\"caption\":\"Lunaya travel\"},\"image\":{\"@id\":\"https:\/\/lunayatravel.com\/#\/schema\/logo\/image\/\"},\"sameAs\":[\"https:\/\/www.facebook.com\/lunayaTravel\/\"]}]}<\/script>\n<!-- \/ Yoast SEO plugin. -->","yoast_head_json":{"title":"\ud83c\udfdd\ufe0f Excursion Phi Phi, Maya Bay & Khai Island en Catamaran de Vitesse -","robots":{"index":"index","follow":"follow","max-snippet":"max-snippet:-1","max-image-preview":"max-image-preview:large","max-video-preview":"max-video-preview:-1"},"canonical":"https:\/\/lunayatravel.com\/en\/product\/\ud83c\udfdd\ufe0f-excursion-phi-phi-maya-bay-khai-island-en-catamaran-de-vitesse\/","og_locale":"en_GB","og_type":"article","og_title":"\ud83c\udfdd\ufe0f Excursion Phi Phi, Maya Bay & Khai Island en Catamaran de Vitesse -","og_description":"\u2728 Un condens\u00e9 de paradis accessible en catamaran rapide D\u00e9couvrez les embl\u00e9matiques \u00eeles Phi Phi, Maya Bay et Khai Island \u00e0 bord d\u2019un catamaran de vitesse confortable. Plong\u00e9e en apn\u00e9e, falaises majestueuses, singes joueurs et plages de r\u00eave vous attendent. Un programme complet, id\u00e9al pour les amoureux de paysages grandioses et d\u2019eaux turquoise.   \ud83d\udea4 Voyage plus fluide qu\u2019en speedboat traditionnel\ud83d\ude8c Transferts gratuits depuis votre h\u00f4tel \u00e0 Phuket","og_url":"https:\/\/lunayatravel.com\/en\/product\/\ud83c\udfdd\ufe0f-excursion-phi-phi-maya-bay-khai-island-en-catamaran-de-vitesse\/","article_publisher":"https:\/\/www.facebook.com\/lunayaTravel\/","og_image":[{"width":720,"height":540,"url":"https:\/\/lunayatravel.com\/wp-content\/uploads\/2025\/07\/01-1-1.webp","type":"image\/webp"}],"twitter_card":"summary_large_image","twitter_misc":{"Estimated reading time":"1 minute"},"schema":{"@context":"https:\/\/schema.org","@graph":[{"@type":"WebPage","@id":"https:\/\/lunayatravel.com\/produit\/%f0%9f%8f%9d%ef%b8%8f-excursion-phi-phi-maya-bay-khai-island-en-catamaran-de-vitesse\/","url":"https:\/\/lunayatravel.com\/produit\/%f0%9f%8f%9d%ef%b8%8f-excursion-phi-phi-maya-bay-khai-island-en-catamaran-de-vitesse\/","name":"\ud83c\udfdd\ufe0f Excursion Phi Phi, Maya Bay & Khai Island en Catamaran de Vitesse -","isPartOf":{"@id":"https:\/\/lunayatravel.com\/#website"},"primaryImageOfPage":{"@id":"https:\/\/lunayatravel.com\/produit\/%f0%9f%8f%9d%ef%b8%8f-excursion-phi-phi-maya-bay-khai-island-en-catamaran-de-vitesse\/#primaryimage"},"image":{"@id":"https:\/\/lunayatravel.com\/produit\/%f0%9f%8f%9d%ef%b8%8f-excursion-phi-phi-maya-bay-khai-island-en-catamaran-de-vitesse\/#primaryimage"},"thumbnailUrl":"https:\/\/lunayatravel.com\/wp-content\/uploads\/2025\/07\/01-1-1.webp","datePublished":"2025-07-28T06:11:07+00:00","breadcrumb":{"@id":"https:\/\/lunayatravel.com\/produit\/%f0%9f%8f%9d%ef%b8%8f-excursion-phi-phi-maya-bay-khai-island-en-catamaran-de-vitesse\/#breadcrumb"},"inLanguage":"en-GB","potentialAction":[{"@type":"ReadAction","target":["https:\/\/lunayatravel.com\/produit\/%f0%9f%8f%9d%ef%b8%8f-excursion-phi-phi-maya-bay-khai-island-en-catamaran-de-vitesse\/"]}]},{"@type":"ImageObject","inLanguage":"en-GB","@id":"https:\/\/lunayatravel.com\/produit\/%f0%9f%8f%9d%ef%b8%8f-excursion-phi-phi-maya-bay-khai-island-en-catamaran-de-vitesse\/#primaryimage","url":"https:\/\/lunayatravel.com\/wp-content\/uploads\/2025\/07\/01-1-1.webp","contentUrl":"https:\/\/lunayatravel.com\/wp-content\/uploads\/2025\/07\/01-1-1.webp","width":720,"height":540},{"@type":"BreadcrumbList","@id":"https:\/\/lunayatravel.com\/produit\/%f0%9f%8f%9d%ef%b8%8f-excursion-phi-phi-maya-bay-khai-island-en-catamaran-de-vitesse\/#breadcrumb","itemListElement":[{"@type":"ListItem","position":1,"name":"Accueil","item":"https:\/\/lunayatravel.com\/"},{"@type":"ListItem","position":2,"name":"Nos activit\u00e9s","item":"https:\/\/lunayatravel.com\/nos-activites\/"},{"@type":"ListItem","position":3,"name":"\ud83c\udfdd\ufe0f Excursion Phi Phi, Maya Bay &#038; Khai Island en Catamaran de Vitesse"}]},{"@type":"WebSite","@id":"https:\/\/lunayatravel.com\/#website","url":"https:\/\/lunayatravel.com\/","name":"","description":"","publisher":{"@id":"https:\/\/lunayatravel.com\/#organization"},"potentialAction":[{"@type":"SearchAction","target":{"@type":"EntryPoint","urlTemplate":"https:\/\/lunayatravel.com\/?s={search_term_string}"},"query-input":{"@type":"PropertyValueSpecification","valueRequired":true,"valueName":"search_term_string"}}],"inLanguage":"en-GB"},{"@type":"Organization","@id":"https:\/\/lunayatravel.com\/#organization","name":"Lunaya travel","alternateName":"Lunaya travel","url":"https:\/\/lunayatravel.com\/","logo":{"@type":"ImageObject","inLanguage":"en-GB","@id":"https:\/\/lunayatravel.com\/#\/schema\/logo\/image\/","url":"https:\/\/lunayatravel.com\/wp-content\/uploads\/2026\/03\/cropped-647319118_2379115739204013_337015058165053143_n.jpg","contentUrl":"https:\/\/lunayatravel.com\/wp-content\/uploads\/2026\/03\/cropped-647319118_2379115739204013_337015058165053143_n.jpg","width":1022,"height":1023,"caption":"Lunaya travel"},"image":{"@id":"https:\/\/lunayatravel.com\/#\/schema\/logo\/image\/"},"sameAs":["https:\/\/www.facebook.com\/lunayaTravel\/"]}]}},"uagb_featured_image_src":{"full":["https:\/\/lunayatravel.com\/wp-content\/uploads\/2025\/07\/01-1-1.webp",720,540,false],"thumbnail":["https:\/\/lunayatravel.com\/wp-content\/uploads\/2025\/07\/01-1-1-150x150.webp",150,150,true],"medium":["https:\/\/lunayatravel.com\/wp-content\/uploads\/2025\/07\/01-1-1-300x225.webp",300,225,true],"medium_large":["https:\/\/lunayatravel.com\/wp-content\/uploads\/2025\/07\/01-1-1.webp",720,540,false],"large":["https:\/\/lunayatravel.com\/wp-content\/uploads\/2025\/07\/01-1-1.webp",720,540,false],"1536x1536":["https:\/\/lunayatravel.com\/wp-content\/uploads\/2025\/07\/01-1-1.webp",720,540,false],"2048x2048":["https:\/\/lunayatravel.com\/wp-content\/uploads\/2025\/07\/01-1-1.webp",720,540,false],"trp-custom-language-flag":["https:\/\/lunayatravel.com\/wp-content\/uploads\/2025\/07\/01-1-1.webp",16,12,false],"widget-thumbnail":["https:\/\/lunayatravel.com\/wp-content\/uploads\/2025\/07\/01-1-1-75x75.webp",75,75,true],"mailpoet_newsletter_max":["https:\/\/lunayatravel.com\/wp-content\/uploads\/2025\/07\/01-1-1.webp",720,540,false],"woocommerce_thumbnail":["https:\/\/lunayatravel.com\/wp-content\/uploads\/2025\/07\/01-1-1-300x300.webp",300,300,true],"woocommerce_single":["https:\/\/lunayatravel.com\/wp-content\/uploads\/2025\/07\/01-1-1-600x450.webp",600,450,true],"woocommerce_gallery_thumbnail":["https:\/\/lunayatravel.com\/wp-content\/uploads\/2025\/07\/01-1-1-100x100.webp",100,100,true],"sow-carousel-default":["https:\/\/lunayatravel.com\/wp-content\/uploads\/2025\/07\/01-1-1-272x182.webp",272,182,true]},"uagb_author_info":{"display_name":"haemers stephanie","author_link":"https:\/\/lunayatravel.com\/en\/author\/"},"uagb_comment_info":0,"uagb_excerpt":"\u2728 Un condens\u00e9 de paradis accessible en catamaran rapide D\u00e9couvrez les embl\u00e9matiques \u00eeles Phi Phi, Maya Bay et Khai Island \u00e0 bord d\u2019un catamaran de vitesse confortable. Plong\u00e9e en apn\u00e9e, falaises majestueuses, singes joueurs et plages de r\u00eave vous attendent. Un programme complet, id\u00e9al pour les amoureux de paysages grandioses et d\u2019eaux turquoise. \ud83d\udea4 Voyage&hellip;","jetpack_sharing_enabled":true,"_links":{"self":[{"href":"https:\/\/lunayatravel.com\/en\/wp-json\/wp\/v2\/product\/30189","targetHints":{"allow":["GET"]}}],"collection":[{"href":"https:\/\/lunayatravel.com\/en\/wp-json\/wp\/v2\/product"}],"about":[{"href":"https:\/\/lunayatravel.com\/en\/wp-json\/wp\/v2\/types\/product"}],"replies":[{"embeddable":true,"href":"https:\/\/lunayatravel.com\/en\/wp-json\/wp\/v2\/comments?post=30189"}],"wp:featuredmedia":[{"embeddable":true,"href":"https:\/\/lunayatravel.com\/en\/wp-json\/wp\/v2\/media\/30193"}],"wp:attachment":[{"href":"https:\/\/lunayatravel.com\/en\/wp-json\/wp\/v2\/media?parent=30189"}],"wp:term":[{"taxonomy":"product_brand","embeddable":true,"href":"https:\/\/lunayatravel.com\/en\/wp-json\/wp\/v2\/product_brand?post=30189"},{"taxonomy":"product_cat","embeddable":true,"href":"https:\/\/lunayatravel.com\/en\/wp-json\/wp\/v2\/product_cat?post=30189"},{"taxonomy":"product_tag","embeddable":true,"href":"https:\/\/lunayatravel.com\/en\/wp-json\/wp\/v2\/product_tag?post=30189"}],"curies":[{"name":"wp","href":"https:\/\/api.w.org\/{rel}","templated":true}]}}