{"id":30184,"date":"2025-07-28T07:30:17","date_gmt":"2025-07-28T05:30:17","guid":{"rendered":"https:\/\/itctoursvoyages.com\/?post_type=product&#038;p=30184"},"modified":"2025-07-28T07:30:17","modified_gmt":"2025-07-28T05:30:17","slug":"%f0%9f%8f%9d%ef%b8%8f-excursion-en-speedboat-a-phi-phi-maya-bay-bamboo-island","status":"publish","type":"product","link":"https:\/\/lunayatravel.com\/en\/product\/%f0%9f%8f%9d%ef%b8%8f-excursion-en-speedboat-a-phi-phi-maya-bay-bamboo-island\/","title":{"rendered":"\ud83c\udfdd\ufe0f Speedboat trip to Phi Phi, Maya Bay &amp; Bamboo Island"},"content":{"rendered":"<h3 data-start=\"755\" data-end=\"791\">\ud83d\udcc5 <strong data-start=\"762\" data-end=\"791\">Itinerary (approximate)<\/strong><\/h3>\n<ul data-start=\"793\" data-end=\"1450\">\n<li data-start=\"793\" data-end=\"879\">\n<p data-start=\"795\" data-end=\"879\"><strong data-start=\"795\" data-end=\"804\">07:30<\/strong> - Pick-up from your hotel in Phuket (times vary according to area)<\/p>\n<\/li>\n<li data-start=\"880\" data-end=\"955\">\n<p data-start=\"882\" data-end=\"955\"><strong data-start=\"882\" data-end=\"891\">08:30<\/strong> - Arrival at Royal Phuket Marina, check-in &amp; briefing<\/p>\n<\/li>\n<li data-start=\"956\" data-end=\"1180\">\n<p data-start=\"958\" data-end=\"993\"><strong data-start=\"958\" data-end=\"967\">09:30<\/strong> - Departure by speedboat :<\/p>\n<ul data-start=\"996\" data-end=\"1180\">\n<li data-start=\"996\" data-end=\"1066\">\n<p data-start=\"998\" data-end=\"1066\">Photo stop at <strong data-start=\"1012\" data-end=\"1024\">Maya Bay<\/strong> (closed, but visible from the boat)<\/p>\n<\/li>\n<li data-start=\"1069\" data-end=\"1096\">\n<p data-start=\"1071\" data-end=\"1096\">Swimming <strong data-start=\"1078\" data-end=\"1094\">Pileh Lagoon<\/strong><\/p>\n<\/li>\n<li data-start=\"1099\" data-end=\"1180\">\n<p data-start=\"1101\" data-end=\"1180\">Transition to <strong data-start=\"1114\" data-end=\"1131\">Viking cave<\/strong> &amp; <strong data-start=\"1134\" data-end=\"1150\">Monkey Beach<\/strong> (meeting the monkeys)<\/p>\n<\/li>\n<\/ul>\n<\/li>\n<li data-start=\"1181\" data-end=\"1255\">\n<p data-start=\"1183\" data-end=\"1255\"><strong data-start=\"1183\" data-end=\"1192\">12:30<\/strong> - Buffet lunch on the island of <strong data-start=\"1224\" data-end=\"1239\">Phi Phi Don<\/strong> + free time<\/p>\n<\/li>\n<li data-start=\"1256\" data-end=\"1310\">\n<p data-start=\"1258\" data-end=\"1310\"><strong data-start=\"1258\" data-end=\"1267\">13:30<\/strong> - Snorkelling around Phi Phi Don<\/p>\n<\/li>\n<li data-start=\"1311\" data-end=\"1384\">\n<p data-start=\"1313\" data-end=\"1384\"><strong data-start=\"1313\" data-end=\"1322\">14:30<\/strong> - Relaxation &amp; snorkelling at <strong data-start=\"1348\" data-end=\"1365\">Bamboo Island<\/strong>, An unspoilt beach<\/p>\n<\/li>\n<li data-start=\"1385\" data-end=\"1450\">\n<p data-start=\"1387\" data-end=\"1450\"><strong data-start=\"1387\" data-end=\"1396\">16:30<\/strong> - Return to the marina &amp; transfer back to your hotel<\/p>\n<\/li>\n<\/ul>\n<hr data-start=\"1452\" data-end=\"1455\" \/>\n<h3 data-start=\"1457\" data-end=\"1492\">\u2705 <strong data-start=\"1463\" data-end=\"1492\">Included in the excursion :<\/strong><\/h3>\n<ul data-start=\"1494\" data-end=\"1709\">\n<li data-start=\"1494\" data-end=\"1540\">\n<p data-start=\"1496\" data-end=\"1540\">Return transfers from your hotel in Phuket<\/p>\n<\/li>\n<li data-start=\"1541\" data-end=\"1576\">\n<p data-start=\"1543\" data-end=\"1576\">Buffet lunch on Phi Phi Don<\/p>\n<\/li>\n<li data-start=\"1577\" data-end=\"1608\">\n<p data-start=\"1579\" data-end=\"1608\">Fresh fruit, drinks, water<\/p>\n<\/li>\n<li data-start=\"1609\" data-end=\"1667\">\n<p data-start=\"1611\" data-end=\"1667\">Full snorkelling equipment (mask, snorkel, life jacket)<\/p>\n<\/li>\n<li data-start=\"1668\" data-end=\"1688\">\n<p data-start=\"1670\" data-end=\"1688\">English-speaking guide<\/p>\n<\/li>\n<li data-start=\"1689\" data-end=\"1709\">\n<p data-start=\"1691\" data-end=\"1709\">Accident insurance<\/p>\n<\/li>\n<\/ul>\n<hr data-start=\"1711\" data-end=\"1714\" \/>\n<h3 data-start=\"1716\" data-end=\"1738\">\ud83e\uddf3 <strong data-start=\"1723\" data-end=\"1738\">What to expect:<\/strong><\/h3>\n<ul data-start=\"1740\" data-end=\"1814\">\n<li data-start=\"1740\" data-end=\"1759\">\n<p data-start=\"1742\" data-end=\"1759\">Swimming costumes<\/p>\n<\/li>\n<li data-start=\"1760\" data-end=\"1773\">\n<p data-start=\"1762\" data-end=\"1773\">Towel<\/p>\n<\/li>\n<li data-start=\"1774\" data-end=\"1791\">\n<p data-start=\"1776\" data-end=\"1791\">Sun cream<\/p>\n<\/li>\n<li data-start=\"1792\" data-end=\"1814\">\n<p data-start=\"1794\" data-end=\"1814\">Sunglasses<\/p>\n<\/li>\n<\/ul>\n<hr data-start=\"1816\" data-end=\"1819\" \/>\n<h3 data-start=\"1821\" data-end=\"1842\">\u26a0\ufe0f <strong data-start=\"1828\" data-end=\"1842\">Good to know:<\/strong><\/h3>\n<ul data-start=\"1844\" data-end=\"2128\">\n<li data-start=\"1844\" data-end=\"1983\">\n<p data-start=\"1846\" data-end=\"1983\"><strong data-start=\"1846\" data-end=\"1871\">Closure of Maya Bay<\/strong> from <strong data-start=\"1877\" data-end=\"1910\">1 August to 30 September 2025<\/strong>, Access to the beach is forbidden. It remains visible from the boat.<\/p>\n<\/li>\n<li data-start=\"1984\" data-end=\"2128\">\n<p data-start=\"1986\" data-end=\"2128\">Not recommended for pregnant women, babies under 1 year old, people over 60, or people suffering from heart or respiratory diseases.<\/p>\n<\/li>\n<\/ul>","protected":false},"excerpt":{"rendered":"<h3 data-start=\"282\" data-end=\"358\">\u2728 <strong data-start=\"288\" data-end=\"356\">Discover the most beautiful jewels of the Andaman Sea<\/strong><\/h3>\n<p data-start=\"359\" data-end=\"683\">Embark on an unforgettable day on a speedboat to the famous Phi Phi islands, the iconic Maya Bay (seen from a distance during the closing time), the turquoise lagoon of Pileh, and the peaceful Bamboo Island. It's postcard-perfect scenery, with white sandy beaches, crystal-clear waters and encounters with local wildlife.<\/p>\n<blockquote data-start=\"685\" data-end=\"748\">\n<p data-start=\"687\" data-end=\"748\">\ud83d\udea4 Free transfer from all areas of Phuket included<\/p>\n<\/blockquote>","protected":false},"featured_media":30188,"comment_status":"open","ping_status":"closed","template":"","meta":{"_uag_custom_page_level_css":""},"product_brand":[],"product_cat":[67],"product_tag":[],"class_list":{"0":"post-30184","1":"product","2":"type-product","3":"status-publish","4":"has-post-thumbnail","6":"product_cat-phuket","8":"first","9":"instock","10":"virtual","11":"taxable","12":"purchasable","13":"product-type-simple"},"yoast_head":"<!-- This site is optimized with the Yoast SEO plugin v27.1.1 - https:\/\/yoast.com\/product\/yoast-seo-wordpress\/ -->\n<title>\ud83c\udfdd\ufe0f Excursion en Speedboat \u00e0 Phi Phi, Maya Bay &amp; Bamboo Island -<\/title>\n<meta name=\"robots\" content=\"index, follow, max-snippet:-1, max-image-preview:large, max-video-preview:-1\" \/>\n<link rel=\"canonical\" href=\"https:\/\/lunayatravel.com\/en\/product\/\ud83c\udfdd\ufe0f-excursion-en-speedboat-a-phi-phi-maya-bay-bamboo-island\/\" \/>\n<meta property=\"og:locale\" content=\"en_GB\" \/>\n<meta property=\"og:type\" content=\"article\" \/>\n<meta property=\"og:title\" content=\"\ud83c\udfdd\ufe0f Excursion en Speedboat \u00e0 Phi Phi, Maya Bay &amp; Bamboo Island -\" \/>\n<meta property=\"og:description\" content=\"\u2728 Partez \u00e0 la d\u00e9couverte des plus beaux joyaux de la mer d\u2019Andaman Embarquez pour une journ\u00e9e inoubliable en hors-bord vers les c\u00e9l\u00e8bres \u00eeles Phi Phi, l\u2019iconique Maya Bay (vue de loin pendant la fermeture), la lagune turquoise de Pileh, et la paisible Bamboo Island. Un condens\u00e9 de paysages de carte postale, entre plages de sable blanc, eaux cristallines et rencontres avec la faune locale.   \ud83d\udea4 Transfert gratuit depuis toutes les zones de Phuket inclus\" \/>\n<meta property=\"og:url\" content=\"https:\/\/lunayatravel.com\/en\/product\/\ud83c\udfdd\ufe0f-excursion-en-speedboat-a-phi-phi-maya-bay-bamboo-island\/\" \/>\n<meta property=\"article:publisher\" content=\"https:\/\/www.facebook.com\/lunayaTravel\/\" \/>\n<meta property=\"og:image\" content=\"https:\/\/lunayatravel.com\/wp-content\/uploads\/2025\/07\/PilehLagoon.webp\" \/>\n\t<meta property=\"og:image:width\" content=\"720\" \/>\n\t<meta property=\"og:image:height\" content=\"540\" \/>\n\t<meta property=\"og:image:type\" content=\"image\/webp\" \/>\n<meta name=\"twitter:card\" content=\"summary_large_image\" \/>\n<meta name=\"twitter:label1\" content=\"Estimated reading time\" \/>\n\t<meta name=\"twitter:data1\" content=\"1 minute\" \/>\n<script type=\"application\/ld+json\" class=\"yoast-schema-graph\">{\"@context\":\"https:\/\/schema.org\",\"@graph\":[{\"@type\":\"WebPage\",\"@id\":\"https:\/\/lunayatravel.com\/produit\/%f0%9f%8f%9d%ef%b8%8f-excursion-en-speedboat-a-phi-phi-maya-bay-bamboo-island\/\",\"url\":\"https:\/\/lunayatravel.com\/produit\/%f0%9f%8f%9d%ef%b8%8f-excursion-en-speedboat-a-phi-phi-maya-bay-bamboo-island\/\",\"name\":\"\ud83c\udfdd\ufe0f Excursion en Speedboat \u00e0 Phi Phi, Maya Bay & Bamboo Island -\",\"isPartOf\":{\"@id\":\"https:\/\/lunayatravel.com\/#website\"},\"primaryImageOfPage\":{\"@id\":\"https:\/\/lunayatravel.com\/produit\/%f0%9f%8f%9d%ef%b8%8f-excursion-en-speedboat-a-phi-phi-maya-bay-bamboo-island\/#primaryimage\"},\"image\":{\"@id\":\"https:\/\/lunayatravel.com\/produit\/%f0%9f%8f%9d%ef%b8%8f-excursion-en-speedboat-a-phi-phi-maya-bay-bamboo-island\/#primaryimage\"},\"thumbnailUrl\":\"https:\/\/lunayatravel.com\/wp-content\/uploads\/2025\/07\/PilehLagoon.webp\",\"datePublished\":\"2025-07-28T05:30:17+00:00\",\"breadcrumb\":{\"@id\":\"https:\/\/lunayatravel.com\/produit\/%f0%9f%8f%9d%ef%b8%8f-excursion-en-speedboat-a-phi-phi-maya-bay-bamboo-island\/#breadcrumb\"},\"inLanguage\":\"en-GB\",\"potentialAction\":[{\"@type\":\"ReadAction\",\"target\":[\"https:\/\/lunayatravel.com\/produit\/%f0%9f%8f%9d%ef%b8%8f-excursion-en-speedboat-a-phi-phi-maya-bay-bamboo-island\/\"]}]},{\"@type\":\"ImageObject\",\"inLanguage\":\"en-GB\",\"@id\":\"https:\/\/lunayatravel.com\/produit\/%f0%9f%8f%9d%ef%b8%8f-excursion-en-speedboat-a-phi-phi-maya-bay-bamboo-island\/#primaryimage\",\"url\":\"https:\/\/lunayatravel.com\/wp-content\/uploads\/2025\/07\/PilehLagoon.webp\",\"contentUrl\":\"https:\/\/lunayatravel.com\/wp-content\/uploads\/2025\/07\/PilehLagoon.webp\",\"width\":720,\"height\":540},{\"@type\":\"BreadcrumbList\",\"@id\":\"https:\/\/lunayatravel.com\/produit\/%f0%9f%8f%9d%ef%b8%8f-excursion-en-speedboat-a-phi-phi-maya-bay-bamboo-island\/#breadcrumb\",\"itemListElement\":[{\"@type\":\"ListItem\",\"position\":1,\"name\":\"Accueil\",\"item\":\"https:\/\/lunayatravel.com\/\"},{\"@type\":\"ListItem\",\"position\":2,\"name\":\"Nos activit\u00e9s\",\"item\":\"https:\/\/lunayatravel.com\/nos-activites\/\"},{\"@type\":\"ListItem\",\"position\":3,\"name\":\"\ud83c\udfdd\ufe0f Excursion en Speedboat \u00e0 Phi Phi, Maya Bay &#038; Bamboo Island\"}]},{\"@type\":\"WebSite\",\"@id\":\"https:\/\/lunayatravel.com\/#website\",\"url\":\"https:\/\/lunayatravel.com\/\",\"name\":\"\",\"description\":\"\",\"publisher\":{\"@id\":\"https:\/\/lunayatravel.com\/#organization\"},\"potentialAction\":[{\"@type\":\"SearchAction\",\"target\":{\"@type\":\"EntryPoint\",\"urlTemplate\":\"https:\/\/lunayatravel.com\/?s={search_term_string}\"},\"query-input\":{\"@type\":\"PropertyValueSpecification\",\"valueRequired\":true,\"valueName\":\"search_term_string\"}}],\"inLanguage\":\"en-GB\"},{\"@type\":\"Organization\",\"@id\":\"https:\/\/lunayatravel.com\/#organization\",\"name\":\"Lunaya travel\",\"alternateName\":\"Lunaya travel\",\"url\":\"https:\/\/lunayatravel.com\/\",\"logo\":{\"@type\":\"ImageObject\",\"inLanguage\":\"en-GB\",\"@id\":\"https:\/\/lunayatravel.com\/#\/schema\/logo\/image\/\",\"url\":\"https:\/\/lunayatravel.com\/wp-content\/uploads\/2026\/03\/cropped-647319118_2379115739204013_337015058165053143_n.jpg\",\"contentUrl\":\"https:\/\/lunayatravel.com\/wp-content\/uploads\/2026\/03\/cropped-647319118_2379115739204013_337015058165053143_n.jpg\",\"width\":1022,\"height\":1023,\"caption\":\"Lunaya travel\"},\"image\":{\"@id\":\"https:\/\/lunayatravel.com\/#\/schema\/logo\/image\/\"},\"sameAs\":[\"https:\/\/www.facebook.com\/lunayaTravel\/\"]}]}<\/script>\n<!-- \/ Yoast SEO plugin. -->","yoast_head_json":{"title":"\ud83c\udfdd\ufe0f Excursion en Speedboat \u00e0 Phi Phi, Maya Bay & Bamboo Island -","robots":{"index":"index","follow":"follow","max-snippet":"max-snippet:-1","max-image-preview":"max-image-preview:large","max-video-preview":"max-video-preview:-1"},"canonical":"https:\/\/lunayatravel.com\/en\/product\/\ud83c\udfdd\ufe0f-excursion-en-speedboat-a-phi-phi-maya-bay-bamboo-island\/","og_locale":"en_GB","og_type":"article","og_title":"\ud83c\udfdd\ufe0f Excursion en Speedboat \u00e0 Phi Phi, Maya Bay & Bamboo Island -","og_description":"\u2728 Partez \u00e0 la d\u00e9couverte des plus beaux joyaux de la mer d\u2019Andaman Embarquez pour une journ\u00e9e inoubliable en hors-bord vers les c\u00e9l\u00e8bres \u00eeles Phi Phi, l\u2019iconique Maya Bay (vue de loin pendant la fermeture), la lagune turquoise de Pileh, et la paisible Bamboo Island. Un condens\u00e9 de paysages de carte postale, entre plages de sable blanc, eaux cristallines et rencontres avec la faune locale.   \ud83d\udea4 Transfert gratuit depuis toutes les zones de Phuket inclus","og_url":"https:\/\/lunayatravel.com\/en\/product\/\ud83c\udfdd\ufe0f-excursion-en-speedboat-a-phi-phi-maya-bay-bamboo-island\/","article_publisher":"https:\/\/www.facebook.com\/lunayaTravel\/","og_image":[{"width":720,"height":540,"url":"https:\/\/lunayatravel.com\/wp-content\/uploads\/2025\/07\/PilehLagoon.webp","type":"image\/webp"}],"twitter_card":"summary_large_image","twitter_misc":{"Estimated reading time":"1 minute"},"schema":{"@context":"https:\/\/schema.org","@graph":[{"@type":"WebPage","@id":"https:\/\/lunayatravel.com\/produit\/%f0%9f%8f%9d%ef%b8%8f-excursion-en-speedboat-a-phi-phi-maya-bay-bamboo-island\/","url":"https:\/\/lunayatravel.com\/produit\/%f0%9f%8f%9d%ef%b8%8f-excursion-en-speedboat-a-phi-phi-maya-bay-bamboo-island\/","name":"\ud83c\udfdd\ufe0f Excursion en Speedboat \u00e0 Phi Phi, Maya Bay & Bamboo Island -","isPartOf":{"@id":"https:\/\/lunayatravel.com\/#website"},"primaryImageOfPage":{"@id":"https:\/\/lunayatravel.com\/produit\/%f0%9f%8f%9d%ef%b8%8f-excursion-en-speedboat-a-phi-phi-maya-bay-bamboo-island\/#primaryimage"},"image":{"@id":"https:\/\/lunayatravel.com\/produit\/%f0%9f%8f%9d%ef%b8%8f-excursion-en-speedboat-a-phi-phi-maya-bay-bamboo-island\/#primaryimage"},"thumbnailUrl":"https:\/\/lunayatravel.com\/wp-content\/uploads\/2025\/07\/PilehLagoon.webp","datePublished":"2025-07-28T05:30:17+00:00","breadcrumb":{"@id":"https:\/\/lunayatravel.com\/produit\/%f0%9f%8f%9d%ef%b8%8f-excursion-en-speedboat-a-phi-phi-maya-bay-bamboo-island\/#breadcrumb"},"inLanguage":"en-GB","potentialAction":[{"@type":"ReadAction","target":["https:\/\/lunayatravel.com\/produit\/%f0%9f%8f%9d%ef%b8%8f-excursion-en-speedboat-a-phi-phi-maya-bay-bamboo-island\/"]}]},{"@type":"ImageObject","inLanguage":"en-GB","@id":"https:\/\/lunayatravel.com\/produit\/%f0%9f%8f%9d%ef%b8%8f-excursion-en-speedboat-a-phi-phi-maya-bay-bamboo-island\/#primaryimage","url":"https:\/\/lunayatravel.com\/wp-content\/uploads\/2025\/07\/PilehLagoon.webp","contentUrl":"https:\/\/lunayatravel.com\/wp-content\/uploads\/2025\/07\/PilehLagoon.webp","width":720,"height":540},{"@type":"BreadcrumbList","@id":"https:\/\/lunayatravel.com\/produit\/%f0%9f%8f%9d%ef%b8%8f-excursion-en-speedboat-a-phi-phi-maya-bay-bamboo-island\/#breadcrumb","itemListElement":[{"@type":"ListItem","position":1,"name":"Accueil","item":"https:\/\/lunayatravel.com\/"},{"@type":"ListItem","position":2,"name":"Nos activit\u00e9s","item":"https:\/\/lunayatravel.com\/nos-activites\/"},{"@type":"ListItem","position":3,"name":"\ud83c\udfdd\ufe0f Excursion en Speedboat \u00e0 Phi Phi, Maya Bay &#038; Bamboo Island"}]},{"@type":"WebSite","@id":"https:\/\/lunayatravel.com\/#website","url":"https:\/\/lunayatravel.com\/","name":"","description":"","publisher":{"@id":"https:\/\/lunayatravel.com\/#organization"},"potentialAction":[{"@type":"SearchAction","target":{"@type":"EntryPoint","urlTemplate":"https:\/\/lunayatravel.com\/?s={search_term_string}"},"query-input":{"@type":"PropertyValueSpecification","valueRequired":true,"valueName":"search_term_string"}}],"inLanguage":"en-GB"},{"@type":"Organization","@id":"https:\/\/lunayatravel.com\/#organization","name":"Lunaya travel","alternateName":"Lunaya travel","url":"https:\/\/lunayatravel.com\/","logo":{"@type":"ImageObject","inLanguage":"en-GB","@id":"https:\/\/lunayatravel.com\/#\/schema\/logo\/image\/","url":"https:\/\/lunayatravel.com\/wp-content\/uploads\/2026\/03\/cropped-647319118_2379115739204013_337015058165053143_n.jpg","contentUrl":"https:\/\/lunayatravel.com\/wp-content\/uploads\/2026\/03\/cropped-647319118_2379115739204013_337015058165053143_n.jpg","width":1022,"height":1023,"caption":"Lunaya travel"},"image":{"@id":"https:\/\/lunayatravel.com\/#\/schema\/logo\/image\/"},"sameAs":["https:\/\/www.facebook.com\/lunayaTravel\/"]}]}},"uagb_featured_image_src":{"full":["https:\/\/lunayatravel.com\/wp-content\/uploads\/2025\/07\/PilehLagoon.webp",720,540,false],"thumbnail":["https:\/\/lunayatravel.com\/wp-content\/uploads\/2025\/07\/PilehLagoon-150x150.webp",150,150,true],"medium":["https:\/\/lunayatravel.com\/wp-content\/uploads\/2025\/07\/PilehLagoon-300x225.webp",300,225,true],"medium_large":["https:\/\/lunayatravel.com\/wp-content\/uploads\/2025\/07\/PilehLagoon.webp",720,540,false],"large":["https:\/\/lunayatravel.com\/wp-content\/uploads\/2025\/07\/PilehLagoon.webp",720,540,false],"1536x1536":["https:\/\/lunayatravel.com\/wp-content\/uploads\/2025\/07\/PilehLagoon.webp",720,540,false],"2048x2048":["https:\/\/lunayatravel.com\/wp-content\/uploads\/2025\/07\/PilehLagoon.webp",720,540,false],"trp-custom-language-flag":["https:\/\/lunayatravel.com\/wp-content\/uploads\/2025\/07\/PilehLagoon.webp",16,12,false],"widget-thumbnail":["https:\/\/lunayatravel.com\/wp-content\/uploads\/2025\/07\/PilehLagoon-75x75.webp",75,75,true],"mailpoet_newsletter_max":["https:\/\/lunayatravel.com\/wp-content\/uploads\/2025\/07\/PilehLagoon.webp",720,540,false],"woocommerce_thumbnail":["https:\/\/lunayatravel.com\/wp-content\/uploads\/2025\/07\/PilehLagoon-300x300.webp",300,300,true],"woocommerce_single":["https:\/\/lunayatravel.com\/wp-content\/uploads\/2025\/07\/PilehLagoon-600x450.webp",600,450,true],"woocommerce_gallery_thumbnail":["https:\/\/lunayatravel.com\/wp-content\/uploads\/2025\/07\/PilehLagoon-100x100.webp",100,100,true],"sow-carousel-default":["https:\/\/lunayatravel.com\/wp-content\/uploads\/2025\/07\/PilehLagoon-272x182.webp",272,182,true]},"uagb_author_info":{"display_name":"haemers stephanie","author_link":"https:\/\/lunayatravel.com\/en\/author\/"},"uagb_comment_info":0,"uagb_excerpt":"\u2728 Partez \u00e0 la d\u00e9couverte des plus beaux joyaux de la mer d\u2019Andaman Embarquez pour une journ\u00e9e inoubliable en hors-bord vers les c\u00e9l\u00e8bres \u00eeles Phi Phi, l\u2019iconique Maya Bay (vue de loin pendant la fermeture), la lagune turquoise de Pileh, et la paisible Bamboo Island. Un condens\u00e9 de paysages de carte postale, entre plages de&hellip;","jetpack_sharing_enabled":true,"_links":{"self":[{"href":"https:\/\/lunayatravel.com\/en\/wp-json\/wp\/v2\/product\/30184","targetHints":{"allow":["GET"]}}],"collection":[{"href":"https:\/\/lunayatravel.com\/en\/wp-json\/wp\/v2\/product"}],"about":[{"href":"https:\/\/lunayatravel.com\/en\/wp-json\/wp\/v2\/types\/product"}],"replies":[{"embeddable":true,"href":"https:\/\/lunayatravel.com\/en\/wp-json\/wp\/v2\/comments?post=30184"}],"wp:featuredmedia":[{"embeddable":true,"href":"https:\/\/lunayatravel.com\/en\/wp-json\/wp\/v2\/media\/30188"}],"wp:attachment":[{"href":"https:\/\/lunayatravel.com\/en\/wp-json\/wp\/v2\/media?parent=30184"}],"wp:term":[{"taxonomy":"product_brand","embeddable":true,"href":"https:\/\/lunayatravel.com\/en\/wp-json\/wp\/v2\/product_brand?post=30184"},{"taxonomy":"product_cat","embeddable":true,"href":"https:\/\/lunayatravel.com\/en\/wp-json\/wp\/v2\/product_cat?post=30184"},{"taxonomy":"product_tag","embeddable":true,"href":"https:\/\/lunayatravel.com\/en\/wp-json\/wp\/v2\/product_tag?post=30184"}],"curies":[{"name":"wp","href":"https:\/\/api.w.org\/{rel}","templated":true}]}}