{"id":30180,"date":"2025-07-26T16:26:44","date_gmt":"2025-07-26T14:26:44","guid":{"rendered":"https:\/\/itctoursvoyages.com\/?post_type=product&#038;p=30180"},"modified":"2025-07-26T16:26:44","modified_gmt":"2025-07-26T14:26:44","slug":"%f0%9f%8c%ba-plongee-nature-a-nyaung-oo-phee-1-journee-complete","status":"publish","type":"product","link":"https:\/\/lunayatravel.com\/en\/product\/%f0%9f%8c%ba-plongee-nature-a-nyaung-oo-phee-1-journee-complete\/","title":{"rendered":"\ud83c\udf3a Diving &amp; Nature at Nyaung Oo Phee - 1 Full Day"},"content":{"rendered":"<h3 data-start=\"675\" data-end=\"714\">\ud83d\udd58 <strong data-start=\"682\" data-end=\"712\">Itinerary for the day :<\/strong><\/h3>\n<ul data-start=\"716\" data-end=\"1362\">\n<li data-start=\"716\" data-end=\"808\">\n<p data-start=\"718\" data-end=\"808\"><strong data-start=\"718\" data-end=\"727\">08:00<\/strong> - Welcome at Grand Andaman Pier (Ranong) and border crossing formalities<\/p>\n<\/li>\n<li data-start=\"809\" data-end=\"884\">\n<p data-start=\"811\" data-end=\"884\"><strong data-start=\"811\" data-end=\"820\">08:45<\/strong> - Departure for <strong data-start=\"835\" data-end=\"857\">Koh Song (Myanmar)<\/strong>immigration procedures<\/p>\n<\/li>\n<li data-start=\"885\" data-end=\"946\">\n<p data-start=\"887\" data-end=\"946\"><strong data-start=\"887\" data-end=\"896\">09:00<\/strong> - Boarding for the island of <strong data-start=\"926\" data-end=\"944\">Nyaung Oo Phee<\/strong><\/p>\n<\/li>\n<li data-start=\"947\" data-end=\"1062\">\n<p data-start=\"949\" data-end=\"1062\"><strong data-start=\"949\" data-end=\"958\">10:30<\/strong> - First snorkelling stop: <strong data-start=\"988\" data-end=\"1004\">\"T\u00eate d'\u00eele<\/strong>spectacular reefs in the shape of an underwater mountain<\/p>\n<\/li>\n<li data-start=\"1063\" data-end=\"1134\">\n<p data-start=\"1065\" data-end=\"1134\"><strong data-start=\"1065\" data-end=\"1074\">12:00<\/strong> - Lunch on the beach + free time to swim or relax<\/p>\n<\/li>\n<li data-start=\"1135\" data-end=\"1256\">\n<p data-start=\"1137\" data-end=\"1256\"><strong data-start=\"1137\" data-end=\"1146\">13:00<\/strong> - Second and third snorkelling sessions in sites rich in soft corals, known as \"sea flowers\".<\/p>\n<\/li>\n<li data-start=\"1257\" data-end=\"1303\">\n<p data-start=\"1259\" data-end=\"1303\"><strong data-start=\"1259\" data-end=\"1268\">15:30<\/strong> - Return to Koh Song (Myanmar)<\/p>\n<\/li>\n<li data-start=\"1304\" data-end=\"1362\">\n<p data-start=\"1306\" data-end=\"1362\"><strong data-start=\"1306\" data-end=\"1315\">17:00<\/strong> - Arrival at Grand Andaman jetty (Ranong)<\/p>\n<\/li>\n<\/ul>\n<hr data-start=\"1364\" data-end=\"1367\" \/>\n<h3 data-start=\"1369\" data-end=\"1398\">\u2705 <strong data-start=\"1375\" data-end=\"1398\">What's included :<\/strong><\/h3>\n<ul data-start=\"1400\" data-end=\"1749\">\n<li data-start=\"1400\" data-end=\"1447\">\n<p data-start=\"1402\" data-end=\"1447\">Transport in <strong data-start=\"1415\" data-end=\"1445\">fast boat round trip<\/strong><\/p>\n<\/li>\n<li data-start=\"1448\" data-end=\"1518\">\n<p data-start=\"1450\" data-end=\"1518\">Cost of <strong data-start=\"1459\" data-end=\"1516\">Boarder Pass &amp; immigration for Thai residents<\/strong><\/p>\n<\/li>\n<li data-start=\"1519\" data-end=\"1600\">\n<p data-start=\"1521\" data-end=\"1600\"><strong data-start=\"1521\" data-end=\"1553\">3 guided snorkelling spots<\/strong> with equipment provided (mask, snorkel, life jacket)<\/p>\n<\/li>\n<li data-start=\"1601\" data-end=\"1678\">\n<p data-start=\"1603\" data-end=\"1678\">Professional local guides (Thai + Burmese, trained in first aid)<\/p>\n<\/li>\n<li data-start=\"1679\" data-end=\"1702\">\n<p data-start=\"1681\" data-end=\"1702\"><strong data-start=\"1681\" data-end=\"1700\">Lunch included<\/strong><\/p>\n<\/li>\n<li data-start=\"1703\" data-end=\"1749\">\n<p data-start=\"1705\" data-end=\"1749\"><strong data-start=\"1705\" data-end=\"1727\">Accident insurance<\/strong> up to THB 1,000,000<\/p>\n<\/li>\n<\/ul>\n<hr data-start=\"1751\" data-end=\"1754\" \/>\n<h3 data-start=\"1756\" data-end=\"1778\">\u274c <strong data-start=\"1762\" data-end=\"1778\">Not included:<\/strong><\/h3>\n<ul data-start=\"1779\" data-end=\"1807\">\n<li data-start=\"1779\" data-end=\"1807\">\n<p data-start=\"1781\" data-end=\"1807\">Transfer to the pier<\/p>\n<\/li>\n<\/ul>\n<h3 data-start=\"1809\" data-end=\"1856\">\ud83d\ude90 <strong data-start=\"1816\" data-end=\"1856\">Shuttle options (extra charge) :<\/strong><\/h3>\n<ul data-start=\"1857\" data-end=\"1971\">\n<li data-start=\"1857\" data-end=\"1917\">\n<p data-start=\"1859\" data-end=\"1917\">From Ranong city centre : <strong data-start=\"1894\" data-end=\"1915\">+150 THB\/person<\/strong><\/p>\n<\/li>\n<li data-start=\"1918\" data-end=\"1971\">\n<p data-start=\"1920\" data-end=\"1971\">From Ranong airport : <strong data-start=\"1950\" data-end=\"1971\">+300 THB\/person<\/strong><\/p>\n<\/li>\n<\/ul>\n<h3 data-start=\"1973\" data-end=\"2015\">\ud83c\udf0d <strong data-start=\"1980\" data-end=\"2015\">Supplement for foreigners :<\/strong><\/h3>\n<ul data-start=\"2016\" data-end=\"2075\">\n<li data-start=\"2016\" data-end=\"2075\">\n<p data-start=\"2018\" data-end=\"2075\"><strong data-start=\"2018\" data-end=\"2040\">+1500 THB\/person<\/strong> (Myanmar temporary visa fee)<\/p>\n<\/li>\n<\/ul>\n<hr data-start=\"2077\" data-end=\"2080\" \/>\n<h3 data-start=\"2082\" data-end=\"2105\">\ud83e\uddf3 <strong data-start=\"2089\" data-end=\"2105\">What to bring :<\/strong><\/h3>\n<ul data-start=\"2106\" data-end=\"2294\">\n<li data-start=\"2106\" data-end=\"2160\">\n<p data-start=\"2108\" data-end=\"2160\">Original passport (or copy for Thai nationals)<\/p>\n<\/li>\n<li data-start=\"2161\" data-end=\"2198\">\n<p data-start=\"2163\" data-end=\"2198\">Swimming costume, light clothing<\/p>\n<\/li>\n<li data-start=\"2199\" data-end=\"2256\">\n<p data-start=\"2201\" data-end=\"2256\">Sun cream, towel, hat, sunglasses<\/p>\n<\/li>\n<li data-start=\"2257\" data-end=\"2294\">\n<p data-start=\"2259\" data-end=\"2294\">Camera (waterproof recommended)<\/p>\n<\/li>\n<\/ul>","protected":false},"excerpt":{"rendered":"<h3 data-start=\"292\" data-end=\"375\">\ud83c\udfdd\ufe0f <strong data-start=\"300\" data-end=\"373\">An unspoilt island, dazzling coral reefs, a unique getaway in Myanmar<\/strong><\/h3>\n<p data-start=\"376\" data-end=\"573\">Explore the Andaman Sea's most colourful reefs, swim in crystal clear waters and marvel at the natural beauty of Nyaung Oo Phee, one of Myanmar's hidden gems.<\/p>\n<blockquote data-start=\"575\" data-end=\"668\">\n<p data-start=\"577\" data-end=\"668\">Perfect for lovers of snorkelling, unspoilt landscapes and open-sea escapism!<\/p>\n<\/blockquote>","protected":false},"featured_media":30182,"comment_status":"open","ping_status":"closed","template":"","meta":{"_uag_custom_page_level_css":""},"product_brand":[],"product_cat":[21],"product_tag":[],"class_list":{"0":"post-30180","1":"product","2":"type-product","3":"status-publish","4":"has-post-thumbnail","6":"product_cat-non-classe","8":"first","9":"instock","10":"virtual","11":"taxable","12":"purchasable","13":"product-type-simple"},"yoast_head":"<!-- This site is optimized with the Yoast SEO plugin v27.1.1 - https:\/\/yoast.com\/product\/yoast-seo-wordpress\/ -->\n<title>\ud83c\udf3a Plong\u00e9e &amp; Nature \u00e0 Nyaung Oo Phee \u2013 1 Journ\u00e9e compl\u00e8te -<\/title>\n<meta name=\"robots\" content=\"index, follow, max-snippet:-1, max-image-preview:large, max-video-preview:-1\" \/>\n<link rel=\"canonical\" href=\"https:\/\/lunayatravel.com\/en\/product\/\ud83c\udf3a-plongee-nature-a-nyaung-oo-phee-1-journee-complete\/\" \/>\n<meta property=\"og:locale\" content=\"en_GB\" \/>\n<meta property=\"og:type\" content=\"article\" \/>\n<meta property=\"og:title\" content=\"\ud83c\udf3a Plong\u00e9e &amp; Nature \u00e0 Nyaung Oo Phee \u2013 1 Journ\u00e9e compl\u00e8te -\" \/>\n<meta property=\"og:description\" content=\"\ud83c\udfdd\ufe0f Une \u00eele intacte, des coraux \u00e9clatants, une escapade unique au Myanmar Explorez les r\u00e9cifs les plus color\u00e9s de la mer d\u2019Andaman, nagez dans une eau cristalline, et laissez-vous \u00e9merveiller par la beaut\u00e9 naturelle de Nyaung Oo Phee, l&#039;une des perles cach\u00e9es du Myanmar.   Parfait pour les amateurs de snorkeling, de paysages pr\u00e9serv\u00e9s et d\u2019\u00e9vasion en pleine mer !\" \/>\n<meta property=\"og:url\" content=\"https:\/\/lunayatravel.com\/en\/product\/\ud83c\udf3a-plongee-nature-a-nyaung-oo-phee-1-journee-complete\/\" \/>\n<meta property=\"article:publisher\" content=\"https:\/\/www.facebook.com\/lunayaTravel\/\" \/>\n<meta property=\"og:image\" content=\"https:\/\/lunayatravel.com\/wp-content\/uploads\/2025\/07\/naophee81.webp\" \/>\n\t<meta property=\"og:image:width\" content=\"720\" \/>\n\t<meta property=\"og:image:height\" content=\"405\" \/>\n\t<meta property=\"og:image:type\" content=\"image\/webp\" \/>\n<meta name=\"twitter:card\" content=\"summary_large_image\" \/>\n<meta name=\"twitter:label1\" content=\"Estimated reading time\" \/>\n\t<meta name=\"twitter:data1\" content=\"1 minute\" \/>\n<script type=\"application\/ld+json\" class=\"yoast-schema-graph\">{\"@context\":\"https:\/\/schema.org\",\"@graph\":[{\"@type\":\"WebPage\",\"@id\":\"https:\/\/lunayatravel.com\/produit\/%f0%9f%8c%ba-plongee-nature-a-nyaung-oo-phee-1-journee-complete\/\",\"url\":\"https:\/\/lunayatravel.com\/produit\/%f0%9f%8c%ba-plongee-nature-a-nyaung-oo-phee-1-journee-complete\/\",\"name\":\"\ud83c\udf3a Plong\u00e9e & Nature \u00e0 Nyaung Oo Phee \u2013 1 Journ\u00e9e compl\u00e8te -\",\"isPartOf\":{\"@id\":\"https:\/\/lunayatravel.com\/#website\"},\"primaryImageOfPage\":{\"@id\":\"https:\/\/lunayatravel.com\/produit\/%f0%9f%8c%ba-plongee-nature-a-nyaung-oo-phee-1-journee-complete\/#primaryimage\"},\"image\":{\"@id\":\"https:\/\/lunayatravel.com\/produit\/%f0%9f%8c%ba-plongee-nature-a-nyaung-oo-phee-1-journee-complete\/#primaryimage\"},\"thumbnailUrl\":\"https:\/\/lunayatravel.com\/wp-content\/uploads\/2025\/07\/naophee81.webp\",\"datePublished\":\"2025-07-26T14:26:44+00:00\",\"breadcrumb\":{\"@id\":\"https:\/\/lunayatravel.com\/produit\/%f0%9f%8c%ba-plongee-nature-a-nyaung-oo-phee-1-journee-complete\/#breadcrumb\"},\"inLanguage\":\"en-GB\",\"potentialAction\":[{\"@type\":\"ReadAction\",\"target\":[\"https:\/\/lunayatravel.com\/produit\/%f0%9f%8c%ba-plongee-nature-a-nyaung-oo-phee-1-journee-complete\/\"]}]},{\"@type\":\"ImageObject\",\"inLanguage\":\"en-GB\",\"@id\":\"https:\/\/lunayatravel.com\/produit\/%f0%9f%8c%ba-plongee-nature-a-nyaung-oo-phee-1-journee-complete\/#primaryimage\",\"url\":\"https:\/\/lunayatravel.com\/wp-content\/uploads\/2025\/07\/naophee81.webp\",\"contentUrl\":\"https:\/\/lunayatravel.com\/wp-content\/uploads\/2025\/07\/naophee81.webp\",\"width\":720,\"height\":405},{\"@type\":\"BreadcrumbList\",\"@id\":\"https:\/\/lunayatravel.com\/produit\/%f0%9f%8c%ba-plongee-nature-a-nyaung-oo-phee-1-journee-complete\/#breadcrumb\",\"itemListElement\":[{\"@type\":\"ListItem\",\"position\":1,\"name\":\"Accueil\",\"item\":\"https:\/\/lunayatravel.com\/\"},{\"@type\":\"ListItem\",\"position\":2,\"name\":\"Nos activit\u00e9s\",\"item\":\"https:\/\/lunayatravel.com\/nos-activites\/\"},{\"@type\":\"ListItem\",\"position\":3,\"name\":\"\ud83c\udf3a Plong\u00e9e &#038; Nature \u00e0 Nyaung Oo Phee \u2013 1 Journ\u00e9e compl\u00e8te\"}]},{\"@type\":\"WebSite\",\"@id\":\"https:\/\/lunayatravel.com\/#website\",\"url\":\"https:\/\/lunayatravel.com\/\",\"name\":\"\",\"description\":\"\",\"publisher\":{\"@id\":\"https:\/\/lunayatravel.com\/#organization\"},\"potentialAction\":[{\"@type\":\"SearchAction\",\"target\":{\"@type\":\"EntryPoint\",\"urlTemplate\":\"https:\/\/lunayatravel.com\/?s={search_term_string}\"},\"query-input\":{\"@type\":\"PropertyValueSpecification\",\"valueRequired\":true,\"valueName\":\"search_term_string\"}}],\"inLanguage\":\"en-GB\"},{\"@type\":\"Organization\",\"@id\":\"https:\/\/lunayatravel.com\/#organization\",\"name\":\"Lunaya travel\",\"alternateName\":\"Lunaya travel\",\"url\":\"https:\/\/lunayatravel.com\/\",\"logo\":{\"@type\":\"ImageObject\",\"inLanguage\":\"en-GB\",\"@id\":\"https:\/\/lunayatravel.com\/#\/schema\/logo\/image\/\",\"url\":\"https:\/\/lunayatravel.com\/wp-content\/uploads\/2026\/03\/cropped-647319118_2379115739204013_337015058165053143_n.jpg\",\"contentUrl\":\"https:\/\/lunayatravel.com\/wp-content\/uploads\/2026\/03\/cropped-647319118_2379115739204013_337015058165053143_n.jpg\",\"width\":1022,\"height\":1023,\"caption\":\"Lunaya travel\"},\"image\":{\"@id\":\"https:\/\/lunayatravel.com\/#\/schema\/logo\/image\/\"},\"sameAs\":[\"https:\/\/www.facebook.com\/lunayaTravel\/\"]}]}<\/script>\n<!-- \/ Yoast SEO plugin. -->","yoast_head_json":{"title":"\ud83c\udf3a Plong\u00e9e & Nature \u00e0 Nyaung Oo Phee \u2013 1 Journ\u00e9e compl\u00e8te -","robots":{"index":"index","follow":"follow","max-snippet":"max-snippet:-1","max-image-preview":"max-image-preview:large","max-video-preview":"max-video-preview:-1"},"canonical":"https:\/\/lunayatravel.com\/en\/product\/\ud83c\udf3a-plongee-nature-a-nyaung-oo-phee-1-journee-complete\/","og_locale":"en_GB","og_type":"article","og_title":"\ud83c\udf3a Plong\u00e9e & Nature \u00e0 Nyaung Oo Phee \u2013 1 Journ\u00e9e compl\u00e8te -","og_description":"\ud83c\udfdd\ufe0f Une \u00eele intacte, des coraux \u00e9clatants, une escapade unique au Myanmar Explorez les r\u00e9cifs les plus color\u00e9s de la mer d\u2019Andaman, nagez dans une eau cristalline, et laissez-vous \u00e9merveiller par la beaut\u00e9 naturelle de Nyaung Oo Phee, l'une des perles cach\u00e9es du Myanmar.   Parfait pour les amateurs de snorkeling, de paysages pr\u00e9serv\u00e9s et d\u2019\u00e9vasion en pleine mer !","og_url":"https:\/\/lunayatravel.com\/en\/product\/\ud83c\udf3a-plongee-nature-a-nyaung-oo-phee-1-journee-complete\/","article_publisher":"https:\/\/www.facebook.com\/lunayaTravel\/","og_image":[{"width":720,"height":405,"url":"https:\/\/lunayatravel.com\/wp-content\/uploads\/2025\/07\/naophee81.webp","type":"image\/webp"}],"twitter_card":"summary_large_image","twitter_misc":{"Estimated reading time":"1 minute"},"schema":{"@context":"https:\/\/schema.org","@graph":[{"@type":"WebPage","@id":"https:\/\/lunayatravel.com\/produit\/%f0%9f%8c%ba-plongee-nature-a-nyaung-oo-phee-1-journee-complete\/","url":"https:\/\/lunayatravel.com\/produit\/%f0%9f%8c%ba-plongee-nature-a-nyaung-oo-phee-1-journee-complete\/","name":"\ud83c\udf3a Plong\u00e9e & Nature \u00e0 Nyaung Oo Phee \u2013 1 Journ\u00e9e compl\u00e8te -","isPartOf":{"@id":"https:\/\/lunayatravel.com\/#website"},"primaryImageOfPage":{"@id":"https:\/\/lunayatravel.com\/produit\/%f0%9f%8c%ba-plongee-nature-a-nyaung-oo-phee-1-journee-complete\/#primaryimage"},"image":{"@id":"https:\/\/lunayatravel.com\/produit\/%f0%9f%8c%ba-plongee-nature-a-nyaung-oo-phee-1-journee-complete\/#primaryimage"},"thumbnailUrl":"https:\/\/lunayatravel.com\/wp-content\/uploads\/2025\/07\/naophee81.webp","datePublished":"2025-07-26T14:26:44+00:00","breadcrumb":{"@id":"https:\/\/lunayatravel.com\/produit\/%f0%9f%8c%ba-plongee-nature-a-nyaung-oo-phee-1-journee-complete\/#breadcrumb"},"inLanguage":"en-GB","potentialAction":[{"@type":"ReadAction","target":["https:\/\/lunayatravel.com\/produit\/%f0%9f%8c%ba-plongee-nature-a-nyaung-oo-phee-1-journee-complete\/"]}]},{"@type":"ImageObject","inLanguage":"en-GB","@id":"https:\/\/lunayatravel.com\/produit\/%f0%9f%8c%ba-plongee-nature-a-nyaung-oo-phee-1-journee-complete\/#primaryimage","url":"https:\/\/lunayatravel.com\/wp-content\/uploads\/2025\/07\/naophee81.webp","contentUrl":"https:\/\/lunayatravel.com\/wp-content\/uploads\/2025\/07\/naophee81.webp","width":720,"height":405},{"@type":"BreadcrumbList","@id":"https:\/\/lunayatravel.com\/produit\/%f0%9f%8c%ba-plongee-nature-a-nyaung-oo-phee-1-journee-complete\/#breadcrumb","itemListElement":[{"@type":"ListItem","position":1,"name":"Accueil","item":"https:\/\/lunayatravel.com\/"},{"@type":"ListItem","position":2,"name":"Nos activit\u00e9s","item":"https:\/\/lunayatravel.com\/nos-activites\/"},{"@type":"ListItem","position":3,"name":"\ud83c\udf3a Plong\u00e9e &#038; Nature \u00e0 Nyaung Oo Phee \u2013 1 Journ\u00e9e compl\u00e8te"}]},{"@type":"WebSite","@id":"https:\/\/lunayatravel.com\/#website","url":"https:\/\/lunayatravel.com\/","name":"","description":"","publisher":{"@id":"https:\/\/lunayatravel.com\/#organization"},"potentialAction":[{"@type":"SearchAction","target":{"@type":"EntryPoint","urlTemplate":"https:\/\/lunayatravel.com\/?s={search_term_string}"},"query-input":{"@type":"PropertyValueSpecification","valueRequired":true,"valueName":"search_term_string"}}],"inLanguage":"en-GB"},{"@type":"Organization","@id":"https:\/\/lunayatravel.com\/#organization","name":"Lunaya travel","alternateName":"Lunaya travel","url":"https:\/\/lunayatravel.com\/","logo":{"@type":"ImageObject","inLanguage":"en-GB","@id":"https:\/\/lunayatravel.com\/#\/schema\/logo\/image\/","url":"https:\/\/lunayatravel.com\/wp-content\/uploads\/2026\/03\/cropped-647319118_2379115739204013_337015058165053143_n.jpg","contentUrl":"https:\/\/lunayatravel.com\/wp-content\/uploads\/2026\/03\/cropped-647319118_2379115739204013_337015058165053143_n.jpg","width":1022,"height":1023,"caption":"Lunaya travel"},"image":{"@id":"https:\/\/lunayatravel.com\/#\/schema\/logo\/image\/"},"sameAs":["https:\/\/www.facebook.com\/lunayaTravel\/"]}]}},"uagb_featured_image_src":{"full":["https:\/\/lunayatravel.com\/wp-content\/uploads\/2025\/07\/naophee81.webp",720,405,false],"thumbnail":["https:\/\/lunayatravel.com\/wp-content\/uploads\/2025\/07\/naophee81-150x150.webp",150,150,true],"medium":["https:\/\/lunayatravel.com\/wp-content\/uploads\/2025\/07\/naophee81-300x169.webp",300,169,true],"medium_large":["https:\/\/lunayatravel.com\/wp-content\/uploads\/2025\/07\/naophee81.webp",720,405,false],"large":["https:\/\/lunayatravel.com\/wp-content\/uploads\/2025\/07\/naophee81.webp",720,405,false],"1536x1536":["https:\/\/lunayatravel.com\/wp-content\/uploads\/2025\/07\/naophee81.webp",720,405,false],"2048x2048":["https:\/\/lunayatravel.com\/wp-content\/uploads\/2025\/07\/naophee81.webp",720,405,false],"trp-custom-language-flag":["https:\/\/lunayatravel.com\/wp-content\/uploads\/2025\/07\/naophee81.webp",18,10,false],"widget-thumbnail":["https:\/\/lunayatravel.com\/wp-content\/uploads\/2025\/07\/naophee81-75x75.webp",75,75,true],"mailpoet_newsletter_max":["https:\/\/lunayatravel.com\/wp-content\/uploads\/2025\/07\/naophee81.webp",720,405,false],"woocommerce_thumbnail":["https:\/\/lunayatravel.com\/wp-content\/uploads\/2025\/07\/naophee81-300x300.webp",300,300,true],"woocommerce_single":["https:\/\/lunayatravel.com\/wp-content\/uploads\/2025\/07\/naophee81-600x338.webp",600,338,true],"woocommerce_gallery_thumbnail":["https:\/\/lunayatravel.com\/wp-content\/uploads\/2025\/07\/naophee81-100x100.webp",100,100,true],"sow-carousel-default":["https:\/\/lunayatravel.com\/wp-content\/uploads\/2025\/07\/naophee81-272x182.webp",272,182,true]},"uagb_author_info":{"display_name":"haemers stephanie","author_link":"https:\/\/lunayatravel.com\/en\/author\/"},"uagb_comment_info":0,"uagb_excerpt":"\ud83c\udfdd\ufe0f Une \u00eele intacte, des coraux \u00e9clatants, une escapade unique au Myanmar Explorez les r\u00e9cifs les plus color\u00e9s de la mer d\u2019Andaman, nagez dans une eau cristalline, et laissez-vous \u00e9merveiller par la beaut\u00e9 naturelle de Nyaung Oo Phee, l'une des perles cach\u00e9es du Myanmar. Parfait pour les amateurs de snorkeling, de paysages pr\u00e9serv\u00e9s et d\u2019\u00e9vasion&hellip;","jetpack_sharing_enabled":true,"_links":{"self":[{"href":"https:\/\/lunayatravel.com\/en\/wp-json\/wp\/v2\/product\/30180","targetHints":{"allow":["GET"]}}],"collection":[{"href":"https:\/\/lunayatravel.com\/en\/wp-json\/wp\/v2\/product"}],"about":[{"href":"https:\/\/lunayatravel.com\/en\/wp-json\/wp\/v2\/types\/product"}],"replies":[{"embeddable":true,"href":"https:\/\/lunayatravel.com\/en\/wp-json\/wp\/v2\/comments?post=30180"}],"wp:featuredmedia":[{"embeddable":true,"href":"https:\/\/lunayatravel.com\/en\/wp-json\/wp\/v2\/media\/30182"}],"wp:attachment":[{"href":"https:\/\/lunayatravel.com\/en\/wp-json\/wp\/v2\/media?parent=30180"}],"wp:term":[{"taxonomy":"product_brand","embeddable":true,"href":"https:\/\/lunayatravel.com\/en\/wp-json\/wp\/v2\/product_brand?post=30180"},{"taxonomy":"product_cat","embeddable":true,"href":"https:\/\/lunayatravel.com\/en\/wp-json\/wp\/v2\/product_cat?post=30180"},{"taxonomy":"product_tag","embeddable":true,"href":"https:\/\/lunayatravel.com\/en\/wp-json\/wp\/v2\/product_tag?post=30180"}],"curies":[{"name":"wp","href":"https:\/\/api.w.org\/{rel}","templated":true}]}}