{"id":30174,"date":"2025-07-26T16:21:52","date_gmt":"2025-07-26T14:21:52","guid":{"rendered":"https:\/\/itctoursvoyages.com\/?post_type=product&#038;p=30174"},"modified":"2025-07-26T16:21:53","modified_gmt":"2025-07-26T14:21:53","slug":"%f0%9f%92%8e-coeur-demeraude-nuit-au-myanmar-2-jours-1-nuit","status":"publish","type":"product","link":"https:\/\/lunayatravel.com\/en\/product\/%f0%9f%92%8e-coeur-demeraude-nuit-au-myanmar-2-jours-1-nuit\/","title":{"rendered":"\ud83d\udc8e Emerald Heart &amp; Overnight in Myanmar - 2 Days \/ 1 Night"},"content":{"rendered":"<h3 data-start=\"717\" data-end=\"749\">\ud83d\udccd <strong data-start=\"724\" data-end=\"749\">Detailed itinerary:<\/strong><\/h3>\n<h4 data-start=\"751\" data-end=\"792\"><strong data-start=\"756\" data-end=\"792\">\ud83d\uddd3 Day 1 - Exploring the islands<\/strong><\/h4>\n<ul data-start=\"793\" data-end=\"1444\">\n<li data-start=\"793\" data-end=\"873\">\n<p data-start=\"795\" data-end=\"873\"><strong data-start=\"795\" data-end=\"804\">08:00<\/strong> - Arrival at Grand Andaman Pier (Ranong), border formalities<\/p>\n<\/li>\n<li data-start=\"874\" data-end=\"927\">\n<p data-start=\"876\" data-end=\"927\"><strong data-start=\"876\" data-end=\"885\">08:30<\/strong> - Departure by fast boat to Myanmar<\/p>\n<\/li>\n<li data-start=\"928\" data-end=\"997\">\n<p data-start=\"930\" data-end=\"997\"><strong data-start=\"930\" data-end=\"939\">10:00<\/strong> - Snorkelling in <strong data-start=\"955\" data-end=\"976\">Horse Shoe Island<\/strong> (crescent-shaped range)<\/p>\n<\/li>\n<li data-start=\"998\" data-end=\"1094\">\n<p data-start=\"1000\" data-end=\"1094\"><strong data-start=\"1000\" data-end=\"1009\">11:00<\/strong> - Discover <strong data-start=\"1026\" data-end=\"1048\">Cock's Comb Island<\/strong>heart-shaped island with a cave to cross<\/p>\n<\/li>\n<li data-start=\"1095\" data-end=\"1187\">\n<p data-start=\"1097\" data-end=\"1187\"><strong data-start=\"1097\" data-end=\"1106\">12:00<\/strong> - Lunch on the beach at <strong data-start=\"1134\" data-end=\"1151\">Tafook Island<\/strong> white sand, swimming, snorkelling<\/p>\n<\/li>\n<li data-start=\"1188\" data-end=\"1268\">\n<p data-start=\"1190\" data-end=\"1268\"><strong data-start=\"1190\" data-end=\"1199\">14:00<\/strong> - Last stop at <strong data-start=\"1220\" data-end=\"1239\">Zedetkyi Island<\/strong> (tropical fish, reefs)<\/p>\n<\/li>\n<li data-start=\"1269\" data-end=\"1337\">\n<p data-start=\"1271\" data-end=\"1337\"><strong data-start=\"1271\" data-end=\"1280\">15:00<\/strong> - Return to the Grand Andaman hotel, shower, sauna, swimming pool<\/p>\n<\/li>\n<li data-start=\"1338\" data-end=\"1444\">\n<p data-start=\"1340\" data-end=\"1444\"><strong data-start=\"1340\" data-end=\"1349\">17:00<\/strong> - <strong data-start=\"1352\" data-end=\"1402\">Buffet dinner with a view of the sunset<\/strong>duty-free shopping or relaxing at the casino<\/p>\n<\/li>\n<\/ul>\n<h4 data-start=\"1446\" data-end=\"1483\"><strong data-start=\"1451\" data-end=\"1483\">\ud83d\uddd3 Day 2 - Relaxation &amp; return<\/strong><\/h4>\n<ul data-start=\"1484\" data-end=\"1701\">\n<li data-start=\"1484\" data-end=\"1549\">\n<p data-start=\"1486\" data-end=\"1549\"><strong data-start=\"1486\" data-end=\"1495\">08:00<\/strong> - Breakfast at the Victoria Grand Andaman restaurant<\/p>\n<\/li>\n<li data-start=\"1550\" data-end=\"1626\">\n<p data-start=\"1552\" data-end=\"1626\"><strong data-start=\"1552\" data-end=\"1561\">09:00<\/strong> - Free time or optional activities: mountain biking, Tyrolean traverse, canoeing<\/p>\n<\/li>\n<li data-start=\"1627\" data-end=\"1659\">\n<p data-start=\"1629\" data-end=\"1659\"><strong data-start=\"1629\" data-end=\"1638\">12:00<\/strong> - Check-out &amp; departure<\/p>\n<\/li>\n<li data-start=\"1660\" data-end=\"1701\">\n<p data-start=\"1662\" data-end=\"1701\"><strong data-start=\"1662\" data-end=\"1671\">13:00<\/strong> - Back to Ranong jetty<\/p>\n<\/li>\n<\/ul>\n<hr data-start=\"1703\" data-end=\"1706\" \/>\n<h3 data-start=\"1708\" data-end=\"1736\">\u2705 <strong data-start=\"1714\" data-end=\"1734\">The price includes :<\/strong><\/h3>\n<ul data-start=\"1737\" data-end=\"2220\">\n<li data-start=\"1737\" data-end=\"1775\">\n<p data-start=\"1739\" data-end=\"1775\"><strong data-start=\"1739\" data-end=\"1773\">Return speedboat transport<\/strong><\/p>\n<\/li>\n<li data-start=\"1776\" data-end=\"1833\">\n<p data-start=\"1778\" data-end=\"1833\"><strong data-start=\"1778\" data-end=\"1831\">1 night at the Grand Andaman Hotel (Koh Son - Myanmar)<\/strong><\/p>\n<\/li>\n<li data-start=\"1834\" data-end=\"1891\">\n<p data-start=\"1836\" data-end=\"1891\">Myanmar border pass &amp; entry fees<\/p>\n<\/li>\n<li data-start=\"1892\" data-end=\"1918\">\n<p data-start=\"1894\" data-end=\"1918\">Local English-speaking guide<\/p>\n<\/li>\n<li data-start=\"1919\" data-end=\"1955\">\n<p data-start=\"1921\" data-end=\"1955\">Snorkelling (mask, snorkel, life jacket)<\/p>\n<\/li>\n<li data-start=\"1956\" data-end=\"2001\">\n<p data-start=\"1958\" data-end=\"2001\">Access to the hotel swimming pool, sauna and showers<\/p>\n<\/li>\n<li data-start=\"2002\" data-end=\"2177\">\n<p data-start=\"2004\" data-end=\"2026\"><strong data-start=\"2004\" data-end=\"2022\">Full meals<\/strong> :<\/p>\n<ul data-start=\"2029\" data-end=\"2177\">\n<li data-start=\"2029\" data-end=\"2064\">\n<p data-start=\"2031\" data-end=\"2064\">Light breakfast at the pier<\/p>\n<\/li>\n<li data-start=\"2067\" data-end=\"2096\">\n<p data-start=\"2069\" data-end=\"2096\">Buffet lunch on the island<\/p>\n<\/li>\n<li data-start=\"2099\" data-end=\"2138\">\n<p data-start=\"2101\" data-end=\"2138\">Buffet dinner at the Victoria restaurant<\/p>\n<\/li>\n<li data-start=\"2141\" data-end=\"2177\">\n<p data-start=\"2143\" data-end=\"2177\">Full breakfast at the hotel<\/p>\n<\/li>\n<\/ul>\n<\/li>\n<li data-start=\"2178\" data-end=\"2220\">\n<p data-start=\"2180\" data-end=\"2220\">Fruit, soft drinks, snacks<\/p>\n<\/li>\n<\/ul>\n<hr data-start=\"2222\" data-end=\"2225\" \/>\n<h3 data-start=\"2227\" data-end=\"2252\">\ud83e\uddf3 <strong data-start=\"2234\" data-end=\"2250\">What to bring :<\/strong><\/h3>\n<ul data-start=\"2253\" data-end=\"2455\">\n<li data-start=\"2253\" data-end=\"2327\">\n<p data-start=\"2255\" data-end=\"2327\">Identity card or passport (photocopy authorised depending on nationality)<\/p>\n<\/li>\n<li data-start=\"2328\" data-end=\"2400\">\n<p data-start=\"2330\" data-end=\"2400\">Swimming costume, change of towel, t-shirt, hat, sunglasses<\/p>\n<\/li>\n<li data-start=\"2401\" data-end=\"2455\">\n<p data-start=\"2403\" data-end=\"2455\">Sun cream, camera (ideally waterproof!)<\/p>\n<\/li>\n<\/ul>\n<hr data-start=\"2457\" data-end=\"2460\" \/>\n<h3 data-start=\"2462\" data-end=\"2494\">\u26a0\ufe0f <strong data-start=\"2469\" data-end=\"2494\">Useful information :<\/strong><\/h3>\n<ul data-start=\"2495\" data-end=\"2806\">\n<li data-start=\"2495\" data-end=\"2553\">\n<p data-start=\"2497\" data-end=\"2553\">Valid in <strong data-start=\"2508\" data-end=\"2524\">high season<\/strong> only (October to May)<\/p>\n<\/li>\n<li data-start=\"2554\" data-end=\"2593\">\n<p data-start=\"2556\" data-end=\"2593\"><strong data-start=\"2556\" data-end=\"2591\">Daily excursion<\/strong><\/p>\n<\/li>\n<li data-start=\"2594\" data-end=\"2652\">\n<p data-start=\"2596\" data-end=\"2652\">Foreign supplement : <strong data-start=\"2618\" data-end=\"2650\">THB 1,200 (including short-stay visa)<\/strong><\/p>\n<\/li>\n<li data-start=\"2653\" data-end=\"2713\">\n<p data-start=\"2655\" data-end=\"2713\"><strong data-start=\"2655\" data-end=\"2711\">Rooms only available from Sunday to Thursday<\/strong><\/p>\n<\/li>\n<li data-start=\"2714\" data-end=\"2806\">\n<p data-start=\"2716\" data-end=\"2806\">Surcharge for certain national parks (Surin \/ Laem Son, if visit included, weather permitting)<\/p>\n<\/li>\n<\/ul>","protected":false},"excerpt":{"rendered":"<h3 data-start=\"279\" data-end=\"347\">\ud83d\udc1a <strong data-start=\"286\" data-end=\"345\">Sleep in Myanmar after exploring its marine gems<\/strong><\/h3>\n<p data-start=\"348\" data-end=\"564\">Treat yourself to a unique getaway between Thailand and Myanmar, with snorkelling in crystal-clear waters, exploring unspoilt islands, an unforgettable sunset... and an overnight stay in a luxury hotel on the Burmese side.<\/p>\n<blockquote data-start=\"566\" data-end=\"710\">\n<p data-start=\"568\" data-end=\"710\">The perfect excursion for curious travellers, sea lovers and those who dream of escaping the world for two timeless days.<\/p>\n<\/blockquote>","protected":false},"featured_media":30176,"comment_status":"open","ping_status":"closed","template":"","meta":{"_uag_custom_page_level_css":""},"product_brand":[],"product_cat":[21],"product_tag":[],"class_list":{"0":"post-30174","1":"product","2":"type-product","3":"status-publish","4":"has-post-thumbnail","6":"product_cat-non-classe","8":"first","9":"instock","10":"virtual","11":"taxable","12":"purchasable","13":"product-type-simple"},"yoast_head":"<!-- This site is optimized with the Yoast SEO plugin v27.1.1 - https:\/\/yoast.com\/product\/yoast-seo-wordpress\/ -->\n<title>\ud83d\udc8e C\u0153ur d\u2019\u00c9meraude &amp; Nuit au Myanmar \u2013 2 Jours \/ 1 Nuit -<\/title>\n<meta name=\"robots\" content=\"index, follow, max-snippet:-1, max-image-preview:large, max-video-preview:-1\" \/>\n<link rel=\"canonical\" href=\"https:\/\/lunayatravel.com\/en\/product\/\ud83d\udc8e-coeur-demeraude-nuit-au-myanmar-2-jours-1-nuit\/\" \/>\n<meta property=\"og:locale\" content=\"en_GB\" \/>\n<meta property=\"og:type\" content=\"article\" \/>\n<meta property=\"og:title\" content=\"\ud83d\udc8e C\u0153ur d\u2019\u00c9meraude &amp; Nuit au Myanmar \u2013 2 Jours \/ 1 Nuit -\" \/>\n<meta property=\"og:description\" content=\"\ud83d\udc1a Dormez au Myanmar apr\u00e8s avoir explor\u00e9 ses joyaux marins Offrez-vous une escapade unique entre la Tha\u00eflande et le Myanmar, avec snorkeling dans des eaux cristallines, exploration d\u2019\u00eeles pr\u00e9serv\u00e9es, coucher de soleil inoubliable\u2026 et nuit\u00e9e dans un h\u00f4tel de luxe c\u00f4t\u00e9 birman.   L\u2019excursion parfaite pour les voyageurs curieux, les amoureux de la mer et ceux qui r\u00eavent de s\u2019\u00e9vader du monde pour deux jours hors du temps.\" \/>\n<meta property=\"og:url\" content=\"https:\/\/lunayatravel.com\/en\/product\/\ud83d\udc8e-coeur-demeraude-nuit-au-myanmar-2-jours-1-nuit\/\" \/>\n<meta property=\"article:publisher\" content=\"https:\/\/www.facebook.com\/lunayaTravel\/\" \/>\n<meta property=\"article:modified_time\" content=\"2025-07-26T14:21:53+00:00\" \/>\n<meta property=\"og:image\" content=\"https:\/\/lunayatravel.com\/wp-content\/uploads\/2025\/07\/1469691381_9.webp\" \/>\n\t<meta property=\"og:image:width\" content=\"720\" \/>\n\t<meta property=\"og:image:height\" content=\"480\" \/>\n\t<meta property=\"og:image:type\" content=\"image\/webp\" \/>\n<meta name=\"twitter:card\" content=\"summary_large_image\" \/>\n<meta name=\"twitter:label1\" content=\"Estimated reading time\" \/>\n\t<meta name=\"twitter:data1\" content=\"1 minute\" \/>\n<script type=\"application\/ld+json\" class=\"yoast-schema-graph\">{\"@context\":\"https:\/\/schema.org\",\"@graph\":[{\"@type\":\"WebPage\",\"@id\":\"https:\/\/lunayatravel.com\/produit\/%f0%9f%92%8e-coeur-demeraude-nuit-au-myanmar-2-jours-1-nuit\/\",\"url\":\"https:\/\/lunayatravel.com\/produit\/%f0%9f%92%8e-coeur-demeraude-nuit-au-myanmar-2-jours-1-nuit\/\",\"name\":\"\ud83d\udc8e C\u0153ur d\u2019\u00c9meraude & Nuit au Myanmar \u2013 2 Jours \/ 1 Nuit -\",\"isPartOf\":{\"@id\":\"https:\/\/lunayatravel.com\/#website\"},\"primaryImageOfPage\":{\"@id\":\"https:\/\/lunayatravel.com\/produit\/%f0%9f%92%8e-coeur-demeraude-nuit-au-myanmar-2-jours-1-nuit\/#primaryimage\"},\"image\":{\"@id\":\"https:\/\/lunayatravel.com\/produit\/%f0%9f%92%8e-coeur-demeraude-nuit-au-myanmar-2-jours-1-nuit\/#primaryimage\"},\"thumbnailUrl\":\"https:\/\/lunayatravel.com\/wp-content\/uploads\/2025\/07\/1469691381_9.webp\",\"datePublished\":\"2025-07-26T14:21:52+00:00\",\"dateModified\":\"2025-07-26T14:21:53+00:00\",\"breadcrumb\":{\"@id\":\"https:\/\/lunayatravel.com\/produit\/%f0%9f%92%8e-coeur-demeraude-nuit-au-myanmar-2-jours-1-nuit\/#breadcrumb\"},\"inLanguage\":\"en-GB\",\"potentialAction\":[{\"@type\":\"ReadAction\",\"target\":[\"https:\/\/lunayatravel.com\/produit\/%f0%9f%92%8e-coeur-demeraude-nuit-au-myanmar-2-jours-1-nuit\/\"]}]},{\"@type\":\"ImageObject\",\"inLanguage\":\"en-GB\",\"@id\":\"https:\/\/lunayatravel.com\/produit\/%f0%9f%92%8e-coeur-demeraude-nuit-au-myanmar-2-jours-1-nuit\/#primaryimage\",\"url\":\"https:\/\/lunayatravel.com\/wp-content\/uploads\/2025\/07\/1469691381_9.webp\",\"contentUrl\":\"https:\/\/lunayatravel.com\/wp-content\/uploads\/2025\/07\/1469691381_9.webp\",\"width\":720,\"height\":480},{\"@type\":\"BreadcrumbList\",\"@id\":\"https:\/\/lunayatravel.com\/produit\/%f0%9f%92%8e-coeur-demeraude-nuit-au-myanmar-2-jours-1-nuit\/#breadcrumb\",\"itemListElement\":[{\"@type\":\"ListItem\",\"position\":1,\"name\":\"Accueil\",\"item\":\"https:\/\/lunayatravel.com\/\"},{\"@type\":\"ListItem\",\"position\":2,\"name\":\"Nos activit\u00e9s\",\"item\":\"https:\/\/lunayatravel.com\/nos-activites\/\"},{\"@type\":\"ListItem\",\"position\":3,\"name\":\"\ud83d\udc8e C\u0153ur d\u2019\u00c9meraude &#038; Nuit au Myanmar \u2013 2 Jours \/ 1 Nuit\"}]},{\"@type\":\"WebSite\",\"@id\":\"https:\/\/lunayatravel.com\/#website\",\"url\":\"https:\/\/lunayatravel.com\/\",\"name\":\"\",\"description\":\"\",\"publisher\":{\"@id\":\"https:\/\/lunayatravel.com\/#organization\"},\"potentialAction\":[{\"@type\":\"SearchAction\",\"target\":{\"@type\":\"EntryPoint\",\"urlTemplate\":\"https:\/\/lunayatravel.com\/?s={search_term_string}\"},\"query-input\":{\"@type\":\"PropertyValueSpecification\",\"valueRequired\":true,\"valueName\":\"search_term_string\"}}],\"inLanguage\":\"en-GB\"},{\"@type\":\"Organization\",\"@id\":\"https:\/\/lunayatravel.com\/#organization\",\"name\":\"Lunaya travel\",\"alternateName\":\"Lunaya travel\",\"url\":\"https:\/\/lunayatravel.com\/\",\"logo\":{\"@type\":\"ImageObject\",\"inLanguage\":\"en-GB\",\"@id\":\"https:\/\/lunayatravel.com\/#\/schema\/logo\/image\/\",\"url\":\"https:\/\/lunayatravel.com\/wp-content\/uploads\/2026\/03\/cropped-647319118_2379115739204013_337015058165053143_n.jpg\",\"contentUrl\":\"https:\/\/lunayatravel.com\/wp-content\/uploads\/2026\/03\/cropped-647319118_2379115739204013_337015058165053143_n.jpg\",\"width\":1022,\"height\":1023,\"caption\":\"Lunaya travel\"},\"image\":{\"@id\":\"https:\/\/lunayatravel.com\/#\/schema\/logo\/image\/\"},\"sameAs\":[\"https:\/\/www.facebook.com\/lunayaTravel\/\"]}]}<\/script>\n<!-- \/ Yoast SEO plugin. -->","yoast_head_json":{"title":"\ud83d\udc8e C\u0153ur d\u2019\u00c9meraude & Nuit au Myanmar \u2013 2 Jours \/ 1 Nuit -","robots":{"index":"index","follow":"follow","max-snippet":"max-snippet:-1","max-image-preview":"max-image-preview:large","max-video-preview":"max-video-preview:-1"},"canonical":"https:\/\/lunayatravel.com\/en\/product\/\ud83d\udc8e-coeur-demeraude-nuit-au-myanmar-2-jours-1-nuit\/","og_locale":"en_GB","og_type":"article","og_title":"\ud83d\udc8e C\u0153ur d\u2019\u00c9meraude & Nuit au Myanmar \u2013 2 Jours \/ 1 Nuit -","og_description":"\ud83d\udc1a Dormez au Myanmar apr\u00e8s avoir explor\u00e9 ses joyaux marins Offrez-vous une escapade unique entre la Tha\u00eflande et le Myanmar, avec snorkeling dans des eaux cristallines, exploration d\u2019\u00eeles pr\u00e9serv\u00e9es, coucher de soleil inoubliable\u2026 et nuit\u00e9e dans un h\u00f4tel de luxe c\u00f4t\u00e9 birman.   L\u2019excursion parfaite pour les voyageurs curieux, les amoureux de la mer et ceux qui r\u00eavent de s\u2019\u00e9vader du monde pour deux jours hors du temps.","og_url":"https:\/\/lunayatravel.com\/en\/product\/\ud83d\udc8e-coeur-demeraude-nuit-au-myanmar-2-jours-1-nuit\/","article_publisher":"https:\/\/www.facebook.com\/lunayaTravel\/","article_modified_time":"2025-07-26T14:21:53+00:00","og_image":[{"width":720,"height":480,"url":"https:\/\/lunayatravel.com\/wp-content\/uploads\/2025\/07\/1469691381_9.webp","type":"image\/webp"}],"twitter_card":"summary_large_image","twitter_misc":{"Estimated reading time":"1 minute"},"schema":{"@context":"https:\/\/schema.org","@graph":[{"@type":"WebPage","@id":"https:\/\/lunayatravel.com\/produit\/%f0%9f%92%8e-coeur-demeraude-nuit-au-myanmar-2-jours-1-nuit\/","url":"https:\/\/lunayatravel.com\/produit\/%f0%9f%92%8e-coeur-demeraude-nuit-au-myanmar-2-jours-1-nuit\/","name":"\ud83d\udc8e C\u0153ur d\u2019\u00c9meraude & Nuit au Myanmar \u2013 2 Jours \/ 1 Nuit -","isPartOf":{"@id":"https:\/\/lunayatravel.com\/#website"},"primaryImageOfPage":{"@id":"https:\/\/lunayatravel.com\/produit\/%f0%9f%92%8e-coeur-demeraude-nuit-au-myanmar-2-jours-1-nuit\/#primaryimage"},"image":{"@id":"https:\/\/lunayatravel.com\/produit\/%f0%9f%92%8e-coeur-demeraude-nuit-au-myanmar-2-jours-1-nuit\/#primaryimage"},"thumbnailUrl":"https:\/\/lunayatravel.com\/wp-content\/uploads\/2025\/07\/1469691381_9.webp","datePublished":"2025-07-26T14:21:52+00:00","dateModified":"2025-07-26T14:21:53+00:00","breadcrumb":{"@id":"https:\/\/lunayatravel.com\/produit\/%f0%9f%92%8e-coeur-demeraude-nuit-au-myanmar-2-jours-1-nuit\/#breadcrumb"},"inLanguage":"en-GB","potentialAction":[{"@type":"ReadAction","target":["https:\/\/lunayatravel.com\/produit\/%f0%9f%92%8e-coeur-demeraude-nuit-au-myanmar-2-jours-1-nuit\/"]}]},{"@type":"ImageObject","inLanguage":"en-GB","@id":"https:\/\/lunayatravel.com\/produit\/%f0%9f%92%8e-coeur-demeraude-nuit-au-myanmar-2-jours-1-nuit\/#primaryimage","url":"https:\/\/lunayatravel.com\/wp-content\/uploads\/2025\/07\/1469691381_9.webp","contentUrl":"https:\/\/lunayatravel.com\/wp-content\/uploads\/2025\/07\/1469691381_9.webp","width":720,"height":480},{"@type":"BreadcrumbList","@id":"https:\/\/lunayatravel.com\/produit\/%f0%9f%92%8e-coeur-demeraude-nuit-au-myanmar-2-jours-1-nuit\/#breadcrumb","itemListElement":[{"@type":"ListItem","position":1,"name":"Accueil","item":"https:\/\/lunayatravel.com\/"},{"@type":"ListItem","position":2,"name":"Nos activit\u00e9s","item":"https:\/\/lunayatravel.com\/nos-activites\/"},{"@type":"ListItem","position":3,"name":"\ud83d\udc8e C\u0153ur d\u2019\u00c9meraude &#038; Nuit au Myanmar \u2013 2 Jours \/ 1 Nuit"}]},{"@type":"WebSite","@id":"https:\/\/lunayatravel.com\/#website","url":"https:\/\/lunayatravel.com\/","name":"","description":"","publisher":{"@id":"https:\/\/lunayatravel.com\/#organization"},"potentialAction":[{"@type":"SearchAction","target":{"@type":"EntryPoint","urlTemplate":"https:\/\/lunayatravel.com\/?s={search_term_string}"},"query-input":{"@type":"PropertyValueSpecification","valueRequired":true,"valueName":"search_term_string"}}],"inLanguage":"en-GB"},{"@type":"Organization","@id":"https:\/\/lunayatravel.com\/#organization","name":"Lunaya travel","alternateName":"Lunaya travel","url":"https:\/\/lunayatravel.com\/","logo":{"@type":"ImageObject","inLanguage":"en-GB","@id":"https:\/\/lunayatravel.com\/#\/schema\/logo\/image\/","url":"https:\/\/lunayatravel.com\/wp-content\/uploads\/2026\/03\/cropped-647319118_2379115739204013_337015058165053143_n.jpg","contentUrl":"https:\/\/lunayatravel.com\/wp-content\/uploads\/2026\/03\/cropped-647319118_2379115739204013_337015058165053143_n.jpg","width":1022,"height":1023,"caption":"Lunaya travel"},"image":{"@id":"https:\/\/lunayatravel.com\/#\/schema\/logo\/image\/"},"sameAs":["https:\/\/www.facebook.com\/lunayaTravel\/"]}]}},"uagb_featured_image_src":{"full":["https:\/\/lunayatravel.com\/wp-content\/uploads\/2025\/07\/1469691381_9.webp",720,480,false],"thumbnail":["https:\/\/lunayatravel.com\/wp-content\/uploads\/2025\/07\/1469691381_9-150x150.webp",150,150,true],"medium":["https:\/\/lunayatravel.com\/wp-content\/uploads\/2025\/07\/1469691381_9-300x200.webp",300,200,true],"medium_large":["https:\/\/lunayatravel.com\/wp-content\/uploads\/2025\/07\/1469691381_9.webp",720,480,false],"large":["https:\/\/lunayatravel.com\/wp-content\/uploads\/2025\/07\/1469691381_9.webp",720,480,false],"1536x1536":["https:\/\/lunayatravel.com\/wp-content\/uploads\/2025\/07\/1469691381_9.webp",720,480,false],"2048x2048":["https:\/\/lunayatravel.com\/wp-content\/uploads\/2025\/07\/1469691381_9.webp",720,480,false],"trp-custom-language-flag":["https:\/\/lunayatravel.com\/wp-content\/uploads\/2025\/07\/1469691381_9.webp",18,12,false],"widget-thumbnail":["https:\/\/lunayatravel.com\/wp-content\/uploads\/2025\/07\/1469691381_9-75x75.webp",75,75,true],"mailpoet_newsletter_max":["https:\/\/lunayatravel.com\/wp-content\/uploads\/2025\/07\/1469691381_9.webp",720,480,false],"woocommerce_thumbnail":["https:\/\/lunayatravel.com\/wp-content\/uploads\/2025\/07\/1469691381_9-300x300.webp",300,300,true],"woocommerce_single":["https:\/\/lunayatravel.com\/wp-content\/uploads\/2025\/07\/1469691381_9-600x400.webp",600,400,true],"woocommerce_gallery_thumbnail":["https:\/\/lunayatravel.com\/wp-content\/uploads\/2025\/07\/1469691381_9-100x100.webp",100,100,true],"sow-carousel-default":["https:\/\/lunayatravel.com\/wp-content\/uploads\/2025\/07\/1469691381_9-272x182.webp",272,182,true]},"uagb_author_info":{"display_name":"haemers stephanie","author_link":"https:\/\/lunayatravel.com\/en\/author\/"},"uagb_comment_info":0,"uagb_excerpt":"\ud83d\udc1a Dormez au Myanmar apr\u00e8s avoir explor\u00e9 ses joyaux marins Offrez-vous une escapade unique entre la Tha\u00eflande et le Myanmar, avec snorkeling dans des eaux cristallines, exploration d\u2019\u00eeles pr\u00e9serv\u00e9es, coucher de soleil inoubliable\u2026 et nuit\u00e9e dans un h\u00f4tel de luxe c\u00f4t\u00e9 birman. L\u2019excursion parfaite pour les voyageurs curieux, les amoureux de la mer et ceux&hellip;","jetpack_sharing_enabled":true,"_links":{"self":[{"href":"https:\/\/lunayatravel.com\/en\/wp-json\/wp\/v2\/product\/30174","targetHints":{"allow":["GET"]}}],"collection":[{"href":"https:\/\/lunayatravel.com\/en\/wp-json\/wp\/v2\/product"}],"about":[{"href":"https:\/\/lunayatravel.com\/en\/wp-json\/wp\/v2\/types\/product"}],"replies":[{"embeddable":true,"href":"https:\/\/lunayatravel.com\/en\/wp-json\/wp\/v2\/comments?post=30174"}],"wp:featuredmedia":[{"embeddable":true,"href":"https:\/\/lunayatravel.com\/en\/wp-json\/wp\/v2\/media\/30176"}],"wp:attachment":[{"href":"https:\/\/lunayatravel.com\/en\/wp-json\/wp\/v2\/media?parent=30174"}],"wp:term":[{"taxonomy":"product_brand","embeddable":true,"href":"https:\/\/lunayatravel.com\/en\/wp-json\/wp\/v2\/product_brand?post=30174"},{"taxonomy":"product_cat","embeddable":true,"href":"https:\/\/lunayatravel.com\/en\/wp-json\/wp\/v2\/product_cat?post=30174"},{"taxonomy":"product_tag","embeddable":true,"href":"https:\/\/lunayatravel.com\/en\/wp-json\/wp\/v2\/product_tag?post=30174"}],"curies":[{"name":"wp","href":"https:\/\/api.w.org\/{rel}","templated":true}]}}