{"id":30169,"date":"2025-07-26T16:14:44","date_gmt":"2025-07-26T14:14:44","guid":{"rendered":"https:\/\/itctoursvoyages.com\/?post_type=product&#038;p=30169"},"modified":"2025-07-26T16:16:14","modified_gmt":"2025-07-26T14:16:14","slug":"%f0%9f%92%8e-lile-du-coeur-demeraude-cocks-comb-island-myanmar","status":"publish","type":"product","link":"https:\/\/lunayatravel.com\/en\/product\/%f0%9f%92%8e-lile-du-coeur-demeraude-cocks-comb-island-myanmar\/","title":{"rendered":"\ud83d\udc8e Emerald Heart Island (Cock's Comb Island - Myanmar)"},"content":{"rendered":"<h3 data-start=\"700\" data-end=\"739\">\ud83d\udccd <strong data-start=\"707\" data-end=\"737\">Itinerary for the day :<\/strong><\/h3>\n<p data-start=\"741\" data-end=\"1401\"><strong data-start=\"741\" data-end=\"750\">08:00<\/strong> - Arrival at Grand Andaman Pier (Ranong), border crossing formalities<br data-start=\"825\" data-end=\"828\" \/><strong data-start=\"828\" data-end=\"837\">08:30<\/strong> - Departure by speedboat to Koh Son (Myanmar)<br data-start=\"886\" data-end=\"889\" \/><strong data-start=\"889\" data-end=\"898\">10:00<\/strong> - Snorkelling in <strong data-start=\"914\" data-end=\"935\">Horse Shoe Island<\/strong><br data-start=\"935\" data-end=\"938\" \/><strong data-start=\"938\" data-end=\"947\">11:00<\/strong> - Exploration of <strong data-start=\"965\" data-end=\"987\">Cock's Comb Island<\/strong>Emerald Heart from the air, passing through the volcanic cave<br data-start=\"1049\" data-end=\"1052\" \/><strong data-start=\"1052\" data-end=\"1061\">12:00<\/strong> - Lunch and relaxation on the beach of <strong data-start=\"1100\" data-end=\"1117\">Tafook Island<\/strong><br data-start=\"1117\" data-end=\"1120\" \/><strong data-start=\"1120\" data-end=\"1129\">14:00<\/strong> - Last snorkel at <strong data-start=\"1153\" data-end=\"1172\">Zedetkyi Island<\/strong> Corals and tropical fish<br data-start=\"1203\" data-end=\"1206\" \/><strong data-start=\"1206\" data-end=\"1215\">15:00<\/strong> - Back to the Grand Andaman Hotel (Myanmar), shower, sauna, swimming pool<br data-start=\"1281\" data-end=\"1284\" \/><strong data-start=\"1284\" data-end=\"1293\">17:00<\/strong> - <strong data-start=\"1296\" data-end=\"1312\">Buffet dinner<\/strong> at the restaurant overlooking the sunset<br data-start=\"1357\" data-end=\"1360\" \/><strong data-start=\"1360\" data-end=\"1369\">20:00<\/strong> - Back to Ranong jetty<\/p>\n<hr data-start=\"1403\" data-end=\"1406\" \/>\n<h3 data-start=\"1408\" data-end=\"1436\">\u2705 <strong data-start=\"1414\" data-end=\"1434\">The price includes :<\/strong><\/h3>\n<ul data-start=\"1437\" data-end=\"1775\">\n<li data-start=\"1437\" data-end=\"1482\">\n<p data-start=\"1439\" data-end=\"1482\">Fast boat transport with insurance<\/p>\n<\/li>\n<li data-start=\"1483\" data-end=\"1533\">\n<p data-start=\"1485\" data-end=\"1533\">Myanmar border pass + formalities<\/p>\n<\/li>\n<li data-start=\"1534\" data-end=\"1560\">\n<p data-start=\"1536\" data-end=\"1560\">Local English-speaking guide<\/p>\n<\/li>\n<li data-start=\"1561\" data-end=\"1611\">\n<p data-start=\"1563\" data-end=\"1611\">Snorkelling equipment (mask, snorkel, life jacket)<\/p>\n<\/li>\n<li data-start=\"1612\" data-end=\"1669\">\n<p data-start=\"1614\" data-end=\"1669\">Light breakfast + buffet lunch + buffet dinner<\/p>\n<\/li>\n<li data-start=\"1670\" data-end=\"1711\">\n<p data-start=\"1672\" data-end=\"1711\">Towel, snacks, fruit and drinks<\/p>\n<\/li>\n<li data-start=\"1712\" data-end=\"1775\">\n<p data-start=\"1714\" data-end=\"1775\">Access to the Grand Andaman hotel swimming pool, sauna and showers<\/p>\n<\/li>\n<\/ul>\n<hr data-start=\"1777\" data-end=\"1780\" \/>\n<h3 data-start=\"1782\" data-end=\"1806\">\u2139\ufe0f <strong data-start=\"1789\" data-end=\"1804\">What to expect:<\/strong><\/h3>\n<ul data-start=\"1807\" data-end=\"1970\">\n<li data-start=\"1807\" data-end=\"1881\">\n<p data-start=\"1809\" data-end=\"1881\">Passport or identity card (photocopy authorised depending on nationality)<\/p>\n<\/li>\n<li data-start=\"1882\" data-end=\"1928\">\n<p data-start=\"1884\" data-end=\"1928\">Sun cream, swimming costume, sunglasses<\/p>\n<\/li>\n<li data-start=\"1929\" data-end=\"1970\">\n<p data-start=\"1931\" data-end=\"1970\">Camera (ideally waterproof!)<\/p>\n<\/li>\n<\/ul>\n<hr data-start=\"1972\" data-end=\"1975\" \/>\n<h3 data-start=\"1977\" data-end=\"2007\">\u26a0\ufe0f <strong data-start=\"1984\" data-end=\"2005\">Practical info :<\/strong><\/h3>\n<ul data-start=\"2008\" data-end=\"2240\">\n<li data-start=\"2008\" data-end=\"2065\">\n<p data-start=\"2010\" data-end=\"2065\">Foreign supplement : <strong data-start=\"2032\" data-end=\"2063\">+1200 THB (including Visa Run)<\/strong><\/p>\n<\/li>\n<li data-start=\"2066\" data-end=\"2121\">\n<p data-start=\"2068\" data-end=\"2121\">No hotel transfer included (transfer optional)<\/p>\n<\/li>\n<li data-start=\"2122\" data-end=\"2187\">\n<p data-start=\"2124\" data-end=\"2187\">Excursion <strong data-start=\"2134\" data-end=\"2185\">valid only in high season (Oct. to May)<\/strong><\/p>\n<\/li>\n<li data-start=\"2188\" data-end=\"2240\">\n<p data-start=\"2190\" data-end=\"2240\">Activity <strong data-start=\"2206\" data-end=\"2224\">every day<\/strong> from Ranong<\/p>\n<\/li>\n<\/ul>","protected":false},"excerpt":{"rendered":"<h3 data-start=\"303\" data-end=\"363\">\ud83d\udc1a <strong data-start=\"310\" data-end=\"361\">A hidden gem between Thailand and Myanmar<\/strong><\/h3>\n<p data-start=\"364\" data-end=\"525\">Set off for an extraordinary day surrounded by turquoise seas, immaculate beaches and secret coves. The highlight: the mysterious heart-shaped island!<\/p>\n<blockquote data-start=\"527\" data-end=\"693\">\n<p data-start=\"529\" data-end=\"693\">A unique adventure to discover Myanmar's wildest islands, with snorkelling, relaxation, spectacular scenery and a sunset buffet dinner.<\/p>\n<\/blockquote>","protected":false},"featured_media":30171,"comment_status":"open","ping_status":"closed","template":"","meta":{"_uag_custom_page_level_css":""},"product_brand":[],"product_cat":[21],"product_tag":[],"class_list":{"0":"post-30169","1":"product","2":"type-product","3":"status-publish","4":"has-post-thumbnail","6":"product_cat-non-classe","8":"first","9":"instock","10":"virtual","11":"taxable","12":"purchasable","13":"product-type-simple"},"yoast_head":"<!-- This site is optimized with the Yoast SEO plugin v27.1.1 - https:\/\/yoast.com\/product\/yoast-seo-wordpress\/ -->\n<title>\ud83d\udc8e L\u2019\u00eele du C\u0153ur d\u2019\u00c9meraude (Cock\u2019s Comb Island \u2013 Myanmar) -<\/title>\n<meta name=\"robots\" content=\"index, follow, max-snippet:-1, max-image-preview:large, max-video-preview:-1\" \/>\n<link rel=\"canonical\" href=\"https:\/\/lunayatravel.com\/en\/product\/\ud83d\udc8e-lile-du-coeur-demeraude-cocks-comb-island-myanmar\/\" \/>\n<meta property=\"og:locale\" content=\"en_GB\" \/>\n<meta property=\"og:type\" content=\"article\" \/>\n<meta property=\"og:title\" content=\"\ud83d\udc8e L\u2019\u00eele du C\u0153ur d\u2019\u00c9meraude (Cock\u2019s Comb Island \u2013 Myanmar) -\" \/>\n<meta property=\"og:description\" content=\"\ud83d\udc1a Un joyau cach\u00e9 entre la Tha\u00eflande et le Myanmar Partez pour une journ\u00e9e extraordinaire entre mer turquoise, plages immacul\u00e9es et criques secr\u00e8tes. Le clou du spectacle : la myst\u00e9rieuse \u00eele en forme de c\u0153ur !   Une aventure unique \u00e0 la d\u00e9couverte des \u00eeles les plus sauvages du Myanmar, avec snorkeling, d\u00e9tente, paysages spectaculaires et d\u00eener buffet avec coucher de soleil.\" \/>\n<meta property=\"og:url\" content=\"https:\/\/lunayatravel.com\/en\/product\/\ud83d\udc8e-lile-du-coeur-demeraude-cocks-comb-island-myanmar\/\" \/>\n<meta property=\"article:publisher\" content=\"https:\/\/www.facebook.com\/lunayaTravel\/\" \/>\n<meta property=\"article:modified_time\" content=\"2025-07-26T14:16:14+00:00\" \/>\n<meta property=\"og:image\" content=\"https:\/\/lunayatravel.com\/wp-content\/uploads\/2025\/07\/FHD1029.webp\" \/>\n\t<meta property=\"og:image:width\" content=\"720\" \/>\n\t<meta property=\"og:image:height\" content=\"405\" \/>\n\t<meta property=\"og:image:type\" content=\"image\/webp\" \/>\n<meta name=\"twitter:card\" content=\"summary_large_image\" \/>\n<meta name=\"twitter:label1\" content=\"Estimated reading time\" \/>\n\t<meta name=\"twitter:data1\" content=\"1 minute\" \/>\n<script type=\"application\/ld+json\" class=\"yoast-schema-graph\">{\"@context\":\"https:\/\/schema.org\",\"@graph\":[{\"@type\":\"WebPage\",\"@id\":\"https:\/\/lunayatravel.com\/produit\/%f0%9f%92%8e-lile-du-coeur-demeraude-cocks-comb-island-myanmar\/\",\"url\":\"https:\/\/lunayatravel.com\/produit\/%f0%9f%92%8e-lile-du-coeur-demeraude-cocks-comb-island-myanmar\/\",\"name\":\"\ud83d\udc8e L\u2019\u00eele du C\u0153ur d\u2019\u00c9meraude (Cock\u2019s Comb Island \u2013 Myanmar) -\",\"isPartOf\":{\"@id\":\"https:\/\/lunayatravel.com\/#website\"},\"primaryImageOfPage\":{\"@id\":\"https:\/\/lunayatravel.com\/produit\/%f0%9f%92%8e-lile-du-coeur-demeraude-cocks-comb-island-myanmar\/#primaryimage\"},\"image\":{\"@id\":\"https:\/\/lunayatravel.com\/produit\/%f0%9f%92%8e-lile-du-coeur-demeraude-cocks-comb-island-myanmar\/#primaryimage\"},\"thumbnailUrl\":\"https:\/\/lunayatravel.com\/wp-content\/uploads\/2025\/07\/FHD1029.webp\",\"datePublished\":\"2025-07-26T14:14:44+00:00\",\"dateModified\":\"2025-07-26T14:16:14+00:00\",\"breadcrumb\":{\"@id\":\"https:\/\/lunayatravel.com\/produit\/%f0%9f%92%8e-lile-du-coeur-demeraude-cocks-comb-island-myanmar\/#breadcrumb\"},\"inLanguage\":\"en-GB\",\"potentialAction\":[{\"@type\":\"ReadAction\",\"target\":[\"https:\/\/lunayatravel.com\/produit\/%f0%9f%92%8e-lile-du-coeur-demeraude-cocks-comb-island-myanmar\/\"]}]},{\"@type\":\"ImageObject\",\"inLanguage\":\"en-GB\",\"@id\":\"https:\/\/lunayatravel.com\/produit\/%f0%9f%92%8e-lile-du-coeur-demeraude-cocks-comb-island-myanmar\/#primaryimage\",\"url\":\"https:\/\/lunayatravel.com\/wp-content\/uploads\/2025\/07\/FHD1029.webp\",\"contentUrl\":\"https:\/\/lunayatravel.com\/wp-content\/uploads\/2025\/07\/FHD1029.webp\",\"width\":720,\"height\":405},{\"@type\":\"BreadcrumbList\",\"@id\":\"https:\/\/lunayatravel.com\/produit\/%f0%9f%92%8e-lile-du-coeur-demeraude-cocks-comb-island-myanmar\/#breadcrumb\",\"itemListElement\":[{\"@type\":\"ListItem\",\"position\":1,\"name\":\"Accueil\",\"item\":\"https:\/\/lunayatravel.com\/\"},{\"@type\":\"ListItem\",\"position\":2,\"name\":\"Nos activit\u00e9s\",\"item\":\"https:\/\/lunayatravel.com\/nos-activites\/\"},{\"@type\":\"ListItem\",\"position\":3,\"name\":\"\ud83d\udc8e L\u2019\u00eele du C\u0153ur d\u2019\u00c9meraude (Cock\u2019s Comb Island \u2013 Myanmar)\"}]},{\"@type\":\"WebSite\",\"@id\":\"https:\/\/lunayatravel.com\/#website\",\"url\":\"https:\/\/lunayatravel.com\/\",\"name\":\"\",\"description\":\"\",\"publisher\":{\"@id\":\"https:\/\/lunayatravel.com\/#organization\"},\"potentialAction\":[{\"@type\":\"SearchAction\",\"target\":{\"@type\":\"EntryPoint\",\"urlTemplate\":\"https:\/\/lunayatravel.com\/?s={search_term_string}\"},\"query-input\":{\"@type\":\"PropertyValueSpecification\",\"valueRequired\":true,\"valueName\":\"search_term_string\"}}],\"inLanguage\":\"en-GB\"},{\"@type\":\"Organization\",\"@id\":\"https:\/\/lunayatravel.com\/#organization\",\"name\":\"Lunaya travel\",\"alternateName\":\"Lunaya travel\",\"url\":\"https:\/\/lunayatravel.com\/\",\"logo\":{\"@type\":\"ImageObject\",\"inLanguage\":\"en-GB\",\"@id\":\"https:\/\/lunayatravel.com\/#\/schema\/logo\/image\/\",\"url\":\"https:\/\/lunayatravel.com\/wp-content\/uploads\/2026\/03\/cropped-647319118_2379115739204013_337015058165053143_n.jpg\",\"contentUrl\":\"https:\/\/lunayatravel.com\/wp-content\/uploads\/2026\/03\/cropped-647319118_2379115739204013_337015058165053143_n.jpg\",\"width\":1022,\"height\":1023,\"caption\":\"Lunaya travel\"},\"image\":{\"@id\":\"https:\/\/lunayatravel.com\/#\/schema\/logo\/image\/\"},\"sameAs\":[\"https:\/\/www.facebook.com\/lunayaTravel\/\"]}]}<\/script>\n<!-- \/ Yoast SEO plugin. -->","yoast_head_json":{"title":"\ud83d\udc8e L\u2019\u00eele du C\u0153ur d\u2019\u00c9meraude (Cock\u2019s Comb Island \u2013 Myanmar) -","robots":{"index":"index","follow":"follow","max-snippet":"max-snippet:-1","max-image-preview":"max-image-preview:large","max-video-preview":"max-video-preview:-1"},"canonical":"https:\/\/lunayatravel.com\/en\/product\/\ud83d\udc8e-lile-du-coeur-demeraude-cocks-comb-island-myanmar\/","og_locale":"en_GB","og_type":"article","og_title":"\ud83d\udc8e L\u2019\u00eele du C\u0153ur d\u2019\u00c9meraude (Cock\u2019s Comb Island \u2013 Myanmar) -","og_description":"\ud83d\udc1a Un joyau cach\u00e9 entre la Tha\u00eflande et le Myanmar Partez pour une journ\u00e9e extraordinaire entre mer turquoise, plages immacul\u00e9es et criques secr\u00e8tes. Le clou du spectacle : la myst\u00e9rieuse \u00eele en forme de c\u0153ur !   Une aventure unique \u00e0 la d\u00e9couverte des \u00eeles les plus sauvages du Myanmar, avec snorkeling, d\u00e9tente, paysages spectaculaires et d\u00eener buffet avec coucher de soleil.","og_url":"https:\/\/lunayatravel.com\/en\/product\/\ud83d\udc8e-lile-du-coeur-demeraude-cocks-comb-island-myanmar\/","article_publisher":"https:\/\/www.facebook.com\/lunayaTravel\/","article_modified_time":"2025-07-26T14:16:14+00:00","og_image":[{"width":720,"height":405,"url":"https:\/\/lunayatravel.com\/wp-content\/uploads\/2025\/07\/FHD1029.webp","type":"image\/webp"}],"twitter_card":"summary_large_image","twitter_misc":{"Estimated reading time":"1 minute"},"schema":{"@context":"https:\/\/schema.org","@graph":[{"@type":"WebPage","@id":"https:\/\/lunayatravel.com\/produit\/%f0%9f%92%8e-lile-du-coeur-demeraude-cocks-comb-island-myanmar\/","url":"https:\/\/lunayatravel.com\/produit\/%f0%9f%92%8e-lile-du-coeur-demeraude-cocks-comb-island-myanmar\/","name":"\ud83d\udc8e L\u2019\u00eele du C\u0153ur d\u2019\u00c9meraude (Cock\u2019s Comb Island \u2013 Myanmar) -","isPartOf":{"@id":"https:\/\/lunayatravel.com\/#website"},"primaryImageOfPage":{"@id":"https:\/\/lunayatravel.com\/produit\/%f0%9f%92%8e-lile-du-coeur-demeraude-cocks-comb-island-myanmar\/#primaryimage"},"image":{"@id":"https:\/\/lunayatravel.com\/produit\/%f0%9f%92%8e-lile-du-coeur-demeraude-cocks-comb-island-myanmar\/#primaryimage"},"thumbnailUrl":"https:\/\/lunayatravel.com\/wp-content\/uploads\/2025\/07\/FHD1029.webp","datePublished":"2025-07-26T14:14:44+00:00","dateModified":"2025-07-26T14:16:14+00:00","breadcrumb":{"@id":"https:\/\/lunayatravel.com\/produit\/%f0%9f%92%8e-lile-du-coeur-demeraude-cocks-comb-island-myanmar\/#breadcrumb"},"inLanguage":"en-GB","potentialAction":[{"@type":"ReadAction","target":["https:\/\/lunayatravel.com\/produit\/%f0%9f%92%8e-lile-du-coeur-demeraude-cocks-comb-island-myanmar\/"]}]},{"@type":"ImageObject","inLanguage":"en-GB","@id":"https:\/\/lunayatravel.com\/produit\/%f0%9f%92%8e-lile-du-coeur-demeraude-cocks-comb-island-myanmar\/#primaryimage","url":"https:\/\/lunayatravel.com\/wp-content\/uploads\/2025\/07\/FHD1029.webp","contentUrl":"https:\/\/lunayatravel.com\/wp-content\/uploads\/2025\/07\/FHD1029.webp","width":720,"height":405},{"@type":"BreadcrumbList","@id":"https:\/\/lunayatravel.com\/produit\/%f0%9f%92%8e-lile-du-coeur-demeraude-cocks-comb-island-myanmar\/#breadcrumb","itemListElement":[{"@type":"ListItem","position":1,"name":"Accueil","item":"https:\/\/lunayatravel.com\/"},{"@type":"ListItem","position":2,"name":"Nos activit\u00e9s","item":"https:\/\/lunayatravel.com\/nos-activites\/"},{"@type":"ListItem","position":3,"name":"\ud83d\udc8e L\u2019\u00eele du C\u0153ur d\u2019\u00c9meraude (Cock\u2019s Comb Island \u2013 Myanmar)"}]},{"@type":"WebSite","@id":"https:\/\/lunayatravel.com\/#website","url":"https:\/\/lunayatravel.com\/","name":"","description":"","publisher":{"@id":"https:\/\/lunayatravel.com\/#organization"},"potentialAction":[{"@type":"SearchAction","target":{"@type":"EntryPoint","urlTemplate":"https:\/\/lunayatravel.com\/?s={search_term_string}"},"query-input":{"@type":"PropertyValueSpecification","valueRequired":true,"valueName":"search_term_string"}}],"inLanguage":"en-GB"},{"@type":"Organization","@id":"https:\/\/lunayatravel.com\/#organization","name":"Lunaya travel","alternateName":"Lunaya travel","url":"https:\/\/lunayatravel.com\/","logo":{"@type":"ImageObject","inLanguage":"en-GB","@id":"https:\/\/lunayatravel.com\/#\/schema\/logo\/image\/","url":"https:\/\/lunayatravel.com\/wp-content\/uploads\/2026\/03\/cropped-647319118_2379115739204013_337015058165053143_n.jpg","contentUrl":"https:\/\/lunayatravel.com\/wp-content\/uploads\/2026\/03\/cropped-647319118_2379115739204013_337015058165053143_n.jpg","width":1022,"height":1023,"caption":"Lunaya travel"},"image":{"@id":"https:\/\/lunayatravel.com\/#\/schema\/logo\/image\/"},"sameAs":["https:\/\/www.facebook.com\/lunayaTravel\/"]}]}},"uagb_featured_image_src":{"full":["https:\/\/lunayatravel.com\/wp-content\/uploads\/2025\/07\/FHD1029.webp",720,405,false],"thumbnail":["https:\/\/lunayatravel.com\/wp-content\/uploads\/2025\/07\/FHD1029-150x150.webp",150,150,true],"medium":["https:\/\/lunayatravel.com\/wp-content\/uploads\/2025\/07\/FHD1029-300x169.webp",300,169,true],"medium_large":["https:\/\/lunayatravel.com\/wp-content\/uploads\/2025\/07\/FHD1029.webp",720,405,false],"large":["https:\/\/lunayatravel.com\/wp-content\/uploads\/2025\/07\/FHD1029.webp",720,405,false],"1536x1536":["https:\/\/lunayatravel.com\/wp-content\/uploads\/2025\/07\/FHD1029.webp",720,405,false],"2048x2048":["https:\/\/lunayatravel.com\/wp-content\/uploads\/2025\/07\/FHD1029.webp",720,405,false],"trp-custom-language-flag":["https:\/\/lunayatravel.com\/wp-content\/uploads\/2025\/07\/FHD1029.webp",18,10,false],"widget-thumbnail":["https:\/\/lunayatravel.com\/wp-content\/uploads\/2025\/07\/FHD1029-75x75.webp",75,75,true],"mailpoet_newsletter_max":["https:\/\/lunayatravel.com\/wp-content\/uploads\/2025\/07\/FHD1029.webp",720,405,false],"woocommerce_thumbnail":["https:\/\/lunayatravel.com\/wp-content\/uploads\/2025\/07\/FHD1029-300x300.webp",300,300,true],"woocommerce_single":["https:\/\/lunayatravel.com\/wp-content\/uploads\/2025\/07\/FHD1029-600x338.webp",600,338,true],"woocommerce_gallery_thumbnail":["https:\/\/lunayatravel.com\/wp-content\/uploads\/2025\/07\/FHD1029-100x100.webp",100,100,true],"sow-carousel-default":["https:\/\/lunayatravel.com\/wp-content\/uploads\/2025\/07\/FHD1029-272x182.webp",272,182,true]},"uagb_author_info":{"display_name":"haemers stephanie","author_link":"https:\/\/lunayatravel.com\/en\/author\/"},"uagb_comment_info":0,"uagb_excerpt":"\ud83d\udc1a Un joyau cach\u00e9 entre la Tha\u00eflande et le Myanmar Partez pour une journ\u00e9e extraordinaire entre mer turquoise, plages immacul\u00e9es et criques secr\u00e8tes. Le clou du spectacle : la myst\u00e9rieuse \u00eele en forme de c\u0153ur ! Une aventure unique \u00e0 la d\u00e9couverte des \u00eeles les plus sauvages du Myanmar, avec snorkeling, d\u00e9tente, paysages spectaculaires et&hellip;","jetpack_sharing_enabled":true,"_links":{"self":[{"href":"https:\/\/lunayatravel.com\/en\/wp-json\/wp\/v2\/product\/30169","targetHints":{"allow":["GET"]}}],"collection":[{"href":"https:\/\/lunayatravel.com\/en\/wp-json\/wp\/v2\/product"}],"about":[{"href":"https:\/\/lunayatravel.com\/en\/wp-json\/wp\/v2\/types\/product"}],"replies":[{"embeddable":true,"href":"https:\/\/lunayatravel.com\/en\/wp-json\/wp\/v2\/comments?post=30169"}],"wp:featuredmedia":[{"embeddable":true,"href":"https:\/\/lunayatravel.com\/en\/wp-json\/wp\/v2\/media\/30171"}],"wp:attachment":[{"href":"https:\/\/lunayatravel.com\/en\/wp-json\/wp\/v2\/media?parent=30169"}],"wp:term":[{"taxonomy":"product_brand","embeddable":true,"href":"https:\/\/lunayatravel.com\/en\/wp-json\/wp\/v2\/product_brand?post=30169"},{"taxonomy":"product_cat","embeddable":true,"href":"https:\/\/lunayatravel.com\/en\/wp-json\/wp\/v2\/product_cat?post=30169"},{"taxonomy":"product_tag","embeddable":true,"href":"https:\/\/lunayatravel.com\/en\/wp-json\/wp\/v2\/product_tag?post=30169"}],"curies":[{"name":"wp","href":"https:\/\/api.w.org\/{rel}","templated":true}]}}