{"id":30118,"date":"2025-07-26T12:55:12","date_gmt":"2025-07-26T10:55:12","guid":{"rendered":"https:\/\/itctoursvoyages.com\/?post_type=product&#038;p=30118"},"modified":"2026-04-13T07:17:40","modified_gmt":"2026-04-13T05:17:40","slug":"velo-chiang-rai-temple-blanc-excursion","status":"publish","type":"product","link":"https:\/\/lunayatravel.com\/en\/product\/velo-chiang-rai-temple-blanc-excursion\/","title":{"rendered":"Chiang Rai Cycle Excursion \u2013 Countryside &amp; White Temple"},"content":{"rendered":"<div class=\"no-scrollbar flex min-h-36 flex-nowrap gap-0.5 overflow-auto sm:gap-1 sm:overflow-hidden xl:min-h-44 mt-1 mb-5 [&amp;:not(:first-child)]:mt-4\">\n<div class=\"border-token-border-default relative w-32 shrink-0 overflow-hidden rounded-xl border-[0.5px] md:shrink max-h-64 sm:w-[calc((100%-0.5rem)\/3)] rounded-s-xl\">\n<div class=\"group\/search-image @container\/search-image relative rounded-[inherit] h-full w-full\">\n<div><img loading=\"lazy\" decoding=\"async\" class=\"bg-token-main-surface-tertiary m-0 h-full w-full object-cover alignnone\" src=\"https:\/\/images.openai.com\/static-rsc-4\/87iZpz_I1_kpbYM-VTKiiid2vnSnmX4hsybLLIs-y3BYesJC4JX4PMkw9RlID2ftkNZK2sB3ux066tnnxwSdRzuEzm_OBupTZrcc7x2qZtWPo0N2wryD6vmtnkKBbi4-FcaXt738dDgP3j-xH9Cd4v3is9pU1uIH4nUVTirC3ceYalr1p_9Enf0csh4o2IKY?purpose=inline\" alt=\"chiang rai\" width=\"1290\" height=\"860\" \/><\/div>\n<\/div>\n<\/div>\n<div class=\"border-token-border-default relative w-32 shrink-0 overflow-hidden rounded-xl border-[0.5px] md:shrink max-h-64 sm:w-[calc((100%-0.5rem)\/3)]\">\n<div class=\"group\/search-image @container\/search-image relative rounded-[inherit] h-full w-full\">\n<div><\/div>\n<\/div>\n<\/div>\n<div class=\"border-token-border-default relative w-32 shrink-0 overflow-hidden rounded-xl border-[0.5px] md:shrink max-h-64 sm:w-[calc((100%-0.5rem)\/3)] rounded-e-xl\">\n<div class=\"group\/search-image @container\/search-image relative rounded-[inherit] h-full w-full\">\n<div><\/div>\n<div class=\"pointer-events-none absolute inset-x-2 bottom-2 z-0 flex max-w-[calc(100%-1rem)] flex-wrap items-end justify-end gap-1.5\">\n<div class=\"shrink-0\">\n<div class=\"flex items-center gap-1 rounded-full px-2 py-1.5 text-white backdrop-blur-md backdrop-brightness-75\"><strong data-start=\"228\" data-end=\"345\">Partez \u00e0 la d\u00e9couverte de Chiang Rai autrement, \u00e0 v\u00e9lo, entre rizi\u00e8res, villages locaux et temples embl\u00e9matiques.<\/strong><\/div>\n<\/div>\n<\/div>\n<\/div>\n<\/div>\n<\/div>\n<p data-start=\"349\" data-end=\"435\">Cette excursion combine nature, culture et immersion locale dans un cadre authentique.<\/p>\n<hr data-start=\"437\" data-end=\"440\" \/>\n<h2 data-section-id=\"1anwvq0\" data-start=\"442\" data-end=\"493\">\u00a0Pourquoi choisir cette excursion \u00e0 v\u00e9lo ?<\/h2>\n<ul data-start=\"495\" data-end=\"682\">\n<li data-section-id=\"23om3d\" data-start=\"495\" data-end=\"537\">D\u00e9couverte de la campagne tha\u00eflandaise<\/li>\n<li data-section-id=\"1qdeegc\" data-start=\"538\" data-end=\"575\">Activit\u00e9 immersive et authentique<\/li>\n<li data-section-id=\"19q6nht\" data-start=\"576\" data-end=\"610\">Visite du c\u00e9l\u00e8bre Temple Blanc<\/li>\n<li data-section-id=\"1ap28g6\" data-start=\"611\" data-end=\"646\">Encadrement s\u00e9curis\u00e9 avec guide<\/li>\n<li data-section-id=\"aqnwkh\" data-start=\"647\" data-end=\"682\">Exp\u00e9rience active et accessible<\/li>\n<\/ul>\n<hr data-start=\"684\" data-end=\"687\" \/>\n<h2 data-section-id=\"10uavfq\" data-start=\"689\" data-end=\"711\">\u00a0Points forts<\/h2>\n<ul data-start=\"713\" data-end=\"934\">\n<li data-section-id=\"tt93pu\" data-start=\"713\" data-end=\"764\">Balade \u00e0 v\u00e9lo \u00e0 travers rizi\u00e8res et plantations<\/li>\n<li data-section-id=\"1r0wubx\" data-start=\"765\" data-end=\"800\">Arr\u00eats dans des villages locaux<\/li>\n<li data-section-id=\"15lqyw7\" data-start=\"801\" data-end=\"840\">D\u00e9couverte d\u2019un march\u00e9 traditionnel<\/li>\n<li data-section-id=\"xcfwcu\" data-start=\"841\" data-end=\"887\">Visite du Bouddha g\u00e9ant et du Temple Blanc<\/li>\n<li data-section-id=\"1d7e0nf\" data-start=\"888\" data-end=\"934\">Fin du parcours dans une plantation de th\u00e9<\/li>\n<\/ul>\n<hr data-start=\"936\" data-end=\"939\" \/>\n<h2 data-section-id=\"1wj5s8l\" data-start=\"941\" data-end=\"974\">\u00a0Programme de la journ\u00e9e<\/h2>\n<h3 data-section-id=\"1bv4p5f\" data-start=\"976\" data-end=\"1011\">\u00a0D\u00e9part depuis Chiang Rai<\/h3>\n<ul data-start=\"1055\" data-end=\"1180\">\n<li data-section-id=\"2oif55\" data-start=\"1055\" data-end=\"1123\"><strong data-start=\"1057\" data-end=\"1076\">08h30 \u2013 08h45 :<\/strong> Prise en charge \u00e0 votre h\u00f4tel (centre-ville)<\/li>\n<li data-section-id=\"1wjiqrl\" data-start=\"1124\" data-end=\"1180\"><strong data-start=\"1126\" data-end=\"1137\">09h00 :<\/strong> D\u00e9part en pick-up vers la zone de d\u00e9part<\/li>\n<\/ul>\n<hr data-start=\"1182\" data-end=\"1185\" \/>\n<h3 data-section-id=\"b2osgm\" data-start=\"1187\" data-end=\"1223\">\u00a0D\u00e9but de la balade \u00e0 v\u00e9lo<\/h3>\n<ul data-start=\"1267\" data-end=\"1397\">\n<li data-section-id=\"1ljmc5l\" data-start=\"1267\" data-end=\"1302\"><strong data-start=\"1269\" data-end=\"1280\">09h30 :<\/strong> D\u00e9part de la balade<\/li>\n<li data-section-id=\"doxrn3\" data-start=\"1303\" data-end=\"1353\">Travers\u00e9e de villages, rizi\u00e8res et plantations<\/li>\n<li data-section-id=\"1s90roo\" data-start=\"1354\" data-end=\"1397\">Arr\u00eats au march\u00e9 local et points de vue<\/li>\n<\/ul>\n<hr data-start=\"1399\" data-end=\"1402\" \/>\n<h3 data-section-id=\"1gqfz2c\" data-start=\"1404\" data-end=\"1429\">\u00a0D\u00e9jeuner local<\/h3>\n<ul data-start=\"1473\" data-end=\"1522\">\n<li data-section-id=\"8pwjkn\" data-start=\"1473\" data-end=\"1522\"><strong data-start=\"1475\" data-end=\"1486\">12h30 :<\/strong> D\u00e9jeuner dans un restaurant local<\/li>\n<\/ul>\n<hr data-start=\"1524\" data-end=\"1527\" \/>\n<h3 data-section-id=\"we1gma\" data-start=\"1529\" data-end=\"1568\">Temple Blanc &amp; Bouddha g\u00e9ant<\/h3>\n<p data-start=\"1612\" data-end=\"1654\">\ud83d\udc49 <span class=\"hover:entity-accent entity-underline inline cursor-pointer align-baseline\"><span class=\"whitespace-normal\">Wat Rong Khun<\/span><\/span><\/p>\n<ul data-start=\"1656\" data-end=\"1751\">\n<li data-section-id=\"1s33tn6\" data-start=\"1656\" data-end=\"1692\"><strong data-start=\"1658\" data-end=\"1669\">13h30 :<\/strong> Reprise de la balade<\/li>\n<li data-section-id=\"14tobu1\" data-start=\"1693\" data-end=\"1720\">Visite du Bouddha g\u00e9ant<\/li>\n<li data-section-id=\"iviy7u\" data-start=\"1721\" data-end=\"1751\">D\u00e9couverte du Temple Blanc<\/li>\n<\/ul>\n<hr data-start=\"1753\" data-end=\"1756\" \/>\n<h3 data-section-id=\"l2wehw\" data-start=\"1758\" data-end=\"1804\">\u00a0Plantation de th\u00e9 &amp; fin du parcours<\/h3>\n<div class=\"no-scrollbar flex min-h-36 flex-nowrap gap-0.5 overflow-auto sm:gap-1 sm:overflow-hidden xl:min-h-44 mt-1 mb-5 [&amp;:not(:first-child)]:mt-4\">\n<div class=\"border-token-border-default relative w-32 shrink-0 overflow-hidden rounded-xl border-[0.5px] md:shrink max-h-64 sm:w-[calc((100%-0.5rem)\/3)] rounded-s-xl\">\n<div class=\"group\/search-image @container\/search-image relative rounded-[inherit] h-full w-full\">\n<div><\/div>\n<\/div>\n<\/div>\n<div class=\"border-token-border-default relative w-32 shrink-0 overflow-hidden rounded-xl border-[0.5px] md:shrink max-h-64 sm:w-[calc((100%-0.5rem)\/3)]\">\n<div class=\"group\/search-image @container\/search-image relative rounded-[inherit] h-full w-full\">\n<div><img loading=\"lazy\" decoding=\"async\" class=\"bg-token-main-surface-tertiary m-0 h-full w-full object-cover alignnone\" src=\"https:\/\/images.openai.com\/static-rsc-4\/gsug4dT9bcTP8Z6_scZi8zVrwFy1PcwwEkoQUd5cgPeMSnOr4quEtgHnz1CgV1sHqKMFue7cgBdfhI12Kap8DfLOqFjKt_qN56UUMhc-ZDXjnOnSC9J8GAx1AngnCFI_F07TbjJYIJM0NBu30IoLTBKinzJFJDoJFU4CUtANqpvrYplysMMvH-exyxR8dzVu?purpose=inline\" alt=\"chiang rai\" width=\"1290\" height=\"860\" \/><\/div>\n<\/div>\n<\/div>\n<div class=\"border-token-border-default relative w-32 shrink-0 overflow-hidden rounded-xl border-[0.5px] md:shrink max-h-64 sm:w-[calc((100%-0.5rem)\/3)] rounded-e-xl\">\n<div class=\"group\/search-image @container\/search-image relative rounded-[inherit] h-full w-full\">\n<div><\/div>\n<div class=\"pointer-events-none absolute inset-x-2 bottom-2 z-0 flex max-w-[calc(100%-1rem)] flex-wrap items-end justify-end gap-1.5\">\n<div class=\"shrink-0\">\n<div class=\"flex items-center gap-1 rounded-full px-2 py-1.5 text-white backdrop-blur-md backdrop-brightness-75\"><\/div>\n<\/div>\n<\/div>\n<\/div>\n<\/div>\n<\/div>\n<ul data-start=\"1848\" data-end=\"1906\">\n<li data-section-id=\"1xbcu2m\" data-start=\"1848\" data-end=\"1906\"><strong data-start=\"1850\" data-end=\"1861\">16h00 :<\/strong> Fin du parcours dans une plantation de th\u00e9<\/li>\n<\/ul>\n<hr data-start=\"1908\" data-end=\"1911\" \/>\n<h3 data-section-id=\"1anlc53\" data-start=\"1913\" data-end=\"1944\">\u00a0Retour \u00e0 votre h\u00f4tel<\/h3>\n<ul data-start=\"1946\" data-end=\"1989\">\n<li data-section-id=\"162bsnp\" data-start=\"1946\" data-end=\"1989\"><strong data-start=\"1948\" data-end=\"1967\">17h00 \u2013 18h00 :<\/strong> Retour \u00e0 Chiang Rai<\/li>\n<\/ul>\n<hr data-start=\"1991\" data-end=\"1994\" \/>\n<h2 data-section-id=\"m50aq\" data-start=\"1996\" data-end=\"2023\">\u00a0Ce qui est inclus<\/h2>\n<ul data-start=\"2025\" data-end=\"2205\">\n<li data-section-id=\"60pe9s\" data-start=\"2025\" data-end=\"2056\">VTT (24 vitesses) et casque<\/li>\n<li data-section-id=\"1ittd0b\" data-start=\"2057\" data-end=\"2086\">Guide cycliste anglophone<\/li>\n<li data-section-id=\"6ps5i2\" data-start=\"2087\" data-end=\"2113\">Entr\u00e9e au Temple Blanc<\/li>\n<li data-section-id=\"y1k4z4\" data-start=\"2114\" data-end=\"2140\">D\u00e9jeuner, encas et eau<\/li>\n<li data-section-id=\"auhnjo\" data-start=\"2141\" data-end=\"2163\">Assurance accident<\/li>\n<li data-section-id=\"12un02i\" data-start=\"2164\" data-end=\"2205\">Transfert aller-retour (centre-ville)<\/li>\n<\/ul>\n<hr data-start=\"2207\" data-end=\"2210\" \/>\n<h2 data-section-id=\"f4yctm\" data-start=\"2212\" data-end=\"2246\">\u00a0Informations importantes<\/h2>\n<p data-start=\"2248\" data-end=\"2347\">\u00a0Si votre h\u00f4tel est situ\u00e9 \u00e0 plus de 5 km du centre :<br data-start=\"2302\" data-end=\"2305\" \/><span class=\"hover:entity-accent entity-underline inline cursor-pointer align-baseline\"><span class=\"whitespace-normal\">Wat Jed Yod<\/span><\/span><\/p>\n<p data-start=\"2349\" data-end=\"2384\">Point de rendez-vous obligatoire.<\/p>\n<p data-start=\"2386\" data-end=\"2431\">\u00a0Coordonn\u00e9es : N 19\u00b0 54.210 E 099\u00b0 49.902<\/p>\n<p data-start=\"2433\" data-end=\"2512\">\u00a0Merci d\u2019indiquer votre taille et num\u00e9ro de passeport lors de la r\u00e9servation.<\/p>\n<hr data-start=\"2514\" data-end=\"2517\" \/>\n<h2 data-section-id=\"9cumks\" data-start=\"2519\" data-end=\"2538\">\u00a0\u00c0 pr\u00e9voir<\/h2>\n<ul data-start=\"2540\" data-end=\"2636\">\n<li data-section-id=\"1ubndpc\" data-start=\"2540\" data-end=\"2561\">Tenue confortable<\/li>\n<li data-section-id=\"qc7yih\" data-start=\"2562\" data-end=\"2585\">Chaussures adapt\u00e9es<\/li>\n<li data-section-id=\"u93uom\" data-start=\"2586\" data-end=\"2603\">Cr\u00e8me solaire<\/li>\n<li data-section-id=\"vl0ggh\" data-start=\"2604\" data-end=\"2636\">Eau suppl\u00e9mentaire si besoin<\/li>\n<\/ul>\n<hr data-start=\"2638\" data-end=\"2641\" \/>\n<h2 data-section-id=\"9803m\" data-start=\"2643\" data-end=\"2686\">\u00a0Conseils pour profiter au maximum<\/h2>\n<ul data-start=\"2688\" data-end=\"2808\">\n<li data-section-id=\"18gj6fq\" data-start=\"2688\" data-end=\"2712\">\u00catre \u00e0 l\u2019aise \u00e0 v\u00e9lo<\/li>\n<li data-section-id=\"qqazjr\" data-start=\"2713\" data-end=\"2749\">Profiter du rythme pour observer<\/li>\n<li data-section-id=\"nxv45l\" data-start=\"2750\" data-end=\"2777\">Apporter appareil photo<\/li>\n<li data-section-id=\"1arh402\" data-start=\"2778\" data-end=\"2808\">Pr\u00e9voir un petit sac l\u00e9ger<\/li>\n<\/ul>\n<hr data-start=\"2810\" data-end=\"2813\" \/>\n<h2 data-section-id=\"idux9o\" data-start=\"2815\" data-end=\"2846\">\u00a0FAQ \u2013 V\u00e9lo Chiang Rai<\/h2>\n<p data-start=\"2848\" data-end=\"2930\"><strong data-start=\"2848\" data-end=\"2880\">Le niveau est-il difficile ?<\/strong><br data-start=\"2880\" data-end=\"2883\" \/>Accessible avec une condition physique normale.<\/p>\n<p data-start=\"2932\" data-end=\"2993\"><strong data-start=\"2932\" data-end=\"2963\">Le mat\u00e9riel est-il fourni ?<\/strong><br data-start=\"2963\" data-end=\"2966\" \/>Oui, v\u00e9lo et casque inclus.<\/p>\n<p data-start=\"2995\" data-end=\"3070\"><strong data-start=\"2995\" data-end=\"3037\">Peut-on faire l\u2019excursion en famille ?<\/strong><br data-start=\"3037\" data-end=\"3040\" \/>Oui, selon l\u2019\u00e2ge et le niveau.<\/p>\n<p data-start=\"3072\" data-end=\"3130\"><strong data-start=\"3072\" data-end=\"3107\">Le Temple Blanc est-il inclus ?<\/strong><br data-start=\"3107\" data-end=\"3110\" \/>Oui, entr\u00e9e incluse.<\/p>\n","protected":false},"excerpt":{"rendered":"<p>Partez \u00e0 la d\u00e9couverte de Chiang Rai autrement, \u00e0 v\u00e9lo, entre rizi\u00e8res, villages locaux et temples embl\u00e9matiques. Cette excursion combine nature, culture et immersion locale dans un cadre authentique. \u00a0Pourquoi choisir cette excursion \u00e0 v\u00e9lo ? D\u00e9couverte de la campagne tha\u00eflandaise Activit\u00e9 immersive et authentique Visite du c\u00e9l\u00e8bre Temple Blanc Encadrement s\u00e9curis\u00e9 avec guide Exp\u00e9rience &#8230; <a title=\"Excursion \u00e0 v\u00e9lo \u00e0 Chiang Rai \u2013 Campagne &#038; Temple Blanc\" class=\"read-more\" href=\"https:\/\/lunayatravel.com\/en\/product\/velo-chiang-rai-temple-blanc-excursion\/\" aria-label=\"Read more about Excursion \u00e0 v\u00e9lo \u00e0 Chiang Rai \u2013 Campagne &#038; Temple Blanc\">Read more<\/a><\/p>","protected":false},"featured_media":30120,"comment_status":"open","ping_status":"closed","template":"","meta":{"_uag_custom_page_level_css":""},"product_brand":[],"product_cat":[63],"product_tag":[],"class_list":{"0":"post-30118","1":"product","2":"type-product","3":"status-publish","4":"has-post-thumbnail","6":"product_cat-chiang-rai","8":"first","9":"instock","10":"virtual","11":"taxable","12":"purchasable","13":"product-type-simple"},"yoast_head":"<!-- This site is optimized with the Yoast SEO plugin v27.1.1 - https:\/\/yoast.com\/product\/yoast-seo-wordpress\/ -->\n<title>Excursion \u00e0 v\u00e9lo \u00e0 Chiang Rai \u2013 Campagne &amp; Temple Blanc -<\/title>\n<meta name=\"description\" content=\"Excursion v\u00e9lo Chiang Rai : campagne, Temple Blanc et plantation de th\u00e9 avec guide, d\u00e9jeuner et transfert inclus. Journ\u00e9e immersive.\" \/>\n<meta name=\"robots\" content=\"index, follow, max-snippet:-1, max-image-preview:large, max-video-preview:-1\" \/>\n<link rel=\"canonical\" href=\"https:\/\/lunayatravel.com\/en\/product\/velo-chiang-rai-temple-blanc-excursion\/\" \/>\n<meta property=\"og:locale\" content=\"en_GB\" \/>\n<meta property=\"og:type\" content=\"article\" \/>\n<meta property=\"og:title\" content=\"Excursion \u00e0 v\u00e9lo \u00e0 Chiang Rai \u2013 Campagne &amp; Temple Blanc -\" \/>\n<meta property=\"og:description\" content=\"Excursion v\u00e9lo Chiang Rai : campagne, Temple Blanc et plantation de th\u00e9 avec guide, d\u00e9jeuner et transfert inclus. Journ\u00e9e immersive.\" \/>\n<meta property=\"og:url\" content=\"https:\/\/lunayatravel.com\/en\/product\/velo-chiang-rai-temple-blanc-excursion\/\" \/>\n<meta property=\"article:publisher\" content=\"https:\/\/www.facebook.com\/lunayaTravel\/\" \/>\n<meta property=\"article:modified_time\" content=\"2026-04-13T05:17:40+00:00\" \/>\n<meta property=\"og:image\" content=\"https:\/\/lunayatravel.com\/wp-content\/uploads\/2025\/07\/1-3.webp\" \/>\n\t<meta property=\"og:image:width\" content=\"720\" \/>\n\t<meta property=\"og:image:height\" content=\"480\" \/>\n\t<meta property=\"og:image:type\" content=\"image\/webp\" \/>\n<meta name=\"twitter:card\" content=\"summary_large_image\" \/>\n<meta name=\"twitter:label1\" content=\"Estimated reading time\" \/>\n\t<meta name=\"twitter:data1\" content=\"3 minutes\" \/>\n<script type=\"application\/ld+json\" class=\"yoast-schema-graph\">{\"@context\":\"https:\/\/schema.org\",\"@graph\":[{\"@type\":\"WebPage\",\"@id\":\"https:\/\/lunayatravel.com\/produit\/velo-chiang-rai-temple-blanc-excursion\/\",\"url\":\"https:\/\/lunayatravel.com\/produit\/velo-chiang-rai-temple-blanc-excursion\/\",\"name\":\"Excursion \u00e0 v\u00e9lo \u00e0 Chiang Rai \u2013 Campagne & Temple Blanc -\",\"isPartOf\":{\"@id\":\"https:\/\/lunayatravel.com\/#website\"},\"primaryImageOfPage\":{\"@id\":\"https:\/\/lunayatravel.com\/produit\/velo-chiang-rai-temple-blanc-excursion\/#primaryimage\"},\"image\":{\"@id\":\"https:\/\/lunayatravel.com\/produit\/velo-chiang-rai-temple-blanc-excursion\/#primaryimage\"},\"thumbnailUrl\":\"https:\/\/lunayatravel.com\/wp-content\/uploads\/2025\/07\/1-3.webp\",\"datePublished\":\"2025-07-26T10:55:12+00:00\",\"dateModified\":\"2026-04-13T05:17:40+00:00\",\"description\":\"Excursion v\u00e9lo Chiang Rai : campagne, Temple Blanc et plantation de th\u00e9 avec guide, d\u00e9jeuner et transfert inclus. Journ\u00e9e immersive.\",\"breadcrumb\":{\"@id\":\"https:\/\/lunayatravel.com\/produit\/velo-chiang-rai-temple-blanc-excursion\/#breadcrumb\"},\"inLanguage\":\"en-GB\",\"potentialAction\":[{\"@type\":\"ReadAction\",\"target\":[\"https:\/\/lunayatravel.com\/produit\/velo-chiang-rai-temple-blanc-excursion\/\"]}]},{\"@type\":\"ImageObject\",\"inLanguage\":\"en-GB\",\"@id\":\"https:\/\/lunayatravel.com\/produit\/velo-chiang-rai-temple-blanc-excursion\/#primaryimage\",\"url\":\"https:\/\/lunayatravel.com\/wp-content\/uploads\/2025\/07\/1-3.webp\",\"contentUrl\":\"https:\/\/lunayatravel.com\/wp-content\/uploads\/2025\/07\/1-3.webp\",\"width\":720,\"height\":480,\"caption\":\"chiang rai\"},{\"@type\":\"BreadcrumbList\",\"@id\":\"https:\/\/lunayatravel.com\/produit\/velo-chiang-rai-temple-blanc-excursion\/#breadcrumb\",\"itemListElement\":[{\"@type\":\"ListItem\",\"position\":1,\"name\":\"Accueil\",\"item\":\"https:\/\/lunayatravel.com\/\"},{\"@type\":\"ListItem\",\"position\":2,\"name\":\"Nos activit\u00e9s\",\"item\":\"https:\/\/lunayatravel.com\/nos-activites\/\"},{\"@type\":\"ListItem\",\"position\":3,\"name\":\"Excursion \u00e0 v\u00e9lo \u00e0 Chiang Rai \u2013 Campagne &#038; Temple Blanc\"}]},{\"@type\":\"WebSite\",\"@id\":\"https:\/\/lunayatravel.com\/#website\",\"url\":\"https:\/\/lunayatravel.com\/\",\"name\":\"\",\"description\":\"\",\"publisher\":{\"@id\":\"https:\/\/lunayatravel.com\/#organization\"},\"potentialAction\":[{\"@type\":\"SearchAction\",\"target\":{\"@type\":\"EntryPoint\",\"urlTemplate\":\"https:\/\/lunayatravel.com\/?s={search_term_string}\"},\"query-input\":{\"@type\":\"PropertyValueSpecification\",\"valueRequired\":true,\"valueName\":\"search_term_string\"}}],\"inLanguage\":\"en-GB\"},{\"@type\":\"Organization\",\"@id\":\"https:\/\/lunayatravel.com\/#organization\",\"name\":\"Lunaya travel\",\"alternateName\":\"Lunaya travel\",\"url\":\"https:\/\/lunayatravel.com\/\",\"logo\":{\"@type\":\"ImageObject\",\"inLanguage\":\"en-GB\",\"@id\":\"https:\/\/lunayatravel.com\/#\/schema\/logo\/image\/\",\"url\":\"https:\/\/lunayatravel.com\/wp-content\/uploads\/2026\/03\/cropped-647319118_2379115739204013_337015058165053143_n.jpg\",\"contentUrl\":\"https:\/\/lunayatravel.com\/wp-content\/uploads\/2026\/03\/cropped-647319118_2379115739204013_337015058165053143_n.jpg\",\"width\":1022,\"height\":1023,\"caption\":\"Lunaya travel\"},\"image\":{\"@id\":\"https:\/\/lunayatravel.com\/#\/schema\/logo\/image\/\"},\"sameAs\":[\"https:\/\/www.facebook.com\/lunayaTravel\/\"]}]}<\/script>\n<!-- \/ Yoast SEO plugin. -->","yoast_head_json":{"title":"Excursion \u00e0 v\u00e9lo \u00e0 Chiang Rai \u2013 Campagne & Temple Blanc -","description":"Excursion v\u00e9lo Chiang Rai : campagne, Temple Blanc et plantation de th\u00e9 avec guide, d\u00e9jeuner et transfert inclus. Journ\u00e9e immersive.","robots":{"index":"index","follow":"follow","max-snippet":"max-snippet:-1","max-image-preview":"max-image-preview:large","max-video-preview":"max-video-preview:-1"},"canonical":"https:\/\/lunayatravel.com\/en\/product\/velo-chiang-rai-temple-blanc-excursion\/","og_locale":"en_GB","og_type":"article","og_title":"Excursion \u00e0 v\u00e9lo \u00e0 Chiang Rai \u2013 Campagne & Temple Blanc -","og_description":"Excursion v\u00e9lo Chiang Rai : campagne, Temple Blanc et plantation de th\u00e9 avec guide, d\u00e9jeuner et transfert inclus. Journ\u00e9e immersive.","og_url":"https:\/\/lunayatravel.com\/en\/product\/velo-chiang-rai-temple-blanc-excursion\/","article_publisher":"https:\/\/www.facebook.com\/lunayaTravel\/","article_modified_time":"2026-04-13T05:17:40+00:00","og_image":[{"width":720,"height":480,"url":"https:\/\/lunayatravel.com\/wp-content\/uploads\/2025\/07\/1-3.webp","type":"image\/webp"}],"twitter_card":"summary_large_image","twitter_misc":{"Estimated reading time":"3 minutes"},"schema":{"@context":"https:\/\/schema.org","@graph":[{"@type":"WebPage","@id":"https:\/\/lunayatravel.com\/produit\/velo-chiang-rai-temple-blanc-excursion\/","url":"https:\/\/lunayatravel.com\/produit\/velo-chiang-rai-temple-blanc-excursion\/","name":"Excursion \u00e0 v\u00e9lo \u00e0 Chiang Rai \u2013 Campagne & Temple Blanc -","isPartOf":{"@id":"https:\/\/lunayatravel.com\/#website"},"primaryImageOfPage":{"@id":"https:\/\/lunayatravel.com\/produit\/velo-chiang-rai-temple-blanc-excursion\/#primaryimage"},"image":{"@id":"https:\/\/lunayatravel.com\/produit\/velo-chiang-rai-temple-blanc-excursion\/#primaryimage"},"thumbnailUrl":"https:\/\/lunayatravel.com\/wp-content\/uploads\/2025\/07\/1-3.webp","datePublished":"2025-07-26T10:55:12+00:00","dateModified":"2026-04-13T05:17:40+00:00","description":"Excursion v\u00e9lo Chiang Rai : campagne, Temple Blanc et plantation de th\u00e9 avec guide, d\u00e9jeuner et transfert inclus. Journ\u00e9e immersive.","breadcrumb":{"@id":"https:\/\/lunayatravel.com\/produit\/velo-chiang-rai-temple-blanc-excursion\/#breadcrumb"},"inLanguage":"en-GB","potentialAction":[{"@type":"ReadAction","target":["https:\/\/lunayatravel.com\/produit\/velo-chiang-rai-temple-blanc-excursion\/"]}]},{"@type":"ImageObject","inLanguage":"en-GB","@id":"https:\/\/lunayatravel.com\/produit\/velo-chiang-rai-temple-blanc-excursion\/#primaryimage","url":"https:\/\/lunayatravel.com\/wp-content\/uploads\/2025\/07\/1-3.webp","contentUrl":"https:\/\/lunayatravel.com\/wp-content\/uploads\/2025\/07\/1-3.webp","width":720,"height":480,"caption":"chiang rai"},{"@type":"BreadcrumbList","@id":"https:\/\/lunayatravel.com\/produit\/velo-chiang-rai-temple-blanc-excursion\/#breadcrumb","itemListElement":[{"@type":"ListItem","position":1,"name":"Accueil","item":"https:\/\/lunayatravel.com\/"},{"@type":"ListItem","position":2,"name":"Nos activit\u00e9s","item":"https:\/\/lunayatravel.com\/nos-activites\/"},{"@type":"ListItem","position":3,"name":"Excursion \u00e0 v\u00e9lo \u00e0 Chiang Rai \u2013 Campagne &#038; Temple Blanc"}]},{"@type":"WebSite","@id":"https:\/\/lunayatravel.com\/#website","url":"https:\/\/lunayatravel.com\/","name":"","description":"","publisher":{"@id":"https:\/\/lunayatravel.com\/#organization"},"potentialAction":[{"@type":"SearchAction","target":{"@type":"EntryPoint","urlTemplate":"https:\/\/lunayatravel.com\/?s={search_term_string}"},"query-input":{"@type":"PropertyValueSpecification","valueRequired":true,"valueName":"search_term_string"}}],"inLanguage":"en-GB"},{"@type":"Organization","@id":"https:\/\/lunayatravel.com\/#organization","name":"Lunaya travel","alternateName":"Lunaya travel","url":"https:\/\/lunayatravel.com\/","logo":{"@type":"ImageObject","inLanguage":"en-GB","@id":"https:\/\/lunayatravel.com\/#\/schema\/logo\/image\/","url":"https:\/\/lunayatravel.com\/wp-content\/uploads\/2026\/03\/cropped-647319118_2379115739204013_337015058165053143_n.jpg","contentUrl":"https:\/\/lunayatravel.com\/wp-content\/uploads\/2026\/03\/cropped-647319118_2379115739204013_337015058165053143_n.jpg","width":1022,"height":1023,"caption":"Lunaya travel"},"image":{"@id":"https:\/\/lunayatravel.com\/#\/schema\/logo\/image\/"},"sameAs":["https:\/\/www.facebook.com\/lunayaTravel\/"]}]}},"uagb_featured_image_src":{"full":["https:\/\/lunayatravel.com\/wp-content\/uploads\/2025\/07\/1-3.webp",720,480,false],"thumbnail":["https:\/\/lunayatravel.com\/wp-content\/uploads\/2025\/07\/1-3-150x150.webp",150,150,true],"medium":["https:\/\/lunayatravel.com\/wp-content\/uploads\/2025\/07\/1-3-300x200.webp",300,200,true],"medium_large":["https:\/\/lunayatravel.com\/wp-content\/uploads\/2025\/07\/1-3.webp",720,480,false],"large":["https:\/\/lunayatravel.com\/wp-content\/uploads\/2025\/07\/1-3.webp",720,480,false],"1536x1536":["https:\/\/lunayatravel.com\/wp-content\/uploads\/2025\/07\/1-3.webp",720,480,false],"2048x2048":["https:\/\/lunayatravel.com\/wp-content\/uploads\/2025\/07\/1-3.webp",720,480,false],"trp-custom-language-flag":["https:\/\/lunayatravel.com\/wp-content\/uploads\/2025\/07\/1-3.webp",18,12,false],"widget-thumbnail":["https:\/\/lunayatravel.com\/wp-content\/uploads\/2025\/07\/1-3-75x75.webp",75,75,true],"mailpoet_newsletter_max":["https:\/\/lunayatravel.com\/wp-content\/uploads\/2025\/07\/1-3.webp",720,480,false],"woocommerce_thumbnail":["https:\/\/lunayatravel.com\/wp-content\/uploads\/2025\/07\/1-3-300x300.webp",300,300,true],"woocommerce_single":["https:\/\/lunayatravel.com\/wp-content\/uploads\/2025\/07\/1-3-600x400.webp",600,400,true],"woocommerce_gallery_thumbnail":["https:\/\/lunayatravel.com\/wp-content\/uploads\/2025\/07\/1-3-100x100.webp",100,100,true],"sow-carousel-default":["https:\/\/lunayatravel.com\/wp-content\/uploads\/2025\/07\/1-3-272x182.webp",272,182,true]},"uagb_author_info":{"display_name":"haemers stephanie","author_link":"https:\/\/lunayatravel.com\/en\/author\/"},"uagb_comment_info":0,"uagb_excerpt":"Partez \u00e0 la d\u00e9couverte de Chiang Rai autrement, \u00e0 v\u00e9lo, entre rizi\u00e8res, villages locaux et temples embl\u00e9matiques. Cette excursion combine nature, culture et immersion locale dans un cadre authentique. \u00a0Pourquoi choisir cette excursion \u00e0 v\u00e9lo ? D\u00e9couverte de la campagne tha\u00eflandaise Activit\u00e9 immersive et authentique Visite du c\u00e9l\u00e8bre Temple Blanc Encadrement s\u00e9curis\u00e9 avec guide Exp\u00e9rience&hellip;","jetpack_sharing_enabled":true,"_links":{"self":[{"href":"https:\/\/lunayatravel.com\/en\/wp-json\/wp\/v2\/product\/30118","targetHints":{"allow":["GET"]}}],"collection":[{"href":"https:\/\/lunayatravel.com\/en\/wp-json\/wp\/v2\/product"}],"about":[{"href":"https:\/\/lunayatravel.com\/en\/wp-json\/wp\/v2\/types\/product"}],"replies":[{"embeddable":true,"href":"https:\/\/lunayatravel.com\/en\/wp-json\/wp\/v2\/comments?post=30118"}],"wp:featuredmedia":[{"embeddable":true,"href":"https:\/\/lunayatravel.com\/en\/wp-json\/wp\/v2\/media\/30120"}],"wp:attachment":[{"href":"https:\/\/lunayatravel.com\/en\/wp-json\/wp\/v2\/media?parent=30118"}],"wp:term":[{"taxonomy":"product_brand","embeddable":true,"href":"https:\/\/lunayatravel.com\/en\/wp-json\/wp\/v2\/product_brand?post=30118"},{"taxonomy":"product_cat","embeddable":true,"href":"https:\/\/lunayatravel.com\/en\/wp-json\/wp\/v2\/product_cat?post=30118"},{"taxonomy":"product_tag","embeddable":true,"href":"https:\/\/lunayatravel.com\/en\/wp-json\/wp\/v2\/product_tag?post=30118"}],"curies":[{"name":"wp","href":"https:\/\/api.w.org\/{rel}","templated":true}]}}