{"id":30114,"date":"2025-07-26T12:50:11","date_gmt":"2025-07-26T10:50:11","guid":{"rendered":"https:\/\/itctoursvoyages.com\/?post_type=product&#038;p=30114"},"modified":"2026-04-13T07:33:39","modified_gmt":"2026-04-13T05:33:39","slug":"tribus-akha-yao-chiang-rai-excursion","status":"publish","type":"product","link":"https:\/\/lunayatravel.com\/en\/product\/tribus-akha-yao-chiang-rai-excursion\/","title":{"rendered":"Akha and Yao Hill Tribe Half-Day \u2013 Chiang Rai"},"content":{"rendered":"<div class=\"no-scrollbar flex min-h-36 flex-nowrap gap-0.5 overflow-auto sm:gap-1 sm:overflow-hidden xl:min-h-44 mt-1 mb-5 [&amp;:not(:first-child)]:mt-4\">\n<div class=\"border-token-border-default relative w-32 shrink-0 overflow-hidden rounded-xl border-[0.5px] md:shrink max-h-64 sm:w-[calc((100%-0.5rem)\/3)] rounded-s-xl\">\n<div class=\"group\/search-image @container\/search-image relative rounded-[inherit] h-full w-full\">\n<div><img loading=\"lazy\" decoding=\"async\" class=\"bg-token-main-surface-tertiary m-0 h-full w-full object-cover alignnone\" src=\"https:\/\/images.openai.com\/static-rsc-4\/HggxoKmPkw4krWQZW8cmxRPSlPaimxV1lBHm0YZ1CnNhYdVC4PuWigx4yWggl583t894MtGu1pea1ucHcJZ3PjaBbq2Ca_zfYZitWk5SBVRIUpkVpy1aQa1jx5r6PsEm-E_ILZ4JwOmVc7zVusdmqPW9MAtIKofdhzzn6nC2jo0?purpose=inline\" alt=\"tribu\" width=\"669\" height=\"446\" \/><\/div>\n<\/div>\n<\/div>\n<\/div>\n<p data-start=\"222\" data-end=\"337\"><strong data-start=\"222\" data-end=\"335\">Partez \u00e0 la rencontre des tribus Akha et Yao lors d\u2019une excursion immersive dans les montagnes de Chiang Rai.<\/strong><\/p>\n<p data-start=\"339\" data-end=\"464\">Une exp\u00e9rience authentique pour d\u00e9couvrir les traditions, les modes de vie et la richesse culturelle du nord de la Tha\u00eflande.<\/p>\n<hr data-start=\"466\" data-end=\"469\" \/>\n<h2 data-section-id=\"jnwr0k\" data-start=\"471\" data-end=\"515\">\u00a0Pourquoi choisir cette excursion ?<\/h2>\n<ul data-start=\"517\" data-end=\"714\">\n<li data-section-id=\"9py3j\" data-start=\"517\" data-end=\"560\">D\u00e9couverte des tribus ethniques du nord<\/li>\n<li data-section-id=\"3imn7f\" data-start=\"561\" data-end=\"597\">Immersion culturelle authentique<\/li>\n<li data-section-id=\"fex09j\" data-start=\"598\" data-end=\"633\">Exp\u00e9rience courte et accessible<\/li>\n<li data-section-id=\"1as1mw6\" data-start=\"634\" data-end=\"666\">Encadrement avec guide local<\/li>\n<li data-section-id=\"1ehuh8d\" data-start=\"667\" data-end=\"714\">Id\u00e9al pour compl\u00e9ter un s\u00e9jour \u00e0 Chiang Rai<\/li>\n<\/ul>\n<hr data-start=\"716\" data-end=\"719\" \/>\n<h2 data-section-id=\"10uavfq\" data-start=\"721\" data-end=\"743\">\u00a0Points forts<\/h2>\n<ul data-start=\"745\" data-end=\"956\">\n<li data-section-id=\"16u6vzp\" data-start=\"745\" data-end=\"786\">Rencontre avec les tribus Akha et Yao<\/li>\n<li data-section-id=\"58qhgu\" data-start=\"787\" data-end=\"840\">D\u00e9couverte des traditions et du mode de vie local<\/li>\n<li data-section-id=\"1ctzdo9\" data-start=\"841\" data-end=\"880\">Exploration de villages en montagne<\/li>\n<li data-section-id=\"vwepol\" data-start=\"881\" data-end=\"919\">Paysages naturels typiques du nord<\/li>\n<li data-section-id=\"1s1d7wx\" data-start=\"920\" data-end=\"956\">Exp\u00e9rience humaine et culturelle<\/li>\n<\/ul>\n<hr data-start=\"958\" data-end=\"961\" \/>\n<h2 data-section-id=\"1u3s3wc\" data-start=\"963\" data-end=\"981\">\u00a0Horaires<\/h2>\n<ul data-start=\"983\" data-end=\"1069\">\n<li data-section-id=\"vy1vee\" data-start=\"983\" data-end=\"1008\">Matin : 08h30 \u2013 12h00<\/li>\n<li data-section-id=\"m4g8kb\" data-start=\"1009\" data-end=\"1039\">Apr\u00e8s-midi : 13h00 \u2013 16h30<\/li>\n<li data-section-id=\"18rzaqb\" data-start=\"1040\" data-end=\"1069\">Disponible tous les jours<\/li>\n<\/ul>\n<hr data-start=\"1071\" data-end=\"1074\" \/>\n<h2 data-section-id=\"1de3hvh\" data-start=\"1076\" data-end=\"1114\">\u00a0Programme de la demi-journ\u00e9e<\/h2>\n<h3 data-section-id=\"7067bf\" data-start=\"1116\" data-end=\"1142\">\u00a0Prise en charge<\/h3>\n<ul data-start=\"1186\" data-end=\"1261\">\n<li data-section-id=\"8pl0jz\" data-start=\"1186\" data-end=\"1232\">Prise en charge \u00e0 votre h\u00f4tel \u00e0 Chiang Rai<\/li>\n<li data-section-id=\"zgt31x\" data-start=\"1233\" data-end=\"1261\">D\u00e9part vers les villages<\/li>\n<\/ul>\n<hr data-start=\"1263\" data-end=\"1266\" \/>\n<h3 data-section-id=\"4d7zdm\" data-start=\"1268\" data-end=\"1300\">D\u00e9couverte des tribus<\/h3>\n<ul data-start=\"1344\" data-end=\"1465\">\n<li data-section-id=\"16u6vzp\" data-start=\"1344\" data-end=\"1385\">Rencontre avec les tribus Akha et Yao<\/li>\n<li data-section-id=\"t3g4ry\" data-start=\"1386\" data-end=\"1422\">Observation du mode de vie local<\/li>\n<li data-section-id=\"1n6p959\" data-start=\"1423\" data-end=\"1465\">D\u00e9couverte des traditions et artisanat<\/li>\n<\/ul>\n<hr data-start=\"1467\" data-end=\"1470\" \/>\n<h3 data-section-id=\"hq0nzw\" data-start=\"1472\" data-end=\"1502\">\u00a0Retour \u00e0 Chiang Rai<\/h3>\n<ul data-start=\"1504\" data-end=\"1545\">\n<li data-section-id=\"ew0m87\" data-start=\"1504\" data-end=\"1545\">Retour \u00e0 votre h\u00f4tel en fin de visite<\/li>\n<\/ul>\n<hr data-start=\"1547\" data-end=\"1550\" \/>\n<h2 data-section-id=\"m50aq\" data-start=\"1552\" data-end=\"1579\">\u00a0Ce qui est inclus<\/h2>\n<ul data-start=\"1581\" data-end=\"1668\">\n<li data-section-id=\"1rf3792\" data-start=\"1581\" data-end=\"1615\">Transfert en minibus climatis\u00e9<\/li>\n<li data-section-id=\"18jaizu\" data-start=\"1616\" data-end=\"1645\">Guide anglophone certifi\u00e9<\/li>\n<li data-section-id=\"auhnjo\" data-start=\"1646\" data-end=\"1668\">Assurance accident<\/li>\n<\/ul>\n<hr data-start=\"1670\" data-end=\"1673\" \/>\n<h2 data-section-id=\"dp4bwk\" data-start=\"1675\" data-end=\"1695\">\u00a0Non inclus<\/h2>\n<ul data-start=\"1697\" data-end=\"1773\">\n<li data-section-id=\"1jphcf2\" data-start=\"1697\" data-end=\"1709\">Boissons<\/li>\n<li data-section-id=\"jyak8t\" data-start=\"1710\" data-end=\"1719\">Repas<\/li>\n<li data-section-id=\"1az5kxu\" data-start=\"1720\" data-end=\"1747\">Pourboires (facultatif)<\/li>\n<li data-section-id=\"1lp81df\" data-start=\"1748\" data-end=\"1773\">D\u00e9penses personnelles<\/li>\n<\/ul>\n<hr data-start=\"1775\" data-end=\"1778\" \/>\n<h2 data-section-id=\"9cumks\" data-start=\"1780\" data-end=\"1799\">\u00c0 pr\u00e9voir<\/h2>\n<ul data-start=\"1801\" data-end=\"1874\">\n<li data-section-id=\"cv2qgi\" data-start=\"1801\" data-end=\"1828\">Chaussures confortables<\/li>\n<li data-section-id=\"171gro9\" data-start=\"1829\" data-end=\"1836\">Eau<\/li>\n<li data-section-id=\"zk27iu\" data-start=\"1837\" data-end=\"1855\">Appareil photo<\/li>\n<li data-section-id=\"u8c0ei\" data-start=\"1856\" data-end=\"1874\">Argent liquide<\/li>\n<\/ul>\n<hr data-start=\"1876\" data-end=\"1879\" \/>\n<h2 data-section-id=\"fnnlp2\" data-start=\"1881\" data-end=\"1913\">\u00a0Informations pratiques<\/h2>\n<ul data-start=\"1915\" data-end=\"2034\">\n<li data-section-id=\"llmh72\" data-start=\"1915\" data-end=\"1945\">Activit\u00e9 accessible \u00e0 tous<\/li>\n<li data-section-id=\"rnscxt\" data-start=\"1946\" data-end=\"1990\">Id\u00e9ale en compl\u00e9ment d\u2019autres excursions<\/li>\n<li data-section-id=\"1fcvy3l\" data-start=\"1991\" data-end=\"2034\">Respect des cultures locales recommand\u00e9<\/li>\n<\/ul>\n<hr data-start=\"2036\" data-end=\"2039\" \/>\n<h2 data-section-id=\"9803m\" data-start=\"2041\" data-end=\"2084\">\u00a0Conseils pour profiter au maximum<\/h2>\n<ul data-start=\"2086\" data-end=\"2235\">\n<li data-section-id=\"17mr6za\" data-start=\"2086\" data-end=\"2120\">\u00catre respectueux des habitants<\/li>\n<li data-section-id=\"ves3b6\" data-start=\"2121\" data-end=\"2161\">Demander avant de prendre des photos<\/li>\n<li data-section-id=\"1rwv5vl\" data-start=\"2162\" data-end=\"2203\">Pr\u00e9voir du liquide pour achats locaux<\/li>\n<li data-section-id=\"1v2nclt\" data-start=\"2204\" data-end=\"2235\">Prendre le temps d\u2019observer<\/li>\n<\/ul>\n<hr data-start=\"2237\" data-end=\"2240\" \/>\n<h2 data-section-id=\"xbub7d\" data-start=\"2242\" data-end=\"2275\">FAQ \u2013 Tribus Akha &amp; Yao<\/h2>\n<p data-start=\"2277\" data-end=\"2354\"><strong data-start=\"2277\" data-end=\"2315\">L\u2019excursion est-elle authentique ?<\/strong><br data-start=\"2315\" data-end=\"2318\" \/>Oui, d\u00e9couverte r\u00e9elle des villages.<\/p>\n<p data-start=\"2356\" data-end=\"2426\"><strong data-start=\"2356\" data-end=\"2391\">Peut-on acheter des souvenirs ?<\/strong><br data-start=\"2391\" data-end=\"2394\" \/>Oui, artisanat local disponible.<\/p>\n<p data-start=\"2428\" data-end=\"2499\"><strong data-start=\"2428\" data-end=\"2473\">L\u2019activit\u00e9 est-elle adapt\u00e9e aux enfants ?<\/strong><br data-start=\"2473\" data-end=\"2476\" \/>Oui, accessible \u00e0 tous.<\/p>\n<p data-start=\"2501\" data-end=\"2573\"><strong data-start=\"2501\" data-end=\"2535\">Faut-il une tenue sp\u00e9cifique ?<\/strong><br data-start=\"2535\" data-end=\"2538\" \/>Non, tenue confortable recommand\u00e9e.<\/p>\n","protected":false},"excerpt":{"rendered":"<p>description<\/p>\n<ul data-start=\"101\" data-end=\"316\">\n<li data-section-id=\"3qaxbf\" data-start=\"101\" data-end=\"165\">Excursion demi-journ\u00e9e \u00e0 la rencontre des tribus Akha et Yao<\/li>\n<li data-section-id=\"o01mhg\" data-start=\"166\" data-end=\"229\">D\u00e9couverte authentique des villages du nord de la Tha\u00eflande<\/li>\n<li data-section-id=\"18c9hmq\" data-start=\"230\" data-end=\"271\">Immersion culturelle avec guide local<\/li>\n<li data-section-id=\"kh34uf\" data-start=\"272\" data-end=\"316\">Id\u00e9al pour explorer Chiang Rai autrement<\/li>\n<\/ul>","protected":false},"featured_media":30115,"comment_status":"open","ping_status":"closed","template":"","meta":{"_uag_custom_page_level_css":""},"product_brand":[],"product_cat":[63],"product_tag":[],"class_list":{"0":"post-30114","1":"product","2":"type-product","3":"status-publish","4":"has-post-thumbnail","6":"product_cat-chiang-rai","8":"first","9":"instock","10":"virtual","11":"taxable","12":"purchasable","13":"product-type-simple"},"yoast_head":"<!-- This site is optimized with the Yoast SEO plugin v27.1.1 - https:\/\/yoast.com\/product\/yoast-seo-wordpress\/ -->\n<title>Demi-journ\u00e9e Akha &amp; tribu des collines Yao \u2013 Chiang Rai -<\/title>\n<meta name=\"description\" content=\"Excursion tribus Akha et Yao Chiang Rai : d\u00e9couverte des villages, culture locale et immersion dans le nord de la Tha\u00eflande.\" \/>\n<meta name=\"robots\" content=\"index, follow, max-snippet:-1, max-image-preview:large, max-video-preview:-1\" \/>\n<link rel=\"canonical\" href=\"https:\/\/lunayatravel.com\/en\/product\/tribus-akha-yao-chiang-rai-excursion\/\" \/>\n<meta property=\"og:locale\" content=\"en_GB\" \/>\n<meta property=\"og:type\" content=\"article\" \/>\n<meta property=\"og:title\" content=\"Demi-journ\u00e9e Akha &amp; tribu des collines Yao \u2013 Chiang Rai -\" \/>\n<meta property=\"og:description\" content=\"Excursion tribus Akha et Yao Chiang Rai : d\u00e9couverte des villages, culture locale et immersion dans le nord de la Tha\u00eflande.\" \/>\n<meta property=\"og:url\" content=\"https:\/\/lunayatravel.com\/en\/product\/tribus-akha-yao-chiang-rai-excursion\/\" \/>\n<meta property=\"article:publisher\" content=\"https:\/\/www.facebook.com\/lunayaTravel\/\" \/>\n<meta property=\"article:modified_time\" content=\"2026-04-13T05:33:39+00:00\" \/>\n<meta property=\"og:image\" content=\"https:\/\/lunayatravel.com\/wp-content\/uploads\/2025\/07\/pic1.webp\" \/>\n\t<meta property=\"og:image:width\" content=\"720\" \/>\n\t<meta property=\"og:image:height\" content=\"540\" \/>\n\t<meta property=\"og:image:type\" content=\"image\/webp\" \/>\n<meta name=\"twitter:card\" content=\"summary_large_image\" \/>\n<meta name=\"twitter:label1\" content=\"Estimated reading time\" \/>\n\t<meta name=\"twitter:data1\" content=\"2 minutes\" \/>\n<script type=\"application\/ld+json\" class=\"yoast-schema-graph\">{\"@context\":\"https:\/\/schema.org\",\"@graph\":[{\"@type\":\"WebPage\",\"@id\":\"https:\/\/lunayatravel.com\/produit\/tribus-akha-yao-chiang-rai-excursion\/\",\"url\":\"https:\/\/lunayatravel.com\/produit\/tribus-akha-yao-chiang-rai-excursion\/\",\"name\":\"Demi-journ\u00e9e Akha & tribu des collines Yao \u2013 Chiang Rai -\",\"isPartOf\":{\"@id\":\"https:\/\/lunayatravel.com\/#website\"},\"primaryImageOfPage\":{\"@id\":\"https:\/\/lunayatravel.com\/produit\/tribus-akha-yao-chiang-rai-excursion\/#primaryimage\"},\"image\":{\"@id\":\"https:\/\/lunayatravel.com\/produit\/tribus-akha-yao-chiang-rai-excursion\/#primaryimage\"},\"thumbnailUrl\":\"https:\/\/lunayatravel.com\/wp-content\/uploads\/2025\/07\/pic1.webp\",\"datePublished\":\"2025-07-26T10:50:11+00:00\",\"dateModified\":\"2026-04-13T05:33:39+00:00\",\"description\":\"Excursion tribus Akha et Yao Chiang Rai : d\u00e9couverte des villages, culture locale et immersion dans le nord de la Tha\u00eflande.\",\"breadcrumb\":{\"@id\":\"https:\/\/lunayatravel.com\/produit\/tribus-akha-yao-chiang-rai-excursion\/#breadcrumb\"},\"inLanguage\":\"en-GB\",\"potentialAction\":[{\"@type\":\"ReadAction\",\"target\":[\"https:\/\/lunayatravel.com\/produit\/tribus-akha-yao-chiang-rai-excursion\/\"]}]},{\"@type\":\"ImageObject\",\"inLanguage\":\"en-GB\",\"@id\":\"https:\/\/lunayatravel.com\/produit\/tribus-akha-yao-chiang-rai-excursion\/#primaryimage\",\"url\":\"https:\/\/lunayatravel.com\/wp-content\/uploads\/2025\/07\/pic1.webp\",\"contentUrl\":\"https:\/\/lunayatravel.com\/wp-content\/uploads\/2025\/07\/pic1.webp\",\"width\":720,\"height\":540,\"caption\":\"tribu\"},{\"@type\":\"BreadcrumbList\",\"@id\":\"https:\/\/lunayatravel.com\/produit\/tribus-akha-yao-chiang-rai-excursion\/#breadcrumb\",\"itemListElement\":[{\"@type\":\"ListItem\",\"position\":1,\"name\":\"Accueil\",\"item\":\"https:\/\/lunayatravel.com\/\"},{\"@type\":\"ListItem\",\"position\":2,\"name\":\"Nos activit\u00e9s\",\"item\":\"https:\/\/lunayatravel.com\/nos-activites\/\"},{\"@type\":\"ListItem\",\"position\":3,\"name\":\"Demi-journ\u00e9e Akha &#038; tribu des collines Yao \u2013 Chiang Rai\"}]},{\"@type\":\"WebSite\",\"@id\":\"https:\/\/lunayatravel.com\/#website\",\"url\":\"https:\/\/lunayatravel.com\/\",\"name\":\"\",\"description\":\"\",\"publisher\":{\"@id\":\"https:\/\/lunayatravel.com\/#organization\"},\"potentialAction\":[{\"@type\":\"SearchAction\",\"target\":{\"@type\":\"EntryPoint\",\"urlTemplate\":\"https:\/\/lunayatravel.com\/?s={search_term_string}\"},\"query-input\":{\"@type\":\"PropertyValueSpecification\",\"valueRequired\":true,\"valueName\":\"search_term_string\"}}],\"inLanguage\":\"en-GB\"},{\"@type\":\"Organization\",\"@id\":\"https:\/\/lunayatravel.com\/#organization\",\"name\":\"Lunaya travel\",\"alternateName\":\"Lunaya travel\",\"url\":\"https:\/\/lunayatravel.com\/\",\"logo\":{\"@type\":\"ImageObject\",\"inLanguage\":\"en-GB\",\"@id\":\"https:\/\/lunayatravel.com\/#\/schema\/logo\/image\/\",\"url\":\"https:\/\/lunayatravel.com\/wp-content\/uploads\/2026\/03\/cropped-647319118_2379115739204013_337015058165053143_n.jpg\",\"contentUrl\":\"https:\/\/lunayatravel.com\/wp-content\/uploads\/2026\/03\/cropped-647319118_2379115739204013_337015058165053143_n.jpg\",\"width\":1022,\"height\":1023,\"caption\":\"Lunaya travel\"},\"image\":{\"@id\":\"https:\/\/lunayatravel.com\/#\/schema\/logo\/image\/\"},\"sameAs\":[\"https:\/\/www.facebook.com\/lunayaTravel\/\"]}]}<\/script>\n<!-- \/ Yoast SEO plugin. -->","yoast_head_json":{"title":"Demi-journ\u00e9e Akha & tribu des collines Yao \u2013 Chiang Rai -","description":"Excursion tribus Akha et Yao Chiang Rai : d\u00e9couverte des villages, culture locale et immersion dans le nord de la Tha\u00eflande.","robots":{"index":"index","follow":"follow","max-snippet":"max-snippet:-1","max-image-preview":"max-image-preview:large","max-video-preview":"max-video-preview:-1"},"canonical":"https:\/\/lunayatravel.com\/en\/product\/tribus-akha-yao-chiang-rai-excursion\/","og_locale":"en_GB","og_type":"article","og_title":"Demi-journ\u00e9e Akha & tribu des collines Yao \u2013 Chiang Rai -","og_description":"Excursion tribus Akha et Yao Chiang Rai : d\u00e9couverte des villages, culture locale et immersion dans le nord de la Tha\u00eflande.","og_url":"https:\/\/lunayatravel.com\/en\/product\/tribus-akha-yao-chiang-rai-excursion\/","article_publisher":"https:\/\/www.facebook.com\/lunayaTravel\/","article_modified_time":"2026-04-13T05:33:39+00:00","og_image":[{"width":720,"height":540,"url":"https:\/\/lunayatravel.com\/wp-content\/uploads\/2025\/07\/pic1.webp","type":"image\/webp"}],"twitter_card":"summary_large_image","twitter_misc":{"Estimated reading time":"2 minutes"},"schema":{"@context":"https:\/\/schema.org","@graph":[{"@type":"WebPage","@id":"https:\/\/lunayatravel.com\/produit\/tribus-akha-yao-chiang-rai-excursion\/","url":"https:\/\/lunayatravel.com\/produit\/tribus-akha-yao-chiang-rai-excursion\/","name":"Demi-journ\u00e9e Akha & tribu des collines Yao \u2013 Chiang Rai -","isPartOf":{"@id":"https:\/\/lunayatravel.com\/#website"},"primaryImageOfPage":{"@id":"https:\/\/lunayatravel.com\/produit\/tribus-akha-yao-chiang-rai-excursion\/#primaryimage"},"image":{"@id":"https:\/\/lunayatravel.com\/produit\/tribus-akha-yao-chiang-rai-excursion\/#primaryimage"},"thumbnailUrl":"https:\/\/lunayatravel.com\/wp-content\/uploads\/2025\/07\/pic1.webp","datePublished":"2025-07-26T10:50:11+00:00","dateModified":"2026-04-13T05:33:39+00:00","description":"Excursion tribus Akha et Yao Chiang Rai : d\u00e9couverte des villages, culture locale et immersion dans le nord de la Tha\u00eflande.","breadcrumb":{"@id":"https:\/\/lunayatravel.com\/produit\/tribus-akha-yao-chiang-rai-excursion\/#breadcrumb"},"inLanguage":"en-GB","potentialAction":[{"@type":"ReadAction","target":["https:\/\/lunayatravel.com\/produit\/tribus-akha-yao-chiang-rai-excursion\/"]}]},{"@type":"ImageObject","inLanguage":"en-GB","@id":"https:\/\/lunayatravel.com\/produit\/tribus-akha-yao-chiang-rai-excursion\/#primaryimage","url":"https:\/\/lunayatravel.com\/wp-content\/uploads\/2025\/07\/pic1.webp","contentUrl":"https:\/\/lunayatravel.com\/wp-content\/uploads\/2025\/07\/pic1.webp","width":720,"height":540,"caption":"tribu"},{"@type":"BreadcrumbList","@id":"https:\/\/lunayatravel.com\/produit\/tribus-akha-yao-chiang-rai-excursion\/#breadcrumb","itemListElement":[{"@type":"ListItem","position":1,"name":"Accueil","item":"https:\/\/lunayatravel.com\/"},{"@type":"ListItem","position":2,"name":"Nos activit\u00e9s","item":"https:\/\/lunayatravel.com\/nos-activites\/"},{"@type":"ListItem","position":3,"name":"Demi-journ\u00e9e Akha &#038; tribu des collines Yao \u2013 Chiang Rai"}]},{"@type":"WebSite","@id":"https:\/\/lunayatravel.com\/#website","url":"https:\/\/lunayatravel.com\/","name":"","description":"","publisher":{"@id":"https:\/\/lunayatravel.com\/#organization"},"potentialAction":[{"@type":"SearchAction","target":{"@type":"EntryPoint","urlTemplate":"https:\/\/lunayatravel.com\/?s={search_term_string}"},"query-input":{"@type":"PropertyValueSpecification","valueRequired":true,"valueName":"search_term_string"}}],"inLanguage":"en-GB"},{"@type":"Organization","@id":"https:\/\/lunayatravel.com\/#organization","name":"Lunaya travel","alternateName":"Lunaya travel","url":"https:\/\/lunayatravel.com\/","logo":{"@type":"ImageObject","inLanguage":"en-GB","@id":"https:\/\/lunayatravel.com\/#\/schema\/logo\/image\/","url":"https:\/\/lunayatravel.com\/wp-content\/uploads\/2026\/03\/cropped-647319118_2379115739204013_337015058165053143_n.jpg","contentUrl":"https:\/\/lunayatravel.com\/wp-content\/uploads\/2026\/03\/cropped-647319118_2379115739204013_337015058165053143_n.jpg","width":1022,"height":1023,"caption":"Lunaya travel"},"image":{"@id":"https:\/\/lunayatravel.com\/#\/schema\/logo\/image\/"},"sameAs":["https:\/\/www.facebook.com\/lunayaTravel\/"]}]}},"uagb_featured_image_src":{"full":["https:\/\/lunayatravel.com\/wp-content\/uploads\/2025\/07\/pic1.webp",720,540,false],"thumbnail":["https:\/\/lunayatravel.com\/wp-content\/uploads\/2025\/07\/pic1-150x150.webp",150,150,true],"medium":["https:\/\/lunayatravel.com\/wp-content\/uploads\/2025\/07\/pic1-300x225.webp",300,225,true],"medium_large":["https:\/\/lunayatravel.com\/wp-content\/uploads\/2025\/07\/pic1.webp",720,540,false],"large":["https:\/\/lunayatravel.com\/wp-content\/uploads\/2025\/07\/pic1.webp",720,540,false],"1536x1536":["https:\/\/lunayatravel.com\/wp-content\/uploads\/2025\/07\/pic1.webp",720,540,false],"2048x2048":["https:\/\/lunayatravel.com\/wp-content\/uploads\/2025\/07\/pic1.webp",720,540,false],"trp-custom-language-flag":["https:\/\/lunayatravel.com\/wp-content\/uploads\/2025\/07\/pic1.webp",16,12,false],"widget-thumbnail":["https:\/\/lunayatravel.com\/wp-content\/uploads\/2025\/07\/pic1-75x75.webp",75,75,true],"mailpoet_newsletter_max":["https:\/\/lunayatravel.com\/wp-content\/uploads\/2025\/07\/pic1.webp",720,540,false],"woocommerce_thumbnail":["https:\/\/lunayatravel.com\/wp-content\/uploads\/2025\/07\/pic1-300x300.webp",300,300,true],"woocommerce_single":["https:\/\/lunayatravel.com\/wp-content\/uploads\/2025\/07\/pic1-600x450.webp",600,450,true],"woocommerce_gallery_thumbnail":["https:\/\/lunayatravel.com\/wp-content\/uploads\/2025\/07\/pic1-100x100.webp",100,100,true],"sow-carousel-default":["https:\/\/lunayatravel.com\/wp-content\/uploads\/2025\/07\/pic1-272x182.webp",272,182,true]},"uagb_author_info":{"display_name":"haemers stephanie","author_link":"https:\/\/lunayatravel.com\/en\/author\/"},"uagb_comment_info":0,"uagb_excerpt":"description Excursion demi-journ\u00e9e \u00e0 la rencontre des tribus Akha et Yao D\u00e9couverte authentique des villages du nord de la Tha\u00eflande Immersion culturelle avec guide local Id\u00e9al pour explorer Chiang Rai autrement","jetpack_sharing_enabled":true,"_links":{"self":[{"href":"https:\/\/lunayatravel.com\/en\/wp-json\/wp\/v2\/product\/30114","targetHints":{"allow":["GET"]}}],"collection":[{"href":"https:\/\/lunayatravel.com\/en\/wp-json\/wp\/v2\/product"}],"about":[{"href":"https:\/\/lunayatravel.com\/en\/wp-json\/wp\/v2\/types\/product"}],"replies":[{"embeddable":true,"href":"https:\/\/lunayatravel.com\/en\/wp-json\/wp\/v2\/comments?post=30114"}],"wp:featuredmedia":[{"embeddable":true,"href":"https:\/\/lunayatravel.com\/en\/wp-json\/wp\/v2\/media\/30115"}],"wp:attachment":[{"href":"https:\/\/lunayatravel.com\/en\/wp-json\/wp\/v2\/media?parent=30114"}],"wp:term":[{"taxonomy":"product_brand","embeddable":true,"href":"https:\/\/lunayatravel.com\/en\/wp-json\/wp\/v2\/product_brand?post=30114"},{"taxonomy":"product_cat","embeddable":true,"href":"https:\/\/lunayatravel.com\/en\/wp-json\/wp\/v2\/product_cat?post=30114"},{"taxonomy":"product_tag","embeddable":true,"href":"https:\/\/lunayatravel.com\/en\/wp-json\/wp\/v2\/product_tag?post=30114"}],"curies":[{"name":"wp","href":"https:\/\/api.w.org\/{rel}","templated":true}]}}