{"id":30096,"date":"2025-07-26T12:05:15","date_gmt":"2025-07-26T10:05:15","guid":{"rendered":"https:\/\/itctoursvoyages.com\/?post_type=product&#038;p=30096"},"modified":"2026-04-13T08:15:55","modified_gmt":"2026-04-13T06:15:55","slug":"trek-chiang-rai-tribus-montagnardes","status":"publish","type":"product","link":"https:\/\/lunayatravel.com\/en\/product\/trek-chiang-rai-tribus-montagnardes\/","title":{"rendered":"Trekking in the mountain tribes \u2013 Nature excursion"},"content":{"rendered":"<p data-start=\"232\" data-end=\"366\"><strong data-start=\"232\" data-end=\"364\">Partez pour une journ\u00e9e d\u2019aventure au c\u0153ur des montagnes de Chiang Rai, entre randonn\u00e9e, villages ethniques et nature pr\u00e9serv\u00e9e.<\/strong><\/p>\n<p data-start=\"368\" data-end=\"475\">Une exp\u00e9rience immersive pour d\u00e9couvrir la vie des tribus du nord et explorer des paysages encore sauvages.<\/p>\n<hr data-start=\"477\" data-end=\"480\" \/>\n<h2 data-section-id=\"1k0eh1n\" data-start=\"482\" data-end=\"518\">\u00a0Pourquoi choisir ce trek ?<\/h2>\n<ul data-start=\"520\" data-end=\"723\">\n<li data-section-id=\"4xaj5u\" data-start=\"520\" data-end=\"554\">Randonn\u00e9e au c\u0153ur de la jungle<\/li>\n<li data-section-id=\"1kw47ea\" data-start=\"555\" data-end=\"597\">Rencontre avec les tribus Akha et Lahu<\/li>\n<li data-section-id=\"z4g9z5\" data-start=\"598\" data-end=\"636\">D\u00e9couverte d\u2019une cascade naturelle<\/li>\n<li data-section-id=\"17zmzvo\" data-start=\"637\" data-end=\"691\">Exp\u00e9rience authentique et hors des sentiers battus<\/li>\n<li data-section-id=\"12ztwua\" data-start=\"692\" data-end=\"723\">Journ\u00e9e active et immersive<\/li>\n<\/ul>\n<hr data-start=\"725\" data-end=\"728\" \/>\n<h2 data-section-id=\"10uavfq\" data-start=\"730\" data-end=\"752\">\u00a0Points forts<\/h2>\n<ul data-start=\"754\" data-end=\"964\">\n<li data-section-id=\"dbql9s\" data-start=\"754\" data-end=\"798\">Trek \u00e0 travers la for\u00eat et les montagnes<\/li>\n<li data-section-id=\"13mb6xx\" data-start=\"799\" data-end=\"827\">Visite d\u2019un village Akha<\/li>\n<li data-section-id=\"1fgizfk\" data-start=\"828\" data-end=\"862\">Rencontre avec les tribus Lahu<\/li>\n<li data-section-id=\"dby5u7\" data-start=\"863\" data-end=\"892\">D\u00e9jeuner en pleine nature<\/li>\n<li data-section-id=\"1bmlmgj\" data-start=\"893\" data-end=\"931\">Pause \u00e0 la cascade de Huay Mae Sai<\/li>\n<li data-section-id=\"15ex2iy\" data-start=\"932\" data-end=\"964\">Immersion dans la vie locale<\/li>\n<\/ul>\n<h2 data-section-id=\"1wj5s8l\" data-start=\"971\" data-end=\"1004\">\u00a0Programme de la journ\u00e9e<\/h2>\n<h3 data-section-id=\"1bv4p5f\" data-start=\"1006\" data-end=\"1041\">\u00a0D\u00e9part depuis Chiang Rai<\/h3>\n<ul data-start=\"1085\" data-end=\"1161\">\n<li data-section-id=\"sl6hey\" data-start=\"1085\" data-end=\"1123\"><strong data-start=\"1087\" data-end=\"1098\">08h30 :<\/strong> D\u00e9part en camion local<\/li>\n<li data-section-id=\"yzlqcr\" data-start=\"1124\" data-end=\"1161\"><strong data-start=\"1126\" data-end=\"1137\">09h00 :<\/strong> D\u00e9but de la randonn\u00e9e<\/li>\n<\/ul>\n<hr data-start=\"1163\" data-end=\"1166\" \/>\n<h3 data-section-id=\"1qplu46\" data-start=\"1168\" data-end=\"1198\">\u00a0Trek &amp; village Akha<\/h3>\n<ul data-start=\"1242\" data-end=\"1305\">\n<li data-section-id=\"9piscu\" data-start=\"1242\" data-end=\"1273\">Marche vers un village Akha<\/li>\n<li data-section-id=\"1biblrm\" data-start=\"1274\" data-end=\"1305\">D\u00e9couverte de la vie locale<\/li>\n<\/ul>\n<hr data-start=\"1307\" data-end=\"1310\" \/>\n<h3 data-section-id=\"186appc\" data-start=\"1312\" data-end=\"1348\">\u00a0D\u00e9jeuner en pleine nature<\/h3>\n<ul data-start=\"1392\" data-end=\"1433\">\n<li data-section-id=\"17c3l26\" data-start=\"1392\" data-end=\"1433\"><strong data-start=\"1394\" data-end=\"1405\">12h00 :<\/strong> D\u00e9jeuner en pleine nature<\/li>\n<\/ul>\n<hr data-start=\"1435\" data-end=\"1438\" \/>\n<h3 data-section-id=\"qq3876\" data-start=\"1440\" data-end=\"1471\">\u00a0Cascade Huay Mae Sai<\/h3>\n<div class=\"no-scrollbar flex min-h-36 flex-nowrap gap-0.5 overflow-auto sm:gap-1 sm:overflow-hidden xl:min-h-44 mt-1 mb-5 [&amp;:not(:first-child)]:mt-4\">\n<div class=\"border-token-border-default relative w-32 shrink-0 overflow-hidden rounded-xl border-[0.5px] md:shrink max-h-64 sm:w-[calc((100%-0.5rem)\/3)] rounded-s-xl\">\n<div class=\"group\/search-image @container\/search-image relative rounded-[inherit] h-full w-full\">\n<div><img loading=\"lazy\" decoding=\"async\" class=\"bg-token-main-surface-tertiary m-0 h-full w-full object-cover alignnone\" src=\"https:\/\/images.openai.com\/static-rsc-4\/-aoclcjjrl772Z_1ax_FKrwEqh6qZuf8HsY0i9taYiZTUl0JY3zZh9SKo4VQKvgAo-AuMEOXc7SwIGmLJ09d1IxvFpTkTLuMNFVZ-udf3BQ1mIi8STWUp0T0spfFpphva3v5AmuMypbPU70t2ndaAFW8QiKzF96oaMIjBDQA4wA?purpose=inline\" alt=\"trek\" width=\"1147\" height=\"860\" \/><\/div>\n<\/div>\n<\/div>\n<div class=\"border-token-border-default relative w-32 shrink-0 overflow-hidden rounded-xl border-[0.5px] md:shrink max-h-64 sm:w-[calc((100%-0.5rem)\/3)]\">\n<div class=\"group\/search-image @container\/search-image relative rounded-[inherit] h-full w-full\">\n<div><\/div>\n<\/div>\n<\/div>\n<div class=\"border-token-border-default relative w-32 shrink-0 overflow-hidden rounded-xl border-[0.5px] md:shrink max-h-64 sm:w-[calc((100%-0.5rem)\/3)] rounded-e-xl\">\n<div class=\"group\/search-image @container\/search-image relative rounded-[inherit] h-full w-full\">\n<div><\/div>\n<div class=\"pointer-events-none absolute inset-x-2 bottom-2 z-0 flex max-w-[calc(100%-1rem)] flex-wrap items-end justify-end gap-1.5\">\n<div class=\"shrink-0\">\n<div class=\"flex items-center gap-1 rounded-full px-2 py-1.5 text-white backdrop-blur-md backdrop-brightness-75\"><\/div>\n<\/div>\n<\/div>\n<\/div>\n<\/div>\n<\/div>\n<ul data-start=\"1515\" data-end=\"1569\">\n<li data-section-id=\"1f7swln\" data-start=\"1515\" data-end=\"1546\"><strong data-start=\"1517\" data-end=\"1528\">13h00 :<\/strong> Reprise du trek<\/li>\n<li data-section-id=\"c3rxc5\" data-start=\"1547\" data-end=\"1569\">Pause \u00e0 la cascade<\/li>\n<\/ul>\n<h3 data-section-id=\"1b2c579\" data-start=\"1576\" data-end=\"1609\">\u00a0Villages Lahu &amp; retour<\/h3>\n<div class=\"no-scrollbar flex min-h-36 flex-nowrap gap-0.5 overflow-auto sm:gap-1 sm:overflow-hidden xl:min-h-44 mt-1 mb-5 [&amp;:not(:first-child)]:mt-4\">\n<div class=\"border-token-border-default relative w-32 shrink-0 overflow-hidden rounded-xl border-[0.5px] md:shrink max-h-64 sm:w-[calc((100%-0.5rem)\/3)] rounded-s-xl\">\n<div class=\"group\/search-image @container\/search-image relative rounded-[inherit] h-full w-full\">\n<div><\/div>\n<\/div>\n<\/div>\n<div class=\"border-token-border-default relative w-32 shrink-0 overflow-hidden rounded-xl border-[0.5px] md:shrink max-h-64 sm:w-[calc((100%-0.5rem)\/3)]\">\n<div class=\"group\/search-image @container\/search-image relative rounded-[inherit] h-full w-full\">\n<div><\/div>\n<\/div>\n<\/div>\n<div class=\"border-token-border-default relative w-32 shrink-0 overflow-hidden rounded-xl border-[0.5px] md:shrink max-h-64 sm:w-[calc((100%-0.5rem)\/3)] rounded-e-xl\">\n<div class=\"group\/search-image @container\/search-image relative rounded-[inherit] h-full w-full\">\n<div><\/div>\n<div class=\"pointer-events-none absolute inset-x-2 bottom-2 z-0 flex max-w-[calc(100%-1rem)] flex-wrap items-end justify-end gap-1.5\">\n<div class=\"shrink-0\">\n<div class=\"flex items-center gap-1 rounded-full px-2 py-1.5 text-white backdrop-blur-md backdrop-brightness-75\"><\/div>\n<\/div>\n<\/div>\n<\/div>\n<\/div>\n<\/div>\n<ul data-start=\"1653\" data-end=\"1766\">\n<li data-section-id=\"2jprol\" data-start=\"1653\" data-end=\"1693\"><strong data-start=\"1655\" data-end=\"1666\">14h30 :<\/strong> Visite des villages Lahu<\/li>\n<li data-section-id=\"uen7lg\" data-start=\"1694\" data-end=\"1729\"><strong data-start=\"1696\" data-end=\"1707\">16h00 :<\/strong> Retour en bus local<\/li>\n<li data-section-id=\"e57jku\" data-start=\"1730\" data-end=\"1766\"><strong data-start=\"1732\" data-end=\"1743\">17h00 :<\/strong> Arriv\u00e9e \u00e0 Chiang Rai<\/li>\n<\/ul>\n<hr data-start=\"1768\" data-end=\"1771\" \/>\n<h2 data-section-id=\"m50aq\" data-start=\"1773\" data-end=\"1800\">Ce qui est inclus<\/h2>\n<ul data-start=\"1802\" data-end=\"1917\">\n<li data-section-id=\"1hf0ai\" data-start=\"1802\" data-end=\"1855\">Transferts (minibus climatis\u00e9 + v\u00e9hicules locaux)<\/li>\n<li data-section-id=\"1paf5l1\" data-start=\"1856\" data-end=\"1876\">Guide anglophone<\/li>\n<li data-section-id=\"1dlftl7\" data-start=\"1877\" data-end=\"1895\">D\u00e9jeuner local<\/li>\n<li data-section-id=\"1gm99ir\" data-start=\"1896\" data-end=\"1917\">Assurance de base<\/li>\n<\/ul>\n<hr data-start=\"1919\" data-end=\"1922\" \/>\n<h2 data-section-id=\"dp4bwk\" data-start=\"1924\" data-end=\"1944\">\u00a0Non inclus<\/h2>\n<ul data-start=\"1946\" data-end=\"1999\">\n<li data-section-id=\"1jphcf2\" data-start=\"1946\" data-end=\"1958\">Boissons<\/li>\n<li data-section-id=\"lax8xc\" data-start=\"1959\" data-end=\"1973\">Pourboires<\/li>\n<li data-section-id=\"1lp81df\" data-start=\"1974\" data-end=\"1999\">D\u00e9penses personnelles<\/li>\n<\/ul>\n<h2 data-section-id=\"fnnlp2\" data-start=\"2006\" data-end=\"2038\">Informations pratiques<\/h2>\n<ul data-start=\"2040\" data-end=\"2162\">\n<li data-section-id=\"15y3ptv\" data-start=\"2040\" data-end=\"2065\">Dur\u00e9e : 08h30 \u2013 17h00<\/li>\n<li data-section-id=\"123kn6f\" data-start=\"2066\" data-end=\"2102\">Niveau : marche facile \u00e0 mod\u00e9r\u00e9e<\/li>\n<li data-section-id=\"kasu0z\" data-start=\"2103\" data-end=\"2162\">Activit\u00e9 accessible avec une condition physique normale<\/li>\n<\/ul>\n<hr data-start=\"2164\" data-end=\"2167\" \/>\n<h2 data-section-id=\"9cumks\" data-start=\"2169\" data-end=\"2188\">\u00a0\u00c0 pr\u00e9voir<\/h2>\n<ul data-start=\"2190\" data-end=\"2264\">\n<li data-section-id=\"7faelz\" data-start=\"2190\" data-end=\"2214\">Chaussures de marche<\/li>\n<li data-section-id=\"gyiwht\" data-start=\"2215\" data-end=\"2234\">Bouteille d\u2019eau<\/li>\n<li data-section-id=\"u93uom\" data-start=\"2235\" data-end=\"2252\">Cr\u00e8me solaire<\/li>\n<li data-section-id=\"1tbdz7n\" data-start=\"2253\" data-end=\"2264\">Chapeau<\/li>\n<\/ul>\n<hr data-start=\"2266\" data-end=\"2269\" \/>\n<h2 data-section-id=\"9803m\" data-start=\"2271\" data-end=\"2314\">\u00a0Conseils pour profiter au maximum<\/h2>\n<ul data-start=\"2316\" data-end=\"2469\">\n<li data-section-id=\"1aahjb3\" data-start=\"2316\" data-end=\"2360\">Porter des v\u00eatements adapt\u00e9s \u00e0 la marche<\/li>\n<li data-section-id=\"1xi439w\" data-start=\"2361\" data-end=\"2392\">Apporter un petit sac l\u00e9ger<\/li>\n<li data-section-id=\"1wwvvur\" data-start=\"2393\" data-end=\"2432\">Respecter les villages et habitants<\/li>\n<li data-section-id=\"qqazjr\" data-start=\"2433\" data-end=\"2469\">Profiter du rythme pour observer<\/li>\n<\/ul>\n<hr data-start=\"2471\" data-end=\"2474\" \/>\n<h2 data-section-id=\"ddi6s8\" data-start=\"2476\" data-end=\"2507\">\u00a0FAQ \u2013 Trek Chiang Rai<\/h2>\n<p data-start=\"2509\" data-end=\"2570\"><strong data-start=\"2509\" data-end=\"2539\">Le trek est-il difficile ?<\/strong><br data-start=\"2539\" data-end=\"2542\" \/>Non, niveau facile \u00e0 mod\u00e9r\u00e9.<\/p>\n<p data-start=\"2572\" data-end=\"2638\"><strong data-start=\"2572\" data-end=\"2598\">Faut-il \u00eatre sportif ?<\/strong><br data-start=\"2598\" data-end=\"2601\" \/>Non, mais \u00eatre \u00e0 l\u2019aise pour marcher.<\/p>\n<p data-start=\"2640\" data-end=\"2678\"><strong data-start=\"2640\" data-end=\"2671\">Le d\u00e9jeuner est-il inclus ?<\/strong><br data-start=\"2671\" data-end=\"2674\" \/>Oui.<\/p>\n<p data-start=\"2680\" data-end=\"2760\"><strong data-start=\"2680\" data-end=\"2725\">Peut-on faire cette activit\u00e9 en famille ?<\/strong><br data-start=\"2725\" data-end=\"2728\" \/>Oui, selon l\u2019\u00e2ge et l\u2019endurance.<\/p>\n","protected":false},"excerpt":{"rendered":"<h3 data-section-id=\"1x0npnp\" data-start=\"55\" data-end=\"73\">Highlights<\/h3>\n<ul data-start=\"75\" data-end=\"355\">\n<li data-section-id=\"okd5bj\" data-start=\"75\" data-end=\"136\">Authentic walk through the Akha and Lahu villages<\/li>\n<li data-section-id=\"dv8kx9\" data-start=\"137\" data-end=\"198\">D\u00e9couverte de la cascade de Huay Mae Sai en pleine nature<\/li>\n<li data-section-id=\"gkz9gn\" data-start=\"199\" data-end=\"237\">Lunch in picturesque surroundings<\/li>\n<li data-section-id=\"dw8cpo\" data-start=\"238\" data-end=\"302\">Immersion dans les cultures tribales du nord de la Tha\u00eflande<\/li>\n<li data-section-id=\"4jitqj\" data-start=\"303\" data-end=\"355\">Exp\u00e9rience en petit groupe avec guide anglophone<\/li>\n<\/ul>","protected":false},"featured_media":30098,"comment_status":"open","ping_status":"closed","template":"","meta":{"_uag_custom_page_level_css":""},"product_brand":[],"product_cat":[63],"product_tag":[],"class_list":{"0":"post-30096","1":"product","2":"type-product","3":"status-publish","4":"has-post-thumbnail","6":"product_cat-chiang-rai","8":"first","9":"instock","10":"virtual","11":"taxable","12":"purchasable","13":"product-type-simple"},"yoast_head":"<!-- This site is optimized with the Yoast SEO plugin v27.1.1 - https:\/\/yoast.com\/product\/yoast-seo-wordpress\/ -->\n<title>Trek dans les tribus montagnardes \u2013 Excursion nature -<\/title>\n<meta name=\"description\" content=\"Trek Chiang Rai : d\u00e9couvrez les tribus Akha et Lahu, jungle, cascade et d\u00e9jeuner inclus. Journ\u00e9e immersive en pleine nature.\" \/>\n<meta name=\"robots\" content=\"index, follow, max-snippet:-1, max-image-preview:large, max-video-preview:-1\" \/>\n<link rel=\"canonical\" href=\"https:\/\/lunayatravel.com\/en\/product\/trek-chiang-rai-tribus-montagnardes\/\" \/>\n<meta property=\"og:locale\" content=\"en_GB\" \/>\n<meta property=\"og:type\" content=\"article\" \/>\n<meta property=\"og:title\" content=\"Trek dans les tribus montagnardes \u2013 Excursion nature -\" \/>\n<meta property=\"og:description\" content=\"Trek Chiang Rai : d\u00e9couvrez les tribus Akha et Lahu, jungle, cascade et d\u00e9jeuner inclus. Journ\u00e9e immersive en pleine nature.\" \/>\n<meta property=\"og:url\" content=\"https:\/\/lunayatravel.com\/en\/product\/trek-chiang-rai-tribus-montagnardes\/\" \/>\n<meta property=\"article:publisher\" content=\"https:\/\/www.facebook.com\/lunayaTravel\/\" \/>\n<meta property=\"article:modified_time\" content=\"2026-04-13T06:15:55+00:00\" \/>\n<meta property=\"og:image\" content=\"https:\/\/lunayatravel.com\/wp-content\/uploads\/2025\/07\/LAHU-10.webp\" \/>\n\t<meta property=\"og:image:width\" content=\"720\" \/>\n\t<meta property=\"og:image:height\" content=\"480\" \/>\n\t<meta property=\"og:image:type\" content=\"image\/webp\" \/>\n<meta name=\"twitter:card\" content=\"summary_large_image\" \/>\n<meta name=\"twitter:label1\" content=\"Estimated reading time\" \/>\n\t<meta name=\"twitter:data1\" content=\"2 minutes\" \/>\n<script type=\"application\/ld+json\" class=\"yoast-schema-graph\">{\"@context\":\"https:\/\/schema.org\",\"@graph\":[{\"@type\":\"WebPage\",\"@id\":\"https:\/\/lunayatravel.com\/produit\/trek-chiang-rai-tribus-montagnardes\/\",\"url\":\"https:\/\/lunayatravel.com\/produit\/trek-chiang-rai-tribus-montagnardes\/\",\"name\":\"Trek dans les tribus montagnardes \u2013 Excursion nature -\",\"isPartOf\":{\"@id\":\"https:\/\/lunayatravel.com\/#website\"},\"primaryImageOfPage\":{\"@id\":\"https:\/\/lunayatravel.com\/produit\/trek-chiang-rai-tribus-montagnardes\/#primaryimage\"},\"image\":{\"@id\":\"https:\/\/lunayatravel.com\/produit\/trek-chiang-rai-tribus-montagnardes\/#primaryimage\"},\"thumbnailUrl\":\"https:\/\/lunayatravel.com\/wp-content\/uploads\/2025\/07\/LAHU-10.webp\",\"datePublished\":\"2025-07-26T10:05:15+00:00\",\"dateModified\":\"2026-04-13T06:15:55+00:00\",\"description\":\"Trek Chiang Rai : d\u00e9couvrez les tribus Akha et Lahu, jungle, cascade et d\u00e9jeuner inclus. Journ\u00e9e immersive en pleine nature.\",\"breadcrumb\":{\"@id\":\"https:\/\/lunayatravel.com\/produit\/trek-chiang-rai-tribus-montagnardes\/#breadcrumb\"},\"inLanguage\":\"en-GB\",\"potentialAction\":[{\"@type\":\"ReadAction\",\"target\":[\"https:\/\/lunayatravel.com\/produit\/trek-chiang-rai-tribus-montagnardes\/\"]}]},{\"@type\":\"ImageObject\",\"inLanguage\":\"en-GB\",\"@id\":\"https:\/\/lunayatravel.com\/produit\/trek-chiang-rai-tribus-montagnardes\/#primaryimage\",\"url\":\"https:\/\/lunayatravel.com\/wp-content\/uploads\/2025\/07\/LAHU-10.webp\",\"contentUrl\":\"https:\/\/lunayatravel.com\/wp-content\/uploads\/2025\/07\/LAHU-10.webp\",\"width\":720,\"height\":480,\"caption\":\"trek\"},{\"@type\":\"BreadcrumbList\",\"@id\":\"https:\/\/lunayatravel.com\/produit\/trek-chiang-rai-tribus-montagnardes\/#breadcrumb\",\"itemListElement\":[{\"@type\":\"ListItem\",\"position\":1,\"name\":\"Accueil\",\"item\":\"https:\/\/lunayatravel.com\/\"},{\"@type\":\"ListItem\",\"position\":2,\"name\":\"Nos activit\u00e9s\",\"item\":\"https:\/\/lunayatravel.com\/nos-activites\/\"},{\"@type\":\"ListItem\",\"position\":3,\"name\":\"Trek dans les tribus montagnardes \u2013 Excursion nature\"}]},{\"@type\":\"WebSite\",\"@id\":\"https:\/\/lunayatravel.com\/#website\",\"url\":\"https:\/\/lunayatravel.com\/\",\"name\":\"\",\"description\":\"\",\"publisher\":{\"@id\":\"https:\/\/lunayatravel.com\/#organization\"},\"potentialAction\":[{\"@type\":\"SearchAction\",\"target\":{\"@type\":\"EntryPoint\",\"urlTemplate\":\"https:\/\/lunayatravel.com\/?s={search_term_string}\"},\"query-input\":{\"@type\":\"PropertyValueSpecification\",\"valueRequired\":true,\"valueName\":\"search_term_string\"}}],\"inLanguage\":\"en-GB\"},{\"@type\":\"Organization\",\"@id\":\"https:\/\/lunayatravel.com\/#organization\",\"name\":\"Lunaya travel\",\"alternateName\":\"Lunaya travel\",\"url\":\"https:\/\/lunayatravel.com\/\",\"logo\":{\"@type\":\"ImageObject\",\"inLanguage\":\"en-GB\",\"@id\":\"https:\/\/lunayatravel.com\/#\/schema\/logo\/image\/\",\"url\":\"https:\/\/lunayatravel.com\/wp-content\/uploads\/2026\/03\/cropped-647319118_2379115739204013_337015058165053143_n.jpg\",\"contentUrl\":\"https:\/\/lunayatravel.com\/wp-content\/uploads\/2026\/03\/cropped-647319118_2379115739204013_337015058165053143_n.jpg\",\"width\":1022,\"height\":1023,\"caption\":\"Lunaya travel\"},\"image\":{\"@id\":\"https:\/\/lunayatravel.com\/#\/schema\/logo\/image\/\"},\"sameAs\":[\"https:\/\/www.facebook.com\/lunayaTravel\/\"]}]}<\/script>\n<!-- \/ Yoast SEO plugin. -->","yoast_head_json":{"title":"Trek dans les tribus montagnardes \u2013 Excursion nature -","description":"Trek Chiang Rai : d\u00e9couvrez les tribus Akha et Lahu, jungle, cascade et d\u00e9jeuner inclus. Journ\u00e9e immersive en pleine nature.","robots":{"index":"index","follow":"follow","max-snippet":"max-snippet:-1","max-image-preview":"max-image-preview:large","max-video-preview":"max-video-preview:-1"},"canonical":"https:\/\/lunayatravel.com\/en\/product\/trek-chiang-rai-tribus-montagnardes\/","og_locale":"en_GB","og_type":"article","og_title":"Trek dans les tribus montagnardes \u2013 Excursion nature -","og_description":"Trek Chiang Rai : d\u00e9couvrez les tribus Akha et Lahu, jungle, cascade et d\u00e9jeuner inclus. Journ\u00e9e immersive en pleine nature.","og_url":"https:\/\/lunayatravel.com\/en\/product\/trek-chiang-rai-tribus-montagnardes\/","article_publisher":"https:\/\/www.facebook.com\/lunayaTravel\/","article_modified_time":"2026-04-13T06:15:55+00:00","og_image":[{"width":720,"height":480,"url":"https:\/\/lunayatravel.com\/wp-content\/uploads\/2025\/07\/LAHU-10.webp","type":"image\/webp"}],"twitter_card":"summary_large_image","twitter_misc":{"Estimated reading time":"2 minutes"},"schema":{"@context":"https:\/\/schema.org","@graph":[{"@type":"WebPage","@id":"https:\/\/lunayatravel.com\/produit\/trek-chiang-rai-tribus-montagnardes\/","url":"https:\/\/lunayatravel.com\/produit\/trek-chiang-rai-tribus-montagnardes\/","name":"Trek dans les tribus montagnardes \u2013 Excursion nature -","isPartOf":{"@id":"https:\/\/lunayatravel.com\/#website"},"primaryImageOfPage":{"@id":"https:\/\/lunayatravel.com\/produit\/trek-chiang-rai-tribus-montagnardes\/#primaryimage"},"image":{"@id":"https:\/\/lunayatravel.com\/produit\/trek-chiang-rai-tribus-montagnardes\/#primaryimage"},"thumbnailUrl":"https:\/\/lunayatravel.com\/wp-content\/uploads\/2025\/07\/LAHU-10.webp","datePublished":"2025-07-26T10:05:15+00:00","dateModified":"2026-04-13T06:15:55+00:00","description":"Trek Chiang Rai : d\u00e9couvrez les tribus Akha et Lahu, jungle, cascade et d\u00e9jeuner inclus. Journ\u00e9e immersive en pleine nature.","breadcrumb":{"@id":"https:\/\/lunayatravel.com\/produit\/trek-chiang-rai-tribus-montagnardes\/#breadcrumb"},"inLanguage":"en-GB","potentialAction":[{"@type":"ReadAction","target":["https:\/\/lunayatravel.com\/produit\/trek-chiang-rai-tribus-montagnardes\/"]}]},{"@type":"ImageObject","inLanguage":"en-GB","@id":"https:\/\/lunayatravel.com\/produit\/trek-chiang-rai-tribus-montagnardes\/#primaryimage","url":"https:\/\/lunayatravel.com\/wp-content\/uploads\/2025\/07\/LAHU-10.webp","contentUrl":"https:\/\/lunayatravel.com\/wp-content\/uploads\/2025\/07\/LAHU-10.webp","width":720,"height":480,"caption":"trek"},{"@type":"BreadcrumbList","@id":"https:\/\/lunayatravel.com\/produit\/trek-chiang-rai-tribus-montagnardes\/#breadcrumb","itemListElement":[{"@type":"ListItem","position":1,"name":"Accueil","item":"https:\/\/lunayatravel.com\/"},{"@type":"ListItem","position":2,"name":"Nos activit\u00e9s","item":"https:\/\/lunayatravel.com\/nos-activites\/"},{"@type":"ListItem","position":3,"name":"Trek dans les tribus montagnardes \u2013 Excursion nature"}]},{"@type":"WebSite","@id":"https:\/\/lunayatravel.com\/#website","url":"https:\/\/lunayatravel.com\/","name":"","description":"","publisher":{"@id":"https:\/\/lunayatravel.com\/#organization"},"potentialAction":[{"@type":"SearchAction","target":{"@type":"EntryPoint","urlTemplate":"https:\/\/lunayatravel.com\/?s={search_term_string}"},"query-input":{"@type":"PropertyValueSpecification","valueRequired":true,"valueName":"search_term_string"}}],"inLanguage":"en-GB"},{"@type":"Organization","@id":"https:\/\/lunayatravel.com\/#organization","name":"Lunaya travel","alternateName":"Lunaya travel","url":"https:\/\/lunayatravel.com\/","logo":{"@type":"ImageObject","inLanguage":"en-GB","@id":"https:\/\/lunayatravel.com\/#\/schema\/logo\/image\/","url":"https:\/\/lunayatravel.com\/wp-content\/uploads\/2026\/03\/cropped-647319118_2379115739204013_337015058165053143_n.jpg","contentUrl":"https:\/\/lunayatravel.com\/wp-content\/uploads\/2026\/03\/cropped-647319118_2379115739204013_337015058165053143_n.jpg","width":1022,"height":1023,"caption":"Lunaya travel"},"image":{"@id":"https:\/\/lunayatravel.com\/#\/schema\/logo\/image\/"},"sameAs":["https:\/\/www.facebook.com\/lunayaTravel\/"]}]}},"uagb_featured_image_src":{"full":["https:\/\/lunayatravel.com\/wp-content\/uploads\/2025\/07\/LAHU-10.webp",720,480,false],"thumbnail":["https:\/\/lunayatravel.com\/wp-content\/uploads\/2025\/07\/LAHU-10-150x150.webp",150,150,true],"medium":["https:\/\/lunayatravel.com\/wp-content\/uploads\/2025\/07\/LAHU-10-300x200.webp",300,200,true],"medium_large":["https:\/\/lunayatravel.com\/wp-content\/uploads\/2025\/07\/LAHU-10.webp",720,480,false],"large":["https:\/\/lunayatravel.com\/wp-content\/uploads\/2025\/07\/LAHU-10.webp",720,480,false],"1536x1536":["https:\/\/lunayatravel.com\/wp-content\/uploads\/2025\/07\/LAHU-10.webp",720,480,false],"2048x2048":["https:\/\/lunayatravel.com\/wp-content\/uploads\/2025\/07\/LAHU-10.webp",720,480,false],"trp-custom-language-flag":["https:\/\/lunayatravel.com\/wp-content\/uploads\/2025\/07\/LAHU-10.webp",18,12,false],"widget-thumbnail":["https:\/\/lunayatravel.com\/wp-content\/uploads\/2025\/07\/LAHU-10-75x75.webp",75,75,true],"mailpoet_newsletter_max":["https:\/\/lunayatravel.com\/wp-content\/uploads\/2025\/07\/LAHU-10.webp",720,480,false],"woocommerce_thumbnail":["https:\/\/lunayatravel.com\/wp-content\/uploads\/2025\/07\/LAHU-10-300x300.webp",300,300,true],"woocommerce_single":["https:\/\/lunayatravel.com\/wp-content\/uploads\/2025\/07\/LAHU-10-600x400.webp",600,400,true],"woocommerce_gallery_thumbnail":["https:\/\/lunayatravel.com\/wp-content\/uploads\/2025\/07\/LAHU-10-100x100.webp",100,100,true],"sow-carousel-default":["https:\/\/lunayatravel.com\/wp-content\/uploads\/2025\/07\/LAHU-10-272x182.webp",272,182,true]},"uagb_author_info":{"display_name":"haemers stephanie","author_link":"https:\/\/lunayatravel.com\/en\/author\/"},"uagb_comment_info":0,"uagb_excerpt":"Points forts Randonn\u00e9e authentique \u00e0 travers les villages Akha et Lahu D\u00e9couverte de la cascade de Huay Mae Sai en pleine nature D\u00e9jeuner dans un cadre pittoresque Immersion dans les cultures tribales du nord de la Tha\u00eflande Exp\u00e9rience en petit groupe avec guide anglophone","jetpack_sharing_enabled":true,"_links":{"self":[{"href":"https:\/\/lunayatravel.com\/en\/wp-json\/wp\/v2\/product\/30096","targetHints":{"allow":["GET"]}}],"collection":[{"href":"https:\/\/lunayatravel.com\/en\/wp-json\/wp\/v2\/product"}],"about":[{"href":"https:\/\/lunayatravel.com\/en\/wp-json\/wp\/v2\/types\/product"}],"replies":[{"embeddable":true,"href":"https:\/\/lunayatravel.com\/en\/wp-json\/wp\/v2\/comments?post=30096"}],"wp:featuredmedia":[{"embeddable":true,"href":"https:\/\/lunayatravel.com\/en\/wp-json\/wp\/v2\/media\/30098"}],"wp:attachment":[{"href":"https:\/\/lunayatravel.com\/en\/wp-json\/wp\/v2\/media?parent=30096"}],"wp:term":[{"taxonomy":"product_brand","embeddable":true,"href":"https:\/\/lunayatravel.com\/en\/wp-json\/wp\/v2\/product_brand?post=30096"},{"taxonomy":"product_cat","embeddable":true,"href":"https:\/\/lunayatravel.com\/en\/wp-json\/wp\/v2\/product_cat?post=30096"},{"taxonomy":"product_tag","embeddable":true,"href":"https:\/\/lunayatravel.com\/en\/wp-json\/wp\/v2\/product_tag?post=30096"}],"curies":[{"name":"wp","href":"https:\/\/api.w.org\/{rel}","templated":true}]}}