{"id":30092,"date":"2025-07-26T11:58:46","date_gmt":"2025-07-26T09:58:46","guid":{"rendered":"https:\/\/itctoursvoyages.com\/?post_type=product&#038;p=30092"},"modified":"2025-07-26T11:58:47","modified_gmt":"2025-07-26T09:58:47","slug":"%f0%9f%9a%b4%e2%99%82%ef%b8%8f-excursion-a-velo-au-temple-blanc-demi-journee-immersive","status":"publish","type":"product","link":"https:\/\/lunayatravel.com\/en\/product\/%f0%9f%9a%b4%e2%99%82%ef%b8%8f-excursion-a-velo-au-temple-blanc-demi-journee-immersive\/","title":{"rendered":"\ud83d\udeb4\u200d\u2642\ufe0f Bike trip to the Temple Blanc - Immersive half-day trip"},"content":{"rendered":"<h3 data-start=\"566\" data-end=\"607\">\ud83d\udd58 Itinerary (approximate times)<\/h3>\n<p data-start=\"609\" data-end=\"1054\"><strong data-start=\"609\" data-end=\"626\">08.30am - 08.45am<\/strong> Pick-up at your hotel (Chiang Rai city centre only)<br data-start=\"698\" data-end=\"701\" \/><strong data-start=\"701\" data-end=\"710\">09h00<\/strong> Departure by pick-up to the cycling departure area (15 min)<br data-start=\"769\" data-end=\"772\" \/><strong data-start=\"772\" data-end=\"781\">09h30<\/strong> Safety briefing + bike fitting<br data-start=\"824\" data-end=\"827\" \/><strong data-start=\"827\" data-end=\"844\">10.00am - 12.00pm<\/strong> : Bike ride through villages, plantations, rice fields, riverside<br data-start=\"919\" data-end=\"922\" \/><strong data-start=\"922\" data-end=\"939\">12.00 - 12.45 pm<\/strong> Visit to the White Temple &amp; lunch in a local restaurant<br data-start=\"1000\" data-end=\"1003\" \/><strong data-start=\"1003\" data-end=\"1020\">1.00 pm - 1.30 pm<\/strong> Return to your hotel by pick-up<\/p>\n<hr data-start=\"1056\" data-end=\"1059\" \/>\n<h3 data-start=\"1061\" data-end=\"1090\">\ud83d\udeb2 Practical information<\/h3>\n<ul data-start=\"1092\" data-end=\"1321\">\n<li data-start=\"1092\" data-end=\"1128\">\n<p data-start=\"1094\" data-end=\"1128\"><strong data-start=\"1094\" data-end=\"1103\">Duration<\/strong> Half-day (approx. 5h)<\/p>\n<\/li>\n<li data-start=\"1129\" data-end=\"1227\">\n<p data-start=\"1131\" data-end=\"1227\"><strong data-start=\"1131\" data-end=\"1150\">Distance by bike<\/strong> 20 to 28 km<br data-start=\"1163\" data-end=\"1166\" \/>(including 8 km of unpaved track and short climbs)<\/p>\n<\/li>\n<li data-start=\"1228\" data-end=\"1261\">\n<p data-start=\"1230\" data-end=\"1261\"><strong data-start=\"1230\" data-end=\"1240\">Group<\/strong> 2 to 14 people<\/p>\n<\/li>\n<li data-start=\"1262\" data-end=\"1321\">\n<p data-start=\"1264\" data-end=\"1321\"><strong data-start=\"1264\" data-end=\"1281\">Level required<\/strong> accessible to occasional cyclists<\/p>\n<\/li>\n<\/ul>\n<hr data-start=\"1323\" data-end=\"1326\" \/>\n<h3 data-start=\"1328\" data-end=\"1340\">\u2705 Included<\/h3>\n<ul data-start=\"1341\" data-end=\"1517\">\n<li data-start=\"1341\" data-end=\"1368\">\n<p data-start=\"1343\" data-end=\"1368\">English-speaking cycling guide<\/p>\n<\/li>\n<li data-start=\"1369\" data-end=\"1395\">\n<p data-start=\"1371\" data-end=\"1395\">24-speed mountain bike + helmet<\/p>\n<\/li>\n<li data-start=\"1396\" data-end=\"1416\">\n<p data-start=\"1398\" data-end=\"1416\">Accident insurance<\/p>\n<\/li>\n<li data-start=\"1417\" data-end=\"1449\">\n<p data-start=\"1419\" data-end=\"1449\">Entrance fee to the Temple Blanc<\/p>\n<\/li>\n<li data-start=\"1450\" data-end=\"1478\">\n<p data-start=\"1452\" data-end=\"1478\">Lunch, snacks &amp; water<\/p>\n<\/li>\n<li data-start=\"1479\" data-end=\"1517\">\n<p data-start=\"1481\" data-end=\"1517\">Transfer from\/to hotel in town<\/p>\n<\/li>\n<\/ul>\n<hr data-start=\"1519\" data-end=\"1522\" \/>\n<h3 data-start=\"1524\" data-end=\"1538\">\u2757\ufe0f Please note<\/h3>\n<p data-start=\"1540\" data-end=\"1722\">\ud83d\udccd If your hotel is located <strong data-start=\"1568\" data-end=\"1602\">more than 5 km from the city centre<\/strong>please go to <strong data-start=\"1625\" data-end=\"1652\">at the meeting point<\/strong> :<br data-start=\"1654\" data-end=\"1657\" \/><strong data-start=\"1657\" data-end=\"1722\">Wat Jed Yod - Moo 18, Tambon Wiang, Amphoe Mueang, Chiang Rai<\/strong><\/p>\n<p data-start=\"1724\" data-end=\"1847\">\ud83d\udcdd Please indicate <strong data-start=\"1744\" data-end=\"1783\">your height and passport number<\/strong> in the \"Additional requests\" box when booking.<\/p>","protected":false},"excerpt":{"rendered":"<h3 data-start=\"270\" data-end=\"288\">\u2728 Highlights<\/h3>\n<ul data-start=\"289\" data-end=\"559\">\n<li data-start=\"289\" data-end=\"344\">\n<p data-start=\"291\" data-end=\"344\">Cycle through villages and green rice paddies<\/p>\n<\/li>\n<li data-start=\"345\" data-end=\"400\">\n<p data-start=\"347\" data-end=\"400\">Visit the spectacular White Temple (Wat Rong Khun)<\/p>\n<\/li>\n<li data-start=\"401\" data-end=\"459\">\n<p data-start=\"403\" data-end=\"459\">Discover the authentic rural life around Chiang Rai<\/p>\n<\/li>\n<li data-start=\"460\" data-end=\"535\">\n<p data-start=\"462\" data-end=\"535\">Small groups for a friendly, intimate experience (max. 14 people)<\/p>\n<\/li>\n<li data-start=\"536\" data-end=\"559\">\n<p data-start=\"538\" data-end=\"559\">Local lunch included<\/p>\n<\/li>\n<\/ul>","protected":false},"featured_media":30094,"comment_status":"open","ping_status":"closed","template":"","meta":{"_uag_custom_page_level_css":""},"product_brand":[],"product_cat":[63],"product_tag":[],"class_list":{"0":"post-30092","1":"product","2":"type-product","3":"status-publish","4":"has-post-thumbnail","6":"product_cat-chiang-rai","8":"first","9":"instock","10":"taxable","11":"shipping-taxable","12":"purchasable","13":"product-type-simple"},"yoast_head":"<!-- This site is optimized with the Yoast SEO plugin v27.1.1 - https:\/\/yoast.com\/product\/yoast-seo-wordpress\/ -->\n<title>\ud83d\udeb4\u200d\u2642\ufe0f Excursion \u00e0 v\u00e9lo au Temple Blanc \u2013 Demi-journ\u00e9e immersive -<\/title>\n<meta name=\"robots\" content=\"index, follow, max-snippet:-1, max-image-preview:large, max-video-preview:-1\" \/>\n<link rel=\"canonical\" href=\"https:\/\/lunayatravel.com\/en\/product\/\ud83d\udeb4\u2642\ufe0f-excursion-a-velo-au-temple-blanc-demi-journee-immersive\/\" \/>\n<meta property=\"og:locale\" content=\"en_GB\" \/>\n<meta property=\"og:type\" content=\"article\" \/>\n<meta property=\"og:title\" content=\"\ud83d\udeb4\u200d\u2642\ufe0f Excursion \u00e0 v\u00e9lo au Temple Blanc \u2013 Demi-journ\u00e9e immersive -\" \/>\n<meta property=\"og:description\" content=\"\u2728 Points forts    Parcourez les villages et rizi\u00e8res verdoyantes \u00e0 v\u00e9lo    Visitez le spectaculaire Temple Blanc (Wat Rong Khun)    D\u00e9couvrez la vie rurale authentique autour de Chiang Rai    Petit groupe pour une exp\u00e9rience conviviale et intime (max. 14 personnes)    D\u00e9jeuner local inclus\" \/>\n<meta property=\"og:url\" content=\"https:\/\/lunayatravel.com\/en\/product\/\ud83d\udeb4\u2642\ufe0f-excursion-a-velo-au-temple-blanc-demi-journee-immersive\/\" \/>\n<meta property=\"article:publisher\" content=\"https:\/\/www.facebook.com\/lunayaTravel\/\" \/>\n<meta property=\"article:modified_time\" content=\"2025-07-26T09:58:47+00:00\" \/>\n<meta property=\"og:image\" content=\"https:\/\/lunayatravel.com\/wp-content\/uploads\/2025\/07\/biking_chiangrai8.webp\" \/>\n\t<meta property=\"og:image:width\" content=\"720\" \/>\n\t<meta property=\"og:image:height\" content=\"540\" \/>\n\t<meta property=\"og:image:type\" content=\"image\/webp\" \/>\n<meta name=\"twitter:card\" content=\"summary_large_image\" \/>\n<meta name=\"twitter:label1\" content=\"Estimated reading time\" \/>\n\t<meta name=\"twitter:data1\" content=\"1 minute\" \/>\n<script type=\"application\/ld+json\" class=\"yoast-schema-graph\">{\"@context\":\"https:\/\/schema.org\",\"@graph\":[{\"@type\":\"WebPage\",\"@id\":\"https:\/\/lunayatravel.com\/produit\/%f0%9f%9a%b4%e2%99%82%ef%b8%8f-excursion-a-velo-au-temple-blanc-demi-journee-immersive\/\",\"url\":\"https:\/\/lunayatravel.com\/produit\/%f0%9f%9a%b4%e2%99%82%ef%b8%8f-excursion-a-velo-au-temple-blanc-demi-journee-immersive\/\",\"name\":\"\ud83d\udeb4\u200d\u2642\ufe0f Excursion \u00e0 v\u00e9lo au Temple Blanc \u2013 Demi-journ\u00e9e immersive -\",\"isPartOf\":{\"@id\":\"https:\/\/lunayatravel.com\/#website\"},\"primaryImageOfPage\":{\"@id\":\"https:\/\/lunayatravel.com\/produit\/%f0%9f%9a%b4%e2%99%82%ef%b8%8f-excursion-a-velo-au-temple-blanc-demi-journee-immersive\/#primaryimage\"},\"image\":{\"@id\":\"https:\/\/lunayatravel.com\/produit\/%f0%9f%9a%b4%e2%99%82%ef%b8%8f-excursion-a-velo-au-temple-blanc-demi-journee-immersive\/#primaryimage\"},\"thumbnailUrl\":\"https:\/\/lunayatravel.com\/wp-content\/uploads\/2025\/07\/biking_chiangrai8.webp\",\"datePublished\":\"2025-07-26T09:58:46+00:00\",\"dateModified\":\"2025-07-26T09:58:47+00:00\",\"breadcrumb\":{\"@id\":\"https:\/\/lunayatravel.com\/produit\/%f0%9f%9a%b4%e2%99%82%ef%b8%8f-excursion-a-velo-au-temple-blanc-demi-journee-immersive\/#breadcrumb\"},\"inLanguage\":\"en-GB\",\"potentialAction\":[{\"@type\":\"ReadAction\",\"target\":[\"https:\/\/lunayatravel.com\/produit\/%f0%9f%9a%b4%e2%99%82%ef%b8%8f-excursion-a-velo-au-temple-blanc-demi-journee-immersive\/\"]}]},{\"@type\":\"ImageObject\",\"inLanguage\":\"en-GB\",\"@id\":\"https:\/\/lunayatravel.com\/produit\/%f0%9f%9a%b4%e2%99%82%ef%b8%8f-excursion-a-velo-au-temple-blanc-demi-journee-immersive\/#primaryimage\",\"url\":\"https:\/\/lunayatravel.com\/wp-content\/uploads\/2025\/07\/biking_chiangrai8.webp\",\"contentUrl\":\"https:\/\/lunayatravel.com\/wp-content\/uploads\/2025\/07\/biking_chiangrai8.webp\",\"width\":720,\"height\":540},{\"@type\":\"BreadcrumbList\",\"@id\":\"https:\/\/lunayatravel.com\/produit\/%f0%9f%9a%b4%e2%99%82%ef%b8%8f-excursion-a-velo-au-temple-blanc-demi-journee-immersive\/#breadcrumb\",\"itemListElement\":[{\"@type\":\"ListItem\",\"position\":1,\"name\":\"Accueil\",\"item\":\"https:\/\/lunayatravel.com\/\"},{\"@type\":\"ListItem\",\"position\":2,\"name\":\"Nos activit\u00e9s\",\"item\":\"https:\/\/lunayatravel.com\/nos-activites\/\"},{\"@type\":\"ListItem\",\"position\":3,\"name\":\"\ud83d\udeb4\u200d\u2642\ufe0f Excursion \u00e0 v\u00e9lo au Temple Blanc \u2013 Demi-journ\u00e9e immersive\"}]},{\"@type\":\"WebSite\",\"@id\":\"https:\/\/lunayatravel.com\/#website\",\"url\":\"https:\/\/lunayatravel.com\/\",\"name\":\"\",\"description\":\"\",\"publisher\":{\"@id\":\"https:\/\/lunayatravel.com\/#organization\"},\"potentialAction\":[{\"@type\":\"SearchAction\",\"target\":{\"@type\":\"EntryPoint\",\"urlTemplate\":\"https:\/\/lunayatravel.com\/?s={search_term_string}\"},\"query-input\":{\"@type\":\"PropertyValueSpecification\",\"valueRequired\":true,\"valueName\":\"search_term_string\"}}],\"inLanguage\":\"en-GB\"},{\"@type\":\"Organization\",\"@id\":\"https:\/\/lunayatravel.com\/#organization\",\"name\":\"Lunaya travel\",\"alternateName\":\"Lunaya travel\",\"url\":\"https:\/\/lunayatravel.com\/\",\"logo\":{\"@type\":\"ImageObject\",\"inLanguage\":\"en-GB\",\"@id\":\"https:\/\/lunayatravel.com\/#\/schema\/logo\/image\/\",\"url\":\"https:\/\/lunayatravel.com\/wp-content\/uploads\/2026\/03\/cropped-647319118_2379115739204013_337015058165053143_n.jpg\",\"contentUrl\":\"https:\/\/lunayatravel.com\/wp-content\/uploads\/2026\/03\/cropped-647319118_2379115739204013_337015058165053143_n.jpg\",\"width\":1022,\"height\":1023,\"caption\":\"Lunaya travel\"},\"image\":{\"@id\":\"https:\/\/lunayatravel.com\/#\/schema\/logo\/image\/\"},\"sameAs\":[\"https:\/\/www.facebook.com\/lunayaTravel\/\"]}]}<\/script>\n<!-- \/ Yoast SEO plugin. -->","yoast_head_json":{"title":"\ud83d\udeb4\u200d\u2642\ufe0f Excursion \u00e0 v\u00e9lo au Temple Blanc \u2013 Demi-journ\u00e9e immersive -","robots":{"index":"index","follow":"follow","max-snippet":"max-snippet:-1","max-image-preview":"max-image-preview:large","max-video-preview":"max-video-preview:-1"},"canonical":"https:\/\/lunayatravel.com\/en\/product\/\ud83d\udeb4\u2642\ufe0f-excursion-a-velo-au-temple-blanc-demi-journee-immersive\/","og_locale":"en_GB","og_type":"article","og_title":"\ud83d\udeb4\u200d\u2642\ufe0f Excursion \u00e0 v\u00e9lo au Temple Blanc \u2013 Demi-journ\u00e9e immersive -","og_description":"\u2728 Points forts    Parcourez les villages et rizi\u00e8res verdoyantes \u00e0 v\u00e9lo    Visitez le spectaculaire Temple Blanc (Wat Rong Khun)    D\u00e9couvrez la vie rurale authentique autour de Chiang Rai    Petit groupe pour une exp\u00e9rience conviviale et intime (max. 14 personnes)    D\u00e9jeuner local inclus","og_url":"https:\/\/lunayatravel.com\/en\/product\/\ud83d\udeb4\u2642\ufe0f-excursion-a-velo-au-temple-blanc-demi-journee-immersive\/","article_publisher":"https:\/\/www.facebook.com\/lunayaTravel\/","article_modified_time":"2025-07-26T09:58:47+00:00","og_image":[{"width":720,"height":540,"url":"https:\/\/lunayatravel.com\/wp-content\/uploads\/2025\/07\/biking_chiangrai8.webp","type":"image\/webp"}],"twitter_card":"summary_large_image","twitter_misc":{"Estimated reading time":"1 minute"},"schema":{"@context":"https:\/\/schema.org","@graph":[{"@type":"WebPage","@id":"https:\/\/lunayatravel.com\/produit\/%f0%9f%9a%b4%e2%99%82%ef%b8%8f-excursion-a-velo-au-temple-blanc-demi-journee-immersive\/","url":"https:\/\/lunayatravel.com\/produit\/%f0%9f%9a%b4%e2%99%82%ef%b8%8f-excursion-a-velo-au-temple-blanc-demi-journee-immersive\/","name":"\ud83d\udeb4\u200d\u2642\ufe0f Excursion \u00e0 v\u00e9lo au Temple Blanc \u2013 Demi-journ\u00e9e immersive -","isPartOf":{"@id":"https:\/\/lunayatravel.com\/#website"},"primaryImageOfPage":{"@id":"https:\/\/lunayatravel.com\/produit\/%f0%9f%9a%b4%e2%99%82%ef%b8%8f-excursion-a-velo-au-temple-blanc-demi-journee-immersive\/#primaryimage"},"image":{"@id":"https:\/\/lunayatravel.com\/produit\/%f0%9f%9a%b4%e2%99%82%ef%b8%8f-excursion-a-velo-au-temple-blanc-demi-journee-immersive\/#primaryimage"},"thumbnailUrl":"https:\/\/lunayatravel.com\/wp-content\/uploads\/2025\/07\/biking_chiangrai8.webp","datePublished":"2025-07-26T09:58:46+00:00","dateModified":"2025-07-26T09:58:47+00:00","breadcrumb":{"@id":"https:\/\/lunayatravel.com\/produit\/%f0%9f%9a%b4%e2%99%82%ef%b8%8f-excursion-a-velo-au-temple-blanc-demi-journee-immersive\/#breadcrumb"},"inLanguage":"en-GB","potentialAction":[{"@type":"ReadAction","target":["https:\/\/lunayatravel.com\/produit\/%f0%9f%9a%b4%e2%99%82%ef%b8%8f-excursion-a-velo-au-temple-blanc-demi-journee-immersive\/"]}]},{"@type":"ImageObject","inLanguage":"en-GB","@id":"https:\/\/lunayatravel.com\/produit\/%f0%9f%9a%b4%e2%99%82%ef%b8%8f-excursion-a-velo-au-temple-blanc-demi-journee-immersive\/#primaryimage","url":"https:\/\/lunayatravel.com\/wp-content\/uploads\/2025\/07\/biking_chiangrai8.webp","contentUrl":"https:\/\/lunayatravel.com\/wp-content\/uploads\/2025\/07\/biking_chiangrai8.webp","width":720,"height":540},{"@type":"BreadcrumbList","@id":"https:\/\/lunayatravel.com\/produit\/%f0%9f%9a%b4%e2%99%82%ef%b8%8f-excursion-a-velo-au-temple-blanc-demi-journee-immersive\/#breadcrumb","itemListElement":[{"@type":"ListItem","position":1,"name":"Accueil","item":"https:\/\/lunayatravel.com\/"},{"@type":"ListItem","position":2,"name":"Nos activit\u00e9s","item":"https:\/\/lunayatravel.com\/nos-activites\/"},{"@type":"ListItem","position":3,"name":"\ud83d\udeb4\u200d\u2642\ufe0f Excursion \u00e0 v\u00e9lo au Temple Blanc \u2013 Demi-journ\u00e9e immersive"}]},{"@type":"WebSite","@id":"https:\/\/lunayatravel.com\/#website","url":"https:\/\/lunayatravel.com\/","name":"","description":"","publisher":{"@id":"https:\/\/lunayatravel.com\/#organization"},"potentialAction":[{"@type":"SearchAction","target":{"@type":"EntryPoint","urlTemplate":"https:\/\/lunayatravel.com\/?s={search_term_string}"},"query-input":{"@type":"PropertyValueSpecification","valueRequired":true,"valueName":"search_term_string"}}],"inLanguage":"en-GB"},{"@type":"Organization","@id":"https:\/\/lunayatravel.com\/#organization","name":"Lunaya travel","alternateName":"Lunaya travel","url":"https:\/\/lunayatravel.com\/","logo":{"@type":"ImageObject","inLanguage":"en-GB","@id":"https:\/\/lunayatravel.com\/#\/schema\/logo\/image\/","url":"https:\/\/lunayatravel.com\/wp-content\/uploads\/2026\/03\/cropped-647319118_2379115739204013_337015058165053143_n.jpg","contentUrl":"https:\/\/lunayatravel.com\/wp-content\/uploads\/2026\/03\/cropped-647319118_2379115739204013_337015058165053143_n.jpg","width":1022,"height":1023,"caption":"Lunaya travel"},"image":{"@id":"https:\/\/lunayatravel.com\/#\/schema\/logo\/image\/"},"sameAs":["https:\/\/www.facebook.com\/lunayaTravel\/"]}]}},"uagb_featured_image_src":{"full":["https:\/\/lunayatravel.com\/wp-content\/uploads\/2025\/07\/biking_chiangrai8.webp",720,540,false],"thumbnail":["https:\/\/lunayatravel.com\/wp-content\/uploads\/2025\/07\/biking_chiangrai8-150x150.webp",150,150,true],"medium":["https:\/\/lunayatravel.com\/wp-content\/uploads\/2025\/07\/biking_chiangrai8-300x225.webp",300,225,true],"medium_large":["https:\/\/lunayatravel.com\/wp-content\/uploads\/2025\/07\/biking_chiangrai8.webp",720,540,false],"large":["https:\/\/lunayatravel.com\/wp-content\/uploads\/2025\/07\/biking_chiangrai8.webp",720,540,false],"1536x1536":["https:\/\/lunayatravel.com\/wp-content\/uploads\/2025\/07\/biking_chiangrai8.webp",720,540,false],"2048x2048":["https:\/\/lunayatravel.com\/wp-content\/uploads\/2025\/07\/biking_chiangrai8.webp",720,540,false],"trp-custom-language-flag":["https:\/\/lunayatravel.com\/wp-content\/uploads\/2025\/07\/biking_chiangrai8.webp",16,12,false],"widget-thumbnail":["https:\/\/lunayatravel.com\/wp-content\/uploads\/2025\/07\/biking_chiangrai8-75x75.webp",75,75,true],"mailpoet_newsletter_max":["https:\/\/lunayatravel.com\/wp-content\/uploads\/2025\/07\/biking_chiangrai8.webp",720,540,false],"woocommerce_thumbnail":["https:\/\/lunayatravel.com\/wp-content\/uploads\/2025\/07\/biking_chiangrai8-300x300.webp",300,300,true],"woocommerce_single":["https:\/\/lunayatravel.com\/wp-content\/uploads\/2025\/07\/biking_chiangrai8-600x450.webp",600,450,true],"woocommerce_gallery_thumbnail":["https:\/\/lunayatravel.com\/wp-content\/uploads\/2025\/07\/biking_chiangrai8-100x100.webp",100,100,true],"sow-carousel-default":["https:\/\/lunayatravel.com\/wp-content\/uploads\/2025\/07\/biking_chiangrai8-272x182.webp",272,182,true]},"uagb_author_info":{"display_name":"haemers stephanie","author_link":"https:\/\/lunayatravel.com\/en\/author\/"},"uagb_comment_info":0,"uagb_excerpt":"\u2728 Points forts Parcourez les villages et rizi\u00e8res verdoyantes \u00e0 v\u00e9lo Visitez le spectaculaire Temple Blanc (Wat Rong Khun) D\u00e9couvrez la vie rurale authentique autour de Chiang Rai Petit groupe pour une exp\u00e9rience conviviale et intime (max. 14 personnes) D\u00e9jeuner local inclus","jetpack_sharing_enabled":true,"_links":{"self":[{"href":"https:\/\/lunayatravel.com\/en\/wp-json\/wp\/v2\/product\/30092","targetHints":{"allow":["GET"]}}],"collection":[{"href":"https:\/\/lunayatravel.com\/en\/wp-json\/wp\/v2\/product"}],"about":[{"href":"https:\/\/lunayatravel.com\/en\/wp-json\/wp\/v2\/types\/product"}],"replies":[{"embeddable":true,"href":"https:\/\/lunayatravel.com\/en\/wp-json\/wp\/v2\/comments?post=30092"}],"wp:featuredmedia":[{"embeddable":true,"href":"https:\/\/lunayatravel.com\/en\/wp-json\/wp\/v2\/media\/30094"}],"wp:attachment":[{"href":"https:\/\/lunayatravel.com\/en\/wp-json\/wp\/v2\/media?parent=30092"}],"wp:term":[{"taxonomy":"product_brand","embeddable":true,"href":"https:\/\/lunayatravel.com\/en\/wp-json\/wp\/v2\/product_brand?post=30092"},{"taxonomy":"product_cat","embeddable":true,"href":"https:\/\/lunayatravel.com\/en\/wp-json\/wp\/v2\/product_cat?post=30092"},{"taxonomy":"product_tag","embeddable":true,"href":"https:\/\/lunayatravel.com\/en\/wp-json\/wp\/v2\/product_tag?post=30092"}],"curies":[{"name":"wp","href":"https:\/\/api.w.org\/{rel}","templated":true}]}}