{"id":30073,"date":"2025-07-26T11:17:37","date_gmt":"2025-07-26T09:17:37","guid":{"rendered":"https:\/\/itctoursvoyages.com\/?post_type=product&#038;p=30073"},"modified":"2026-01-31T06:55:46","modified_gmt":"2026-01-31T05:55:46","slug":"%f0%9f%8c%b4-koh-tao-premium-koh-nang-yuan-snorkeling-25-personnes-max","status":"publish","type":"product","link":"https:\/\/lunayatravel.com\/en\/product\/%f0%9f%8c%b4-koh-tao-premium-koh-nang-yuan-snorkeling-25-personnes-max\/","title":{"rendered":"\ud83c\udf34 Koh Tao Premium - Koh Nang Yuan &amp; Snorkeling (25 people max)"},"content":{"rendered":"<h3 data-start=\"809\" data-end=\"854\">\ud83d\udd52 <strong data-start=\"816\" data-end=\"854\">Itinerary (approximate times)<\/strong><\/h3>\n<p data-start=\"856\" data-end=\"915\"><strong data-start=\"856\" data-end=\"873\">08h00 - 08h30<\/strong><br data-start=\"873\" data-end=\"876\" \/>Pick-up from your hotel on Koh Tao<\/p>\n<p data-start=\"917\" data-end=\"1018\"><strong data-start=\"917\" data-end=\"926\">09h00<\/strong><br data-start=\"926\" data-end=\"929\" \/>Departure to <strong data-start=\"941\" data-end=\"958\">Koh Nang Yuan<\/strong><br data-start=\"958\" data-end=\"961\" \/>\u27a1\ufe0f Walk on the sand, snorkel at the <strong data-start=\"999\" data-end=\"1018\">Japanese Garden<\/strong><\/p>\n<p data-start=\"1020\" data-end=\"1088\"><strong data-start=\"1020\" data-end=\"1029\">12h00<\/strong><br data-start=\"1029\" data-end=\"1032\" \/>Lunch served on board (box lunch or buffet depending on option)<\/p>\n<p data-start=\"1090\" data-end=\"1139\"><strong data-start=\"1090\" data-end=\"1107\">1.00 pm - 2.30 pm<\/strong><br data-start=\"1107\" data-end=\"1110\" \/>Snorkelling in the bays :<\/p>\n<ul data-start=\"1140\" data-end=\"1239\">\n<li data-start=\"1140\" data-end=\"1168\">\n<p data-start=\"1142\" data-end=\"1168\"><strong data-start=\"1142\" data-end=\"1166\">Ao Muang (Mango Bay)<\/strong><\/p>\n<\/li>\n<li data-start=\"1169\" data-end=\"1188\">\n<p data-start=\"1171\" data-end=\"1188\"><strong data-start=\"1171\" data-end=\"1186\">Ao Hin Wong<\/strong><\/p>\n<\/li>\n<li data-start=\"1189\" data-end=\"1204\">\n<p data-start=\"1191\" data-end=\"1204\"><strong data-start=\"1191\" data-end=\"1202\">Ao Leuk<\/strong><\/p>\n<\/li>\n<li data-start=\"1205\" data-end=\"1239\">\n<p data-start=\"1207\" data-end=\"1239\"><strong data-start=\"1207\" data-end=\"1220\">Ao Chalam<\/strong> (Shark Bay)<\/p>\n<\/li>\n<\/ul>\n<p data-start=\"1241\" data-end=\"1312\"><strong data-start=\"1241\" data-end=\"1250\">15h00<\/strong><br data-start=\"1250\" data-end=\"1253\" \/>Return to Mae Haad port and transfer to your accommodation<\/p>\n<hr data-start=\"1314\" data-end=\"1317\" \/>\n<h3 data-start=\"1319\" data-end=\"1345\">\u2705 <strong data-start=\"1325\" data-end=\"1345\">The price includes<\/strong><\/h3>\n<ul data-start=\"1347\" data-end=\"1544\">\n<li data-start=\"1347\" data-end=\"1379\">\n<p data-start=\"1349\" data-end=\"1379\">Transfer to and from the hotel<\/p>\n<\/li>\n<li data-start=\"1380\" data-end=\"1412\">\n<p data-start=\"1382\" data-end=\"1412\">Premium boat (max 25 people)<\/p>\n<\/li>\n<li data-start=\"1413\" data-end=\"1436\">\n<p data-start=\"1415\" data-end=\"1436\">Mask, snorkel, life jacket<\/p>\n<\/li>\n<li data-start=\"1437\" data-end=\"1458\">\n<p data-start=\"1439\" data-end=\"1458\">Breakfast + fruit<\/p>\n<\/li>\n<li data-start=\"1459\" data-end=\"1477\">\n<p data-start=\"1461\" data-end=\"1477\">Coffee, tea, water<\/p>\n<\/li>\n<li data-start=\"1478\" data-end=\"1513\">\n<p data-start=\"1480\" data-end=\"1513\">English or French-speaking guide<\/p>\n<\/li>\n<li data-start=\"1514\" data-end=\"1544\">\n<p data-start=\"1516\" data-end=\"1544\">Koh Nang Yuan entrance included<\/p>\n<\/li>\n<\/ul>\n<hr data-start=\"1546\" data-end=\"1549\" \/>\n<h3 data-start=\"1551\" data-end=\"1570\">\u2139\ufe0f <strong data-start=\"1558\" data-end=\"1570\">What you need to know<\/strong><\/h3>\n<ul data-start=\"1572\" data-end=\"1762\">\n<li data-start=\"1572\" data-end=\"1621\">\n<p data-start=\"1574\" data-end=\"1621\">\ud83e\uddf4 Bring sun cream, towel and swimming costume.<\/p>\n<\/li>\n<li data-start=\"1622\" data-end=\"1682\">\n<p data-start=\"1624\" data-end=\"1682\">\ud83c\udf31 Eco-responsible excursion - don't touch the corals<\/p>\n<\/li>\n<li data-start=\"1683\" data-end=\"1762\">\n<p data-start=\"1685\" data-end=\"1762\">\u26a0\ufe0f Possibility of going out on the boat <strong data-start=\"1721\" data-end=\"1733\">Dok Kaew<\/strong> (max 20 people), depending on the day<\/p>\n<\/li>\n<\/ul>","protected":false},"excerpt":{"rendered":"<p data-start=\"206\" data-end=\"331\">\ud83d\udccd <strong data-start=\"237\" data-end=\"258\">Departure from Koh Tao<\/strong><br data-start=\"258\" data-end=\"261\" \/>\ud83d\udea4 <strong data-start=\"264\" data-end=\"331\">Top of the range boat with 5 snorkelling spots + Koh Nang Yuan<\/strong><\/p>\n<hr data-start=\"333\" data-end=\"336\" \/>\n<h3 data-start=\"338\" data-end=\"362\">\ud83c\udf1f <strong data-start=\"345\" data-end=\"362\">Highlights<\/strong><\/h3>\n<ul data-start=\"364\" data-end=\"802\">\n<li data-start=\"364\" data-end=\"438\">\n<p data-start=\"366\" data-end=\"438\">\ud83c\udf3a Excursion <strong data-start=\"379\" data-end=\"390\">Premium<\/strong> small groups: maximum 25 people on board<\/p>\n<\/li>\n<li data-start=\"439\" data-end=\"512\">\n<p data-start=\"441\" data-end=\"512\">\ud83c\udfdd\ufe0f Explore <strong data-start=\"454\" data-end=\"471\">Koh Nang Yuan<\/strong>the paradise island of sand bridges<\/p>\n<\/li>\n<li data-start=\"513\" data-end=\"621\">\n<p data-start=\"515\" data-end=\"621\">\ud83d\udc20 Freediving at <strong data-start=\"537\" data-end=\"560\">5 incredible sites<\/strong> Mango Bay, Hin Wong, Ao Leuk, Ao Chalam, Japanese Garden<\/p>\n<\/li>\n<li data-start=\"622\" data-end=\"671\">\n<p data-start=\"624\" data-end=\"671\">\ud83e\uddc3 Lunch, fruit and drinks included on board<\/p>\n<\/li>\n<li data-start=\"672\" data-end=\"722\">\n<p data-start=\"674\" data-end=\"722\">\ud83d\ude90 Return transfer to your hotel included<\/p>\n<\/li>\n<li data-start=\"723\" data-end=\"802\">\n<p data-start=\"725\" data-end=\"802\">\ud83d\udc22 Possibility of crossing <strong data-start=\"755\" data-end=\"766\">turtles<\/strong> and <strong data-start=\"774\" data-end=\"802\">blacktip sharks<\/strong><\/p>\n<\/li>\n<\/ul>","protected":false},"featured_media":30074,"comment_status":"open","ping_status":"closed","template":"","meta":{"_uag_custom_page_level_css":""},"product_brand":[],"product_cat":[62],"product_tag":[],"class_list":{"0":"post-30073","1":"product","2":"type-product","3":"status-publish","4":"has-post-thumbnail","6":"product_cat-koh-tao","8":"first","9":"instock","10":"virtual","11":"taxable","12":"purchasable","13":"product-type-simple"},"yoast_head":"<!-- This site is optimized with the Yoast SEO plugin v27.1.1 - https:\/\/yoast.com\/product\/yoast-seo-wordpress\/ -->\n<title>\ud83c\udf34 Koh Tao Premium \u2013 Koh Nang Yuan &amp; Snorkeling (25 personnes max) -<\/title>\n<meta name=\"robots\" content=\"index, follow, max-snippet:-1, max-image-preview:large, max-video-preview:-1\" \/>\n<link rel=\"canonical\" href=\"https:\/\/lunayatravel.com\/en\/product\/\ud83c\udf34-koh-tao-premium-koh-nang-yuan-snorkeling-25-personnes-max\/\" \/>\n<meta property=\"og:locale\" content=\"en_GB\" \/>\n<meta property=\"og:type\" content=\"article\" \/>\n<meta property=\"og:title\" content=\"\ud83c\udf34 Koh Tao Premium \u2013 Koh Nang Yuan &amp; Snorkeling (25 personnes max) -\" \/>\n<meta property=\"og:description\" content=\"\ud83d\udccd D\u00e9part de Koh Tao\ud83d\udea4 Bateau haut de gamme avec 5 spots de snorkeling + Koh Nang Yuan     \ud83c\udf1f Moments forts    \ud83c\udf3a Excursion Premium en petit groupe : maximum 25 personnes \u00e0 bord    \ud83c\udfdd\ufe0f Explorez Koh Nang Yuan, l\u2019\u00eele paradisiaque aux ponts de sable    \ud83d\udc20 Plong\u00e9e en apn\u00e9e \u00e0 5 sites incroyables : Mango Bay, Hin Wong, Ao Leuk, Ao Chalam, Japanese Garden    \ud83e\uddc3 D\u00e9jeuner, fruits et boissons inclus \u00e0 bord    \ud83d\ude90 Transfert aller-retour \u00e0 votre h\u00f4tel inclus    \ud83d\udc22 Possibilit\u00e9 de croiser des tortues et des requins \u00e0 pointes noires\" \/>\n<meta property=\"og:url\" content=\"https:\/\/lunayatravel.com\/en\/product\/\ud83c\udf34-koh-tao-premium-koh-nang-yuan-snorkeling-25-personnes-max\/\" \/>\n<meta property=\"article:publisher\" content=\"https:\/\/www.facebook.com\/lunayaTravel\/\" \/>\n<meta property=\"article:modified_time\" content=\"2026-01-31T05:55:46+00:00\" \/>\n<meta property=\"og:image\" content=\"https:\/\/lunayatravel.com\/wp-content\/uploads\/2025\/07\/OxygenPremium15.webp\" \/>\n\t<meta property=\"og:image:width\" content=\"720\" \/>\n\t<meta property=\"og:image:height\" content=\"540\" \/>\n\t<meta property=\"og:image:type\" content=\"image\/webp\" \/>\n<meta name=\"twitter:card\" content=\"summary_large_image\" \/>\n<meta name=\"twitter:label1\" content=\"Estimated reading time\" \/>\n\t<meta name=\"twitter:data1\" content=\"1 minute\" \/>\n<script type=\"application\/ld+json\" class=\"yoast-schema-graph\">{\"@context\":\"https:\/\/schema.org\",\"@graph\":[{\"@type\":\"WebPage\",\"@id\":\"https:\/\/lunayatravel.com\/produit\/%f0%9f%8c%b4-koh-tao-premium-koh-nang-yuan-snorkeling-25-personnes-max\/\",\"url\":\"https:\/\/lunayatravel.com\/produit\/%f0%9f%8c%b4-koh-tao-premium-koh-nang-yuan-snorkeling-25-personnes-max\/\",\"name\":\"\ud83c\udf34 Koh Tao Premium \u2013 Koh Nang Yuan & Snorkeling (25 personnes max) -\",\"isPartOf\":{\"@id\":\"https:\/\/lunayatravel.com\/#website\"},\"primaryImageOfPage\":{\"@id\":\"https:\/\/lunayatravel.com\/produit\/%f0%9f%8c%b4-koh-tao-premium-koh-nang-yuan-snorkeling-25-personnes-max\/#primaryimage\"},\"image\":{\"@id\":\"https:\/\/lunayatravel.com\/produit\/%f0%9f%8c%b4-koh-tao-premium-koh-nang-yuan-snorkeling-25-personnes-max\/#primaryimage\"},\"thumbnailUrl\":\"https:\/\/lunayatravel.com\/wp-content\/uploads\/2025\/07\/OxygenPremium15.webp\",\"datePublished\":\"2025-07-26T09:17:37+00:00\",\"dateModified\":\"2026-01-31T05:55:46+00:00\",\"breadcrumb\":{\"@id\":\"https:\/\/lunayatravel.com\/produit\/%f0%9f%8c%b4-koh-tao-premium-koh-nang-yuan-snorkeling-25-personnes-max\/#breadcrumb\"},\"inLanguage\":\"en-GB\",\"potentialAction\":[{\"@type\":\"ReadAction\",\"target\":[\"https:\/\/lunayatravel.com\/produit\/%f0%9f%8c%b4-koh-tao-premium-koh-nang-yuan-snorkeling-25-personnes-max\/\"]}]},{\"@type\":\"ImageObject\",\"inLanguage\":\"en-GB\",\"@id\":\"https:\/\/lunayatravel.com\/produit\/%f0%9f%8c%b4-koh-tao-premium-koh-nang-yuan-snorkeling-25-personnes-max\/#primaryimage\",\"url\":\"https:\/\/lunayatravel.com\/wp-content\/uploads\/2025\/07\/OxygenPremium15.webp\",\"contentUrl\":\"https:\/\/lunayatravel.com\/wp-content\/uploads\/2025\/07\/OxygenPremium15.webp\",\"width\":720,\"height\":540},{\"@type\":\"BreadcrumbList\",\"@id\":\"https:\/\/lunayatravel.com\/produit\/%f0%9f%8c%b4-koh-tao-premium-koh-nang-yuan-snorkeling-25-personnes-max\/#breadcrumb\",\"itemListElement\":[{\"@type\":\"ListItem\",\"position\":1,\"name\":\"Accueil\",\"item\":\"https:\/\/lunayatravel.com\/\"},{\"@type\":\"ListItem\",\"position\":2,\"name\":\"Nos activit\u00e9s\",\"item\":\"https:\/\/lunayatravel.com\/nos-activites\/\"},{\"@type\":\"ListItem\",\"position\":3,\"name\":\"\ud83c\udf34 Koh Tao Premium \u2013 Koh Nang Yuan &#038; Snorkeling (25 personnes max)\"}]},{\"@type\":\"WebSite\",\"@id\":\"https:\/\/lunayatravel.com\/#website\",\"url\":\"https:\/\/lunayatravel.com\/\",\"name\":\"\",\"description\":\"\",\"publisher\":{\"@id\":\"https:\/\/lunayatravel.com\/#organization\"},\"potentialAction\":[{\"@type\":\"SearchAction\",\"target\":{\"@type\":\"EntryPoint\",\"urlTemplate\":\"https:\/\/lunayatravel.com\/?s={search_term_string}\"},\"query-input\":{\"@type\":\"PropertyValueSpecification\",\"valueRequired\":true,\"valueName\":\"search_term_string\"}}],\"inLanguage\":\"en-GB\"},{\"@type\":\"Organization\",\"@id\":\"https:\/\/lunayatravel.com\/#organization\",\"name\":\"Lunaya travel\",\"alternateName\":\"Lunaya travel\",\"url\":\"https:\/\/lunayatravel.com\/\",\"logo\":{\"@type\":\"ImageObject\",\"inLanguage\":\"en-GB\",\"@id\":\"https:\/\/lunayatravel.com\/#\/schema\/logo\/image\/\",\"url\":\"https:\/\/lunayatravel.com\/wp-content\/uploads\/2026\/03\/cropped-647319118_2379115739204013_337015058165053143_n.jpg\",\"contentUrl\":\"https:\/\/lunayatravel.com\/wp-content\/uploads\/2026\/03\/cropped-647319118_2379115739204013_337015058165053143_n.jpg\",\"width\":1022,\"height\":1023,\"caption\":\"Lunaya travel\"},\"image\":{\"@id\":\"https:\/\/lunayatravel.com\/#\/schema\/logo\/image\/\"},\"sameAs\":[\"https:\/\/www.facebook.com\/lunayaTravel\/\"]}]}<\/script>\n<!-- \/ Yoast SEO plugin. -->","yoast_head_json":{"title":"\ud83c\udf34 Koh Tao Premium \u2013 Koh Nang Yuan & Snorkeling (25 personnes max) -","robots":{"index":"index","follow":"follow","max-snippet":"max-snippet:-1","max-image-preview":"max-image-preview:large","max-video-preview":"max-video-preview:-1"},"canonical":"https:\/\/lunayatravel.com\/en\/product\/\ud83c\udf34-koh-tao-premium-koh-nang-yuan-snorkeling-25-personnes-max\/","og_locale":"en_GB","og_type":"article","og_title":"\ud83c\udf34 Koh Tao Premium \u2013 Koh Nang Yuan & Snorkeling (25 personnes max) -","og_description":"\ud83d\udccd D\u00e9part de Koh Tao\ud83d\udea4 Bateau haut de gamme avec 5 spots de snorkeling + Koh Nang Yuan     \ud83c\udf1f Moments forts    \ud83c\udf3a Excursion Premium en petit groupe : maximum 25 personnes \u00e0 bord    \ud83c\udfdd\ufe0f Explorez Koh Nang Yuan, l\u2019\u00eele paradisiaque aux ponts de sable    \ud83d\udc20 Plong\u00e9e en apn\u00e9e \u00e0 5 sites incroyables : Mango Bay, Hin Wong, Ao Leuk, Ao Chalam, Japanese Garden    \ud83e\uddc3 D\u00e9jeuner, fruits et boissons inclus \u00e0 bord    \ud83d\ude90 Transfert aller-retour \u00e0 votre h\u00f4tel inclus    \ud83d\udc22 Possibilit\u00e9 de croiser des tortues et des requins \u00e0 pointes noires","og_url":"https:\/\/lunayatravel.com\/en\/product\/\ud83c\udf34-koh-tao-premium-koh-nang-yuan-snorkeling-25-personnes-max\/","article_publisher":"https:\/\/www.facebook.com\/lunayaTravel\/","article_modified_time":"2026-01-31T05:55:46+00:00","og_image":[{"width":720,"height":540,"url":"https:\/\/lunayatravel.com\/wp-content\/uploads\/2025\/07\/OxygenPremium15.webp","type":"image\/webp"}],"twitter_card":"summary_large_image","twitter_misc":{"Estimated reading time":"1 minute"},"schema":{"@context":"https:\/\/schema.org","@graph":[{"@type":"WebPage","@id":"https:\/\/lunayatravel.com\/produit\/%f0%9f%8c%b4-koh-tao-premium-koh-nang-yuan-snorkeling-25-personnes-max\/","url":"https:\/\/lunayatravel.com\/produit\/%f0%9f%8c%b4-koh-tao-premium-koh-nang-yuan-snorkeling-25-personnes-max\/","name":"\ud83c\udf34 Koh Tao Premium \u2013 Koh Nang Yuan & Snorkeling (25 personnes max) -","isPartOf":{"@id":"https:\/\/lunayatravel.com\/#website"},"primaryImageOfPage":{"@id":"https:\/\/lunayatravel.com\/produit\/%f0%9f%8c%b4-koh-tao-premium-koh-nang-yuan-snorkeling-25-personnes-max\/#primaryimage"},"image":{"@id":"https:\/\/lunayatravel.com\/produit\/%f0%9f%8c%b4-koh-tao-premium-koh-nang-yuan-snorkeling-25-personnes-max\/#primaryimage"},"thumbnailUrl":"https:\/\/lunayatravel.com\/wp-content\/uploads\/2025\/07\/OxygenPremium15.webp","datePublished":"2025-07-26T09:17:37+00:00","dateModified":"2026-01-31T05:55:46+00:00","breadcrumb":{"@id":"https:\/\/lunayatravel.com\/produit\/%f0%9f%8c%b4-koh-tao-premium-koh-nang-yuan-snorkeling-25-personnes-max\/#breadcrumb"},"inLanguage":"en-GB","potentialAction":[{"@type":"ReadAction","target":["https:\/\/lunayatravel.com\/produit\/%f0%9f%8c%b4-koh-tao-premium-koh-nang-yuan-snorkeling-25-personnes-max\/"]}]},{"@type":"ImageObject","inLanguage":"en-GB","@id":"https:\/\/lunayatravel.com\/produit\/%f0%9f%8c%b4-koh-tao-premium-koh-nang-yuan-snorkeling-25-personnes-max\/#primaryimage","url":"https:\/\/lunayatravel.com\/wp-content\/uploads\/2025\/07\/OxygenPremium15.webp","contentUrl":"https:\/\/lunayatravel.com\/wp-content\/uploads\/2025\/07\/OxygenPremium15.webp","width":720,"height":540},{"@type":"BreadcrumbList","@id":"https:\/\/lunayatravel.com\/produit\/%f0%9f%8c%b4-koh-tao-premium-koh-nang-yuan-snorkeling-25-personnes-max\/#breadcrumb","itemListElement":[{"@type":"ListItem","position":1,"name":"Accueil","item":"https:\/\/lunayatravel.com\/"},{"@type":"ListItem","position":2,"name":"Nos activit\u00e9s","item":"https:\/\/lunayatravel.com\/nos-activites\/"},{"@type":"ListItem","position":3,"name":"\ud83c\udf34 Koh Tao Premium \u2013 Koh Nang Yuan &#038; Snorkeling (25 personnes max)"}]},{"@type":"WebSite","@id":"https:\/\/lunayatravel.com\/#website","url":"https:\/\/lunayatravel.com\/","name":"","description":"","publisher":{"@id":"https:\/\/lunayatravel.com\/#organization"},"potentialAction":[{"@type":"SearchAction","target":{"@type":"EntryPoint","urlTemplate":"https:\/\/lunayatravel.com\/?s={search_term_string}"},"query-input":{"@type":"PropertyValueSpecification","valueRequired":true,"valueName":"search_term_string"}}],"inLanguage":"en-GB"},{"@type":"Organization","@id":"https:\/\/lunayatravel.com\/#organization","name":"Lunaya travel","alternateName":"Lunaya travel","url":"https:\/\/lunayatravel.com\/","logo":{"@type":"ImageObject","inLanguage":"en-GB","@id":"https:\/\/lunayatravel.com\/#\/schema\/logo\/image\/","url":"https:\/\/lunayatravel.com\/wp-content\/uploads\/2026\/03\/cropped-647319118_2379115739204013_337015058165053143_n.jpg","contentUrl":"https:\/\/lunayatravel.com\/wp-content\/uploads\/2026\/03\/cropped-647319118_2379115739204013_337015058165053143_n.jpg","width":1022,"height":1023,"caption":"Lunaya travel"},"image":{"@id":"https:\/\/lunayatravel.com\/#\/schema\/logo\/image\/"},"sameAs":["https:\/\/www.facebook.com\/lunayaTravel\/"]}]}},"uagb_featured_image_src":{"full":["https:\/\/lunayatravel.com\/wp-content\/uploads\/2025\/07\/OxygenPremium15.webp",720,540,false],"thumbnail":["https:\/\/lunayatravel.com\/wp-content\/uploads\/2025\/07\/OxygenPremium15-150x150.webp",150,150,true],"medium":["https:\/\/lunayatravel.com\/wp-content\/uploads\/2025\/07\/OxygenPremium15-300x225.webp",300,225,true],"medium_large":["https:\/\/lunayatravel.com\/wp-content\/uploads\/2025\/07\/OxygenPremium15.webp",720,540,false],"large":["https:\/\/lunayatravel.com\/wp-content\/uploads\/2025\/07\/OxygenPremium15.webp",720,540,false],"1536x1536":["https:\/\/lunayatravel.com\/wp-content\/uploads\/2025\/07\/OxygenPremium15.webp",720,540,false],"2048x2048":["https:\/\/lunayatravel.com\/wp-content\/uploads\/2025\/07\/OxygenPremium15.webp",720,540,false],"trp-custom-language-flag":["https:\/\/lunayatravel.com\/wp-content\/uploads\/2025\/07\/OxygenPremium15.webp",16,12,false],"widget-thumbnail":["https:\/\/lunayatravel.com\/wp-content\/uploads\/2025\/07\/OxygenPremium15-75x75.webp",75,75,true],"mailpoet_newsletter_max":["https:\/\/lunayatravel.com\/wp-content\/uploads\/2025\/07\/OxygenPremium15.webp",720,540,false],"woocommerce_thumbnail":["https:\/\/lunayatravel.com\/wp-content\/uploads\/2025\/07\/OxygenPremium15-300x300.webp",300,300,true],"woocommerce_single":["https:\/\/lunayatravel.com\/wp-content\/uploads\/2025\/07\/OxygenPremium15-600x450.webp",600,450,true],"woocommerce_gallery_thumbnail":["https:\/\/lunayatravel.com\/wp-content\/uploads\/2025\/07\/OxygenPremium15-100x100.webp",100,100,true],"sow-carousel-default":["https:\/\/lunayatravel.com\/wp-content\/uploads\/2025\/07\/OxygenPremium15-272x182.webp",272,182,true]},"uagb_author_info":{"display_name":"haemers stephanie","author_link":"https:\/\/lunayatravel.com\/en\/author\/"},"uagb_comment_info":0,"uagb_excerpt":"\ud83d\udccd D\u00e9part de Koh Tao\ud83d\udea4 Bateau haut de gamme avec 5 spots de snorkeling + Koh Nang Yuan \ud83c\udf1f Moments forts \ud83c\udf3a Excursion Premium en petit groupe : maximum 25 personnes \u00e0 bord \ud83c\udfdd\ufe0f Explorez Koh Nang Yuan, l\u2019\u00eele paradisiaque aux ponts de sable \ud83d\udc20 Plong\u00e9e en apn\u00e9e \u00e0 5 sites incroyables : Mango Bay,&hellip;","jetpack_sharing_enabled":true,"_links":{"self":[{"href":"https:\/\/lunayatravel.com\/en\/wp-json\/wp\/v2\/product\/30073","targetHints":{"allow":["GET"]}}],"collection":[{"href":"https:\/\/lunayatravel.com\/en\/wp-json\/wp\/v2\/product"}],"about":[{"href":"https:\/\/lunayatravel.com\/en\/wp-json\/wp\/v2\/types\/product"}],"replies":[{"embeddable":true,"href":"https:\/\/lunayatravel.com\/en\/wp-json\/wp\/v2\/comments?post=30073"}],"wp:featuredmedia":[{"embeddable":true,"href":"https:\/\/lunayatravel.com\/en\/wp-json\/wp\/v2\/media\/30074"}],"wp:attachment":[{"href":"https:\/\/lunayatravel.com\/en\/wp-json\/wp\/v2\/media?parent=30073"}],"wp:term":[{"taxonomy":"product_brand","embeddable":true,"href":"https:\/\/lunayatravel.com\/en\/wp-json\/wp\/v2\/product_brand?post=30073"},{"taxonomy":"product_cat","embeddable":true,"href":"https:\/\/lunayatravel.com\/en\/wp-json\/wp\/v2\/product_cat?post=30073"},{"taxonomy":"product_tag","embeddable":true,"href":"https:\/\/lunayatravel.com\/en\/wp-json\/wp\/v2\/product_tag?post=30073"}],"curies":[{"name":"wp","href":"https:\/\/api.w.org\/{rel}","templated":true}]}}