{"id":30049,"date":"2025-07-26T09:57:39","date_gmt":"2025-07-26T07:57:39","guid":{"rendered":"https:\/\/itctoursvoyages.com\/?post_type=product&#038;p=30049"},"modified":"2026-04-08T05:50:16","modified_gmt":"2026-04-08T03:50:16","slug":"mahanakhon-skywalk-bangkok","status":"publish","type":"product","link":"https:\/\/lunayatravel.com\/en\/product\/mahanakhon-skywalk-bangkok\/","title":{"rendered":"Mahanakhon SkyWalk \u2013 310-metre panoramic viewpoint in Bangkok"},"content":{"rendered":"<p data-start=\"930\" data-end=\"1022\">.<\/p>\n<div class=\"no-scrollbar flex min-h-36 flex-nowrap gap-0.5 overflow-auto sm:gap-1 sm:overflow-hidden xl:min-h-44 mt-1 mb-5 [&amp;:not(:first-child)]:mt-4\">\n<div class=\"border-token-border-default relative w-32 shrink-0 overflow-hidden rounded-xl border-[0.5px] md:shrink max-h-64 sm:w-[calc((100%-0.5rem)\/3)] rounded-s-xl\">\n<div class=\"group\/search-image @container\/search-image relative rounded-[inherit] h-full w-full\">\n<div><img loading=\"lazy\" decoding=\"async\" class=\"bg-token-main-surface-tertiary m-0 h-full w-full object-cover alignnone\" src=\"https:\/\/staybook.in\/_next\/image?q=75&amp;url=https%3A%2F%2Fcdn-imgix.headout.com%2Fmedia%2Fimages%2Fadf4b398df463e2b7820ee475fc74590-1.jpg%3Fw%3D1120%26h%3D630%26crop%3Dfaces%26auto%3Dcompress%252Cformat%26fit%3Dmin&amp;w=828\" alt=\"Mahanakhon SkyWalk\" width=\"828\" height=\"466\" \/><\/div>\n<\/div>\n<\/div>\n<\/div>\n<p data-start=\"232\" data-end=\"363\"><strong data-start=\"232\" data-end=\"361\">Vivez une exp\u00e9rience spectaculaire au sommet de Bangkok avec le Mahanakhon SkyWalk, l\u2019observatoire le plus haut de Tha\u00eflande.<\/strong><\/p>\n<p data-start=\"365\" data-end=\"492\">Entre vue panoramique, sensation forte et rooftop \u00e9l\u00e9gant, cette activit\u00e9 est incontournable pour d\u00e9couvrir la ville autrement.<\/p>\n<hr data-start=\"494\" data-end=\"497\" \/>\n<h2 data-section-id=\"2qk8t3\" data-start=\"499\" data-end=\"549\">\u00a0Pourquoi visiter le Mahanakhon SkyWalk ?<\/h2>\n<ul data-start=\"551\" data-end=\"755\">\n<li data-section-id=\"126mn18\" data-start=\"551\" data-end=\"589\">Vue panoramique \u00e0 360\u00b0 sur Bangkok<\/li>\n<li data-section-id=\"1vi30ue\" data-start=\"590\" data-end=\"637\">Plateforme en verre \u00e0 310 m\u00e8tres de hauteur<\/li>\n<li data-section-id=\"6yr2je\" data-start=\"638\" data-end=\"683\">Rooftop parmi les plus hauts de Tha\u00eflande<\/li>\n<li data-section-id=\"mqqj3v\" data-start=\"684\" data-end=\"711\">Acc\u00e8s coupe-file inclus<\/li>\n<li data-section-id=\"pyfyhw\" data-start=\"712\" data-end=\"755\">Exp\u00e9rience unique de jour comme de nuit<\/li>\n<\/ul>\n<hr data-start=\"757\" data-end=\"760\" \/>\n<h2 data-section-id=\"fys4yn\" data-start=\"762\" data-end=\"790\">\u00a0Ce qui vous attend<\/h2>\n<h3 data-section-id=\"11k5dr8\" data-start=\"792\" data-end=\"818\">\u00a0Acc\u00e8s au sommet<\/h3>\n<div class=\"no-scrollbar flex min-h-36 flex-nowrap gap-0.5 overflow-auto sm:gap-1 sm:overflow-hidden xl:min-h-44 mt-1 mb-5 [&amp;:not(:first-child)]:mt-4\">\n<div class=\"border-token-border-default relative w-32 shrink-0 overflow-hidden rounded-xl border-[0.5px] md:shrink max-h-64 sm:w-[calc((100%-0.5rem)\/3)] rounded-s-xl\">\n<div class=\"group\/search-image @container\/search-image relative rounded-[inherit] h-full w-full\">\n<div><img loading=\"lazy\" decoding=\"async\" class=\"bg-token-main-surface-tertiary m-0 h-full w-full object-cover alignnone\" src=\"https:\/\/kpmn-wp.s3.ap-southeast-1.amazonaws.com\/dev\/2018\/11\/27154718\/05-500x500.jpg\" alt=\"Mahanakhon SkyWalk\" width=\"500\" height=\"500\" \/><\/div>\n<\/div>\n<\/div>\n<div class=\"border-token-border-default relative w-32 shrink-0 overflow-hidden rounded-xl border-[0.5px] md:shrink max-h-64 sm:w-[calc((100%-0.5rem)\/3)]\">\n<div class=\"group\/search-image @container\/search-image relative rounded-[inherit] h-full w-full\">\n<div><\/div>\n<\/div>\n<\/div>\n<div class=\"border-token-border-default relative w-32 shrink-0 overflow-hidden rounded-xl border-[0.5px] md:shrink max-h-64 sm:w-[calc((100%-0.5rem)\/3)] rounded-e-xl\">\n<div class=\"group\/search-image @container\/search-image relative rounded-[inherit] h-full w-full\">\n<div><\/div>\n<div class=\"pointer-events-none absolute inset-x-2 bottom-2 z-0 flex max-w-[calc(100%-1rem)] flex-wrap items-end justify-end gap-1.5\">\n<div class=\"shrink-0\">\n<div class=\"flex items-center gap-1 rounded-full px-2 py-1.5 text-white backdrop-blur-md backdrop-brightness-75\"><\/div>\n<\/div>\n<\/div>\n<\/div>\n<\/div>\n<\/div>\n<p data-start=\"862\" data-end=\"965\">Montez jusqu\u2019au sommet du King Power Mahanakhon, l\u2019un des b\u00e2timents les plus embl\u00e9matiques de la ville.<\/p>\n<p data-start=\"967\" data-end=\"1009\"><span class=\"hover:entity-accent entity-underline inline cursor-pointer align-baseline\"><span class=\"whitespace-normal\">King Power Mahanakhon<\/span><\/span><\/p>\n<hr data-start=\"1011\" data-end=\"1014\" \/>\n<h3 data-section-id=\"1v2hj42\" data-start=\"1016\" data-end=\"1059\">Plateforme en verre \u00e0 310 m\u00e8tres<\/h3>\n<div class=\"no-scrollbar flex min-h-36 flex-nowrap gap-0.5 overflow-auto sm:gap-1 sm:overflow-hidden xl:min-h-44 mt-1 mb-5 [&amp;:not(:first-child)]:mt-4\">\n<div class=\"border-token-border-default relative w-32 shrink-0 overflow-hidden rounded-xl border-[0.5px] md:shrink max-h-64 sm:w-[calc((100%-0.5rem)\/3)] rounded-s-xl\">\n<div class=\"group\/search-image @container\/search-image relative rounded-[inherit] h-full w-full\">\n<div><img loading=\"lazy\" decoding=\"async\" class=\"bg-token-main-surface-tertiary m-0 h-full w-full object-cover alignnone\" src=\"https:\/\/cdn-imgix.headout.com\/media\/images\/ef248527c73fea5aad93694eb7805d1c-23567-bangkok-tickets-to-mahanakhon-skywalk-with-optional-drinks---meal-01.jpg?ar=16%3A10&amp;auto=compress%2Cformat&amp;crop=faces%2Ccenter&amp;fit=crop&amp;h=562.5&amp;q=90&amp;w=900\" alt=\"Mahanakhon SkyWalk\" width=\"900\" height=\"563\" \/><\/div>\n<\/div>\n<\/div>\n<\/div>\n<p data-start=\"1103\" data-end=\"1174\">Marchez sur l\u2019un des plus grands planchers en verre suspendus au monde.<\/p>\n<p data-start=\"1103\" data-end=\"1174\">\u00a0Sensation garantie avec vue directe sur la ville en contrebas.<\/p>\n<hr data-start=\"1243\" data-end=\"1246\" \/>\n<h3 data-section-id=\"m49x4m\" data-start=\"1248\" data-end=\"1286\">\u00a0Vue panoramique sur Bangkok<\/h3>\n<p data-start=\"1330\" data-end=\"1370\">Admirez Bangkok sous tous les angles :<\/p>\n<ul data-start=\"1372\" data-end=\"1427\">\n<li data-section-id=\"1e7yzb\" data-start=\"1372\" data-end=\"1387\">Gratte-ciel<\/li>\n<li data-section-id=\"1s2e8hj\" data-start=\"1388\" data-end=\"1410\">Fleuve Chao Phraya<\/li>\n<li data-section-id=\"12z86s5\" data-start=\"1411\" data-end=\"1427\">Ville anim\u00e9e<\/li>\n<\/ul>\n<p data-start=\"1429\" data-end=\"1471\">Id\u00e9al pour photos et coucher de soleil.<\/p>\n<hr data-start=\"1473\" data-end=\"1476\" \/>\n<h3 data-section-id=\"1xi258q\" data-start=\"1478\" data-end=\"1507\">\u00a0Rooftop &amp; cocktail<\/h3>\n<p data-start=\"1551\" data-end=\"1611\">Terminez votre visite avec un verre au rooftop du 78e \u00e9tage.<\/p>\n<p data-start=\"1613\" data-end=\"1657\">Une ambiance unique au sommet de Bangkok.<\/p>\n<hr data-start=\"1659\" data-end=\"1662\" \/>\n<h2 data-section-id=\"m50aq\" data-start=\"1664\" data-end=\"1691\">\u00a0Ce qui est inclus<\/h2>\n<ul data-start=\"1693\" data-end=\"1802\">\n<li data-section-id=\"1eltiud\" data-start=\"1693\" data-end=\"1725\">Entr\u00e9e au Mahanakhon SkyWalk<\/li>\n<li data-section-id=\"1snlzh1\" data-start=\"1726\" data-end=\"1746\">Acc\u00e8s coupe-file<\/li>\n<li data-section-id=\"1xfzzfh\" data-start=\"1747\" data-end=\"1781\">Acc\u00e8s \u00e0 la plateforme en verre<\/li>\n<li data-section-id=\"1i6k0gp\" data-start=\"1782\" data-end=\"1802\">Acc\u00e8s au rooftop<\/li>\n<\/ul>\n<hr data-start=\"1804\" data-end=\"1807\" \/>\n<h2 data-section-id=\"fnnlp2\" data-start=\"1809\" data-end=\"1841\">\u00a0Informations pratiques<\/h2>\n<ul data-start=\"1843\" data-end=\"1969\">\n<li data-section-id=\"3vvfjz\" data-start=\"1843\" data-end=\"1867\">Hauteur : 310 m\u00e8tres<\/li>\n<li data-section-id=\"1ij7tjf\" data-start=\"1868\" data-end=\"1897\">Acc\u00e8s direct sans attente<\/li>\n<li data-section-id=\"i8phli\" data-start=\"1898\" data-end=\"1938\">Activit\u00e9 possible de jour ou de nuit<\/li>\n<li data-section-id=\"1fztgvl\" data-start=\"1939\" data-end=\"1969\">Id\u00e9al au coucher du soleil<\/li>\n<\/ul>\n<hr data-start=\"1971\" data-end=\"1974\" \/>\n<h2 data-section-id=\"9803m\" data-start=\"1976\" data-end=\"2019\">\u00a0Conseils pour profiter au maximum<\/h2>\n<ul data-start=\"2021\" data-end=\"2173\">\n<li data-section-id=\"1wfsqtc\" data-start=\"2021\" data-end=\"2074\">Venir en fin de journ\u00e9e pour le coucher de soleil<\/li>\n<li data-section-id=\"nxv45l\" data-start=\"2075\" data-end=\"2102\">Apporter appareil photo<\/li>\n<li data-section-id=\"py2vk9\" data-start=\"2103\" data-end=\"2132\">Pr\u00e9voir tenue confortable<\/li>\n<li data-section-id=\"153m411\" data-start=\"2133\" data-end=\"2173\">\u00c9viter les heures de forte affluence<\/li>\n<\/ul>\n","protected":false},"excerpt":{"rendered":"<h3 data-section-id=\"ys86yn\" data-start=\"57\" data-end=\"71\">Timetable<\/h3>\n<ul data-start=\"73\" data-end=\"196\">\n<li data-section-id=\"7bo0vy\" data-start=\"73\" data-end=\"133\">Tous les jours : 10h00 \u00e0 19h00 (derni\u00e8re entr\u00e9e : 18h30)<\/li>\n<li data-section-id=\"1mkv8vz\" data-start=\"134\" data-end=\"196\">Thai Taste Hub : 10h00 \u00e0 20h30 (derni\u00e8re commande : 19h30)<\/li>\n<\/ul>\n<hr data-start=\"198\" data-end=\"201\" \/>\n<h3 data-section-id=\"qzi0a\" data-start=\"203\" data-end=\"228\">Included in the price<\/h3>\n<ul data-start=\"230\" data-end=\"445\">\n<li data-section-id=\"1f4wjfx\" data-start=\"230\" data-end=\"270\">Entr\u00e9e directe au Mahanakhon SkyWalk<\/li>\n<li data-section-id=\"1tfhl1f\" data-start=\"271\" data-end=\"300\">Acc\u00e8s au plateau en verre<\/li>\n<li data-section-id=\"1fp9gfo\" data-start=\"301\" data-end=\"336\">Acc\u00e8s au Sky Deck et au rooftop<\/li>\n<li data-section-id=\"hqebhq\" data-start=\"337\" data-end=\"391\">Mont\u00e9e rapide avec ascenseurs multim\u00e9dia immersifs<\/li>\n<li data-section-id=\"8avdas\" data-start=\"392\" data-end=\"445\">Vue panoramique sur Bangkok de jour comme de nuit<\/li>\n<\/ul>\n<hr data-start=\"447\" data-end=\"450\" \/>\n<h3 data-section-id=\"1o311nw\" data-start=\"452\" data-end=\"476\">How to get there<\/h3>\n<ul data-start=\"478\" data-end=\"596\">\n<li data-section-id=\"13pogms\" data-start=\"478\" data-end=\"543\">Station BTS Chong Nonsi \u2013 sortie 3 (acc\u00e8s direct au b\u00e2timent)<\/li>\n<li data-section-id=\"1sm0v0i\" data-start=\"544\" data-end=\"596\">Parking disponible pour les visiteurs en voiture<\/li>\n<\/ul>\n<hr data-start=\"598\" data-end=\"601\" \/>\n<h3 data-section-id=\"13qnqu7\" data-start=\"603\" data-end=\"628\">Areas to discover<\/h3>\n<ul data-start=\"630\" data-end=\"902\">\n<li data-section-id=\"vbn0an\" data-start=\"630\" data-end=\"701\">74e \u00e9tage : salle d\u2019observation int\u00e9rieure (capacit\u00e9 300 personnes)<\/li>\n<li data-section-id=\"1yjnjfq\" data-start=\"702\" data-end=\"766\">75e \u00e9tage : mezzanine et animations (capacit\u00e9 150 personnes)<\/li>\n<li data-section-id=\"8uaok2\" data-start=\"767\" data-end=\"835\">78e \u00e9tage : plateau en verre et rooftop (capacit\u00e9 250 personnes)<\/li>\n<li data-section-id=\"m6nszc\" data-start=\"836\" data-end=\"902\">1er \u00e9tage : hall num\u00e9rique et accueil (capacit\u00e9 300 personnes)<\/li>\n<\/ul>","protected":false},"featured_media":30052,"comment_status":"open","ping_status":"closed","template":"","meta":{"_uag_custom_page_level_css":""},"product_brand":[],"product_cat":[34],"product_tag":[],"class_list":{"0":"post-30049","1":"product","2":"type-product","3":"status-publish","4":"has-post-thumbnail","6":"product_cat-bangkok","8":"first","9":"instock","10":"virtual","11":"taxable","12":"purchasable","13":"product-type-simple"},"yoast_head":"<!-- This site is optimized with the Yoast SEO plugin v27.1.1 - https:\/\/yoast.com\/product\/yoast-seo-wordpress\/ -->\n<title>Mahanakhon SkyWalk \u2013 Vue panoramique \u00e0 310 m\u00e8tres \u00e0 Bangkok -<\/title>\n<meta name=\"description\" content=\"Mahanakhon SkyWalk Bangkok : plateforme en verre \u00e0 310 m, vue panoramique et rooftop. Exp\u00e9rience unique au sommet de la ville.\" \/>\n<meta name=\"robots\" content=\"index, follow, max-snippet:-1, max-image-preview:large, max-video-preview:-1\" \/>\n<link rel=\"canonical\" href=\"https:\/\/lunayatravel.com\/en\/product\/mahanakhon-skywalk-bangkok\/\" \/>\n<meta property=\"og:locale\" content=\"en_GB\" \/>\n<meta property=\"og:type\" content=\"article\" \/>\n<meta property=\"og:title\" content=\"Mahanakhon SkyWalk \u2013 Vue panoramique \u00e0 310 m\u00e8tres \u00e0 Bangkok -\" \/>\n<meta property=\"og:description\" content=\"Mahanakhon SkyWalk Bangkok : plateforme en verre \u00e0 310 m, vue panoramique et rooftop. Exp\u00e9rience unique au sommet de la ville.\" \/>\n<meta property=\"og:url\" content=\"https:\/\/lunayatravel.com\/en\/product\/mahanakhon-skywalk-bangkok\/\" \/>\n<meta property=\"article:publisher\" content=\"https:\/\/www.facebook.com\/lunayaTravel\/\" \/>\n<meta property=\"article:modified_time\" content=\"2026-04-08T03:50:16+00:00\" \/>\n<meta property=\"og:image\" content=\"https:\/\/lunayatravel.com\/wp-content\/uploads\/2025\/07\/KPMN_Building5.webp\" \/>\n\t<meta property=\"og:image:width\" content=\"720\" \/>\n\t<meta property=\"og:image:height\" content=\"540\" \/>\n\t<meta property=\"og:image:type\" content=\"image\/webp\" \/>\n<meta name=\"twitter:card\" content=\"summary_large_image\" \/>\n<meta name=\"twitter:label1\" content=\"Estimated reading time\" \/>\n\t<meta name=\"twitter:data1\" content=\"3 minutes\" \/>\n<script type=\"application\/ld+json\" class=\"yoast-schema-graph\">{\"@context\":\"https:\/\/schema.org\",\"@graph\":[{\"@type\":\"WebPage\",\"@id\":\"https:\/\/lunayatravel.com\/produit\/mahanakhon-skywalk-bangkok\/\",\"url\":\"https:\/\/lunayatravel.com\/produit\/mahanakhon-skywalk-bangkok\/\",\"name\":\"Mahanakhon SkyWalk \u2013 Vue panoramique \u00e0 310 m\u00e8tres \u00e0 Bangkok -\",\"isPartOf\":{\"@id\":\"https:\/\/lunayatravel.com\/#website\"},\"primaryImageOfPage\":{\"@id\":\"https:\/\/lunayatravel.com\/produit\/mahanakhon-skywalk-bangkok\/#primaryimage\"},\"image\":{\"@id\":\"https:\/\/lunayatravel.com\/produit\/mahanakhon-skywalk-bangkok\/#primaryimage\"},\"thumbnailUrl\":\"https:\/\/lunayatravel.com\/wp-content\/uploads\/2025\/07\/KPMN_Building5.webp\",\"datePublished\":\"2025-07-26T07:57:39+00:00\",\"dateModified\":\"2026-04-08T03:50:16+00:00\",\"description\":\"Mahanakhon SkyWalk Bangkok : plateforme en verre \u00e0 310 m, vue panoramique et rooftop. Exp\u00e9rience unique au sommet de la ville.\",\"breadcrumb\":{\"@id\":\"https:\/\/lunayatravel.com\/produit\/mahanakhon-skywalk-bangkok\/#breadcrumb\"},\"inLanguage\":\"en-GB\",\"potentialAction\":[{\"@type\":\"ReadAction\",\"target\":[\"https:\/\/lunayatravel.com\/produit\/mahanakhon-skywalk-bangkok\/\"]}]},{\"@type\":\"ImageObject\",\"inLanguage\":\"en-GB\",\"@id\":\"https:\/\/lunayatravel.com\/produit\/mahanakhon-skywalk-bangkok\/#primaryimage\",\"url\":\"https:\/\/lunayatravel.com\/wp-content\/uploads\/2025\/07\/KPMN_Building5.webp\",\"contentUrl\":\"https:\/\/lunayatravel.com\/wp-content\/uploads\/2025\/07\/KPMN_Building5.webp\",\"width\":720,\"height\":540,\"caption\":\"Mahanakhon SkyWalk\"},{\"@type\":\"BreadcrumbList\",\"@id\":\"https:\/\/lunayatravel.com\/produit\/mahanakhon-skywalk-bangkok\/#breadcrumb\",\"itemListElement\":[{\"@type\":\"ListItem\",\"position\":1,\"name\":\"Accueil\",\"item\":\"https:\/\/lunayatravel.com\/\"},{\"@type\":\"ListItem\",\"position\":2,\"name\":\"Nos activit\u00e9s\",\"item\":\"https:\/\/lunayatravel.com\/nos-activites\/\"},{\"@type\":\"ListItem\",\"position\":3,\"name\":\"Mahanakhon SkyWalk \u2013 Vue panoramique \u00e0 310 m\u00e8tres \u00e0 Bangkok\"}]},{\"@type\":\"WebSite\",\"@id\":\"https:\/\/lunayatravel.com\/#website\",\"url\":\"https:\/\/lunayatravel.com\/\",\"name\":\"\",\"description\":\"\",\"publisher\":{\"@id\":\"https:\/\/lunayatravel.com\/#organization\"},\"potentialAction\":[{\"@type\":\"SearchAction\",\"target\":{\"@type\":\"EntryPoint\",\"urlTemplate\":\"https:\/\/lunayatravel.com\/?s={search_term_string}\"},\"query-input\":{\"@type\":\"PropertyValueSpecification\",\"valueRequired\":true,\"valueName\":\"search_term_string\"}}],\"inLanguage\":\"en-GB\"},{\"@type\":\"Organization\",\"@id\":\"https:\/\/lunayatravel.com\/#organization\",\"name\":\"Lunaya travel\",\"alternateName\":\"Lunaya travel\",\"url\":\"https:\/\/lunayatravel.com\/\",\"logo\":{\"@type\":\"ImageObject\",\"inLanguage\":\"en-GB\",\"@id\":\"https:\/\/lunayatravel.com\/#\/schema\/logo\/image\/\",\"url\":\"https:\/\/lunayatravel.com\/wp-content\/uploads\/2026\/03\/cropped-647319118_2379115739204013_337015058165053143_n.jpg\",\"contentUrl\":\"https:\/\/lunayatravel.com\/wp-content\/uploads\/2026\/03\/cropped-647319118_2379115739204013_337015058165053143_n.jpg\",\"width\":1022,\"height\":1023,\"caption\":\"Lunaya travel\"},\"image\":{\"@id\":\"https:\/\/lunayatravel.com\/#\/schema\/logo\/image\/\"},\"sameAs\":[\"https:\/\/www.facebook.com\/lunayaTravel\/\"]}]}<\/script>\n<!-- \/ Yoast SEO plugin. -->","yoast_head_json":{"title":"Mahanakhon SkyWalk \u2013 Vue panoramique \u00e0 310 m\u00e8tres \u00e0 Bangkok -","description":"Mahanakhon SkyWalk Bangkok : plateforme en verre \u00e0 310 m, vue panoramique et rooftop. Exp\u00e9rience unique au sommet de la ville.","robots":{"index":"index","follow":"follow","max-snippet":"max-snippet:-1","max-image-preview":"max-image-preview:large","max-video-preview":"max-video-preview:-1"},"canonical":"https:\/\/lunayatravel.com\/en\/product\/mahanakhon-skywalk-bangkok\/","og_locale":"en_GB","og_type":"article","og_title":"Mahanakhon SkyWalk \u2013 Vue panoramique \u00e0 310 m\u00e8tres \u00e0 Bangkok -","og_description":"Mahanakhon SkyWalk Bangkok : plateforme en verre \u00e0 310 m, vue panoramique et rooftop. Exp\u00e9rience unique au sommet de la ville.","og_url":"https:\/\/lunayatravel.com\/en\/product\/mahanakhon-skywalk-bangkok\/","article_publisher":"https:\/\/www.facebook.com\/lunayaTravel\/","article_modified_time":"2026-04-08T03:50:16+00:00","og_image":[{"width":720,"height":540,"url":"https:\/\/lunayatravel.com\/wp-content\/uploads\/2025\/07\/KPMN_Building5.webp","type":"image\/webp"}],"twitter_card":"summary_large_image","twitter_misc":{"Estimated reading time":"3 minutes"},"schema":{"@context":"https:\/\/schema.org","@graph":[{"@type":"WebPage","@id":"https:\/\/lunayatravel.com\/produit\/mahanakhon-skywalk-bangkok\/","url":"https:\/\/lunayatravel.com\/produit\/mahanakhon-skywalk-bangkok\/","name":"Mahanakhon SkyWalk \u2013 Vue panoramique \u00e0 310 m\u00e8tres \u00e0 Bangkok -","isPartOf":{"@id":"https:\/\/lunayatravel.com\/#website"},"primaryImageOfPage":{"@id":"https:\/\/lunayatravel.com\/produit\/mahanakhon-skywalk-bangkok\/#primaryimage"},"image":{"@id":"https:\/\/lunayatravel.com\/produit\/mahanakhon-skywalk-bangkok\/#primaryimage"},"thumbnailUrl":"https:\/\/lunayatravel.com\/wp-content\/uploads\/2025\/07\/KPMN_Building5.webp","datePublished":"2025-07-26T07:57:39+00:00","dateModified":"2026-04-08T03:50:16+00:00","description":"Mahanakhon SkyWalk Bangkok : plateforme en verre \u00e0 310 m, vue panoramique et rooftop. Exp\u00e9rience unique au sommet de la ville.","breadcrumb":{"@id":"https:\/\/lunayatravel.com\/produit\/mahanakhon-skywalk-bangkok\/#breadcrumb"},"inLanguage":"en-GB","potentialAction":[{"@type":"ReadAction","target":["https:\/\/lunayatravel.com\/produit\/mahanakhon-skywalk-bangkok\/"]}]},{"@type":"ImageObject","inLanguage":"en-GB","@id":"https:\/\/lunayatravel.com\/produit\/mahanakhon-skywalk-bangkok\/#primaryimage","url":"https:\/\/lunayatravel.com\/wp-content\/uploads\/2025\/07\/KPMN_Building5.webp","contentUrl":"https:\/\/lunayatravel.com\/wp-content\/uploads\/2025\/07\/KPMN_Building5.webp","width":720,"height":540,"caption":"Mahanakhon SkyWalk"},{"@type":"BreadcrumbList","@id":"https:\/\/lunayatravel.com\/produit\/mahanakhon-skywalk-bangkok\/#breadcrumb","itemListElement":[{"@type":"ListItem","position":1,"name":"Accueil","item":"https:\/\/lunayatravel.com\/"},{"@type":"ListItem","position":2,"name":"Nos activit\u00e9s","item":"https:\/\/lunayatravel.com\/nos-activites\/"},{"@type":"ListItem","position":3,"name":"Mahanakhon SkyWalk \u2013 Vue panoramique \u00e0 310 m\u00e8tres \u00e0 Bangkok"}]},{"@type":"WebSite","@id":"https:\/\/lunayatravel.com\/#website","url":"https:\/\/lunayatravel.com\/","name":"","description":"","publisher":{"@id":"https:\/\/lunayatravel.com\/#organization"},"potentialAction":[{"@type":"SearchAction","target":{"@type":"EntryPoint","urlTemplate":"https:\/\/lunayatravel.com\/?s={search_term_string}"},"query-input":{"@type":"PropertyValueSpecification","valueRequired":true,"valueName":"search_term_string"}}],"inLanguage":"en-GB"},{"@type":"Organization","@id":"https:\/\/lunayatravel.com\/#organization","name":"Lunaya travel","alternateName":"Lunaya travel","url":"https:\/\/lunayatravel.com\/","logo":{"@type":"ImageObject","inLanguage":"en-GB","@id":"https:\/\/lunayatravel.com\/#\/schema\/logo\/image\/","url":"https:\/\/lunayatravel.com\/wp-content\/uploads\/2026\/03\/cropped-647319118_2379115739204013_337015058165053143_n.jpg","contentUrl":"https:\/\/lunayatravel.com\/wp-content\/uploads\/2026\/03\/cropped-647319118_2379115739204013_337015058165053143_n.jpg","width":1022,"height":1023,"caption":"Lunaya travel"},"image":{"@id":"https:\/\/lunayatravel.com\/#\/schema\/logo\/image\/"},"sameAs":["https:\/\/www.facebook.com\/lunayaTravel\/"]}]}},"uagb_featured_image_src":{"full":["https:\/\/lunayatravel.com\/wp-content\/uploads\/2025\/07\/KPMN_Building5.webp",720,540,false],"thumbnail":["https:\/\/lunayatravel.com\/wp-content\/uploads\/2025\/07\/KPMN_Building5-150x150.webp",150,150,true],"medium":["https:\/\/lunayatravel.com\/wp-content\/uploads\/2025\/07\/KPMN_Building5-300x225.webp",300,225,true],"medium_large":["https:\/\/lunayatravel.com\/wp-content\/uploads\/2025\/07\/KPMN_Building5.webp",720,540,false],"large":["https:\/\/lunayatravel.com\/wp-content\/uploads\/2025\/07\/KPMN_Building5.webp",720,540,false],"1536x1536":["https:\/\/lunayatravel.com\/wp-content\/uploads\/2025\/07\/KPMN_Building5.webp",720,540,false],"2048x2048":["https:\/\/lunayatravel.com\/wp-content\/uploads\/2025\/07\/KPMN_Building5.webp",720,540,false],"trp-custom-language-flag":["https:\/\/lunayatravel.com\/wp-content\/uploads\/2025\/07\/KPMN_Building5.webp",16,12,false],"widget-thumbnail":["https:\/\/lunayatravel.com\/wp-content\/uploads\/2025\/07\/KPMN_Building5-75x75.webp",75,75,true],"mailpoet_newsletter_max":["https:\/\/lunayatravel.com\/wp-content\/uploads\/2025\/07\/KPMN_Building5.webp",720,540,false],"woocommerce_thumbnail":["https:\/\/lunayatravel.com\/wp-content\/uploads\/2025\/07\/KPMN_Building5-300x300.webp",300,300,true],"woocommerce_single":["https:\/\/lunayatravel.com\/wp-content\/uploads\/2025\/07\/KPMN_Building5-600x450.webp",600,450,true],"woocommerce_gallery_thumbnail":["https:\/\/lunayatravel.com\/wp-content\/uploads\/2025\/07\/KPMN_Building5-100x100.webp",100,100,true],"sow-carousel-default":["https:\/\/lunayatravel.com\/wp-content\/uploads\/2025\/07\/KPMN_Building5-272x182.webp",272,182,true]},"uagb_author_info":{"display_name":"haemers stephanie","author_link":"https:\/\/lunayatravel.com\/en\/author\/"},"uagb_comment_info":0,"uagb_excerpt":"Horaires Tous les jours : 10h00 \u00e0 19h00 (derni\u00e8re entr\u00e9e : 18h30) Thai Taste Hub : 10h00 \u00e0 20h30 (derni\u00e8re commande : 19h30) Inclus dans le prix Entr\u00e9e directe au Mahanakhon SkyWalk Acc\u00e8s au plateau en verre Acc\u00e8s au Sky Deck et au rooftop Mont\u00e9e rapide avec ascenseurs multim\u00e9dia immersifs Vue panoramique sur Bangkok de&hellip;","jetpack_sharing_enabled":true,"_links":{"self":[{"href":"https:\/\/lunayatravel.com\/en\/wp-json\/wp\/v2\/product\/30049","targetHints":{"allow":["GET"]}}],"collection":[{"href":"https:\/\/lunayatravel.com\/en\/wp-json\/wp\/v2\/product"}],"about":[{"href":"https:\/\/lunayatravel.com\/en\/wp-json\/wp\/v2\/types\/product"}],"replies":[{"embeddable":true,"href":"https:\/\/lunayatravel.com\/en\/wp-json\/wp\/v2\/comments?post=30049"}],"wp:featuredmedia":[{"embeddable":true,"href":"https:\/\/lunayatravel.com\/en\/wp-json\/wp\/v2\/media\/30052"}],"wp:attachment":[{"href":"https:\/\/lunayatravel.com\/en\/wp-json\/wp\/v2\/media?parent=30049"}],"wp:term":[{"taxonomy":"product_brand","embeddable":true,"href":"https:\/\/lunayatravel.com\/en\/wp-json\/wp\/v2\/product_brand?post=30049"},{"taxonomy":"product_cat","embeddable":true,"href":"https:\/\/lunayatravel.com\/en\/wp-json\/wp\/v2\/product_cat?post=30049"},{"taxonomy":"product_tag","embeddable":true,"href":"https:\/\/lunayatravel.com\/en\/wp-json\/wp\/v2\/product_tag?post=30049"}],"curies":[{"name":"wp","href":"https:\/\/api.w.org\/{rel}","templated":true}]}}