{"id":30044,"date":"2025-07-26T09:36:05","date_gmt":"2025-07-26T07:36:05","guid":{"rendered":"https:\/\/itctoursvoyages.com\/?post_type=product&#038;p=30044"},"modified":"2026-04-08T06:09:41","modified_gmt":"2026-04-08T04:09:41","slug":"%f0%9f%9a%a2-ayutthaya-en-bus-retour-en-croisiere-grand-pearl","status":"publish","type":"product","link":"https:\/\/lunayatravel.com\/en\/product\/%f0%9f%9a%a2-ayutthaya-en-bus-retour-en-croisiere-grand-pearl\/","title":{"rendered":"Ayutthaya by bus &amp; Grand Pearl cruise return"},"content":{"rendered":"<div class=\"no-scrollbar flex min-h-36 flex-nowrap gap-0.5 overflow-auto sm:gap-1 sm:overflow-hidden xl:min-h-44 mt-1 mb-5 [&amp;:not(:first-child)]:mt-4\">\n<div class=\"border-token-border-default relative w-32 shrink-0 overflow-hidden rounded-xl border-[0.5px] md:shrink max-h-64 sm:w-[calc((100%-0.5rem)\/3)] rounded-s-xl\">\n<div class=\"group\/search-image @container\/search-image relative rounded-[inherit] h-full w-full\">\n<div><\/div>\n<\/div>\n<\/div>\n<div class=\"border-token-border-default relative w-32 shrink-0 overflow-hidden rounded-xl border-[0.5px] md:shrink max-h-64 sm:w-[calc((100%-0.5rem)\/3)]\">\n<div class=\"group\/search-image @container\/search-image relative rounded-[inherit] h-full w-full\">\n<div><\/div>\n<\/div>\n<\/div>\n<div class=\"border-token-border-default relative w-32 shrink-0 overflow-hidden rounded-xl border-[0.5px] md:shrink max-h-64 sm:w-[calc((100%-0.5rem)\/3)] rounded-e-xl\">\n<div class=\"group\/search-image @container\/search-image relative rounded-[inherit] h-full w-full\">\n<div><img loading=\"lazy\" decoding=\"async\" class=\"bg-token-main-surface-tertiary m-0 h-full w-full object-cover alignnone\" src=\"https:\/\/dynamic-media-cdn.tripadvisor.com\/media\/photo-o\/11\/cc\/6d\/9a\/reclining-buddha-statue.jpg?h=-1&amp;s=1&amp;w=1200\" alt=\"Ayutthaya\" width=\"1200\" height=\"800\" \/><\/div>\n<\/div>\n<\/div>\n<\/div>\n<p data-start=\"250\" data-end=\"387\"><strong data-start=\"250\" data-end=\"385\">D\u00e9couvrez Ayutthaya, ancienne capitale du royaume de Siam, puis profitez d\u2019un retour unique en croisi\u00e8re sur le fleuve Chao Phraya.<\/strong><\/p>\n<p data-start=\"389\" data-end=\"483\">Cette excursion combine visite culturelle et moment de d\u00e9tente avec un d\u00e9jeuner buffet \u00e0 bord.<\/p>\n<hr data-start=\"485\" data-end=\"488\" \/>\n<h2 data-section-id=\"ti9pa0\" data-start=\"490\" data-end=\"544\">\u00a0Pourquoi choisir cette excursion Ayutthaya ?<\/h2>\n<ul data-start=\"546\" data-end=\"770\">\n<li data-section-id=\"1bjtt5x\" data-start=\"546\" data-end=\"598\">D\u00e9couverte des temples embl\u00e9matiques d\u2019Ayutthaya<\/li>\n<li data-section-id=\"1lczoa1\" data-start=\"599\" data-end=\"648\">Retour en croisi\u00e8re confortable sur le fleuve<\/li>\n<li data-section-id=\"16sw1yx\" data-start=\"649\" data-end=\"690\">D\u00e9jeuner buffet tha\u00ef et international<\/li>\n<li data-section-id=\"dy7vqd\" data-start=\"691\" data-end=\"731\">Organisation compl\u00e8te depuis Bangkok<\/li>\n<li data-section-id=\"stsjum\" data-start=\"732\" data-end=\"770\">Exp\u00e9rience culturelle et relaxante<\/li>\n<\/ul>\n<hr data-start=\"772\" data-end=\"775\" \/>\n<h2 data-section-id=\"1wj5s8l\" data-start=\"777\" data-end=\"810\">Programme de la journ\u00e9e<\/h2>\n<h3 data-section-id=\"1ww5rxi\" data-start=\"812\" data-end=\"844\">\u00a0D\u00e9part depuis Bangkok<\/h3>\n<p data-start=\"888\" data-end=\"994\"><strong data-start=\"888\" data-end=\"907\">06h00 \u2013 07h15 :<\/strong><br data-start=\"907\" data-end=\"910\" \/>Prise en charge \u00e0 votre h\u00f4tel (zones centrales) et transfert vers River City Mall.<\/p>\n<p data-start=\"996\" data-end=\"1038\"><span class=\"hover:entity-accent entity-underline inline cursor-pointer align-baseline\"><span class=\"whitespace-normal\">River City Bangkok<\/span><\/span><\/p>\n<p data-start=\"1040\" data-end=\"1104\"><strong data-start=\"1040\" data-end=\"1051\">08h00 :<\/strong><br data-start=\"1051\" data-end=\"1054\" \/>D\u00e9part en autocar climatis\u00e9 avec guide anglophone.<\/p>\n<hr data-start=\"1106\" data-end=\"1109\" \/>\n<h3 data-section-id=\"4v4f5i\" data-start=\"1111\" data-end=\"1152\">\u00a0Visite des temples d\u2019Ayutthaya<\/h3>\n<div class=\"no-scrollbar flex min-h-36 flex-nowrap gap-0.5 overflow-auto sm:gap-1 sm:overflow-hidden xl:min-h-44 mt-1 mb-5 [&amp;:not(:first-child)]:mt-4\">\n<div class=\"border-token-border-default relative w-32 shrink-0 overflow-hidden rounded-xl border-[0.5px] md:shrink max-h-64 sm:w-[calc((100%-0.5rem)\/3)] rounded-s-xl\">\n<div class=\"group\/search-image @container\/search-image relative rounded-[inherit] h-full w-full\">\n<div><img loading=\"lazy\" decoding=\"async\" class=\"bg-token-main-surface-tertiary m-0 h-full w-full object-cover alignnone\" src=\"https:\/\/photos.smugmug.com\/Thailand\/Ayutthaya\/i-WVJckwz\/0\/4915c724\/XL\/Ayutthaya-21-XL.jpg\" alt=\"Ayutthaya\" width=\"1024\" height=\"706\" \/><\/div>\n<\/div>\n<\/div>\n<div class=\"border-token-border-default relative w-32 shrink-0 overflow-hidden rounded-xl border-[0.5px] md:shrink max-h-64 sm:w-[calc((100%-0.5rem)\/3)]\">\n<div class=\"group\/search-image @container\/search-image relative rounded-[inherit] h-full w-full\">\n<div><\/div>\n<\/div>\n<\/div>\n<div class=\"border-token-border-default relative w-32 shrink-0 overflow-hidden rounded-xl border-[0.5px] md:shrink max-h-64 sm:w-[calc((100%-0.5rem)\/3)] rounded-e-xl\">\n<div class=\"group\/search-image @container\/search-image relative rounded-[inherit] h-full w-full\">\n<div><\/div>\n<div class=\"pointer-events-none absolute inset-x-2 bottom-2 z-0 flex max-w-[calc(100%-1rem)] flex-wrap items-end justify-end gap-1.5\">\n<div class=\"shrink-0\">\n<div class=\"flex items-center gap-1 rounded-full px-2 py-1.5 text-white backdrop-blur-md backdrop-brightness-75\"><\/div>\n<\/div>\n<\/div>\n<\/div>\n<\/div>\n<\/div>\n<p data-start=\"1196\" data-end=\"1324\"><span class=\"hover:entity-accent entity-underline inline cursor-pointer align-baseline\"><span class=\"whitespace-normal\">Wat Mahathat<\/span><\/span><br data-start=\"1236\" data-end=\"1239\" \/>\u00a0<span class=\"hover:entity-accent entity-underline inline cursor-pointer align-baseline\"><span class=\"whitespace-normal\">Wihan Phra Mongkhon Bophit<\/span><\/span><br data-start=\"1279\" data-end=\"1282\" \/><span class=\"hover:entity-accent entity-underline inline cursor-pointer align-baseline\"><span class=\"whitespace-normal\">Wat Lokaya Sutharam<\/span><\/span><\/p>\n<p data-start=\"1326\" data-end=\"1376\"><strong data-start=\"1326\" data-end=\"1337\">09h30 :<\/strong><br data-start=\"1337\" data-end=\"1340\" \/>Visite des sites incontournables :<\/p>\n<ul data-start=\"1378\" data-end=\"1518\">\n<li data-section-id=\"fpddwi\" data-start=\"1378\" data-end=\"1441\">Wat Mahathat et sa c\u00e9l\u00e8bre t\u00eate de Bouddha dans les racines<\/li>\n<li data-section-id=\"k2ya0r\" data-start=\"1442\" data-end=\"1472\">Wihan Phra Mongkhon Bophit<\/li>\n<li data-section-id=\"z1vavr\" data-start=\"1473\" data-end=\"1518\">Wat Lokaya Sutharam et son Bouddha couch\u00e9<\/li>\n<\/ul>\n<hr data-start=\"1520\" data-end=\"1523\" \/>\n<h3 data-section-id=\"ej95yn\" data-start=\"1525\" data-end=\"1566\">\u00a0D\u00e9jeuner croisi\u00e8re Grand Pearl<\/h3>\n<p data-start=\"1610\" data-end=\"1652\"><span class=\"hover:entity-accent entity-underline inline cursor-pointer align-baseline\"><span class=\"whitespace-normal\">Wat Chong Lom Pier<\/span><\/span><\/p>\n<p data-start=\"1654\" data-end=\"1709\"><strong data-start=\"1654\" data-end=\"1665\">13h15 :<\/strong><br data-start=\"1665\" data-end=\"1668\" \/>Embarquement sur le bateau Grand Pearl.<\/p>\n<p data-start=\"1711\" data-end=\"1771\">D\u00e9jeuner buffet avec cuisine tha\u00eflandaise et internationale.<\/p>\n<hr data-start=\"1773\" data-end=\"1776\" \/>\n<h3 data-section-id=\"81kosp\" data-start=\"1778\" data-end=\"1818\">\u00a0Croisi\u00e8re retour vers Bangkok<\/h3>\n<p data-start=\"1862\" data-end=\"1963\"><strong data-start=\"1862\" data-end=\"1873\">15h00 :<\/strong><br data-start=\"1873\" data-end=\"1876\" \/>Pause-caf\u00e9 et navigation retour avec vue sur les temples historiques le long du fleuve.<\/p>\n<p data-start=\"1965\" data-end=\"2006\"><strong data-start=\"1965\" data-end=\"1976\">16h00 :<\/strong><br data-start=\"1976\" data-end=\"1979\" \/>Arriv\u00e9e au River City Pier.<\/p>\n<hr data-start=\"2008\" data-end=\"2011\" \/>\n<h2 data-section-id=\"m50aq\" data-start=\"2013\" data-end=\"2040\">\u00a0Ce qui est inclus<\/h2>\n<ul data-start=\"2042\" data-end=\"2183\">\n<li data-section-id=\"1jq242\" data-start=\"2042\" data-end=\"2076\">Transport en autocar climatis\u00e9<\/li>\n<li data-section-id=\"1paf5l1\" data-start=\"2077\" data-end=\"2097\">Guide anglophone<\/li>\n<li data-section-id=\"2tkecz\" data-start=\"2098\" data-end=\"2120\">Entr\u00e9e aux temples<\/li>\n<li data-section-id=\"1y06zaz\" data-start=\"2121\" data-end=\"2147\">D\u00e9jeuner buffet \u00e0 bord<\/li>\n<li data-section-id=\"jwkeqt\" data-start=\"2148\" data-end=\"2183\">Pause-caf\u00e9 et rafra\u00eechissements<\/li>\n<\/ul>\n<hr data-start=\"2185\" data-end=\"2188\" \/>\n<h2 data-section-id=\"dp4bwk\" data-start=\"2190\" data-end=\"2210\">\u00a0Non inclus<\/h2>\n<ul data-start=\"2212\" data-end=\"2280\">\n<li data-section-id=\"1a93pmh\" data-start=\"2212\" data-end=\"2251\">Transfert retour h\u00f4tel (selon zone)<\/li>\n<li data-section-id=\"gr0zhf\" data-start=\"2252\" data-end=\"2280\">Boissons suppl\u00e9mentaires<\/li>\n<\/ul>\n<hr data-start=\"2282\" data-end=\"2285\" \/>\n<h2 data-section-id=\"fnnlp2\" data-start=\"2287\" data-end=\"2319\">Informations pratiques<\/h2>\n<ul data-start=\"2321\" data-end=\"2490\">\n<li data-section-id=\"u62vlb\" data-start=\"2321\" data-end=\"2359\">D\u00e9part : Bangkok \u2013 River City Mall<\/li>\n<li data-section-id=\"14upppd\" data-start=\"2360\" data-end=\"2393\">Retour : vers 16h00 \u00e0 Bangkok<\/li>\n<li data-section-id=\"1c5rsol\" data-start=\"2394\" data-end=\"2448\">Tenue correcte exig\u00e9e (\u00e9paules et genoux couverts)<\/li>\n<li data-section-id=\"b6qtzb\" data-start=\"2449\" data-end=\"2490\">Itin\u00e9raire adaptable selon conditions<\/li>\n<\/ul>\n<hr data-start=\"2492\" data-end=\"2495\" \/>\n<h2 data-section-id=\"9803m\" data-start=\"2497\" data-end=\"2540\">\u00a0Conseils pour profiter au maximum<\/h2>\n<ul data-start=\"2542\" data-end=\"2694\">\n<li data-section-id=\"w4m1zh\" data-start=\"2542\" data-end=\"2583\">Pr\u00e9voir v\u00eatements adapt\u00e9s aux temples<\/li>\n<li data-section-id=\"nxv45l\" data-start=\"2584\" data-end=\"2611\">Apporter appareil photo<\/li>\n<li data-section-id=\"sxzocl\" data-start=\"2612\" data-end=\"2648\">Pr\u00e9voir chapeau et cr\u00e8me solaire<\/li>\n<li data-section-id=\"1741ea\" data-start=\"2649\" data-end=\"2694\">Arriver \u00e0 l\u2019heure au point de rendez-vous<\/li>\n<\/ul>\n","protected":false},"excerpt":{"rendered":"<h3 data-start=\"114\" data-end=\"175\"><\/h3>\n<p data-start=\"177\" data-end=\"376\">\ud83c\udfdb\ufe0f Explore the ancient royal capital of Ayutthaya<br data-start=\"228\" data-end=\"231\" \/>\ud83c\udf7d\ufe0f Lunch on board a luxury boat on the Chao Phraya River<br data-start=\"289\" data-end=\"292\" \/>\ud83c\udf0a Sail between temples, palaces and historic sites<\/p>\n<hr data-start=\"378\" data-end=\"381\" \/>\n<h3 data-start=\"383\" data-end=\"405\">\ud83d\udcdd <strong data-start=\"390\" data-end=\"405\">Description<\/strong><\/h3>\n<p data-start=\"407\" data-end=\"635\">Set off on a <strong data-start=\"423\" data-end=\"472\">a relaxing day of historical exploration<\/strong>. Discover the <strong data-start=\"488\" data-end=\"518\">sacred temples of Ayutthaya<\/strong>the former capital of the Kingdom of Siam, then return to Bangkok on board the prestigious cruise <strong data-start=\"619\" data-end=\"634\">Grand Pearl<\/strong>.<\/p>\n<p data-start=\"637\" data-end=\"869\">A <strong data-start=\"640\" data-end=\"659\">buffet lunch<\/strong> will be served on board as you cruise along the Chao Phraya River, admiring Bangkok's most beautiful monuments from the water: <strong data-start=\"798\" data-end=\"814\">Grand Palais<\/strong>, <strong data-start=\"816\" data-end=\"828\">Wat Arun<\/strong>, <strong data-start=\"830\" data-end=\"850\">Wat Kalayanamitr<\/strong>and many others.<\/p>","protected":false},"featured_media":30048,"comment_status":"open","ping_status":"closed","template":"","meta":{"_uag_custom_page_level_css":""},"product_brand":[],"product_cat":[34],"product_tag":[],"class_list":{"0":"post-30044","1":"product","2":"type-product","3":"status-publish","4":"has-post-thumbnail","6":"product_cat-bangkok","8":"first","9":"instock","10":"virtual","11":"taxable","12":"purchasable","13":"product-type-simple"},"yoast_head":"<!-- This site is optimized with the Yoast SEO plugin v27.1.1 - https:\/\/yoast.com\/product\/yoast-seo-wordpress\/ -->\n<title>Ayutthaya en bus &amp; retour en croisi\u00e8re Grand Pearl -<\/title>\n<meta name=\"robots\" content=\"index, follow, max-snippet:-1, max-image-preview:large, max-video-preview:-1\" \/>\n<link rel=\"canonical\" href=\"https:\/\/lunayatravel.com\/en\/product\/\ud83d\udea2-ayutthaya-en-bus-retour-en-croisiere-grand-pearl\/\" \/>\n<meta property=\"og:locale\" content=\"en_GB\" \/>\n<meta property=\"og:type\" content=\"article\" \/>\n<meta property=\"og:title\" content=\"Ayutthaya en bus &amp; retour en croisi\u00e8re Grand Pearl -\" \/>\n<meta property=\"og:description\" content=\"\ud83c\udfdb\ufe0f Explorez l\u2019ancienne capitale royale d\u2019Ayutthaya\ud83c\udf7d\ufe0f D\u00e9jeunez \u00e0 bord d\u2019un bateau de luxe sur le Chao Phraya\ud83c\udf0a Naviguez entre temples, palais et sites historiques     \ud83d\udcdd Description Partez pour une journ\u00e9e d\u2019exploration historique et relaxante. D\u00e9couvrez les temples sacr\u00e9s d\u2019Ayutthaya, ancienne capitale du royaume de Siam, puis retournez \u00e0 Bangkok \u00e0 bord de la prestigieuse croisi\u00e8re Grand Pearl. Un d\u00e9jeuner buffet vous sera servi \u00e0 bord, tandis que vous naviguerez sur le fleuve Chao Phraya, admirant les plus beaux monuments de Bangkok depuis l\u2019eau : Grand Palais, Wat Arun, Wat Kalayanamitr, et bien d&#039;autres.\" \/>\n<meta property=\"og:url\" content=\"https:\/\/lunayatravel.com\/en\/product\/\ud83d\udea2-ayutthaya-en-bus-retour-en-croisiere-grand-pearl\/\" \/>\n<meta property=\"article:publisher\" content=\"https:\/\/www.facebook.com\/lunayaTravel\/\" \/>\n<meta property=\"article:modified_time\" content=\"2026-04-08T04:09:41+00:00\" \/>\n<meta property=\"og:image\" content=\"https:\/\/lunayatravel.com\/wp-content\/uploads\/2025\/07\/12.webp\" \/>\n\t<meta property=\"og:image:width\" content=\"720\" \/>\n\t<meta property=\"og:image:height\" content=\"540\" \/>\n\t<meta property=\"og:image:type\" content=\"image\/webp\" \/>\n<meta name=\"twitter:card\" content=\"summary_large_image\" \/>\n<meta name=\"twitter:label1\" content=\"Estimated reading time\" \/>\n\t<meta name=\"twitter:data1\" content=\"2 minutes\" \/>\n<script type=\"application\/ld+json\" class=\"yoast-schema-graph\">{\"@context\":\"https:\/\/schema.org\",\"@graph\":[{\"@type\":\"WebPage\",\"@id\":\"https:\/\/lunayatravel.com\/produit\/%f0%9f%9a%a2-ayutthaya-en-bus-retour-en-croisiere-grand-pearl\/\",\"url\":\"https:\/\/lunayatravel.com\/produit\/%f0%9f%9a%a2-ayutthaya-en-bus-retour-en-croisiere-grand-pearl\/\",\"name\":\"Ayutthaya en bus & retour en croisi\u00e8re Grand Pearl -\",\"isPartOf\":{\"@id\":\"https:\/\/lunayatravel.com\/#website\"},\"primaryImageOfPage\":{\"@id\":\"https:\/\/lunayatravel.com\/produit\/%f0%9f%9a%a2-ayutthaya-en-bus-retour-en-croisiere-grand-pearl\/#primaryimage\"},\"image\":{\"@id\":\"https:\/\/lunayatravel.com\/produit\/%f0%9f%9a%a2-ayutthaya-en-bus-retour-en-croisiere-grand-pearl\/#primaryimage\"},\"thumbnailUrl\":\"https:\/\/lunayatravel.com\/wp-content\/uploads\/2025\/07\/12.webp\",\"datePublished\":\"2025-07-26T07:36:05+00:00\",\"dateModified\":\"2026-04-08T04:09:41+00:00\",\"breadcrumb\":{\"@id\":\"https:\/\/lunayatravel.com\/produit\/%f0%9f%9a%a2-ayutthaya-en-bus-retour-en-croisiere-grand-pearl\/#breadcrumb\"},\"inLanguage\":\"en-GB\",\"potentialAction\":[{\"@type\":\"ReadAction\",\"target\":[\"https:\/\/lunayatravel.com\/produit\/%f0%9f%9a%a2-ayutthaya-en-bus-retour-en-croisiere-grand-pearl\/\"]}]},{\"@type\":\"ImageObject\",\"inLanguage\":\"en-GB\",\"@id\":\"https:\/\/lunayatravel.com\/produit\/%f0%9f%9a%a2-ayutthaya-en-bus-retour-en-croisiere-grand-pearl\/#primaryimage\",\"url\":\"https:\/\/lunayatravel.com\/wp-content\/uploads\/2025\/07\/12.webp\",\"contentUrl\":\"https:\/\/lunayatravel.com\/wp-content\/uploads\/2025\/07\/12.webp\",\"width\":720,\"height\":540,\"caption\":\"Ayutthaya\"},{\"@type\":\"BreadcrumbList\",\"@id\":\"https:\/\/lunayatravel.com\/produit\/%f0%9f%9a%a2-ayutthaya-en-bus-retour-en-croisiere-grand-pearl\/#breadcrumb\",\"itemListElement\":[{\"@type\":\"ListItem\",\"position\":1,\"name\":\"Accueil\",\"item\":\"https:\/\/lunayatravel.com\/\"},{\"@type\":\"ListItem\",\"position\":2,\"name\":\"Nos activit\u00e9s\",\"item\":\"https:\/\/lunayatravel.com\/nos-activites\/\"},{\"@type\":\"ListItem\",\"position\":3,\"name\":\"Ayutthaya en bus &#038; retour en croisi\u00e8re Grand Pearl\"}]},{\"@type\":\"WebSite\",\"@id\":\"https:\/\/lunayatravel.com\/#website\",\"url\":\"https:\/\/lunayatravel.com\/\",\"name\":\"\",\"description\":\"\",\"publisher\":{\"@id\":\"https:\/\/lunayatravel.com\/#organization\"},\"potentialAction\":[{\"@type\":\"SearchAction\",\"target\":{\"@type\":\"EntryPoint\",\"urlTemplate\":\"https:\/\/lunayatravel.com\/?s={search_term_string}\"},\"query-input\":{\"@type\":\"PropertyValueSpecification\",\"valueRequired\":true,\"valueName\":\"search_term_string\"}}],\"inLanguage\":\"en-GB\"},{\"@type\":\"Organization\",\"@id\":\"https:\/\/lunayatravel.com\/#organization\",\"name\":\"Lunaya travel\",\"alternateName\":\"Lunaya travel\",\"url\":\"https:\/\/lunayatravel.com\/\",\"logo\":{\"@type\":\"ImageObject\",\"inLanguage\":\"en-GB\",\"@id\":\"https:\/\/lunayatravel.com\/#\/schema\/logo\/image\/\",\"url\":\"https:\/\/lunayatravel.com\/wp-content\/uploads\/2026\/03\/cropped-647319118_2379115739204013_337015058165053143_n.jpg\",\"contentUrl\":\"https:\/\/lunayatravel.com\/wp-content\/uploads\/2026\/03\/cropped-647319118_2379115739204013_337015058165053143_n.jpg\",\"width\":1022,\"height\":1023,\"caption\":\"Lunaya travel\"},\"image\":{\"@id\":\"https:\/\/lunayatravel.com\/#\/schema\/logo\/image\/\"},\"sameAs\":[\"https:\/\/www.facebook.com\/lunayaTravel\/\"]}]}<\/script>\n<!-- \/ Yoast SEO plugin. -->","yoast_head_json":{"title":"Ayutthaya en bus & retour en croisi\u00e8re Grand Pearl -","robots":{"index":"index","follow":"follow","max-snippet":"max-snippet:-1","max-image-preview":"max-image-preview:large","max-video-preview":"max-video-preview:-1"},"canonical":"https:\/\/lunayatravel.com\/en\/product\/\ud83d\udea2-ayutthaya-en-bus-retour-en-croisiere-grand-pearl\/","og_locale":"en_GB","og_type":"article","og_title":"Ayutthaya en bus & retour en croisi\u00e8re Grand Pearl -","og_description":"\ud83c\udfdb\ufe0f Explorez l\u2019ancienne capitale royale d\u2019Ayutthaya\ud83c\udf7d\ufe0f D\u00e9jeunez \u00e0 bord d\u2019un bateau de luxe sur le Chao Phraya\ud83c\udf0a Naviguez entre temples, palais et sites historiques     \ud83d\udcdd Description Partez pour une journ\u00e9e d\u2019exploration historique et relaxante. D\u00e9couvrez les temples sacr\u00e9s d\u2019Ayutthaya, ancienne capitale du royaume de Siam, puis retournez \u00e0 Bangkok \u00e0 bord de la prestigieuse croisi\u00e8re Grand Pearl. Un d\u00e9jeuner buffet vous sera servi \u00e0 bord, tandis que vous naviguerez sur le fleuve Chao Phraya, admirant les plus beaux monuments de Bangkok depuis l\u2019eau : Grand Palais, Wat Arun, Wat Kalayanamitr, et bien d'autres.","og_url":"https:\/\/lunayatravel.com\/en\/product\/\ud83d\udea2-ayutthaya-en-bus-retour-en-croisiere-grand-pearl\/","article_publisher":"https:\/\/www.facebook.com\/lunayaTravel\/","article_modified_time":"2026-04-08T04:09:41+00:00","og_image":[{"width":720,"height":540,"url":"https:\/\/lunayatravel.com\/wp-content\/uploads\/2025\/07\/12.webp","type":"image\/webp"}],"twitter_card":"summary_large_image","twitter_misc":{"Estimated reading time":"2 minutes"},"schema":{"@context":"https:\/\/schema.org","@graph":[{"@type":"WebPage","@id":"https:\/\/lunayatravel.com\/produit\/%f0%9f%9a%a2-ayutthaya-en-bus-retour-en-croisiere-grand-pearl\/","url":"https:\/\/lunayatravel.com\/produit\/%f0%9f%9a%a2-ayutthaya-en-bus-retour-en-croisiere-grand-pearl\/","name":"Ayutthaya en bus & retour en croisi\u00e8re Grand Pearl -","isPartOf":{"@id":"https:\/\/lunayatravel.com\/#website"},"primaryImageOfPage":{"@id":"https:\/\/lunayatravel.com\/produit\/%f0%9f%9a%a2-ayutthaya-en-bus-retour-en-croisiere-grand-pearl\/#primaryimage"},"image":{"@id":"https:\/\/lunayatravel.com\/produit\/%f0%9f%9a%a2-ayutthaya-en-bus-retour-en-croisiere-grand-pearl\/#primaryimage"},"thumbnailUrl":"https:\/\/lunayatravel.com\/wp-content\/uploads\/2025\/07\/12.webp","datePublished":"2025-07-26T07:36:05+00:00","dateModified":"2026-04-08T04:09:41+00:00","breadcrumb":{"@id":"https:\/\/lunayatravel.com\/produit\/%f0%9f%9a%a2-ayutthaya-en-bus-retour-en-croisiere-grand-pearl\/#breadcrumb"},"inLanguage":"en-GB","potentialAction":[{"@type":"ReadAction","target":["https:\/\/lunayatravel.com\/produit\/%f0%9f%9a%a2-ayutthaya-en-bus-retour-en-croisiere-grand-pearl\/"]}]},{"@type":"ImageObject","inLanguage":"en-GB","@id":"https:\/\/lunayatravel.com\/produit\/%f0%9f%9a%a2-ayutthaya-en-bus-retour-en-croisiere-grand-pearl\/#primaryimage","url":"https:\/\/lunayatravel.com\/wp-content\/uploads\/2025\/07\/12.webp","contentUrl":"https:\/\/lunayatravel.com\/wp-content\/uploads\/2025\/07\/12.webp","width":720,"height":540,"caption":"Ayutthaya"},{"@type":"BreadcrumbList","@id":"https:\/\/lunayatravel.com\/produit\/%f0%9f%9a%a2-ayutthaya-en-bus-retour-en-croisiere-grand-pearl\/#breadcrumb","itemListElement":[{"@type":"ListItem","position":1,"name":"Accueil","item":"https:\/\/lunayatravel.com\/"},{"@type":"ListItem","position":2,"name":"Nos activit\u00e9s","item":"https:\/\/lunayatravel.com\/nos-activites\/"},{"@type":"ListItem","position":3,"name":"Ayutthaya en bus &#038; retour en croisi\u00e8re Grand Pearl"}]},{"@type":"WebSite","@id":"https:\/\/lunayatravel.com\/#website","url":"https:\/\/lunayatravel.com\/","name":"","description":"","publisher":{"@id":"https:\/\/lunayatravel.com\/#organization"},"potentialAction":[{"@type":"SearchAction","target":{"@type":"EntryPoint","urlTemplate":"https:\/\/lunayatravel.com\/?s={search_term_string}"},"query-input":{"@type":"PropertyValueSpecification","valueRequired":true,"valueName":"search_term_string"}}],"inLanguage":"en-GB"},{"@type":"Organization","@id":"https:\/\/lunayatravel.com\/#organization","name":"Lunaya travel","alternateName":"Lunaya travel","url":"https:\/\/lunayatravel.com\/","logo":{"@type":"ImageObject","inLanguage":"en-GB","@id":"https:\/\/lunayatravel.com\/#\/schema\/logo\/image\/","url":"https:\/\/lunayatravel.com\/wp-content\/uploads\/2026\/03\/cropped-647319118_2379115739204013_337015058165053143_n.jpg","contentUrl":"https:\/\/lunayatravel.com\/wp-content\/uploads\/2026\/03\/cropped-647319118_2379115739204013_337015058165053143_n.jpg","width":1022,"height":1023,"caption":"Lunaya travel"},"image":{"@id":"https:\/\/lunayatravel.com\/#\/schema\/logo\/image\/"},"sameAs":["https:\/\/www.facebook.com\/lunayaTravel\/"]}]}},"uagb_featured_image_src":{"full":["https:\/\/lunayatravel.com\/wp-content\/uploads\/2025\/07\/12.webp",720,540,false],"thumbnail":["https:\/\/lunayatravel.com\/wp-content\/uploads\/2025\/07\/12-150x150.webp",150,150,true],"medium":["https:\/\/lunayatravel.com\/wp-content\/uploads\/2025\/07\/12-300x225.webp",300,225,true],"medium_large":["https:\/\/lunayatravel.com\/wp-content\/uploads\/2025\/07\/12.webp",720,540,false],"large":["https:\/\/lunayatravel.com\/wp-content\/uploads\/2025\/07\/12.webp",720,540,false],"1536x1536":["https:\/\/lunayatravel.com\/wp-content\/uploads\/2025\/07\/12.webp",720,540,false],"2048x2048":["https:\/\/lunayatravel.com\/wp-content\/uploads\/2025\/07\/12.webp",720,540,false],"trp-custom-language-flag":["https:\/\/lunayatravel.com\/wp-content\/uploads\/2025\/07\/12.webp",16,12,false],"widget-thumbnail":["https:\/\/lunayatravel.com\/wp-content\/uploads\/2025\/07\/12-75x75.webp",75,75,true],"mailpoet_newsletter_max":["https:\/\/lunayatravel.com\/wp-content\/uploads\/2025\/07\/12.webp",720,540,false],"woocommerce_thumbnail":["https:\/\/lunayatravel.com\/wp-content\/uploads\/2025\/07\/12-300x300.webp",300,300,true],"woocommerce_single":["https:\/\/lunayatravel.com\/wp-content\/uploads\/2025\/07\/12-600x450.webp",600,450,true],"woocommerce_gallery_thumbnail":["https:\/\/lunayatravel.com\/wp-content\/uploads\/2025\/07\/12-100x100.webp",100,100,true],"sow-carousel-default":["https:\/\/lunayatravel.com\/wp-content\/uploads\/2025\/07\/12-272x182.webp",272,182,true]},"uagb_author_info":{"display_name":"haemers stephanie","author_link":"https:\/\/lunayatravel.com\/en\/author\/"},"uagb_comment_info":0,"uagb_excerpt":"\ud83c\udfdb\ufe0f Explorez l\u2019ancienne capitale royale d\u2019Ayutthaya\ud83c\udf7d\ufe0f D\u00e9jeunez \u00e0 bord d\u2019un bateau de luxe sur le Chao Phraya\ud83c\udf0a Naviguez entre temples, palais et sites historiques \ud83d\udcdd Description Partez pour une journ\u00e9e d\u2019exploration historique et relaxante. D\u00e9couvrez les temples sacr\u00e9s d\u2019Ayutthaya, ancienne capitale du royaume de Siam, puis retournez \u00e0 Bangkok \u00e0 bord de la prestigieuse croisi\u00e8re&hellip;","jetpack_sharing_enabled":true,"_links":{"self":[{"href":"https:\/\/lunayatravel.com\/en\/wp-json\/wp\/v2\/product\/30044","targetHints":{"allow":["GET"]}}],"collection":[{"href":"https:\/\/lunayatravel.com\/en\/wp-json\/wp\/v2\/product"}],"about":[{"href":"https:\/\/lunayatravel.com\/en\/wp-json\/wp\/v2\/types\/product"}],"replies":[{"embeddable":true,"href":"https:\/\/lunayatravel.com\/en\/wp-json\/wp\/v2\/comments?post=30044"}],"wp:featuredmedia":[{"embeddable":true,"href":"https:\/\/lunayatravel.com\/en\/wp-json\/wp\/v2\/media\/30048"}],"wp:attachment":[{"href":"https:\/\/lunayatravel.com\/en\/wp-json\/wp\/v2\/media?parent=30044"}],"wp:term":[{"taxonomy":"product_brand","embeddable":true,"href":"https:\/\/lunayatravel.com\/en\/wp-json\/wp\/v2\/product_brand?post=30044"},{"taxonomy":"product_cat","embeddable":true,"href":"https:\/\/lunayatravel.com\/en\/wp-json\/wp\/v2\/product_cat?post=30044"},{"taxonomy":"product_tag","embeddable":true,"href":"https:\/\/lunayatravel.com\/en\/wp-json\/wp\/v2\/product_tag?post=30044"}],"curies":[{"name":"wp","href":"https:\/\/api.w.org\/{rel}","templated":true}]}}