{"id":30034,"date":"2025-07-26T09:30:40","date_gmt":"2025-07-26T07:30:40","guid":{"rendered":"https:\/\/itctoursvoyages.com\/?post_type=product&#038;p=30034"},"modified":"2026-04-08T07:45:29","modified_gmt":"2026-04-08T05:45:29","slug":"cascade-erawan-riviere-kwai-bangkok","status":"publish","type":"product","link":"https:\/\/lunayatravel.com\/en\/product\/cascade-erawan-riviere-kwai-bangkok\/","title":{"rendered":"Erawan Falls &amp; River Kwai \u2013 Day Trip from Bangkok"},"content":{"rendered":"<div class=\"no-scrollbar flex min-h-36 flex-nowrap gap-0.5 overflow-auto sm:gap-1 sm:overflow-hidden xl:min-h-44 mt-1 mb-5 [&amp;:not(:first-child)]:mt-4\">\n<div class=\"border-token-border-default relative w-32 shrink-0 overflow-hidden rounded-xl border-[0.5px] md:shrink max-h-64 sm:w-[calc((100%-0.5rem)\/3)] rounded-s-xl\">\n<div class=\"group\/search-image @container\/search-image relative rounded-[inherit] h-full w-full\">\n<div><\/div>\n<\/div>\n<\/div>\n<div class=\"border-token-border-default relative w-32 shrink-0 overflow-hidden rounded-xl border-[0.5px] md:shrink max-h-64 sm:w-[calc((100%-0.5rem)\/3)]\">\n<div class=\"group\/search-image @container\/search-image relative rounded-[inherit] h-full w-full\">\n<div><\/div>\n<\/div>\n<\/div>\n<div class=\"border-token-border-default relative w-32 shrink-0 overflow-hidden rounded-xl border-[0.5px] md:shrink max-h-64 sm:w-[calc((100%-0.5rem)\/3)] rounded-e-xl\">\n<div class=\"group\/search-image @container\/search-image relative rounded-[inherit] h-full w-full\">\n<div><\/div>\n<div class=\"pointer-events-none absolute inset-x-2 bottom-2 z-0 flex max-w-[calc(100%-1rem)] flex-wrap items-end justify-end gap-1.5\">\n<div class=\"shrink-0\">\n<div class=\"flex items-center gap-1 rounded-full px-2 py-1.5 text-white backdrop-blur-md backdrop-brightness-75\"><\/div>\n<\/div>\n<\/div>\n<\/div>\n<\/div>\n<\/div>\n<p data-start=\"238\" data-end=\"367\"><strong data-start=\"238\" data-end=\"365\">Partez pour une journ\u00e9e nature depuis Bangkok \u00e0 la d\u00e9couverte de la cascade d\u2019Erawan et du c\u00e9l\u00e8bre pont de la rivi\u00e8re Kwai.<\/strong><\/p>\n<p data-start=\"369\" data-end=\"526\">Entre baignade dans une eau turquoise, marche en pleine jungle et d\u00e9couverte historique, cette excursion offre un parfait \u00e9quilibre entre d\u00e9tente et culture.<\/p>\n<hr data-start=\"528\" data-end=\"531\" \/>\n<h2 data-section-id=\"jnwr0k\" data-start=\"533\" data-end=\"577\">\u00a0Pourquoi choisir cette excursion ?<\/h2>\n<ul data-start=\"579\" data-end=\"793\">\n<li data-section-id=\"xbqb3\" data-start=\"579\" data-end=\"640\">D\u00e9couverte de l\u2019une des plus belles cascades de Tha\u00eflande<\/li>\n<li data-section-id=\"ia4mo1\" data-start=\"641\" data-end=\"686\">Baignade dans une eau claire et naturelle<\/li>\n<li data-section-id=\"cz5eiz\" data-start=\"687\" data-end=\"724\">Visite du pont de la rivi\u00e8re Kwai<\/li>\n<li data-section-id=\"14zgcdk\" data-start=\"725\" data-end=\"763\">Journ\u00e9e compl\u00e8te nature et culture<\/li>\n<li data-section-id=\"445dn9\" data-start=\"764\" data-end=\"793\">Accessible depuis Bangkok<\/li>\n<\/ul>\n<hr data-start=\"795\" data-end=\"798\" \/>\n<h2 data-section-id=\"1wj5s8l\" data-start=\"800\" data-end=\"833\">\u00a0Programme de la journ\u00e9e<\/h2>\n<h3 data-section-id=\"1ww5rxi\" data-start=\"835\" data-end=\"867\"><span style=\"font-size: 16px;\">\u00a0D\u00e9part depuis Bangkok<\/span><\/h3>\n<p data-start=\"911\" data-end=\"1055\"><strong data-start=\"911\" data-end=\"930\">06h15 \u2013 07h00 :<\/strong><br data-start=\"930\" data-end=\"933\" \/>Prise en charge \u00e0 votre h\u00f4tel dans les zones centrales :<br data-start=\"989\" data-end=\"992\" \/>Khaosan, Silom, Sathorn, Sukhumvit (Soi 1\u201324), Asoke, Pratunam.<\/p>\n<hr data-start=\"1057\" data-end=\"1060\" \/>\n<h3 data-section-id=\"1qp84va\" data-start=\"1062\" data-end=\"1089\">\u00a0Cascade d\u2019Erawan<\/h3>\n<div class=\"no-scrollbar flex min-h-36 flex-nowrap gap-0.5 overflow-auto sm:gap-1 sm:overflow-hidden xl:min-h-44 mt-1 mb-5 [&amp;:not(:first-child)]:mt-4\">\n<div class=\"border-token-border-default relative w-32 shrink-0 overflow-hidden rounded-xl border-[0.5px] md:shrink max-h-64 sm:w-[calc((100%-0.5rem)\/3)] rounded-s-xl\">\n<div class=\"group\/search-image @container\/search-image relative rounded-[inherit] h-full w-full\">\n<div><img loading=\"lazy\" decoding=\"async\" class=\"bg-token-main-surface-tertiary m-0 h-full w-full object-cover alignnone\" src=\"https:\/\/www.thainationalparks.com\/img\/poi\/2013\/07\/31\/7953\/erawan-falls-w-900.jpg\" alt=\"Cascade d\u2019Erawan\" width=\"900\" height=\"596\" \/><\/div>\n<\/div>\n<\/div>\n<div class=\"border-token-border-default relative w-32 shrink-0 overflow-hidden rounded-xl border-[0.5px] md:shrink max-h-64 sm:w-[calc((100%-0.5rem)\/3)]\">\n<div class=\"group\/search-image @container\/search-image relative rounded-[inherit] h-full w-full\">\n<div><\/div>\n<\/div>\n<\/div>\n<div class=\"border-token-border-default relative w-32 shrink-0 overflow-hidden rounded-xl border-[0.5px] md:shrink max-h-64 sm:w-[calc((100%-0.5rem)\/3)] rounded-e-xl\">\n<div class=\"group\/search-image @container\/search-image relative rounded-[inherit] h-full w-full\">\n<div><\/div>\n<div class=\"pointer-events-none absolute inset-x-2 bottom-2 z-0 flex max-w-[calc(100%-1rem)] flex-wrap items-end justify-end gap-1.5\">\n<div class=\"shrink-0\">\n<div class=\"flex items-center gap-1 rounded-full px-2 py-1.5 text-white backdrop-blur-md backdrop-brightness-75\"><\/div>\n<\/div>\n<\/div>\n<\/div>\n<\/div>\n<\/div>\n<p data-start=\"1133\" data-end=\"1175\"><span class=\"hover:entity-accent entity-underline inline cursor-pointer align-baseline\"><span class=\"whitespace-normal\">Erawan Waterfall<\/span><\/span><\/p>\n<p data-start=\"1177\" data-end=\"1214\"><strong data-start=\"1177\" data-end=\"1188\">11h00 :<\/strong><br data-start=\"1188\" data-end=\"1191\" \/>Arriv\u00e9e \u00e0 la cascade.<\/p>\n<p data-start=\"1216\" data-end=\"1234\"><strong data-start=\"1216\" data-end=\"1234\">Au programme :<\/strong><\/p>\n<ul data-start=\"1235\" data-end=\"1348\">\n<li data-section-id=\"14mz29k\" data-start=\"1235\" data-end=\"1273\">Baignade dans les bassins naturels<\/li>\n<li data-section-id=\"1j4lnag\" data-start=\"1274\" data-end=\"1305\">Marche le long des cascades<\/li>\n<li data-section-id=\"1m03z8r\" data-start=\"1306\" data-end=\"1348\">Temps libre pour profiter de la nature<\/li>\n<\/ul>\n<hr data-start=\"1350\" data-end=\"1353\" \/>\n<h3 data-section-id=\"bqflhl\" data-start=\"1355\" data-end=\"1374\">\u00a0D\u00e9jeuner<\/h3>\n<p data-start=\"1418\" data-end=\"1478\"><strong data-start=\"1418\" data-end=\"1429\">12h00 :<\/strong><br data-start=\"1429\" data-end=\"1432\" \/>D\u00e9jeuner tha\u00eflandais dans un restaurant local.<\/p>\n<hr data-start=\"1480\" data-end=\"1483\" \/>\n<h3 data-section-id=\"1iqlcd7\" data-start=\"1485\" data-end=\"1522\">\u00a0Rivi\u00e8re Kwai &amp; mus\u00e9e JEATH<\/h3>\n<div class=\"no-scrollbar flex min-h-36 flex-nowrap gap-0.5 overflow-auto sm:gap-1 sm:overflow-hidden xl:min-h-44 mt-1 mb-5 [&amp;:not(:first-child)]:mt-4\">\n<div class=\"border-token-border-default relative w-32 shrink-0 overflow-hidden rounded-xl border-[0.5px] md:shrink max-h-64 sm:w-[calc((100%-0.5rem)\/3)] rounded-s-xl\">\n<div class=\"group\/search-image @container\/search-image relative rounded-[inherit] h-full w-full\">\n<div><\/div>\n<\/div>\n<\/div>\n<div class=\"border-token-border-default relative w-32 shrink-0 overflow-hidden rounded-xl border-[0.5px] md:shrink max-h-64 sm:w-[calc((100%-0.5rem)\/3)]\">\n<div class=\"group\/search-image @container\/search-image relative rounded-[inherit] h-full w-full\">\n<div><img loading=\"lazy\" decoding=\"async\" class=\"bg-token-main-surface-tertiary m-0 h-full w-full object-cover alignnone\" src=\"https:\/\/upload.wikimedia.org\/wikipedia\/commons\/1\/17\/JEATH_War_Museum.JPG\" alt=\"mus\u00e9e JEATH\" width=\"4000\" height=\"3000\" \/><\/div>\n<\/div>\n<\/div>\n<div class=\"border-token-border-default relative w-32 shrink-0 overflow-hidden rounded-xl border-[0.5px] md:shrink max-h-64 sm:w-[calc((100%-0.5rem)\/3)] rounded-e-xl\">\n<div class=\"group\/search-image @container\/search-image relative rounded-[inherit] h-full w-full\">\n<div><\/div>\n<div class=\"pointer-events-none absolute inset-x-2 bottom-2 z-0 flex max-w-[calc(100%-1rem)] flex-wrap items-end justify-end gap-1.5\">\n<div class=\"shrink-0\">\n<div class=\"flex items-center gap-1 rounded-full px-2 py-1.5 text-white backdrop-blur-md backdrop-brightness-75\"><\/div>\n<\/div>\n<\/div>\n<\/div>\n<\/div>\n<\/div>\n<p data-start=\"1566\" data-end=\"1651\"><span class=\"hover:entity-accent entity-underline inline cursor-pointer align-baseline\"><span class=\"whitespace-normal\">Bridge over the River Kwai<\/span><\/span><br data-start=\"1606\" data-end=\"1609\" \/><span class=\"hover:entity-accent entity-underline inline cursor-pointer align-baseline\"><span class=\"whitespace-normal\">JEATH War Museum<\/span><\/span><\/p>\n<p data-start=\"1653\" data-end=\"1721\"><strong data-start=\"1653\" data-end=\"1664\">16h00 :<\/strong><br data-start=\"1664\" data-end=\"1667\" \/>Visite du pont et du mus\u00e9e (sauf p\u00e9riode de Songkran).<\/p>\n<hr data-start=\"1723\" data-end=\"1726\" \/>\n<h3 data-section-id=\"15marl5\" data-start=\"1728\" data-end=\"1755\">Retour \u00e0 Bangkok<\/h3>\n<p data-start=\"1757\" data-end=\"1787\"><strong data-start=\"1757\" data-end=\"1768\">16h30 :<\/strong><br data-start=\"1768\" data-end=\"1771\" \/>D\u00e9part retour.<\/p>\n<p data-start=\"1789\" data-end=\"1845\"><strong data-start=\"1789\" data-end=\"1800\">19h00 :<\/strong><br data-start=\"1800\" data-end=\"1803\" \/>Arriv\u00e9e \u00e0 Khaosan Road (visite de groupe).<\/p>\n<hr data-start=\"1847\" data-end=\"1850\" \/>\n<h2 data-section-id=\"m50aq\" data-start=\"1852\" data-end=\"1879\">Ce qui est inclus<\/h2>\n<ul data-start=\"1881\" data-end=\"1984\">\n<li data-section-id=\"1up2si4\" data-start=\"1881\" data-end=\"1916\">Transport en v\u00e9hicule climatis\u00e9<\/li>\n<li data-section-id=\"1paf5l1\" data-start=\"1917\" data-end=\"1937\">Guide anglophone<\/li>\n<li data-section-id=\"1uf8k4u\" data-start=\"1938\" data-end=\"1959\">Entr\u00e9es aux sites<\/li>\n<li data-section-id=\"1gj3e3s\" data-start=\"1960\" data-end=\"1984\">D\u00e9jeuner tha\u00eflandais<\/li>\n<\/ul>\n<hr data-start=\"1986\" data-end=\"1989\" \/>\n<h2 data-section-id=\"3xkd43\" data-start=\"1991\" data-end=\"2011\">\u00a0\u00c0 emporter<\/h2>\n<ul data-start=\"2013\" data-end=\"2112\">\n<li data-section-id=\"1h614oj\" data-start=\"2013\" data-end=\"2032\">Maillot de bain<\/li>\n<li data-section-id=\"dyzegk\" data-start=\"2033\" data-end=\"2058\">V\u00eatements de rechange<\/li>\n<li data-section-id=\"1ncyz1v\" data-start=\"2059\" data-end=\"2072\">Serviette<\/li>\n<li data-section-id=\"4u13ki\" data-start=\"2073\" data-end=\"2112\">Cr\u00e8me solaire et lunettes de soleil<\/li>\n<\/ul>\n<hr data-start=\"2114\" data-end=\"2117\" \/>\n<h2 data-section-id=\"fnnlp2\" data-start=\"2119\" data-end=\"2151\">\u00a0Informations pratiques<\/h2>\n<ul data-start=\"2153\" data-end=\"2295\">\n<li data-section-id=\"a7l2ux\" data-start=\"2153\" data-end=\"2181\">Dur\u00e9e : journ\u00e9e compl\u00e8te<\/li>\n<li data-section-id=\"1p6b6e3\" data-start=\"2182\" data-end=\"2209\">Type : groupe ou priv\u00e9e<\/li>\n<li data-section-id=\"1mnuhxu\" data-start=\"2210\" data-end=\"2253\">Retour h\u00f4tel inclus uniquement en priv\u00e9<\/li>\n<li data-section-id=\"b6qtzb\" data-start=\"2254\" data-end=\"2295\">Itin\u00e9raire adaptable selon conditions<\/li>\n<\/ul>\n","protected":false},"excerpt":{"rendered":"<h3 data-section-id=\"i4sf3t\" data-start=\"55\" data-end=\"74\">Highlights<\/h3>\n<ul data-start=\"76\" data-end=\"250\">\n<li data-section-id=\"1bf5181\" data-start=\"76\" data-end=\"144\">Swim in the turquoise waters of the 7-tiered Erawan Waterfall<\/li>\n<li data-section-id=\"13qmox2\" data-start=\"145\" data-end=\"194\">Discover the famous Bridge on the River Kwai<\/li>\n<li data-section-id=\"f58vwo\" data-start=\"195\" data-end=\"250\">Dive into history at the JEATH War Museum<\/li>\n<\/ul>\n<hr data-start=\"252\" data-end=\"255\" \/>\n<h3 data-section-id=\"hxsibk\" data-start=\"257\" data-end=\"274\">Description<\/h3>\n<ul data-start=\"276\" data-end=\"681\">\n<li data-section-id=\"1vfl5ff\" data-start=\"276\" data-end=\"363\">Embark on an immersive day in nature in the province of Kanchanaburi<\/li>\n<li data-section-id=\"1imll0\" data-start=\"364\" data-end=\"442\">Explore Erawan Falls, made up of 7 tiers of crystal-clear water<\/li>\n<li data-section-id=\"owz77h\" data-start=\"443\" data-end=\"509\">Enjoy moments of bathing and relaxation in the heart of the jungle.<\/li>\n<li data-section-id=\"soc3h2\" data-start=\"510\" data-end=\"561\">Visit the iconic Bridge on the River Kwai<\/li>\n<li data-section-id=\"1uiot0x\" data-start=\"562\" data-end=\"681\">Discover the JEATH Museum and the history of prisoners of war linked to the construction of the Death Railway<\/li>\n<\/ul>","protected":false},"featured_media":30974,"comment_status":"open","ping_status":"closed","template":"","meta":{"_uag_custom_page_level_css":""},"product_brand":[],"product_cat":[34],"product_tag":[],"class_list":{"0":"post-30034","1":"product","2":"type-product","3":"status-publish","4":"has-post-thumbnail","6":"product_cat-bangkok","8":"first","9":"instock","10":"virtual","11":"taxable","12":"purchasable","13":"product-type-simple"},"yoast_head":"<!-- This site is optimized with the Yoast SEO plugin v27.1.1 - https:\/\/yoast.com\/product\/yoast-seo-wordpress\/ -->\n<title>Cascade d\u2019Erawan &amp; Rivi\u00e8re Kwai \u2013 Excursion depuis Bangkok -<\/title>\n<meta name=\"description\" content=\"Cascade d\u2019Erawan &amp; Rivi\u00e8re Kwai : excursion depuis Bangkok avec baignade, nature et visite historique. Journ\u00e9e compl\u00e8te \u00e0 Kanchanaburi.\" \/>\n<meta name=\"robots\" content=\"index, follow, max-snippet:-1, max-image-preview:large, max-video-preview:-1\" \/>\n<link rel=\"canonical\" href=\"https:\/\/lunayatravel.com\/en\/product\/cascade-erawan-riviere-kwai-bangkok\/\" \/>\n<meta property=\"og:locale\" content=\"en_GB\" \/>\n<meta property=\"og:type\" content=\"article\" \/>\n<meta property=\"og:title\" content=\"Cascade d\u2019Erawan &amp; Rivi\u00e8re Kwai \u2013 Excursion depuis Bangkok -\" \/>\n<meta property=\"og:description\" content=\"Cascade d\u2019Erawan &amp; Rivi\u00e8re Kwai : excursion depuis Bangkok avec baignade, nature et visite historique. Journ\u00e9e compl\u00e8te \u00e0 Kanchanaburi.\" \/>\n<meta property=\"og:url\" content=\"https:\/\/lunayatravel.com\/en\/product\/cascade-erawan-riviere-kwai-bangkok\/\" \/>\n<meta property=\"article:publisher\" content=\"https:\/\/www.facebook.com\/lunayaTravel\/\" \/>\n<meta property=\"article:modified_time\" content=\"2026-04-08T05:45:29+00:00\" \/>\n<meta property=\"og:image\" content=\"https:\/\/lunayatravel.com\/wp-content\/uploads\/2025\/07\/Cascade-dErawan.jpg\" \/>\n\t<meta property=\"og:image:width\" content=\"900\" \/>\n\t<meta property=\"og:image:height\" content=\"596\" \/>\n\t<meta property=\"og:image:type\" content=\"image\/jpeg\" \/>\n<meta name=\"twitter:card\" content=\"summary_large_image\" \/>\n<meta name=\"twitter:label1\" content=\"Estimated reading time\" \/>\n\t<meta name=\"twitter:data1\" content=\"2 minutes\" \/>\n<script type=\"application\/ld+json\" class=\"yoast-schema-graph\">{\"@context\":\"https:\/\/schema.org\",\"@graph\":[{\"@type\":\"WebPage\",\"@id\":\"https:\/\/lunayatravel.com\/produit\/cascade-erawan-riviere-kwai-bangkok\/\",\"url\":\"https:\/\/lunayatravel.com\/produit\/cascade-erawan-riviere-kwai-bangkok\/\",\"name\":\"Cascade d\u2019Erawan & Rivi\u00e8re Kwai \u2013 Excursion depuis Bangkok -\",\"isPartOf\":{\"@id\":\"https:\/\/lunayatravel.com\/#website\"},\"primaryImageOfPage\":{\"@id\":\"https:\/\/lunayatravel.com\/produit\/cascade-erawan-riviere-kwai-bangkok\/#primaryimage\"},\"image\":{\"@id\":\"https:\/\/lunayatravel.com\/produit\/cascade-erawan-riviere-kwai-bangkok\/#primaryimage\"},\"thumbnailUrl\":\"https:\/\/lunayatravel.com\/wp-content\/uploads\/2025\/07\/Cascade-dErawan.jpg\",\"datePublished\":\"2025-07-26T07:30:40+00:00\",\"dateModified\":\"2026-04-08T05:45:29+00:00\",\"description\":\"Cascade d\u2019Erawan & Rivi\u00e8re Kwai : excursion depuis Bangkok avec baignade, nature et visite historique. Journ\u00e9e compl\u00e8te \u00e0 Kanchanaburi.\",\"breadcrumb\":{\"@id\":\"https:\/\/lunayatravel.com\/produit\/cascade-erawan-riviere-kwai-bangkok\/#breadcrumb\"},\"inLanguage\":\"en-GB\",\"potentialAction\":[{\"@type\":\"ReadAction\",\"target\":[\"https:\/\/lunayatravel.com\/produit\/cascade-erawan-riviere-kwai-bangkok\/\"]}]},{\"@type\":\"ImageObject\",\"inLanguage\":\"en-GB\",\"@id\":\"https:\/\/lunayatravel.com\/produit\/cascade-erawan-riviere-kwai-bangkok\/#primaryimage\",\"url\":\"https:\/\/lunayatravel.com\/wp-content\/uploads\/2025\/07\/Cascade-dErawan.jpg\",\"contentUrl\":\"https:\/\/lunayatravel.com\/wp-content\/uploads\/2025\/07\/Cascade-dErawan.jpg\",\"width\":900,\"height\":596},{\"@type\":\"BreadcrumbList\",\"@id\":\"https:\/\/lunayatravel.com\/produit\/cascade-erawan-riviere-kwai-bangkok\/#breadcrumb\",\"itemListElement\":[{\"@type\":\"ListItem\",\"position\":1,\"name\":\"Accueil\",\"item\":\"https:\/\/lunayatravel.com\/\"},{\"@type\":\"ListItem\",\"position\":2,\"name\":\"Nos activit\u00e9s\",\"item\":\"https:\/\/lunayatravel.com\/nos-activites\/\"},{\"@type\":\"ListItem\",\"position\":3,\"name\":\"Cascade d\u2019Erawan &#038; Rivi\u00e8re Kwai \u2013 Excursion depuis Bangkok\"}]},{\"@type\":\"WebSite\",\"@id\":\"https:\/\/lunayatravel.com\/#website\",\"url\":\"https:\/\/lunayatravel.com\/\",\"name\":\"\",\"description\":\"\",\"publisher\":{\"@id\":\"https:\/\/lunayatravel.com\/#organization\"},\"potentialAction\":[{\"@type\":\"SearchAction\",\"target\":{\"@type\":\"EntryPoint\",\"urlTemplate\":\"https:\/\/lunayatravel.com\/?s={search_term_string}\"},\"query-input\":{\"@type\":\"PropertyValueSpecification\",\"valueRequired\":true,\"valueName\":\"search_term_string\"}}],\"inLanguage\":\"en-GB\"},{\"@type\":\"Organization\",\"@id\":\"https:\/\/lunayatravel.com\/#organization\",\"name\":\"Lunaya travel\",\"alternateName\":\"Lunaya travel\",\"url\":\"https:\/\/lunayatravel.com\/\",\"logo\":{\"@type\":\"ImageObject\",\"inLanguage\":\"en-GB\",\"@id\":\"https:\/\/lunayatravel.com\/#\/schema\/logo\/image\/\",\"url\":\"https:\/\/lunayatravel.com\/wp-content\/uploads\/2026\/03\/cropped-647319118_2379115739204013_337015058165053143_n.jpg\",\"contentUrl\":\"https:\/\/lunayatravel.com\/wp-content\/uploads\/2026\/03\/cropped-647319118_2379115739204013_337015058165053143_n.jpg\",\"width\":1022,\"height\":1023,\"caption\":\"Lunaya travel\"},\"image\":{\"@id\":\"https:\/\/lunayatravel.com\/#\/schema\/logo\/image\/\"},\"sameAs\":[\"https:\/\/www.facebook.com\/lunayaTravel\/\"]}]}<\/script>\n<!-- \/ Yoast SEO plugin. -->","yoast_head_json":{"title":"Cascade d\u2019Erawan & Rivi\u00e8re Kwai \u2013 Excursion depuis Bangkok -","description":"Cascade d\u2019Erawan & Rivi\u00e8re Kwai : excursion depuis Bangkok avec baignade, nature et visite historique. Journ\u00e9e compl\u00e8te \u00e0 Kanchanaburi.","robots":{"index":"index","follow":"follow","max-snippet":"max-snippet:-1","max-image-preview":"max-image-preview:large","max-video-preview":"max-video-preview:-1"},"canonical":"https:\/\/lunayatravel.com\/en\/product\/cascade-erawan-riviere-kwai-bangkok\/","og_locale":"en_GB","og_type":"article","og_title":"Cascade d\u2019Erawan & Rivi\u00e8re Kwai \u2013 Excursion depuis Bangkok -","og_description":"Cascade d\u2019Erawan & Rivi\u00e8re Kwai : excursion depuis Bangkok avec baignade, nature et visite historique. Journ\u00e9e compl\u00e8te \u00e0 Kanchanaburi.","og_url":"https:\/\/lunayatravel.com\/en\/product\/cascade-erawan-riviere-kwai-bangkok\/","article_publisher":"https:\/\/www.facebook.com\/lunayaTravel\/","article_modified_time":"2026-04-08T05:45:29+00:00","og_image":[{"width":900,"height":596,"url":"https:\/\/lunayatravel.com\/wp-content\/uploads\/2025\/07\/Cascade-dErawan.jpg","type":"image\/jpeg"}],"twitter_card":"summary_large_image","twitter_misc":{"Estimated reading time":"2 minutes"},"schema":{"@context":"https:\/\/schema.org","@graph":[{"@type":"WebPage","@id":"https:\/\/lunayatravel.com\/produit\/cascade-erawan-riviere-kwai-bangkok\/","url":"https:\/\/lunayatravel.com\/produit\/cascade-erawan-riviere-kwai-bangkok\/","name":"Cascade d\u2019Erawan & Rivi\u00e8re Kwai \u2013 Excursion depuis Bangkok -","isPartOf":{"@id":"https:\/\/lunayatravel.com\/#website"},"primaryImageOfPage":{"@id":"https:\/\/lunayatravel.com\/produit\/cascade-erawan-riviere-kwai-bangkok\/#primaryimage"},"image":{"@id":"https:\/\/lunayatravel.com\/produit\/cascade-erawan-riviere-kwai-bangkok\/#primaryimage"},"thumbnailUrl":"https:\/\/lunayatravel.com\/wp-content\/uploads\/2025\/07\/Cascade-dErawan.jpg","datePublished":"2025-07-26T07:30:40+00:00","dateModified":"2026-04-08T05:45:29+00:00","description":"Cascade d\u2019Erawan & Rivi\u00e8re Kwai : excursion depuis Bangkok avec baignade, nature et visite historique. Journ\u00e9e compl\u00e8te \u00e0 Kanchanaburi.","breadcrumb":{"@id":"https:\/\/lunayatravel.com\/produit\/cascade-erawan-riviere-kwai-bangkok\/#breadcrumb"},"inLanguage":"en-GB","potentialAction":[{"@type":"ReadAction","target":["https:\/\/lunayatravel.com\/produit\/cascade-erawan-riviere-kwai-bangkok\/"]}]},{"@type":"ImageObject","inLanguage":"en-GB","@id":"https:\/\/lunayatravel.com\/produit\/cascade-erawan-riviere-kwai-bangkok\/#primaryimage","url":"https:\/\/lunayatravel.com\/wp-content\/uploads\/2025\/07\/Cascade-dErawan.jpg","contentUrl":"https:\/\/lunayatravel.com\/wp-content\/uploads\/2025\/07\/Cascade-dErawan.jpg","width":900,"height":596},{"@type":"BreadcrumbList","@id":"https:\/\/lunayatravel.com\/produit\/cascade-erawan-riviere-kwai-bangkok\/#breadcrumb","itemListElement":[{"@type":"ListItem","position":1,"name":"Accueil","item":"https:\/\/lunayatravel.com\/"},{"@type":"ListItem","position":2,"name":"Nos activit\u00e9s","item":"https:\/\/lunayatravel.com\/nos-activites\/"},{"@type":"ListItem","position":3,"name":"Cascade d\u2019Erawan &#038; Rivi\u00e8re Kwai \u2013 Excursion depuis Bangkok"}]},{"@type":"WebSite","@id":"https:\/\/lunayatravel.com\/#website","url":"https:\/\/lunayatravel.com\/","name":"","description":"","publisher":{"@id":"https:\/\/lunayatravel.com\/#organization"},"potentialAction":[{"@type":"SearchAction","target":{"@type":"EntryPoint","urlTemplate":"https:\/\/lunayatravel.com\/?s={search_term_string}"},"query-input":{"@type":"PropertyValueSpecification","valueRequired":true,"valueName":"search_term_string"}}],"inLanguage":"en-GB"},{"@type":"Organization","@id":"https:\/\/lunayatravel.com\/#organization","name":"Lunaya travel","alternateName":"Lunaya travel","url":"https:\/\/lunayatravel.com\/","logo":{"@type":"ImageObject","inLanguage":"en-GB","@id":"https:\/\/lunayatravel.com\/#\/schema\/logo\/image\/","url":"https:\/\/lunayatravel.com\/wp-content\/uploads\/2026\/03\/cropped-647319118_2379115739204013_337015058165053143_n.jpg","contentUrl":"https:\/\/lunayatravel.com\/wp-content\/uploads\/2026\/03\/cropped-647319118_2379115739204013_337015058165053143_n.jpg","width":1022,"height":1023,"caption":"Lunaya travel"},"image":{"@id":"https:\/\/lunayatravel.com\/#\/schema\/logo\/image\/"},"sameAs":["https:\/\/www.facebook.com\/lunayaTravel\/"]}]}},"uagb_featured_image_src":{"full":["https:\/\/lunayatravel.com\/wp-content\/uploads\/2025\/07\/Cascade-dErawan.jpg",900,596,false],"thumbnail":["https:\/\/lunayatravel.com\/wp-content\/uploads\/2025\/07\/Cascade-dErawan-150x150.jpg",150,150,true],"medium":["https:\/\/lunayatravel.com\/wp-content\/uploads\/2025\/07\/Cascade-dErawan-300x199.jpg",300,199,true],"medium_large":["https:\/\/lunayatravel.com\/wp-content\/uploads\/2025\/07\/Cascade-dErawan-768x509.jpg",768,509,true],"large":["https:\/\/lunayatravel.com\/wp-content\/uploads\/2025\/07\/Cascade-dErawan.jpg",900,596,false],"1536x1536":["https:\/\/lunayatravel.com\/wp-content\/uploads\/2025\/07\/Cascade-dErawan.jpg",900,596,false],"2048x2048":["https:\/\/lunayatravel.com\/wp-content\/uploads\/2025\/07\/Cascade-dErawan.jpg",900,596,false],"trp-custom-language-flag":["https:\/\/lunayatravel.com\/wp-content\/uploads\/2025\/07\/Cascade-dErawan-18x12.jpg",18,12,true],"widget-thumbnail":["https:\/\/lunayatravel.com\/wp-content\/uploads\/2025\/07\/Cascade-dErawan-75x75.jpg",75,75,true],"mailpoet_newsletter_max":["https:\/\/lunayatravel.com\/wp-content\/uploads\/2025\/07\/Cascade-dErawan.jpg",900,596,false],"woocommerce_thumbnail":["https:\/\/lunayatravel.com\/wp-content\/uploads\/2025\/07\/Cascade-dErawan-300x300.jpg",300,300,true],"woocommerce_single":["https:\/\/lunayatravel.com\/wp-content\/uploads\/2025\/07\/Cascade-dErawan-600x397.jpg",600,397,true],"woocommerce_gallery_thumbnail":["https:\/\/lunayatravel.com\/wp-content\/uploads\/2025\/07\/Cascade-dErawan-100x100.jpg",100,100,true],"sow-carousel-default":["https:\/\/lunayatravel.com\/wp-content\/uploads\/2025\/07\/Cascade-dErawan-272x182.jpg",272,182,true]},"uagb_author_info":{"display_name":"haemers stephanie","author_link":"https:\/\/lunayatravel.com\/en\/author\/"},"uagb_comment_info":0,"uagb_excerpt":"Moments forts Nagez dans les eaux turquoise de la cascade d\u2019Erawan \u00e0 7 niveaux D\u00e9couvrez le c\u00e9l\u00e8bre pont sur la rivi\u00e8re Kwai Plongez dans l\u2019histoire au mus\u00e9e de la guerre JEATH Description Partez pour une journ\u00e9e immersive en pleine nature dans la province de Kanchanaburi Explorez les chutes d\u2019Erawan, compos\u00e9es de 7 niveaux aux eaux&hellip;","jetpack_sharing_enabled":true,"_links":{"self":[{"href":"https:\/\/lunayatravel.com\/en\/wp-json\/wp\/v2\/product\/30034","targetHints":{"allow":["GET"]}}],"collection":[{"href":"https:\/\/lunayatravel.com\/en\/wp-json\/wp\/v2\/product"}],"about":[{"href":"https:\/\/lunayatravel.com\/en\/wp-json\/wp\/v2\/types\/product"}],"replies":[{"embeddable":true,"href":"https:\/\/lunayatravel.com\/en\/wp-json\/wp\/v2\/comments?post=30034"}],"wp:featuredmedia":[{"embeddable":true,"href":"https:\/\/lunayatravel.com\/en\/wp-json\/wp\/v2\/media\/30974"}],"wp:attachment":[{"href":"https:\/\/lunayatravel.com\/en\/wp-json\/wp\/v2\/media?parent=30034"}],"wp:term":[{"taxonomy":"product_brand","embeddable":true,"href":"https:\/\/lunayatravel.com\/en\/wp-json\/wp\/v2\/product_brand?post=30034"},{"taxonomy":"product_cat","embeddable":true,"href":"https:\/\/lunayatravel.com\/en\/wp-json\/wp\/v2\/product_cat?post=30034"},{"taxonomy":"product_tag","embeddable":true,"href":"https:\/\/lunayatravel.com\/en\/wp-json\/wp\/v2\/product_tag?post=30034"}],"curies":[{"name":"wp","href":"https:\/\/api.w.org\/{rel}","templated":true}]}}