{"id":29986,"date":"2025-07-22T10:50:12","date_gmt":"2025-07-22T08:50:12","guid":{"rendered":"https:\/\/itctoursvoyages.com\/?post_type=product&#038;p=29986"},"modified":"2026-04-08T08:52:45","modified_gmt":"2026-04-08T06:52:45","slug":"croisiere-twilight-white-orchid-bangkok","status":"publish","type":"product","link":"https:\/\/lunayatravel.com\/en\/product\/croisiere-twilight-white-orchid-bangkok\/","title":{"rendered":"Twilight White Orchid Cruise \u2013 Sunset Dinner"},"content":{"rendered":"<div class=\"no-scrollbar flex min-h-36 flex-nowrap gap-0.5 overflow-auto sm:gap-1 sm:overflow-hidden xl:min-h-44 mt-1 mb-5 [&amp;:not(:first-child)]:mt-4\">\n<div class=\"border-token-border-default relative w-32 shrink-0 overflow-hidden rounded-xl border-[0.5px] md:shrink max-h-64 sm:w-[calc((100%-0.5rem)\/3)] rounded-s-xl\">\n<div class=\"group\/search-image @container\/search-image relative rounded-[inherit] h-full w-full\">\n<div><\/div>\n<\/div>\n<\/div>\n<div class=\"border-token-border-default relative w-32 shrink-0 overflow-hidden rounded-xl border-[0.5px] md:shrink max-h-64 sm:w-[calc((100%-0.5rem)\/3)]\">\n<div class=\"group\/search-image @container\/search-image relative rounded-[inherit] h-full w-full\">\n<div><\/div>\n<\/div>\n<\/div>\n<div class=\"border-token-border-default relative w-32 shrink-0 overflow-hidden rounded-xl border-[0.5px] md:shrink max-h-64 sm:w-[calc((100%-0.5rem)\/3)] rounded-e-xl\">\n<div class=\"group\/search-image @container\/search-image relative rounded-[inherit] h-full w-full\">\n<div><\/div>\n<div class=\"pointer-events-none absolute inset-x-2 bottom-2 z-0 flex max-w-[calc(100%-1rem)] flex-wrap items-end justify-end gap-1.5\">\n<div class=\"shrink-0\">\n<div class=\"flex items-center gap-1 rounded-full px-2 py-1.5 text-white backdrop-blur-md backdrop-brightness-75\"><strong data-start=\"243\" data-end=\"379\">Profitez d une croisi\u00e8re au cr\u00e9puscule sur le fleuve Chao Phraya avec d\u00eener buffet, musique live et vues spectaculaires sur Bangkok.<\/strong><\/div>\n<\/div>\n<\/div>\n<\/div>\n<\/div>\n<\/div>\n<p data-start=\"383\" data-end=\"494\">La Twilight White Orchid Cruise est id\u00e9ale pour d\u00e9couvrir la ville dans une ambiance plus calme, avant la nuit.<\/p>\n<hr data-start=\"496\" data-end=\"499\" \/>\n<h2 data-section-id=\"1wh211c\" data-start=\"501\" data-end=\"554\">Pourquoi choisir cette croisi\u00e8re Twilight ?<\/h2>\n<ul data-start=\"556\" data-end=\"779\">\n<li data-section-id=\"1mfubmw\" data-start=\"556\" data-end=\"608\">Croisi\u00e8re au moment magique du coucher du soleil<\/li>\n<li data-section-id=\"1en1nir\" data-start=\"609\" data-end=\"655\">Vue sur les temples et monuments illumin\u00e9s<\/li>\n<li data-section-id=\"dfjavx\" data-start=\"656\" data-end=\"690\">Buffet international \u00e0 volont\u00e9<\/li>\n<li data-section-id=\"1wkjben\" data-start=\"691\" data-end=\"715\">Bi\u00e8re locale incluse<\/li>\n<li data-section-id=\"1ss7k6x\" data-start=\"716\" data-end=\"742\">Ambiance musicale live<\/li>\n<li data-section-id=\"1het9lh\" data-start=\"743\" data-end=\"779\">D\u00e9part pratique depuis Asiatique<\/li>\n<\/ul>\n<hr data-start=\"781\" data-end=\"784\" \/>\n<h2 data-section-id=\"10p4r3b\" data-start=\"786\" data-end=\"821\">\u00a0Programme de la croisi\u00e8re<\/h2>\n<h3 data-section-id=\"eecgfv\" data-start=\"823\" data-end=\"863\">\u00a0Enregistrement &amp; embarquement<\/h3>\n<div class=\"no-scrollbar flex min-h-36 flex-nowrap gap-0.5 overflow-auto sm:gap-1 sm:overflow-hidden xl:min-h-44 mt-1 mb-5 [&amp;:not(:first-child)]:mt-4\">\n<div class=\"border-token-border-default relative w-32 shrink-0 overflow-hidden rounded-xl border-[0.5px] md:shrink max-h-64 sm:w-[calc((100%-0.5rem)\/3)] rounded-s-xl\">\n<div class=\"group\/search-image @container\/search-image relative rounded-[inherit] h-full w-full\">\n<div><img loading=\"lazy\" decoding=\"async\" class=\"bg-token-main-surface-tertiary m-0 h-full w-full object-cover alignnone\" src=\"https:\/\/cdn.getyourguide.com\/img\/tour\/557e5d7f503ff60b4f1294d0ed4c2214d07b5726b080d4acbf50f9ba69f75a3a.jpg\/148.jpg\" alt=\"croisi\u00e8re\" width=\"1200\" height=\"630\" \/><\/div>\n<\/div>\n<\/div>\n<div class=\"border-token-border-default relative w-32 shrink-0 overflow-hidden rounded-xl border-[0.5px] md:shrink max-h-64 sm:w-[calc((100%-0.5rem)\/3)]\">\n<div class=\"group\/search-image @container\/search-image relative rounded-[inherit] h-full w-full\">\n<div><\/div>\n<\/div>\n<\/div>\n<div class=\"border-token-border-default relative w-32 shrink-0 overflow-hidden rounded-xl border-[0.5px] md:shrink max-h-64 sm:w-[calc((100%-0.5rem)\/3)] rounded-e-xl\">\n<div class=\"group\/search-image @container\/search-image relative rounded-[inherit] h-full w-full\">\n<div><\/div>\n<div class=\"pointer-events-none absolute inset-x-2 bottom-2 z-0 flex max-w-[calc(100%-1rem)] flex-wrap items-end justify-end gap-1.5\">\n<div class=\"shrink-0\">\n<div class=\"flex items-center gap-1 rounded-full px-2 py-1.5 text-white backdrop-blur-md backdrop-brightness-75\"><\/div>\n<\/div>\n<\/div>\n<\/div>\n<\/div>\n<\/div>\n<p data-start=\"907\" data-end=\"949\"><span class=\"hover:entity-accent entity-underline inline cursor-pointer align-baseline\"><span class=\"whitespace-normal\">Asiatique The Riverfront<\/span><\/span><\/p>\n<ul data-start=\"951\" data-end=\"1060\">\n<li data-section-id=\"9g5pzq\" data-start=\"951\" data-end=\"1021\"><strong data-start=\"953\" data-end=\"972\">16h00 \u2013 16h50 :<\/strong> Enregistrement au comptoir White Orchid Cruise<\/li>\n<li data-section-id=\"8e9lct\" data-start=\"1022\" data-end=\"1060\"><strong data-start=\"1024\" data-end=\"1035\">17h00 :<\/strong> Embarquement et d\u00e9part<\/li>\n<\/ul>\n<hr data-start=\"1062\" data-end=\"1065\" \/>\n<h3 data-section-id=\"r4xqp0\" data-start=\"1067\" data-end=\"1099\">Navigation &amp; panorama<\/h3>\n<p data-start=\"1143\" data-end=\"1176\">Pendant la journ\u00e9e, admirez :<\/p>\n<ul data-start=\"1178\" data-end=\"1251\">\n<li data-section-id=\"1xw9f0i\" data-start=\"1178\" data-end=\"1190\">Wat Arun<\/li>\n<li data-section-id=\"1cyc661\" data-start=\"1191\" data-end=\"1210\">Le Grand Palais<\/li>\n<li data-section-id=\"8cgbwy\" data-start=\"1211\" data-end=\"1229\">Le pont Rama I<\/li>\n<li data-section-id=\"u4htqc\" data-start=\"1230\" data-end=\"1251\">Le pont Rama VIII<\/li>\n<\/ul>\n<hr data-start=\"1253\" data-end=\"1256\" \/>\n<h3 data-section-id=\"1fn0l16\" data-start=\"1258\" data-end=\"1292\">\u00a0D\u00eener buffet &amp; ambiance<\/h3>\n<p data-start=\"1336\" data-end=\"1374\">Buffet \u00e0 volont\u00e9 servi \u00e0 bord avec :<\/p>\n<ul data-start=\"1376\" data-end=\"1466\">\n<li data-section-id=\"rn2k77\" data-start=\"1376\" data-end=\"1418\">Cuisine tha\u00eflandaise et internationale<\/li>\n<li data-section-id=\"1qnp89p\" data-start=\"1419\" data-end=\"1445\">Bi\u00e8re locale \u00e0 volont\u00e9<\/li>\n<li data-section-id=\"1hwvwt8\" data-start=\"1446\" data-end=\"1466\">Caf\u00e9, th\u00e9 et eau<\/li>\n<\/ul>\n<p data-start=\"1468\" data-end=\"1511\">\u00a0Musique live pendant toute la croisi\u00e8re.<\/p>\n<hr data-start=\"1513\" data-end=\"1516\" \/>\n<h3 data-section-id=\"129jyru\" data-start=\"1518\" data-end=\"1547\">Retour \u00e0 Asiatique<\/h3>\n<p data-start=\"1549\" data-end=\"1603\"><strong data-start=\"1549\" data-end=\"1560\">18h45 :<\/strong><br data-start=\"1560\" data-end=\"1563\" \/>Retour au quai apr\u00e8s 1h45 de navigation.<\/p>\n<hr data-start=\"1605\" data-end=\"1608\" \/>\n<h2 data-section-id=\"m50aq\" data-start=\"1610\" data-end=\"1637\">\u00a0Ce qui est inclus<\/h2>\n<ul data-start=\"1639\" data-end=\"1786\">\n<li data-section-id=\"1wtfhoz\" data-start=\"1639\" data-end=\"1681\">Croisi\u00e8re de 1h45 au coucher du soleil<\/li>\n<li data-section-id=\"14i8a23\" data-start=\"1682\" data-end=\"1721\">Buffet tha\u00eflandais et international<\/li>\n<li data-section-id=\"1qnp89p\" data-start=\"1722\" data-end=\"1748\">Bi\u00e8re locale \u00e0 volont\u00e9<\/li>\n<li data-section-id=\"1hwvwt8\" data-start=\"1749\" data-end=\"1769\">Caf\u00e9, th\u00e9 et eau<\/li>\n<li data-section-id=\"15y482l\" data-start=\"1770\" data-end=\"1786\">Musique live<\/li>\n<\/ul>\n<hr data-start=\"1788\" data-end=\"1791\" \/>\n<h2 data-section-id=\"dp4bwk\" data-start=\"1793\" data-end=\"1813\">\u00a0Non inclus<\/h2>\n<ul data-start=\"1815\" data-end=\"1882\">\n<li data-section-id=\"1gx7kv0\" data-start=\"1815\" data-end=\"1853\">Transferts depuis\/vers votre h\u00f4tel<\/li>\n<li data-section-id=\"gr0zhf\" data-start=\"1854\" data-end=\"1882\">Boissons suppl\u00e9mentaires<\/li>\n<\/ul>\n<hr data-start=\"1884\" data-end=\"1887\" \/>\n<h2 data-section-id=\"fnnlp2\" data-start=\"1889\" data-end=\"1921\">\u00a0Informations pratiques<\/h2>\n<ul data-start=\"1923\" data-end=\"2120\">\n<li data-section-id=\"nq56vq\" data-start=\"1923\" data-end=\"1970\">D\u00e9part et retour : Asiatique The Riverfront<\/li>\n<li data-section-id=\"buqfm8\" data-start=\"1971\" data-end=\"2039\">Acc\u00e8s : BTS Saphan Taksin (sortie 2) + navette fluviale gratuite<\/li>\n<li data-section-id=\"1tg895i\" data-start=\"2040\" data-end=\"2078\">Activit\u00e9 id\u00e9ale en d\u00e9but de soir\u00e9e<\/li>\n<li data-section-id=\"b6qtzb\" data-start=\"2079\" data-end=\"2120\">Itin\u00e9raire adaptable selon conditions<\/li>\n<\/ul>\n<hr data-start=\"2122\" data-end=\"2125\" \/>\n<h2 data-section-id=\"9803m\" data-start=\"2127\" data-end=\"2170\">Conseils pour profiter au maximum<\/h2>\n<ul data-start=\"2172\" data-end=\"2341\">\n<li data-section-id=\"2n8top\" data-start=\"2172\" data-end=\"2215\">Arriver en avance pour l\u2019enregistrement<\/li>\n<li data-section-id=\"mjynll\" data-start=\"2216\" data-end=\"2268\">Prendre appareil photo pour le coucher du soleil<\/li>\n<li data-section-id=\"py2vk9\" data-start=\"2269\" data-end=\"2298\">Pr\u00e9voir tenue confortable<\/li>\n<li data-section-id=\"1wxvfzr\" data-start=\"2299\" data-end=\"2341\">Profiter du pont ext\u00e9rieur pour la vue<\/li>\n<\/ul>\n","protected":false},"excerpt":{"rendered":"<h3 data-section-id=\"hxsibk\" data-start=\"55\" data-end=\"72\">Description<\/h3>\n<ul data-start=\"74\" data-end=\"463\">\n<li data-section-id=\"1xqnbbn\" data-start=\"74\" data-end=\"139\">Vivez la magie du coucher de soleil sur le fleuve Chao Phraya<\/li>\n<li data-section-id=\"226hqo\" data-start=\"140\" data-end=\"185\">Embarquez depuis Asiatique The Riverfront<\/li>\n<li data-section-id=\"7fwhmr\" data-start=\"186\" data-end=\"258\">Admirez les monuments embl\u00e9matiques de Bangkok de jour comme de nuit<\/li>\n<li data-section-id=\"bcvsla\" data-start=\"259\" data-end=\"300\">Profitez d\u2019un buffet savoureux \u00e0 bord<\/li>\n<li data-section-id=\"1ts79k3\" data-start=\"301\" data-end=\"355\">Let yourself be carried away by a live musical atmosphere<\/li>\n<li data-section-id=\"7sldmb\" data-start=\"356\" data-end=\"405\">D\u00e9couvrez la beaut\u00e9 du fleuve \u00e0 l\u2019heure dor\u00e9e<\/li>\n<li data-section-id=\"ov0ff3\" data-start=\"406\" data-end=\"463\">Vivez une exp\u00e9rience immersive et m\u00e9morable \u00e0 Bangkok<\/li>\n<\/ul>","protected":false},"featured_media":29988,"comment_status":"open","ping_status":"closed","template":"","meta":{"_uag_custom_page_level_css":""},"product_brand":[],"product_cat":[34],"product_tag":[],"class_list":{"0":"post-29986","1":"product","2":"type-product","3":"status-publish","4":"has-post-thumbnail","6":"product_cat-bangkok","8":"first","9":"instock","10":"virtual","11":"taxable","12":"purchasable","13":"product-type-simple"},"yoast_head":"<!-- This site is optimized with the Yoast SEO plugin v27.1.1 - https:\/\/yoast.com\/product\/yoast-seo-wordpress\/ -->\n<title>Croisi\u00e8re Twilight White Orchid \u2013 D\u00eener au coucher du soleil -<\/title>\n<meta name=\"description\" content=\"Croisi\u00e8re coucher de soleil Bangkok : buffet \u00e0 volont\u00e9, bi\u00e8re incluse et vue sur Wat Arun et le Grand Palais. D\u00e9part Asiatique.\" \/>\n<meta name=\"robots\" content=\"index, follow, max-snippet:-1, max-image-preview:large, max-video-preview:-1\" \/>\n<link rel=\"canonical\" href=\"https:\/\/lunayatravel.com\/en\/product\/croisiere-twilight-white-orchid-bangkok\/\" \/>\n<meta property=\"og:locale\" content=\"en_GB\" \/>\n<meta property=\"og:type\" content=\"article\" \/>\n<meta property=\"og:title\" content=\"Croisi\u00e8re Twilight White Orchid \u2013 D\u00eener au coucher du soleil -\" \/>\n<meta property=\"og:description\" content=\"Croisi\u00e8re coucher de soleil Bangkok : buffet \u00e0 volont\u00e9, bi\u00e8re incluse et vue sur Wat Arun et le Grand Palais. D\u00e9part Asiatique.\" \/>\n<meta property=\"og:url\" content=\"https:\/\/lunayatravel.com\/en\/product\/croisiere-twilight-white-orchid-bangkok\/\" \/>\n<meta property=\"article:publisher\" content=\"https:\/\/www.facebook.com\/lunayaTravel\/\" \/>\n<meta property=\"article:modified_time\" content=\"2026-04-08T06:52:45+00:00\" \/>\n<meta property=\"og:image\" content=\"https:\/\/lunayatravel.com\/wp-content\/uploads\/2025\/07\/351188.webp\" \/>\n\t<meta property=\"og:image:width\" content=\"720\" \/>\n\t<meta property=\"og:image:height\" content=\"540\" \/>\n\t<meta property=\"og:image:type\" content=\"image\/webp\" \/>\n<meta name=\"twitter:card\" content=\"summary_large_image\" \/>\n<meta name=\"twitter:label1\" content=\"Estimated reading time\" \/>\n\t<meta name=\"twitter:data1\" content=\"2 minutes\" \/>\n<script type=\"application\/ld+json\" class=\"yoast-schema-graph\">{\"@context\":\"https:\/\/schema.org\",\"@graph\":[{\"@type\":\"WebPage\",\"@id\":\"https:\/\/lunayatravel.com\/produit\/croisiere-twilight-white-orchid-bangkok\/\",\"url\":\"https:\/\/lunayatravel.com\/produit\/croisiere-twilight-white-orchid-bangkok\/\",\"name\":\"Croisi\u00e8re Twilight White Orchid \u2013 D\u00eener au coucher du soleil -\",\"isPartOf\":{\"@id\":\"https:\/\/lunayatravel.com\/#website\"},\"primaryImageOfPage\":{\"@id\":\"https:\/\/lunayatravel.com\/produit\/croisiere-twilight-white-orchid-bangkok\/#primaryimage\"},\"image\":{\"@id\":\"https:\/\/lunayatravel.com\/produit\/croisiere-twilight-white-orchid-bangkok\/#primaryimage\"},\"thumbnailUrl\":\"https:\/\/lunayatravel.com\/wp-content\/uploads\/2025\/07\/351188.webp\",\"datePublished\":\"2025-07-22T08:50:12+00:00\",\"dateModified\":\"2026-04-08T06:52:45+00:00\",\"description\":\"Croisi\u00e8re coucher de soleil Bangkok : buffet \u00e0 volont\u00e9, bi\u00e8re incluse et vue sur Wat Arun et le Grand Palais. D\u00e9part Asiatique.\",\"breadcrumb\":{\"@id\":\"https:\/\/lunayatravel.com\/produit\/croisiere-twilight-white-orchid-bangkok\/#breadcrumb\"},\"inLanguage\":\"en-GB\",\"potentialAction\":[{\"@type\":\"ReadAction\",\"target\":[\"https:\/\/lunayatravel.com\/produit\/croisiere-twilight-white-orchid-bangkok\/\"]}]},{\"@type\":\"ImageObject\",\"inLanguage\":\"en-GB\",\"@id\":\"https:\/\/lunayatravel.com\/produit\/croisiere-twilight-white-orchid-bangkok\/#primaryimage\",\"url\":\"https:\/\/lunayatravel.com\/wp-content\/uploads\/2025\/07\/351188.webp\",\"contentUrl\":\"https:\/\/lunayatravel.com\/wp-content\/uploads\/2025\/07\/351188.webp\",\"width\":720,\"height\":540,\"caption\":\"croisi\u00e8re\"},{\"@type\":\"BreadcrumbList\",\"@id\":\"https:\/\/lunayatravel.com\/produit\/croisiere-twilight-white-orchid-bangkok\/#breadcrumb\",\"itemListElement\":[{\"@type\":\"ListItem\",\"position\":1,\"name\":\"Accueil\",\"item\":\"https:\/\/lunayatravel.com\/\"},{\"@type\":\"ListItem\",\"position\":2,\"name\":\"Nos activit\u00e9s\",\"item\":\"https:\/\/lunayatravel.com\/nos-activites\/\"},{\"@type\":\"ListItem\",\"position\":3,\"name\":\"Croisi\u00e8re Twilight White Orchid \u2013 D\u00eener au coucher du soleil\"}]},{\"@type\":\"WebSite\",\"@id\":\"https:\/\/lunayatravel.com\/#website\",\"url\":\"https:\/\/lunayatravel.com\/\",\"name\":\"\",\"description\":\"\",\"publisher\":{\"@id\":\"https:\/\/lunayatravel.com\/#organization\"},\"potentialAction\":[{\"@type\":\"SearchAction\",\"target\":{\"@type\":\"EntryPoint\",\"urlTemplate\":\"https:\/\/lunayatravel.com\/?s={search_term_string}\"},\"query-input\":{\"@type\":\"PropertyValueSpecification\",\"valueRequired\":true,\"valueName\":\"search_term_string\"}}],\"inLanguage\":\"en-GB\"},{\"@type\":\"Organization\",\"@id\":\"https:\/\/lunayatravel.com\/#organization\",\"name\":\"Lunaya travel\",\"alternateName\":\"Lunaya travel\",\"url\":\"https:\/\/lunayatravel.com\/\",\"logo\":{\"@type\":\"ImageObject\",\"inLanguage\":\"en-GB\",\"@id\":\"https:\/\/lunayatravel.com\/#\/schema\/logo\/image\/\",\"url\":\"https:\/\/lunayatravel.com\/wp-content\/uploads\/2026\/03\/cropped-647319118_2379115739204013_337015058165053143_n.jpg\",\"contentUrl\":\"https:\/\/lunayatravel.com\/wp-content\/uploads\/2026\/03\/cropped-647319118_2379115739204013_337015058165053143_n.jpg\",\"width\":1022,\"height\":1023,\"caption\":\"Lunaya travel\"},\"image\":{\"@id\":\"https:\/\/lunayatravel.com\/#\/schema\/logo\/image\/\"},\"sameAs\":[\"https:\/\/www.facebook.com\/lunayaTravel\/\"]}]}<\/script>\n<!-- \/ Yoast SEO plugin. -->","yoast_head_json":{"title":"Croisi\u00e8re Twilight White Orchid \u2013 D\u00eener au coucher du soleil -","description":"Croisi\u00e8re coucher de soleil Bangkok : buffet \u00e0 volont\u00e9, bi\u00e8re incluse et vue sur Wat Arun et le Grand Palais. D\u00e9part Asiatique.","robots":{"index":"index","follow":"follow","max-snippet":"max-snippet:-1","max-image-preview":"max-image-preview:large","max-video-preview":"max-video-preview:-1"},"canonical":"https:\/\/lunayatravel.com\/en\/product\/croisiere-twilight-white-orchid-bangkok\/","og_locale":"en_GB","og_type":"article","og_title":"Croisi\u00e8re Twilight White Orchid \u2013 D\u00eener au coucher du soleil -","og_description":"Croisi\u00e8re coucher de soleil Bangkok : buffet \u00e0 volont\u00e9, bi\u00e8re incluse et vue sur Wat Arun et le Grand Palais. D\u00e9part Asiatique.","og_url":"https:\/\/lunayatravel.com\/en\/product\/croisiere-twilight-white-orchid-bangkok\/","article_publisher":"https:\/\/www.facebook.com\/lunayaTravel\/","article_modified_time":"2026-04-08T06:52:45+00:00","og_image":[{"width":720,"height":540,"url":"https:\/\/lunayatravel.com\/wp-content\/uploads\/2025\/07\/351188.webp","type":"image\/webp"}],"twitter_card":"summary_large_image","twitter_misc":{"Estimated reading time":"2 minutes"},"schema":{"@context":"https:\/\/schema.org","@graph":[{"@type":"WebPage","@id":"https:\/\/lunayatravel.com\/produit\/croisiere-twilight-white-orchid-bangkok\/","url":"https:\/\/lunayatravel.com\/produit\/croisiere-twilight-white-orchid-bangkok\/","name":"Croisi\u00e8re Twilight White Orchid \u2013 D\u00eener au coucher du soleil -","isPartOf":{"@id":"https:\/\/lunayatravel.com\/#website"},"primaryImageOfPage":{"@id":"https:\/\/lunayatravel.com\/produit\/croisiere-twilight-white-orchid-bangkok\/#primaryimage"},"image":{"@id":"https:\/\/lunayatravel.com\/produit\/croisiere-twilight-white-orchid-bangkok\/#primaryimage"},"thumbnailUrl":"https:\/\/lunayatravel.com\/wp-content\/uploads\/2025\/07\/351188.webp","datePublished":"2025-07-22T08:50:12+00:00","dateModified":"2026-04-08T06:52:45+00:00","description":"Croisi\u00e8re coucher de soleil Bangkok : buffet \u00e0 volont\u00e9, bi\u00e8re incluse et vue sur Wat Arun et le Grand Palais. D\u00e9part Asiatique.","breadcrumb":{"@id":"https:\/\/lunayatravel.com\/produit\/croisiere-twilight-white-orchid-bangkok\/#breadcrumb"},"inLanguage":"en-GB","potentialAction":[{"@type":"ReadAction","target":["https:\/\/lunayatravel.com\/produit\/croisiere-twilight-white-orchid-bangkok\/"]}]},{"@type":"ImageObject","inLanguage":"en-GB","@id":"https:\/\/lunayatravel.com\/produit\/croisiere-twilight-white-orchid-bangkok\/#primaryimage","url":"https:\/\/lunayatravel.com\/wp-content\/uploads\/2025\/07\/351188.webp","contentUrl":"https:\/\/lunayatravel.com\/wp-content\/uploads\/2025\/07\/351188.webp","width":720,"height":540,"caption":"croisi\u00e8re"},{"@type":"BreadcrumbList","@id":"https:\/\/lunayatravel.com\/produit\/croisiere-twilight-white-orchid-bangkok\/#breadcrumb","itemListElement":[{"@type":"ListItem","position":1,"name":"Accueil","item":"https:\/\/lunayatravel.com\/"},{"@type":"ListItem","position":2,"name":"Nos activit\u00e9s","item":"https:\/\/lunayatravel.com\/nos-activites\/"},{"@type":"ListItem","position":3,"name":"Croisi\u00e8re Twilight White Orchid \u2013 D\u00eener au coucher du soleil"}]},{"@type":"WebSite","@id":"https:\/\/lunayatravel.com\/#website","url":"https:\/\/lunayatravel.com\/","name":"","description":"","publisher":{"@id":"https:\/\/lunayatravel.com\/#organization"},"potentialAction":[{"@type":"SearchAction","target":{"@type":"EntryPoint","urlTemplate":"https:\/\/lunayatravel.com\/?s={search_term_string}"},"query-input":{"@type":"PropertyValueSpecification","valueRequired":true,"valueName":"search_term_string"}}],"inLanguage":"en-GB"},{"@type":"Organization","@id":"https:\/\/lunayatravel.com\/#organization","name":"Lunaya travel","alternateName":"Lunaya travel","url":"https:\/\/lunayatravel.com\/","logo":{"@type":"ImageObject","inLanguage":"en-GB","@id":"https:\/\/lunayatravel.com\/#\/schema\/logo\/image\/","url":"https:\/\/lunayatravel.com\/wp-content\/uploads\/2026\/03\/cropped-647319118_2379115739204013_337015058165053143_n.jpg","contentUrl":"https:\/\/lunayatravel.com\/wp-content\/uploads\/2026\/03\/cropped-647319118_2379115739204013_337015058165053143_n.jpg","width":1022,"height":1023,"caption":"Lunaya travel"},"image":{"@id":"https:\/\/lunayatravel.com\/#\/schema\/logo\/image\/"},"sameAs":["https:\/\/www.facebook.com\/lunayaTravel\/"]}]}},"uagb_featured_image_src":{"full":["https:\/\/lunayatravel.com\/wp-content\/uploads\/2025\/07\/351188.webp",720,540,false],"thumbnail":["https:\/\/lunayatravel.com\/wp-content\/uploads\/2025\/07\/351188-150x150.webp",150,150,true],"medium":["https:\/\/lunayatravel.com\/wp-content\/uploads\/2025\/07\/351188-300x225.webp",300,225,true],"medium_large":["https:\/\/lunayatravel.com\/wp-content\/uploads\/2025\/07\/351188.webp",720,540,false],"large":["https:\/\/lunayatravel.com\/wp-content\/uploads\/2025\/07\/351188.webp",720,540,false],"1536x1536":["https:\/\/lunayatravel.com\/wp-content\/uploads\/2025\/07\/351188.webp",720,540,false],"2048x2048":["https:\/\/lunayatravel.com\/wp-content\/uploads\/2025\/07\/351188.webp",720,540,false],"trp-custom-language-flag":["https:\/\/lunayatravel.com\/wp-content\/uploads\/2025\/07\/351188.webp",16,12,false],"widget-thumbnail":["https:\/\/lunayatravel.com\/wp-content\/uploads\/2025\/07\/351188-75x75.webp",75,75,true],"mailpoet_newsletter_max":["https:\/\/lunayatravel.com\/wp-content\/uploads\/2025\/07\/351188.webp",720,540,false],"woocommerce_thumbnail":["https:\/\/lunayatravel.com\/wp-content\/uploads\/2025\/07\/351188-300x300.webp",300,300,true],"woocommerce_single":["https:\/\/lunayatravel.com\/wp-content\/uploads\/2025\/07\/351188-600x450.webp",600,450,true],"woocommerce_gallery_thumbnail":["https:\/\/lunayatravel.com\/wp-content\/uploads\/2025\/07\/351188-100x100.webp",100,100,true],"sow-carousel-default":["https:\/\/lunayatravel.com\/wp-content\/uploads\/2025\/07\/351188-272x182.webp",272,182,true]},"uagb_author_info":{"display_name":"haemers stephanie","author_link":"https:\/\/lunayatravel.com\/en\/author\/"},"uagb_comment_info":0,"uagb_excerpt":"Description Vivez la magie du coucher de soleil sur le fleuve Chao Phraya Embarquez depuis Asiatique The Riverfront Admirez les monuments embl\u00e9matiques de Bangkok de jour comme de nuit Profitez d\u2019un buffet savoureux \u00e0 bord Laissez-vous porter par une ambiance musicale live D\u00e9couvrez la beaut\u00e9 du fleuve \u00e0 l\u2019heure dor\u00e9e Vivez une exp\u00e9rience immersive et&hellip;","jetpack_sharing_enabled":true,"_links":{"self":[{"href":"https:\/\/lunayatravel.com\/en\/wp-json\/wp\/v2\/product\/29986","targetHints":{"allow":["GET"]}}],"collection":[{"href":"https:\/\/lunayatravel.com\/en\/wp-json\/wp\/v2\/product"}],"about":[{"href":"https:\/\/lunayatravel.com\/en\/wp-json\/wp\/v2\/types\/product"}],"replies":[{"embeddable":true,"href":"https:\/\/lunayatravel.com\/en\/wp-json\/wp\/v2\/comments?post=29986"}],"wp:featuredmedia":[{"embeddable":true,"href":"https:\/\/lunayatravel.com\/en\/wp-json\/wp\/v2\/media\/29988"}],"wp:attachment":[{"href":"https:\/\/lunayatravel.com\/en\/wp-json\/wp\/v2\/media?parent=29986"}],"wp:term":[{"taxonomy":"product_brand","embeddable":true,"href":"https:\/\/lunayatravel.com\/en\/wp-json\/wp\/v2\/product_brand?post=29986"},{"taxonomy":"product_cat","embeddable":true,"href":"https:\/\/lunayatravel.com\/en\/wp-json\/wp\/v2\/product_cat?post=29986"},{"taxonomy":"product_tag","embeddable":true,"href":"https:\/\/lunayatravel.com\/en\/wp-json\/wp\/v2\/product_tag?post=29986"}],"curies":[{"name":"wp","href":"https:\/\/api.w.org\/{rel}","templated":true}]}}