{"id":29981,"date":"2025-07-22T10:45:29","date_gmt":"2025-07-22T08:45:29","guid":{"rendered":"https:\/\/itctoursvoyages.com\/?post_type=product&#038;p=29981"},"modified":"2026-04-08T08:59:37","modified_gmt":"2026-04-08T06:59:37","slug":"siam-amazing-park-bangkok-billet","status":"publish","type":"product","link":"https:\/\/lunayatravel.com\/en\/product\/siam-amazing-park-bangkok-billet\/","title":{"rendered":"Siam Amazing Park \u2013 Water Park &amp; Rides Ticket + Buffet"},"content":{"rendered":"<div class=\"no-scrollbar flex min-h-36 flex-nowrap gap-0.5 overflow-auto sm:gap-1 sm:overflow-hidden xl:min-h-44 mt-1 mb-5 [&amp;:not(:first-child)]:mt-4\">\n<div class=\"border-token-border-default relative w-32 shrink-0 overflow-hidden rounded-xl border-[0.5px] md:shrink max-h-64 sm:w-[calc((100%-0.5rem)\/3)] rounded-s-xl\">\n<div class=\"group\/search-image @container\/search-image relative rounded-[inherit] h-full w-full\">\n<div><\/div>\n<\/div>\n<\/div>\n<div class=\"border-token-border-default relative w-32 shrink-0 overflow-hidden rounded-xl border-[0.5px] md:shrink max-h-64 sm:w-[calc((100%-0.5rem)\/3)]\">\n<div class=\"group\/search-image @container\/search-image relative rounded-[inherit] h-full w-full\">\n<div><img loading=\"lazy\" decoding=\"async\" class=\"bg-token-main-surface-tertiary m-0 h-full w-full object-cover alignnone\" src=\"https:\/\/media-cdn.tripadvisor.com\/media\/attractions-splice-spp-674x446\/06\/71\/25\/a7.jpg\" alt=\"Siam Amazing Park\" width=\"670\" height=\"446\" \/><\/div>\n<\/div>\n<\/div>\n<div class=\"border-token-border-default relative w-32 shrink-0 overflow-hidden rounded-xl border-[0.5px] md:shrink max-h-64 sm:w-[calc((100%-0.5rem)\/3)] rounded-e-xl\">\n<div class=\"group\/search-image @container\/search-image relative rounded-[inherit] h-full w-full\">\n<div><\/div>\n<div class=\"pointer-events-none absolute inset-x-2 bottom-2 z-0 flex max-w-[calc(100%-1rem)] flex-wrap items-end justify-end gap-1.5\">\n<div class=\"shrink-0\">\n<div class=\"flex items-center gap-1 rounded-full px-2 py-1.5 text-white backdrop-blur-md backdrop-brightness-75\"><\/div>\n<\/div>\n<\/div>\n<\/div>\n<\/div>\n<\/div>\n<p data-start=\"243\" data-end=\"388\"><strong data-start=\"243\" data-end=\"386\">Profitez d\u2019une journ\u00e9e compl\u00e8te de fun \u00e0 Bangkok avec un acc\u00e8s illimit\u00e9 au parc aquatique et aux man\u00e8ges, incluant un buffet international.<\/strong><\/p>\n<p data-start=\"390\" data-end=\"511\">Id\u00e9al pour une sortie en famille ou entre amis, Siam Amazing Park est l\u2019un des plus grands parcs de loisirs de Tha\u00eflande.<\/p>\n<hr data-start=\"513\" data-end=\"516\" \/>\n<h2 data-section-id=\"p5se3w\" data-start=\"518\" data-end=\"564\">Pourquoi choisir Siam Amazing Park ?<\/h2>\n<ul data-start=\"566\" data-end=\"779\">\n<li data-section-id=\"10ntq9w\" data-start=\"566\" data-end=\"621\">Acc\u00e8s illimit\u00e9 aux attractions et au parc aquatique<\/li>\n<li data-section-id=\"1g1acao\" data-start=\"622\" data-end=\"662\">Grande piscine \u00e0 vagues artificielle<\/li>\n<li data-section-id=\"14ns462\" data-start=\"663\" data-end=\"694\">Buffet international inclus<\/li>\n<li data-section-id=\"v0uyfo\" data-start=\"695\" data-end=\"725\">Activit\u00e9 id\u00e9ale en famille<\/li>\n<li data-section-id=\"1b2vayw\" data-start=\"726\" data-end=\"779\">Offre sp\u00e9ciale \u00e0 prix r\u00e9duit pour non-Tha\u00eflandais<\/li>\n<\/ul>\n<hr data-start=\"781\" data-end=\"784\" \/>\n<h2 data-section-id=\"10uavfq\" data-start=\"786\" data-end=\"808\">\u00a0Points forts<\/h2>\n<ul data-start=\"810\" data-end=\"1035\">\n<li data-section-id=\"18gy7ro\" data-start=\"810\" data-end=\"860\">Acc\u00e8s complet au parc aquatique et aux man\u00e8ges<\/li>\n<li data-section-id=\"1kcb7q8\" data-start=\"861\" data-end=\"922\">D\u00e9couverte de la gigantesque mer d\u2019eau douce artificielle<\/li>\n<li data-section-id=\"1f4y77r\" data-start=\"923\" data-end=\"972\">Buffet international avec option v\u00e9g\u00e9talienne<\/li>\n<li data-section-id=\"v7rsn7\" data-start=\"973\" data-end=\"1009\">R\u00e9duction jusqu\u2019\u00e0 50 % sur place<\/li>\n<li data-section-id=\"1eqk45j\" data-start=\"1010\" data-end=\"1035\">Code promo disponible<\/li>\n<\/ul>\n<hr data-start=\"1037\" data-end=\"1040\" \/>\n<h2 data-section-id=\"1u3s3wc\" data-start=\"1042\" data-end=\"1060\">Horaires<\/h2>\n<ul data-start=\"1062\" data-end=\"1213\">\n<li data-section-id=\"1y5wyjt\" data-start=\"1062\" data-end=\"1086\">Parc : 10h00 \u2013 18h00<\/li>\n<li data-section-id=\"1eqsmzk\" data-start=\"1087\" data-end=\"1153\">Buffet : 11h30 \u2013 14h30\n<ul data-start=\"1116\" data-end=\"1153\">\n<li data-section-id=\"8ub8uw\" data-start=\"1116\" data-end=\"1133\">11h30 \u2013 12h30<\/li>\n<li data-section-id=\"w1hjtm\" data-start=\"1136\" data-end=\"1153\">12h30 \u2013 13h30<\/li>\n<\/ul>\n<\/li>\n<li data-section-id=\"41bizz\" data-start=\"1154\" data-end=\"1213\">Lieu du buffet : Club House \u2013 2e \u00e9tage (parc aquatique)<\/li>\n<\/ul>\n<hr data-start=\"1215\" data-end=\"1218\" \/>\n<h2 data-section-id=\"m50aq\" data-start=\"1220\" data-end=\"1247\">\u00a0Ce qui est inclus<\/h2>\n<ul data-start=\"1249\" data-end=\"1372\">\n<li data-section-id=\"1hpoosc\" data-start=\"1249\" data-end=\"1300\">Pass journ\u00e9e complet (parc aquatique + man\u00e8ges)<\/li>\n<li data-section-id=\"14y5sje\" data-start=\"1301\" data-end=\"1334\">Buffet d\u00e9jeuner international<\/li>\n<li data-section-id=\"1uh0ms\" data-start=\"1335\" data-end=\"1372\">Options v\u00e9g\u00e9taliennes disponibles<\/li>\n<\/ul>\n<hr data-start=\"1374\" data-end=\"1377\" \/>\n<h2 data-section-id=\"mxm66z\" data-start=\"1379\" data-end=\"1401\">Tarif enfant<\/h2>\n<ul data-start=\"1403\" data-end=\"1437\">\n<li data-section-id=\"1kq6mdz\" data-start=\"1403\" data-end=\"1437\">Enfants entre 100 cm et 130 cm<\/li>\n<\/ul>\n<hr data-start=\"1439\" data-end=\"1442\" \/>\n<h2 data-section-id=\"dp4bwk\" data-start=\"1444\" data-end=\"1464\">\u00a0Non inclus<\/h2>\n<ul data-start=\"1466\" data-end=\"1518\">\n<li data-section-id=\"v8syog\" data-start=\"1466\" data-end=\"1492\">Transport vers le parc<\/li>\n<li data-section-id=\"1lp81df\" data-start=\"1493\" data-end=\"1518\">D\u00e9penses personnelles<\/li>\n<\/ul>\n<hr data-start=\"1520\" data-end=\"1523\" \/>\n<h2 data-section-id=\"iz91az\" data-start=\"1525\" data-end=\"1559\">Conditions d\u2019utilisation<\/h2>\n<ul data-start=\"1561\" data-end=\"1750\">\n<li data-section-id=\"c5am2x\" data-start=\"1561\" data-end=\"1608\">Billet valable uniquement \u00e0 la date choisie<\/li>\n<li data-section-id=\"1wsw5ph\" data-start=\"1609\" data-end=\"1659\">Pr\u00e9senter l\u2019e-mail de confirmation \u00e0 l\u2019arriv\u00e9e<\/li>\n<li data-section-id=\"qq552\" data-start=\"1660\" data-end=\"1702\">R\u00e9servation au moins 1 jour \u00e0 l\u2019avance<\/li>\n<li data-section-id=\"y432md\" data-start=\"1703\" data-end=\"1750\">Offre r\u00e9serv\u00e9e aux non-citoyens tha\u00eflandais<\/li>\n<\/ul>\n<hr data-start=\"1752\" data-end=\"1755\" \/>\n<h2 data-section-id=\"140sn8f\" data-start=\"1757\" data-end=\"1772\">Acc\u00e8s<\/h2>\n<p data-start=\"1774\" data-end=\"1816\">\ud83d\udccd <span class=\"hover:entity-accent entity-underline inline cursor-pointer align-baseline\"><span class=\"whitespace-normal\">Siam Amazing Park<\/span><\/span><\/p>\n<ul data-start=\"1818\" data-end=\"1908\">\n<li data-section-id=\"a76zy8\" data-start=\"1818\" data-end=\"1843\">Bus : 60, 71, 96, 115<\/li>\n<li data-section-id=\"1oyk6j8\" data-start=\"1844\" data-end=\"1872\">Bus climatis\u00e9 : 178, 519<\/li>\n<li data-section-id=\"ohmdt0\" data-start=\"1873\" data-end=\"1908\">Arr\u00eat : devant l\u2019entr\u00e9e du parc<\/li>\n<\/ul>\n<hr data-start=\"1910\" data-end=\"1913\" \/>\n<h2 data-section-id=\"9803m\" data-start=\"1915\" data-end=\"1958\">\u00a0Conseils pour profiter au maximum<\/h2>\n<ul data-start=\"1960\" data-end=\"2158\">\n<li data-section-id=\"taaho8\" data-start=\"1960\" data-end=\"1999\">Arriver t\u00f4t pour \u00e9viter l\u2019affluence<\/li>\n<li data-section-id=\"vvq8b4\" data-start=\"2000\" data-end=\"2040\">Pr\u00e9voir maillot de bain et serviette<\/li>\n<li data-section-id=\"12q81pl\" data-start=\"2041\" data-end=\"2067\">Apporter cr\u00e8me solaire<\/li>\n<li data-section-id=\"qc0u7j\" data-start=\"2068\" data-end=\"2105\">Pr\u00e9voir des v\u00eatements de rechange<\/li>\n<li data-section-id=\"1lcay25\" data-start=\"2106\" data-end=\"2158\">Profiter du buffet pendant les horaires indiqu\u00e9s<\/li>\n<\/ul>\n","protected":false},"excerpt":{"rendered":"<h3 data-section-id=\"hxsibk\" data-start=\"55\" data-end=\"72\">Description<\/h3>\n<ul data-start=\"74\" data-end=\"534\">\n<li data-section-id=\"1ckmesf\" data-start=\"74\" data-end=\"154\">Bienvenue \u00e0 Siam Amazing Park, le plus grand parc d\u2019attractions de Tha\u00eflande<\/li>\n<li data-section-id=\"1itp0ra\" data-start=\"155\" data-end=\"212\">Profitez d\u2019un acc\u00e8s illimit\u00e9 aux man\u00e8ges \u00e0 sensations<\/li>\n<li data-section-id=\"15x4u1j\" data-start=\"213\" data-end=\"285\">D\u00e9tendez-vous dans l\u2019une des plus grandes piscines \u00e0 vagues du monde<\/li>\n<li data-section-id=\"86igv9\" data-start=\"286\" data-end=\"348\">Acc\u00e9dez au parc aquatique pour une journ\u00e9e rafra\u00eechissante<\/li>\n<li data-section-id=\"rrysh6\" data-start=\"349\" data-end=\"410\">Savourez un buffet international inclus dans votre billet<\/li>\n<li data-section-id=\"gu4epq\" data-start=\"411\" data-end=\"483\">Vivez une journ\u00e9e compl\u00e8te entre aventure, d\u00e9tente et divertissement<\/li>\n<li data-section-id=\"1ljhh4o\" data-start=\"484\" data-end=\"534\">Id\u00e9al pour une sortie en famille ou entre amis<\/li>\n<\/ul>","protected":false},"featured_media":29984,"comment_status":"open","ping_status":"closed","template":"","meta":{"_uag_custom_page_level_css":""},"product_brand":[],"product_cat":[34],"product_tag":[],"class_list":{"0":"post-29981","1":"product","2":"type-product","3":"status-publish","4":"has-post-thumbnail","6":"product_cat-bangkok","8":"first","9":"instock","10":"virtual","11":"taxable","12":"purchasable","13":"product-type-simple"},"yoast_head":"<!-- This site is optimized with the Yoast SEO plugin v27.1.1 - https:\/\/yoast.com\/product\/yoast-seo-wordpress\/ -->\n<title>Siam Amazing Park \u2013 Billet parc aquatique &amp; man\u00e8ges + buffet -<\/title>\n<meta name=\"description\" content=\"Siam Amazing Park Bangkok : parc aquatique + man\u00e8ges illimit\u00e9s avec buffet inclus. Billet \u00e0 prix r\u00e9duit pour une journ\u00e9e fun.\" \/>\n<meta name=\"robots\" content=\"index, follow, max-snippet:-1, max-image-preview:large, max-video-preview:-1\" \/>\n<link rel=\"canonical\" href=\"https:\/\/lunayatravel.com\/en\/product\/siam-amazing-park-bangkok-billet\/\" \/>\n<meta property=\"og:locale\" content=\"en_GB\" \/>\n<meta property=\"og:type\" content=\"article\" \/>\n<meta property=\"og:title\" content=\"Siam Amazing Park \u2013 Billet parc aquatique &amp; man\u00e8ges + buffet -\" \/>\n<meta property=\"og:description\" content=\"Siam Amazing Park Bangkok : parc aquatique + man\u00e8ges illimit\u00e9s avec buffet inclus. Billet \u00e0 prix r\u00e9duit pour une journ\u00e9e fun.\" \/>\n<meta property=\"og:url\" content=\"https:\/\/lunayatravel.com\/en\/product\/siam-amazing-park-bangkok-billet\/\" \/>\n<meta property=\"article:publisher\" content=\"https:\/\/www.facebook.com\/lunayaTravel\/\" \/>\n<meta property=\"article:modified_time\" content=\"2026-04-08T06:59:37+00:00\" \/>\n<meta property=\"og:image\" content=\"https:\/\/lunayatravel.com\/wp-content\/uploads\/2025\/07\/SiamAmazingPark02.webp\" \/>\n\t<meta property=\"og:image:width\" content=\"720\" \/>\n\t<meta property=\"og:image:height\" content=\"540\" \/>\n\t<meta property=\"og:image:type\" content=\"image\/webp\" \/>\n<meta name=\"twitter:card\" content=\"summary_large_image\" \/>\n<meta name=\"twitter:label1\" content=\"Estimated reading time\" \/>\n\t<meta name=\"twitter:data1\" content=\"2 minutes\" \/>\n<script type=\"application\/ld+json\" class=\"yoast-schema-graph\">{\"@context\":\"https:\/\/schema.org\",\"@graph\":[{\"@type\":\"WebPage\",\"@id\":\"https:\/\/lunayatravel.com\/produit\/siam-amazing-park-bangkok-billet\/\",\"url\":\"https:\/\/lunayatravel.com\/produit\/siam-amazing-park-bangkok-billet\/\",\"name\":\"Siam Amazing Park \u2013 Billet parc aquatique & man\u00e8ges + buffet -\",\"isPartOf\":{\"@id\":\"https:\/\/lunayatravel.com\/#website\"},\"primaryImageOfPage\":{\"@id\":\"https:\/\/lunayatravel.com\/produit\/siam-amazing-park-bangkok-billet\/#primaryimage\"},\"image\":{\"@id\":\"https:\/\/lunayatravel.com\/produit\/siam-amazing-park-bangkok-billet\/#primaryimage\"},\"thumbnailUrl\":\"https:\/\/lunayatravel.com\/wp-content\/uploads\/2025\/07\/SiamAmazingPark02.webp\",\"datePublished\":\"2025-07-22T08:45:29+00:00\",\"dateModified\":\"2026-04-08T06:59:37+00:00\",\"description\":\"Siam Amazing Park Bangkok : parc aquatique + man\u00e8ges illimit\u00e9s avec buffet inclus. Billet \u00e0 prix r\u00e9duit pour une journ\u00e9e fun.\",\"breadcrumb\":{\"@id\":\"https:\/\/lunayatravel.com\/produit\/siam-amazing-park-bangkok-billet\/#breadcrumb\"},\"inLanguage\":\"en-GB\",\"potentialAction\":[{\"@type\":\"ReadAction\",\"target\":[\"https:\/\/lunayatravel.com\/produit\/siam-amazing-park-bangkok-billet\/\"]}]},{\"@type\":\"ImageObject\",\"inLanguage\":\"en-GB\",\"@id\":\"https:\/\/lunayatravel.com\/produit\/siam-amazing-park-bangkok-billet\/#primaryimage\",\"url\":\"https:\/\/lunayatravel.com\/wp-content\/uploads\/2025\/07\/SiamAmazingPark02.webp\",\"contentUrl\":\"https:\/\/lunayatravel.com\/wp-content\/uploads\/2025\/07\/SiamAmazingPark02.webp\",\"width\":720,\"height\":540,\"caption\":\"Siam Amazing Park\"},{\"@type\":\"BreadcrumbList\",\"@id\":\"https:\/\/lunayatravel.com\/produit\/siam-amazing-park-bangkok-billet\/#breadcrumb\",\"itemListElement\":[{\"@type\":\"ListItem\",\"position\":1,\"name\":\"Accueil\",\"item\":\"https:\/\/lunayatravel.com\/\"},{\"@type\":\"ListItem\",\"position\":2,\"name\":\"Nos activit\u00e9s\",\"item\":\"https:\/\/lunayatravel.com\/nos-activites\/\"},{\"@type\":\"ListItem\",\"position\":3,\"name\":\"Siam Amazing Park \u2013 Billet parc aquatique &#038; man\u00e8ges + buffet\"}]},{\"@type\":\"WebSite\",\"@id\":\"https:\/\/lunayatravel.com\/#website\",\"url\":\"https:\/\/lunayatravel.com\/\",\"name\":\"\",\"description\":\"\",\"publisher\":{\"@id\":\"https:\/\/lunayatravel.com\/#organization\"},\"potentialAction\":[{\"@type\":\"SearchAction\",\"target\":{\"@type\":\"EntryPoint\",\"urlTemplate\":\"https:\/\/lunayatravel.com\/?s={search_term_string}\"},\"query-input\":{\"@type\":\"PropertyValueSpecification\",\"valueRequired\":true,\"valueName\":\"search_term_string\"}}],\"inLanguage\":\"en-GB\"},{\"@type\":\"Organization\",\"@id\":\"https:\/\/lunayatravel.com\/#organization\",\"name\":\"Lunaya travel\",\"alternateName\":\"Lunaya travel\",\"url\":\"https:\/\/lunayatravel.com\/\",\"logo\":{\"@type\":\"ImageObject\",\"inLanguage\":\"en-GB\",\"@id\":\"https:\/\/lunayatravel.com\/#\/schema\/logo\/image\/\",\"url\":\"https:\/\/lunayatravel.com\/wp-content\/uploads\/2026\/03\/cropped-647319118_2379115739204013_337015058165053143_n.jpg\",\"contentUrl\":\"https:\/\/lunayatravel.com\/wp-content\/uploads\/2026\/03\/cropped-647319118_2379115739204013_337015058165053143_n.jpg\",\"width\":1022,\"height\":1023,\"caption\":\"Lunaya travel\"},\"image\":{\"@id\":\"https:\/\/lunayatravel.com\/#\/schema\/logo\/image\/\"},\"sameAs\":[\"https:\/\/www.facebook.com\/lunayaTravel\/\"]}]}<\/script>\n<!-- \/ Yoast SEO plugin. -->","yoast_head_json":{"title":"Siam Amazing Park \u2013 Billet parc aquatique & man\u00e8ges + buffet -","description":"Siam Amazing Park Bangkok : parc aquatique + man\u00e8ges illimit\u00e9s avec buffet inclus. Billet \u00e0 prix r\u00e9duit pour une journ\u00e9e fun.","robots":{"index":"index","follow":"follow","max-snippet":"max-snippet:-1","max-image-preview":"max-image-preview:large","max-video-preview":"max-video-preview:-1"},"canonical":"https:\/\/lunayatravel.com\/en\/product\/siam-amazing-park-bangkok-billet\/","og_locale":"en_GB","og_type":"article","og_title":"Siam Amazing Park \u2013 Billet parc aquatique & man\u00e8ges + buffet -","og_description":"Siam Amazing Park Bangkok : parc aquatique + man\u00e8ges illimit\u00e9s avec buffet inclus. Billet \u00e0 prix r\u00e9duit pour une journ\u00e9e fun.","og_url":"https:\/\/lunayatravel.com\/en\/product\/siam-amazing-park-bangkok-billet\/","article_publisher":"https:\/\/www.facebook.com\/lunayaTravel\/","article_modified_time":"2026-04-08T06:59:37+00:00","og_image":[{"width":720,"height":540,"url":"https:\/\/lunayatravel.com\/wp-content\/uploads\/2025\/07\/SiamAmazingPark02.webp","type":"image\/webp"}],"twitter_card":"summary_large_image","twitter_misc":{"Estimated reading time":"2 minutes"},"schema":{"@context":"https:\/\/schema.org","@graph":[{"@type":"WebPage","@id":"https:\/\/lunayatravel.com\/produit\/siam-amazing-park-bangkok-billet\/","url":"https:\/\/lunayatravel.com\/produit\/siam-amazing-park-bangkok-billet\/","name":"Siam Amazing Park \u2013 Billet parc aquatique & man\u00e8ges + buffet -","isPartOf":{"@id":"https:\/\/lunayatravel.com\/#website"},"primaryImageOfPage":{"@id":"https:\/\/lunayatravel.com\/produit\/siam-amazing-park-bangkok-billet\/#primaryimage"},"image":{"@id":"https:\/\/lunayatravel.com\/produit\/siam-amazing-park-bangkok-billet\/#primaryimage"},"thumbnailUrl":"https:\/\/lunayatravel.com\/wp-content\/uploads\/2025\/07\/SiamAmazingPark02.webp","datePublished":"2025-07-22T08:45:29+00:00","dateModified":"2026-04-08T06:59:37+00:00","description":"Siam Amazing Park Bangkok : parc aquatique + man\u00e8ges illimit\u00e9s avec buffet inclus. Billet \u00e0 prix r\u00e9duit pour une journ\u00e9e fun.","breadcrumb":{"@id":"https:\/\/lunayatravel.com\/produit\/siam-amazing-park-bangkok-billet\/#breadcrumb"},"inLanguage":"en-GB","potentialAction":[{"@type":"ReadAction","target":["https:\/\/lunayatravel.com\/produit\/siam-amazing-park-bangkok-billet\/"]}]},{"@type":"ImageObject","inLanguage":"en-GB","@id":"https:\/\/lunayatravel.com\/produit\/siam-amazing-park-bangkok-billet\/#primaryimage","url":"https:\/\/lunayatravel.com\/wp-content\/uploads\/2025\/07\/SiamAmazingPark02.webp","contentUrl":"https:\/\/lunayatravel.com\/wp-content\/uploads\/2025\/07\/SiamAmazingPark02.webp","width":720,"height":540,"caption":"Siam Amazing Park"},{"@type":"BreadcrumbList","@id":"https:\/\/lunayatravel.com\/produit\/siam-amazing-park-bangkok-billet\/#breadcrumb","itemListElement":[{"@type":"ListItem","position":1,"name":"Accueil","item":"https:\/\/lunayatravel.com\/"},{"@type":"ListItem","position":2,"name":"Nos activit\u00e9s","item":"https:\/\/lunayatravel.com\/nos-activites\/"},{"@type":"ListItem","position":3,"name":"Siam Amazing Park \u2013 Billet parc aquatique &#038; man\u00e8ges + buffet"}]},{"@type":"WebSite","@id":"https:\/\/lunayatravel.com\/#website","url":"https:\/\/lunayatravel.com\/","name":"","description":"","publisher":{"@id":"https:\/\/lunayatravel.com\/#organization"},"potentialAction":[{"@type":"SearchAction","target":{"@type":"EntryPoint","urlTemplate":"https:\/\/lunayatravel.com\/?s={search_term_string}"},"query-input":{"@type":"PropertyValueSpecification","valueRequired":true,"valueName":"search_term_string"}}],"inLanguage":"en-GB"},{"@type":"Organization","@id":"https:\/\/lunayatravel.com\/#organization","name":"Lunaya travel","alternateName":"Lunaya travel","url":"https:\/\/lunayatravel.com\/","logo":{"@type":"ImageObject","inLanguage":"en-GB","@id":"https:\/\/lunayatravel.com\/#\/schema\/logo\/image\/","url":"https:\/\/lunayatravel.com\/wp-content\/uploads\/2026\/03\/cropped-647319118_2379115739204013_337015058165053143_n.jpg","contentUrl":"https:\/\/lunayatravel.com\/wp-content\/uploads\/2026\/03\/cropped-647319118_2379115739204013_337015058165053143_n.jpg","width":1022,"height":1023,"caption":"Lunaya travel"},"image":{"@id":"https:\/\/lunayatravel.com\/#\/schema\/logo\/image\/"},"sameAs":["https:\/\/www.facebook.com\/lunayaTravel\/"]}]}},"uagb_featured_image_src":{"full":["https:\/\/lunayatravel.com\/wp-content\/uploads\/2025\/07\/SiamAmazingPark02.webp",720,540,false],"thumbnail":["https:\/\/lunayatravel.com\/wp-content\/uploads\/2025\/07\/SiamAmazingPark02-150x150.webp",150,150,true],"medium":["https:\/\/lunayatravel.com\/wp-content\/uploads\/2025\/07\/SiamAmazingPark02-300x225.webp",300,225,true],"medium_large":["https:\/\/lunayatravel.com\/wp-content\/uploads\/2025\/07\/SiamAmazingPark02.webp",720,540,false],"large":["https:\/\/lunayatravel.com\/wp-content\/uploads\/2025\/07\/SiamAmazingPark02.webp",720,540,false],"1536x1536":["https:\/\/lunayatravel.com\/wp-content\/uploads\/2025\/07\/SiamAmazingPark02.webp",720,540,false],"2048x2048":["https:\/\/lunayatravel.com\/wp-content\/uploads\/2025\/07\/SiamAmazingPark02.webp",720,540,false],"trp-custom-language-flag":["https:\/\/lunayatravel.com\/wp-content\/uploads\/2025\/07\/SiamAmazingPark02.webp",16,12,false],"widget-thumbnail":["https:\/\/lunayatravel.com\/wp-content\/uploads\/2025\/07\/SiamAmazingPark02-75x75.webp",75,75,true],"mailpoet_newsletter_max":["https:\/\/lunayatravel.com\/wp-content\/uploads\/2025\/07\/SiamAmazingPark02.webp",720,540,false],"woocommerce_thumbnail":["https:\/\/lunayatravel.com\/wp-content\/uploads\/2025\/07\/SiamAmazingPark02-300x300.webp",300,300,true],"woocommerce_single":["https:\/\/lunayatravel.com\/wp-content\/uploads\/2025\/07\/SiamAmazingPark02-600x450.webp",600,450,true],"woocommerce_gallery_thumbnail":["https:\/\/lunayatravel.com\/wp-content\/uploads\/2025\/07\/SiamAmazingPark02-100x100.webp",100,100,true],"sow-carousel-default":["https:\/\/lunayatravel.com\/wp-content\/uploads\/2025\/07\/SiamAmazingPark02-272x182.webp",272,182,true]},"uagb_author_info":{"display_name":"haemers stephanie","author_link":"https:\/\/lunayatravel.com\/en\/author\/"},"uagb_comment_info":0,"uagb_excerpt":"Description Bienvenue \u00e0 Siam Amazing Park, le plus grand parc d\u2019attractions de Tha\u00eflande Profitez d\u2019un acc\u00e8s illimit\u00e9 aux man\u00e8ges \u00e0 sensations D\u00e9tendez-vous dans l\u2019une des plus grandes piscines \u00e0 vagues du monde Acc\u00e9dez au parc aquatique pour une journ\u00e9e rafra\u00eechissante Savourez un buffet international inclus dans votre billet Vivez une journ\u00e9e compl\u00e8te entre aventure, d\u00e9tente&hellip;","jetpack_sharing_enabled":true,"_links":{"self":[{"href":"https:\/\/lunayatravel.com\/en\/wp-json\/wp\/v2\/product\/29981","targetHints":{"allow":["GET"]}}],"collection":[{"href":"https:\/\/lunayatravel.com\/en\/wp-json\/wp\/v2\/product"}],"about":[{"href":"https:\/\/lunayatravel.com\/en\/wp-json\/wp\/v2\/types\/product"}],"replies":[{"embeddable":true,"href":"https:\/\/lunayatravel.com\/en\/wp-json\/wp\/v2\/comments?post=29981"}],"wp:featuredmedia":[{"embeddable":true,"href":"https:\/\/lunayatravel.com\/en\/wp-json\/wp\/v2\/media\/29984"}],"wp:attachment":[{"href":"https:\/\/lunayatravel.com\/en\/wp-json\/wp\/v2\/media?parent=29981"}],"wp:term":[{"taxonomy":"product_brand","embeddable":true,"href":"https:\/\/lunayatravel.com\/en\/wp-json\/wp\/v2\/product_brand?post=29981"},{"taxonomy":"product_cat","embeddable":true,"href":"https:\/\/lunayatravel.com\/en\/wp-json\/wp\/v2\/product_cat?post=29981"},{"taxonomy":"product_tag","embeddable":true,"href":"https:\/\/lunayatravel.com\/en\/wp-json\/wp\/v2\/product_tag?post=29981"}],"curies":[{"name":"wp","href":"https:\/\/api.w.org\/{rel}","templated":true}]}}