{"id":29974,"date":"2025-07-22T10:27:45","date_gmt":"2025-07-22T08:27:45","guid":{"rendered":"https:\/\/itctoursvoyages.com\/?post_type=product&#038;p=29974"},"modified":"2026-04-08T10:04:27","modified_gmt":"2026-04-08T08:04:27","slug":"croisiere-diner-bangkok-chao-phraya-asiatique","status":"publish","type":"product","link":"https:\/\/lunayatravel.com\/en\/product\/croisiere-diner-bangkok-chao-phraya-asiatique\/","title":{"rendered":"Bangkok Dinner Cruise on the Chao Phraya"},"content":{"rendered":"<div class=\"no-scrollbar flex min-h-36 flex-nowrap gap-0.5 overflow-auto sm:gap-1 sm:overflow-hidden xl:min-h-44 mt-1 mb-5 [&amp;:not(:first-child)]:mt-4\">\n<div class=\"border-token-border-default relative w-32 shrink-0 overflow-hidden rounded-xl border-[0.5px] md:shrink max-h-64 sm:w-[calc((100%-0.5rem)\/3)] rounded-s-xl\">\n<div class=\"group\/search-image @container\/search-image relative rounded-[inherit] h-full w-full\">\n<div><\/div>\n<\/div>\n<\/div>\n<div class=\"border-token-border-default relative w-32 shrink-0 overflow-hidden rounded-xl border-[0.5px] md:shrink max-h-64 sm:w-[calc((100%-0.5rem)\/3)]\">\n<div class=\"group\/search-image @container\/search-image relative rounded-[inherit] h-full w-full\">\n<div><\/div>\n<\/div>\n<\/div>\n<div class=\"border-token-border-default relative w-32 shrink-0 overflow-hidden rounded-xl border-[0.5px] md:shrink max-h-64 sm:w-[calc((100%-0.5rem)\/3)] rounded-e-xl\">\n<div class=\"group\/search-image @container\/search-image relative rounded-[inherit] h-full w-full\">\n<div><\/div>\n<div class=\"pointer-events-none absolute inset-x-2 bottom-2 z-0 flex max-w-[calc(100%-1rem)] flex-wrap items-end justify-end gap-1.5\">\n<div class=\"shrink-0\">\n<div class=\"flex items-center gap-1 rounded-full px-2 py-1.5 text-white backdrop-blur-md backdrop-brightness-75\"><strong data-start=\"234\" data-end=\"389\">Vivez une soir\u00e9e inoubliable \u00e0 Bangkok avec une croisi\u00e8re d\u00eener sur le fleuve Chao Phraya, entre buffet gastronomique, spectacles et panorama nocturne.<\/strong><\/div>\n<\/div>\n<\/div>\n<\/div>\n<\/div>\n<\/div>\n<p data-start=\"393\" data-end=\"503\">Cette exp\u00e9rience combine d\u00e9tente, gastronomie et d\u00e9couverte des plus beaux monuments illumin\u00e9s de la capitale.<\/p>\n<hr data-start=\"505\" data-end=\"508\" \/>\n<h2 data-section-id=\"nplwjm\" data-start=\"510\" data-end=\"570\">Pourquoi choisir cette croisi\u00e8re d\u00eener \u00e0 Bangkok ?<\/h2>\n<ul data-start=\"572\" data-end=\"784\">\n<li data-section-id=\"89rhw\" data-start=\"572\" data-end=\"612\">Croisi\u00e8re de luxe sur le Chao Phraya<\/li>\n<li data-section-id=\"rnptko\" data-start=\"613\" data-end=\"664\">Buffet international et fruits de mer \u00e0 volont\u00e9<\/li>\n<li data-section-id=\"15xsxex\" data-start=\"665\" data-end=\"707\">Musique live et danses traditionnelles<\/li>\n<li data-section-id=\"eypotw\" data-start=\"708\" data-end=\"747\">Vue sur les monuments embl\u00e9matiques<\/li>\n<li data-section-id=\"1het9lh\" data-start=\"748\" data-end=\"784\">D\u00e9part pratique depuis Asiatique<\/li>\n<\/ul>\n<hr data-start=\"786\" data-end=\"789\" \/>\n<h2 data-section-id=\"10uavfq\" data-start=\"791\" data-end=\"813\">\u00a0Points forts<\/h2>\n<ul data-start=\"815\" data-end=\"1112\">\n<li data-section-id=\"3yb60h\" data-start=\"815\" data-end=\"851\">Navigation de nuit sur le fleuve<\/li>\n<li data-section-id=\"x9qjku\" data-start=\"852\" data-end=\"927\">Vue sur le Grand Palais, Wat Arun, Wat Kalayanamit et le pont Rama VIII<\/li>\n<li data-section-id=\"aj72dq\" data-start=\"928\" data-end=\"963\">Buffet vari\u00e9 avec fruits de mer<\/li>\n<li data-section-id=\"1u853gf\" data-start=\"964\" data-end=\"1005\">Ambiance musicale et spectacle \u00e0 bord<\/li>\n<li data-section-id=\"1ru2rih\" data-start=\"1006\" data-end=\"1059\">G\u00e2teau d\u2019anniversaire offert (si n\u00e9 dans le mois)<\/li>\n<li data-section-id=\"dimchp\" data-start=\"1060\" data-end=\"1112\">Boissons gazeuses \u00e0 volont\u00e9 (mai \u00e0 octobre 2025)<\/li>\n<\/ul>\n<hr data-start=\"1114\" data-end=\"1117\" \/>\n<h2 data-section-id=\"s9au72\" data-start=\"1119\" data-end=\"1151\">\u00a0Programme de la soir\u00e9e<\/h2>\n<h3 data-section-id=\"lwjwj5\" data-start=\"1153\" data-end=\"1190\">\u00a0Enregistrement \u00e0 Asiatique<\/h3>\n<div class=\"no-scrollbar flex min-h-36 flex-nowrap gap-0.5 overflow-auto sm:gap-1 sm:overflow-hidden xl:min-h-44 mt-1 mb-5 [&amp;:not(:first-child)]:mt-4\">\n<div class=\"border-token-border-default relative w-32 shrink-0 overflow-hidden rounded-xl border-[0.5px] md:shrink max-h-64 sm:w-[calc((100%-0.5rem)\/3)] rounded-s-xl\">\n<div class=\"group\/search-image @container\/search-image relative rounded-[inherit] h-full w-full\">\n<div><\/div>\n<\/div>\n<\/div>\n<div class=\"border-token-border-default relative w-32 shrink-0 overflow-hidden rounded-xl border-[0.5px] md:shrink max-h-64 sm:w-[calc((100%-0.5rem)\/3)]\">\n<div class=\"group\/search-image @container\/search-image relative rounded-[inherit] h-full w-full\">\n<div><img loading=\"lazy\" decoding=\"async\" class=\"bg-token-main-surface-tertiary m-0 h-full w-full object-cover alignnone\" src=\"https:\/\/www.bangkokchaophrayacruise.com\/userfiles2\/directUpload\/skin\/promotiondinner\/bangkokchaophraya\/map-checkin.jpg\" alt=\"Asiatique\" width=\"891\" height=\"911\" \/><\/div>\n<\/div>\n<\/div>\n<div class=\"border-token-border-default relative w-32 shrink-0 overflow-hidden rounded-xl border-[0.5px] md:shrink max-h-64 sm:w-[calc((100%-0.5rem)\/3)] rounded-e-xl\">\n<div class=\"group\/search-image @container\/search-image relative rounded-[inherit] h-full w-full\">\n<div><\/div>\n<div class=\"pointer-events-none absolute inset-x-2 bottom-2 z-0 flex max-w-[calc(100%-1rem)] flex-wrap items-end justify-end gap-1.5\">\n<div class=\"shrink-0\">\n<div class=\"flex items-center gap-1 rounded-full px-2 py-1.5 text-white backdrop-blur-md backdrop-brightness-75\"><\/div>\n<\/div>\n<\/div>\n<\/div>\n<\/div>\n<\/div>\n<p data-start=\"1234\" data-end=\"1276\"><span class=\"hover:entity-accent entity-underline inline cursor-pointer align-baseline\"><span class=\"whitespace-normal\">Asiatique The Riverfront<\/span><\/span><\/p>\n<ul data-start=\"1278\" data-end=\"1341\">\n<li data-section-id=\"ynfuwd\" data-start=\"1278\" data-end=\"1341\"><strong data-start=\"1280\" data-end=\"1299\">18h00 \u2013 19h45 :<\/strong> Enregistrement (entre entrep\u00f4ts 7 et 8)<\/li>\n<\/ul>\n<hr data-start=\"1343\" data-end=\"1346\" \/>\n<h3 data-section-id=\"jkz0o6\" data-start=\"1348\" data-end=\"1374\">\u00a0Croisi\u00e8re d\u00eener<\/h3>\n<ul data-start=\"1418\" data-end=\"1639\">\n<li data-section-id=\"1wk0pyx\" data-start=\"1418\" data-end=\"1456\"><strong data-start=\"1420\" data-end=\"1431\">20h00 :<\/strong> Embarquement et d\u00e9part<\/li>\n<li data-section-id=\"rnptko\" data-start=\"1457\" data-end=\"1508\">Buffet international et fruits de mer \u00e0 volont\u00e9<\/li>\n<li data-section-id=\"15xsxex\" data-start=\"1509\" data-end=\"1551\">Musique live et danses traditionnelles<\/li>\n<li data-section-id=\"1uoxqzm\" data-start=\"1552\" data-end=\"1590\">Navigation jusqu\u2019au pont Rama VIII<\/li>\n<li data-section-id=\"1c83kem\" data-start=\"1591\" data-end=\"1639\">Vue nocturne sur les monuments embl\u00e9matiques<\/li>\n<\/ul>\n<hr data-start=\"1641\" data-end=\"1644\" \/>\n<h3 data-section-id=\"1gacl8g\" data-start=\"1646\" data-end=\"1670\">\u00a0Retour \u00e0 quai<\/h3>\n<ul data-start=\"1714\" data-end=\"1748\">\n<li data-section-id=\"1jr8ahj\" data-start=\"1714\" data-end=\"1748\"><strong data-start=\"1716\" data-end=\"1727\">22h00 :<\/strong> Retour \u00e0 Asiatique<\/li>\n<\/ul>\n<hr data-start=\"1750\" data-end=\"1753\" \/>\n<h2 data-section-id=\"m50aq\" data-start=\"1755\" data-end=\"1782\">\u00a0Ce qui est inclus<\/h2>\n<ul data-start=\"1784\" data-end=\"1993\">\n<li data-section-id=\"7rfqw6\" data-start=\"1784\" data-end=\"1815\">Croisi\u00e8re d\u00eener de 2 heures<\/li>\n<li data-section-id=\"pis169\" data-start=\"1816\" data-end=\"1857\">Buffet international et fruits de mer<\/li>\n<li data-section-id=\"zh1e6f\" data-start=\"1858\" data-end=\"1900\">Musique live et spectacle traditionnel<\/li>\n<li data-section-id=\"zlu9k7\" data-start=\"1901\" data-end=\"1940\">G\u00e2teau d\u2019anniversaire (sur demande)<\/li>\n<li data-section-id=\"dimchp\" data-start=\"1941\" data-end=\"1993\">Boissons gazeuses \u00e0 volont\u00e9 (mai \u00e0 octobre 2025)<\/li>\n<\/ul>\n<hr data-start=\"1995\" data-end=\"1998\" \/>\n<h2 data-section-id=\"dp4bwk\" data-start=\"2000\" data-end=\"2020\">Non inclus<\/h2>\n<ul data-start=\"2022\" data-end=\"2078\">\n<li data-section-id=\"12b6da8\" data-start=\"2022\" data-end=\"2053\">Transfert jusqu\u2019\u00e0 Asiatique<\/li>\n<li data-section-id=\"68i2ux\" data-start=\"2054\" data-end=\"2078\">Boissons alcoolis\u00e9es<\/li>\n<\/ul>\n<hr data-start=\"2080\" data-end=\"2083\" \/>\n<h2 data-section-id=\"fnnlp2\" data-start=\"2085\" data-end=\"2117\">\u00a0Informations pratiques<\/h2>\n<p data-start=\"2119\" data-end=\"2175\">\u00a0D\u00e9part :<br data-start=\"2130\" data-end=\"2133\" \/><span class=\"hover:entity-accent entity-underline inline cursor-pointer align-baseline\"><span class=\"whitespace-normal\">Asiatique The Riverfront<\/span><\/span><\/p>\n<p data-start=\"2177\" data-end=\"2219\">Adresse : 2194 Charoen Krung Rd, Bangkok<\/p>\n<p data-start=\"2221\" data-end=\"2230\">Acc\u00e8s :<\/p>\n<ul data-start=\"2231\" data-end=\"2326\">\n<li data-section-id=\"191r76i\" data-start=\"2231\" data-end=\"2291\">BTS Saphan Taksin \u2192 sortie 2 \u2192 navette fluviale gratuite<\/li>\n<li data-section-id=\"jpfus5\" data-start=\"2292\" data-end=\"2326\">BRT Rama III \u2192 taxi recommand\u00e9<\/li>\n<\/ul>\n<hr data-start=\"2328\" data-end=\"2331\" \/>\n<h2 data-section-id=\"9803m\" data-start=\"2333\" data-end=\"2376\">\u00a0Conseils pour profiter au maximum<\/h2>\n<ul data-start=\"2378\" data-end=\"2513\">\n<li data-section-id=\"s41l48\" data-start=\"2378\" data-end=\"2415\">Arriver t\u00f4t pour l\u2019enregistrement<\/li>\n<li data-section-id=\"lv372z\" data-start=\"2416\" data-end=\"2442\">Pr\u00e9voir tenue \u00e9l\u00e9gante<\/li>\n<li data-section-id=\"os7nli\" data-start=\"2443\" data-end=\"2486\">R\u00e9server en avance (activit\u00e9 populaire)<\/li>\n<li data-section-id=\"xy2r7w\" data-start=\"2487\" data-end=\"2513\">Prendre appareil photo<\/li>\n<\/ul>\n<hr data-start=\"2515\" data-end=\"2518\" \/>\n<h2 data-section-id=\"1ogu19g\" data-start=\"2520\" data-end=\"2559\">\u00a0FAQ \u2013 Croisi\u00e8re d\u00eener Bangkok<\/h2>\n<p data-start=\"2561\" data-end=\"2626\"><strong data-start=\"2561\" data-end=\"2593\">Le buffet est-il \u00e0 volont\u00e9 ?<\/strong><br data-start=\"2593\" data-end=\"2596\" \/>Oui, buffet complet \u00e0 volont\u00e9.<\/p>\n<p data-start=\"2628\" data-end=\"2700\"><strong data-start=\"2628\" data-end=\"2655\">Y a-t-il un spectacle ?<\/strong><br data-start=\"2655\" data-end=\"2658\" \/>Oui, musique live et danse traditionnelle.<\/p>\n<p data-start=\"2702\" data-end=\"2776\"><strong data-start=\"2702\" data-end=\"2749\">La croisi\u00e8re est-elle adapt\u00e9e aux enfants ?<\/strong><br data-start=\"2749\" data-end=\"2752\" \/>Oui, activit\u00e9 familiale.<\/p>\n<p data-start=\"2778\" data-end=\"2847\"><strong data-start=\"2778\" data-end=\"2813\">Peut-on f\u00eater un anniversaire ?<\/strong><br data-start=\"2813\" data-end=\"2816\" \/>Oui, g\u00e2teau offert sur demande.<\/p>\n","protected":false},"excerpt":{"rendered":"<h3 data-section-id=\"hxsibk\" data-start=\"55\" data-end=\"72\">Description<\/h3>\n<ul data-start=\"74\" data-end=\"610\">\n<li data-section-id=\"12xs2nr\" data-start=\"74\" data-end=\"142\">Enjoy a magical evening aboard the Bangkok Chao Phraya Cruise<\/li>\n<li data-section-id=\"57zjp4\" data-start=\"143\" data-end=\"231\">Embark from Asiatique The Riverfront, one of the most vibrant spots in Bangkok<\/li>\n<li data-section-id=\"1ogghrn\" data-start=\"232\" data-end=\"295\">Admire the illuminated temples and monuments from the river<\/li>\n<li data-section-id=\"k0bwke\" data-start=\"296\" data-end=\"353\">Enjoy an international buffet with seafood<\/li>\n<li data-section-id=\"1ts79k3\" data-start=\"354\" data-end=\"408\">Let yourself be carried away by a live musical atmosphere<\/li>\n<li data-section-id=\"ynosoc\" data-start=\"409\" data-end=\"471\">Attend a traditional Thai dance performance on board<\/li>\n<li data-section-id=\"44i70j\" data-start=\"472\" data-end=\"515\">Share an elegant and convivial moment<\/li>\n<li data-section-id=\"1biu6ir\" data-start=\"516\" data-end=\"610\">Ideal for couples, families and travellers seeking a cultural experience<\/li>\n<\/ul>","protected":false},"featured_media":29976,"comment_status":"open","ping_status":"closed","template":"","meta":{"_uag_custom_page_level_css":""},"product_brand":[],"product_cat":[34],"product_tag":[],"class_list":{"0":"post-29974","1":"product","2":"type-product","3":"status-publish","4":"has-post-thumbnail","6":"product_cat-bangkok","8":"first","9":"instock","10":"virtual","11":"taxable","12":"purchasable","13":"product-type-simple"},"yoast_head":"<!-- This site is optimized with the Yoast SEO plugin v27.1.1 - https:\/\/yoast.com\/product\/yoast-seo-wordpress\/ -->\n<title>Croisi\u00e8re d\u00eener Bangkok sur le Chao Phraya -<\/title>\n<meta name=\"description\" content=\"Croisi\u00e8re d\u00eener Bangkok Chao Phraya : buffet fruits de mer, musique live et vue sur les temples illumin\u00e9s. D\u00e9part Asiatique.\" \/>\n<meta name=\"robots\" content=\"index, follow, max-snippet:-1, max-image-preview:large, max-video-preview:-1\" \/>\n<link rel=\"canonical\" href=\"https:\/\/lunayatravel.com\/en\/product\/croisiere-diner-bangkok-chao-phraya-asiatique\/\" \/>\n<meta property=\"og:locale\" content=\"en_GB\" \/>\n<meta property=\"og:type\" content=\"article\" \/>\n<meta property=\"og:title\" content=\"Croisi\u00e8re d\u00eener Bangkok sur le Chao Phraya -\" \/>\n<meta property=\"og:description\" content=\"Croisi\u00e8re d\u00eener Bangkok Chao Phraya : buffet fruits de mer, musique live et vue sur les temples illumin\u00e9s. D\u00e9part Asiatique.\" \/>\n<meta property=\"og:url\" content=\"https:\/\/lunayatravel.com\/en\/product\/croisiere-diner-bangkok-chao-phraya-asiatique\/\" \/>\n<meta property=\"article:publisher\" content=\"https:\/\/www.facebook.com\/lunayaTravel\/\" \/>\n<meta property=\"article:modified_time\" content=\"2026-04-08T08:04:27+00:00\" \/>\n<meta property=\"og:image\" content=\"https:\/\/lunayatravel.com\/wp-content\/uploads\/2025\/07\/4.webp\" \/>\n\t<meta property=\"og:image:width\" content=\"720\" \/>\n\t<meta property=\"og:image:height\" content=\"540\" \/>\n\t<meta property=\"og:image:type\" content=\"image\/webp\" \/>\n<meta name=\"twitter:card\" content=\"summary_large_image\" \/>\n<meta name=\"twitter:label1\" content=\"Estimated reading time\" \/>\n\t<meta name=\"twitter:data1\" content=\"2 minutes\" \/>\n<script type=\"application\/ld+json\" class=\"yoast-schema-graph\">{\"@context\":\"https:\/\/schema.org\",\"@graph\":[{\"@type\":\"WebPage\",\"@id\":\"https:\/\/lunayatravel.com\/produit\/croisiere-diner-bangkok-chao-phraya-asiatique\/\",\"url\":\"https:\/\/lunayatravel.com\/produit\/croisiere-diner-bangkok-chao-phraya-asiatique\/\",\"name\":\"Croisi\u00e8re d\u00eener Bangkok sur le Chao Phraya -\",\"isPartOf\":{\"@id\":\"https:\/\/lunayatravel.com\/#website\"},\"primaryImageOfPage\":{\"@id\":\"https:\/\/lunayatravel.com\/produit\/croisiere-diner-bangkok-chao-phraya-asiatique\/#primaryimage\"},\"image\":{\"@id\":\"https:\/\/lunayatravel.com\/produit\/croisiere-diner-bangkok-chao-phraya-asiatique\/#primaryimage\"},\"thumbnailUrl\":\"https:\/\/lunayatravel.com\/wp-content\/uploads\/2025\/07\/4.webp\",\"datePublished\":\"2025-07-22T08:27:45+00:00\",\"dateModified\":\"2026-04-08T08:04:27+00:00\",\"description\":\"Croisi\u00e8re d\u00eener Bangkok Chao Phraya : buffet fruits de mer, musique live et vue sur les temples illumin\u00e9s. D\u00e9part Asiatique.\",\"breadcrumb\":{\"@id\":\"https:\/\/lunayatravel.com\/produit\/croisiere-diner-bangkok-chao-phraya-asiatique\/#breadcrumb\"},\"inLanguage\":\"en-GB\",\"potentialAction\":[{\"@type\":\"ReadAction\",\"target\":[\"https:\/\/lunayatravel.com\/produit\/croisiere-diner-bangkok-chao-phraya-asiatique\/\"]}]},{\"@type\":\"ImageObject\",\"inLanguage\":\"en-GB\",\"@id\":\"https:\/\/lunayatravel.com\/produit\/croisiere-diner-bangkok-chao-phraya-asiatique\/#primaryimage\",\"url\":\"https:\/\/lunayatravel.com\/wp-content\/uploads\/2025\/07\/4.webp\",\"contentUrl\":\"https:\/\/lunayatravel.com\/wp-content\/uploads\/2025\/07\/4.webp\",\"width\":720,\"height\":540,\"caption\":\"bangkok\"},{\"@type\":\"BreadcrumbList\",\"@id\":\"https:\/\/lunayatravel.com\/produit\/croisiere-diner-bangkok-chao-phraya-asiatique\/#breadcrumb\",\"itemListElement\":[{\"@type\":\"ListItem\",\"position\":1,\"name\":\"Accueil\",\"item\":\"https:\/\/lunayatravel.com\/\"},{\"@type\":\"ListItem\",\"position\":2,\"name\":\"Nos activit\u00e9s\",\"item\":\"https:\/\/lunayatravel.com\/nos-activites\/\"},{\"@type\":\"ListItem\",\"position\":3,\"name\":\"Croisi\u00e8re d\u00eener Bangkok sur le Chao Phraya\"}]},{\"@type\":\"WebSite\",\"@id\":\"https:\/\/lunayatravel.com\/#website\",\"url\":\"https:\/\/lunayatravel.com\/\",\"name\":\"\",\"description\":\"\",\"publisher\":{\"@id\":\"https:\/\/lunayatravel.com\/#organization\"},\"potentialAction\":[{\"@type\":\"SearchAction\",\"target\":{\"@type\":\"EntryPoint\",\"urlTemplate\":\"https:\/\/lunayatravel.com\/?s={search_term_string}\"},\"query-input\":{\"@type\":\"PropertyValueSpecification\",\"valueRequired\":true,\"valueName\":\"search_term_string\"}}],\"inLanguage\":\"en-GB\"},{\"@type\":\"Organization\",\"@id\":\"https:\/\/lunayatravel.com\/#organization\",\"name\":\"Lunaya travel\",\"alternateName\":\"Lunaya travel\",\"url\":\"https:\/\/lunayatravel.com\/\",\"logo\":{\"@type\":\"ImageObject\",\"inLanguage\":\"en-GB\",\"@id\":\"https:\/\/lunayatravel.com\/#\/schema\/logo\/image\/\",\"url\":\"https:\/\/lunayatravel.com\/wp-content\/uploads\/2026\/03\/cropped-647319118_2379115739204013_337015058165053143_n.jpg\",\"contentUrl\":\"https:\/\/lunayatravel.com\/wp-content\/uploads\/2026\/03\/cropped-647319118_2379115739204013_337015058165053143_n.jpg\",\"width\":1022,\"height\":1023,\"caption\":\"Lunaya travel\"},\"image\":{\"@id\":\"https:\/\/lunayatravel.com\/#\/schema\/logo\/image\/\"},\"sameAs\":[\"https:\/\/www.facebook.com\/lunayaTravel\/\"]}]}<\/script>\n<!-- \/ Yoast SEO plugin. -->","yoast_head_json":{"title":"Croisi\u00e8re d\u00eener Bangkok sur le Chao Phraya -","description":"Croisi\u00e8re d\u00eener Bangkok Chao Phraya : buffet fruits de mer, musique live et vue sur les temples illumin\u00e9s. D\u00e9part Asiatique.","robots":{"index":"index","follow":"follow","max-snippet":"max-snippet:-1","max-image-preview":"max-image-preview:large","max-video-preview":"max-video-preview:-1"},"canonical":"https:\/\/lunayatravel.com\/en\/product\/croisiere-diner-bangkok-chao-phraya-asiatique\/","og_locale":"en_GB","og_type":"article","og_title":"Croisi\u00e8re d\u00eener Bangkok sur le Chao Phraya -","og_description":"Croisi\u00e8re d\u00eener Bangkok Chao Phraya : buffet fruits de mer, musique live et vue sur les temples illumin\u00e9s. D\u00e9part Asiatique.","og_url":"https:\/\/lunayatravel.com\/en\/product\/croisiere-diner-bangkok-chao-phraya-asiatique\/","article_publisher":"https:\/\/www.facebook.com\/lunayaTravel\/","article_modified_time":"2026-04-08T08:04:27+00:00","og_image":[{"width":720,"height":540,"url":"https:\/\/lunayatravel.com\/wp-content\/uploads\/2025\/07\/4.webp","type":"image\/webp"}],"twitter_card":"summary_large_image","twitter_misc":{"Estimated reading time":"2 minutes"},"schema":{"@context":"https:\/\/schema.org","@graph":[{"@type":"WebPage","@id":"https:\/\/lunayatravel.com\/produit\/croisiere-diner-bangkok-chao-phraya-asiatique\/","url":"https:\/\/lunayatravel.com\/produit\/croisiere-diner-bangkok-chao-phraya-asiatique\/","name":"Croisi\u00e8re d\u00eener Bangkok sur le Chao Phraya -","isPartOf":{"@id":"https:\/\/lunayatravel.com\/#website"},"primaryImageOfPage":{"@id":"https:\/\/lunayatravel.com\/produit\/croisiere-diner-bangkok-chao-phraya-asiatique\/#primaryimage"},"image":{"@id":"https:\/\/lunayatravel.com\/produit\/croisiere-diner-bangkok-chao-phraya-asiatique\/#primaryimage"},"thumbnailUrl":"https:\/\/lunayatravel.com\/wp-content\/uploads\/2025\/07\/4.webp","datePublished":"2025-07-22T08:27:45+00:00","dateModified":"2026-04-08T08:04:27+00:00","description":"Croisi\u00e8re d\u00eener Bangkok Chao Phraya : buffet fruits de mer, musique live et vue sur les temples illumin\u00e9s. D\u00e9part Asiatique.","breadcrumb":{"@id":"https:\/\/lunayatravel.com\/produit\/croisiere-diner-bangkok-chao-phraya-asiatique\/#breadcrumb"},"inLanguage":"en-GB","potentialAction":[{"@type":"ReadAction","target":["https:\/\/lunayatravel.com\/produit\/croisiere-diner-bangkok-chao-phraya-asiatique\/"]}]},{"@type":"ImageObject","inLanguage":"en-GB","@id":"https:\/\/lunayatravel.com\/produit\/croisiere-diner-bangkok-chao-phraya-asiatique\/#primaryimage","url":"https:\/\/lunayatravel.com\/wp-content\/uploads\/2025\/07\/4.webp","contentUrl":"https:\/\/lunayatravel.com\/wp-content\/uploads\/2025\/07\/4.webp","width":720,"height":540,"caption":"bangkok"},{"@type":"BreadcrumbList","@id":"https:\/\/lunayatravel.com\/produit\/croisiere-diner-bangkok-chao-phraya-asiatique\/#breadcrumb","itemListElement":[{"@type":"ListItem","position":1,"name":"Accueil","item":"https:\/\/lunayatravel.com\/"},{"@type":"ListItem","position":2,"name":"Nos activit\u00e9s","item":"https:\/\/lunayatravel.com\/nos-activites\/"},{"@type":"ListItem","position":3,"name":"Croisi\u00e8re d\u00eener Bangkok sur le Chao Phraya"}]},{"@type":"WebSite","@id":"https:\/\/lunayatravel.com\/#website","url":"https:\/\/lunayatravel.com\/","name":"","description":"","publisher":{"@id":"https:\/\/lunayatravel.com\/#organization"},"potentialAction":[{"@type":"SearchAction","target":{"@type":"EntryPoint","urlTemplate":"https:\/\/lunayatravel.com\/?s={search_term_string}"},"query-input":{"@type":"PropertyValueSpecification","valueRequired":true,"valueName":"search_term_string"}}],"inLanguage":"en-GB"},{"@type":"Organization","@id":"https:\/\/lunayatravel.com\/#organization","name":"Lunaya travel","alternateName":"Lunaya travel","url":"https:\/\/lunayatravel.com\/","logo":{"@type":"ImageObject","inLanguage":"en-GB","@id":"https:\/\/lunayatravel.com\/#\/schema\/logo\/image\/","url":"https:\/\/lunayatravel.com\/wp-content\/uploads\/2026\/03\/cropped-647319118_2379115739204013_337015058165053143_n.jpg","contentUrl":"https:\/\/lunayatravel.com\/wp-content\/uploads\/2026\/03\/cropped-647319118_2379115739204013_337015058165053143_n.jpg","width":1022,"height":1023,"caption":"Lunaya travel"},"image":{"@id":"https:\/\/lunayatravel.com\/#\/schema\/logo\/image\/"},"sameAs":["https:\/\/www.facebook.com\/lunayaTravel\/"]}]}},"uagb_featured_image_src":{"full":["https:\/\/lunayatravel.com\/wp-content\/uploads\/2025\/07\/4.webp",720,540,false],"thumbnail":["https:\/\/lunayatravel.com\/wp-content\/uploads\/2025\/07\/4-150x150.webp",150,150,true],"medium":["https:\/\/lunayatravel.com\/wp-content\/uploads\/2025\/07\/4-300x225.webp",300,225,true],"medium_large":["https:\/\/lunayatravel.com\/wp-content\/uploads\/2025\/07\/4.webp",720,540,false],"large":["https:\/\/lunayatravel.com\/wp-content\/uploads\/2025\/07\/4.webp",720,540,false],"1536x1536":["https:\/\/lunayatravel.com\/wp-content\/uploads\/2025\/07\/4.webp",720,540,false],"2048x2048":["https:\/\/lunayatravel.com\/wp-content\/uploads\/2025\/07\/4.webp",720,540,false],"trp-custom-language-flag":["https:\/\/lunayatravel.com\/wp-content\/uploads\/2025\/07\/4.webp",16,12,false],"widget-thumbnail":["https:\/\/lunayatravel.com\/wp-content\/uploads\/2025\/07\/4-75x75.webp",75,75,true],"mailpoet_newsletter_max":["https:\/\/lunayatravel.com\/wp-content\/uploads\/2025\/07\/4.webp",720,540,false],"woocommerce_thumbnail":["https:\/\/lunayatravel.com\/wp-content\/uploads\/2025\/07\/4-300x300.webp",300,300,true],"woocommerce_single":["https:\/\/lunayatravel.com\/wp-content\/uploads\/2025\/07\/4-600x450.webp",600,450,true],"woocommerce_gallery_thumbnail":["https:\/\/lunayatravel.com\/wp-content\/uploads\/2025\/07\/4-100x100.webp",100,100,true],"sow-carousel-default":["https:\/\/lunayatravel.com\/wp-content\/uploads\/2025\/07\/4-272x182.webp",272,182,true]},"uagb_author_info":{"display_name":"haemers stephanie","author_link":"https:\/\/lunayatravel.com\/en\/author\/"},"uagb_comment_info":0,"uagb_excerpt":"Description Vivez une soir\u00e9e magique \u00e0 bord de la Bangkok Chao Phraya Cruise Embarquez depuis Asiatique The Riverfront, l\u2019un des lieux les plus anim\u00e9s de Bangkok Admirez les temples et monuments illumin\u00e9s depuis le fleuve Profitez d\u2019un buffet international avec fruits de mer Laissez-vous porter par une ambiance musicale live Assistez \u00e0 des danses traditionnelles&hellip;","jetpack_sharing_enabled":true,"_links":{"self":[{"href":"https:\/\/lunayatravel.com\/en\/wp-json\/wp\/v2\/product\/29974","targetHints":{"allow":["GET"]}}],"collection":[{"href":"https:\/\/lunayatravel.com\/en\/wp-json\/wp\/v2\/product"}],"about":[{"href":"https:\/\/lunayatravel.com\/en\/wp-json\/wp\/v2\/types\/product"}],"replies":[{"embeddable":true,"href":"https:\/\/lunayatravel.com\/en\/wp-json\/wp\/v2\/comments?post=29974"}],"wp:featuredmedia":[{"embeddable":true,"href":"https:\/\/lunayatravel.com\/en\/wp-json\/wp\/v2\/media\/29976"}],"wp:attachment":[{"href":"https:\/\/lunayatravel.com\/en\/wp-json\/wp\/v2\/media?parent=29974"}],"wp:term":[{"taxonomy":"product_brand","embeddable":true,"href":"https:\/\/lunayatravel.com\/en\/wp-json\/wp\/v2\/product_brand?post=29974"},{"taxonomy":"product_cat","embeddable":true,"href":"https:\/\/lunayatravel.com\/en\/wp-json\/wp\/v2\/product_cat?post=29974"},{"taxonomy":"product_tag","embeddable":true,"href":"https:\/\/lunayatravel.com\/en\/wp-json\/wp\/v2\/product_tag?post=29974"}],"curies":[{"name":"wp","href":"https:\/\/api.w.org\/{rel}","templated":true}]}}