{"id":29967,"date":"2025-07-22T10:18:31","date_gmt":"2025-07-22T08:18:31","guid":{"rendered":"https:\/\/itctoursvoyages.com\/?post_type=product&#038;p=29967"},"modified":"2026-04-08T12:44:13","modified_gmt":"2026-04-08T10:44:13","slug":"viva-alangka-croisiere-bangkok","status":"publish","type":"product","link":"https:\/\/lunayatravel.com\/en\/product\/viva-alangka-croisiere-bangkok\/","title":{"rendered":"VIVA Alangka \u2013 3-Story Dinner Cruise"},"content":{"rendered":"<div class=\"no-scrollbar flex min-h-36 flex-nowrap gap-0.5 overflow-auto sm:gap-1 sm:overflow-hidden xl:min-h-44 mt-1 mb-5 [&amp;:not(:first-child)]:mt-4\">\n<div class=\"border-token-border-default relative w-32 shrink-0 overflow-hidden rounded-xl border-[0.5px] md:shrink max-h-64 sm:w-[calc((100%-0.5rem)\/3)] rounded-s-xl\">\n<div class=\"group\/search-image @container\/search-image relative rounded-[inherit] h-full w-full\">\n<div><\/div>\n<\/div>\n<\/div>\n<div class=\"border-token-border-default relative w-32 shrink-0 overflow-hidden rounded-xl border-[0.5px] md:shrink max-h-64 sm:w-[calc((100%-0.5rem)\/3)]\">\n<div class=\"group\/search-image @container\/search-image relative rounded-[inherit] h-full w-full\">\n<div><\/div>\n<\/div>\n<\/div>\n<div class=\"border-token-border-default relative w-32 shrink-0 overflow-hidden rounded-xl border-[0.5px] md:shrink max-h-64 sm:w-[calc((100%-0.5rem)\/3)] rounded-e-xl\">\n<div class=\"group\/search-image @container\/search-image relative rounded-[inherit] h-full w-full\">\n<div><\/div>\n<div class=\"pointer-events-none absolute inset-x-2 bottom-2 z-0 flex max-w-[calc(100%-1rem)] flex-wrap items-end justify-end gap-1.5\">\n<div class=\"shrink-0\">\n<div class=\"flex items-center gap-1 rounded-full px-2 py-1.5 text-white backdrop-blur-md backdrop-brightness-75\"><strong data-start=\"241\" data-end=\"407\">Montez \u00e0 bord du VIVA Alangka, l\u2019un des plus grands bateaux de croisi\u00e8re du Chao Phraya, pour une soir\u00e9e \u00e9l\u00e9gante entre buffet, musique live et panorama nocturne.<\/strong><\/div>\n<\/div>\n<\/div>\n<\/div>\n<\/div>\n<\/div>\n<p data-start=\"411\" data-end=\"504\">Une exp\u00e9rience compl\u00e8te pour d\u00e9couvrir Bangkok de nuit dans un cadre spacieux et confortable.<\/p>\n<hr data-start=\"506\" data-end=\"509\" \/>\n<h2 data-section-id=\"nq8g8t\" data-start=\"511\" data-end=\"565\">\u00a0Pourquoi choisir la croisi\u00e8re VIVA Alangka ?<\/h2>\n<ul data-start=\"567\" data-end=\"762\">\n<li data-section-id=\"1clbxly\" data-start=\"567\" data-end=\"610\">Bateau 3 \u00e9tages spacieux et confortable<\/li>\n<li data-section-id=\"37gp75\" data-start=\"611\" data-end=\"641\">Buffet international vari\u00e9<\/li>\n<li data-section-id=\"1v9t5s1\" data-start=\"642\" data-end=\"687\">Musique live avec artistes professionnels<\/li>\n<li data-section-id=\"eypotw\" data-start=\"688\" data-end=\"727\">Vue sur les monuments embl\u00e9matiques<\/li>\n<li data-section-id=\"ip0ech\" data-start=\"728\" data-end=\"762\">Deux points de d\u00e9part au choix<\/li>\n<\/ul>\n<hr data-start=\"764\" data-end=\"767\" \/>\n<h2 data-section-id=\"10uavfq\" data-start=\"769\" data-end=\"791\">\u00a0Points forts<\/h2>\n<ul data-start=\"793\" data-end=\"1051\">\n<li data-section-id=\"1bzdzfi\" data-start=\"793\" data-end=\"842\">Plus grand bateau de croisi\u00e8re du Chao Phraya<\/li>\n<li data-section-id=\"1avax8a\" data-start=\"843\" data-end=\"907\">Cuisine vari\u00e9e : tha\u00ef, occidental, japonais et fruits de mer<\/li>\n<li data-section-id=\"1ss7k6x\" data-start=\"908\" data-end=\"934\">Ambiance musicale live<\/li>\n<li data-section-id=\"13wqa4m\" data-start=\"935\" data-end=\"997\">Panorama sur Wat Arun, Grand Palais et ponts embl\u00e9matiques<\/li>\n<li data-section-id=\"1ru2rih\" data-start=\"998\" data-end=\"1051\">G\u00e2teau d\u2019anniversaire offert (si n\u00e9 dans le mois)<\/li>\n<\/ul>\n<hr data-start=\"1053\" data-end=\"1056\" \/>\n<h2 data-section-id=\"1cfgznm\" data-start=\"1058\" data-end=\"1092\">\u00a0Horaires de la croisi\u00e8re<\/h2>\n<h3 data-section-id=\"10v762t\" data-start=\"1094\" data-end=\"1128\">D\u00e9part depuis Asiatique<\/h3>\n<div class=\"no-scrollbar flex min-h-36 flex-nowrap gap-0.5 overflow-auto sm:gap-1 sm:overflow-hidden xl:min-h-44 mt-1 mb-5 [&amp;:not(:first-child)]:mt-4\">\n<div class=\"border-token-border-default relative w-32 shrink-0 overflow-hidden rounded-xl border-[0.5px] md:shrink max-h-64 sm:w-[calc((100%-0.5rem)\/3)] rounded-s-xl\">\n<div class=\"group\/search-image @container\/search-image relative rounded-[inherit] h-full w-full\">\n<div><\/div>\n<\/div>\n<\/div>\n<div class=\"border-token-border-default relative w-32 shrink-0 overflow-hidden rounded-xl border-[0.5px] md:shrink max-h-64 sm:w-[calc((100%-0.5rem)\/3)]\">\n<div class=\"group\/search-image @container\/search-image relative rounded-[inherit] h-full w-full\">\n<div><\/div>\n<\/div>\n<\/div>\n<div class=\"border-token-border-default relative w-32 shrink-0 overflow-hidden rounded-xl border-[0.5px] md:shrink max-h-64 sm:w-[calc((100%-0.5rem)\/3)] rounded-e-xl\">\n<div class=\"group\/search-image @container\/search-image relative rounded-[inherit] h-full w-full\">\n<div><\/div>\n<div class=\"pointer-events-none absolute inset-x-2 bottom-2 z-0 flex max-w-[calc(100%-1rem)] flex-wrap items-end justify-end gap-1.5\">\n<div class=\"shrink-0\">\n<div class=\"flex items-center gap-1 rounded-full px-2 py-1.5 text-white backdrop-blur-md backdrop-brightness-75\">Asiatique The Riverfront<\/div>\n<\/div>\n<\/div>\n<\/div>\n<\/div>\n<\/div>\n<ul data-start=\"1216\" data-end=\"1324\">\n<li data-section-id=\"1nx49nh\" data-start=\"1216\" data-end=\"1264\">18h30 \u2013 19h30 : Enregistrement (Entrep\u00f4t #7)<\/li>\n<li data-section-id=\"1tlfti8\" data-start=\"1265\" data-end=\"1297\">19h45 \u2013 20h00 : Embarquement<\/li>\n<li data-section-id=\"1djuhs8\" data-start=\"1298\" data-end=\"1324\">21h45 \u2013 22h00 : Retour<\/li>\n<\/ul>\n<hr data-start=\"1326\" data-end=\"1329\" \/>\n<h3 data-section-id=\"gww354\" data-start=\"1331\" data-end=\"1374\">\u00a0D\u00e9part depuis Terminal 21 Rama 3<\/h3>\n<div class=\"no-scrollbar flex min-h-36 flex-nowrap gap-0.5 overflow-auto sm:gap-1 sm:overflow-hidden xl:min-h-44 mt-1 mb-5 [&amp;:not(:first-child)]:mt-4\">\n<div class=\"border-token-border-default relative w-32 shrink-0 overflow-hidden rounded-xl border-[0.5px] md:shrink max-h-64 sm:w-[calc((100%-0.5rem)\/3)] rounded-s-xl\">\n<div class=\"group\/search-image @container\/search-image relative rounded-[inherit] h-full w-full\">\n<div><\/div>\n<\/div>\n<\/div>\n<div class=\"border-token-border-default relative w-32 shrink-0 overflow-hidden rounded-xl border-[0.5px] md:shrink max-h-64 sm:w-[calc((100%-0.5rem)\/3)]\">\n<div class=\"group\/search-image @container\/search-image relative rounded-[inherit] h-full w-full\">\n<div><\/div>\n<\/div>\n<\/div>\n<div class=\"border-token-border-default relative w-32 shrink-0 overflow-hidden rounded-xl border-[0.5px] md:shrink max-h-64 sm:w-[calc((100%-0.5rem)\/3)] rounded-e-xl\">\n<div class=\"group\/search-image @container\/search-image relative rounded-[inherit] h-full w-full\">\n<div><\/div>\n<\/div>\n<\/div>\n<\/div>\n<p data-start=\"1418\" data-end=\"1460\"><span class=\"hover:entity-accent entity-underline inline cursor-pointer align-baseline\"><span class=\"whitespace-normal\">Terminal 21 Rama III Pier<\/span><\/span><\/p>\n<ul data-start=\"1462\" data-end=\"1574\">\n<li data-section-id=\"1y7h2gx\" data-start=\"1462\" data-end=\"1514\">18h00 \u2013 19h00 : Enregistrement (Gate 4, G Floor)<\/li>\n<li data-section-id=\"1d2z5e4\" data-start=\"1515\" data-end=\"1547\">19h15 \u2013 19h30 : Embarquement<\/li>\n<li data-section-id=\"1txo3rh\" data-start=\"1548\" data-end=\"1574\">22h15 \u2013 22h30 : Retour<\/li>\n<\/ul>\n<hr data-start=\"1576\" data-end=\"1579\" \/>\n<h2 data-section-id=\"m50aq\" data-start=\"1581\" data-end=\"1608\">Ce qui est inclus<\/h2>\n<ul data-start=\"1610\" data-end=\"1723\">\n<li data-section-id=\"fz8yyb\" data-start=\"1610\" data-end=\"1647\">Croisi\u00e8re panoramique de 2 heures<\/li>\n<li data-section-id=\"rnptko\" data-start=\"1648\" data-end=\"1699\">Buffet international et fruits de mer \u00e0 volont\u00e9<\/li>\n<li data-section-id=\"q1sih2\" data-start=\"1700\" data-end=\"1723\">Musique live \u00e0 bord<\/li>\n<\/ul>\n<hr data-start=\"1725\" data-end=\"1728\" \/>\n<h2 data-section-id=\"dp4bwk\" data-start=\"1730\" data-end=\"1750\">Non inclus<\/h2>\n<ul data-start=\"1752\" data-end=\"1813\">\n<li data-section-id=\"1jhs53w\" data-start=\"1752\" data-end=\"1789\">Transfert jusqu\u2019au lieu de d\u00e9part<\/li>\n<li data-section-id=\"1as88o8\" data-start=\"1790\" data-end=\"1813\">Boissons (hors eau)<\/li>\n<\/ul>\n<hr data-start=\"1815\" data-end=\"1818\" \/>\n<h2 data-section-id=\"fnnlp2\" data-start=\"1820\" data-end=\"1852\">\u00a0Informations pratiques<\/h2>\n<ul data-start=\"1854\" data-end=\"1960\">\n<li data-section-id=\"ip0ech\" data-start=\"1854\" data-end=\"1888\">Deux points de d\u00e9part au choix<\/li>\n<li data-section-id=\"1y52s7t\" data-start=\"1889\" data-end=\"1918\">Activit\u00e9 id\u00e9ale en soir\u00e9e<\/li>\n<li data-section-id=\"b6qtzb\" data-start=\"1919\" data-end=\"1960\">Itin\u00e9raire adaptable selon conditions<\/li>\n<\/ul>\n<hr data-start=\"1962\" data-end=\"1965\" \/>\n<h2 data-section-id=\"9803m\" data-start=\"1967\" data-end=\"2010\">\u00a0Conseils pour profiter au maximum<\/h2>\n<ul data-start=\"2012\" data-end=\"2170\">\n<li data-section-id=\"2n8top\" data-start=\"2012\" data-end=\"2055\">Arriver en avance pour l\u2019enregistrement<\/li>\n<li data-section-id=\"lv372z\" data-start=\"2056\" data-end=\"2082\">Pr\u00e9voir tenue \u00e9l\u00e9gante<\/li>\n<li data-section-id=\"1wxvfzr\" data-start=\"2083\" data-end=\"2125\">Profiter du pont ext\u00e9rieur pour la vue<\/li>\n<li data-section-id=\"1rss63s\" data-start=\"2126\" data-end=\"2170\">R\u00e9server \u00e0 l\u2019avance (activit\u00e9 populaire)<\/li>\n<\/ul>\n<hr data-start=\"2172\" data-end=\"2175\" \/>\n<h2 data-section-id=\"4be24n\" data-start=\"2177\" data-end=\"2205\">\u00a0FAQ \u2013 VIVA Alangka<\/h2>\n<p data-start=\"2207\" data-end=\"2272\"><strong data-start=\"2207\" data-end=\"2239\">Le buffet est-il \u00e0 volont\u00e9 ?<\/strong><br data-start=\"2239\" data-end=\"2242\" \/>Oui, buffet complet \u00e0 volont\u00e9.<\/p>\n<p data-start=\"2274\" data-end=\"2330\"><strong data-start=\"2274\" data-end=\"2302\">Y a-t-il de la musique ?<\/strong><br data-start=\"2302\" data-end=\"2305\" \/>Oui, musique live \u00e0 bord.<\/p>\n<p data-start=\"2332\" data-end=\"2402\"><strong data-start=\"2332\" data-end=\"2371\">Peut-on choisir le lieu de d\u00e9part ?<\/strong><br data-start=\"2371\" data-end=\"2374\" \/>Oui, lors de la r\u00e9servation.<\/p>\n<p data-start=\"2404\" data-end=\"2478\"><strong data-start=\"2404\" data-end=\"2451\">La croisi\u00e8re est-elle adapt\u00e9e aux enfants ?<\/strong><br data-start=\"2451\" data-end=\"2454\" \/>Oui, activit\u00e9 familiale.<\/p>\n","protected":false},"excerpt":{"rendered":"<h3 data-section-id=\"1x0npnp\" data-start=\"56\" data-end=\"74\">Highlights<\/h3>\n<ul data-start=\"76\" data-end=\"344\">\n<li data-section-id=\"gu9vg3\" data-start=\"76\" data-end=\"127\">D\u00eener-croisi\u00e8re sur un bateau 3 \u00e9tages spacieux<\/li>\n<li data-section-id=\"13j2ntk\" data-start=\"128\" data-end=\"181\">Buffet international avec fruits de mer \u00e0 volont\u00e9<\/li>\n<li data-section-id=\"1v9t5s1\" data-start=\"182\" data-end=\"227\">Musique live avec artistes professionnels<\/li>\n<li data-section-id=\"1c4jg52\" data-start=\"228\" data-end=\"290\">Vue panoramique sur les monuments embl\u00e9matiques de Bangkok<\/li>\n<li data-section-id=\"1p7ug5a\" data-start=\"291\" data-end=\"344\">D\u00e9part au choix : Asiatique ou Terminal 21 Rama 3<\/li>\n<\/ul>\n<hr data-start=\"346\" data-end=\"349\" \/>\n<h3 data-section-id=\"hxsibk\" data-start=\"351\" data-end=\"368\">Description<\/h3>\n<ul data-start=\"370\" data-end=\"785\">\n<li data-section-id=\"1mv5idj\" data-start=\"370\" data-end=\"433\">Profitez d\u2019une croisi\u00e8re \u00e9l\u00e9gante sur le fleuve Chao Phraya<\/li>\n<li data-section-id=\"1nopj3e\" data-start=\"434\" data-end=\"503\">D\u00e9couvrez Bangkok de nuit depuis un bateau confortable et moderne<\/li>\n<li data-section-id=\"1xk090j\" data-start=\"504\" data-end=\"578\">Savourez un buffet vari\u00e9 m\u00ealant cuisine tha\u00ef, occidentale et japonaise<\/li>\n<li data-section-id=\"1ts79k3\" data-start=\"579\" data-end=\"633\">Let yourself be carried away by a live musical atmosphere<\/li>\n<li data-section-id=\"1n4eo1b\" data-start=\"634\" data-end=\"710\">Admirez les temples et monuments illumin\u00e9s tout au long de la navigation<\/li>\n<li data-section-id=\"1ukvhca\" data-start=\"711\" data-end=\"785\">Vivez une exp\u00e9rience compl\u00e8te entre gastronomie, spectacle et panorama<\/li>\n<\/ul>","protected":false},"featured_media":29973,"comment_status":"open","ping_status":"closed","template":"","meta":{"_uag_custom_page_level_css":""},"product_brand":[],"product_cat":[34],"product_tag":[],"class_list":{"0":"post-29967","1":"product","2":"type-product","3":"status-publish","4":"has-post-thumbnail","6":"product_cat-bangkok","8":"first","9":"instock","10":"virtual","11":"taxable","12":"purchasable","13":"product-type-simple"},"yoast_head":"<!-- This site is optimized with the Yoast SEO plugin v27.1.1 - https:\/\/yoast.com\/product\/yoast-seo-wordpress\/ -->\n<title>VIVA Alangka \u2013 D\u00eener-croisi\u00e8re 3 \u00e9tages -<\/title>\n<meta name=\"description\" content=\"VIVA Alangka Bangkok : d\u00eener-croisi\u00e8re 3 \u00e9tages avec buffet international, musique live et vue sur le Chao Phraya. D\u00e9part Asiatique ou Rama 3.\" \/>\n<meta name=\"robots\" content=\"index, follow, max-snippet:-1, max-image-preview:large, max-video-preview:-1\" \/>\n<link rel=\"canonical\" href=\"https:\/\/lunayatravel.com\/en\/product\/viva-alangka-croisiere-bangkok\/\" \/>\n<meta property=\"og:locale\" content=\"en_GB\" \/>\n<meta property=\"og:type\" content=\"article\" \/>\n<meta property=\"og:title\" content=\"VIVA Alangka \u2013 D\u00eener-croisi\u00e8re 3 \u00e9tages -\" \/>\n<meta property=\"og:description\" content=\"VIVA Alangka Bangkok : d\u00eener-croisi\u00e8re 3 \u00e9tages avec buffet international, musique live et vue sur le Chao Phraya. D\u00e9part Asiatique ou Rama 3.\" \/>\n<meta property=\"og:url\" content=\"https:\/\/lunayatravel.com\/en\/product\/viva-alangka-croisiere-bangkok\/\" \/>\n<meta property=\"article:publisher\" content=\"https:\/\/www.facebook.com\/lunayaTravel\/\" \/>\n<meta property=\"article:modified_time\" content=\"2026-04-08T10:44:13+00:00\" \/>\n<meta property=\"og:image\" content=\"https:\/\/lunayatravel.com\/wp-content\/uploads\/2025\/07\/01_Meridian_Alangka_Cruise26.webp\" \/>\n\t<meta property=\"og:image:width\" content=\"720\" \/>\n\t<meta property=\"og:image:height\" content=\"540\" \/>\n\t<meta property=\"og:image:type\" content=\"image\/webp\" \/>\n<meta name=\"twitter:card\" content=\"summary_large_image\" \/>\n<meta name=\"twitter:label1\" content=\"Estimated reading time\" \/>\n\t<meta name=\"twitter:data1\" content=\"2 minutes\" \/>\n<script type=\"application\/ld+json\" class=\"yoast-schema-graph\">{\"@context\":\"https:\/\/schema.org\",\"@graph\":[{\"@type\":\"WebPage\",\"@id\":\"https:\/\/lunayatravel.com\/produit\/viva-alangka-croisiere-bangkok\/\",\"url\":\"https:\/\/lunayatravel.com\/produit\/viva-alangka-croisiere-bangkok\/\",\"name\":\"VIVA Alangka \u2013 D\u00eener-croisi\u00e8re 3 \u00e9tages -\",\"isPartOf\":{\"@id\":\"https:\/\/lunayatravel.com\/#website\"},\"primaryImageOfPage\":{\"@id\":\"https:\/\/lunayatravel.com\/produit\/viva-alangka-croisiere-bangkok\/#primaryimage\"},\"image\":{\"@id\":\"https:\/\/lunayatravel.com\/produit\/viva-alangka-croisiere-bangkok\/#primaryimage\"},\"thumbnailUrl\":\"https:\/\/lunayatravel.com\/wp-content\/uploads\/2025\/07\/01_Meridian_Alangka_Cruise26.webp\",\"datePublished\":\"2025-07-22T08:18:31+00:00\",\"dateModified\":\"2026-04-08T10:44:13+00:00\",\"description\":\"VIVA Alangka Bangkok : d\u00eener-croisi\u00e8re 3 \u00e9tages avec buffet international, musique live et vue sur le Chao Phraya. D\u00e9part Asiatique ou Rama 3.\",\"breadcrumb\":{\"@id\":\"https:\/\/lunayatravel.com\/produit\/viva-alangka-croisiere-bangkok\/#breadcrumb\"},\"inLanguage\":\"en-GB\",\"potentialAction\":[{\"@type\":\"ReadAction\",\"target\":[\"https:\/\/lunayatravel.com\/produit\/viva-alangka-croisiere-bangkok\/\"]}]},{\"@type\":\"ImageObject\",\"inLanguage\":\"en-GB\",\"@id\":\"https:\/\/lunayatravel.com\/produit\/viva-alangka-croisiere-bangkok\/#primaryimage\",\"url\":\"https:\/\/lunayatravel.com\/wp-content\/uploads\/2025\/07\/01_Meridian_Alangka_Cruise26.webp\",\"contentUrl\":\"https:\/\/lunayatravel.com\/wp-content\/uploads\/2025\/07\/01_Meridian_Alangka_Cruise26.webp\",\"width\":720,\"height\":540,\"caption\":\"VIVA Alangka\"},{\"@type\":\"BreadcrumbList\",\"@id\":\"https:\/\/lunayatravel.com\/produit\/viva-alangka-croisiere-bangkok\/#breadcrumb\",\"itemListElement\":[{\"@type\":\"ListItem\",\"position\":1,\"name\":\"Accueil\",\"item\":\"https:\/\/lunayatravel.com\/\"},{\"@type\":\"ListItem\",\"position\":2,\"name\":\"Nos activit\u00e9s\",\"item\":\"https:\/\/lunayatravel.com\/nos-activites\/\"},{\"@type\":\"ListItem\",\"position\":3,\"name\":\"VIVA Alangka \u2013 D\u00eener-croisi\u00e8re 3 \u00e9tages\"}]},{\"@type\":\"WebSite\",\"@id\":\"https:\/\/lunayatravel.com\/#website\",\"url\":\"https:\/\/lunayatravel.com\/\",\"name\":\"\",\"description\":\"\",\"publisher\":{\"@id\":\"https:\/\/lunayatravel.com\/#organization\"},\"potentialAction\":[{\"@type\":\"SearchAction\",\"target\":{\"@type\":\"EntryPoint\",\"urlTemplate\":\"https:\/\/lunayatravel.com\/?s={search_term_string}\"},\"query-input\":{\"@type\":\"PropertyValueSpecification\",\"valueRequired\":true,\"valueName\":\"search_term_string\"}}],\"inLanguage\":\"en-GB\"},{\"@type\":\"Organization\",\"@id\":\"https:\/\/lunayatravel.com\/#organization\",\"name\":\"Lunaya travel\",\"alternateName\":\"Lunaya travel\",\"url\":\"https:\/\/lunayatravel.com\/\",\"logo\":{\"@type\":\"ImageObject\",\"inLanguage\":\"en-GB\",\"@id\":\"https:\/\/lunayatravel.com\/#\/schema\/logo\/image\/\",\"url\":\"https:\/\/lunayatravel.com\/wp-content\/uploads\/2026\/03\/cropped-647319118_2379115739204013_337015058165053143_n.jpg\",\"contentUrl\":\"https:\/\/lunayatravel.com\/wp-content\/uploads\/2026\/03\/cropped-647319118_2379115739204013_337015058165053143_n.jpg\",\"width\":1022,\"height\":1023,\"caption\":\"Lunaya travel\"},\"image\":{\"@id\":\"https:\/\/lunayatravel.com\/#\/schema\/logo\/image\/\"},\"sameAs\":[\"https:\/\/www.facebook.com\/lunayaTravel\/\"]}]}<\/script>\n<!-- \/ Yoast SEO plugin. -->","yoast_head_json":{"title":"VIVA Alangka \u2013 D\u00eener-croisi\u00e8re 3 \u00e9tages -","description":"VIVA Alangka Bangkok : d\u00eener-croisi\u00e8re 3 \u00e9tages avec buffet international, musique live et vue sur le Chao Phraya. D\u00e9part Asiatique ou Rama 3.","robots":{"index":"index","follow":"follow","max-snippet":"max-snippet:-1","max-image-preview":"max-image-preview:large","max-video-preview":"max-video-preview:-1"},"canonical":"https:\/\/lunayatravel.com\/en\/product\/viva-alangka-croisiere-bangkok\/","og_locale":"en_GB","og_type":"article","og_title":"VIVA Alangka \u2013 D\u00eener-croisi\u00e8re 3 \u00e9tages -","og_description":"VIVA Alangka Bangkok : d\u00eener-croisi\u00e8re 3 \u00e9tages avec buffet international, musique live et vue sur le Chao Phraya. D\u00e9part Asiatique ou Rama 3.","og_url":"https:\/\/lunayatravel.com\/en\/product\/viva-alangka-croisiere-bangkok\/","article_publisher":"https:\/\/www.facebook.com\/lunayaTravel\/","article_modified_time":"2026-04-08T10:44:13+00:00","og_image":[{"width":720,"height":540,"url":"https:\/\/lunayatravel.com\/wp-content\/uploads\/2025\/07\/01_Meridian_Alangka_Cruise26.webp","type":"image\/webp"}],"twitter_card":"summary_large_image","twitter_misc":{"Estimated reading time":"2 minutes"},"schema":{"@context":"https:\/\/schema.org","@graph":[{"@type":"WebPage","@id":"https:\/\/lunayatravel.com\/produit\/viva-alangka-croisiere-bangkok\/","url":"https:\/\/lunayatravel.com\/produit\/viva-alangka-croisiere-bangkok\/","name":"VIVA Alangka \u2013 D\u00eener-croisi\u00e8re 3 \u00e9tages -","isPartOf":{"@id":"https:\/\/lunayatravel.com\/#website"},"primaryImageOfPage":{"@id":"https:\/\/lunayatravel.com\/produit\/viva-alangka-croisiere-bangkok\/#primaryimage"},"image":{"@id":"https:\/\/lunayatravel.com\/produit\/viva-alangka-croisiere-bangkok\/#primaryimage"},"thumbnailUrl":"https:\/\/lunayatravel.com\/wp-content\/uploads\/2025\/07\/01_Meridian_Alangka_Cruise26.webp","datePublished":"2025-07-22T08:18:31+00:00","dateModified":"2026-04-08T10:44:13+00:00","description":"VIVA Alangka Bangkok : d\u00eener-croisi\u00e8re 3 \u00e9tages avec buffet international, musique live et vue sur le Chao Phraya. D\u00e9part Asiatique ou Rama 3.","breadcrumb":{"@id":"https:\/\/lunayatravel.com\/produit\/viva-alangka-croisiere-bangkok\/#breadcrumb"},"inLanguage":"en-GB","potentialAction":[{"@type":"ReadAction","target":["https:\/\/lunayatravel.com\/produit\/viva-alangka-croisiere-bangkok\/"]}]},{"@type":"ImageObject","inLanguage":"en-GB","@id":"https:\/\/lunayatravel.com\/produit\/viva-alangka-croisiere-bangkok\/#primaryimage","url":"https:\/\/lunayatravel.com\/wp-content\/uploads\/2025\/07\/01_Meridian_Alangka_Cruise26.webp","contentUrl":"https:\/\/lunayatravel.com\/wp-content\/uploads\/2025\/07\/01_Meridian_Alangka_Cruise26.webp","width":720,"height":540,"caption":"VIVA Alangka"},{"@type":"BreadcrumbList","@id":"https:\/\/lunayatravel.com\/produit\/viva-alangka-croisiere-bangkok\/#breadcrumb","itemListElement":[{"@type":"ListItem","position":1,"name":"Accueil","item":"https:\/\/lunayatravel.com\/"},{"@type":"ListItem","position":2,"name":"Nos activit\u00e9s","item":"https:\/\/lunayatravel.com\/nos-activites\/"},{"@type":"ListItem","position":3,"name":"VIVA Alangka \u2013 D\u00eener-croisi\u00e8re 3 \u00e9tages"}]},{"@type":"WebSite","@id":"https:\/\/lunayatravel.com\/#website","url":"https:\/\/lunayatravel.com\/","name":"","description":"","publisher":{"@id":"https:\/\/lunayatravel.com\/#organization"},"potentialAction":[{"@type":"SearchAction","target":{"@type":"EntryPoint","urlTemplate":"https:\/\/lunayatravel.com\/?s={search_term_string}"},"query-input":{"@type":"PropertyValueSpecification","valueRequired":true,"valueName":"search_term_string"}}],"inLanguage":"en-GB"},{"@type":"Organization","@id":"https:\/\/lunayatravel.com\/#organization","name":"Lunaya travel","alternateName":"Lunaya travel","url":"https:\/\/lunayatravel.com\/","logo":{"@type":"ImageObject","inLanguage":"en-GB","@id":"https:\/\/lunayatravel.com\/#\/schema\/logo\/image\/","url":"https:\/\/lunayatravel.com\/wp-content\/uploads\/2026\/03\/cropped-647319118_2379115739204013_337015058165053143_n.jpg","contentUrl":"https:\/\/lunayatravel.com\/wp-content\/uploads\/2026\/03\/cropped-647319118_2379115739204013_337015058165053143_n.jpg","width":1022,"height":1023,"caption":"Lunaya travel"},"image":{"@id":"https:\/\/lunayatravel.com\/#\/schema\/logo\/image\/"},"sameAs":["https:\/\/www.facebook.com\/lunayaTravel\/"]}]}},"uagb_featured_image_src":{"full":["https:\/\/lunayatravel.com\/wp-content\/uploads\/2025\/07\/01_Meridian_Alangka_Cruise26.webp",720,540,false],"thumbnail":["https:\/\/lunayatravel.com\/wp-content\/uploads\/2025\/07\/01_Meridian_Alangka_Cruise26-150x150.webp",150,150,true],"medium":["https:\/\/lunayatravel.com\/wp-content\/uploads\/2025\/07\/01_Meridian_Alangka_Cruise26-300x225.webp",300,225,true],"medium_large":["https:\/\/lunayatravel.com\/wp-content\/uploads\/2025\/07\/01_Meridian_Alangka_Cruise26.webp",720,540,false],"large":["https:\/\/lunayatravel.com\/wp-content\/uploads\/2025\/07\/01_Meridian_Alangka_Cruise26.webp",720,540,false],"1536x1536":["https:\/\/lunayatravel.com\/wp-content\/uploads\/2025\/07\/01_Meridian_Alangka_Cruise26.webp",720,540,false],"2048x2048":["https:\/\/lunayatravel.com\/wp-content\/uploads\/2025\/07\/01_Meridian_Alangka_Cruise26.webp",720,540,false],"trp-custom-language-flag":["https:\/\/lunayatravel.com\/wp-content\/uploads\/2025\/07\/01_Meridian_Alangka_Cruise26.webp",16,12,false],"widget-thumbnail":["https:\/\/lunayatravel.com\/wp-content\/uploads\/2025\/07\/01_Meridian_Alangka_Cruise26-75x75.webp",75,75,true],"mailpoet_newsletter_max":["https:\/\/lunayatravel.com\/wp-content\/uploads\/2025\/07\/01_Meridian_Alangka_Cruise26.webp",720,540,false],"woocommerce_thumbnail":["https:\/\/lunayatravel.com\/wp-content\/uploads\/2025\/07\/01_Meridian_Alangka_Cruise26-300x300.webp",300,300,true],"woocommerce_single":["https:\/\/lunayatravel.com\/wp-content\/uploads\/2025\/07\/01_Meridian_Alangka_Cruise26-600x450.webp",600,450,true],"woocommerce_gallery_thumbnail":["https:\/\/lunayatravel.com\/wp-content\/uploads\/2025\/07\/01_Meridian_Alangka_Cruise26-100x100.webp",100,100,true],"sow-carousel-default":["https:\/\/lunayatravel.com\/wp-content\/uploads\/2025\/07\/01_Meridian_Alangka_Cruise26-272x182.webp",272,182,true]},"uagb_author_info":{"display_name":"haemers stephanie","author_link":"https:\/\/lunayatravel.com\/en\/author\/"},"uagb_comment_info":0,"uagb_excerpt":"Points forts D\u00eener-croisi\u00e8re sur un bateau 3 \u00e9tages spacieux Buffet international avec fruits de mer \u00e0 volont\u00e9 Musique live avec artistes professionnels Vue panoramique sur les monuments embl\u00e9matiques de Bangkok D\u00e9part au choix : Asiatique ou Terminal 21 Rama 3 Description Profitez d\u2019une croisi\u00e8re \u00e9l\u00e9gante sur le fleuve Chao Phraya D\u00e9couvrez Bangkok de nuit depuis&hellip;","jetpack_sharing_enabled":true,"_links":{"self":[{"href":"https:\/\/lunayatravel.com\/en\/wp-json\/wp\/v2\/product\/29967","targetHints":{"allow":["GET"]}}],"collection":[{"href":"https:\/\/lunayatravel.com\/en\/wp-json\/wp\/v2\/product"}],"about":[{"href":"https:\/\/lunayatravel.com\/en\/wp-json\/wp\/v2\/types\/product"}],"replies":[{"embeddable":true,"href":"https:\/\/lunayatravel.com\/en\/wp-json\/wp\/v2\/comments?post=29967"}],"wp:featuredmedia":[{"embeddable":true,"href":"https:\/\/lunayatravel.com\/en\/wp-json\/wp\/v2\/media\/29973"}],"wp:attachment":[{"href":"https:\/\/lunayatravel.com\/en\/wp-json\/wp\/v2\/media?parent=29967"}],"wp:term":[{"taxonomy":"product_brand","embeddable":true,"href":"https:\/\/lunayatravel.com\/en\/wp-json\/wp\/v2\/product_brand?post=29967"},{"taxonomy":"product_cat","embeddable":true,"href":"https:\/\/lunayatravel.com\/en\/wp-json\/wp\/v2\/product_cat?post=29967"},{"taxonomy":"product_tag","embeddable":true,"href":"https:\/\/lunayatravel.com\/en\/wp-json\/wp\/v2\/product_tag?post=29967"}],"curies":[{"name":"wp","href":"https:\/\/api.w.org\/{rel}","templated":true}]}}