{"id":29951,"date":"2025-07-22T07:09:38","date_gmt":"2025-07-22T05:09:38","guid":{"rendered":"https:\/\/itctoursvoyages.com\/?post_type=product&#038;p=29951"},"modified":"2026-04-08T11:30:54","modified_gmt":"2026-04-08T09:30:54","slug":"calypso-cabaret-bangkok-spectacle","status":"publish","type":"product","link":"https:\/\/lunayatravel.com\/en\/product\/calypso-cabaret-bangkok-spectacle\/","title":{"rendered":"Calypso Cabaret Bangkok \u2013 Spectacle"},"content":{"rendered":"<div class=\"no-scrollbar flex min-h-36 flex-nowrap gap-0.5 overflow-auto sm:gap-1 sm:overflow-hidden xl:min-h-44 mt-1 mb-5 [&amp;:not(:first-child)]:mt-4\">\n<div class=\"border-token-border-default relative w-32 shrink-0 overflow-hidden rounded-xl border-[0.5px] md:shrink max-h-64 sm:w-[calc((100%-0.5rem)\/3)] rounded-s-xl\">\n<div class=\"group\/search-image @container\/search-image relative rounded-[inherit] h-full w-full\">\n<div><img loading=\"lazy\" decoding=\"async\" class=\"bg-token-main-surface-tertiary m-0 h-full w-full object-cover alignnone\" src=\"https:\/\/image.kkday.com\/v2\/image\/get\/c_fit%2Cq_55%2Ct_webp%2Cw_960\/s1.kkday.com\/product_2568\/20250908063940_s6Udq\/jpg\" alt=\"Calypso \" width=\"960\" height=\"639\" \/><\/div>\n<\/div>\n<\/div>\n<div class=\"border-token-border-default relative w-32 shrink-0 overflow-hidden rounded-xl border-[0.5px] md:shrink max-h-64 sm:w-[calc((100%-0.5rem)\/3)]\">\n<div class=\"group\/search-image @container\/search-image relative rounded-[inherit] h-full w-full\">\n<div><\/div>\n<\/div>\n<\/div>\n<div class=\"border-token-border-default relative w-32 shrink-0 overflow-hidden rounded-xl border-[0.5px] md:shrink max-h-64 sm:w-[calc((100%-0.5rem)\/3)] rounded-e-xl\">\n<div class=\"group\/search-image @container\/search-image relative rounded-[inherit] h-full w-full\">\n<div><\/div>\n<div class=\"pointer-events-none absolute inset-x-2 bottom-2 z-0 flex max-w-[calc(100%-1rem)] flex-wrap items-end justify-end gap-1.5\">\n<div class=\"shrink-0\">\n<div class=\"flex items-center gap-1 rounded-full px-2 py-1.5 text-white backdrop-blur-md backdrop-brightness-75\"><\/div>\n<\/div>\n<\/div>\n<\/div>\n<\/div>\n<\/div>\n<p data-start=\"231\" data-end=\"394\"><strong data-start=\"231\" data-end=\"392\">Vivez une soir\u00e9e inoubliable \u00e0 Bangkok avec le c\u00e9l\u00e8bre Calypso Cabaret, un spectacle m\u00ealant danse, chant et performance artistique dans un lieu embl\u00e9matique.<\/strong><\/p>\n<p data-start=\"396\" data-end=\"479\">Situ\u00e9 \u00e0 Asiatique The Riverfront, ce show est l\u2019un des plus r\u00e9put\u00e9s de la capitale.<\/p>\n<hr data-start=\"481\" data-end=\"484\" \/>\n<h2 data-section-id=\"2logvm\" data-start=\"486\" data-end=\"530\">\u00a0Pourquoi voir le Calypso Cabaret ?<\/h2>\n<ul data-start=\"532\" data-end=\"730\">\n<li data-section-id=\"1qtzrhl\" data-start=\"532\" data-end=\"569\">Spectacle embl\u00e9matique de Bangkok<\/li>\n<li data-section-id=\"1owo9co\" data-start=\"570\" data-end=\"613\">Performances artistiques de haut niveau<\/li>\n<li data-section-id=\"pa6tq6\" data-start=\"614\" data-end=\"647\">Ambiance festive et immersive<\/li>\n<li data-section-id=\"1efnwfk\" data-start=\"648\" data-end=\"683\">Id\u00e9al pour une soir\u00e9e originale<\/li>\n<li data-section-id=\"11fx249\" data-start=\"684\" data-end=\"730\">Situ\u00e9 dans un lieu anim\u00e9 au bord du fleuve<\/li>\n<\/ul>\n<hr data-start=\"732\" data-end=\"735\" \/>\n<h2 data-section-id=\"10uavfq\" data-start=\"737\" data-end=\"759\">\u00a0Points forts<\/h2>\n<ul data-start=\"761\" data-end=\"953\">\n<li data-section-id=\"14o7fzm\" data-start=\"761\" data-end=\"805\">Spectacle m\u00ealant danse, chant et com\u00e9die<\/li>\n<li data-section-id=\"cpdddq\" data-start=\"806\" data-end=\"841\">Artistes transgenres talentueux<\/li>\n<li data-section-id=\"1pw5k00\" data-start=\"842\" data-end=\"894\">Mise en sc\u00e8ne soign\u00e9e et costumes spectaculaires<\/li>\n<li data-section-id=\"11kpc3v\" data-start=\"895\" data-end=\"923\">Boisson gratuite incluse<\/li>\n<li data-section-id=\"jz0abn\" data-start=\"924\" data-end=\"953\">Deux horaires disponibles<\/li>\n<\/ul>\n<hr data-start=\"955\" data-end=\"958\" \/>\n<h2 data-section-id=\"1u3s3wc\" data-start=\"960\" data-end=\"978\">Horaires<\/h2>\n<ul data-start=\"980\" data-end=\"1053\">\n<li data-section-id=\"46cc5v\" data-start=\"980\" data-end=\"1013\">Ouverture : \u00e0 partir de 18h00<\/li>\n<li data-section-id=\"hiz9er\" data-start=\"1014\" data-end=\"1053\">Spectacle :\n<ul data-start=\"1032\" data-end=\"1053\">\n<li data-section-id=\"jynld5\" data-start=\"1032\" data-end=\"1041\">19h45<\/li>\n<li data-section-id=\"fecvfm\" data-start=\"1044\" data-end=\"1053\">21h45<\/li>\n<\/ul>\n<\/li>\n<\/ul>\n<hr data-start=\"1055\" data-end=\"1058\" \/>\n<h2 data-section-id=\"m50aq\" data-start=\"1060\" data-end=\"1087\">\u00a0Ce qui est inclus<\/h2>\n<ul data-start=\"1089\" data-end=\"1231\">\n<li data-section-id=\"1mam753\" data-start=\"1089\" data-end=\"1128\">Billet \u00e9lectronique Calypso Cabaret<\/li>\n<li data-section-id=\"v8mgju\" data-start=\"1129\" data-end=\"1148\">Entr\u00e9e garantie<\/li>\n<li data-section-id=\"ml47w8\" data-start=\"1149\" data-end=\"1181\">1 coupon de boisson gratuite<\/li>\n<li data-section-id=\"hflxah\" data-start=\"1182\" data-end=\"1231\">Acc\u00e8s \u00e0 Asiatique avant ou apr\u00e8s le spectacle<\/li>\n<\/ul>\n<hr data-start=\"1233\" data-end=\"1236\" \/>\n<h2 data-section-id=\"dp4bwk\" data-start=\"1238\" data-end=\"1258\">\u00a0Non inclus<\/h2>\n<ul data-start=\"1260\" data-end=\"1283\">\n<li data-section-id=\"u64elz\" data-start=\"1260\" data-end=\"1273\">Transfert<\/li>\n<li data-section-id=\"jyak8t\" data-start=\"1274\" data-end=\"1283\">Repas<\/li>\n<\/ul>\n<hr data-start=\"1285\" data-end=\"1288\" \/>\n<h2 data-section-id=\"a4sj4g\" data-start=\"1290\" data-end=\"1304\">Lieu<\/h2>\n<p data-start=\"1306\" data-end=\"1391\"><span class=\"hover:entity-accent entity-underline inline cursor-pointer align-baseline\"><span class=\"whitespace-normal\">Calypso Cabaret<\/span><\/span><br data-start=\"1346\" data-end=\"1349\" \/><span class=\"hover:entity-accent entity-underline inline cursor-pointer align-baseline\"><span class=\"whitespace-normal\">Asiatique The Riverfront<\/span><\/span><\/p>\n<p data-start=\"1393\" data-end=\"1407\">Entrep\u00f4t n\u00b03<\/p>\n<p data-start=\"1409\" data-end=\"1418\">Acc\u00e8s :<\/p>\n<ul data-start=\"1419\" data-end=\"1475\">\n<li data-section-id=\"5rdouk\" data-start=\"1419\" data-end=\"1427\">Taxi<\/li>\n<li data-section-id=\"nxg197\" data-start=\"1428\" data-end=\"1475\">BTS Saphan Taksin + navette bateau gratuite<\/li>\n<\/ul>\n<hr data-start=\"1477\" data-end=\"1480\" \/>\n<h2 data-section-id=\"1n4w733\" data-start=\"1482\" data-end=\"1521\">\u00a0Comment utiliser votre billet<\/h2>\n<ul data-start=\"1523\" data-end=\"1649\">\n<li data-section-id=\"1k1ix48\" data-start=\"1523\" data-end=\"1575\">Pr\u00e9sentez le billet \u00e9lectronique re\u00e7u par e-mail<\/li>\n<li data-section-id=\"cp02k0\" data-start=\"1576\" data-end=\"1603\">Aucun besoin d\u2019imprimer<\/li>\n<li data-section-id=\"tjvn7z\" data-start=\"1604\" data-end=\"1649\">Valable uniquement \u00e0 la date s\u00e9lectionn\u00e9e<\/li>\n<\/ul>\n<hr data-start=\"1651\" data-end=\"1654\" \/>\n<h2 data-section-id=\"9803m\" data-start=\"1656\" data-end=\"1699\">\u00a0Conseils pour profiter au maximum<\/h2>\n<ul data-start=\"1701\" data-end=\"1859\">\n<li data-section-id=\"1tupml0\" data-start=\"1701\" data-end=\"1722\">Arriver en avance<\/li>\n<li data-section-id=\"1r6jecn\" data-start=\"1723\" data-end=\"1768\">Choisir l\u2019horaire du soir pour l\u2019ambiance<\/li>\n<li data-section-id=\"ytu6xo\" data-start=\"1769\" data-end=\"1808\">Profiter d\u2019Asiatique avant ou apr\u00e8s<\/li>\n<li data-section-id=\"28qd61\" data-start=\"1809\" data-end=\"1859\">Prendre des photos (selon r\u00e8gles du spectacle)<\/li>\n<\/ul>\n<hr data-start=\"1861\" data-end=\"1864\" \/>\n<h2 data-section-id=\"1aea8u1\" data-start=\"1866\" data-end=\"1897\">\u00a0FAQ \u2013 Calypso Cabaret<\/h2>\n<p data-start=\"1899\" data-end=\"1969\"><strong data-start=\"1899\" data-end=\"1943\">Le spectacle est-il adapt\u00e9 aux enfants ?<\/strong><br data-start=\"1943\" data-end=\"1946\" \/>Oui, accessible \u00e0 tous.<\/p>\n<p data-start=\"1971\" data-end=\"2041\"><strong data-start=\"1971\" data-end=\"2003\">Faut-il imprimer le billet ?<\/strong><br data-start=\"2003\" data-end=\"2006\" \/>Non, version \u00e9lectronique accept\u00e9e.<\/p>\n<p data-start=\"2043\" data-end=\"2107\"><strong data-start=\"2043\" data-end=\"2076\">Peut-on choisir son horaire ?<\/strong><br data-start=\"2076\" data-end=\"2079\" \/>Oui, lors de la r\u00e9servation.<\/p>\n<p data-start=\"2109\" data-end=\"2171\"><strong data-start=\"2109\" data-end=\"2142\">La boisson est-elle incluse ?<\/strong><br data-start=\"2142\" data-end=\"2145\" \/>Oui, un coupon est fourni.<\/p>\n","protected":false},"excerpt":{"rendered":"<h3 data-section-id=\"hxsibk\" data-start=\"55\" data-end=\"72\">Description<\/h3>\n<ul data-start=\"74\" data-end=\"568\">\n<li data-section-id=\"7guzd\" data-start=\"74\" data-end=\"189\">Vivez un moment de pur divertissement au Calypso Cabaret, l\u2019un des spectacles les plus embl\u00e9matiques de Bangkok<\/li>\n<li data-section-id=\"umd686\" data-start=\"190\" data-end=\"240\">D\u00e9couvrez un show r\u00e9put\u00e9 depuis plus de 30 ans<\/li>\n<li data-section-id=\"1yl2usy\" data-start=\"241\" data-end=\"331\">Admirez des artistes talentueux offrant une performance m\u00ealant danse, chant et com\u00e9die<\/li>\n<li data-section-id=\"1rmqou8\" data-start=\"332\" data-end=\"402\">Profitez d\u2019un univers glamour, color\u00e9 et parfaitement mis en sc\u00e8ne<\/li>\n<li data-section-id=\"1p79rbg\" data-start=\"403\" data-end=\"466\">Laissez-vous emporter par une ambiance festive et immersive<\/li>\n<li data-section-id=\"1e85fg5\" data-start=\"467\" data-end=\"512\">Id\u00e9al pour une soir\u00e9e originale \u00e0 Bangkok<\/li>\n<li data-section-id=\"19xr54x\" data-start=\"513\" data-end=\"568\">Parfait \u00e0 vivre entre amis, en couple ou en famille<\/li>\n<\/ul>","protected":false},"featured_media":29958,"comment_status":"open","ping_status":"closed","template":"","meta":{"_uag_custom_page_level_css":""},"product_brand":[],"product_cat":[34],"product_tag":[],"class_list":{"0":"post-29951","1":"product","2":"type-product","3":"status-publish","4":"has-post-thumbnail","6":"product_cat-bangkok","8":"first","9":"instock","10":"virtual","11":"taxable","12":"purchasable","13":"product-type-simple"},"yoast_head":"<!-- This site is optimized with the Yoast SEO plugin v27.1.1 - https:\/\/yoast.com\/product\/yoast-seo-wordpress\/ -->\n<title>Calypso Cabaret Bangkok \u2013 Spectacle -<\/title>\n<meta name=\"description\" content=\"Calypso Cabaret Bangkok : spectacle transgenre avec danse, chant et boisson incluse \u00e0 Asiatique. Soir\u00e9e incontournable en Tha\u00eflande.\" \/>\n<meta name=\"robots\" content=\"index, follow, max-snippet:-1, max-image-preview:large, max-video-preview:-1\" \/>\n<link rel=\"canonical\" href=\"https:\/\/lunayatravel.com\/en\/product\/calypso-cabaret-bangkok-spectacle\/\" \/>\n<meta property=\"og:locale\" content=\"en_GB\" \/>\n<meta property=\"og:type\" content=\"article\" \/>\n<meta property=\"og:title\" content=\"Calypso Cabaret Bangkok \u2013 Spectacle -\" \/>\n<meta property=\"og:description\" content=\"Calypso Cabaret Bangkok : spectacle transgenre avec danse, chant et boisson incluse \u00e0 Asiatique. Soir\u00e9e incontournable en Tha\u00eflande.\" \/>\n<meta property=\"og:url\" content=\"https:\/\/lunayatravel.com\/en\/product\/calypso-cabaret-bangkok-spectacle\/\" \/>\n<meta property=\"article:publisher\" content=\"https:\/\/www.facebook.com\/lunayaTravel\/\" \/>\n<meta property=\"article:modified_time\" content=\"2026-04-08T09:30:54+00:00\" \/>\n<meta property=\"og:image\" content=\"https:\/\/lunayatravel.com\/wp-content\/uploads\/2025\/07\/Calypso1.webp\" \/>\n\t<meta property=\"og:image:width\" content=\"720\" \/>\n\t<meta property=\"og:image:height\" content=\"540\" \/>\n\t<meta property=\"og:image:type\" content=\"image\/webp\" \/>\n<meta name=\"twitter:card\" content=\"summary_large_image\" \/>\n<meta name=\"twitter:label1\" content=\"Estimated reading time\" \/>\n\t<meta name=\"twitter:data1\" content=\"2 minutes\" \/>\n<script type=\"application\/ld+json\" class=\"yoast-schema-graph\">{\"@context\":\"https:\/\/schema.org\",\"@graph\":[{\"@type\":\"WebPage\",\"@id\":\"https:\/\/lunayatravel.com\/produit\/calypso-cabaret-bangkok-spectacle\/\",\"url\":\"https:\/\/lunayatravel.com\/produit\/calypso-cabaret-bangkok-spectacle\/\",\"name\":\"Calypso Cabaret Bangkok \u2013 Spectacle -\",\"isPartOf\":{\"@id\":\"https:\/\/lunayatravel.com\/#website\"},\"primaryImageOfPage\":{\"@id\":\"https:\/\/lunayatravel.com\/produit\/calypso-cabaret-bangkok-spectacle\/#primaryimage\"},\"image\":{\"@id\":\"https:\/\/lunayatravel.com\/produit\/calypso-cabaret-bangkok-spectacle\/#primaryimage\"},\"thumbnailUrl\":\"https:\/\/lunayatravel.com\/wp-content\/uploads\/2025\/07\/Calypso1.webp\",\"datePublished\":\"2025-07-22T05:09:38+00:00\",\"dateModified\":\"2026-04-08T09:30:54+00:00\",\"description\":\"Calypso Cabaret Bangkok : spectacle transgenre avec danse, chant et boisson incluse \u00e0 Asiatique. Soir\u00e9e incontournable en Tha\u00eflande.\",\"breadcrumb\":{\"@id\":\"https:\/\/lunayatravel.com\/produit\/calypso-cabaret-bangkok-spectacle\/#breadcrumb\"},\"inLanguage\":\"en-GB\",\"potentialAction\":[{\"@type\":\"ReadAction\",\"target\":[\"https:\/\/lunayatravel.com\/produit\/calypso-cabaret-bangkok-spectacle\/\"]}]},{\"@type\":\"ImageObject\",\"inLanguage\":\"en-GB\",\"@id\":\"https:\/\/lunayatravel.com\/produit\/calypso-cabaret-bangkok-spectacle\/#primaryimage\",\"url\":\"https:\/\/lunayatravel.com\/wp-content\/uploads\/2025\/07\/Calypso1.webp\",\"contentUrl\":\"https:\/\/lunayatravel.com\/wp-content\/uploads\/2025\/07\/Calypso1.webp\",\"width\":720,\"height\":540},{\"@type\":\"BreadcrumbList\",\"@id\":\"https:\/\/lunayatravel.com\/produit\/calypso-cabaret-bangkok-spectacle\/#breadcrumb\",\"itemListElement\":[{\"@type\":\"ListItem\",\"position\":1,\"name\":\"Accueil\",\"item\":\"https:\/\/lunayatravel.com\/\"},{\"@type\":\"ListItem\",\"position\":2,\"name\":\"Nos activit\u00e9s\",\"item\":\"https:\/\/lunayatravel.com\/nos-activites\/\"},{\"@type\":\"ListItem\",\"position\":3,\"name\":\"Calypso Cabaret Bangkok \u2013 Spectacle\"}]},{\"@type\":\"WebSite\",\"@id\":\"https:\/\/lunayatravel.com\/#website\",\"url\":\"https:\/\/lunayatravel.com\/\",\"name\":\"\",\"description\":\"\",\"publisher\":{\"@id\":\"https:\/\/lunayatravel.com\/#organization\"},\"potentialAction\":[{\"@type\":\"SearchAction\",\"target\":{\"@type\":\"EntryPoint\",\"urlTemplate\":\"https:\/\/lunayatravel.com\/?s={search_term_string}\"},\"query-input\":{\"@type\":\"PropertyValueSpecification\",\"valueRequired\":true,\"valueName\":\"search_term_string\"}}],\"inLanguage\":\"en-GB\"},{\"@type\":\"Organization\",\"@id\":\"https:\/\/lunayatravel.com\/#organization\",\"name\":\"Lunaya travel\",\"alternateName\":\"Lunaya travel\",\"url\":\"https:\/\/lunayatravel.com\/\",\"logo\":{\"@type\":\"ImageObject\",\"inLanguage\":\"en-GB\",\"@id\":\"https:\/\/lunayatravel.com\/#\/schema\/logo\/image\/\",\"url\":\"https:\/\/lunayatravel.com\/wp-content\/uploads\/2026\/03\/cropped-647319118_2379115739204013_337015058165053143_n.jpg\",\"contentUrl\":\"https:\/\/lunayatravel.com\/wp-content\/uploads\/2026\/03\/cropped-647319118_2379115739204013_337015058165053143_n.jpg\",\"width\":1022,\"height\":1023,\"caption\":\"Lunaya travel\"},\"image\":{\"@id\":\"https:\/\/lunayatravel.com\/#\/schema\/logo\/image\/\"},\"sameAs\":[\"https:\/\/www.facebook.com\/lunayaTravel\/\"]}]}<\/script>\n<!-- \/ Yoast SEO plugin. -->","yoast_head_json":{"title":"Calypso Cabaret Bangkok \u2013 Spectacle -","description":"Calypso Cabaret Bangkok : spectacle transgenre avec danse, chant et boisson incluse \u00e0 Asiatique. Soir\u00e9e incontournable en Tha\u00eflande.","robots":{"index":"index","follow":"follow","max-snippet":"max-snippet:-1","max-image-preview":"max-image-preview:large","max-video-preview":"max-video-preview:-1"},"canonical":"https:\/\/lunayatravel.com\/en\/product\/calypso-cabaret-bangkok-spectacle\/","og_locale":"en_GB","og_type":"article","og_title":"Calypso Cabaret Bangkok \u2013 Spectacle -","og_description":"Calypso Cabaret Bangkok : spectacle transgenre avec danse, chant et boisson incluse \u00e0 Asiatique. Soir\u00e9e incontournable en Tha\u00eflande.","og_url":"https:\/\/lunayatravel.com\/en\/product\/calypso-cabaret-bangkok-spectacle\/","article_publisher":"https:\/\/www.facebook.com\/lunayaTravel\/","article_modified_time":"2026-04-08T09:30:54+00:00","og_image":[{"width":720,"height":540,"url":"https:\/\/lunayatravel.com\/wp-content\/uploads\/2025\/07\/Calypso1.webp","type":"image\/webp"}],"twitter_card":"summary_large_image","twitter_misc":{"Estimated reading time":"2 minutes"},"schema":{"@context":"https:\/\/schema.org","@graph":[{"@type":"WebPage","@id":"https:\/\/lunayatravel.com\/produit\/calypso-cabaret-bangkok-spectacle\/","url":"https:\/\/lunayatravel.com\/produit\/calypso-cabaret-bangkok-spectacle\/","name":"Calypso Cabaret Bangkok \u2013 Spectacle -","isPartOf":{"@id":"https:\/\/lunayatravel.com\/#website"},"primaryImageOfPage":{"@id":"https:\/\/lunayatravel.com\/produit\/calypso-cabaret-bangkok-spectacle\/#primaryimage"},"image":{"@id":"https:\/\/lunayatravel.com\/produit\/calypso-cabaret-bangkok-spectacle\/#primaryimage"},"thumbnailUrl":"https:\/\/lunayatravel.com\/wp-content\/uploads\/2025\/07\/Calypso1.webp","datePublished":"2025-07-22T05:09:38+00:00","dateModified":"2026-04-08T09:30:54+00:00","description":"Calypso Cabaret Bangkok : spectacle transgenre avec danse, chant et boisson incluse \u00e0 Asiatique. Soir\u00e9e incontournable en Tha\u00eflande.","breadcrumb":{"@id":"https:\/\/lunayatravel.com\/produit\/calypso-cabaret-bangkok-spectacle\/#breadcrumb"},"inLanguage":"en-GB","potentialAction":[{"@type":"ReadAction","target":["https:\/\/lunayatravel.com\/produit\/calypso-cabaret-bangkok-spectacle\/"]}]},{"@type":"ImageObject","inLanguage":"en-GB","@id":"https:\/\/lunayatravel.com\/produit\/calypso-cabaret-bangkok-spectacle\/#primaryimage","url":"https:\/\/lunayatravel.com\/wp-content\/uploads\/2025\/07\/Calypso1.webp","contentUrl":"https:\/\/lunayatravel.com\/wp-content\/uploads\/2025\/07\/Calypso1.webp","width":720,"height":540},{"@type":"BreadcrumbList","@id":"https:\/\/lunayatravel.com\/produit\/calypso-cabaret-bangkok-spectacle\/#breadcrumb","itemListElement":[{"@type":"ListItem","position":1,"name":"Accueil","item":"https:\/\/lunayatravel.com\/"},{"@type":"ListItem","position":2,"name":"Nos activit\u00e9s","item":"https:\/\/lunayatravel.com\/nos-activites\/"},{"@type":"ListItem","position":3,"name":"Calypso Cabaret Bangkok \u2013 Spectacle"}]},{"@type":"WebSite","@id":"https:\/\/lunayatravel.com\/#website","url":"https:\/\/lunayatravel.com\/","name":"","description":"","publisher":{"@id":"https:\/\/lunayatravel.com\/#organization"},"potentialAction":[{"@type":"SearchAction","target":{"@type":"EntryPoint","urlTemplate":"https:\/\/lunayatravel.com\/?s={search_term_string}"},"query-input":{"@type":"PropertyValueSpecification","valueRequired":true,"valueName":"search_term_string"}}],"inLanguage":"en-GB"},{"@type":"Organization","@id":"https:\/\/lunayatravel.com\/#organization","name":"Lunaya travel","alternateName":"Lunaya travel","url":"https:\/\/lunayatravel.com\/","logo":{"@type":"ImageObject","inLanguage":"en-GB","@id":"https:\/\/lunayatravel.com\/#\/schema\/logo\/image\/","url":"https:\/\/lunayatravel.com\/wp-content\/uploads\/2026\/03\/cropped-647319118_2379115739204013_337015058165053143_n.jpg","contentUrl":"https:\/\/lunayatravel.com\/wp-content\/uploads\/2026\/03\/cropped-647319118_2379115739204013_337015058165053143_n.jpg","width":1022,"height":1023,"caption":"Lunaya travel"},"image":{"@id":"https:\/\/lunayatravel.com\/#\/schema\/logo\/image\/"},"sameAs":["https:\/\/www.facebook.com\/lunayaTravel\/"]}]}},"uagb_featured_image_src":{"full":["https:\/\/lunayatravel.com\/wp-content\/uploads\/2025\/07\/Calypso1.webp",720,540,false],"thumbnail":["https:\/\/lunayatravel.com\/wp-content\/uploads\/2025\/07\/Calypso1-150x150.webp",150,150,true],"medium":["https:\/\/lunayatravel.com\/wp-content\/uploads\/2025\/07\/Calypso1-300x225.webp",300,225,true],"medium_large":["https:\/\/lunayatravel.com\/wp-content\/uploads\/2025\/07\/Calypso1.webp",720,540,false],"large":["https:\/\/lunayatravel.com\/wp-content\/uploads\/2025\/07\/Calypso1.webp",720,540,false],"1536x1536":["https:\/\/lunayatravel.com\/wp-content\/uploads\/2025\/07\/Calypso1.webp",720,540,false],"2048x2048":["https:\/\/lunayatravel.com\/wp-content\/uploads\/2025\/07\/Calypso1.webp",720,540,false],"trp-custom-language-flag":["https:\/\/lunayatravel.com\/wp-content\/uploads\/2025\/07\/Calypso1.webp",16,12,false],"widget-thumbnail":["https:\/\/lunayatravel.com\/wp-content\/uploads\/2025\/07\/Calypso1-75x75.webp",75,75,true],"mailpoet_newsletter_max":["https:\/\/lunayatravel.com\/wp-content\/uploads\/2025\/07\/Calypso1.webp",720,540,false],"woocommerce_thumbnail":["https:\/\/lunayatravel.com\/wp-content\/uploads\/2025\/07\/Calypso1-300x300.webp",300,300,true],"woocommerce_single":["https:\/\/lunayatravel.com\/wp-content\/uploads\/2025\/07\/Calypso1-600x450.webp",600,450,true],"woocommerce_gallery_thumbnail":["https:\/\/lunayatravel.com\/wp-content\/uploads\/2025\/07\/Calypso1-100x100.webp",100,100,true],"sow-carousel-default":["https:\/\/lunayatravel.com\/wp-content\/uploads\/2025\/07\/Calypso1-272x182.webp",272,182,true]},"uagb_author_info":{"display_name":"haemers stephanie","author_link":"https:\/\/lunayatravel.com\/en\/author\/"},"uagb_comment_info":0,"uagb_excerpt":"Description Vivez un moment de pur divertissement au Calypso Cabaret, l\u2019un des spectacles les plus embl\u00e9matiques de Bangkok D\u00e9couvrez un show r\u00e9put\u00e9 depuis plus de 30 ans Admirez des artistes talentueux offrant une performance m\u00ealant danse, chant et com\u00e9die Profitez d\u2019un univers glamour, color\u00e9 et parfaitement mis en sc\u00e8ne Laissez-vous emporter par une ambiance festive&hellip;","jetpack_sharing_enabled":true,"_links":{"self":[{"href":"https:\/\/lunayatravel.com\/en\/wp-json\/wp\/v2\/product\/29951","targetHints":{"allow":["GET"]}}],"collection":[{"href":"https:\/\/lunayatravel.com\/en\/wp-json\/wp\/v2\/product"}],"about":[{"href":"https:\/\/lunayatravel.com\/en\/wp-json\/wp\/v2\/types\/product"}],"replies":[{"embeddable":true,"href":"https:\/\/lunayatravel.com\/en\/wp-json\/wp\/v2\/comments?post=29951"}],"wp:featuredmedia":[{"embeddable":true,"href":"https:\/\/lunayatravel.com\/en\/wp-json\/wp\/v2\/media\/29958"}],"wp:attachment":[{"href":"https:\/\/lunayatravel.com\/en\/wp-json\/wp\/v2\/media?parent=29951"}],"wp:term":[{"taxonomy":"product_brand","embeddable":true,"href":"https:\/\/lunayatravel.com\/en\/wp-json\/wp\/v2\/product_brand?post=29951"},{"taxonomy":"product_cat","embeddable":true,"href":"https:\/\/lunayatravel.com\/en\/wp-json\/wp\/v2\/product_cat?post=29951"},{"taxonomy":"product_tag","embeddable":true,"href":"https:\/\/lunayatravel.com\/en\/wp-json\/wp\/v2\/product_tag?post=29951"}],"curies":[{"name":"wp","href":"https:\/\/api.w.org\/{rel}","templated":true}]}}