{"id":29941,"date":"2025-07-22T05:22:32","date_gmt":"2025-07-22T03:22:32","guid":{"rendered":"https:\/\/itctoursvoyages.com\/?post_type=product&#038;p=29941"},"modified":"2025-07-22T05:22:32","modified_gmt":"2025-07-22T03:22:32","slug":"%f0%9f%9b%95-visite-des-temples-dayutthaya-excursion-unesco-au-depart-de-bangkok","status":"publish","type":"product","link":"https:\/\/lunayatravel.com\/en\/product\/%f0%9f%9b%95-visite-des-temples-dayutthaya-excursion-unesco-au-depart-de-bangkok\/","title":{"rendered":"\ud83d\uded5 Visit the temples of Ayutthaya - UNESCO excursion departing from Bangkok"},"content":{"rendered":"<h3 data-start=\"924\" data-end=\"959\">\ud83d\udd52 <strong data-start=\"931\" data-end=\"959\">Itinerary for the day<\/strong><\/h3>\n<div class=\"_tableContainer_80l1q_1\">\n<div class=\"_tableWrapper_80l1q_14 group flex w-fit flex-col-reverse\" tabindex=\"-1\">\n<table class=\"w-fit min-w-(--thread-content-width)\" data-start=\"961\" data-end=\"1193\">\n<thead data-start=\"961\" data-end=\"981\">\n<tr data-start=\"961\" data-end=\"981\">\n<th data-start=\"961\" data-end=\"969\" data-col-size=\"sm\">Time<\/th>\n<th data-start=\"969\" data-end=\"981\" data-col-size=\"lg\">Activity<\/th>\n<\/tr>\n<\/thead>\n<tbody data-start=\"1003\" data-end=\"1193\">\n<tr data-start=\"1003\" data-end=\"1147\">\n<td data-start=\"1003\" data-end=\"1019\" data-col-size=\"sm\">06.15 am - 07.00 am<\/td>\n<td data-col-size=\"lg\" data-start=\"1019\" data-end=\"1147\">Pick-up from your hotel or meeting point (areas: Khaosan, Silom, Sathorn, Sukhumvit Soi 1-24, Asoke, Pratunam)<\/td>\n<\/tr>\n<tr data-start=\"1148\" data-end=\"1181\">\n<td data-start=\"1148\" data-end=\"1156\" data-col-size=\"sm\">07h30<\/td>\n<td data-col-size=\"lg\" data-start=\"1156\" data-end=\"1181\">Departure for Ayutthaya<\/td>\n<\/tr>\n<tr data-start=\"1182\" data-end=\"1193\">\n<td data-start=\"1182\" data-end=\"1193\" data-col-size=\"sm\">09h10<\/td>\n<td data-col-size=\"lg\"><\/td>\n<\/tr>\n<\/tbody>\n<\/table>\n<div class=\"sticky end-(--thread-content-margin) h-0 self-end select-none\">\n<div class=\"absolute end-0 flex items-end\"><\/div>\n<\/div>\n<\/div>\n<\/div>\n<ul data-start=\"1194\" data-end=\"1714\">\n<li data-start=\"1194\" data-end=\"1258\">\n<p data-start=\"1196\" data-end=\"1258\">Wat Phu Khao Thong: panoramic view from the 50 m Chedi<\/p>\n<\/li>\n<li data-start=\"1259\" data-end=\"1314\">\n<p data-start=\"1261\" data-end=\"1314\">Wat Lokaya Sutha: prayer at the 42-metre-high Reclining Buddha<\/p>\n<\/li>\n<li data-start=\"1315\" data-end=\"1714\">\n<p data-start=\"1317\" data-end=\"1714\">Wat Yai Chai Mongkhon: founded in 1357, one of the oldest temples in the world.<br \/>\n| 11:45 Wat Mahathat: Buddha's head in tree roots |<br \/>\n| 12h00 Lunch in a local restaurant<br \/>\n| 13h00 Wat Phra Sri Sanphet: the sacred royal temple of Ayutthaya |<br \/>\n| 14.10 Departure for Bangkok<br \/>\n| Return to Khaosan Road or Sam Yot MRT (group visit)<br data-start=\"1668\" data-end=\"1671\" \/>Return to the hotel for private visits.<\/p>\n<\/li>\n<\/ul>\n<hr data-start=\"1716\" data-end=\"1719\" \/>\n<h3 data-start=\"1721\" data-end=\"1748\">\u2705 <strong data-start=\"1727\" data-end=\"1748\">What's included<\/strong><\/h3>\n<ul data-start=\"1749\" data-end=\"1868\">\n<li data-start=\"1749\" data-end=\"1785\">\n<p data-start=\"1751\" data-end=\"1785\">Return transport by air-conditioned minibus<\/p>\n<\/li>\n<li data-start=\"1786\" data-end=\"1813\">\n<p data-start=\"1788\" data-end=\"1813\">Professional local guide<\/p>\n<\/li>\n<li data-start=\"1814\" data-end=\"1834\">\n<p data-start=\"1816\" data-end=\"1834\">Entrance to the temples<\/p>\n<\/li>\n<li data-start=\"1835\" data-end=\"1868\">\n<p data-start=\"1837\" data-end=\"1868\">Thai lunch + bottle of water<\/p>\n<\/li>\n<\/ul>\n<hr data-start=\"1870\" data-end=\"1873\" \/>\n<h3 data-start=\"1875\" data-end=\"1896\">\ud83d\udeab <strong data-start=\"1882\" data-end=\"1896\">Not included<\/strong><\/h3>\n<ul data-start=\"1897\" data-end=\"1947\">\n<li data-start=\"1897\" data-end=\"1923\">\n<p data-start=\"1899\" data-end=\"1923\">Additional drinks<\/p>\n<\/li>\n<li data-start=\"1924\" data-end=\"1947\">\n<p data-start=\"1926\" data-end=\"1947\">Personal expenses<\/p>\n<\/li>\n<\/ul>\n<hr data-start=\"1949\" data-end=\"1952\" \/>\n<h3 data-start=\"1954\" data-end=\"1980\">\u2139\ufe0f <strong data-start=\"1961\" data-end=\"1980\">Practical info<\/strong><\/h3>\n<ul data-start=\"1981\" data-end=\"2201\">\n<li data-start=\"1981\" data-end=\"2045\">\n<p data-start=\"1983\" data-end=\"2045\">Group tour \u2192 order of pick-up depends on schedule<\/p>\n<\/li>\n<li data-start=\"2046\" data-end=\"2097\">\n<p data-start=\"2048\" data-end=\"2097\">Please arrive at your hotel at the time indicated.<\/p>\n<\/li>\n<li data-start=\"2098\" data-end=\"2153\">\n<p data-start=\"2100\" data-end=\"2153\">Itinerary subject to change according to traffic or weather conditions<\/p>\n<\/li>\n<li data-start=\"2154\" data-end=\"2201\">\n<p data-start=\"2156\" data-end=\"2201\">Trading possible on nearby markets<\/p>\n<\/li>\n<\/ul>","protected":false},"excerpt":{"rendered":"<h3 data-start=\"276\" data-end=\"299\">\ud83c\udfdb\ufe0f <strong data-start=\"284\" data-end=\"299\">Description<\/strong><\/h3>\n<p data-start=\"300\" data-end=\"627\">Go back in time by visiting <strong data-start=\"330\" data-end=\"343\">Ayutthaya<\/strong>, the former capital of the Kingdom of Siam, is a listed site. <strong data-start=\"396\" data-end=\"430\">UNESCO World Heritage Site<\/strong>.<br data-start=\"431\" data-end=\"434\" \/>Explore its iconic temples, including the famous <strong data-start=\"486\" data-end=\"525\">Buddha in the roots of a tree<\/strong> at Wat Mahathat. A day rich in culture, history and wonder, with local lunch included.<\/p>","protected":false},"featured_media":0,"comment_status":"open","ping_status":"closed","template":"","meta":{"_uag_custom_page_level_css":""},"product_brand":[],"product_cat":[21],"product_tag":[],"class_list":{"0":"post-29941","1":"product","2":"type-product","3":"status-publish","5":"product_cat-non-classe","7":"first","8":"instock","9":"virtual","10":"taxable","11":"purchasable","12":"product-type-simple"},"yoast_head":"<!-- This site is optimized with the Yoast SEO plugin v27.1.1 - https:\/\/yoast.com\/product\/yoast-seo-wordpress\/ -->\n<title>\ud83d\uded5 Visite des temples d\u2019Ayutthaya \u2013 Excursion UNESCO au d\u00e9part de Bangkok -<\/title>\n<meta name=\"robots\" content=\"index, follow, max-snippet:-1, max-image-preview:large, max-video-preview:-1\" \/>\n<link rel=\"canonical\" href=\"https:\/\/lunayatravel.com\/en\/product\/\ud83d\uded5-visite-des-temples-dayutthaya-excursion-unesco-au-depart-de-bangkok\/\" \/>\n<meta property=\"og:locale\" content=\"en_GB\" \/>\n<meta property=\"og:type\" content=\"article\" \/>\n<meta property=\"og:title\" content=\"\ud83d\uded5 Visite des temples d\u2019Ayutthaya \u2013 Excursion UNESCO au d\u00e9part de Bangkok -\" \/>\n<meta property=\"og:description\" content=\"\ud83c\udfdb\ufe0f Description Remontez le temps en visitant Ayutthaya, ancienne capitale du royaume de Siam et class\u00e9e au patrimoine mondial de l\u2019UNESCO.Explorez ses temples embl\u00e9matiques, dont le c\u00e9l\u00e8bre Bouddha dans les racines d\u2019un arbre \u00e0 Wat Mahathat. Une journ\u00e9e riche en culture, histoire et \u00e9merveillement, avec d\u00e9jeuner local inclus.\" \/>\n<meta property=\"og:url\" content=\"https:\/\/lunayatravel.com\/en\/product\/\ud83d\uded5-visite-des-temples-dayutthaya-excursion-unesco-au-depart-de-bangkok\/\" \/>\n<meta property=\"article:publisher\" content=\"https:\/\/www.facebook.com\/lunayaTravel\/\" \/>\n<meta name=\"twitter:card\" content=\"summary_large_image\" \/>\n<meta name=\"twitter:label1\" content=\"Estimated reading time\" \/>\n\t<meta name=\"twitter:data1\" content=\"1 minute\" \/>\n<script type=\"application\/ld+json\" class=\"yoast-schema-graph\">{\"@context\":\"https:\/\/schema.org\",\"@graph\":[{\"@type\":\"WebPage\",\"@id\":\"https:\/\/lunayatravel.com\/en\/product\/%f0%9f%9b%95-visite-des-temples-dayutthaya-excursion-unesco-au-depart-de-bangkok\/\",\"url\":\"https:\/\/lunayatravel.com\/en\/product\/%f0%9f%9b%95-visite-des-temples-dayutthaya-excursion-unesco-au-depart-de-bangkok\/\",\"name\":\"\ud83d\uded5 Visite des temples d\u2019Ayutthaya \u2013 Excursion UNESCO au d\u00e9part de Bangkok -\",\"isPartOf\":{\"@id\":\"https:\/\/lunayatravel.com\/#website\"},\"datePublished\":\"2025-07-22T03:22:32+00:00\",\"breadcrumb\":{\"@id\":\"https:\/\/lunayatravel.com\/en\/product\/%f0%9f%9b%95-visite-des-temples-dayutthaya-excursion-unesco-au-depart-de-bangkok\/#breadcrumb\"},\"inLanguage\":\"en-GB\",\"potentialAction\":[{\"@type\":\"ReadAction\",\"target\":[\"https:\/\/lunayatravel.com\/en\/product\/%f0%9f%9b%95-visite-des-temples-dayutthaya-excursion-unesco-au-depart-de-bangkok\/\"]}]},{\"@type\":\"BreadcrumbList\",\"@id\":\"https:\/\/lunayatravel.com\/en\/product\/%f0%9f%9b%95-visite-des-temples-dayutthaya-excursion-unesco-au-depart-de-bangkok\/#breadcrumb\",\"itemListElement\":[{\"@type\":\"ListItem\",\"position\":1,\"name\":\"Accueil\",\"item\":\"https:\/\/lunayatravel.com\/\"},{\"@type\":\"ListItem\",\"position\":2,\"name\":\"Nos activit\u00e9s\",\"item\":\"https:\/\/lunayatravel.com\/nos-activites\/\"},{\"@type\":\"ListItem\",\"position\":3,\"name\":\"\ud83d\uded5 Visite des temples d\u2019Ayutthaya \u2013 Excursion UNESCO au d\u00e9part de Bangkok\"}]},{\"@type\":\"WebSite\",\"@id\":\"https:\/\/lunayatravel.com\/#website\",\"url\":\"https:\/\/lunayatravel.com\/\",\"name\":\"\",\"description\":\"\",\"publisher\":{\"@id\":\"https:\/\/lunayatravel.com\/#organization\"},\"potentialAction\":[{\"@type\":\"SearchAction\",\"target\":{\"@type\":\"EntryPoint\",\"urlTemplate\":\"https:\/\/lunayatravel.com\/?s={search_term_string}\"},\"query-input\":{\"@type\":\"PropertyValueSpecification\",\"valueRequired\":true,\"valueName\":\"search_term_string\"}}],\"inLanguage\":\"en-GB\"},{\"@type\":\"Organization\",\"@id\":\"https:\/\/lunayatravel.com\/#organization\",\"name\":\"Lunaya travel\",\"alternateName\":\"Lunaya travel\",\"url\":\"https:\/\/lunayatravel.com\/\",\"logo\":{\"@type\":\"ImageObject\",\"inLanguage\":\"en-GB\",\"@id\":\"https:\/\/lunayatravel.com\/#\/schema\/logo\/image\/\",\"url\":\"https:\/\/lunayatravel.com\/wp-content\/uploads\/2026\/03\/cropped-647319118_2379115739204013_337015058165053143_n.jpg\",\"contentUrl\":\"https:\/\/lunayatravel.com\/wp-content\/uploads\/2026\/03\/cropped-647319118_2379115739204013_337015058165053143_n.jpg\",\"width\":1022,\"height\":1023,\"caption\":\"Lunaya travel\"},\"image\":{\"@id\":\"https:\/\/lunayatravel.com\/#\/schema\/logo\/image\/\"},\"sameAs\":[\"https:\/\/www.facebook.com\/lunayaTravel\/\"]}]}<\/script>\n<!-- \/ Yoast SEO plugin. -->","yoast_head_json":{"title":"\ud83d\uded5 Visite des temples d\u2019Ayutthaya \u2013 Excursion UNESCO au d\u00e9part de Bangkok -","robots":{"index":"index","follow":"follow","max-snippet":"max-snippet:-1","max-image-preview":"max-image-preview:large","max-video-preview":"max-video-preview:-1"},"canonical":"https:\/\/lunayatravel.com\/en\/product\/\ud83d\uded5-visite-des-temples-dayutthaya-excursion-unesco-au-depart-de-bangkok\/","og_locale":"en_GB","og_type":"article","og_title":"\ud83d\uded5 Visite des temples d\u2019Ayutthaya \u2013 Excursion UNESCO au d\u00e9part de Bangkok -","og_description":"\ud83c\udfdb\ufe0f Description Remontez le temps en visitant Ayutthaya, ancienne capitale du royaume de Siam et class\u00e9e au patrimoine mondial de l\u2019UNESCO.Explorez ses temples embl\u00e9matiques, dont le c\u00e9l\u00e8bre Bouddha dans les racines d\u2019un arbre \u00e0 Wat Mahathat. Une journ\u00e9e riche en culture, histoire et \u00e9merveillement, avec d\u00e9jeuner local inclus.","og_url":"https:\/\/lunayatravel.com\/en\/product\/\ud83d\uded5-visite-des-temples-dayutthaya-excursion-unesco-au-depart-de-bangkok\/","article_publisher":"https:\/\/www.facebook.com\/lunayaTravel\/","twitter_card":"summary_large_image","twitter_misc":{"Estimated reading time":"1 minute"},"schema":{"@context":"https:\/\/schema.org","@graph":[{"@type":"WebPage","@id":"https:\/\/lunayatravel.com\/en\/product\/%f0%9f%9b%95-visite-des-temples-dayutthaya-excursion-unesco-au-depart-de-bangkok\/","url":"https:\/\/lunayatravel.com\/en\/product\/%f0%9f%9b%95-visite-des-temples-dayutthaya-excursion-unesco-au-depart-de-bangkok\/","name":"\ud83d\uded5 Visite des temples d\u2019Ayutthaya \u2013 Excursion UNESCO au d\u00e9part de Bangkok -","isPartOf":{"@id":"https:\/\/lunayatravel.com\/#website"},"datePublished":"2025-07-22T03:22:32+00:00","breadcrumb":{"@id":"https:\/\/lunayatravel.com\/en\/product\/%f0%9f%9b%95-visite-des-temples-dayutthaya-excursion-unesco-au-depart-de-bangkok\/#breadcrumb"},"inLanguage":"en-GB","potentialAction":[{"@type":"ReadAction","target":["https:\/\/lunayatravel.com\/en\/product\/%f0%9f%9b%95-visite-des-temples-dayutthaya-excursion-unesco-au-depart-de-bangkok\/"]}]},{"@type":"BreadcrumbList","@id":"https:\/\/lunayatravel.com\/en\/product\/%f0%9f%9b%95-visite-des-temples-dayutthaya-excursion-unesco-au-depart-de-bangkok\/#breadcrumb","itemListElement":[{"@type":"ListItem","position":1,"name":"Accueil","item":"https:\/\/lunayatravel.com\/"},{"@type":"ListItem","position":2,"name":"Nos activit\u00e9s","item":"https:\/\/lunayatravel.com\/nos-activites\/"},{"@type":"ListItem","position":3,"name":"\ud83d\uded5 Visite des temples d\u2019Ayutthaya \u2013 Excursion UNESCO au d\u00e9part de Bangkok"}]},{"@type":"WebSite","@id":"https:\/\/lunayatravel.com\/#website","url":"https:\/\/lunayatravel.com\/","name":"","description":"","publisher":{"@id":"https:\/\/lunayatravel.com\/#organization"},"potentialAction":[{"@type":"SearchAction","target":{"@type":"EntryPoint","urlTemplate":"https:\/\/lunayatravel.com\/?s={search_term_string}"},"query-input":{"@type":"PropertyValueSpecification","valueRequired":true,"valueName":"search_term_string"}}],"inLanguage":"en-GB"},{"@type":"Organization","@id":"https:\/\/lunayatravel.com\/#organization","name":"Lunaya travel","alternateName":"Lunaya travel","url":"https:\/\/lunayatravel.com\/","logo":{"@type":"ImageObject","inLanguage":"en-GB","@id":"https:\/\/lunayatravel.com\/#\/schema\/logo\/image\/","url":"https:\/\/lunayatravel.com\/wp-content\/uploads\/2026\/03\/cropped-647319118_2379115739204013_337015058165053143_n.jpg","contentUrl":"https:\/\/lunayatravel.com\/wp-content\/uploads\/2026\/03\/cropped-647319118_2379115739204013_337015058165053143_n.jpg","width":1022,"height":1023,"caption":"Lunaya travel"},"image":{"@id":"https:\/\/lunayatravel.com\/#\/schema\/logo\/image\/"},"sameAs":["https:\/\/www.facebook.com\/lunayaTravel\/"]}]}},"uagb_featured_image_src":{"full":false,"thumbnail":false,"medium":false,"medium_large":false,"large":false,"1536x1536":false,"2048x2048":false,"trp-custom-language-flag":false,"widget-thumbnail":false,"mailpoet_newsletter_max":false,"woocommerce_thumbnail":false,"woocommerce_single":false,"woocommerce_gallery_thumbnail":false,"sow-carousel-default":false},"uagb_author_info":{"display_name":"haemers stephanie","author_link":"https:\/\/lunayatravel.com\/en\/author\/"},"uagb_comment_info":0,"uagb_excerpt":"\ud83c\udfdb\ufe0f Description Remontez le temps en visitant Ayutthaya, ancienne capitale du royaume de Siam et class\u00e9e au patrimoine mondial de l\u2019UNESCO.Explorez ses temples embl\u00e9matiques, dont le c\u00e9l\u00e8bre Bouddha dans les racines d\u2019un arbre \u00e0 Wat Mahathat. Une journ\u00e9e riche en culture, histoire et \u00e9merveillement, avec d\u00e9jeuner local inclus.","jetpack_sharing_enabled":true,"_links":{"self":[{"href":"https:\/\/lunayatravel.com\/en\/wp-json\/wp\/v2\/product\/29941","targetHints":{"allow":["GET"]}}],"collection":[{"href":"https:\/\/lunayatravel.com\/en\/wp-json\/wp\/v2\/product"}],"about":[{"href":"https:\/\/lunayatravel.com\/en\/wp-json\/wp\/v2\/types\/product"}],"replies":[{"embeddable":true,"href":"https:\/\/lunayatravel.com\/en\/wp-json\/wp\/v2\/comments?post=29941"}],"wp:attachment":[{"href":"https:\/\/lunayatravel.com\/en\/wp-json\/wp\/v2\/media?parent=29941"}],"wp:term":[{"taxonomy":"product_brand","embeddable":true,"href":"https:\/\/lunayatravel.com\/en\/wp-json\/wp\/v2\/product_brand?post=29941"},{"taxonomy":"product_cat","embeddable":true,"href":"https:\/\/lunayatravel.com\/en\/wp-json\/wp\/v2\/product_cat?post=29941"},{"taxonomy":"product_tag","embeddable":true,"href":"https:\/\/lunayatravel.com\/en\/wp-json\/wp\/v2\/product_tag?post=29941"}],"curies":[{"name":"wp","href":"https:\/\/api.w.org\/{rel}","templated":true}]}}