{"id":29934,"date":"2025-07-22T04:41:27","date_gmt":"2025-07-22T02:41:27","guid":{"rendered":"https:\/\/itctoursvoyages.com\/?post_type=product&#038;p=29934"},"modified":"2026-04-08T09:54:51","modified_gmt":"2026-04-08T07:54:51","slug":"maeklong-damnoen-saduak-excursion-bangkok","status":"publish","type":"product","link":"https:\/\/lunayatravel.com\/en\/product\/maeklong-damnoen-saduak-excursion-bangkok\/","title":{"rendered":"Maeklong Railway Market &amp; Damnoen Floating Market"},"content":{"rendered":"<div class=\"no-scrollbar flex min-h-36 flex-nowrap gap-0.5 overflow-auto sm:gap-1 sm:overflow-hidden xl:min-h-44 mt-1 mb-5 [&amp;:not(:first-child)]:mt-4\">\n<div class=\"border-token-border-default relative w-32 shrink-0 overflow-hidden rounded-xl border-[0.5px] md:shrink max-h-64 sm:w-[calc((100%-0.5rem)\/3)] rounded-s-xl\">\n<div class=\"group\/search-image @container\/search-image relative rounded-[inherit] h-full w-full\">\n<div><img loading=\"lazy\" decoding=\"async\" class=\"bg-token-main-surface-tertiary m-0 h-full w-full object-cover alignnone\" src=\"https:\/\/media.odynovotours.com\/article\/66000\/bangkok-train-market_64577.jpg\" alt=\"March\u00e9 ferroviaire de Maeklong\" width=\"800\" height=\"450\" \/><\/div>\n<\/div>\n<\/div>\n<div class=\"border-token-border-default relative w-32 shrink-0 overflow-hidden rounded-xl border-[0.5px] md:shrink max-h-64 sm:w-[calc((100%-0.5rem)\/3)]\">\n<div class=\"group\/search-image @container\/search-image relative rounded-[inherit] h-full w-full\">\n<div><\/div>\n<\/div>\n<\/div>\n<div class=\"border-token-border-default relative w-32 shrink-0 overflow-hidden rounded-xl border-[0.5px] md:shrink max-h-64 sm:w-[calc((100%-0.5rem)\/3)] rounded-e-xl\">\n<div class=\"group\/search-image @container\/search-image relative rounded-[inherit] h-full w-full\">\n<div><\/div>\n<div class=\"pointer-events-none absolute inset-x-2 bottom-2 z-0 flex max-w-[calc(100%-1rem)] flex-wrap items-end justify-end gap-1.5\">\n<div class=\"shrink-0\">\n<div class=\"flex items-center gap-1 rounded-full px-2 py-1.5 text-white backdrop-blur-md backdrop-brightness-75\"><\/div>\n<\/div>\n<\/div>\n<\/div>\n<\/div>\n<\/div>\n<p data-start=\"266\" data-end=\"425\"><strong data-start=\"266\" data-end=\"423\">D\u00e9couvrez deux exp\u00e9riences incontournables de Tha\u00eflande en une matin\u00e9e : le c\u00e9l\u00e8bre march\u00e9 sur rails de Maeklong et le march\u00e9 flottant de Damnoen Saduak.<\/strong><\/p>\n<p data-start=\"427\" data-end=\"549\">Entre sc\u00e8nes locales uniques et balade en bateau, cette excursion est id\u00e9ale pour s\u2019immerger dans la culture tha\u00eflandaise.<\/p>\n<hr data-start=\"551\" data-end=\"554\" \/>\n<h2 data-section-id=\"jnwr0k\" data-start=\"556\" data-end=\"600\">\u00a0Pourquoi choisir cette excursion ?<\/h2>\n<ul data-start=\"602\" data-end=\"843\">\n<li data-section-id=\"6g4pmr\" data-start=\"602\" data-end=\"653\">Exp\u00e9rience unique du train traversant le march\u00e9<\/li>\n<li data-section-id=\"dpcmlz\" data-start=\"654\" data-end=\"703\">D\u00e9couverte du march\u00e9 flottant le plus c\u00e9l\u00e8bre<\/li>\n<li data-section-id=\"ezpdgw\" data-start=\"704\" data-end=\"745\">Balade en bateau traditionnel incluse<\/li>\n<li data-section-id=\"usatm5\" data-start=\"746\" data-end=\"793\">Organisation simple avec transport et guide<\/li>\n<li data-section-id=\"91ek9f\" data-start=\"794\" data-end=\"843\">Activit\u00e9 id\u00e9ale en famille ou pour les photos<\/li>\n<\/ul>\n<hr data-start=\"845\" data-end=\"848\" \/>\n<h2 data-section-id=\"10uavfq\" data-start=\"850\" data-end=\"872\">\u00a0Points forts<\/h2>\n<ul data-start=\"874\" data-end=\"1089\">\n<li data-section-id=\"d9u73r\" data-start=\"874\" data-end=\"922\">Exp\u00e9rience au march\u00e9 ferroviaire de Maeklong<\/li>\n<li data-section-id=\"u0jfuv\" data-start=\"923\" data-end=\"977\">Promenade en bateau \u00e0 longue queue dans les canaux<\/li>\n<li data-section-id=\"1d3azmw\" data-start=\"978\" data-end=\"1004\">Guide local anglophone<\/li>\n<li data-section-id=\"1lh77u2\" data-start=\"1005\" data-end=\"1051\">Option de balade en p\u00e9dalo (en suppl\u00e9ment)<\/li>\n<li data-section-id=\"n1d6tm\" data-start=\"1052\" data-end=\"1089\">Excursion accessible et immersive<\/li>\n<\/ul>\n<hr data-start=\"1091\" data-end=\"1094\" \/>\n<h2 data-section-id=\"1wj5s8l\" data-start=\"1096\" data-end=\"1129\">\u00a0Programme de la journ\u00e9e<\/h2>\n<h3 data-section-id=\"1ww5rxi\" data-start=\"1131\" data-end=\"1163\">D\u00e9part depuis Bangkok<\/h3>\n<p data-start=\"1207\" data-end=\"1328\"><strong data-start=\"1207\" data-end=\"1226\">06h15 \u2013 07h00 :<\/strong><br data-start=\"1226\" data-end=\"1229\" \/>Prise en charge \u00e0 votre h\u00f4tel (zones : Khaosan, Silom, Sathorn, Sukhumvit 1\u201324, Asoke, Pratunam).<\/p>\n<p data-start=\"1330\" data-end=\"1378\"><strong data-start=\"1330\" data-end=\"1341\">07h30 :<\/strong><br data-start=\"1341\" data-end=\"1344\" \/>D\u00e9part vers le march\u00e9 ferroviaire.<\/p>\n<hr data-start=\"1380\" data-end=\"1383\" \/>\n<h3 data-section-id=\"cmuqym\" data-start=\"1385\" data-end=\"1426\">\u00a0March\u00e9 ferroviaire de Maeklong<\/h3>\n<p data-start=\"1470\" data-end=\"1512\"><span class=\"hover:entity-accent entity-underline inline cursor-pointer align-baseline\"><span class=\"whitespace-normal\">Maeklong Railway Market<\/span><\/span><\/p>\n<p data-start=\"1514\" data-end=\"1548\"><strong data-start=\"1514\" data-end=\"1525\">09h00 :<\/strong><br data-start=\"1525\" data-end=\"1528\" \/>Arriv\u00e9e au march\u00e9.<\/p>\n<p data-start=\"1550\" data-end=\"1617\">\u00a0Assistez au passage impressionnant du train au milieu des \u00e9tals.<\/p>\n<hr data-start=\"1619\" data-end=\"1622\" \/>\n<h3 data-section-id=\"v6svfz\" data-start=\"1624\" data-end=\"1668\">\u00a0March\u00e9 flottant de Damnoen Saduak<\/h3>\n<div class=\"no-scrollbar flex min-h-36 flex-nowrap gap-0.5 overflow-auto sm:gap-1 sm:overflow-hidden xl:min-h-44 mt-1 mb-5 [&amp;:not(:first-child)]:mt-4\">\n<div class=\"border-token-border-default relative w-32 shrink-0 overflow-hidden rounded-xl border-[0.5px] md:shrink max-h-64 sm:w-[calc((100%-0.5rem)\/3)] rounded-s-xl\">\n<div class=\"group\/search-image @container\/search-image relative rounded-[inherit] h-full w-full\">\n<div><\/div>\n<\/div>\n<\/div>\n<div class=\"border-token-border-default relative w-32 shrink-0 overflow-hidden rounded-xl border-[0.5px] md:shrink max-h-64 sm:w-[calc((100%-0.5rem)\/3)]\">\n<div class=\"group\/search-image @container\/search-image relative rounded-[inherit] h-full w-full\">\n<div><\/div>\n<\/div>\n<\/div>\n<div class=\"border-token-border-default relative w-32 shrink-0 overflow-hidden rounded-xl border-[0.5px] md:shrink max-h-64 sm:w-[calc((100%-0.5rem)\/3)] rounded-e-xl\">\n<div class=\"group\/search-image @container\/search-image relative rounded-[inherit] h-full w-full\">\n<div><\/div>\n<div class=\"pointer-events-none absolute inset-x-2 bottom-2 z-0 flex max-w-[calc(100%-1rem)] flex-wrap items-end justify-end gap-1.5\">\n<div class=\"shrink-0\">\n<div class=\"flex items-center gap-1 rounded-full px-2 py-1.5 text-white backdrop-blur-md backdrop-brightness-75\">Damnoen Saduak Floating Market<\/div>\n<\/div>\n<\/div>\n<\/div>\n<\/div>\n<\/div>\n<p data-start=\"1756\" data-end=\"1799\"><strong data-start=\"1756\" data-end=\"1767\">10h00 :<\/strong><br data-start=\"1767\" data-end=\"1770\" \/>Arriv\u00e9e au march\u00e9 flottant.<\/p>\n<ul data-start=\"1801\" data-end=\"1879\">\n<li data-section-id=\"14vuet8\" data-start=\"1801\" data-end=\"1849\">Balade en bateau \u00e0 longue queue (10 minutes)<\/li>\n<li data-section-id=\"18g4zg4\" data-start=\"1850\" data-end=\"1879\">Temps libre pour explorer<\/li>\n<\/ul>\n<p data-start=\"1881\" data-end=\"1927\">\u00a0Option : tour en p\u00e9dalo (150 THB sur place)<\/p>\n<hr data-start=\"1929\" data-end=\"1932\" \/>\n<h3 data-section-id=\"15marl5\" data-start=\"1934\" data-end=\"1961\">\u00a0Retour \u00e0 Bangkok<\/h3>\n<p data-start=\"1963\" data-end=\"1996\"><strong data-start=\"1963\" data-end=\"1974\">11h00 :<\/strong><br data-start=\"1974\" data-end=\"1977\" \/>D\u00e9part du march\u00e9.<\/p>\n<p data-start=\"1998\" data-end=\"2051\"><strong data-start=\"1998\" data-end=\"2009\">13h00 :<\/strong><br data-start=\"2009\" data-end=\"2012\" \/>Retour \u00e0 Khaosan Road ou MRT Sam Yot.<\/p>\n<p data-start=\"2053\" data-end=\"2095\">\u00a0Visites priv\u00e9es : retour \u00e0 votre h\u00f4tel.<\/p>\n<hr data-start=\"2097\" data-end=\"2100\" \/>\n<h2 data-section-id=\"m50aq\" data-start=\"2102\" data-end=\"2129\">\u00a0Ce qui est inclus<\/h2>\n<ul data-start=\"2131\" data-end=\"2288\">\n<li data-section-id=\"w668hm\" data-start=\"2131\" data-end=\"2178\">Transport aller-retour en minibus climatis\u00e9<\/li>\n<li data-section-id=\"o3mf2w\" data-start=\"2179\" data-end=\"2222\">Prise en charge dans les zones d\u00e9finies<\/li>\n<li data-section-id=\"1d3azmw\" data-start=\"2223\" data-end=\"2249\">Guide local anglophone<\/li>\n<li data-section-id=\"7mjkyt\" data-start=\"2250\" data-end=\"2288\">Promenade en bateau \u00e0 longue queue<\/li>\n<\/ul>\n<hr data-start=\"2290\" data-end=\"2293\" \/>\n<h2 data-section-id=\"dp4bwk\" data-start=\"2295\" data-end=\"2315\">\u00a0Non inclus<\/h2>\n<ul data-start=\"2317\" data-end=\"2383\">\n<li data-section-id=\"qduztw\" data-start=\"2317\" data-end=\"2343\">Nourriture et boissons<\/li>\n<li data-section-id=\"132hbxk\" data-start=\"2344\" data-end=\"2383\">Balade en p\u00e9dalo (option \u2013 150 THB)<\/li>\n<\/ul>\n<hr data-start=\"2385\" data-end=\"2388\" \/>\n<h2 data-section-id=\"fnnlp2\" data-start=\"2390\" data-end=\"2422\">\u00a0Informations pratiques<\/h2>\n<ul data-start=\"2424\" data-end=\"2629\">\n<li data-section-id=\"4ph6hu\" data-start=\"2424\" data-end=\"2479\">Tour en groupe : prise en charge selon localisation<\/li>\n<li data-section-id=\"czph9b\" data-start=\"2480\" data-end=\"2533\">Merci d\u2019attendre \u00e0 votre h\u00f4tel \u00e0 l\u2019heure indiqu\u00e9e<\/li>\n<li data-section-id=\"1octzdg\" data-start=\"2534\" data-end=\"2585\">Itin\u00e9raire adaptable selon circulation ou m\u00e9t\u00e9o<\/li>\n<li data-section-id=\"13eyc4f\" data-start=\"2586\" data-end=\"2629\">Possibilit\u00e9 de n\u00e9gocier sur les march\u00e9s<\/li>\n<\/ul>\n<hr data-start=\"2631\" data-end=\"2634\" \/>\n<h2 data-section-id=\"9803m\" data-start=\"2636\" data-end=\"2679\">\u00a0Conseils pour profiter au maximum<\/h2>\n<ul data-start=\"2681\" data-end=\"2790\">\n<li data-section-id=\"14etpa9\" data-start=\"2681\" data-end=\"2713\">Apporter de l\u2019argent liquide<\/li>\n<li data-section-id=\"1bn165b\" data-start=\"2714\" data-end=\"2740\">Pr\u00e9voir appareil photo<\/li>\n<li data-section-id=\"1998164\" data-start=\"2741\" data-end=\"2768\">Porter v\u00eatements l\u00e9gers<\/li>\n<li data-section-id=\"14bsdi3\" data-start=\"2769\" data-end=\"2790\">Arriver \u00e0 l\u2019heure<\/li>\n<\/ul>\n","protected":false},"excerpt":{"rendered":"<h3 data-section-id=\"hxsibk\" data-start=\"55\" data-end=\"72\">Description<\/h3>\n<ul data-start=\"74\" data-end=\"270\">\n<li data-section-id=\"10lpcdb\" data-start=\"74\" data-end=\"196\">Plongez dans deux des march\u00e9s les plus incroyables de Tha\u00eflande lors d\u2019une excursion d\u2019une demi-journ\u00e9e depuis Bangkok<\/li>\n<li data-section-id=\"1gtrari\" data-start=\"197\" data-end=\"270\">D\u00e9couvrez un m\u00e9lange unique de tradition locale et de culture vivante<\/li>\n<\/ul>\n<p data-start=\"272\" data-end=\"303\"><strong data-start=\"272\" data-end=\"301\">Maeklong Railway Market :<\/strong><\/p>\n<ul data-start=\"304\" data-end=\"498\">\n<li data-section-id=\"uip97k\" data-start=\"304\" data-end=\"355\">Observez un train traverser lentement le march\u00e9<\/li>\n<li data-section-id=\"gyrhpa\" data-start=\"356\" data-end=\"448\">Vivez un moment impressionnant o\u00f9 les vendeurs replient leurs \u00e9tals en quelques secondes<\/li>\n<li data-section-id=\"71h6od\" data-start=\"449\" data-end=\"498\">Explorez un march\u00e9 local authentique et anim\u00e9<\/li>\n<\/ul>\n<p data-start=\"500\" data-end=\"538\"><strong data-start=\"500\" data-end=\"536\">Damnoen Saduak Floating Market :<\/strong><\/p>\n<ul data-start=\"539\" data-end=\"733\">\n<li data-section-id=\"1pijwe4\" data-start=\"539\" data-end=\"597\">Naviguez en bateau \u00e0 longue queue \u00e0 travers les canaux<\/li>\n<li data-section-id=\"1q5v9bq\" data-start=\"598\" data-end=\"668\">D\u00e9couvrez l\u2019un des march\u00e9s flottants les plus embl\u00e9matiques d\u2019Asie<\/li>\n<li data-section-id=\"l86l9q\" data-start=\"669\" data-end=\"733\">Admirez les \u00e9tals color\u00e9s et l\u2019ambiance typique tha\u00eflandaise<\/li>\n<\/ul>","protected":false},"featured_media":29935,"comment_status":"open","ping_status":"closed","template":"","meta":{"_uag_custom_page_level_css":""},"product_brand":[],"product_cat":[34],"product_tag":[],"class_list":{"0":"post-29934","1":"product","2":"type-product","3":"status-publish","4":"has-post-thumbnail","6":"product_cat-bangkok","8":"first","9":"instock","10":"virtual","11":"taxable","12":"purchasable","13":"product-type-simple"},"yoast_head":"<!-- This site is optimized with the Yoast SEO plugin v27.1.1 - https:\/\/yoast.com\/product\/yoast-seo-wordpress\/ -->\n<title>March\u00e9 ferroviaire de Maeklong &amp; march\u00e9 flottant de Damnoen -<\/title>\n<meta name=\"description\" content=\"March\u00e9 ferroviaire Maeklong &amp; Damnoen Saduak : excursion depuis Bangkok avec bateau, guide et transport inclus. Exp\u00e9rience unique.\" \/>\n<meta name=\"robots\" content=\"index, follow, max-snippet:-1, max-image-preview:large, max-video-preview:-1\" \/>\n<link rel=\"canonical\" href=\"https:\/\/lunayatravel.com\/en\/product\/maeklong-damnoen-saduak-excursion-bangkok\/\" \/>\n<meta property=\"og:locale\" content=\"en_GB\" \/>\n<meta property=\"og:type\" content=\"article\" \/>\n<meta property=\"og:title\" content=\"March\u00e9 ferroviaire de Maeklong &amp; march\u00e9 flottant de Damnoen -\" \/>\n<meta property=\"og:description\" content=\"March\u00e9 ferroviaire Maeklong &amp; Damnoen Saduak : excursion depuis Bangkok avec bateau, guide et transport inclus. Exp\u00e9rience unique.\" \/>\n<meta property=\"og:url\" content=\"https:\/\/lunayatravel.com\/en\/product\/maeklong-damnoen-saduak-excursion-bangkok\/\" \/>\n<meta property=\"article:publisher\" content=\"https:\/\/www.facebook.com\/lunayaTravel\/\" \/>\n<meta property=\"article:modified_time\" content=\"2026-04-08T07:54:51+00:00\" \/>\n<meta property=\"og:image\" content=\"https:\/\/lunayatravel.com\/wp-content\/uploads\/2025\/07\/train_market.webp\" \/>\n\t<meta property=\"og:image:width\" content=\"720\" \/>\n\t<meta property=\"og:image:height\" content=\"540\" \/>\n\t<meta property=\"og:image:type\" content=\"image\/webp\" \/>\n<meta name=\"twitter:card\" content=\"summary_large_image\" \/>\n<meta name=\"twitter:label1\" content=\"Estimated reading time\" \/>\n\t<meta name=\"twitter:data1\" content=\"2 minutes\" \/>\n<script type=\"application\/ld+json\" class=\"yoast-schema-graph\">{\"@context\":\"https:\/\/schema.org\",\"@graph\":[{\"@type\":\"WebPage\",\"@id\":\"https:\/\/lunayatravel.com\/produit\/maeklong-damnoen-saduak-excursion-bangkok\/\",\"url\":\"https:\/\/lunayatravel.com\/produit\/maeklong-damnoen-saduak-excursion-bangkok\/\",\"name\":\"March\u00e9 ferroviaire de Maeklong & march\u00e9 flottant de Damnoen -\",\"isPartOf\":{\"@id\":\"https:\/\/lunayatravel.com\/#website\"},\"primaryImageOfPage\":{\"@id\":\"https:\/\/lunayatravel.com\/produit\/maeklong-damnoen-saduak-excursion-bangkok\/#primaryimage\"},\"image\":{\"@id\":\"https:\/\/lunayatravel.com\/produit\/maeklong-damnoen-saduak-excursion-bangkok\/#primaryimage\"},\"thumbnailUrl\":\"https:\/\/lunayatravel.com\/wp-content\/uploads\/2025\/07\/train_market.webp\",\"datePublished\":\"2025-07-22T02:41:27+00:00\",\"dateModified\":\"2026-04-08T07:54:51+00:00\",\"description\":\"March\u00e9 ferroviaire Maeklong & Damnoen Saduak : excursion depuis Bangkok avec bateau, guide et transport inclus. Exp\u00e9rience unique.\",\"breadcrumb\":{\"@id\":\"https:\/\/lunayatravel.com\/produit\/maeklong-damnoen-saduak-excursion-bangkok\/#breadcrumb\"},\"inLanguage\":\"en-GB\",\"potentialAction\":[{\"@type\":\"ReadAction\",\"target\":[\"https:\/\/lunayatravel.com\/produit\/maeklong-damnoen-saduak-excursion-bangkok\/\"]}]},{\"@type\":\"ImageObject\",\"inLanguage\":\"en-GB\",\"@id\":\"https:\/\/lunayatravel.com\/produit\/maeklong-damnoen-saduak-excursion-bangkok\/#primaryimage\",\"url\":\"https:\/\/lunayatravel.com\/wp-content\/uploads\/2025\/07\/train_market.webp\",\"contentUrl\":\"https:\/\/lunayatravel.com\/wp-content\/uploads\/2025\/07\/train_market.webp\",\"width\":720,\"height\":540,\"caption\":\"maeklong\"},{\"@type\":\"BreadcrumbList\",\"@id\":\"https:\/\/lunayatravel.com\/produit\/maeklong-damnoen-saduak-excursion-bangkok\/#breadcrumb\",\"itemListElement\":[{\"@type\":\"ListItem\",\"position\":1,\"name\":\"Accueil\",\"item\":\"https:\/\/lunayatravel.com\/\"},{\"@type\":\"ListItem\",\"position\":2,\"name\":\"Nos activit\u00e9s\",\"item\":\"https:\/\/lunayatravel.com\/nos-activites\/\"},{\"@type\":\"ListItem\",\"position\":3,\"name\":\"March\u00e9 ferroviaire de Maeklong &#038; march\u00e9 flottant de Damnoen\"}]},{\"@type\":\"WebSite\",\"@id\":\"https:\/\/lunayatravel.com\/#website\",\"url\":\"https:\/\/lunayatravel.com\/\",\"name\":\"\",\"description\":\"\",\"publisher\":{\"@id\":\"https:\/\/lunayatravel.com\/#organization\"},\"potentialAction\":[{\"@type\":\"SearchAction\",\"target\":{\"@type\":\"EntryPoint\",\"urlTemplate\":\"https:\/\/lunayatravel.com\/?s={search_term_string}\"},\"query-input\":{\"@type\":\"PropertyValueSpecification\",\"valueRequired\":true,\"valueName\":\"search_term_string\"}}],\"inLanguage\":\"en-GB\"},{\"@type\":\"Organization\",\"@id\":\"https:\/\/lunayatravel.com\/#organization\",\"name\":\"Lunaya travel\",\"alternateName\":\"Lunaya travel\",\"url\":\"https:\/\/lunayatravel.com\/\",\"logo\":{\"@type\":\"ImageObject\",\"inLanguage\":\"en-GB\",\"@id\":\"https:\/\/lunayatravel.com\/#\/schema\/logo\/image\/\",\"url\":\"https:\/\/lunayatravel.com\/wp-content\/uploads\/2026\/03\/cropped-647319118_2379115739204013_337015058165053143_n.jpg\",\"contentUrl\":\"https:\/\/lunayatravel.com\/wp-content\/uploads\/2026\/03\/cropped-647319118_2379115739204013_337015058165053143_n.jpg\",\"width\":1022,\"height\":1023,\"caption\":\"Lunaya travel\"},\"image\":{\"@id\":\"https:\/\/lunayatravel.com\/#\/schema\/logo\/image\/\"},\"sameAs\":[\"https:\/\/www.facebook.com\/lunayaTravel\/\"]}]}<\/script>\n<!-- \/ Yoast SEO plugin. -->","yoast_head_json":{"title":"March\u00e9 ferroviaire de Maeklong & march\u00e9 flottant de Damnoen -","description":"March\u00e9 ferroviaire Maeklong & Damnoen Saduak : excursion depuis Bangkok avec bateau, guide et transport inclus. Exp\u00e9rience unique.","robots":{"index":"index","follow":"follow","max-snippet":"max-snippet:-1","max-image-preview":"max-image-preview:large","max-video-preview":"max-video-preview:-1"},"canonical":"https:\/\/lunayatravel.com\/en\/product\/maeklong-damnoen-saduak-excursion-bangkok\/","og_locale":"en_GB","og_type":"article","og_title":"March\u00e9 ferroviaire de Maeklong & march\u00e9 flottant de Damnoen -","og_description":"March\u00e9 ferroviaire Maeklong & Damnoen Saduak : excursion depuis Bangkok avec bateau, guide et transport inclus. Exp\u00e9rience unique.","og_url":"https:\/\/lunayatravel.com\/en\/product\/maeklong-damnoen-saduak-excursion-bangkok\/","article_publisher":"https:\/\/www.facebook.com\/lunayaTravel\/","article_modified_time":"2026-04-08T07:54:51+00:00","og_image":[{"width":720,"height":540,"url":"https:\/\/lunayatravel.com\/wp-content\/uploads\/2025\/07\/train_market.webp","type":"image\/webp"}],"twitter_card":"summary_large_image","twitter_misc":{"Estimated reading time":"2 minutes"},"schema":{"@context":"https:\/\/schema.org","@graph":[{"@type":"WebPage","@id":"https:\/\/lunayatravel.com\/produit\/maeklong-damnoen-saduak-excursion-bangkok\/","url":"https:\/\/lunayatravel.com\/produit\/maeklong-damnoen-saduak-excursion-bangkok\/","name":"March\u00e9 ferroviaire de Maeklong & march\u00e9 flottant de Damnoen -","isPartOf":{"@id":"https:\/\/lunayatravel.com\/#website"},"primaryImageOfPage":{"@id":"https:\/\/lunayatravel.com\/produit\/maeklong-damnoen-saduak-excursion-bangkok\/#primaryimage"},"image":{"@id":"https:\/\/lunayatravel.com\/produit\/maeklong-damnoen-saduak-excursion-bangkok\/#primaryimage"},"thumbnailUrl":"https:\/\/lunayatravel.com\/wp-content\/uploads\/2025\/07\/train_market.webp","datePublished":"2025-07-22T02:41:27+00:00","dateModified":"2026-04-08T07:54:51+00:00","description":"March\u00e9 ferroviaire Maeklong & Damnoen Saduak : excursion depuis Bangkok avec bateau, guide et transport inclus. Exp\u00e9rience unique.","breadcrumb":{"@id":"https:\/\/lunayatravel.com\/produit\/maeklong-damnoen-saduak-excursion-bangkok\/#breadcrumb"},"inLanguage":"en-GB","potentialAction":[{"@type":"ReadAction","target":["https:\/\/lunayatravel.com\/produit\/maeklong-damnoen-saduak-excursion-bangkok\/"]}]},{"@type":"ImageObject","inLanguage":"en-GB","@id":"https:\/\/lunayatravel.com\/produit\/maeklong-damnoen-saduak-excursion-bangkok\/#primaryimage","url":"https:\/\/lunayatravel.com\/wp-content\/uploads\/2025\/07\/train_market.webp","contentUrl":"https:\/\/lunayatravel.com\/wp-content\/uploads\/2025\/07\/train_market.webp","width":720,"height":540,"caption":"maeklong"},{"@type":"BreadcrumbList","@id":"https:\/\/lunayatravel.com\/produit\/maeklong-damnoen-saduak-excursion-bangkok\/#breadcrumb","itemListElement":[{"@type":"ListItem","position":1,"name":"Accueil","item":"https:\/\/lunayatravel.com\/"},{"@type":"ListItem","position":2,"name":"Nos activit\u00e9s","item":"https:\/\/lunayatravel.com\/nos-activites\/"},{"@type":"ListItem","position":3,"name":"March\u00e9 ferroviaire de Maeklong &#038; march\u00e9 flottant de Damnoen"}]},{"@type":"WebSite","@id":"https:\/\/lunayatravel.com\/#website","url":"https:\/\/lunayatravel.com\/","name":"","description":"","publisher":{"@id":"https:\/\/lunayatravel.com\/#organization"},"potentialAction":[{"@type":"SearchAction","target":{"@type":"EntryPoint","urlTemplate":"https:\/\/lunayatravel.com\/?s={search_term_string}"},"query-input":{"@type":"PropertyValueSpecification","valueRequired":true,"valueName":"search_term_string"}}],"inLanguage":"en-GB"},{"@type":"Organization","@id":"https:\/\/lunayatravel.com\/#organization","name":"Lunaya travel","alternateName":"Lunaya travel","url":"https:\/\/lunayatravel.com\/","logo":{"@type":"ImageObject","inLanguage":"en-GB","@id":"https:\/\/lunayatravel.com\/#\/schema\/logo\/image\/","url":"https:\/\/lunayatravel.com\/wp-content\/uploads\/2026\/03\/cropped-647319118_2379115739204013_337015058165053143_n.jpg","contentUrl":"https:\/\/lunayatravel.com\/wp-content\/uploads\/2026\/03\/cropped-647319118_2379115739204013_337015058165053143_n.jpg","width":1022,"height":1023,"caption":"Lunaya travel"},"image":{"@id":"https:\/\/lunayatravel.com\/#\/schema\/logo\/image\/"},"sameAs":["https:\/\/www.facebook.com\/lunayaTravel\/"]}]}},"uagb_featured_image_src":{"full":["https:\/\/lunayatravel.com\/wp-content\/uploads\/2025\/07\/train_market.webp",720,540,false],"thumbnail":["https:\/\/lunayatravel.com\/wp-content\/uploads\/2025\/07\/train_market-150x150.webp",150,150,true],"medium":["https:\/\/lunayatravel.com\/wp-content\/uploads\/2025\/07\/train_market-300x225.webp",300,225,true],"medium_large":["https:\/\/lunayatravel.com\/wp-content\/uploads\/2025\/07\/train_market.webp",720,540,false],"large":["https:\/\/lunayatravel.com\/wp-content\/uploads\/2025\/07\/train_market.webp",720,540,false],"1536x1536":["https:\/\/lunayatravel.com\/wp-content\/uploads\/2025\/07\/train_market.webp",720,540,false],"2048x2048":["https:\/\/lunayatravel.com\/wp-content\/uploads\/2025\/07\/train_market.webp",720,540,false],"trp-custom-language-flag":["https:\/\/lunayatravel.com\/wp-content\/uploads\/2025\/07\/train_market.webp",16,12,false],"widget-thumbnail":["https:\/\/lunayatravel.com\/wp-content\/uploads\/2025\/07\/train_market-75x75.webp",75,75,true],"mailpoet_newsletter_max":["https:\/\/lunayatravel.com\/wp-content\/uploads\/2025\/07\/train_market.webp",720,540,false],"woocommerce_thumbnail":["https:\/\/lunayatravel.com\/wp-content\/uploads\/2025\/07\/train_market-300x300.webp",300,300,true],"woocommerce_single":["https:\/\/lunayatravel.com\/wp-content\/uploads\/2025\/07\/train_market-600x450.webp",600,450,true],"woocommerce_gallery_thumbnail":["https:\/\/lunayatravel.com\/wp-content\/uploads\/2025\/07\/train_market-100x100.webp",100,100,true],"sow-carousel-default":["https:\/\/lunayatravel.com\/wp-content\/uploads\/2025\/07\/train_market-272x182.webp",272,182,true]},"uagb_author_info":{"display_name":"haemers stephanie","author_link":"https:\/\/lunayatravel.com\/en\/author\/"},"uagb_comment_info":0,"uagb_excerpt":"Description Plongez dans deux des march\u00e9s les plus incroyables de Tha\u00eflande lors d\u2019une excursion d\u2019une demi-journ\u00e9e depuis Bangkok D\u00e9couvrez un m\u00e9lange unique de tradition locale et de culture vivante Maeklong Railway Market : Observez un train traverser lentement le march\u00e9 Vivez un moment impressionnant o\u00f9 les vendeurs replient leurs \u00e9tals en quelques secondes Explorez un&hellip;","jetpack_sharing_enabled":true,"_links":{"self":[{"href":"https:\/\/lunayatravel.com\/en\/wp-json\/wp\/v2\/product\/29934","targetHints":{"allow":["GET"]}}],"collection":[{"href":"https:\/\/lunayatravel.com\/en\/wp-json\/wp\/v2\/product"}],"about":[{"href":"https:\/\/lunayatravel.com\/en\/wp-json\/wp\/v2\/types\/product"}],"replies":[{"embeddable":true,"href":"https:\/\/lunayatravel.com\/en\/wp-json\/wp\/v2\/comments?post=29934"}],"wp:featuredmedia":[{"embeddable":true,"href":"https:\/\/lunayatravel.com\/en\/wp-json\/wp\/v2\/media\/29935"}],"wp:attachment":[{"href":"https:\/\/lunayatravel.com\/en\/wp-json\/wp\/v2\/media?parent=29934"}],"wp:term":[{"taxonomy":"product_brand","embeddable":true,"href":"https:\/\/lunayatravel.com\/en\/wp-json\/wp\/v2\/product_brand?post=29934"},{"taxonomy":"product_cat","embeddable":true,"href":"https:\/\/lunayatravel.com\/en\/wp-json\/wp\/v2\/product_cat?post=29934"},{"taxonomy":"product_tag","embeddable":true,"href":"https:\/\/lunayatravel.com\/en\/wp-json\/wp\/v2\/product_tag?post=29934"}],"curies":[{"name":"wp","href":"https:\/\/api.w.org\/{rel}","templated":true}]}}