{"id":29925,"date":"2025-07-22T04:23:55","date_gmt":"2025-07-22T02:23:55","guid":{"rendered":"https:\/\/itctoursvoyages.com\/?post_type=product&#038;p=29925"},"modified":"2025-07-22T04:29:42","modified_gmt":"2025-07-22T02:29:42","slug":"%f0%9f%90%98-visite-ethique-du-sanctuaire-delephants-depart-de-bangkok","status":"publish","type":"product","link":"https:\/\/lunayatravel.com\/en\/product\/%f0%9f%90%98-visite-ethique-du-sanctuaire-delephants-depart-de-bangkok\/","title":{"rendered":"\ud83d\udc18 Ethical visit to the elephant sanctuary - Departure from Bangkok"},"content":{"rendered":"<h3 data-start=\"701\" data-end=\"723\">\u2728 <strong data-start=\"707\" data-end=\"723\">Highlights<\/strong><\/h3>\n<ul data-start=\"724\" data-end=\"978\">\n<li data-start=\"724\" data-end=\"763\">\n<p data-start=\"726\" data-end=\"763\">Approach 100 % ethical (no mounting)<\/p>\n<\/li>\n<li data-start=\"764\" data-end=\"837\">\n<p data-start=\"766\" data-end=\"837\">Feed, walk and bathe elephants in their natural habitat<\/p>\n<\/li>\n<li data-start=\"838\" data-end=\"889\">\n<p data-start=\"840\" data-end=\"889\">Panoramic view from the top of the sanctuary<\/p>\n<\/li>\n<li data-start=\"890\" data-end=\"938\">\n<p data-start=\"892\" data-end=\"938\">Small groups led by enthusiastic guides<\/p>\n<\/li>\n<li data-start=\"939\" data-end=\"978\">\n<p data-start=\"941\" data-end=\"978\">Lunch, transfers and snacks included<\/p>\n<\/li>\n<\/ul>\n<hr data-start=\"980\" data-end=\"983\" \/>\n<h3 data-start=\"985\" data-end=\"1011\">\ud83d\udd52 <strong data-start=\"992\" data-end=\"1011\">Typical itinerary<\/strong><\/h3>\n<div class=\"_tableContainer_80l1q_1\">\n<div class=\"_tableWrapper_80l1q_14 group flex w-fit flex-col-reverse\" tabindex=\"-1\">\n<table class=\"w-fit min-w-(--thread-content-width)\" data-start=\"1013\" data-end=\"1525\">\n<thead data-start=\"1013\" data-end=\"1047\">\n<tr data-start=\"1013\" data-end=\"1047\">\n<th data-start=\"1013\" data-end=\"1021\" data-col-size=\"md\">Morning<\/th>\n<th data-start=\"1021\" data-end=\"1034\" data-col-size=\"sm\">Afternoon<\/th>\n<th data-start=\"1034\" data-end=\"1047\" data-col-size=\"md\">Activities<\/th>\n<\/tr>\n<\/thead>\n<tbody data-start=\"1083\" data-end=\"1525\">\n<tr data-start=\"1083\" data-end=\"1155\">\n<td data-start=\"1083\" data-end=\"1097\" data-col-size=\"md\">7am - 8am<\/td>\n<td data-col-size=\"sm\" data-start=\"1097\" data-end=\"1113\">11.00am - 12.00pm<\/td>\n<td data-col-size=\"md\" data-start=\"1113\" data-end=\"1155\">Transfer from your hotel in Bangkok<\/td>\n<\/tr>\n<tr data-start=\"1156\" data-end=\"1252\">\n<td data-start=\"1156\" data-end=\"1171\" data-col-size=\"md\">9.30am - 10am<\/td>\n<td data-col-size=\"sm\" data-start=\"1171\" data-end=\"1187\">1.30 pm - 2 pm<\/td>\n<td data-col-size=\"md\" data-start=\"1187\" data-end=\"1252\">Arrival at the sanctuary and change of uniform (Mo Hom shirt)<\/td>\n<\/tr>\n<tr data-start=\"1253\" data-end=\"1354\">\n<td data-start=\"1253\" data-end=\"1354\" data-col-size=\"md\">\u2192 Meet the elephants, feed, walk, hike to the panoramic viewpoint.<\/td>\n<td data-col-size=\"sm\"><\/td>\n<td data-col-size=\"md\"><\/td>\n<\/tr>\n<tr data-start=\"1355\" data-end=\"1387\">\n<td data-start=\"1355\" data-end=\"1387\" data-col-size=\"md\">\u2192 Games and bathing in the river<\/td>\n<td data-col-size=\"sm\"><\/td>\n<td data-col-size=\"md\"><\/td>\n<\/tr>\n<tr data-start=\"1388\" data-end=\"1418\">\n<td data-start=\"1388\" data-end=\"1418\" data-col-size=\"md\">\u2192 Relaxing break in the countryside<\/td>\n<td data-col-size=\"sm\"><\/td>\n<td data-col-size=\"md\"><\/td>\n<\/tr>\n<tr data-start=\"1419\" data-end=\"1453\">\n<td data-start=\"1419\" data-end=\"1453\" data-col-size=\"md\">\u2192 Traditional Pad Thai lunch<\/td>\n<td data-col-size=\"sm\"><\/td>\n<td data-col-size=\"md\"><\/td>\n<\/tr>\n<tr data-start=\"1454\" data-end=\"1525\">\n<td data-start=\"1454\" data-end=\"1462\" data-col-size=\"md\">13h00<\/td>\n<td data-start=\"1462\" data-end=\"1470\" data-col-size=\"sm\">17h00<\/td>\n<td data-start=\"1470\" data-end=\"1525\" data-col-size=\"md\">Departure for Bangkok or Pattaya (approx. 1h30 \/ 40 min)<\/td>\n<\/tr>\n<\/tbody>\n<\/table>\n<div class=\"sticky end-(--thread-content-margin) h-0 self-end select-none\">\n<div class=\"absolute end-0 flex items-end\"><\/div>\n<\/div>\n<\/div>\n<\/div>\n<blockquote data-start=\"1527\" data-end=\"1617\">\n<p data-start=\"1529\" data-end=\"1617\">\ud83d\udd51 Times are approximate and may vary depending on the location of your hotel.<\/p>\n<\/blockquote>\n<hr data-start=\"1619\" data-end=\"1622\" \/>\n<h3 data-start=\"1624\" data-end=\"1653\">\u2705 <strong data-start=\"1630\" data-end=\"1653\">Included in the price<\/strong><\/h3>\n<ul data-start=\"1654\" data-end=\"1875\">\n<li data-start=\"1654\" data-end=\"1724\">\n<p data-start=\"1656\" data-end=\"1724\">Return transfer from your hotel in Bangkok (zones included)<\/p>\n<\/li>\n<li data-start=\"1725\" data-end=\"1749\">\n<p data-start=\"1727\" data-end=\"1749\">Local English-speaking guide<\/p>\n<\/li>\n<li data-start=\"1750\" data-end=\"1770\">\n<p data-start=\"1752\" data-end=\"1770\">Accident insurance<\/p>\n<\/li>\n<li data-start=\"1771\" data-end=\"1802\">\n<p data-start=\"1773\" data-end=\"1802\">Meals (Pad Tha\u00ef), drinking water<\/p>\n<\/li>\n<li data-start=\"1803\" data-end=\"1835\">\n<p data-start=\"1805\" data-end=\"1835\">Fruit &amp; snacks for elephants<\/p>\n<\/li>\n<li data-start=\"1836\" data-end=\"1875\">\n<p data-start=\"1838\" data-end=\"1875\">Traditional dress provided (Mo Hom)<\/p>\n<\/li>\n<\/ul>\n<hr data-start=\"1877\" data-end=\"1880\" \/>\n<h3 data-start=\"1882\" data-end=\"1903\">\ud83c\udf92 <strong data-start=\"1889\" data-end=\"1903\">To bring<\/strong><\/h3>\n<ul data-start=\"1904\" data-end=\"2043\">\n<li data-start=\"1904\" data-end=\"1939\">\n<p data-start=\"1906\" data-end=\"1939\">Change of clothes + towel<\/p>\n<\/li>\n<li data-start=\"1940\" data-end=\"1959\">\n<p data-start=\"1942\" data-end=\"1959\">Sandals or flip-flops<\/p>\n<\/li>\n<li data-start=\"1960\" data-end=\"1998\">\n<p data-start=\"1962\" data-end=\"1998\">Mosquito spray, sun cream<\/p>\n<\/li>\n<li data-start=\"1999\" data-end=\"2043\">\n<p data-start=\"2001\" data-end=\"2043\">Waterproof (during the rainy season)<\/p>\n<\/li>\n<\/ul>\n<hr data-start=\"2045\" data-end=\"2048\" \/>\n<h3 data-start=\"2050\" data-end=\"2083\">\u2139\ufe0f <strong data-start=\"2057\" data-end=\"2083\">Practical information<\/strong><\/h3>\n<ul data-start=\"2084\" data-end=\"2333\">\n<li data-start=\"2084\" data-end=\"2146\">\n<p data-start=\"2086\" data-end=\"2146\">Transport in a private or shared vehicle (car, SUV or van)<\/p>\n<\/li>\n<li data-start=\"2147\" data-end=\"2225\">\n<p data-start=\"2149\" data-end=\"2225\">Supplement possible if you are staying <strong data-start=\"2183\" data-end=\"2225\">outside care areas<\/strong><\/p>\n<\/li>\n<li data-start=\"2226\" data-end=\"2282\">\n<p data-start=\"2228\" data-end=\"2282\">Not recommended for people with reduced mobility<\/p>\n<\/li>\n<li data-start=\"2283\" data-end=\"2333\">\n<p data-start=\"2285\" data-end=\"2333\">Children welcome (under adult supervision)<\/p>\n<\/li>\n<\/ul>","protected":false},"excerpt":{"rendered":"<h3 data-start=\"241\" data-end=\"263\">\ud83c\udf3f <strong data-start=\"248\" data-end=\"263\">Description<\/strong><\/h3>\n<p data-start=\"264\" data-end=\"694\">Leave Bangkok for an exceptional day at the <strong data-start=\"317\" data-end=\"352\">Living Green Elephant Sanctuary<\/strong>located in the heart of the lush natural surroundings of Khao Kheow (Chonburi).<br data-start=\"417\" data-end=\"420\" \/>Take an active part in a day of sharing, caring and connecting with elephants:<br data-start=\"512\" data-end=\"515\" \/><strong data-start=\"515\" data-end=\"572\">feeding, walking, bathing, hiking and water games<\/strong> in an ethical and natural setting.<br data-start=\"606\" data-end=\"609\" \/>This activity supports the <strong data-start=\"636\" data-end=\"666\">elephant conservation<\/strong> and a <strong data-start=\"673\" data-end=\"693\">sustainable tourism<\/strong>.<\/p>","protected":false},"featured_media":29926,"comment_status":"open","ping_status":"closed","template":"","meta":{"_uag_custom_page_level_css":""},"product_brand":[],"product_cat":[34],"product_tag":[],"class_list":{"0":"post-29925","1":"product","2":"type-product","3":"status-publish","4":"has-post-thumbnail","6":"product_cat-bangkok","8":"first","9":"instock","10":"virtual","11":"taxable","12":"purchasable","13":"product-type-simple"},"yoast_head":"<!-- This site is optimized with the Yoast SEO plugin v27.1.1 - https:\/\/yoast.com\/product\/yoast-seo-wordpress\/ -->\n<title>\ud83d\udc18 Visite \u00e9thique du sanctuaire d\u2019\u00e9l\u00e9phants \u2013 D\u00e9part de Bangkok -<\/title>\n<meta name=\"robots\" content=\"index, follow, max-snippet:-1, max-image-preview:large, max-video-preview:-1\" \/>\n<link rel=\"canonical\" href=\"https:\/\/lunayatravel.com\/en\/product\/\ud83d\udc18-visite-ethique-du-sanctuaire-delephants-depart-de-bangkok\/\" \/>\n<meta property=\"og:locale\" content=\"en_GB\" \/>\n<meta property=\"og:type\" content=\"article\" \/>\n<meta property=\"og:title\" content=\"\ud83d\udc18 Visite \u00e9thique du sanctuaire d\u2019\u00e9l\u00e9phants \u2013 D\u00e9part de Bangkok -\" \/>\n<meta property=\"og:description\" content=\"\ud83c\udf3f Description Partez de Bangkok pour une journ\u00e9e exceptionnelle au Living Green Elephant Sanctuary, situ\u00e9 au c\u0153ur de la nature luxuriante de Khao Kheow (Chonburi).Participez activement \u00e0 une journ\u00e9e de partage, de soin et de connexion avec les \u00e9l\u00e9phants :nourrissage, promenade, bain, randonn\u00e9e et jeux d\u2019eau dans un cadre \u00e9thique et naturel.Cette activit\u00e9 soutient la conservation des \u00e9l\u00e9phants et un tourisme durable.\" \/>\n<meta property=\"og:url\" content=\"https:\/\/lunayatravel.com\/en\/product\/\ud83d\udc18-visite-ethique-du-sanctuaire-delephants-depart-de-bangkok\/\" \/>\n<meta property=\"article:publisher\" content=\"https:\/\/www.facebook.com\/lunayaTravel\/\" \/>\n<meta property=\"article:modified_time\" content=\"2025-07-22T02:29:42+00:00\" \/>\n<meta property=\"og:image\" content=\"https:\/\/lunayatravel.com\/wp-content\/uploads\/2025\/07\/6.webp\" \/>\n\t<meta property=\"og:image:width\" content=\"720\" \/>\n\t<meta property=\"og:image:height\" content=\"540\" \/>\n\t<meta property=\"og:image:type\" content=\"image\/webp\" \/>\n<meta name=\"twitter:card\" content=\"summary_large_image\" \/>\n<meta name=\"twitter:label1\" content=\"Estimated reading time\" \/>\n\t<meta name=\"twitter:data1\" content=\"1 minute\" \/>\n<script type=\"application\/ld+json\" class=\"yoast-schema-graph\">{\"@context\":\"https:\/\/schema.org\",\"@graph\":[{\"@type\":\"WebPage\",\"@id\":\"https:\/\/lunayatravel.com\/produit\/%f0%9f%90%98-visite-ethique-du-sanctuaire-delephants-depart-de-bangkok\/\",\"url\":\"https:\/\/lunayatravel.com\/produit\/%f0%9f%90%98-visite-ethique-du-sanctuaire-delephants-depart-de-bangkok\/\",\"name\":\"\ud83d\udc18 Visite \u00e9thique du sanctuaire d\u2019\u00e9l\u00e9phants \u2013 D\u00e9part de Bangkok -\",\"isPartOf\":{\"@id\":\"https:\/\/lunayatravel.com\/#website\"},\"primaryImageOfPage\":{\"@id\":\"https:\/\/lunayatravel.com\/produit\/%f0%9f%90%98-visite-ethique-du-sanctuaire-delephants-depart-de-bangkok\/#primaryimage\"},\"image\":{\"@id\":\"https:\/\/lunayatravel.com\/produit\/%f0%9f%90%98-visite-ethique-du-sanctuaire-delephants-depart-de-bangkok\/#primaryimage\"},\"thumbnailUrl\":\"https:\/\/lunayatravel.com\/wp-content\/uploads\/2025\/07\/6.webp\",\"datePublished\":\"2025-07-22T02:23:55+00:00\",\"dateModified\":\"2025-07-22T02:29:42+00:00\",\"breadcrumb\":{\"@id\":\"https:\/\/lunayatravel.com\/produit\/%f0%9f%90%98-visite-ethique-du-sanctuaire-delephants-depart-de-bangkok\/#breadcrumb\"},\"inLanguage\":\"en-GB\",\"potentialAction\":[{\"@type\":\"ReadAction\",\"target\":[\"https:\/\/lunayatravel.com\/produit\/%f0%9f%90%98-visite-ethique-du-sanctuaire-delephants-depart-de-bangkok\/\"]}]},{\"@type\":\"ImageObject\",\"inLanguage\":\"en-GB\",\"@id\":\"https:\/\/lunayatravel.com\/produit\/%f0%9f%90%98-visite-ethique-du-sanctuaire-delephants-depart-de-bangkok\/#primaryimage\",\"url\":\"https:\/\/lunayatravel.com\/wp-content\/uploads\/2025\/07\/6.webp\",\"contentUrl\":\"https:\/\/lunayatravel.com\/wp-content\/uploads\/2025\/07\/6.webp\",\"width\":720,\"height\":540},{\"@type\":\"BreadcrumbList\",\"@id\":\"https:\/\/lunayatravel.com\/produit\/%f0%9f%90%98-visite-ethique-du-sanctuaire-delephants-depart-de-bangkok\/#breadcrumb\",\"itemListElement\":[{\"@type\":\"ListItem\",\"position\":1,\"name\":\"Accueil\",\"item\":\"https:\/\/lunayatravel.com\/\"},{\"@type\":\"ListItem\",\"position\":2,\"name\":\"Nos activit\u00e9s\",\"item\":\"https:\/\/lunayatravel.com\/nos-activites\/\"},{\"@type\":\"ListItem\",\"position\":3,\"name\":\"\ud83d\udc18 Visite \u00e9thique du sanctuaire d\u2019\u00e9l\u00e9phants \u2013 D\u00e9part de Bangkok\"}]},{\"@type\":\"WebSite\",\"@id\":\"https:\/\/lunayatravel.com\/#website\",\"url\":\"https:\/\/lunayatravel.com\/\",\"name\":\"\",\"description\":\"\",\"publisher\":{\"@id\":\"https:\/\/lunayatravel.com\/#organization\"},\"potentialAction\":[{\"@type\":\"SearchAction\",\"target\":{\"@type\":\"EntryPoint\",\"urlTemplate\":\"https:\/\/lunayatravel.com\/?s={search_term_string}\"},\"query-input\":{\"@type\":\"PropertyValueSpecification\",\"valueRequired\":true,\"valueName\":\"search_term_string\"}}],\"inLanguage\":\"en-GB\"},{\"@type\":\"Organization\",\"@id\":\"https:\/\/lunayatravel.com\/#organization\",\"name\":\"Lunaya travel\",\"alternateName\":\"Lunaya travel\",\"url\":\"https:\/\/lunayatravel.com\/\",\"logo\":{\"@type\":\"ImageObject\",\"inLanguage\":\"en-GB\",\"@id\":\"https:\/\/lunayatravel.com\/#\/schema\/logo\/image\/\",\"url\":\"https:\/\/lunayatravel.com\/wp-content\/uploads\/2026\/03\/cropped-647319118_2379115739204013_337015058165053143_n.jpg\",\"contentUrl\":\"https:\/\/lunayatravel.com\/wp-content\/uploads\/2026\/03\/cropped-647319118_2379115739204013_337015058165053143_n.jpg\",\"width\":1022,\"height\":1023,\"caption\":\"Lunaya travel\"},\"image\":{\"@id\":\"https:\/\/lunayatravel.com\/#\/schema\/logo\/image\/\"},\"sameAs\":[\"https:\/\/www.facebook.com\/lunayaTravel\/\"]}]}<\/script>\n<!-- \/ Yoast SEO plugin. -->","yoast_head_json":{"title":"\ud83d\udc18 Visite \u00e9thique du sanctuaire d\u2019\u00e9l\u00e9phants \u2013 D\u00e9part de Bangkok -","robots":{"index":"index","follow":"follow","max-snippet":"max-snippet:-1","max-image-preview":"max-image-preview:large","max-video-preview":"max-video-preview:-1"},"canonical":"https:\/\/lunayatravel.com\/en\/product\/\ud83d\udc18-visite-ethique-du-sanctuaire-delephants-depart-de-bangkok\/","og_locale":"en_GB","og_type":"article","og_title":"\ud83d\udc18 Visite \u00e9thique du sanctuaire d\u2019\u00e9l\u00e9phants \u2013 D\u00e9part de Bangkok -","og_description":"\ud83c\udf3f Description Partez de Bangkok pour une journ\u00e9e exceptionnelle au Living Green Elephant Sanctuary, situ\u00e9 au c\u0153ur de la nature luxuriante de Khao Kheow (Chonburi).Participez activement \u00e0 une journ\u00e9e de partage, de soin et de connexion avec les \u00e9l\u00e9phants :nourrissage, promenade, bain, randonn\u00e9e et jeux d\u2019eau dans un cadre \u00e9thique et naturel.Cette activit\u00e9 soutient la conservation des \u00e9l\u00e9phants et un tourisme durable.","og_url":"https:\/\/lunayatravel.com\/en\/product\/\ud83d\udc18-visite-ethique-du-sanctuaire-delephants-depart-de-bangkok\/","article_publisher":"https:\/\/www.facebook.com\/lunayaTravel\/","article_modified_time":"2025-07-22T02:29:42+00:00","og_image":[{"width":720,"height":540,"url":"https:\/\/lunayatravel.com\/wp-content\/uploads\/2025\/07\/6.webp","type":"image\/webp"}],"twitter_card":"summary_large_image","twitter_misc":{"Estimated reading time":"1 minute"},"schema":{"@context":"https:\/\/schema.org","@graph":[{"@type":"WebPage","@id":"https:\/\/lunayatravel.com\/produit\/%f0%9f%90%98-visite-ethique-du-sanctuaire-delephants-depart-de-bangkok\/","url":"https:\/\/lunayatravel.com\/produit\/%f0%9f%90%98-visite-ethique-du-sanctuaire-delephants-depart-de-bangkok\/","name":"\ud83d\udc18 Visite \u00e9thique du sanctuaire d\u2019\u00e9l\u00e9phants \u2013 D\u00e9part de Bangkok -","isPartOf":{"@id":"https:\/\/lunayatravel.com\/#website"},"primaryImageOfPage":{"@id":"https:\/\/lunayatravel.com\/produit\/%f0%9f%90%98-visite-ethique-du-sanctuaire-delephants-depart-de-bangkok\/#primaryimage"},"image":{"@id":"https:\/\/lunayatravel.com\/produit\/%f0%9f%90%98-visite-ethique-du-sanctuaire-delephants-depart-de-bangkok\/#primaryimage"},"thumbnailUrl":"https:\/\/lunayatravel.com\/wp-content\/uploads\/2025\/07\/6.webp","datePublished":"2025-07-22T02:23:55+00:00","dateModified":"2025-07-22T02:29:42+00:00","breadcrumb":{"@id":"https:\/\/lunayatravel.com\/produit\/%f0%9f%90%98-visite-ethique-du-sanctuaire-delephants-depart-de-bangkok\/#breadcrumb"},"inLanguage":"en-GB","potentialAction":[{"@type":"ReadAction","target":["https:\/\/lunayatravel.com\/produit\/%f0%9f%90%98-visite-ethique-du-sanctuaire-delephants-depart-de-bangkok\/"]}]},{"@type":"ImageObject","inLanguage":"en-GB","@id":"https:\/\/lunayatravel.com\/produit\/%f0%9f%90%98-visite-ethique-du-sanctuaire-delephants-depart-de-bangkok\/#primaryimage","url":"https:\/\/lunayatravel.com\/wp-content\/uploads\/2025\/07\/6.webp","contentUrl":"https:\/\/lunayatravel.com\/wp-content\/uploads\/2025\/07\/6.webp","width":720,"height":540},{"@type":"BreadcrumbList","@id":"https:\/\/lunayatravel.com\/produit\/%f0%9f%90%98-visite-ethique-du-sanctuaire-delephants-depart-de-bangkok\/#breadcrumb","itemListElement":[{"@type":"ListItem","position":1,"name":"Accueil","item":"https:\/\/lunayatravel.com\/"},{"@type":"ListItem","position":2,"name":"Nos activit\u00e9s","item":"https:\/\/lunayatravel.com\/nos-activites\/"},{"@type":"ListItem","position":3,"name":"\ud83d\udc18 Visite \u00e9thique du sanctuaire d\u2019\u00e9l\u00e9phants \u2013 D\u00e9part de Bangkok"}]},{"@type":"WebSite","@id":"https:\/\/lunayatravel.com\/#website","url":"https:\/\/lunayatravel.com\/","name":"","description":"","publisher":{"@id":"https:\/\/lunayatravel.com\/#organization"},"potentialAction":[{"@type":"SearchAction","target":{"@type":"EntryPoint","urlTemplate":"https:\/\/lunayatravel.com\/?s={search_term_string}"},"query-input":{"@type":"PropertyValueSpecification","valueRequired":true,"valueName":"search_term_string"}}],"inLanguage":"en-GB"},{"@type":"Organization","@id":"https:\/\/lunayatravel.com\/#organization","name":"Lunaya travel","alternateName":"Lunaya travel","url":"https:\/\/lunayatravel.com\/","logo":{"@type":"ImageObject","inLanguage":"en-GB","@id":"https:\/\/lunayatravel.com\/#\/schema\/logo\/image\/","url":"https:\/\/lunayatravel.com\/wp-content\/uploads\/2026\/03\/cropped-647319118_2379115739204013_337015058165053143_n.jpg","contentUrl":"https:\/\/lunayatravel.com\/wp-content\/uploads\/2026\/03\/cropped-647319118_2379115739204013_337015058165053143_n.jpg","width":1022,"height":1023,"caption":"Lunaya travel"},"image":{"@id":"https:\/\/lunayatravel.com\/#\/schema\/logo\/image\/"},"sameAs":["https:\/\/www.facebook.com\/lunayaTravel\/"]}]}},"uagb_featured_image_src":{"full":["https:\/\/lunayatravel.com\/wp-content\/uploads\/2025\/07\/6.webp",720,540,false],"thumbnail":["https:\/\/lunayatravel.com\/wp-content\/uploads\/2025\/07\/6-150x150.webp",150,150,true],"medium":["https:\/\/lunayatravel.com\/wp-content\/uploads\/2025\/07\/6-300x225.webp",300,225,true],"medium_large":["https:\/\/lunayatravel.com\/wp-content\/uploads\/2025\/07\/6.webp",720,540,false],"large":["https:\/\/lunayatravel.com\/wp-content\/uploads\/2025\/07\/6.webp",720,540,false],"1536x1536":["https:\/\/lunayatravel.com\/wp-content\/uploads\/2025\/07\/6.webp",720,540,false],"2048x2048":["https:\/\/lunayatravel.com\/wp-content\/uploads\/2025\/07\/6.webp",720,540,false],"trp-custom-language-flag":["https:\/\/lunayatravel.com\/wp-content\/uploads\/2025\/07\/6.webp",16,12,false],"widget-thumbnail":["https:\/\/lunayatravel.com\/wp-content\/uploads\/2025\/07\/6-75x75.webp",75,75,true],"mailpoet_newsletter_max":["https:\/\/lunayatravel.com\/wp-content\/uploads\/2025\/07\/6.webp",720,540,false],"woocommerce_thumbnail":["https:\/\/lunayatravel.com\/wp-content\/uploads\/2025\/07\/6-300x300.webp",300,300,true],"woocommerce_single":["https:\/\/lunayatravel.com\/wp-content\/uploads\/2025\/07\/6-600x450.webp",600,450,true],"woocommerce_gallery_thumbnail":["https:\/\/lunayatravel.com\/wp-content\/uploads\/2025\/07\/6-100x100.webp",100,100,true],"sow-carousel-default":["https:\/\/lunayatravel.com\/wp-content\/uploads\/2025\/07\/6-272x182.webp",272,182,true]},"uagb_author_info":{"display_name":"haemers stephanie","author_link":"https:\/\/lunayatravel.com\/en\/author\/"},"uagb_comment_info":0,"uagb_excerpt":"\ud83c\udf3f Description Partez de Bangkok pour une journ\u00e9e exceptionnelle au Living Green Elephant Sanctuary, situ\u00e9 au c\u0153ur de la nature luxuriante de Khao Kheow (Chonburi).Participez activement \u00e0 une journ\u00e9e de partage, de soin et de connexion avec les \u00e9l\u00e9phants :nourrissage, promenade, bain, randonn\u00e9e et jeux d\u2019eau dans un cadre \u00e9thique et naturel.Cette activit\u00e9 soutient la&hellip;","jetpack_sharing_enabled":true,"_links":{"self":[{"href":"https:\/\/lunayatravel.com\/en\/wp-json\/wp\/v2\/product\/29925","targetHints":{"allow":["GET"]}}],"collection":[{"href":"https:\/\/lunayatravel.com\/en\/wp-json\/wp\/v2\/product"}],"about":[{"href":"https:\/\/lunayatravel.com\/en\/wp-json\/wp\/v2\/types\/product"}],"replies":[{"embeddable":true,"href":"https:\/\/lunayatravel.com\/en\/wp-json\/wp\/v2\/comments?post=29925"}],"wp:featuredmedia":[{"embeddable":true,"href":"https:\/\/lunayatravel.com\/en\/wp-json\/wp\/v2\/media\/29926"}],"wp:attachment":[{"href":"https:\/\/lunayatravel.com\/en\/wp-json\/wp\/v2\/media?parent=29925"}],"wp:term":[{"taxonomy":"product_brand","embeddable":true,"href":"https:\/\/lunayatravel.com\/en\/wp-json\/wp\/v2\/product_brand?post=29925"},{"taxonomy":"product_cat","embeddable":true,"href":"https:\/\/lunayatravel.com\/en\/wp-json\/wp\/v2\/product_cat?post=29925"},{"taxonomy":"product_tag","embeddable":true,"href":"https:\/\/lunayatravel.com\/en\/wp-json\/wp\/v2\/product_tag?post=29925"}],"curies":[{"name":"wp","href":"https:\/\/api.w.org\/{rel}","templated":true}]}}