{"id":29919,"date":"2025-07-21T17:17:24","date_gmt":"2025-07-21T15:17:24","guid":{"rendered":"https:\/\/itctoursvoyages.com\/?post_type=product&#038;p=29919"},"modified":"2025-07-21T17:17:24","modified_gmt":"2025-07-21T15:17:24","slug":"%f0%9f%8c%b4-tyrolienne-de-phangan-vue-sur-la-cascade-de-wang-sai","status":"publish","type":"product","link":"https:\/\/lunayatravel.com\/en\/product\/%f0%9f%8c%b4-tyrolienne-de-phangan-vue-sur-la-cascade-de-wang-sai\/","title":{"rendered":"\ud83c\udf34 Phangan zip line &amp; view of Wang Sai waterfall"},"content":{"rendered":"<h3 data-start=\"643\" data-end=\"665\">\u2728 <strong data-start=\"649\" data-end=\"665\">Highlights<\/strong><\/h3>\n<ul data-start=\"666\" data-end=\"944\">\n<li data-start=\"666\" data-end=\"722\">\n<p data-start=\"668\" data-end=\"722\">Tyrolean traverse 120 to 150 metres above the canopy<\/p>\n<\/li>\n<li data-start=\"723\" data-end=\"763\">\n<p data-start=\"725\" data-end=\"763\">Breathtaking view of the Wang Sai waterfall<\/p>\n<\/li>\n<li data-start=\"764\" data-end=\"840\">\n<p data-start=\"766\" data-end=\"840\">Unique aerial activities: Sky Bike, Sky Table, Via Ferrata, Sky Bridge<\/p>\n<\/li>\n<li data-start=\"841\" data-end=\"891\">\n<p data-start=\"843\" data-end=\"891\">Exceptional natural setting and family atmosphere<\/p>\n<\/li>\n<li data-start=\"892\" data-end=\"944\">\n<p data-start=\"894\" data-end=\"944\">Professional supervision and safe equipment<\/p>\n<\/li>\n<\/ul>\n<hr data-start=\"946\" data-end=\"949\" \/>\n<h3 data-start=\"951\" data-end=\"980\">\ud83d\ude80 <strong data-start=\"958\" data-end=\"980\">Activities included<\/strong><\/h3>\n<ul data-start=\"981\" data-end=\"1285\">\n<li data-start=\"981\" data-end=\"1046\">\n<p data-start=\"983\" data-end=\"1046\"><strong data-start=\"983\" data-end=\"997\">Tyrolean traverse<\/strong> : slide from tree to tree in complete safety<\/p>\n<\/li>\n<li data-start=\"1047\" data-end=\"1105\">\n<p data-start=\"1049\" data-end=\"1105\"><strong data-start=\"1049\" data-end=\"1064\">Via Ferrata<\/strong> assisted climbing on rock faces<\/p>\n<\/li>\n<li data-start=\"1106\" data-end=\"1160\">\n<p data-start=\"1108\" data-end=\"1160\"><strong data-start=\"1108\" data-end=\"1120\">Sky Bike<\/strong> pedal through the air on a taut cable<\/p>\n<\/li>\n<li data-start=\"1161\" data-end=\"1216\">\n<p data-start=\"1163\" data-end=\"1216\"><strong data-start=\"1163\" data-end=\"1177\">Sky Bridge<\/strong> Suspension bridge over the jungle<\/p>\n<\/li>\n<li data-start=\"1217\" data-end=\"1285\">\n<p data-start=\"1219\" data-end=\"1285\"><strong data-start=\"1219\" data-end=\"1232\">Sky Table<\/strong> Gourmet break with fresh fruit and seasonal juices<\/p>\n<\/li>\n<\/ul>\n<hr data-start=\"1287\" data-end=\"1290\" \/>\n<h3 data-start=\"1292\" data-end=\"1311\">\ud83d\udcc5 <strong data-start=\"1299\" data-end=\"1311\">Timetable<\/strong><\/h3>\n<ul data-start=\"1312\" data-end=\"1425\">\n<li data-start=\"1312\" data-end=\"1346\">\n<p data-start=\"1314\" data-end=\"1346\">Daily activity at <strong data-start=\"1337\" data-end=\"1346\">10h00<\/strong><\/p>\n<\/li>\n<li data-start=\"1347\" data-end=\"1391\">\n<p data-start=\"1349\" data-end=\"1391\">Arrival recommended between <strong data-start=\"1375\" data-end=\"1391\">9.30 a.m. and 9.45 a.m.<\/strong><\/p>\n<\/li>\n<li data-start=\"1392\" data-end=\"1425\">\n<p data-start=\"1394\" data-end=\"1425\">Approximate duration: 2h to 2h30<\/p>\n<\/li>\n<\/ul>\n<hr data-start=\"1427\" data-end=\"1430\" \/>\n<h3 data-start=\"1432\" data-end=\"1448\">\u2705 <strong data-start=\"1438\" data-end=\"1448\">Included<\/strong><\/h3>\n<ul data-start=\"1449\" data-end=\"1555\">\n<li data-start=\"1449\" data-end=\"1494\">\n<p data-start=\"1451\" data-end=\"1494\">Access to activities depending on package chosen<\/p>\n<\/li>\n<li data-start=\"1495\" data-end=\"1527\">\n<p data-start=\"1497\" data-end=\"1527\">Full safety equipment<\/p>\n<\/li>\n<li data-start=\"1528\" data-end=\"1555\">\n<p data-start=\"1530\" data-end=\"1555\">Trained supervisory staff<\/p>\n<\/li>\n<\/ul>\n<hr data-start=\"1557\" data-end=\"1560\" \/>\n<h3 data-start=\"1562\" data-end=\"1583\">\ud83d\udeab <strong data-start=\"1569\" data-end=\"1583\">Not included<\/strong><\/h3>\n<ul data-start=\"1584\" data-end=\"1665\">\n<li data-start=\"1584\" data-end=\"1629\">\n<p data-start=\"1586\" data-end=\"1629\">Transport to the site (optional extra)<\/p>\n<\/li>\n<li data-start=\"1630\" data-end=\"1665\">\n<p data-start=\"1632\" data-end=\"1665\">Additional meals and drinks<\/p>\n<\/li>\n<\/ul>\n<hr data-start=\"1667\" data-end=\"1670\" \/>\n<h3 data-start=\"1672\" data-end=\"1705\">\u2139\ufe0f <strong data-start=\"1679\" data-end=\"1705\">Practical information<\/strong><\/h3>\n<ul data-start=\"1706\" data-end=\"1990\">\n<li data-start=\"1706\" data-end=\"1753\">\n<p data-start=\"1708\" data-end=\"1753\"><strong data-start=\"1708\" data-end=\"1727\">Weight limit<\/strong> 34 to 125 kg (75-275 lb)<\/p>\n<\/li>\n<li data-start=\"1754\" data-end=\"1832\">\n<p data-start=\"1756\" data-end=\"1832\">Attire: close-fitting clothes, closed shoes compulsory (no sandals)<\/p>\n<\/li>\n<li data-start=\"1833\" data-end=\"1945\">\n<p data-start=\"1835\" data-end=\"1945\">Not recommended for people with heart or back problems, post-operative patients or pregnant women.<\/p>\n<\/li>\n<li data-start=\"1946\" data-end=\"1990\">\n<p data-start=\"1948\" data-end=\"1990\">Do not wear jewellery during the activity<\/p>\n<\/li>\n<\/ul>","protected":false},"excerpt":{"rendered":"<h3 data-start=\"277\" data-end=\"302\">\ud83e\uddd7\u200d\u2642\ufe0f <strong data-start=\"287\" data-end=\"302\">Description<\/strong><\/h3>\n<p data-start=\"303\" data-end=\"636\">Experience a sensational treetop adventure with the <strong data-start=\"366\" data-end=\"404\">Phangan Zipline (Sky-High Zipline)<\/strong>.<br data-start=\"405\" data-end=\"408\" \/>Between zip lines, aerial bicycles, via ferrata, suspension bridges and floating tables, you'll cross the tropical forest with a spectacular view of the Wang Sai waterfall.<br data-start=\"576\" data-end=\"579\" \/>A fun, immersive and secure experience.<\/p>","protected":false},"featured_media":29920,"comment_status":"open","ping_status":"closed","template":"","meta":{"_uag_custom_page_level_css":""},"product_brand":[],"product_cat":[32],"product_tag":[],"class_list":{"0":"post-29919","1":"product","2":"type-product","3":"status-publish","4":"has-post-thumbnail","6":"product_cat-kho-phangan","8":"first","9":"instock","10":"virtual","11":"taxable","12":"purchasable","13":"product-type-simple"},"yoast_head":"<!-- This site is optimized with the Yoast SEO plugin v27.1.1 - https:\/\/yoast.com\/product\/yoast-seo-wordpress\/ -->\n<title>\ud83c\udf34 Tyrolienne de Phangan &amp; vue sur la cascade de Wang Sai -<\/title>\n<meta name=\"robots\" content=\"index, follow, max-snippet:-1, max-image-preview:large, max-video-preview:-1\" \/>\n<link rel=\"canonical\" href=\"https:\/\/lunayatravel.com\/en\/product\/\ud83c\udf34-tyrolienne-de-phangan-vue-sur-la-cascade-de-wang-sai\/\" \/>\n<meta property=\"og:locale\" content=\"en_GB\" \/>\n<meta property=\"og:type\" content=\"article\" \/>\n<meta property=\"og:title\" content=\"\ud83c\udf34 Tyrolienne de Phangan &amp; vue sur la cascade de Wang Sai -\" \/>\n<meta property=\"og:description\" content=\"\ud83e\uddd7\u200d\u2642\ufe0f Description Vivez une aventure sensationnelle \u00e0 la cime des arbres avec la Phangan Zipline (Sky-High Zipline).Entre tyrolienne, v\u00e9lo a\u00e9rien, via ferrata, pont suspendu et table flottante, vous traverserez la for\u00eat tropicale avec une vue spectaculaire sur la cascade de Wang Sai.Une exp\u00e9rience \u00e0 la fois ludique, immersive et s\u00e9curis\u00e9e.\" \/>\n<meta property=\"og:url\" content=\"https:\/\/lunayatravel.com\/en\/product\/\ud83c\udf34-tyrolienne-de-phangan-vue-sur-la-cascade-de-wang-sai\/\" \/>\n<meta property=\"article:publisher\" content=\"https:\/\/www.facebook.com\/lunayaTravel\/\" \/>\n<meta property=\"og:image\" content=\"https:\/\/lunayatravel.com\/wp-content\/uploads\/2025\/07\/1.webp\" \/>\n\t<meta property=\"og:image:width\" content=\"720\" \/>\n\t<meta property=\"og:image:height\" content=\"540\" \/>\n\t<meta property=\"og:image:type\" content=\"image\/webp\" \/>\n<meta name=\"twitter:card\" content=\"summary_large_image\" \/>\n<meta name=\"twitter:label1\" content=\"Estimated reading time\" \/>\n\t<meta name=\"twitter:data1\" content=\"1 minute\" \/>\n<script type=\"application\/ld+json\" class=\"yoast-schema-graph\">{\"@context\":\"https:\/\/schema.org\",\"@graph\":[{\"@type\":\"WebPage\",\"@id\":\"https:\/\/lunayatravel.com\/produit\/%f0%9f%8c%b4-tyrolienne-de-phangan-vue-sur-la-cascade-de-wang-sai\/\",\"url\":\"https:\/\/lunayatravel.com\/produit\/%f0%9f%8c%b4-tyrolienne-de-phangan-vue-sur-la-cascade-de-wang-sai\/\",\"name\":\"\ud83c\udf34 Tyrolienne de Phangan & vue sur la cascade de Wang Sai -\",\"isPartOf\":{\"@id\":\"https:\/\/lunayatravel.com\/#website\"},\"primaryImageOfPage\":{\"@id\":\"https:\/\/lunayatravel.com\/produit\/%f0%9f%8c%b4-tyrolienne-de-phangan-vue-sur-la-cascade-de-wang-sai\/#primaryimage\"},\"image\":{\"@id\":\"https:\/\/lunayatravel.com\/produit\/%f0%9f%8c%b4-tyrolienne-de-phangan-vue-sur-la-cascade-de-wang-sai\/#primaryimage\"},\"thumbnailUrl\":\"https:\/\/lunayatravel.com\/wp-content\/uploads\/2025\/07\/1.webp\",\"datePublished\":\"2025-07-21T15:17:24+00:00\",\"breadcrumb\":{\"@id\":\"https:\/\/lunayatravel.com\/produit\/%f0%9f%8c%b4-tyrolienne-de-phangan-vue-sur-la-cascade-de-wang-sai\/#breadcrumb\"},\"inLanguage\":\"en-GB\",\"potentialAction\":[{\"@type\":\"ReadAction\",\"target\":[\"https:\/\/lunayatravel.com\/produit\/%f0%9f%8c%b4-tyrolienne-de-phangan-vue-sur-la-cascade-de-wang-sai\/\"]}]},{\"@type\":\"ImageObject\",\"inLanguage\":\"en-GB\",\"@id\":\"https:\/\/lunayatravel.com\/produit\/%f0%9f%8c%b4-tyrolienne-de-phangan-vue-sur-la-cascade-de-wang-sai\/#primaryimage\",\"url\":\"https:\/\/lunayatravel.com\/wp-content\/uploads\/2025\/07\/1.webp\",\"contentUrl\":\"https:\/\/lunayatravel.com\/wp-content\/uploads\/2025\/07\/1.webp\",\"width\":720,\"height\":540},{\"@type\":\"BreadcrumbList\",\"@id\":\"https:\/\/lunayatravel.com\/produit\/%f0%9f%8c%b4-tyrolienne-de-phangan-vue-sur-la-cascade-de-wang-sai\/#breadcrumb\",\"itemListElement\":[{\"@type\":\"ListItem\",\"position\":1,\"name\":\"Accueil\",\"item\":\"https:\/\/lunayatravel.com\/\"},{\"@type\":\"ListItem\",\"position\":2,\"name\":\"Nos activit\u00e9s\",\"item\":\"https:\/\/lunayatravel.com\/nos-activites\/\"},{\"@type\":\"ListItem\",\"position\":3,\"name\":\"\ud83c\udf34 Tyrolienne de Phangan &#038; vue sur la cascade de Wang Sai\"}]},{\"@type\":\"WebSite\",\"@id\":\"https:\/\/lunayatravel.com\/#website\",\"url\":\"https:\/\/lunayatravel.com\/\",\"name\":\"\",\"description\":\"\",\"publisher\":{\"@id\":\"https:\/\/lunayatravel.com\/#organization\"},\"potentialAction\":[{\"@type\":\"SearchAction\",\"target\":{\"@type\":\"EntryPoint\",\"urlTemplate\":\"https:\/\/lunayatravel.com\/?s={search_term_string}\"},\"query-input\":{\"@type\":\"PropertyValueSpecification\",\"valueRequired\":true,\"valueName\":\"search_term_string\"}}],\"inLanguage\":\"en-GB\"},{\"@type\":\"Organization\",\"@id\":\"https:\/\/lunayatravel.com\/#organization\",\"name\":\"Lunaya travel\",\"alternateName\":\"Lunaya travel\",\"url\":\"https:\/\/lunayatravel.com\/\",\"logo\":{\"@type\":\"ImageObject\",\"inLanguage\":\"en-GB\",\"@id\":\"https:\/\/lunayatravel.com\/#\/schema\/logo\/image\/\",\"url\":\"https:\/\/lunayatravel.com\/wp-content\/uploads\/2026\/03\/cropped-647319118_2379115739204013_337015058165053143_n.jpg\",\"contentUrl\":\"https:\/\/lunayatravel.com\/wp-content\/uploads\/2026\/03\/cropped-647319118_2379115739204013_337015058165053143_n.jpg\",\"width\":1022,\"height\":1023,\"caption\":\"Lunaya travel\"},\"image\":{\"@id\":\"https:\/\/lunayatravel.com\/#\/schema\/logo\/image\/\"},\"sameAs\":[\"https:\/\/www.facebook.com\/lunayaTravel\/\"]}]}<\/script>\n<!-- \/ Yoast SEO plugin. -->","yoast_head_json":{"title":"\ud83c\udf34 Tyrolienne de Phangan & vue sur la cascade de Wang Sai -","robots":{"index":"index","follow":"follow","max-snippet":"max-snippet:-1","max-image-preview":"max-image-preview:large","max-video-preview":"max-video-preview:-1"},"canonical":"https:\/\/lunayatravel.com\/en\/product\/\ud83c\udf34-tyrolienne-de-phangan-vue-sur-la-cascade-de-wang-sai\/","og_locale":"en_GB","og_type":"article","og_title":"\ud83c\udf34 Tyrolienne de Phangan & vue sur la cascade de Wang Sai -","og_description":"\ud83e\uddd7\u200d\u2642\ufe0f Description Vivez une aventure sensationnelle \u00e0 la cime des arbres avec la Phangan Zipline (Sky-High Zipline).Entre tyrolienne, v\u00e9lo a\u00e9rien, via ferrata, pont suspendu et table flottante, vous traverserez la for\u00eat tropicale avec une vue spectaculaire sur la cascade de Wang Sai.Une exp\u00e9rience \u00e0 la fois ludique, immersive et s\u00e9curis\u00e9e.","og_url":"https:\/\/lunayatravel.com\/en\/product\/\ud83c\udf34-tyrolienne-de-phangan-vue-sur-la-cascade-de-wang-sai\/","article_publisher":"https:\/\/www.facebook.com\/lunayaTravel\/","og_image":[{"width":720,"height":540,"url":"https:\/\/lunayatravel.com\/wp-content\/uploads\/2025\/07\/1.webp","type":"image\/webp"}],"twitter_card":"summary_large_image","twitter_misc":{"Estimated reading time":"1 minute"},"schema":{"@context":"https:\/\/schema.org","@graph":[{"@type":"WebPage","@id":"https:\/\/lunayatravel.com\/produit\/%f0%9f%8c%b4-tyrolienne-de-phangan-vue-sur-la-cascade-de-wang-sai\/","url":"https:\/\/lunayatravel.com\/produit\/%f0%9f%8c%b4-tyrolienne-de-phangan-vue-sur-la-cascade-de-wang-sai\/","name":"\ud83c\udf34 Tyrolienne de Phangan & vue sur la cascade de Wang Sai -","isPartOf":{"@id":"https:\/\/lunayatravel.com\/#website"},"primaryImageOfPage":{"@id":"https:\/\/lunayatravel.com\/produit\/%f0%9f%8c%b4-tyrolienne-de-phangan-vue-sur-la-cascade-de-wang-sai\/#primaryimage"},"image":{"@id":"https:\/\/lunayatravel.com\/produit\/%f0%9f%8c%b4-tyrolienne-de-phangan-vue-sur-la-cascade-de-wang-sai\/#primaryimage"},"thumbnailUrl":"https:\/\/lunayatravel.com\/wp-content\/uploads\/2025\/07\/1.webp","datePublished":"2025-07-21T15:17:24+00:00","breadcrumb":{"@id":"https:\/\/lunayatravel.com\/produit\/%f0%9f%8c%b4-tyrolienne-de-phangan-vue-sur-la-cascade-de-wang-sai\/#breadcrumb"},"inLanguage":"en-GB","potentialAction":[{"@type":"ReadAction","target":["https:\/\/lunayatravel.com\/produit\/%f0%9f%8c%b4-tyrolienne-de-phangan-vue-sur-la-cascade-de-wang-sai\/"]}]},{"@type":"ImageObject","inLanguage":"en-GB","@id":"https:\/\/lunayatravel.com\/produit\/%f0%9f%8c%b4-tyrolienne-de-phangan-vue-sur-la-cascade-de-wang-sai\/#primaryimage","url":"https:\/\/lunayatravel.com\/wp-content\/uploads\/2025\/07\/1.webp","contentUrl":"https:\/\/lunayatravel.com\/wp-content\/uploads\/2025\/07\/1.webp","width":720,"height":540},{"@type":"BreadcrumbList","@id":"https:\/\/lunayatravel.com\/produit\/%f0%9f%8c%b4-tyrolienne-de-phangan-vue-sur-la-cascade-de-wang-sai\/#breadcrumb","itemListElement":[{"@type":"ListItem","position":1,"name":"Accueil","item":"https:\/\/lunayatravel.com\/"},{"@type":"ListItem","position":2,"name":"Nos activit\u00e9s","item":"https:\/\/lunayatravel.com\/nos-activites\/"},{"@type":"ListItem","position":3,"name":"\ud83c\udf34 Tyrolienne de Phangan &#038; vue sur la cascade de Wang Sai"}]},{"@type":"WebSite","@id":"https:\/\/lunayatravel.com\/#website","url":"https:\/\/lunayatravel.com\/","name":"","description":"","publisher":{"@id":"https:\/\/lunayatravel.com\/#organization"},"potentialAction":[{"@type":"SearchAction","target":{"@type":"EntryPoint","urlTemplate":"https:\/\/lunayatravel.com\/?s={search_term_string}"},"query-input":{"@type":"PropertyValueSpecification","valueRequired":true,"valueName":"search_term_string"}}],"inLanguage":"en-GB"},{"@type":"Organization","@id":"https:\/\/lunayatravel.com\/#organization","name":"Lunaya travel","alternateName":"Lunaya travel","url":"https:\/\/lunayatravel.com\/","logo":{"@type":"ImageObject","inLanguage":"en-GB","@id":"https:\/\/lunayatravel.com\/#\/schema\/logo\/image\/","url":"https:\/\/lunayatravel.com\/wp-content\/uploads\/2026\/03\/cropped-647319118_2379115739204013_337015058165053143_n.jpg","contentUrl":"https:\/\/lunayatravel.com\/wp-content\/uploads\/2026\/03\/cropped-647319118_2379115739204013_337015058165053143_n.jpg","width":1022,"height":1023,"caption":"Lunaya travel"},"image":{"@id":"https:\/\/lunayatravel.com\/#\/schema\/logo\/image\/"},"sameAs":["https:\/\/www.facebook.com\/lunayaTravel\/"]}]}},"uagb_featured_image_src":{"full":["https:\/\/lunayatravel.com\/wp-content\/uploads\/2025\/07\/1.webp",720,540,false],"thumbnail":["https:\/\/lunayatravel.com\/wp-content\/uploads\/2025\/07\/1-150x150.webp",150,150,true],"medium":["https:\/\/lunayatravel.com\/wp-content\/uploads\/2025\/07\/1-300x225.webp",300,225,true],"medium_large":["https:\/\/lunayatravel.com\/wp-content\/uploads\/2025\/07\/1.webp",720,540,false],"large":["https:\/\/lunayatravel.com\/wp-content\/uploads\/2025\/07\/1.webp",720,540,false],"1536x1536":["https:\/\/lunayatravel.com\/wp-content\/uploads\/2025\/07\/1.webp",720,540,false],"2048x2048":["https:\/\/lunayatravel.com\/wp-content\/uploads\/2025\/07\/1.webp",720,540,false],"trp-custom-language-flag":["https:\/\/lunayatravel.com\/wp-content\/uploads\/2025\/07\/1.webp",16,12,false],"widget-thumbnail":["https:\/\/lunayatravel.com\/wp-content\/uploads\/2025\/07\/1-75x75.webp",75,75,true],"mailpoet_newsletter_max":["https:\/\/lunayatravel.com\/wp-content\/uploads\/2025\/07\/1.webp",720,540,false],"woocommerce_thumbnail":["https:\/\/lunayatravel.com\/wp-content\/uploads\/2025\/07\/1-300x300.webp",300,300,true],"woocommerce_single":["https:\/\/lunayatravel.com\/wp-content\/uploads\/2025\/07\/1-600x450.webp",600,450,true],"woocommerce_gallery_thumbnail":["https:\/\/lunayatravel.com\/wp-content\/uploads\/2025\/07\/1-100x100.webp",100,100,true],"sow-carousel-default":["https:\/\/lunayatravel.com\/wp-content\/uploads\/2025\/07\/1-272x182.webp",272,182,true]},"uagb_author_info":{"display_name":"haemers stephanie","author_link":"https:\/\/lunayatravel.com\/en\/author\/"},"uagb_comment_info":0,"uagb_excerpt":"\ud83e\uddd7\u200d\u2642\ufe0f Description Vivez une aventure sensationnelle \u00e0 la cime des arbres avec la Phangan Zipline (Sky-High Zipline).Entre tyrolienne, v\u00e9lo a\u00e9rien, via ferrata, pont suspendu et table flottante, vous traverserez la for\u00eat tropicale avec une vue spectaculaire sur la cascade de Wang Sai.Une exp\u00e9rience \u00e0 la fois ludique, immersive et s\u00e9curis\u00e9e.","jetpack_sharing_enabled":true,"_links":{"self":[{"href":"https:\/\/lunayatravel.com\/en\/wp-json\/wp\/v2\/product\/29919","targetHints":{"allow":["GET"]}}],"collection":[{"href":"https:\/\/lunayatravel.com\/en\/wp-json\/wp\/v2\/product"}],"about":[{"href":"https:\/\/lunayatravel.com\/en\/wp-json\/wp\/v2\/types\/product"}],"replies":[{"embeddable":true,"href":"https:\/\/lunayatravel.com\/en\/wp-json\/wp\/v2\/comments?post=29919"}],"wp:featuredmedia":[{"embeddable":true,"href":"https:\/\/lunayatravel.com\/en\/wp-json\/wp\/v2\/media\/29920"}],"wp:attachment":[{"href":"https:\/\/lunayatravel.com\/en\/wp-json\/wp\/v2\/media?parent=29919"}],"wp:term":[{"taxonomy":"product_brand","embeddable":true,"href":"https:\/\/lunayatravel.com\/en\/wp-json\/wp\/v2\/product_brand?post=29919"},{"taxonomy":"product_cat","embeddable":true,"href":"https:\/\/lunayatravel.com\/en\/wp-json\/wp\/v2\/product_cat?post=29919"},{"taxonomy":"product_tag","embeddable":true,"href":"https:\/\/lunayatravel.com\/en\/wp-json\/wp\/v2\/product_tag?post=29919"}],"curies":[{"name":"wp","href":"https:\/\/api.w.org\/{rel}","templated":true}]}}