{"id":29915,"date":"2025-07-21T15:55:36","date_gmt":"2025-07-21T13:55:36","guid":{"rendered":"https:\/\/itctoursvoyages.com\/?post_type=product&#038;p=29915"},"modified":"2025-07-21T15:55:36","modified_gmt":"2025-07-21T13:55:36","slug":"%f0%9f%9b%b6-bor-thor-kayaking-excursion-dune-journee-dans-les-grottes-prehistoriques","status":"publish","type":"product","link":"https:\/\/lunayatravel.com\/en\/product\/%f0%9f%9b%b6-bor-thor-kayaking-excursion-dune-journee-dans-les-grottes-prehistoriques\/","title":{"rendered":"\ud83d\udef6 Bor Thor Kayaking - Day trip to the prehistoric caves"},"content":{"rendered":"<h3 data-start=\"696\" data-end=\"718\">\u2728 <strong data-start=\"702\" data-end=\"718\">Highlights<\/strong><\/h3>\n<ul data-start=\"719\" data-end=\"1055\">\n<li data-start=\"719\" data-end=\"783\">\n<p data-start=\"721\" data-end=\"783\">Kayak in unspoilt nature: mangroves, caves, rivers<\/p>\n<\/li>\n<li data-start=\"784\" data-end=\"849\">\n<p data-start=\"786\" data-end=\"849\">Prehistoric cave paintings in the Phi Hua To cave<\/p>\n<\/li>\n<li data-start=\"850\" data-end=\"922\">\n<p data-start=\"852\" data-end=\"922\">Discover Tham Lod, a spectacular cave with limestone formations<\/p>\n<\/li>\n<li data-start=\"923\" data-end=\"982\">\n<p data-start=\"925\" data-end=\"982\">Local lunch included &amp; freshwater bathing at Phu Thara<\/p>\n<\/li>\n<li data-start=\"983\" data-end=\"1055\">\n<p data-start=\"985\" data-end=\"1055\">Return transport included from Ao Nang, Krabi town, Klong Muang<\/p>\n<\/li>\n<\/ul>\n<hr data-start=\"1057\" data-end=\"1060\" \/>\n<h3 data-start=\"1062\" data-end=\"1096\">\ud83d\udd52 <strong data-start=\"1069\" data-end=\"1096\">Programme for the day<\/strong><\/h3>\n<div class=\"_tableContainer_80l1q_1\">\n<div class=\"_tableWrapper_80l1q_14 group flex w-fit flex-col-reverse\" tabindex=\"-1\">\n<table class=\"w-fit min-w-(--thread-content-width)\" data-start=\"1098\" data-end=\"1317\">\n<thead data-start=\"1098\" data-end=\"1118\">\n<tr data-start=\"1098\" data-end=\"1118\">\n<th data-start=\"1098\" data-end=\"1106\" data-col-size=\"sm\">Time<\/th>\n<th data-start=\"1106\" data-end=\"1118\" data-col-size=\"md\">Activity<\/th>\n<\/tr>\n<\/thead>\n<tbody data-start=\"1140\" data-end=\"1317\">\n<tr data-start=\"1140\" data-end=\"1219\">\n<td data-start=\"1140\" data-end=\"1156\" data-col-size=\"sm\">08:30 - 09:00<\/td>\n<td data-col-size=\"md\" data-start=\"1156\" data-end=\"1219\">Pick-up from your hotel (Ao Nang, Krabi, Klong Muang)<\/td>\n<\/tr>\n<tr data-start=\"1220\" data-end=\"1273\">\n<td data-start=\"1220\" data-end=\"1228\" data-col-size=\"sm\">09:00<\/td>\n<td data-col-size=\"md\" data-start=\"1228\" data-end=\"1273\">Departure by van to Bor Thor (approx. 50 min)<\/td>\n<\/tr>\n<tr data-start=\"1274\" data-end=\"1317\">\n<td data-start=\"1274\" data-end=\"1282\" data-col-size=\"sm\">10:00<\/td>\n<td data-col-size=\"md\" data-start=\"1282\" data-end=\"1317\">Start of the kayak excursion :<\/td>\n<\/tr>\n<\/tbody>\n<\/table>\n<div class=\"sticky end-(--thread-content-margin) h-0 self-end select-none\">\n<div class=\"absolute end-0 flex items-end\"><\/div>\n<\/div>\n<\/div>\n<\/div>\n<ul data-start=\"1318\" data-end=\"1558\">\n<li data-start=\"1318\" data-end=\"1346\">\n<p data-start=\"1320\" data-end=\"1346\">Crossing the mangrove<\/p>\n<\/li>\n<li data-start=\"1347\" data-end=\"1369\">\n<p data-start=\"1349\" data-end=\"1369\">Tham Lod cave<\/p>\n<\/li>\n<li data-start=\"1370\" data-end=\"1558\">\n<p data-start=\"1372\" data-end=\"1558\">Phi Hua To cave (ancient paintings) |<br \/>\n| 13:00 | Local lunch<br \/>\n| 13:40 | Relaxation at Phu Thara (freshwater stream) |<br \/>\n| 14:30 | Return by van<br \/>\n| 15:40 Arrival at your hotel<\/p>\n<\/li>\n<\/ul>\n<hr data-start=\"1560\" data-end=\"1563\" \/>\n<h3 data-start=\"1565\" data-end=\"1592\">\u2705 <strong data-start=\"1571\" data-end=\"1592\">What's included<\/strong><\/h3>\n<ul data-start=\"1593\" data-end=\"1725\">\n<li data-start=\"1593\" data-end=\"1653\">\n<p data-start=\"1595\" data-end=\"1653\">Return transfer (Ao Nang, Krabi town, Klong Muang)<\/p>\n<\/li>\n<li data-start=\"1654\" data-end=\"1678\">\n<p data-start=\"1656\" data-end=\"1678\">Local English-speaking guide<\/p>\n<\/li>\n<li data-start=\"1679\" data-end=\"1700\">\n<p data-start=\"1681\" data-end=\"1700\">Kayak equipment<\/p>\n<\/li>\n<li data-start=\"1701\" data-end=\"1711\">\n<p data-start=\"1703\" data-end=\"1711\">Lunch<\/p>\n<\/li>\n<li data-start=\"1712\" data-end=\"1725\">\n<p data-start=\"1714\" data-end=\"1725\">Drinking water<\/p>\n<\/li>\n<\/ul>\n<hr data-start=\"1727\" data-end=\"1730\" \/>\n<h3 data-start=\"1732\" data-end=\"1752\">\u26a0\ufe0f <strong data-start=\"1739\" data-end=\"1752\">What to expect<\/strong><\/h3>\n<ul data-start=\"1753\" data-end=\"1982\">\n<li data-start=\"1753\" data-end=\"1832\">\n<p data-start=\"1755\" data-end=\"1832\"><strong data-start=\"1755\" data-end=\"1811\">National park entrance fee: THB 400 \/ person<\/strong> (to be paid on site)<\/p>\n<\/li>\n<li data-start=\"1833\" data-end=\"1870\">\n<p data-start=\"1835\" data-end=\"1870\">Sun cream, insect repellent<\/p>\n<\/li>\n<li data-start=\"1871\" data-end=\"1922\">\n<p data-start=\"1873\" data-end=\"1922\">Swimming costume, towel, change of clothes<\/p>\n<\/li>\n<li data-start=\"1923\" data-end=\"1953\">\n<p data-start=\"1925\" data-end=\"1953\">Water shoes or sandals<\/p>\n<\/li>\n<li data-start=\"1954\" data-end=\"1982\">\n<p data-start=\"1956\" data-end=\"1982\">Waterproof camera (optional)<\/p>\n<\/li>\n<\/ul>","protected":false},"excerpt":{"rendered":"<h3 data-start=\"330\" data-end=\"353\">\ud83c\udfde\ufe0f <strong data-start=\"338\" data-end=\"353\">Description<\/strong><\/h3>\n<p data-start=\"354\" data-end=\"689\">Explore the ancient caves and mangroves of Bor Thor National Park on an unforgettable day's kayaking. This region, rich in archaeological treasures, is home to cave paintings over 3,000 years old, accessible only by water. A peaceful, cultural trip in the heart of Krabi's wilderness.<\/p>","protected":false},"featured_media":29916,"comment_status":"open","ping_status":"closed","template":"","meta":{"_uag_custom_page_level_css":""},"product_brand":[],"product_cat":[30],"product_tag":[],"class_list":{"0":"post-29915","1":"product","2":"type-product","3":"status-publish","4":"has-post-thumbnail","6":"product_cat-krabi","8":"first","9":"instock","10":"virtual","11":"taxable","12":"purchasable","13":"product-type-simple"},"yoast_head":"<!-- This site is optimized with the Yoast SEO plugin v27.1.1 - https:\/\/yoast.com\/product\/yoast-seo-wordpress\/ -->\n<title>\ud83d\udef6 Bor Thor Kayaking \u2013 Excursion d\u2019une journ\u00e9e dans les grottes pr\u00e9historiques -<\/title>\n<meta name=\"robots\" content=\"index, follow, max-snippet:-1, max-image-preview:large, max-video-preview:-1\" \/>\n<link rel=\"canonical\" href=\"https:\/\/lunayatravel.com\/en\/product\/\ud83d\udef6-bor-thor-kayaking-excursion-dune-journee-dans-les-grottes-prehistoriques\/\" \/>\n<meta property=\"og:locale\" content=\"en_GB\" \/>\n<meta property=\"og:type\" content=\"article\" \/>\n<meta property=\"og:title\" content=\"\ud83d\udef6 Bor Thor Kayaking \u2013 Excursion d\u2019une journ\u00e9e dans les grottes pr\u00e9historiques -\" \/>\n<meta property=\"og:description\" content=\"\ud83c\udfde\ufe0f Description Explorez les grottes anciennes et les mangroves du parc national de Bor Thor lors d&#039;une journ\u00e9e inoubliable en kayak. Cette r\u00e9gion, riche en tr\u00e9sors arch\u00e9ologiques, abrite des peintures rupestres vieilles de plus de 3\u202f000 ans, accessibles uniquement par voie d\u2019eau. Un voyage paisible et culturel au c\u0153ur de la nature sauvage de Krabi.\" \/>\n<meta property=\"og:url\" content=\"https:\/\/lunayatravel.com\/en\/product\/\ud83d\udef6-bor-thor-kayaking-excursion-dune-journee-dans-les-grottes-prehistoriques\/\" \/>\n<meta property=\"article:publisher\" content=\"https:\/\/www.facebook.com\/lunayaTravel\/\" \/>\n<meta property=\"og:image\" content=\"https:\/\/lunayatravel.com\/wp-content\/uploads\/2025\/07\/Stalagtite.webp\" \/>\n\t<meta property=\"og:image:width\" content=\"720\" \/>\n\t<meta property=\"og:image:height\" content=\"480\" \/>\n\t<meta property=\"og:image:type\" content=\"image\/webp\" \/>\n<meta name=\"twitter:card\" content=\"summary_large_image\" \/>\n<meta name=\"twitter:label1\" content=\"Estimated reading time\" \/>\n\t<meta name=\"twitter:data1\" content=\"1 minute\" \/>\n<script type=\"application\/ld+json\" class=\"yoast-schema-graph\">{\"@context\":\"https:\/\/schema.org\",\"@graph\":[{\"@type\":\"WebPage\",\"@id\":\"https:\/\/lunayatravel.com\/produit\/%f0%9f%9b%b6-bor-thor-kayaking-excursion-dune-journee-dans-les-grottes-prehistoriques\/\",\"url\":\"https:\/\/lunayatravel.com\/produit\/%f0%9f%9b%b6-bor-thor-kayaking-excursion-dune-journee-dans-les-grottes-prehistoriques\/\",\"name\":\"\ud83d\udef6 Bor Thor Kayaking \u2013 Excursion d\u2019une journ\u00e9e dans les grottes pr\u00e9historiques -\",\"isPartOf\":{\"@id\":\"https:\/\/lunayatravel.com\/#website\"},\"primaryImageOfPage\":{\"@id\":\"https:\/\/lunayatravel.com\/produit\/%f0%9f%9b%b6-bor-thor-kayaking-excursion-dune-journee-dans-les-grottes-prehistoriques\/#primaryimage\"},\"image\":{\"@id\":\"https:\/\/lunayatravel.com\/produit\/%f0%9f%9b%b6-bor-thor-kayaking-excursion-dune-journee-dans-les-grottes-prehistoriques\/#primaryimage\"},\"thumbnailUrl\":\"https:\/\/lunayatravel.com\/wp-content\/uploads\/2025\/07\/Stalagtite.webp\",\"datePublished\":\"2025-07-21T13:55:36+00:00\",\"breadcrumb\":{\"@id\":\"https:\/\/lunayatravel.com\/produit\/%f0%9f%9b%b6-bor-thor-kayaking-excursion-dune-journee-dans-les-grottes-prehistoriques\/#breadcrumb\"},\"inLanguage\":\"en-GB\",\"potentialAction\":[{\"@type\":\"ReadAction\",\"target\":[\"https:\/\/lunayatravel.com\/produit\/%f0%9f%9b%b6-bor-thor-kayaking-excursion-dune-journee-dans-les-grottes-prehistoriques\/\"]}]},{\"@type\":\"ImageObject\",\"inLanguage\":\"en-GB\",\"@id\":\"https:\/\/lunayatravel.com\/produit\/%f0%9f%9b%b6-bor-thor-kayaking-excursion-dune-journee-dans-les-grottes-prehistoriques\/#primaryimage\",\"url\":\"https:\/\/lunayatravel.com\/wp-content\/uploads\/2025\/07\/Stalagtite.webp\",\"contentUrl\":\"https:\/\/lunayatravel.com\/wp-content\/uploads\/2025\/07\/Stalagtite.webp\",\"width\":720,\"height\":480},{\"@type\":\"BreadcrumbList\",\"@id\":\"https:\/\/lunayatravel.com\/produit\/%f0%9f%9b%b6-bor-thor-kayaking-excursion-dune-journee-dans-les-grottes-prehistoriques\/#breadcrumb\",\"itemListElement\":[{\"@type\":\"ListItem\",\"position\":1,\"name\":\"Accueil\",\"item\":\"https:\/\/lunayatravel.com\/\"},{\"@type\":\"ListItem\",\"position\":2,\"name\":\"Nos activit\u00e9s\",\"item\":\"https:\/\/lunayatravel.com\/nos-activites\/\"},{\"@type\":\"ListItem\",\"position\":3,\"name\":\"\ud83d\udef6 Bor Thor Kayaking \u2013 Excursion d\u2019une journ\u00e9e dans les grottes pr\u00e9historiques\"}]},{\"@type\":\"WebSite\",\"@id\":\"https:\/\/lunayatravel.com\/#website\",\"url\":\"https:\/\/lunayatravel.com\/\",\"name\":\"\",\"description\":\"\",\"publisher\":{\"@id\":\"https:\/\/lunayatravel.com\/#organization\"},\"potentialAction\":[{\"@type\":\"SearchAction\",\"target\":{\"@type\":\"EntryPoint\",\"urlTemplate\":\"https:\/\/lunayatravel.com\/?s={search_term_string}\"},\"query-input\":{\"@type\":\"PropertyValueSpecification\",\"valueRequired\":true,\"valueName\":\"search_term_string\"}}],\"inLanguage\":\"en-GB\"},{\"@type\":\"Organization\",\"@id\":\"https:\/\/lunayatravel.com\/#organization\",\"name\":\"Lunaya travel\",\"alternateName\":\"Lunaya travel\",\"url\":\"https:\/\/lunayatravel.com\/\",\"logo\":{\"@type\":\"ImageObject\",\"inLanguage\":\"en-GB\",\"@id\":\"https:\/\/lunayatravel.com\/#\/schema\/logo\/image\/\",\"url\":\"https:\/\/lunayatravel.com\/wp-content\/uploads\/2026\/03\/cropped-647319118_2379115739204013_337015058165053143_n.jpg\",\"contentUrl\":\"https:\/\/lunayatravel.com\/wp-content\/uploads\/2026\/03\/cropped-647319118_2379115739204013_337015058165053143_n.jpg\",\"width\":1022,\"height\":1023,\"caption\":\"Lunaya travel\"},\"image\":{\"@id\":\"https:\/\/lunayatravel.com\/#\/schema\/logo\/image\/\"},\"sameAs\":[\"https:\/\/www.facebook.com\/lunayaTravel\/\"]}]}<\/script>\n<!-- \/ Yoast SEO plugin. -->","yoast_head_json":{"title":"\ud83d\udef6 Bor Thor Kayaking \u2013 Excursion d\u2019une journ\u00e9e dans les grottes pr\u00e9historiques -","robots":{"index":"index","follow":"follow","max-snippet":"max-snippet:-1","max-image-preview":"max-image-preview:large","max-video-preview":"max-video-preview:-1"},"canonical":"https:\/\/lunayatravel.com\/en\/product\/\ud83d\udef6-bor-thor-kayaking-excursion-dune-journee-dans-les-grottes-prehistoriques\/","og_locale":"en_GB","og_type":"article","og_title":"\ud83d\udef6 Bor Thor Kayaking \u2013 Excursion d\u2019une journ\u00e9e dans les grottes pr\u00e9historiques -","og_description":"\ud83c\udfde\ufe0f Description Explorez les grottes anciennes et les mangroves du parc national de Bor Thor lors d'une journ\u00e9e inoubliable en kayak. Cette r\u00e9gion, riche en tr\u00e9sors arch\u00e9ologiques, abrite des peintures rupestres vieilles de plus de 3\u202f000 ans, accessibles uniquement par voie d\u2019eau. Un voyage paisible et culturel au c\u0153ur de la nature sauvage de Krabi.","og_url":"https:\/\/lunayatravel.com\/en\/product\/\ud83d\udef6-bor-thor-kayaking-excursion-dune-journee-dans-les-grottes-prehistoriques\/","article_publisher":"https:\/\/www.facebook.com\/lunayaTravel\/","og_image":[{"width":720,"height":480,"url":"https:\/\/lunayatravel.com\/wp-content\/uploads\/2025\/07\/Stalagtite.webp","type":"image\/webp"}],"twitter_card":"summary_large_image","twitter_misc":{"Estimated reading time":"1 minute"},"schema":{"@context":"https:\/\/schema.org","@graph":[{"@type":"WebPage","@id":"https:\/\/lunayatravel.com\/produit\/%f0%9f%9b%b6-bor-thor-kayaking-excursion-dune-journee-dans-les-grottes-prehistoriques\/","url":"https:\/\/lunayatravel.com\/produit\/%f0%9f%9b%b6-bor-thor-kayaking-excursion-dune-journee-dans-les-grottes-prehistoriques\/","name":"\ud83d\udef6 Bor Thor Kayaking \u2013 Excursion d\u2019une journ\u00e9e dans les grottes pr\u00e9historiques -","isPartOf":{"@id":"https:\/\/lunayatravel.com\/#website"},"primaryImageOfPage":{"@id":"https:\/\/lunayatravel.com\/produit\/%f0%9f%9b%b6-bor-thor-kayaking-excursion-dune-journee-dans-les-grottes-prehistoriques\/#primaryimage"},"image":{"@id":"https:\/\/lunayatravel.com\/produit\/%f0%9f%9b%b6-bor-thor-kayaking-excursion-dune-journee-dans-les-grottes-prehistoriques\/#primaryimage"},"thumbnailUrl":"https:\/\/lunayatravel.com\/wp-content\/uploads\/2025\/07\/Stalagtite.webp","datePublished":"2025-07-21T13:55:36+00:00","breadcrumb":{"@id":"https:\/\/lunayatravel.com\/produit\/%f0%9f%9b%b6-bor-thor-kayaking-excursion-dune-journee-dans-les-grottes-prehistoriques\/#breadcrumb"},"inLanguage":"en-GB","potentialAction":[{"@type":"ReadAction","target":["https:\/\/lunayatravel.com\/produit\/%f0%9f%9b%b6-bor-thor-kayaking-excursion-dune-journee-dans-les-grottes-prehistoriques\/"]}]},{"@type":"ImageObject","inLanguage":"en-GB","@id":"https:\/\/lunayatravel.com\/produit\/%f0%9f%9b%b6-bor-thor-kayaking-excursion-dune-journee-dans-les-grottes-prehistoriques\/#primaryimage","url":"https:\/\/lunayatravel.com\/wp-content\/uploads\/2025\/07\/Stalagtite.webp","contentUrl":"https:\/\/lunayatravel.com\/wp-content\/uploads\/2025\/07\/Stalagtite.webp","width":720,"height":480},{"@type":"BreadcrumbList","@id":"https:\/\/lunayatravel.com\/produit\/%f0%9f%9b%b6-bor-thor-kayaking-excursion-dune-journee-dans-les-grottes-prehistoriques\/#breadcrumb","itemListElement":[{"@type":"ListItem","position":1,"name":"Accueil","item":"https:\/\/lunayatravel.com\/"},{"@type":"ListItem","position":2,"name":"Nos activit\u00e9s","item":"https:\/\/lunayatravel.com\/nos-activites\/"},{"@type":"ListItem","position":3,"name":"\ud83d\udef6 Bor Thor Kayaking \u2013 Excursion d\u2019une journ\u00e9e dans les grottes pr\u00e9historiques"}]},{"@type":"WebSite","@id":"https:\/\/lunayatravel.com\/#website","url":"https:\/\/lunayatravel.com\/","name":"","description":"","publisher":{"@id":"https:\/\/lunayatravel.com\/#organization"},"potentialAction":[{"@type":"SearchAction","target":{"@type":"EntryPoint","urlTemplate":"https:\/\/lunayatravel.com\/?s={search_term_string}"},"query-input":{"@type":"PropertyValueSpecification","valueRequired":true,"valueName":"search_term_string"}}],"inLanguage":"en-GB"},{"@type":"Organization","@id":"https:\/\/lunayatravel.com\/#organization","name":"Lunaya travel","alternateName":"Lunaya travel","url":"https:\/\/lunayatravel.com\/","logo":{"@type":"ImageObject","inLanguage":"en-GB","@id":"https:\/\/lunayatravel.com\/#\/schema\/logo\/image\/","url":"https:\/\/lunayatravel.com\/wp-content\/uploads\/2026\/03\/cropped-647319118_2379115739204013_337015058165053143_n.jpg","contentUrl":"https:\/\/lunayatravel.com\/wp-content\/uploads\/2026\/03\/cropped-647319118_2379115739204013_337015058165053143_n.jpg","width":1022,"height":1023,"caption":"Lunaya travel"},"image":{"@id":"https:\/\/lunayatravel.com\/#\/schema\/logo\/image\/"},"sameAs":["https:\/\/www.facebook.com\/lunayaTravel\/"]}]}},"uagb_featured_image_src":{"full":["https:\/\/lunayatravel.com\/wp-content\/uploads\/2025\/07\/Stalagtite.webp",720,480,false],"thumbnail":["https:\/\/lunayatravel.com\/wp-content\/uploads\/2025\/07\/Stalagtite-150x150.webp",150,150,true],"medium":["https:\/\/lunayatravel.com\/wp-content\/uploads\/2025\/07\/Stalagtite-300x200.webp",300,200,true],"medium_large":["https:\/\/lunayatravel.com\/wp-content\/uploads\/2025\/07\/Stalagtite.webp",720,480,false],"large":["https:\/\/lunayatravel.com\/wp-content\/uploads\/2025\/07\/Stalagtite.webp",720,480,false],"1536x1536":["https:\/\/lunayatravel.com\/wp-content\/uploads\/2025\/07\/Stalagtite.webp",720,480,false],"2048x2048":["https:\/\/lunayatravel.com\/wp-content\/uploads\/2025\/07\/Stalagtite.webp",720,480,false],"trp-custom-language-flag":["https:\/\/lunayatravel.com\/wp-content\/uploads\/2025\/07\/Stalagtite.webp",18,12,false],"widget-thumbnail":["https:\/\/lunayatravel.com\/wp-content\/uploads\/2025\/07\/Stalagtite-75x75.webp",75,75,true],"mailpoet_newsletter_max":["https:\/\/lunayatravel.com\/wp-content\/uploads\/2025\/07\/Stalagtite.webp",720,480,false],"woocommerce_thumbnail":["https:\/\/lunayatravel.com\/wp-content\/uploads\/2025\/07\/Stalagtite-300x300.webp",300,300,true],"woocommerce_single":["https:\/\/lunayatravel.com\/wp-content\/uploads\/2025\/07\/Stalagtite-600x400.webp",600,400,true],"woocommerce_gallery_thumbnail":["https:\/\/lunayatravel.com\/wp-content\/uploads\/2025\/07\/Stalagtite-100x100.webp",100,100,true],"sow-carousel-default":["https:\/\/lunayatravel.com\/wp-content\/uploads\/2025\/07\/Stalagtite-272x182.webp",272,182,true]},"uagb_author_info":{"display_name":"haemers stephanie","author_link":"https:\/\/lunayatravel.com\/en\/author\/"},"uagb_comment_info":0,"uagb_excerpt":"\ud83c\udfde\ufe0f Description Explorez les grottes anciennes et les mangroves du parc national de Bor Thor lors d'une journ\u00e9e inoubliable en kayak. Cette r\u00e9gion, riche en tr\u00e9sors arch\u00e9ologiques, abrite des peintures rupestres vieilles de plus de 3\u202f000 ans, accessibles uniquement par voie d\u2019eau. Un voyage paisible et culturel au c\u0153ur de la nature sauvage de Krabi.","jetpack_sharing_enabled":true,"_links":{"self":[{"href":"https:\/\/lunayatravel.com\/en\/wp-json\/wp\/v2\/product\/29915","targetHints":{"allow":["GET"]}}],"collection":[{"href":"https:\/\/lunayatravel.com\/en\/wp-json\/wp\/v2\/product"}],"about":[{"href":"https:\/\/lunayatravel.com\/en\/wp-json\/wp\/v2\/types\/product"}],"replies":[{"embeddable":true,"href":"https:\/\/lunayatravel.com\/en\/wp-json\/wp\/v2\/comments?post=29915"}],"wp:featuredmedia":[{"embeddable":true,"href":"https:\/\/lunayatravel.com\/en\/wp-json\/wp\/v2\/media\/29916"}],"wp:attachment":[{"href":"https:\/\/lunayatravel.com\/en\/wp-json\/wp\/v2\/media?parent=29915"}],"wp:term":[{"taxonomy":"product_brand","embeddable":true,"href":"https:\/\/lunayatravel.com\/en\/wp-json\/wp\/v2\/product_brand?post=29915"},{"taxonomy":"product_cat","embeddable":true,"href":"https:\/\/lunayatravel.com\/en\/wp-json\/wp\/v2\/product_cat?post=29915"},{"taxonomy":"product_tag","embeddable":true,"href":"https:\/\/lunayatravel.com\/en\/wp-json\/wp\/v2\/product_tag?post=29915"}],"curies":[{"name":"wp","href":"https:\/\/api.w.org\/{rel}","templated":true}]}}