{"id":29840,"date":"2025-07-16T12:33:49","date_gmt":"2025-07-16T10:33:49","guid":{"rendered":"https:\/\/itctoursvoyages.com\/?post_type=product&#038;p=29840"},"modified":"2025-07-16T12:33:50","modified_gmt":"2025-07-16T10:33:50","slug":"%f0%9f%8f%8d%ef%b8%8f-jungle-extreme-temple-atv-cascade-tiger-cave-temple","status":"publish","type":"product","link":"https:\/\/lunayatravel.com\/en\/product\/%f0%9f%8f%8d%ef%b8%8f-jungle-extreme-temple-atv-cascade-tiger-cave-temple\/","title":{"rendered":"\ud83c\udfcd\ufe0f Extreme Jungle &amp; Temple - ATV, Cascade &amp; Tiger Cave Temple"},"content":{"rendered":"<p><strong>\u23f3 Duration :<\/strong> Full day (approx. 08:00 - 17:00)<br \/>\n<strong>\ud83d\udccd<\/strong><strong> Departure :<\/strong> Ao Nang, Krabi Town or Klong Muang<br \/>\n(<em>Free for children aged 1 to 3 - park fees not included<\/em>)<\/p>\n<p><strong>\u2714\ufe0f<\/strong><strong> Includes :<\/strong><\/p>\n<p>\ud83d\udfe3 Return transport from your hotel<br \/>\n\ud83d\udfe3 ATV activity in the forest<br \/>\n\ud83d\udfe3 Thai breakfast, fruit &amp; water<br \/>\n\ud83d\udfe3 Access to sites (excluding park fees)<br \/>\n\ud83d\udfe3 English-speaking guide<br \/>\n\ud83d\udfe3 Insurance<\/p>\n<p><strong>\ud83d\udc8e<\/strong><strong> Highlights:<\/strong><\/p>\n<ul>\n<li>\ud83d\udca7 Hot water cascade<\/li>\n<li>\ud83c\udfde\ufe0f Emerald Pool &amp; tropical jungle<\/li>\n<li>\ud83d\udc99 Blue Lagoon (according to season)<\/li>\n<li>\ud83d\uded5 Tiger Cave Temple &amp; panorama<\/li>\n<li>\ud83c\udfcd\ufe0f Quad biking in the forest<\/li>\n<li>\ud83c\udf7d\ufe0f Meals included<\/li>\n<li>\ud83d\udcf8 Unforgettable photo spots<\/li>\n<\/ul>","protected":false},"excerpt":{"rendered":"<p><strong>\u2728<\/strong><strong> Description :<\/strong><\/p>\n<p>An intense day combining <strong>adventure, nature and spirituality<\/strong> !<\/p>\n<p>Start with a walk through the forest to reach the <strong>natural hot water cascade<\/strong>then swim in the famous <strong>Emerald Pool<\/strong>an emerald pool nestling in the heart of the jungle. A short trek then takes you to the mysterious <strong>Blue Lagoon<\/strong> (depending on access).<\/p>\n<p>Then visit the sacred <strong>Tiger Cave Temple<\/strong>perched on the hill. You'll have to climb the <strong>1,260 steps<\/strong> to reach its summit and contemplate an exceptional panorama.<\/p>\n<p>Finish with a <strong>sensational quad biking (ATV)<\/strong> through the Krabi jungle - a fun and unforgettable experience!<\/p>","protected":false},"featured_media":29839,"comment_status":"open","ping_status":"closed","template":"","meta":{"_uag_custom_page_level_css":""},"product_brand":[],"product_cat":[30],"product_tag":[],"class_list":{"0":"post-29840","1":"product","2":"type-product","3":"status-publish","4":"has-post-thumbnail","6":"product_cat-krabi","8":"first","9":"instock","10":"virtual","11":"taxable","12":"purchasable","13":"product-type-simple"},"yoast_head":"<!-- This site is optimized with the Yoast SEO plugin v27.1.1 - https:\/\/yoast.com\/product\/yoast-seo-wordpress\/ -->\n<title>\ud83c\udfcd\ufe0f Jungle Extr\u00eame &amp; Temple \u2013 ATV, Cascade &amp; Tiger Cave Temple -<\/title>\n<meta name=\"robots\" content=\"index, follow, max-snippet:-1, max-image-preview:large, max-video-preview:-1\" \/>\n<link rel=\"canonical\" href=\"https:\/\/lunayatravel.com\/en\/product\/\ud83c\udfcd\ufe0f-jungle-extreme-temple-atv-cascade-tiger-cave-temple\/\" \/>\n<meta property=\"og:locale\" content=\"en_GB\" \/>\n<meta property=\"og:type\" content=\"article\" \/>\n<meta property=\"og:title\" content=\"\ud83c\udfcd\ufe0f Jungle Extr\u00eame &amp; Temple \u2013 ATV, Cascade &amp; Tiger Cave Temple -\" \/>\n<meta property=\"og:description\" content=\"\u2728 Description :  Une journ\u00e9e intense combinant aventure, nature et spiritualit\u00e9 !  Commencez par une balade en for\u00eat pour atteindre la cascade d\u2019eau chaude naturelle, puis nagez dans la c\u00e9l\u00e8bre Emerald Pool, un bassin \u00e9meraude nich\u00e9 au c\u0153ur de la jungle. Un petit trek vous m\u00e8nera ensuite au myst\u00e9rieux Blue Lagoon (selon acc\u00e8s).  Ensuite, visitez le sacr\u00e9 Tiger Cave Temple, perch\u00e9 sur la colline. Il vous faudra monter les 1\u202f260 marches pour atteindre son sommet et contempler un panorama exceptionnel.  Terminez par une activit\u00e9 sensationnelle en quad (ATV) \u00e0 travers la jungle de Krabi \u2013 un moment fun et inoubliable !\" \/>\n<meta property=\"og:url\" content=\"https:\/\/lunayatravel.com\/en\/product\/\ud83c\udfcd\ufe0f-jungle-extreme-temple-atv-cascade-tiger-cave-temple\/\" \/>\n<meta property=\"article:publisher\" content=\"https:\/\/www.facebook.com\/lunayaTravel\/\" \/>\n<meta property=\"article:modified_time\" content=\"2025-07-16T10:33:50+00:00\" \/>\n<meta property=\"og:image\" content=\"https:\/\/lunayatravel.com\/wp-content\/uploads\/2025\/07\/Tiger-Cave-Tempel-Krabi-Facebook.jpg\" \/>\n\t<meta property=\"og:image:width\" content=\"1280\" \/>\n\t<meta property=\"og:image:height\" content=\"853\" \/>\n\t<meta property=\"og:image:type\" content=\"image\/jpeg\" \/>\n<meta name=\"twitter:card\" content=\"summary_large_image\" \/>\n<script type=\"application\/ld+json\" class=\"yoast-schema-graph\">{\"@context\":\"https:\/\/schema.org\",\"@graph\":[{\"@type\":\"WebPage\",\"@id\":\"https:\/\/lunayatravel.com\/en\/product\/%f0%9f%8f%8d%ef%b8%8f-jungle-extreme-temple-atv-cascade-tiger-cave-temple\/\",\"url\":\"https:\/\/lunayatravel.com\/en\/product\/%f0%9f%8f%8d%ef%b8%8f-jungle-extreme-temple-atv-cascade-tiger-cave-temple\/\",\"name\":\"\ud83c\udfcd\ufe0f Jungle Extr\u00eame & Temple \u2013 ATV, Cascade & Tiger Cave Temple -\",\"isPartOf\":{\"@id\":\"https:\/\/lunayatravel.com\/#website\"},\"primaryImageOfPage\":{\"@id\":\"https:\/\/lunayatravel.com\/en\/product\/%f0%9f%8f%8d%ef%b8%8f-jungle-extreme-temple-atv-cascade-tiger-cave-temple\/#primaryimage\"},\"image\":{\"@id\":\"https:\/\/lunayatravel.com\/en\/product\/%f0%9f%8f%8d%ef%b8%8f-jungle-extreme-temple-atv-cascade-tiger-cave-temple\/#primaryimage\"},\"thumbnailUrl\":\"https:\/\/lunayatravel.com\/wp-content\/uploads\/2025\/07\/Tiger-Cave-Tempel-Krabi-Facebook.jpg\",\"datePublished\":\"2025-07-16T10:33:49+00:00\",\"dateModified\":\"2025-07-16T10:33:50+00:00\",\"breadcrumb\":{\"@id\":\"https:\/\/lunayatravel.com\/en\/product\/%f0%9f%8f%8d%ef%b8%8f-jungle-extreme-temple-atv-cascade-tiger-cave-temple\/#breadcrumb\"},\"inLanguage\":\"en-GB\",\"potentialAction\":[{\"@type\":\"ReadAction\",\"target\":[\"https:\/\/lunayatravel.com\/en\/product\/%f0%9f%8f%8d%ef%b8%8f-jungle-extreme-temple-atv-cascade-tiger-cave-temple\/\"]}]},{\"@type\":\"ImageObject\",\"inLanguage\":\"en-GB\",\"@id\":\"https:\/\/lunayatravel.com\/en\/product\/%f0%9f%8f%8d%ef%b8%8f-jungle-extreme-temple-atv-cascade-tiger-cave-temple\/#primaryimage\",\"url\":\"https:\/\/lunayatravel.com\/wp-content\/uploads\/2025\/07\/Tiger-Cave-Tempel-Krabi-Facebook.jpg\",\"contentUrl\":\"https:\/\/lunayatravel.com\/wp-content\/uploads\/2025\/07\/Tiger-Cave-Tempel-Krabi-Facebook.jpg\",\"width\":1280,\"height\":853},{\"@type\":\"BreadcrumbList\",\"@id\":\"https:\/\/lunayatravel.com\/en\/product\/%f0%9f%8f%8d%ef%b8%8f-jungle-extreme-temple-atv-cascade-tiger-cave-temple\/#breadcrumb\",\"itemListElement\":[{\"@type\":\"ListItem\",\"position\":1,\"name\":\"Accueil\",\"item\":\"https:\/\/lunayatravel.com\/\"},{\"@type\":\"ListItem\",\"position\":2,\"name\":\"Nos activit\u00e9s\",\"item\":\"https:\/\/lunayatravel.com\/nos-activites\/\"},{\"@type\":\"ListItem\",\"position\":3,\"name\":\"\ud83c\udfcd\ufe0f Jungle Extr\u00eame &#038; Temple \u2013 ATV, Cascade &#038; Tiger Cave Temple\"}]},{\"@type\":\"WebSite\",\"@id\":\"https:\/\/lunayatravel.com\/#website\",\"url\":\"https:\/\/lunayatravel.com\/\",\"name\":\"\",\"description\":\"\",\"publisher\":{\"@id\":\"https:\/\/lunayatravel.com\/#organization\"},\"potentialAction\":[{\"@type\":\"SearchAction\",\"target\":{\"@type\":\"EntryPoint\",\"urlTemplate\":\"https:\/\/lunayatravel.com\/?s={search_term_string}\"},\"query-input\":{\"@type\":\"PropertyValueSpecification\",\"valueRequired\":true,\"valueName\":\"search_term_string\"}}],\"inLanguage\":\"en-GB\"},{\"@type\":\"Organization\",\"@id\":\"https:\/\/lunayatravel.com\/#organization\",\"name\":\"Lunaya travel\",\"alternateName\":\"Lunaya travel\",\"url\":\"https:\/\/lunayatravel.com\/\",\"logo\":{\"@type\":\"ImageObject\",\"inLanguage\":\"en-GB\",\"@id\":\"https:\/\/lunayatravel.com\/#\/schema\/logo\/image\/\",\"url\":\"https:\/\/lunayatravel.com\/wp-content\/uploads\/2026\/03\/cropped-647319118_2379115739204013_337015058165053143_n.jpg\",\"contentUrl\":\"https:\/\/lunayatravel.com\/wp-content\/uploads\/2026\/03\/cropped-647319118_2379115739204013_337015058165053143_n.jpg\",\"width\":1022,\"height\":1023,\"caption\":\"Lunaya travel\"},\"image\":{\"@id\":\"https:\/\/lunayatravel.com\/#\/schema\/logo\/image\/\"},\"sameAs\":[\"https:\/\/www.facebook.com\/lunayaTravel\/\"]}]}<\/script>\n<!-- \/ Yoast SEO plugin. -->","yoast_head_json":{"title":"\ud83c\udfcd\ufe0f Jungle Extr\u00eame & Temple \u2013 ATV, Cascade & Tiger Cave Temple -","robots":{"index":"index","follow":"follow","max-snippet":"max-snippet:-1","max-image-preview":"max-image-preview:large","max-video-preview":"max-video-preview:-1"},"canonical":"https:\/\/lunayatravel.com\/en\/product\/\ud83c\udfcd\ufe0f-jungle-extreme-temple-atv-cascade-tiger-cave-temple\/","og_locale":"en_GB","og_type":"article","og_title":"\ud83c\udfcd\ufe0f Jungle Extr\u00eame & Temple \u2013 ATV, Cascade & Tiger Cave Temple -","og_description":"\u2728 Description :  Une journ\u00e9e intense combinant aventure, nature et spiritualit\u00e9 !  Commencez par une balade en for\u00eat pour atteindre la cascade d\u2019eau chaude naturelle, puis nagez dans la c\u00e9l\u00e8bre Emerald Pool, un bassin \u00e9meraude nich\u00e9 au c\u0153ur de la jungle. Un petit trek vous m\u00e8nera ensuite au myst\u00e9rieux Blue Lagoon (selon acc\u00e8s).  Ensuite, visitez le sacr\u00e9 Tiger Cave Temple, perch\u00e9 sur la colline. Il vous faudra monter les 1\u202f260 marches pour atteindre son sommet et contempler un panorama exceptionnel.  Terminez par une activit\u00e9 sensationnelle en quad (ATV) \u00e0 travers la jungle de Krabi \u2013 un moment fun et inoubliable !","og_url":"https:\/\/lunayatravel.com\/en\/product\/\ud83c\udfcd\ufe0f-jungle-extreme-temple-atv-cascade-tiger-cave-temple\/","article_publisher":"https:\/\/www.facebook.com\/lunayaTravel\/","article_modified_time":"2025-07-16T10:33:50+00:00","og_image":[{"width":1280,"height":853,"url":"https:\/\/lunayatravel.com\/wp-content\/uploads\/2025\/07\/Tiger-Cave-Tempel-Krabi-Facebook.jpg","type":"image\/jpeg"}],"twitter_card":"summary_large_image","schema":{"@context":"https:\/\/schema.org","@graph":[{"@type":"WebPage","@id":"https:\/\/lunayatravel.com\/en\/product\/%f0%9f%8f%8d%ef%b8%8f-jungle-extreme-temple-atv-cascade-tiger-cave-temple\/","url":"https:\/\/lunayatravel.com\/en\/product\/%f0%9f%8f%8d%ef%b8%8f-jungle-extreme-temple-atv-cascade-tiger-cave-temple\/","name":"\ud83c\udfcd\ufe0f Jungle Extr\u00eame & Temple \u2013 ATV, Cascade & Tiger Cave Temple -","isPartOf":{"@id":"https:\/\/lunayatravel.com\/#website"},"primaryImageOfPage":{"@id":"https:\/\/lunayatravel.com\/en\/product\/%f0%9f%8f%8d%ef%b8%8f-jungle-extreme-temple-atv-cascade-tiger-cave-temple\/#primaryimage"},"image":{"@id":"https:\/\/lunayatravel.com\/en\/product\/%f0%9f%8f%8d%ef%b8%8f-jungle-extreme-temple-atv-cascade-tiger-cave-temple\/#primaryimage"},"thumbnailUrl":"https:\/\/lunayatravel.com\/wp-content\/uploads\/2025\/07\/Tiger-Cave-Tempel-Krabi-Facebook.jpg","datePublished":"2025-07-16T10:33:49+00:00","dateModified":"2025-07-16T10:33:50+00:00","breadcrumb":{"@id":"https:\/\/lunayatravel.com\/en\/product\/%f0%9f%8f%8d%ef%b8%8f-jungle-extreme-temple-atv-cascade-tiger-cave-temple\/#breadcrumb"},"inLanguage":"en-GB","potentialAction":[{"@type":"ReadAction","target":["https:\/\/lunayatravel.com\/en\/product\/%f0%9f%8f%8d%ef%b8%8f-jungle-extreme-temple-atv-cascade-tiger-cave-temple\/"]}]},{"@type":"ImageObject","inLanguage":"en-GB","@id":"https:\/\/lunayatravel.com\/en\/product\/%f0%9f%8f%8d%ef%b8%8f-jungle-extreme-temple-atv-cascade-tiger-cave-temple\/#primaryimage","url":"https:\/\/lunayatravel.com\/wp-content\/uploads\/2025\/07\/Tiger-Cave-Tempel-Krabi-Facebook.jpg","contentUrl":"https:\/\/lunayatravel.com\/wp-content\/uploads\/2025\/07\/Tiger-Cave-Tempel-Krabi-Facebook.jpg","width":1280,"height":853},{"@type":"BreadcrumbList","@id":"https:\/\/lunayatravel.com\/en\/product\/%f0%9f%8f%8d%ef%b8%8f-jungle-extreme-temple-atv-cascade-tiger-cave-temple\/#breadcrumb","itemListElement":[{"@type":"ListItem","position":1,"name":"Accueil","item":"https:\/\/lunayatravel.com\/"},{"@type":"ListItem","position":2,"name":"Nos activit\u00e9s","item":"https:\/\/lunayatravel.com\/nos-activites\/"},{"@type":"ListItem","position":3,"name":"\ud83c\udfcd\ufe0f Jungle Extr\u00eame &#038; Temple \u2013 ATV, Cascade &#038; Tiger Cave Temple"}]},{"@type":"WebSite","@id":"https:\/\/lunayatravel.com\/#website","url":"https:\/\/lunayatravel.com\/","name":"","description":"","publisher":{"@id":"https:\/\/lunayatravel.com\/#organization"},"potentialAction":[{"@type":"SearchAction","target":{"@type":"EntryPoint","urlTemplate":"https:\/\/lunayatravel.com\/?s={search_term_string}"},"query-input":{"@type":"PropertyValueSpecification","valueRequired":true,"valueName":"search_term_string"}}],"inLanguage":"en-GB"},{"@type":"Organization","@id":"https:\/\/lunayatravel.com\/#organization","name":"Lunaya travel","alternateName":"Lunaya travel","url":"https:\/\/lunayatravel.com\/","logo":{"@type":"ImageObject","inLanguage":"en-GB","@id":"https:\/\/lunayatravel.com\/#\/schema\/logo\/image\/","url":"https:\/\/lunayatravel.com\/wp-content\/uploads\/2026\/03\/cropped-647319118_2379115739204013_337015058165053143_n.jpg","contentUrl":"https:\/\/lunayatravel.com\/wp-content\/uploads\/2026\/03\/cropped-647319118_2379115739204013_337015058165053143_n.jpg","width":1022,"height":1023,"caption":"Lunaya travel"},"image":{"@id":"https:\/\/lunayatravel.com\/#\/schema\/logo\/image\/"},"sameAs":["https:\/\/www.facebook.com\/lunayaTravel\/"]}]}},"uagb_featured_image_src":{"full":["https:\/\/lunayatravel.com\/wp-content\/uploads\/2025\/07\/Tiger-Cave-Tempel-Krabi-Facebook.jpg",1280,853,false],"thumbnail":["https:\/\/lunayatravel.com\/wp-content\/uploads\/2025\/07\/Tiger-Cave-Tempel-Krabi-Facebook-150x150.jpg",150,150,true],"medium":["https:\/\/lunayatravel.com\/wp-content\/uploads\/2025\/07\/Tiger-Cave-Tempel-Krabi-Facebook-300x200.jpg",300,200,true],"medium_large":["https:\/\/lunayatravel.com\/wp-content\/uploads\/2025\/07\/Tiger-Cave-Tempel-Krabi-Facebook-768x512.jpg",768,512,true],"large":["https:\/\/lunayatravel.com\/wp-content\/uploads\/2025\/07\/Tiger-Cave-Tempel-Krabi-Facebook-1024x682.jpg",1024,682,true],"1536x1536":["https:\/\/lunayatravel.com\/wp-content\/uploads\/2025\/07\/Tiger-Cave-Tempel-Krabi-Facebook.jpg",1280,853,false],"2048x2048":["https:\/\/lunayatravel.com\/wp-content\/uploads\/2025\/07\/Tiger-Cave-Tempel-Krabi-Facebook.jpg",1280,853,false],"trp-custom-language-flag":["https:\/\/lunayatravel.com\/wp-content\/uploads\/2025\/07\/Tiger-Cave-Tempel-Krabi-Facebook.jpg",18,12,false],"widget-thumbnail":["https:\/\/lunayatravel.com\/wp-content\/uploads\/2025\/07\/Tiger-Cave-Tempel-Krabi-Facebook-75x75.jpg",75,75,true],"mailpoet_newsletter_max":["https:\/\/lunayatravel.com\/wp-content\/uploads\/2025\/07\/Tiger-Cave-Tempel-Krabi-Facebook.jpg",1280,853,false],"woocommerce_thumbnail":["https:\/\/lunayatravel.com\/wp-content\/uploads\/2025\/07\/Tiger-Cave-Tempel-Krabi-Facebook-300x300.jpg",300,300,true],"woocommerce_single":["https:\/\/lunayatravel.com\/wp-content\/uploads\/2025\/07\/Tiger-Cave-Tempel-Krabi-Facebook-600x400.jpg",600,400,true],"woocommerce_gallery_thumbnail":["https:\/\/lunayatravel.com\/wp-content\/uploads\/2025\/07\/Tiger-Cave-Tempel-Krabi-Facebook-100x100.jpg",100,100,true],"sow-carousel-default":["https:\/\/lunayatravel.com\/wp-content\/uploads\/2025\/07\/Tiger-Cave-Tempel-Krabi-Facebook-272x182.jpg",272,182,true]},"uagb_author_info":{"display_name":"haemers stephanie","author_link":"https:\/\/lunayatravel.com\/en\/author\/"},"uagb_comment_info":0,"uagb_excerpt":"\u2728 Description : Une journ\u00e9e intense combinant aventure, nature et spiritualit\u00e9 ! Commencez par une balade en for\u00eat pour atteindre la cascade d\u2019eau chaude naturelle, puis nagez dans la c\u00e9l\u00e8bre Emerald Pool, un bassin \u00e9meraude nich\u00e9 au c\u0153ur de la jungle. Un petit trek vous m\u00e8nera ensuite au myst\u00e9rieux Blue Lagoon (selon acc\u00e8s). Ensuite, visitez&hellip;","jetpack_sharing_enabled":true,"_links":{"self":[{"href":"https:\/\/lunayatravel.com\/en\/wp-json\/wp\/v2\/product\/29840","targetHints":{"allow":["GET"]}}],"collection":[{"href":"https:\/\/lunayatravel.com\/en\/wp-json\/wp\/v2\/product"}],"about":[{"href":"https:\/\/lunayatravel.com\/en\/wp-json\/wp\/v2\/types\/product"}],"replies":[{"embeddable":true,"href":"https:\/\/lunayatravel.com\/en\/wp-json\/wp\/v2\/comments?post=29840"}],"wp:featuredmedia":[{"embeddable":true,"href":"https:\/\/lunayatravel.com\/en\/wp-json\/wp\/v2\/media\/29839"}],"wp:attachment":[{"href":"https:\/\/lunayatravel.com\/en\/wp-json\/wp\/v2\/media?parent=29840"}],"wp:term":[{"taxonomy":"product_brand","embeddable":true,"href":"https:\/\/lunayatravel.com\/en\/wp-json\/wp\/v2\/product_brand?post=29840"},{"taxonomy":"product_cat","embeddable":true,"href":"https:\/\/lunayatravel.com\/en\/wp-json\/wp\/v2\/product_cat?post=29840"},{"taxonomy":"product_tag","embeddable":true,"href":"https:\/\/lunayatravel.com\/en\/wp-json\/wp\/v2\/product_tag?post=29840"}],"curies":[{"name":"wp","href":"https:\/\/api.w.org\/{rel}","templated":true}]}}