{"id":29825,"date":"2025-07-16T08:03:25","date_gmt":"2025-07-16T06:03:25","guid":{"rendered":"https:\/\/itctoursvoyages.com\/?post_type=product&#038;p=29825"},"modified":"2025-07-16T08:03:25","modified_gmt":"2025-07-16T06:03:25","slug":"%f0%9f%8c%8c-glowing-plankton-night-trip-ao-nang","status":"publish","type":"product","link":"https:\/\/lunayatravel.com\/en\/product\/%f0%9f%8c%8c-glowing-plankton-night-trip-ao-nang\/","title":{"rendered":"\ud83c\udf0c Glowing Plankton Night Trip - Ao Nang"},"content":{"rendered":"<p><strong>\u23f3 Duration :<\/strong> Evening (approx. 6pm - 8pm)<br \/>\n<strong>\ud83d\udccd<\/strong><strong> Departure :<\/strong> Ao Nang or Railay<br \/>\n<strong>\ud83d\udea4<\/strong><strong> Boat :<\/strong> Longtail boat<br \/>\n(<em>National park fees not included<\/em>)<\/p>\n<p><strong>\u2705<\/strong><strong> Included in the excursion :<\/strong><\/p>\n<ul>\n<li>Return transfer from your hotel (Ao Nang or Railay)<\/li>\n<li>Boat + local crew<\/li>\n<li>Snorkelling equipment (mask, snorkel, life jacket)<\/li>\n<li>Water &amp; fruit<\/li>\n<li>Insurance + first aid kit<\/li>\n<li>English &amp; Thai guide<\/li>\n<\/ul>\n<p><strong>\ud83d\udd50<\/strong><strong> Timetable :<\/strong><\/p>\n<ul>\n<li><strong>Departure from Ao Nang :<\/strong> around 6 p.m.<\/li>\n<li><strong>Railay departure :<\/strong> around 19:00<\/li>\n<li><strong>Estimated return :<\/strong> 20h00<\/li>\n<\/ul>\n<p><strong>\u274c<\/strong><strong> Not included:<\/strong><\/p>\n<ul>\n<li>National park fee, if applicable (depending on swimming location)<\/li>\n<li>Meals \/ dinner<\/li>\n<li>Tips<\/li>\n<\/ul>\n<p><strong>\ud83e\uddf3 What to expect:<\/strong><\/p>\n<ul>\n<li>Swimming costumes<\/li>\n<li>Towel<\/li>\n<li>Lightweight clothing<\/li>\n<li>Sun cream (during the day)<\/li>\n<li>Waterproof camera or GoPro<\/li>\n<li>A little cash<\/li>\n<li>A waterproof torch (optional)<\/li>\n<\/ul>","protected":false},"excerpt":{"rendered":"<p><strong>\u2728<\/strong><strong> Description :<\/strong><\/p>\n<p>Set off on a magical experience as night falls!<br \/>\nSail the tranquil waters of the Andaman Sea to a secret bay where the <strong>bioluminescent plankton<\/strong> light up the sea like stars.<\/p>\n<p>A rare and spectacular natural phenomenon, made famous in the film <em>\"The Beach<\/em>A once-in-a-lifetime experience. You can even <strong>swimming among luminous plankton<\/strong>an unforgettable and magical moment.<\/p>","protected":false},"featured_media":29827,"comment_status":"open","ping_status":"closed","template":"","meta":{"_uag_custom_page_level_css":""},"product_brand":[],"product_cat":[30],"product_tag":[],"class_list":{"0":"post-29825","1":"product","2":"type-product","3":"status-publish","4":"has-post-thumbnail","6":"product_cat-krabi","8":"first","9":"instock","10":"virtual","11":"taxable","12":"purchasable","13":"product-type-simple"},"yoast_head":"<!-- This site is optimized with the Yoast SEO plugin v27.1.1 - https:\/\/yoast.com\/product\/yoast-seo-wordpress\/ -->\n<title>\ud83c\udf0c Glowing Plankton Night Trip \u2013 Ao Nang -<\/title>\n<meta name=\"robots\" content=\"index, follow, max-snippet:-1, max-image-preview:large, max-video-preview:-1\" \/>\n<link rel=\"canonical\" href=\"https:\/\/lunayatravel.com\/en\/product\/\ud83c\udf0c-glowing-plankton-night-trip-ao-nang\/\" \/>\n<meta property=\"og:locale\" content=\"en_GB\" \/>\n<meta property=\"og:type\" content=\"article\" \/>\n<meta property=\"og:title\" content=\"\ud83c\udf0c Glowing Plankton Night Trip \u2013 Ao Nang -\" \/>\n<meta property=\"og:description\" content=\"\u2728 Description :  Partez pour une exp\u00e9rience magique \u00e0 la tomb\u00e9e de la nuit ! Naviguez sur les eaux tranquilles de la mer d\u2019Andaman pour rejoindre une baie secr\u00e8te o\u00f9 les planctons bioluminescents illuminent la mer comme des \u00e9toiles.  Un ph\u00e9nom\u00e8ne naturel rare et spectaculaire, rendu c\u00e9l\u00e8bre dans le film \u201cThe Beach\u201d, \u00e0 vivre une fois dans sa vie. Vous pourrez m\u00eame nager parmi les planctons lumineux, un moment inoubliable et f\u00e9\u00e9rique.\" \/>\n<meta property=\"og:url\" content=\"https:\/\/lunayatravel.com\/en\/product\/\ud83c\udf0c-glowing-plankton-night-trip-ao-nang\/\" \/>\n<meta property=\"article:publisher\" content=\"https:\/\/www.facebook.com\/lunayaTravel\/\" \/>\n<meta property=\"og:image\" content=\"https:\/\/lunayatravel.com\/wp-content\/uploads\/2025\/07\/e8.jpg\" \/>\n\t<meta property=\"og:image:width\" content=\"1280\" \/>\n\t<meta property=\"og:image:height\" content=\"855\" \/>\n\t<meta property=\"og:image:type\" content=\"image\/jpeg\" \/>\n<meta name=\"twitter:card\" content=\"summary_large_image\" \/>\n<meta name=\"twitter:label1\" content=\"Estimated reading time\" \/>\n\t<meta name=\"twitter:data1\" content=\"1 minute\" \/>\n<script type=\"application\/ld+json\" class=\"yoast-schema-graph\">{\"@context\":\"https:\/\/schema.org\",\"@graph\":[{\"@type\":\"WebPage\",\"@id\":\"https:\/\/lunayatravel.com\/produit\/%f0%9f%8c%8c-glowing-plankton-night-trip-ao-nang\/\",\"url\":\"https:\/\/lunayatravel.com\/produit\/%f0%9f%8c%8c-glowing-plankton-night-trip-ao-nang\/\",\"name\":\"\ud83c\udf0c Glowing Plankton Night Trip \u2013 Ao Nang -\",\"isPartOf\":{\"@id\":\"https:\/\/lunayatravel.com\/#website\"},\"primaryImageOfPage\":{\"@id\":\"https:\/\/lunayatravel.com\/produit\/%f0%9f%8c%8c-glowing-plankton-night-trip-ao-nang\/#primaryimage\"},\"image\":{\"@id\":\"https:\/\/lunayatravel.com\/produit\/%f0%9f%8c%8c-glowing-plankton-night-trip-ao-nang\/#primaryimage\"},\"thumbnailUrl\":\"https:\/\/lunayatravel.com\/wp-content\/uploads\/2025\/07\/e8.jpg\",\"datePublished\":\"2025-07-16T06:03:25+00:00\",\"breadcrumb\":{\"@id\":\"https:\/\/lunayatravel.com\/produit\/%f0%9f%8c%8c-glowing-plankton-night-trip-ao-nang\/#breadcrumb\"},\"inLanguage\":\"en-GB\",\"potentialAction\":[{\"@type\":\"ReadAction\",\"target\":[\"https:\/\/lunayatravel.com\/produit\/%f0%9f%8c%8c-glowing-plankton-night-trip-ao-nang\/\"]}]},{\"@type\":\"ImageObject\",\"inLanguage\":\"en-GB\",\"@id\":\"https:\/\/lunayatravel.com\/produit\/%f0%9f%8c%8c-glowing-plankton-night-trip-ao-nang\/#primaryimage\",\"url\":\"https:\/\/lunayatravel.com\/wp-content\/uploads\/2025\/07\/e8.jpg\",\"contentUrl\":\"https:\/\/lunayatravel.com\/wp-content\/uploads\/2025\/07\/e8.jpg\",\"width\":1280,\"height\":855},{\"@type\":\"BreadcrumbList\",\"@id\":\"https:\/\/lunayatravel.com\/produit\/%f0%9f%8c%8c-glowing-plankton-night-trip-ao-nang\/#breadcrumb\",\"itemListElement\":[{\"@type\":\"ListItem\",\"position\":1,\"name\":\"Accueil\",\"item\":\"https:\/\/lunayatravel.com\/\"},{\"@type\":\"ListItem\",\"position\":2,\"name\":\"Nos activit\u00e9s\",\"item\":\"https:\/\/lunayatravel.com\/nos-activites\/\"},{\"@type\":\"ListItem\",\"position\":3,\"name\":\"\ud83c\udf0c Glowing Plankton Night Trip \u2013 Ao Nang\"}]},{\"@type\":\"WebSite\",\"@id\":\"https:\/\/lunayatravel.com\/#website\",\"url\":\"https:\/\/lunayatravel.com\/\",\"name\":\"\",\"description\":\"\",\"publisher\":{\"@id\":\"https:\/\/lunayatravel.com\/#organization\"},\"potentialAction\":[{\"@type\":\"SearchAction\",\"target\":{\"@type\":\"EntryPoint\",\"urlTemplate\":\"https:\/\/lunayatravel.com\/?s={search_term_string}\"},\"query-input\":{\"@type\":\"PropertyValueSpecification\",\"valueRequired\":true,\"valueName\":\"search_term_string\"}}],\"inLanguage\":\"en-GB\"},{\"@type\":\"Organization\",\"@id\":\"https:\/\/lunayatravel.com\/#organization\",\"name\":\"Lunaya travel\",\"alternateName\":\"Lunaya travel\",\"url\":\"https:\/\/lunayatravel.com\/\",\"logo\":{\"@type\":\"ImageObject\",\"inLanguage\":\"en-GB\",\"@id\":\"https:\/\/lunayatravel.com\/#\/schema\/logo\/image\/\",\"url\":\"https:\/\/lunayatravel.com\/wp-content\/uploads\/2026\/03\/cropped-647319118_2379115739204013_337015058165053143_n.jpg\",\"contentUrl\":\"https:\/\/lunayatravel.com\/wp-content\/uploads\/2026\/03\/cropped-647319118_2379115739204013_337015058165053143_n.jpg\",\"width\":1022,\"height\":1023,\"caption\":\"Lunaya travel\"},\"image\":{\"@id\":\"https:\/\/lunayatravel.com\/#\/schema\/logo\/image\/\"},\"sameAs\":[\"https:\/\/www.facebook.com\/lunayaTravel\/\"]}]}<\/script>\n<!-- \/ Yoast SEO plugin. -->","yoast_head_json":{"title":"\ud83c\udf0c Glowing Plankton Night Trip \u2013 Ao Nang -","robots":{"index":"index","follow":"follow","max-snippet":"max-snippet:-1","max-image-preview":"max-image-preview:large","max-video-preview":"max-video-preview:-1"},"canonical":"https:\/\/lunayatravel.com\/en\/product\/\ud83c\udf0c-glowing-plankton-night-trip-ao-nang\/","og_locale":"en_GB","og_type":"article","og_title":"\ud83c\udf0c Glowing Plankton Night Trip \u2013 Ao Nang -","og_description":"\u2728 Description :  Partez pour une exp\u00e9rience magique \u00e0 la tomb\u00e9e de la nuit ! Naviguez sur les eaux tranquilles de la mer d\u2019Andaman pour rejoindre une baie secr\u00e8te o\u00f9 les planctons bioluminescents illuminent la mer comme des \u00e9toiles.  Un ph\u00e9nom\u00e8ne naturel rare et spectaculaire, rendu c\u00e9l\u00e8bre dans le film \u201cThe Beach\u201d, \u00e0 vivre une fois dans sa vie. Vous pourrez m\u00eame nager parmi les planctons lumineux, un moment inoubliable et f\u00e9\u00e9rique.","og_url":"https:\/\/lunayatravel.com\/en\/product\/\ud83c\udf0c-glowing-plankton-night-trip-ao-nang\/","article_publisher":"https:\/\/www.facebook.com\/lunayaTravel\/","og_image":[{"width":1280,"height":855,"url":"https:\/\/lunayatravel.com\/wp-content\/uploads\/2025\/07\/e8.jpg","type":"image\/jpeg"}],"twitter_card":"summary_large_image","twitter_misc":{"Estimated reading time":"1 minute"},"schema":{"@context":"https:\/\/schema.org","@graph":[{"@type":"WebPage","@id":"https:\/\/lunayatravel.com\/produit\/%f0%9f%8c%8c-glowing-plankton-night-trip-ao-nang\/","url":"https:\/\/lunayatravel.com\/produit\/%f0%9f%8c%8c-glowing-plankton-night-trip-ao-nang\/","name":"\ud83c\udf0c Glowing Plankton Night Trip \u2013 Ao Nang -","isPartOf":{"@id":"https:\/\/lunayatravel.com\/#website"},"primaryImageOfPage":{"@id":"https:\/\/lunayatravel.com\/produit\/%f0%9f%8c%8c-glowing-plankton-night-trip-ao-nang\/#primaryimage"},"image":{"@id":"https:\/\/lunayatravel.com\/produit\/%f0%9f%8c%8c-glowing-plankton-night-trip-ao-nang\/#primaryimage"},"thumbnailUrl":"https:\/\/lunayatravel.com\/wp-content\/uploads\/2025\/07\/e8.jpg","datePublished":"2025-07-16T06:03:25+00:00","breadcrumb":{"@id":"https:\/\/lunayatravel.com\/produit\/%f0%9f%8c%8c-glowing-plankton-night-trip-ao-nang\/#breadcrumb"},"inLanguage":"en-GB","potentialAction":[{"@type":"ReadAction","target":["https:\/\/lunayatravel.com\/produit\/%f0%9f%8c%8c-glowing-plankton-night-trip-ao-nang\/"]}]},{"@type":"ImageObject","inLanguage":"en-GB","@id":"https:\/\/lunayatravel.com\/produit\/%f0%9f%8c%8c-glowing-plankton-night-trip-ao-nang\/#primaryimage","url":"https:\/\/lunayatravel.com\/wp-content\/uploads\/2025\/07\/e8.jpg","contentUrl":"https:\/\/lunayatravel.com\/wp-content\/uploads\/2025\/07\/e8.jpg","width":1280,"height":855},{"@type":"BreadcrumbList","@id":"https:\/\/lunayatravel.com\/produit\/%f0%9f%8c%8c-glowing-plankton-night-trip-ao-nang\/#breadcrumb","itemListElement":[{"@type":"ListItem","position":1,"name":"Accueil","item":"https:\/\/lunayatravel.com\/"},{"@type":"ListItem","position":2,"name":"Nos activit\u00e9s","item":"https:\/\/lunayatravel.com\/nos-activites\/"},{"@type":"ListItem","position":3,"name":"\ud83c\udf0c Glowing Plankton Night Trip \u2013 Ao Nang"}]},{"@type":"WebSite","@id":"https:\/\/lunayatravel.com\/#website","url":"https:\/\/lunayatravel.com\/","name":"","description":"","publisher":{"@id":"https:\/\/lunayatravel.com\/#organization"},"potentialAction":[{"@type":"SearchAction","target":{"@type":"EntryPoint","urlTemplate":"https:\/\/lunayatravel.com\/?s={search_term_string}"},"query-input":{"@type":"PropertyValueSpecification","valueRequired":true,"valueName":"search_term_string"}}],"inLanguage":"en-GB"},{"@type":"Organization","@id":"https:\/\/lunayatravel.com\/#organization","name":"Lunaya travel","alternateName":"Lunaya travel","url":"https:\/\/lunayatravel.com\/","logo":{"@type":"ImageObject","inLanguage":"en-GB","@id":"https:\/\/lunayatravel.com\/#\/schema\/logo\/image\/","url":"https:\/\/lunayatravel.com\/wp-content\/uploads\/2026\/03\/cropped-647319118_2379115739204013_337015058165053143_n.jpg","contentUrl":"https:\/\/lunayatravel.com\/wp-content\/uploads\/2026\/03\/cropped-647319118_2379115739204013_337015058165053143_n.jpg","width":1022,"height":1023,"caption":"Lunaya travel"},"image":{"@id":"https:\/\/lunayatravel.com\/#\/schema\/logo\/image\/"},"sameAs":["https:\/\/www.facebook.com\/lunayaTravel\/"]}]}},"uagb_featured_image_src":{"full":["https:\/\/lunayatravel.com\/wp-content\/uploads\/2025\/07\/e8.jpg",1280,855,false],"thumbnail":["https:\/\/lunayatravel.com\/wp-content\/uploads\/2025\/07\/e8-150x150.jpg",150,150,true],"medium":["https:\/\/lunayatravel.com\/wp-content\/uploads\/2025\/07\/e8-300x200.jpg",300,200,true],"medium_large":["https:\/\/lunayatravel.com\/wp-content\/uploads\/2025\/07\/e8-768x513.jpg",768,513,true],"large":["https:\/\/lunayatravel.com\/wp-content\/uploads\/2025\/07\/e8-1024x684.jpg",1024,684,true],"1536x1536":["https:\/\/lunayatravel.com\/wp-content\/uploads\/2025\/07\/e8.jpg",1280,855,false],"2048x2048":["https:\/\/lunayatravel.com\/wp-content\/uploads\/2025\/07\/e8.jpg",1280,855,false],"trp-custom-language-flag":["https:\/\/lunayatravel.com\/wp-content\/uploads\/2025\/07\/e8.jpg",18,12,false],"widget-thumbnail":["https:\/\/lunayatravel.com\/wp-content\/uploads\/2025\/07\/e8-75x75.jpg",75,75,true],"mailpoet_newsletter_max":["https:\/\/lunayatravel.com\/wp-content\/uploads\/2025\/07\/e8.jpg",1280,855,false],"woocommerce_thumbnail":["https:\/\/lunayatravel.com\/wp-content\/uploads\/2025\/07\/e8-300x300.jpg",300,300,true],"woocommerce_single":["https:\/\/lunayatravel.com\/wp-content\/uploads\/2025\/07\/e8-600x401.jpg",600,401,true],"woocommerce_gallery_thumbnail":["https:\/\/lunayatravel.com\/wp-content\/uploads\/2025\/07\/e8-100x100.jpg",100,100,true],"sow-carousel-default":["https:\/\/lunayatravel.com\/wp-content\/uploads\/2025\/07\/e8-272x182.jpg",272,182,true]},"uagb_author_info":{"display_name":"haemers stephanie","author_link":"https:\/\/lunayatravel.com\/en\/author\/"},"uagb_comment_info":0,"uagb_excerpt":"\u2728 Description : Partez pour une exp\u00e9rience magique \u00e0 la tomb\u00e9e de la nuit ! Naviguez sur les eaux tranquilles de la mer d\u2019Andaman pour rejoindre une baie secr\u00e8te o\u00f9 les planctons bioluminescents illuminent la mer comme des \u00e9toiles. Un ph\u00e9nom\u00e8ne naturel rare et spectaculaire, rendu c\u00e9l\u00e8bre dans le film \u201cThe Beach\u201d, \u00e0 vivre une&hellip;","jetpack_sharing_enabled":true,"_links":{"self":[{"href":"https:\/\/lunayatravel.com\/en\/wp-json\/wp\/v2\/product\/29825","targetHints":{"allow":["GET"]}}],"collection":[{"href":"https:\/\/lunayatravel.com\/en\/wp-json\/wp\/v2\/product"}],"about":[{"href":"https:\/\/lunayatravel.com\/en\/wp-json\/wp\/v2\/types\/product"}],"replies":[{"embeddable":true,"href":"https:\/\/lunayatravel.com\/en\/wp-json\/wp\/v2\/comments?post=29825"}],"wp:featuredmedia":[{"embeddable":true,"href":"https:\/\/lunayatravel.com\/en\/wp-json\/wp\/v2\/media\/29827"}],"wp:attachment":[{"href":"https:\/\/lunayatravel.com\/en\/wp-json\/wp\/v2\/media?parent=29825"}],"wp:term":[{"taxonomy":"product_brand","embeddable":true,"href":"https:\/\/lunayatravel.com\/en\/wp-json\/wp\/v2\/product_brand?post=29825"},{"taxonomy":"product_cat","embeddable":true,"href":"https:\/\/lunayatravel.com\/en\/wp-json\/wp\/v2\/product_cat?post=29825"},{"taxonomy":"product_tag","embeddable":true,"href":"https:\/\/lunayatravel.com\/en\/wp-json\/wp\/v2\/product_tag?post=29825"}],"curies":[{"name":"wp","href":"https:\/\/api.w.org\/{rel}","templated":true}]}}