{"id":29823,"date":"2025-07-16T07:58:17","date_gmt":"2025-07-16T05:58:17","guid":{"rendered":"https:\/\/itctoursvoyages.com\/?post_type=product&#038;p=29823"},"modified":"2025-07-16T08:04:11","modified_gmt":"2025-07-16T06:04:11","slug":"%f0%9f%8c%8c-7-islands-tour-nage-avec-les-planctons-ao-nang","status":"publish","type":"product","link":"https:\/\/lunayatravel.com\/en\/product\/%f0%9f%8c%8c-7-islands-tour-nage-avec-les-planctons-ao-nang\/","title":{"rendered":"\ud83c\udf0c 7 Islands Tour &amp; Swimming with plankton - Ao Nang"},"content":{"rendered":"<p><strong>\u23f3 Duration :<\/strong> Afternoon &amp; evening (approx. 13:00 - 20:00)<br \/>\n<strong>\ud83d\udea4<\/strong><strong> Boat :<\/strong> Longtail boat<br \/>\n<strong>\ud83d\udccd<\/strong><strong> Departure :<\/strong> Ao Nang or Railay<br \/>\n(<em>National park fees not included<\/em>)<\/p>\n<p><strong>\ud83c\udfdd<\/strong><strong>\ufe0f Islands visited :<\/strong><\/p>\n<ul>\n<li><strong>Poda Island<\/strong><\/li>\n<li><strong>Chicken Island<\/strong><\/li>\n<li><strong>Tup Island<\/strong><\/li>\n<li><strong>Turtle Island<\/strong><\/li>\n<li><strong>Tang Ming Island<\/strong><\/li>\n<li><strong>Yawasom Island<\/strong><\/li>\n<li><strong>Plankton Night Bay<\/strong><\/li>\n<\/ul>\n<p><strong>\u2705<\/strong><strong> Included in the excursion :<\/strong><\/p>\n<ul>\n<li>Hotel transfer (Ao Nang or Railay)<\/li>\n<li>Boat + local crew<\/li>\n<li>Snorkelling equipment (mask, snorkel, life jacket)<\/li>\n<li>Barbecue dinner at sunset<\/li>\n<li>Fresh fruit &amp; water<\/li>\n<li>Insurance + first aid kit<\/li>\n<li>English and Thai speaking guide<\/li>\n<\/ul>\n<p><strong>\u274c<\/strong><strong> Not included:<\/strong><\/p>\n<ul>\n<li>Admission to the marine park (to be paid on site if applicable)<\/li>\n<\/ul>","protected":false},"excerpt":{"rendered":"<p><strong>\u2728<\/strong><strong> Description :<\/strong><\/p>\n<p>Set off on a unique adventure between <strong>paradise islands, snorkelling, sunsets and night swimming with bioluminescent plankton<\/strong>.<\/p>\n<p>This tour will take you to discover <strong>7 islands around Ao Nang<\/strong>, all different and spectacular. You'll explore wild beaches, snorkel among tropical fish (and maybe Nemo \ud83d\udc20 ), and end the day with a <strong>barbecue dinner on the beach<\/strong>.<\/p>\n<p>The highlight of the show: a <strong>night-time swimming in a shallow lagoon illuminated by fluorescent plankton<\/strong> - a magical and unforgettable moment<\/p>","protected":false},"featured_media":29826,"comment_status":"open","ping_status":"closed","template":"","meta":{"_uag_custom_page_level_css":""},"product_brand":[],"product_cat":[30],"product_tag":[],"class_list":{"0":"post-29823","1":"product","2":"type-product","3":"status-publish","4":"has-post-thumbnail","6":"product_cat-krabi","8":"first","9":"instock","10":"virtual","11":"taxable","12":"purchasable","13":"product-type-simple"},"yoast_head":"<!-- This site is optimized with the Yoast SEO plugin v27.1.1 - https:\/\/yoast.com\/product\/yoast-seo-wordpress\/ -->\n<title>\ud83c\udf0c 7 Islands Tour &amp; Nage avec les planctons \u2013 Ao Nang -<\/title>\n<meta name=\"robots\" content=\"index, follow, max-snippet:-1, max-image-preview:large, max-video-preview:-1\" \/>\n<link rel=\"canonical\" href=\"https:\/\/lunayatravel.com\/en\/product\/\ud83c\udf0c-7-islands-tour-nage-avec-les-planctons-ao-nang\/\" \/>\n<meta property=\"og:locale\" content=\"en_GB\" \/>\n<meta property=\"og:type\" content=\"article\" \/>\n<meta property=\"og:title\" content=\"\ud83c\udf0c 7 Islands Tour &amp; Nage avec les planctons \u2013 Ao Nang -\" \/>\n<meta property=\"og:description\" content=\"\u2728 Description :  Partez pour une aventure unique entre \u00eeles paradisiaques, snorkeling, coucher de soleil et nage nocturne avec les planctons bioluminescents.  Cette excursion vous emm\u00e8ne \u00e0 la d\u00e9couverte de 7 \u00eeles autour d\u2019Ao Nang, toutes diff\u00e9rentes et spectaculaires. Vous explorerez des plages sauvages, ferez du snorkeling parmi les poissons tropicaux (et peut-\u00eatre Nemo \ud83d\udc20), et terminerez la journ\u00e9e avec un d\u00eener barbecue sur la plage.  Le clou du spectacle : une baignade de nuit dans un lagon peu profond illumin\u00e9 par les planctons fluorescents \u2013 un moment magique et inoubliable\" \/>\n<meta property=\"og:url\" content=\"https:\/\/lunayatravel.com\/en\/product\/\ud83c\udf0c-7-islands-tour-nage-avec-les-planctons-ao-nang\/\" \/>\n<meta property=\"article:publisher\" content=\"https:\/\/www.facebook.com\/lunayaTravel\/\" \/>\n<meta property=\"article:modified_time\" content=\"2025-07-16T06:04:11+00:00\" \/>\n<meta property=\"og:image\" content=\"https:\/\/lunayatravel.com\/wp-content\/uploads\/2025\/07\/78a0191e366dcbf828c8d8b76c2a570f.jpg\" \/>\n\t<meta property=\"og:image:width\" content=\"1920\" \/>\n\t<meta property=\"og:image:height\" content=\"1080\" \/>\n\t<meta property=\"og:image:type\" content=\"image\/jpeg\" \/>\n<meta name=\"twitter:card\" content=\"summary_large_image\" \/>\n<script type=\"application\/ld+json\" class=\"yoast-schema-graph\">{\"@context\":\"https:\/\/schema.org\",\"@graph\":[{\"@type\":\"WebPage\",\"@id\":\"https:\/\/lunayatravel.com\/produit\/%f0%9f%8c%8c-7-islands-tour-nage-avec-les-planctons-ao-nang\/\",\"url\":\"https:\/\/lunayatravel.com\/produit\/%f0%9f%8c%8c-7-islands-tour-nage-avec-les-planctons-ao-nang\/\",\"name\":\"\ud83c\udf0c 7 Islands Tour & Nage avec les planctons \u2013 Ao Nang -\",\"isPartOf\":{\"@id\":\"https:\/\/lunayatravel.com\/#website\"},\"primaryImageOfPage\":{\"@id\":\"https:\/\/lunayatravel.com\/produit\/%f0%9f%8c%8c-7-islands-tour-nage-avec-les-planctons-ao-nang\/#primaryimage\"},\"image\":{\"@id\":\"https:\/\/lunayatravel.com\/produit\/%f0%9f%8c%8c-7-islands-tour-nage-avec-les-planctons-ao-nang\/#primaryimage\"},\"thumbnailUrl\":\"https:\/\/lunayatravel.com\/wp-content\/uploads\/2025\/07\/78a0191e366dcbf828c8d8b76c2a570f.jpg\",\"datePublished\":\"2025-07-16T05:58:17+00:00\",\"dateModified\":\"2025-07-16T06:04:11+00:00\",\"breadcrumb\":{\"@id\":\"https:\/\/lunayatravel.com\/produit\/%f0%9f%8c%8c-7-islands-tour-nage-avec-les-planctons-ao-nang\/#breadcrumb\"},\"inLanguage\":\"en-GB\",\"potentialAction\":[{\"@type\":\"ReadAction\",\"target\":[\"https:\/\/lunayatravel.com\/produit\/%f0%9f%8c%8c-7-islands-tour-nage-avec-les-planctons-ao-nang\/\"]}]},{\"@type\":\"ImageObject\",\"inLanguage\":\"en-GB\",\"@id\":\"https:\/\/lunayatravel.com\/produit\/%f0%9f%8c%8c-7-islands-tour-nage-avec-les-planctons-ao-nang\/#primaryimage\",\"url\":\"https:\/\/lunayatravel.com\/wp-content\/uploads\/2025\/07\/78a0191e366dcbf828c8d8b76c2a570f.jpg\",\"contentUrl\":\"https:\/\/lunayatravel.com\/wp-content\/uploads\/2025\/07\/78a0191e366dcbf828c8d8b76c2a570f.jpg\",\"width\":1920,\"height\":1080},{\"@type\":\"BreadcrumbList\",\"@id\":\"https:\/\/lunayatravel.com\/produit\/%f0%9f%8c%8c-7-islands-tour-nage-avec-les-planctons-ao-nang\/#breadcrumb\",\"itemListElement\":[{\"@type\":\"ListItem\",\"position\":1,\"name\":\"Accueil\",\"item\":\"https:\/\/lunayatravel.com\/\"},{\"@type\":\"ListItem\",\"position\":2,\"name\":\"Nos activit\u00e9s\",\"item\":\"https:\/\/lunayatravel.com\/nos-activites\/\"},{\"@type\":\"ListItem\",\"position\":3,\"name\":\"\ud83c\udf0c 7 Islands Tour &#038; Nage avec les planctons \u2013 Ao Nang\"}]},{\"@type\":\"WebSite\",\"@id\":\"https:\/\/lunayatravel.com\/#website\",\"url\":\"https:\/\/lunayatravel.com\/\",\"name\":\"\",\"description\":\"\",\"publisher\":{\"@id\":\"https:\/\/lunayatravel.com\/#organization\"},\"potentialAction\":[{\"@type\":\"SearchAction\",\"target\":{\"@type\":\"EntryPoint\",\"urlTemplate\":\"https:\/\/lunayatravel.com\/?s={search_term_string}\"},\"query-input\":{\"@type\":\"PropertyValueSpecification\",\"valueRequired\":true,\"valueName\":\"search_term_string\"}}],\"inLanguage\":\"en-GB\"},{\"@type\":\"Organization\",\"@id\":\"https:\/\/lunayatravel.com\/#organization\",\"name\":\"Lunaya travel\",\"alternateName\":\"Lunaya travel\",\"url\":\"https:\/\/lunayatravel.com\/\",\"logo\":{\"@type\":\"ImageObject\",\"inLanguage\":\"en-GB\",\"@id\":\"https:\/\/lunayatravel.com\/#\/schema\/logo\/image\/\",\"url\":\"https:\/\/lunayatravel.com\/wp-content\/uploads\/2026\/03\/cropped-647319118_2379115739204013_337015058165053143_n.jpg\",\"contentUrl\":\"https:\/\/lunayatravel.com\/wp-content\/uploads\/2026\/03\/cropped-647319118_2379115739204013_337015058165053143_n.jpg\",\"width\":1022,\"height\":1023,\"caption\":\"Lunaya travel\"},\"image\":{\"@id\":\"https:\/\/lunayatravel.com\/#\/schema\/logo\/image\/\"},\"sameAs\":[\"https:\/\/www.facebook.com\/lunayaTravel\/\"]}]}<\/script>\n<!-- \/ Yoast SEO plugin. -->","yoast_head_json":{"title":"\ud83c\udf0c 7 Islands Tour & Nage avec les planctons \u2013 Ao Nang -","robots":{"index":"index","follow":"follow","max-snippet":"max-snippet:-1","max-image-preview":"max-image-preview:large","max-video-preview":"max-video-preview:-1"},"canonical":"https:\/\/lunayatravel.com\/en\/product\/\ud83c\udf0c-7-islands-tour-nage-avec-les-planctons-ao-nang\/","og_locale":"en_GB","og_type":"article","og_title":"\ud83c\udf0c 7 Islands Tour & Nage avec les planctons \u2013 Ao Nang -","og_description":"\u2728 Description :  Partez pour une aventure unique entre \u00eeles paradisiaques, snorkeling, coucher de soleil et nage nocturne avec les planctons bioluminescents.  Cette excursion vous emm\u00e8ne \u00e0 la d\u00e9couverte de 7 \u00eeles autour d\u2019Ao Nang, toutes diff\u00e9rentes et spectaculaires. Vous explorerez des plages sauvages, ferez du snorkeling parmi les poissons tropicaux (et peut-\u00eatre Nemo \ud83d\udc20), et terminerez la journ\u00e9e avec un d\u00eener barbecue sur la plage.  Le clou du spectacle : une baignade de nuit dans un lagon peu profond illumin\u00e9 par les planctons fluorescents \u2013 un moment magique et inoubliable","og_url":"https:\/\/lunayatravel.com\/en\/product\/\ud83c\udf0c-7-islands-tour-nage-avec-les-planctons-ao-nang\/","article_publisher":"https:\/\/www.facebook.com\/lunayaTravel\/","article_modified_time":"2025-07-16T06:04:11+00:00","og_image":[{"width":1920,"height":1080,"url":"https:\/\/lunayatravel.com\/wp-content\/uploads\/2025\/07\/78a0191e366dcbf828c8d8b76c2a570f.jpg","type":"image\/jpeg"}],"twitter_card":"summary_large_image","schema":{"@context":"https:\/\/schema.org","@graph":[{"@type":"WebPage","@id":"https:\/\/lunayatravel.com\/produit\/%f0%9f%8c%8c-7-islands-tour-nage-avec-les-planctons-ao-nang\/","url":"https:\/\/lunayatravel.com\/produit\/%f0%9f%8c%8c-7-islands-tour-nage-avec-les-planctons-ao-nang\/","name":"\ud83c\udf0c 7 Islands Tour & Nage avec les planctons \u2013 Ao Nang -","isPartOf":{"@id":"https:\/\/lunayatravel.com\/#website"},"primaryImageOfPage":{"@id":"https:\/\/lunayatravel.com\/produit\/%f0%9f%8c%8c-7-islands-tour-nage-avec-les-planctons-ao-nang\/#primaryimage"},"image":{"@id":"https:\/\/lunayatravel.com\/produit\/%f0%9f%8c%8c-7-islands-tour-nage-avec-les-planctons-ao-nang\/#primaryimage"},"thumbnailUrl":"https:\/\/lunayatravel.com\/wp-content\/uploads\/2025\/07\/78a0191e366dcbf828c8d8b76c2a570f.jpg","datePublished":"2025-07-16T05:58:17+00:00","dateModified":"2025-07-16T06:04:11+00:00","breadcrumb":{"@id":"https:\/\/lunayatravel.com\/produit\/%f0%9f%8c%8c-7-islands-tour-nage-avec-les-planctons-ao-nang\/#breadcrumb"},"inLanguage":"en-GB","potentialAction":[{"@type":"ReadAction","target":["https:\/\/lunayatravel.com\/produit\/%f0%9f%8c%8c-7-islands-tour-nage-avec-les-planctons-ao-nang\/"]}]},{"@type":"ImageObject","inLanguage":"en-GB","@id":"https:\/\/lunayatravel.com\/produit\/%f0%9f%8c%8c-7-islands-tour-nage-avec-les-planctons-ao-nang\/#primaryimage","url":"https:\/\/lunayatravel.com\/wp-content\/uploads\/2025\/07\/78a0191e366dcbf828c8d8b76c2a570f.jpg","contentUrl":"https:\/\/lunayatravel.com\/wp-content\/uploads\/2025\/07\/78a0191e366dcbf828c8d8b76c2a570f.jpg","width":1920,"height":1080},{"@type":"BreadcrumbList","@id":"https:\/\/lunayatravel.com\/produit\/%f0%9f%8c%8c-7-islands-tour-nage-avec-les-planctons-ao-nang\/#breadcrumb","itemListElement":[{"@type":"ListItem","position":1,"name":"Accueil","item":"https:\/\/lunayatravel.com\/"},{"@type":"ListItem","position":2,"name":"Nos activit\u00e9s","item":"https:\/\/lunayatravel.com\/nos-activites\/"},{"@type":"ListItem","position":3,"name":"\ud83c\udf0c 7 Islands Tour &#038; Nage avec les planctons \u2013 Ao Nang"}]},{"@type":"WebSite","@id":"https:\/\/lunayatravel.com\/#website","url":"https:\/\/lunayatravel.com\/","name":"","description":"","publisher":{"@id":"https:\/\/lunayatravel.com\/#organization"},"potentialAction":[{"@type":"SearchAction","target":{"@type":"EntryPoint","urlTemplate":"https:\/\/lunayatravel.com\/?s={search_term_string}"},"query-input":{"@type":"PropertyValueSpecification","valueRequired":true,"valueName":"search_term_string"}}],"inLanguage":"en-GB"},{"@type":"Organization","@id":"https:\/\/lunayatravel.com\/#organization","name":"Lunaya travel","alternateName":"Lunaya travel","url":"https:\/\/lunayatravel.com\/","logo":{"@type":"ImageObject","inLanguage":"en-GB","@id":"https:\/\/lunayatravel.com\/#\/schema\/logo\/image\/","url":"https:\/\/lunayatravel.com\/wp-content\/uploads\/2026\/03\/cropped-647319118_2379115739204013_337015058165053143_n.jpg","contentUrl":"https:\/\/lunayatravel.com\/wp-content\/uploads\/2026\/03\/cropped-647319118_2379115739204013_337015058165053143_n.jpg","width":1022,"height":1023,"caption":"Lunaya travel"},"image":{"@id":"https:\/\/lunayatravel.com\/#\/schema\/logo\/image\/"},"sameAs":["https:\/\/www.facebook.com\/lunayaTravel\/"]}]}},"uagb_featured_image_src":{"full":["https:\/\/lunayatravel.com\/wp-content\/uploads\/2025\/07\/78a0191e366dcbf828c8d8b76c2a570f.jpg",1920,1080,false],"thumbnail":["https:\/\/lunayatravel.com\/wp-content\/uploads\/2025\/07\/78a0191e366dcbf828c8d8b76c2a570f-150x150.jpg",150,150,true],"medium":["https:\/\/lunayatravel.com\/wp-content\/uploads\/2025\/07\/78a0191e366dcbf828c8d8b76c2a570f-300x169.jpg",300,169,true],"medium_large":["https:\/\/lunayatravel.com\/wp-content\/uploads\/2025\/07\/78a0191e366dcbf828c8d8b76c2a570f-768x432.jpg",768,432,true],"large":["https:\/\/lunayatravel.com\/wp-content\/uploads\/2025\/07\/78a0191e366dcbf828c8d8b76c2a570f-1024x576.jpg",1024,576,true],"1536x1536":["https:\/\/lunayatravel.com\/wp-content\/uploads\/2025\/07\/78a0191e366dcbf828c8d8b76c2a570f-1536x864.jpg",1536,864,true],"2048x2048":["https:\/\/lunayatravel.com\/wp-content\/uploads\/2025\/07\/78a0191e366dcbf828c8d8b76c2a570f.jpg",1920,1080,false],"trp-custom-language-flag":["https:\/\/lunayatravel.com\/wp-content\/uploads\/2025\/07\/78a0191e366dcbf828c8d8b76c2a570f.jpg",18,10,false],"widget-thumbnail":["https:\/\/lunayatravel.com\/wp-content\/uploads\/2025\/07\/78a0191e366dcbf828c8d8b76c2a570f-75x75.jpg",75,75,true],"mailpoet_newsletter_max":["https:\/\/lunayatravel.com\/wp-content\/uploads\/2025\/07\/78a0191e366dcbf828c8d8b76c2a570f-1320x743.jpg",1320,743,true],"woocommerce_thumbnail":["https:\/\/lunayatravel.com\/wp-content\/uploads\/2025\/07\/78a0191e366dcbf828c8d8b76c2a570f-300x300.jpg",300,300,true],"woocommerce_single":["https:\/\/lunayatravel.com\/wp-content\/uploads\/2025\/07\/78a0191e366dcbf828c8d8b76c2a570f-600x338.jpg",600,338,true],"woocommerce_gallery_thumbnail":["https:\/\/lunayatravel.com\/wp-content\/uploads\/2025\/07\/78a0191e366dcbf828c8d8b76c2a570f-100x100.jpg",100,100,true],"sow-carousel-default":["https:\/\/lunayatravel.com\/wp-content\/uploads\/2025\/07\/78a0191e366dcbf828c8d8b76c2a570f-272x182.jpg",272,182,true]},"uagb_author_info":{"display_name":"haemers stephanie","author_link":"https:\/\/lunayatravel.com\/en\/author\/"},"uagb_comment_info":0,"uagb_excerpt":"\u2728 Description : Partez pour une aventure unique entre \u00eeles paradisiaques, snorkeling, coucher de soleil et nage nocturne avec les planctons bioluminescents. Cette excursion vous emm\u00e8ne \u00e0 la d\u00e9couverte de 7 \u00eeles autour d\u2019Ao Nang, toutes diff\u00e9rentes et spectaculaires. Vous explorerez des plages sauvages, ferez du snorkeling parmi les poissons tropicaux (et peut-\u00eatre Nemo \ud83d\udc20),&hellip;","jetpack_sharing_enabled":true,"_links":{"self":[{"href":"https:\/\/lunayatravel.com\/en\/wp-json\/wp\/v2\/product\/29823","targetHints":{"allow":["GET"]}}],"collection":[{"href":"https:\/\/lunayatravel.com\/en\/wp-json\/wp\/v2\/product"}],"about":[{"href":"https:\/\/lunayatravel.com\/en\/wp-json\/wp\/v2\/types\/product"}],"replies":[{"embeddable":true,"href":"https:\/\/lunayatravel.com\/en\/wp-json\/wp\/v2\/comments?post=29823"}],"wp:featuredmedia":[{"embeddable":true,"href":"https:\/\/lunayatravel.com\/en\/wp-json\/wp\/v2\/media\/29826"}],"wp:attachment":[{"href":"https:\/\/lunayatravel.com\/en\/wp-json\/wp\/v2\/media?parent=29823"}],"wp:term":[{"taxonomy":"product_brand","embeddable":true,"href":"https:\/\/lunayatravel.com\/en\/wp-json\/wp\/v2\/product_brand?post=29823"},{"taxonomy":"product_cat","embeddable":true,"href":"https:\/\/lunayatravel.com\/en\/wp-json\/wp\/v2\/product_cat?post=29823"},{"taxonomy":"product_tag","embeddable":true,"href":"https:\/\/lunayatravel.com\/en\/wp-json\/wp\/v2\/product_tag?post=29823"}],"curies":[{"name":"wp","href":"https:\/\/api.w.org\/{rel}","templated":true}]}}