{"id":29821,"date":"2025-07-16T06:53:00","date_gmt":"2025-07-16T04:53:00","guid":{"rendered":"https:\/\/itctoursvoyages.com\/?post_type=product&#038;p=29821"},"modified":"2026-01-30T12:04:05","modified_gmt":"2026-01-30T11:04:05","slug":"%f0%9f%8c%b4-visite-terrestre-privee-de-koh-phangan","status":"publish","type":"product","link":"https:\/\/lunayatravel.com\/en\/product\/%f0%9f%8c%b4-visite-terrestre-privee-de-koh-phangan\/","title":{"rendered":"\ud83c\udf34 Private land tour of Koh Phangan"},"content":{"rendered":"<p>GROUPS OF 2 TO 5 PEOPLE<\/p>\n<p><strong>\ud83d\udfe3 Included in the tour :<\/strong><br \/>\n\ud83d\udfe3 Experienced tour guide &amp; driver<br \/>\n\ud83d\udfe3 Approved private air-conditioned vehicle<br \/>\n\ud83d\udfe3 Snorkelling equipment<br \/>\n\ud83d\udfe3 Drinking water &amp; soft drinks<br \/>\n\ud83d\udfe3 Insurance<br \/>\n\ud83d\udfe3 Return transfers from your hotel*.<\/p>\n<p><strong>\ud83e\uddf3 What to expect:<\/strong><\/p>\n<ul>\n<li>Hat, sun cream<\/li>\n<li>Towel, swimming costume<\/li>\n<li>Sunglasses<\/li>\n<li>Comfortable walking shoes<\/li>\n<li>Cash for snacks, drinks, souvenirs or lunch<\/li>\n<\/ul>\n<p><strong>\ud83d\udca1 Good to know:<\/strong><br \/>\n\u2b50 Entrance to Than Sadet National Park not included (THB 100 per person).<br \/>\n\u2b50 Tours are subject to weather and availability - please contact us before booking.<br \/>\n\u2b50 Transfers included from most areas of Koh Phangan<br \/>\n\u2b50 A fee of 300 THB\/person applies for Thong Nai Pan<br \/>\n\u274c No transfers from Haad Yuan or Haad Tien<\/p>\n<p><strong>\ud83c\udf1f Highlights:<\/strong><br \/>\n\u2714\ufe0f Private tour 100 % personalised<br \/>\n\u2714\ufe0f Iconic sites and heavenly beaches<br \/>\n\u2714\ufe0f Waterfalls, snorkelling &amp; temples<br \/>\n\u2714\ufe0f Local guide to discover the island's secrets<br \/>\n\u2714\ufe0f Comfort of a private air-conditioned vehicle<\/p>","protected":false},"excerpt":{"rendered":"<p><strong data-start=\"66\" data-end=\"126\">Explore Koh Phangan on an overland minibus tour<\/strong>, With stops at superb beaches, panoramic viewpoints and a natural waterfall. A comfortable and well-balanced way to discover the island, combining nature and spectacular scenery.<\/p>","protected":false},"featured_media":30789,"comment_status":"open","ping_status":"closed","template":"","meta":{"_uag_custom_page_level_css":""},"product_brand":[],"product_cat":[32],"product_tag":[],"class_list":{"0":"post-29821","1":"product","2":"type-product","3":"status-publish","4":"has-post-thumbnail","6":"product_cat-kho-phangan","8":"first","9":"instock","10":"sale","11":"virtual","12":"taxable","13":"purchasable","14":"product-type-simple"},"yoast_head":"<!-- This site is optimized with the Yoast SEO plugin v27.1.1 - https:\/\/yoast.com\/product\/yoast-seo-wordpress\/ -->\n<title>\ud83c\udf34 Visite terrestre priv\u00e9e de Koh Phangan -<\/title>\n<meta name=\"robots\" content=\"index, follow, max-snippet:-1, max-image-preview:large, max-video-preview:-1\" \/>\n<link rel=\"canonical\" href=\"https:\/\/lunayatravel.com\/en\/product\/\ud83c\udf34-visite-terrestre-privee-de-koh-phangan\/\" \/>\n<meta property=\"og:locale\" content=\"en_GB\" \/>\n<meta property=\"og:type\" content=\"article\" \/>\n<meta property=\"og:title\" content=\"\ud83c\udf34 Visite terrestre priv\u00e9e de Koh Phangan -\" \/>\n<meta property=\"og:description\" content=\"Explorez Koh Phangan lors d\u2019un tour terrestre en minibus, avec des arr\u00eats sur de superbes plages, des points de vue panoramiques et une cascade naturelle. Une d\u00e9couverte confortable et \u00e9quilibr\u00e9e de l\u2019\u00eele, entre nature et paysages spectaculaires.\" \/>\n<meta property=\"og:url\" content=\"https:\/\/lunayatravel.com\/en\/product\/\ud83c\udf34-visite-terrestre-privee-de-koh-phangan\/\" \/>\n<meta property=\"article:publisher\" content=\"https:\/\/www.facebook.com\/lunayaTravel\/\" \/>\n<meta property=\"article:modified_time\" content=\"2026-01-30T11:04:05+00:00\" \/>\n<meta property=\"og:image\" content=\"https:\/\/lunayatravel.com\/wp-content\/uploads\/2025\/07\/thefunkyturtle.com-restaurants-on-mae-haad-beach-koh-tao-thailand-fotor-enhance-20250919174432-scaled.jpg\" \/>\n\t<meta property=\"og:image:width\" content=\"2560\" \/>\n\t<meta property=\"og:image:height\" content=\"1443\" \/>\n\t<meta property=\"og:image:type\" content=\"image\/jpeg\" \/>\n<meta name=\"twitter:card\" content=\"summary_large_image\" \/>\n<meta name=\"twitter:label1\" content=\"Estimated reading time\" \/>\n\t<meta name=\"twitter:data1\" content=\"1 minute\" \/>\n<script type=\"application\/ld+json\" class=\"yoast-schema-graph\">{\"@context\":\"https:\/\/schema.org\",\"@graph\":[{\"@type\":\"WebPage\",\"@id\":\"https:\/\/lunayatravel.com\/produit\/%f0%9f%8c%b4-visite-terrestre-privee-de-koh-phangan\/\",\"url\":\"https:\/\/lunayatravel.com\/produit\/%f0%9f%8c%b4-visite-terrestre-privee-de-koh-phangan\/\",\"name\":\"\ud83c\udf34 Visite terrestre priv\u00e9e de Koh Phangan -\",\"isPartOf\":{\"@id\":\"https:\/\/lunayatravel.com\/#website\"},\"primaryImageOfPage\":{\"@id\":\"https:\/\/lunayatravel.com\/produit\/%f0%9f%8c%b4-visite-terrestre-privee-de-koh-phangan\/#primaryimage\"},\"image\":{\"@id\":\"https:\/\/lunayatravel.com\/produit\/%f0%9f%8c%b4-visite-terrestre-privee-de-koh-phangan\/#primaryimage\"},\"thumbnailUrl\":\"https:\/\/lunayatravel.com\/wp-content\/uploads\/2025\/07\/thefunkyturtle.com-restaurants-on-mae-haad-beach-koh-tao-thailand-fotor-enhance-20250919174432-scaled.jpg\",\"datePublished\":\"2025-07-16T04:53:00+00:00\",\"dateModified\":\"2026-01-30T11:04:05+00:00\",\"breadcrumb\":{\"@id\":\"https:\/\/lunayatravel.com\/produit\/%f0%9f%8c%b4-visite-terrestre-privee-de-koh-phangan\/#breadcrumb\"},\"inLanguage\":\"en-GB\",\"potentialAction\":[{\"@type\":\"ReadAction\",\"target\":[\"https:\/\/lunayatravel.com\/produit\/%f0%9f%8c%b4-visite-terrestre-privee-de-koh-phangan\/\"]}]},{\"@type\":\"ImageObject\",\"inLanguage\":\"en-GB\",\"@id\":\"https:\/\/lunayatravel.com\/produit\/%f0%9f%8c%b4-visite-terrestre-privee-de-koh-phangan\/#primaryimage\",\"url\":\"https:\/\/lunayatravel.com\/wp-content\/uploads\/2025\/07\/thefunkyturtle.com-restaurants-on-mae-haad-beach-koh-tao-thailand-fotor-enhance-20250919174432-scaled.jpg\",\"contentUrl\":\"https:\/\/lunayatravel.com\/wp-content\/uploads\/2025\/07\/thefunkyturtle.com-restaurants-on-mae-haad-beach-koh-tao-thailand-fotor-enhance-20250919174432-scaled.jpg\",\"width\":2560,\"height\":1443},{\"@type\":\"BreadcrumbList\",\"@id\":\"https:\/\/lunayatravel.com\/produit\/%f0%9f%8c%b4-visite-terrestre-privee-de-koh-phangan\/#breadcrumb\",\"itemListElement\":[{\"@type\":\"ListItem\",\"position\":1,\"name\":\"Accueil\",\"item\":\"https:\/\/lunayatravel.com\/\"},{\"@type\":\"ListItem\",\"position\":2,\"name\":\"Nos activit\u00e9s\",\"item\":\"https:\/\/lunayatravel.com\/nos-activites\/\"},{\"@type\":\"ListItem\",\"position\":3,\"name\":\"\ud83c\udf34 Visite terrestre priv\u00e9e de Koh Phangan\"}]},{\"@type\":\"WebSite\",\"@id\":\"https:\/\/lunayatravel.com\/#website\",\"url\":\"https:\/\/lunayatravel.com\/\",\"name\":\"\",\"description\":\"\",\"publisher\":{\"@id\":\"https:\/\/lunayatravel.com\/#organization\"},\"potentialAction\":[{\"@type\":\"SearchAction\",\"target\":{\"@type\":\"EntryPoint\",\"urlTemplate\":\"https:\/\/lunayatravel.com\/?s={search_term_string}\"},\"query-input\":{\"@type\":\"PropertyValueSpecification\",\"valueRequired\":true,\"valueName\":\"search_term_string\"}}],\"inLanguage\":\"en-GB\"},{\"@type\":\"Organization\",\"@id\":\"https:\/\/lunayatravel.com\/#organization\",\"name\":\"Lunaya travel\",\"alternateName\":\"Lunaya travel\",\"url\":\"https:\/\/lunayatravel.com\/\",\"logo\":{\"@type\":\"ImageObject\",\"inLanguage\":\"en-GB\",\"@id\":\"https:\/\/lunayatravel.com\/#\/schema\/logo\/image\/\",\"url\":\"https:\/\/lunayatravel.com\/wp-content\/uploads\/2026\/03\/cropped-647319118_2379115739204013_337015058165053143_n.jpg\",\"contentUrl\":\"https:\/\/lunayatravel.com\/wp-content\/uploads\/2026\/03\/cropped-647319118_2379115739204013_337015058165053143_n.jpg\",\"width\":1022,\"height\":1023,\"caption\":\"Lunaya travel\"},\"image\":{\"@id\":\"https:\/\/lunayatravel.com\/#\/schema\/logo\/image\/\"},\"sameAs\":[\"https:\/\/www.facebook.com\/lunayaTravel\/\"]}]}<\/script>\n<!-- \/ Yoast SEO plugin. -->","yoast_head_json":{"title":"\ud83c\udf34 Visite terrestre priv\u00e9e de Koh Phangan -","robots":{"index":"index","follow":"follow","max-snippet":"max-snippet:-1","max-image-preview":"max-image-preview:large","max-video-preview":"max-video-preview:-1"},"canonical":"https:\/\/lunayatravel.com\/en\/product\/\ud83c\udf34-visite-terrestre-privee-de-koh-phangan\/","og_locale":"en_GB","og_type":"article","og_title":"\ud83c\udf34 Visite terrestre priv\u00e9e de Koh Phangan -","og_description":"Explorez Koh Phangan lors d\u2019un tour terrestre en minibus, avec des arr\u00eats sur de superbes plages, des points de vue panoramiques et une cascade naturelle. Une d\u00e9couverte confortable et \u00e9quilibr\u00e9e de l\u2019\u00eele, entre nature et paysages spectaculaires.","og_url":"https:\/\/lunayatravel.com\/en\/product\/\ud83c\udf34-visite-terrestre-privee-de-koh-phangan\/","article_publisher":"https:\/\/www.facebook.com\/lunayaTravel\/","article_modified_time":"2026-01-30T11:04:05+00:00","og_image":[{"width":2560,"height":1443,"url":"https:\/\/lunayatravel.com\/wp-content\/uploads\/2025\/07\/thefunkyturtle.com-restaurants-on-mae-haad-beach-koh-tao-thailand-fotor-enhance-20250919174432-scaled.jpg","type":"image\/jpeg"}],"twitter_card":"summary_large_image","twitter_misc":{"Estimated reading time":"1 minute"},"schema":{"@context":"https:\/\/schema.org","@graph":[{"@type":"WebPage","@id":"https:\/\/lunayatravel.com\/produit\/%f0%9f%8c%b4-visite-terrestre-privee-de-koh-phangan\/","url":"https:\/\/lunayatravel.com\/produit\/%f0%9f%8c%b4-visite-terrestre-privee-de-koh-phangan\/","name":"\ud83c\udf34 Visite terrestre priv\u00e9e de Koh Phangan -","isPartOf":{"@id":"https:\/\/lunayatravel.com\/#website"},"primaryImageOfPage":{"@id":"https:\/\/lunayatravel.com\/produit\/%f0%9f%8c%b4-visite-terrestre-privee-de-koh-phangan\/#primaryimage"},"image":{"@id":"https:\/\/lunayatravel.com\/produit\/%f0%9f%8c%b4-visite-terrestre-privee-de-koh-phangan\/#primaryimage"},"thumbnailUrl":"https:\/\/lunayatravel.com\/wp-content\/uploads\/2025\/07\/thefunkyturtle.com-restaurants-on-mae-haad-beach-koh-tao-thailand-fotor-enhance-20250919174432-scaled.jpg","datePublished":"2025-07-16T04:53:00+00:00","dateModified":"2026-01-30T11:04:05+00:00","breadcrumb":{"@id":"https:\/\/lunayatravel.com\/produit\/%f0%9f%8c%b4-visite-terrestre-privee-de-koh-phangan\/#breadcrumb"},"inLanguage":"en-GB","potentialAction":[{"@type":"ReadAction","target":["https:\/\/lunayatravel.com\/produit\/%f0%9f%8c%b4-visite-terrestre-privee-de-koh-phangan\/"]}]},{"@type":"ImageObject","inLanguage":"en-GB","@id":"https:\/\/lunayatravel.com\/produit\/%f0%9f%8c%b4-visite-terrestre-privee-de-koh-phangan\/#primaryimage","url":"https:\/\/lunayatravel.com\/wp-content\/uploads\/2025\/07\/thefunkyturtle.com-restaurants-on-mae-haad-beach-koh-tao-thailand-fotor-enhance-20250919174432-scaled.jpg","contentUrl":"https:\/\/lunayatravel.com\/wp-content\/uploads\/2025\/07\/thefunkyturtle.com-restaurants-on-mae-haad-beach-koh-tao-thailand-fotor-enhance-20250919174432-scaled.jpg","width":2560,"height":1443},{"@type":"BreadcrumbList","@id":"https:\/\/lunayatravel.com\/produit\/%f0%9f%8c%b4-visite-terrestre-privee-de-koh-phangan\/#breadcrumb","itemListElement":[{"@type":"ListItem","position":1,"name":"Accueil","item":"https:\/\/lunayatravel.com\/"},{"@type":"ListItem","position":2,"name":"Nos activit\u00e9s","item":"https:\/\/lunayatravel.com\/nos-activites\/"},{"@type":"ListItem","position":3,"name":"\ud83c\udf34 Visite terrestre priv\u00e9e de Koh Phangan"}]},{"@type":"WebSite","@id":"https:\/\/lunayatravel.com\/#website","url":"https:\/\/lunayatravel.com\/","name":"","description":"","publisher":{"@id":"https:\/\/lunayatravel.com\/#organization"},"potentialAction":[{"@type":"SearchAction","target":{"@type":"EntryPoint","urlTemplate":"https:\/\/lunayatravel.com\/?s={search_term_string}"},"query-input":{"@type":"PropertyValueSpecification","valueRequired":true,"valueName":"search_term_string"}}],"inLanguage":"en-GB"},{"@type":"Organization","@id":"https:\/\/lunayatravel.com\/#organization","name":"Lunaya travel","alternateName":"Lunaya travel","url":"https:\/\/lunayatravel.com\/","logo":{"@type":"ImageObject","inLanguage":"en-GB","@id":"https:\/\/lunayatravel.com\/#\/schema\/logo\/image\/","url":"https:\/\/lunayatravel.com\/wp-content\/uploads\/2026\/03\/cropped-647319118_2379115739204013_337015058165053143_n.jpg","contentUrl":"https:\/\/lunayatravel.com\/wp-content\/uploads\/2026\/03\/cropped-647319118_2379115739204013_337015058165053143_n.jpg","width":1022,"height":1023,"caption":"Lunaya travel"},"image":{"@id":"https:\/\/lunayatravel.com\/#\/schema\/logo\/image\/"},"sameAs":["https:\/\/www.facebook.com\/lunayaTravel\/"]}]}},"uagb_featured_image_src":{"full":["https:\/\/lunayatravel.com\/wp-content\/uploads\/2025\/07\/thefunkyturtle.com-restaurants-on-mae-haad-beach-koh-tao-thailand-fotor-enhance-20250919174432-scaled.jpg",2560,1443,false],"thumbnail":["https:\/\/lunayatravel.com\/wp-content\/uploads\/2025\/07\/thefunkyturtle.com-restaurants-on-mae-haad-beach-koh-tao-thailand-fotor-enhance-20250919174432-150x150.jpg",150,150,true],"medium":["https:\/\/lunayatravel.com\/wp-content\/uploads\/2025\/07\/thefunkyturtle.com-restaurants-on-mae-haad-beach-koh-tao-thailand-fotor-enhance-20250919174432-300x169.jpg",300,169,true],"medium_large":["https:\/\/lunayatravel.com\/wp-content\/uploads\/2025\/07\/thefunkyturtle.com-restaurants-on-mae-haad-beach-koh-tao-thailand-fotor-enhance-20250919174432-768x433.jpg",768,433,true],"large":["https:\/\/lunayatravel.com\/wp-content\/uploads\/2025\/07\/thefunkyturtle.com-restaurants-on-mae-haad-beach-koh-tao-thailand-fotor-enhance-20250919174432-1024x577.jpg",1024,577,true],"1536x1536":["https:\/\/lunayatravel.com\/wp-content\/uploads\/2025\/07\/thefunkyturtle.com-restaurants-on-mae-haad-beach-koh-tao-thailand-fotor-enhance-20250919174432-1536x866.jpg",1536,866,true],"2048x2048":["https:\/\/lunayatravel.com\/wp-content\/uploads\/2025\/07\/thefunkyturtle.com-restaurants-on-mae-haad-beach-koh-tao-thailand-fotor-enhance-20250919174432-2048x1155.jpg",2048,1155,true],"trp-custom-language-flag":["https:\/\/lunayatravel.com\/wp-content\/uploads\/2025\/07\/thefunkyturtle.com-restaurants-on-mae-haad-beach-koh-tao-thailand-fotor-enhance-20250919174432-18x10.jpg",18,10,true],"widget-thumbnail":["https:\/\/lunayatravel.com\/wp-content\/uploads\/2025\/07\/thefunkyturtle.com-restaurants-on-mae-haad-beach-koh-tao-thailand-fotor-enhance-20250919174432-75x75.jpg",75,75,true],"mailpoet_newsletter_max":["https:\/\/lunayatravel.com\/wp-content\/uploads\/2025\/07\/thefunkyturtle.com-restaurants-on-mae-haad-beach-koh-tao-thailand-fotor-enhance-20250919174432-1320x744.jpg",1320,744,true],"woocommerce_thumbnail":["https:\/\/lunayatravel.com\/wp-content\/uploads\/2025\/07\/thefunkyturtle.com-restaurants-on-mae-haad-beach-koh-tao-thailand-fotor-enhance-20250919174432-300x300.jpg",300,300,true],"woocommerce_single":["https:\/\/lunayatravel.com\/wp-content\/uploads\/2025\/07\/thefunkyturtle.com-restaurants-on-mae-haad-beach-koh-tao-thailand-fotor-enhance-20250919174432-600x338.jpg",600,338,true],"woocommerce_gallery_thumbnail":["https:\/\/lunayatravel.com\/wp-content\/uploads\/2025\/07\/thefunkyturtle.com-restaurants-on-mae-haad-beach-koh-tao-thailand-fotor-enhance-20250919174432-100x100.jpg",100,100,true],"sow-carousel-default":["https:\/\/lunayatravel.com\/wp-content\/uploads\/2025\/07\/thefunkyturtle.com-restaurants-on-mae-haad-beach-koh-tao-thailand-fotor-enhance-20250919174432-272x182.jpg",272,182,true]},"uagb_author_info":{"display_name":"haemers stephanie","author_link":"https:\/\/lunayatravel.com\/en\/author\/"},"uagb_comment_info":0,"uagb_excerpt":"Explorez Koh Phangan lors d\u2019un tour terrestre en minibus, avec des arr\u00eats sur de superbes plages, des points de vue panoramiques et une cascade naturelle. Une d\u00e9couverte confortable et \u00e9quilibr\u00e9e de l\u2019\u00eele, entre nature et paysages spectaculaires.","jetpack_sharing_enabled":true,"_links":{"self":[{"href":"https:\/\/lunayatravel.com\/en\/wp-json\/wp\/v2\/product\/29821","targetHints":{"allow":["GET"]}}],"collection":[{"href":"https:\/\/lunayatravel.com\/en\/wp-json\/wp\/v2\/product"}],"about":[{"href":"https:\/\/lunayatravel.com\/en\/wp-json\/wp\/v2\/types\/product"}],"replies":[{"embeddable":true,"href":"https:\/\/lunayatravel.com\/en\/wp-json\/wp\/v2\/comments?post=29821"}],"wp:featuredmedia":[{"embeddable":true,"href":"https:\/\/lunayatravel.com\/en\/wp-json\/wp\/v2\/media\/30789"}],"wp:attachment":[{"href":"https:\/\/lunayatravel.com\/en\/wp-json\/wp\/v2\/media?parent=29821"}],"wp:term":[{"taxonomy":"product_brand","embeddable":true,"href":"https:\/\/lunayatravel.com\/en\/wp-json\/wp\/v2\/product_brand?post=29821"},{"taxonomy":"product_cat","embeddable":true,"href":"https:\/\/lunayatravel.com\/en\/wp-json\/wp\/v2\/product_cat?post=29821"},{"taxonomy":"product_tag","embeddable":true,"href":"https:\/\/lunayatravel.com\/en\/wp-json\/wp\/v2\/product_tag?post=29821"}],"curies":[{"name":"wp","href":"https:\/\/api.w.org\/{rel}","templated":true}]}}