{"id":29816,"date":"2025-07-16T06:34:19","date_gmt":"2025-07-16T04:34:19","guid":{"rendered":"https:\/\/itctoursvoyages.com\/?post_type=product&#038;p=29816"},"modified":"2026-01-30T10:29:05","modified_gmt":"2026-01-30T09:29:05","slug":"%f0%9f%8f%9d%ef%b8%8f-excursion-a-la-journee-koh-tao-koh-nang-yuan","status":"publish","type":"product","link":"https:\/\/lunayatravel.com\/en\/product\/%f0%9f%8f%9d%ef%b8%8f-excursion-a-la-journee-koh-tao-koh-nang-yuan\/","title":{"rendered":"\ud83c\udfdd\ufe0f Day trip - Koh Tao &amp; Koh Nang Yuan"},"content":{"rendered":"<p><strong>\ud83d\udd39<\/strong><strong> Included in the excursion :<\/strong><\/p>\n<p>\ud83d\udfe3 Transfers from your hotel on Koh Phangan<br \/>\n\ud83d\udfe3 Return speed boat transfer<br \/>\n\ud83d\udfe3 Snorkelling equipment<br \/>\n\ud83d\udfe3 Water, soft drinks and fruit<br \/>\n\ud83d\udfe3 Buffet lunch on Koh Tao<br \/>\n\ud83d\udfe3 Experienced English-speaking guide<br \/>\n\ud83d\udfe3 Visit to Koh Nang Yuan + Koh Tao beaches<br \/>\n\ud83d\udfe3 Licensed boat crew and air-conditioned vehicle<\/p>\n<p><strong>\u23f0 Itinerary :<\/strong><\/p>\n<p>08.00-08.45: Transfer from your hotel<br \/>\n09:30: Departure by speedboat<br \/>\n10.15am: Snorkelling at Koh Nang Yuan<br \/>\n12.15pm: Panoramic walk to Koh Tao<br \/>\n12.45pm: Buffet lunch on the beach<br \/>\n1.45pm: Snorkelling on Koh Tao<br \/>\n3.15pm: Return by boat<br \/>\n16:30: Arrival on Koh Phangan and hotel transfer<\/p>\n<p><strong>\u26a0\ufe0f<\/strong><strong> National Park entrance fee<\/strong> : +250 THB\/adult, +150 THB\/child<br \/>\n<strong>\u26a0\ufe0f<\/strong><strong> Thong Nai Pan taxi supplement<\/strong> : +300 THB\/person<\/p>\n<p><strong>\ud83d\udca1<\/strong><strong> Highlights:<\/strong><\/p>\n<p>\u2728 Koh Nang Yuan: a unique private island<br \/>\n\u2728 Snorkelling in crystal-clear waters<br \/>\n\u2728 Koh Tao's pristine beaches<br \/>\n\u2728 Buffet lunch with your feet in the sand<br \/>\n\u2728 Smooth organisation with transfers included<\/p>","protected":false},"excerpt":{"rendered":"<p><strong>Embark on an unforgettable day between two jewels of the Gulf of Thailand: the paradise island of Koh Nang Yuan and the unspoilt beaches of Koh Tao.<\/strong> A magical experience combining snorkelling, spectacular scenery, relaxation and a buffet lunch with your feet in the water.<\/p>","protected":false},"featured_media":30786,"comment_status":"open","ping_status":"closed","template":"","meta":{"_uag_custom_page_level_css":""},"product_brand":[],"product_cat":[32],"product_tag":[],"class_list":{"0":"post-29816","1":"product","2":"type-product","3":"status-publish","4":"has-post-thumbnail","6":"product_cat-kho-phangan","8":"first","9":"instock","10":"virtual","11":"taxable","12":"purchasable","13":"product-type-simple"},"yoast_head":"<!-- This site is optimized with the Yoast SEO plugin v27.1.1 - https:\/\/yoast.com\/product\/yoast-seo-wordpress\/ -->\n<title>\ud83c\udfdd\ufe0f Excursion \u00e0 la Journ\u00e9e \u2013 Koh Tao &amp; Koh Nang Yuan -<\/title>\n<meta name=\"robots\" content=\"index, follow, max-snippet:-1, max-image-preview:large, max-video-preview:-1\" \/>\n<link rel=\"canonical\" href=\"https:\/\/lunayatravel.com\/en\/product\/\ud83c\udfdd\ufe0f-excursion-a-la-journee-koh-tao-koh-nang-yuan\/\" \/>\n<meta property=\"og:locale\" content=\"en_GB\" \/>\n<meta property=\"og:type\" content=\"article\" \/>\n<meta property=\"og:title\" content=\"\ud83c\udfdd\ufe0f Excursion \u00e0 la Journ\u00e9e \u2013 Koh Tao &amp; Koh Nang Yuan -\" \/>\n<meta property=\"og:description\" content=\"Embarquez pour une journ\u00e9e inoubliable entre deux joyaux du Golfe de Tha\u00eflande : l\u2019\u00eele paradisiaque de Koh Nang Yuan et les plages pr\u00e9serv\u00e9es de Koh Tao. Une exp\u00e9rience magique alliant snorkeling, paysages spectaculaires, d\u00e9tente et d\u00e9jeuner buffet les pieds dans l\u2019eau.\" \/>\n<meta property=\"og:url\" content=\"https:\/\/lunayatravel.com\/en\/product\/\ud83c\udfdd\ufe0f-excursion-a-la-journee-koh-tao-koh-nang-yuan\/\" \/>\n<meta property=\"article:publisher\" content=\"https:\/\/www.facebook.com\/lunayaTravel\/\" \/>\n<meta property=\"article:modified_time\" content=\"2026-01-30T09:29:05+00:00\" \/>\n<meta property=\"og:image\" content=\"https:\/\/lunayatravel.com\/wp-content\/uploads\/2025\/07\/DJI_0483-sairee-beach-koh-tao.webp\" \/>\n\t<meta property=\"og:image:width\" content=\"1260\" \/>\n\t<meta property=\"og:image:height\" content=\"865\" \/>\n\t<meta property=\"og:image:type\" content=\"image\/webp\" \/>\n<meta name=\"twitter:card\" content=\"summary_large_image\" \/>\n<meta name=\"twitter:label1\" content=\"Estimated reading time\" \/>\n\t<meta name=\"twitter:data1\" content=\"1 minute\" \/>\n<script type=\"application\/ld+json\" class=\"yoast-schema-graph\">{\"@context\":\"https:\/\/schema.org\",\"@graph\":[{\"@type\":\"WebPage\",\"@id\":\"https:\/\/lunayatravel.com\/produit\/%f0%9f%8f%9d%ef%b8%8f-excursion-a-la-journee-koh-tao-koh-nang-yuan\/\",\"url\":\"https:\/\/lunayatravel.com\/produit\/%f0%9f%8f%9d%ef%b8%8f-excursion-a-la-journee-koh-tao-koh-nang-yuan\/\",\"name\":\"\ud83c\udfdd\ufe0f Excursion \u00e0 la Journ\u00e9e \u2013 Koh Tao & Koh Nang Yuan -\",\"isPartOf\":{\"@id\":\"https:\/\/lunayatravel.com\/#website\"},\"primaryImageOfPage\":{\"@id\":\"https:\/\/lunayatravel.com\/produit\/%f0%9f%8f%9d%ef%b8%8f-excursion-a-la-journee-koh-tao-koh-nang-yuan\/#primaryimage\"},\"image\":{\"@id\":\"https:\/\/lunayatravel.com\/produit\/%f0%9f%8f%9d%ef%b8%8f-excursion-a-la-journee-koh-tao-koh-nang-yuan\/#primaryimage\"},\"thumbnailUrl\":\"https:\/\/lunayatravel.com\/wp-content\/uploads\/2025\/07\/DJI_0483-sairee-beach-koh-tao.webp\",\"datePublished\":\"2025-07-16T04:34:19+00:00\",\"dateModified\":\"2026-01-30T09:29:05+00:00\",\"breadcrumb\":{\"@id\":\"https:\/\/lunayatravel.com\/produit\/%f0%9f%8f%9d%ef%b8%8f-excursion-a-la-journee-koh-tao-koh-nang-yuan\/#breadcrumb\"},\"inLanguage\":\"en-GB\",\"potentialAction\":[{\"@type\":\"ReadAction\",\"target\":[\"https:\/\/lunayatravel.com\/produit\/%f0%9f%8f%9d%ef%b8%8f-excursion-a-la-journee-koh-tao-koh-nang-yuan\/\"]}]},{\"@type\":\"ImageObject\",\"inLanguage\":\"en-GB\",\"@id\":\"https:\/\/lunayatravel.com\/produit\/%f0%9f%8f%9d%ef%b8%8f-excursion-a-la-journee-koh-tao-koh-nang-yuan\/#primaryimage\",\"url\":\"https:\/\/lunayatravel.com\/wp-content\/uploads\/2025\/07\/DJI_0483-sairee-beach-koh-tao.webp\",\"contentUrl\":\"https:\/\/lunayatravel.com\/wp-content\/uploads\/2025\/07\/DJI_0483-sairee-beach-koh-tao.webp\",\"width\":1260,\"height\":865},{\"@type\":\"BreadcrumbList\",\"@id\":\"https:\/\/lunayatravel.com\/produit\/%f0%9f%8f%9d%ef%b8%8f-excursion-a-la-journee-koh-tao-koh-nang-yuan\/#breadcrumb\",\"itemListElement\":[{\"@type\":\"ListItem\",\"position\":1,\"name\":\"Accueil\",\"item\":\"https:\/\/lunayatravel.com\/\"},{\"@type\":\"ListItem\",\"position\":2,\"name\":\"Nos activit\u00e9s\",\"item\":\"https:\/\/lunayatravel.com\/nos-activites\/\"},{\"@type\":\"ListItem\",\"position\":3,\"name\":\"\ud83c\udfdd\ufe0f Excursion \u00e0 la Journ\u00e9e \u2013 Koh Tao &#038; Koh Nang Yuan\"}]},{\"@type\":\"WebSite\",\"@id\":\"https:\/\/lunayatravel.com\/#website\",\"url\":\"https:\/\/lunayatravel.com\/\",\"name\":\"\",\"description\":\"\",\"publisher\":{\"@id\":\"https:\/\/lunayatravel.com\/#organization\"},\"potentialAction\":[{\"@type\":\"SearchAction\",\"target\":{\"@type\":\"EntryPoint\",\"urlTemplate\":\"https:\/\/lunayatravel.com\/?s={search_term_string}\"},\"query-input\":{\"@type\":\"PropertyValueSpecification\",\"valueRequired\":true,\"valueName\":\"search_term_string\"}}],\"inLanguage\":\"en-GB\"},{\"@type\":\"Organization\",\"@id\":\"https:\/\/lunayatravel.com\/#organization\",\"name\":\"Lunaya travel\",\"alternateName\":\"Lunaya travel\",\"url\":\"https:\/\/lunayatravel.com\/\",\"logo\":{\"@type\":\"ImageObject\",\"inLanguage\":\"en-GB\",\"@id\":\"https:\/\/lunayatravel.com\/#\/schema\/logo\/image\/\",\"url\":\"https:\/\/lunayatravel.com\/wp-content\/uploads\/2026\/03\/cropped-647319118_2379115739204013_337015058165053143_n.jpg\",\"contentUrl\":\"https:\/\/lunayatravel.com\/wp-content\/uploads\/2026\/03\/cropped-647319118_2379115739204013_337015058165053143_n.jpg\",\"width\":1022,\"height\":1023,\"caption\":\"Lunaya travel\"},\"image\":{\"@id\":\"https:\/\/lunayatravel.com\/#\/schema\/logo\/image\/\"},\"sameAs\":[\"https:\/\/www.facebook.com\/lunayaTravel\/\"]}]}<\/script>\n<!-- \/ Yoast SEO plugin. -->","yoast_head_json":{"title":"\ud83c\udfdd\ufe0f Excursion \u00e0 la Journ\u00e9e \u2013 Koh Tao & Koh Nang Yuan -","robots":{"index":"index","follow":"follow","max-snippet":"max-snippet:-1","max-image-preview":"max-image-preview:large","max-video-preview":"max-video-preview:-1"},"canonical":"https:\/\/lunayatravel.com\/en\/product\/\ud83c\udfdd\ufe0f-excursion-a-la-journee-koh-tao-koh-nang-yuan\/","og_locale":"en_GB","og_type":"article","og_title":"\ud83c\udfdd\ufe0f Excursion \u00e0 la Journ\u00e9e \u2013 Koh Tao & Koh Nang Yuan -","og_description":"Embarquez pour une journ\u00e9e inoubliable entre deux joyaux du Golfe de Tha\u00eflande : l\u2019\u00eele paradisiaque de Koh Nang Yuan et les plages pr\u00e9serv\u00e9es de Koh Tao. Une exp\u00e9rience magique alliant snorkeling, paysages spectaculaires, d\u00e9tente et d\u00e9jeuner buffet les pieds dans l\u2019eau.","og_url":"https:\/\/lunayatravel.com\/en\/product\/\ud83c\udfdd\ufe0f-excursion-a-la-journee-koh-tao-koh-nang-yuan\/","article_publisher":"https:\/\/www.facebook.com\/lunayaTravel\/","article_modified_time":"2026-01-30T09:29:05+00:00","og_image":[{"width":1260,"height":865,"url":"https:\/\/lunayatravel.com\/wp-content\/uploads\/2025\/07\/DJI_0483-sairee-beach-koh-tao.webp","type":"image\/webp"}],"twitter_card":"summary_large_image","twitter_misc":{"Estimated reading time":"1 minute"},"schema":{"@context":"https:\/\/schema.org","@graph":[{"@type":"WebPage","@id":"https:\/\/lunayatravel.com\/produit\/%f0%9f%8f%9d%ef%b8%8f-excursion-a-la-journee-koh-tao-koh-nang-yuan\/","url":"https:\/\/lunayatravel.com\/produit\/%f0%9f%8f%9d%ef%b8%8f-excursion-a-la-journee-koh-tao-koh-nang-yuan\/","name":"\ud83c\udfdd\ufe0f Excursion \u00e0 la Journ\u00e9e \u2013 Koh Tao & Koh Nang Yuan -","isPartOf":{"@id":"https:\/\/lunayatravel.com\/#website"},"primaryImageOfPage":{"@id":"https:\/\/lunayatravel.com\/produit\/%f0%9f%8f%9d%ef%b8%8f-excursion-a-la-journee-koh-tao-koh-nang-yuan\/#primaryimage"},"image":{"@id":"https:\/\/lunayatravel.com\/produit\/%f0%9f%8f%9d%ef%b8%8f-excursion-a-la-journee-koh-tao-koh-nang-yuan\/#primaryimage"},"thumbnailUrl":"https:\/\/lunayatravel.com\/wp-content\/uploads\/2025\/07\/DJI_0483-sairee-beach-koh-tao.webp","datePublished":"2025-07-16T04:34:19+00:00","dateModified":"2026-01-30T09:29:05+00:00","breadcrumb":{"@id":"https:\/\/lunayatravel.com\/produit\/%f0%9f%8f%9d%ef%b8%8f-excursion-a-la-journee-koh-tao-koh-nang-yuan\/#breadcrumb"},"inLanguage":"en-GB","potentialAction":[{"@type":"ReadAction","target":["https:\/\/lunayatravel.com\/produit\/%f0%9f%8f%9d%ef%b8%8f-excursion-a-la-journee-koh-tao-koh-nang-yuan\/"]}]},{"@type":"ImageObject","inLanguage":"en-GB","@id":"https:\/\/lunayatravel.com\/produit\/%f0%9f%8f%9d%ef%b8%8f-excursion-a-la-journee-koh-tao-koh-nang-yuan\/#primaryimage","url":"https:\/\/lunayatravel.com\/wp-content\/uploads\/2025\/07\/DJI_0483-sairee-beach-koh-tao.webp","contentUrl":"https:\/\/lunayatravel.com\/wp-content\/uploads\/2025\/07\/DJI_0483-sairee-beach-koh-tao.webp","width":1260,"height":865},{"@type":"BreadcrumbList","@id":"https:\/\/lunayatravel.com\/produit\/%f0%9f%8f%9d%ef%b8%8f-excursion-a-la-journee-koh-tao-koh-nang-yuan\/#breadcrumb","itemListElement":[{"@type":"ListItem","position":1,"name":"Accueil","item":"https:\/\/lunayatravel.com\/"},{"@type":"ListItem","position":2,"name":"Nos activit\u00e9s","item":"https:\/\/lunayatravel.com\/nos-activites\/"},{"@type":"ListItem","position":3,"name":"\ud83c\udfdd\ufe0f Excursion \u00e0 la Journ\u00e9e \u2013 Koh Tao &#038; Koh Nang Yuan"}]},{"@type":"WebSite","@id":"https:\/\/lunayatravel.com\/#website","url":"https:\/\/lunayatravel.com\/","name":"","description":"","publisher":{"@id":"https:\/\/lunayatravel.com\/#organization"},"potentialAction":[{"@type":"SearchAction","target":{"@type":"EntryPoint","urlTemplate":"https:\/\/lunayatravel.com\/?s={search_term_string}"},"query-input":{"@type":"PropertyValueSpecification","valueRequired":true,"valueName":"search_term_string"}}],"inLanguage":"en-GB"},{"@type":"Organization","@id":"https:\/\/lunayatravel.com\/#organization","name":"Lunaya travel","alternateName":"Lunaya travel","url":"https:\/\/lunayatravel.com\/","logo":{"@type":"ImageObject","inLanguage":"en-GB","@id":"https:\/\/lunayatravel.com\/#\/schema\/logo\/image\/","url":"https:\/\/lunayatravel.com\/wp-content\/uploads\/2026\/03\/cropped-647319118_2379115739204013_337015058165053143_n.jpg","contentUrl":"https:\/\/lunayatravel.com\/wp-content\/uploads\/2026\/03\/cropped-647319118_2379115739204013_337015058165053143_n.jpg","width":1022,"height":1023,"caption":"Lunaya travel"},"image":{"@id":"https:\/\/lunayatravel.com\/#\/schema\/logo\/image\/"},"sameAs":["https:\/\/www.facebook.com\/lunayaTravel\/"]}]}},"uagb_featured_image_src":{"full":["https:\/\/lunayatravel.com\/wp-content\/uploads\/2025\/07\/DJI_0483-sairee-beach-koh-tao.webp",1260,865,false],"thumbnail":["https:\/\/lunayatravel.com\/wp-content\/uploads\/2025\/07\/DJI_0483-sairee-beach-koh-tao-150x150.webp",150,150,true],"medium":["https:\/\/lunayatravel.com\/wp-content\/uploads\/2025\/07\/DJI_0483-sairee-beach-koh-tao-300x206.webp",300,206,true],"medium_large":["https:\/\/lunayatravel.com\/wp-content\/uploads\/2025\/07\/DJI_0483-sairee-beach-koh-tao-768x527.webp",768,527,true],"large":["https:\/\/lunayatravel.com\/wp-content\/uploads\/2025\/07\/DJI_0483-sairee-beach-koh-tao-1024x703.webp",1024,703,true],"1536x1536":["https:\/\/lunayatravel.com\/wp-content\/uploads\/2025\/07\/DJI_0483-sairee-beach-koh-tao.webp",1260,865,false],"2048x2048":["https:\/\/lunayatravel.com\/wp-content\/uploads\/2025\/07\/DJI_0483-sairee-beach-koh-tao.webp",1260,865,false],"trp-custom-language-flag":["https:\/\/lunayatravel.com\/wp-content\/uploads\/2025\/07\/DJI_0483-sairee-beach-koh-tao-18x12.webp",18,12,true],"widget-thumbnail":["https:\/\/lunayatravel.com\/wp-content\/uploads\/2025\/07\/DJI_0483-sairee-beach-koh-tao-75x75.webp",75,75,true],"mailpoet_newsletter_max":["https:\/\/lunayatravel.com\/wp-content\/uploads\/2025\/07\/DJI_0483-sairee-beach-koh-tao.webp",1260,865,false],"woocommerce_thumbnail":["https:\/\/lunayatravel.com\/wp-content\/uploads\/2025\/07\/DJI_0483-sairee-beach-koh-tao-300x300.webp",300,300,true],"woocommerce_single":["https:\/\/lunayatravel.com\/wp-content\/uploads\/2025\/07\/DJI_0483-sairee-beach-koh-tao-600x412.webp",600,412,true],"woocommerce_gallery_thumbnail":["https:\/\/lunayatravel.com\/wp-content\/uploads\/2025\/07\/DJI_0483-sairee-beach-koh-tao-100x100.webp",100,100,true],"sow-carousel-default":["https:\/\/lunayatravel.com\/wp-content\/uploads\/2025\/07\/DJI_0483-sairee-beach-koh-tao-272x182.webp",272,182,true]},"uagb_author_info":{"display_name":"haemers stephanie","author_link":"https:\/\/lunayatravel.com\/en\/author\/"},"uagb_comment_info":0,"uagb_excerpt":"Embarquez pour une journ\u00e9e inoubliable entre deux joyaux du Golfe de Tha\u00eflande : l\u2019\u00eele paradisiaque de Koh Nang Yuan et les plages pr\u00e9serv\u00e9es de Koh Tao. Une exp\u00e9rience magique alliant snorkeling, paysages spectaculaires, d\u00e9tente et d\u00e9jeuner buffet les pieds dans l\u2019eau.","jetpack_sharing_enabled":true,"_links":{"self":[{"href":"https:\/\/lunayatravel.com\/en\/wp-json\/wp\/v2\/product\/29816","targetHints":{"allow":["GET"]}}],"collection":[{"href":"https:\/\/lunayatravel.com\/en\/wp-json\/wp\/v2\/product"}],"about":[{"href":"https:\/\/lunayatravel.com\/en\/wp-json\/wp\/v2\/types\/product"}],"replies":[{"embeddable":true,"href":"https:\/\/lunayatravel.com\/en\/wp-json\/wp\/v2\/comments?post=29816"}],"wp:featuredmedia":[{"embeddable":true,"href":"https:\/\/lunayatravel.com\/en\/wp-json\/wp\/v2\/media\/30786"}],"wp:attachment":[{"href":"https:\/\/lunayatravel.com\/en\/wp-json\/wp\/v2\/media?parent=29816"}],"wp:term":[{"taxonomy":"product_brand","embeddable":true,"href":"https:\/\/lunayatravel.com\/en\/wp-json\/wp\/v2\/product_brand?post=29816"},{"taxonomy":"product_cat","embeddable":true,"href":"https:\/\/lunayatravel.com\/en\/wp-json\/wp\/v2\/product_cat?post=29816"},{"taxonomy":"product_tag","embeddable":true,"href":"https:\/\/lunayatravel.com\/en\/wp-json\/wp\/v2\/product_tag?post=29816"}],"curies":[{"name":"wp","href":"https:\/\/api.w.org\/{rel}","templated":true}]}}