{"id":29799,"date":"2025-07-15T13:14:02","date_gmt":"2025-07-15T11:14:02","guid":{"rendered":"https:\/\/itctoursvoyages.com\/?post_type=product&#038;p=29799"},"modified":"2026-04-06T04:06:09","modified_gmt":"2026-04-06T02:06:09","slug":"spectacle-de-cobras-a-koh-samui","status":"publish","type":"product","link":"https:\/\/lunayatravel.com\/en\/product\/spectacle-de-cobras-a-koh-samui\/","title":{"rendered":"Cobra show on Koh Samui"},"content":{"rendered":"<div class=\"no-scrollbar flex min-h-36 flex-nowrap gap-0.5 overflow-auto sm:gap-1 sm:overflow-hidden xl:min-h-44 mt-1 mb-5 [&amp;:not(:first-child)]:mt-4\">\n<div class=\"border-token-border-default relative w-32 shrink-0 overflow-hidden rounded-xl border-[0.5px] md:shrink max-h-64 sm:w-[calc((100%-0.5rem)\/3)] rounded-s-xl\">\n<div class=\"group\/search-image @container\/search-image relative rounded-[inherit] h-full w-full\">\n<div><\/div>\n<\/div>\n<\/div>\n<div class=\"border-token-border-default relative w-32 shrink-0 overflow-hidden rounded-xl border-[0.5px] md:shrink max-h-64 sm:w-[calc((100%-0.5rem)\/3)]\">\n<div class=\"group\/search-image @container\/search-image relative rounded-[inherit] h-full w-full\">\n<div><img loading=\"lazy\" decoding=\"async\" class=\"bg-token-main-surface-tertiary m-0 h-full w-full object-cover alignnone\" src=\"https:\/\/images.pond5.com\/chiang-mai-snake-show-thai-footage-208075002_iconl.jpeg\" alt=\"cobra\" width=\"480\" height=\"270\" \/><\/div>\n<\/div>\n<\/div>\n<div class=\"border-token-border-default relative w-32 shrink-0 overflow-hidden rounded-xl border-[0.5px] md:shrink max-h-64 sm:w-[calc((100%-0.5rem)\/3)] rounded-e-xl\">\n<div class=\"group\/search-image @container\/search-image relative rounded-[inherit] h-full w-full\">\n<div><\/div>\n<div class=\"pointer-events-none absolute inset-x-2 bottom-2 z-0 flex max-w-[calc(100%-1rem)] flex-wrap items-end justify-end gap-1.5\">\n<div class=\"shrink-0\">\n<div class=\"flex items-center gap-1 rounded-full px-2 py-1.5 text-white backdrop-blur-md backdrop-brightness-75\"><\/div>\n<\/div>\n<\/div>\n<\/div>\n<\/div>\n<\/div>\n<p data-start=\"234\" data-end=\"366\"><strong data-start=\"234\" data-end=\"364\">D\u00e9couvrez un spectacle unique et impressionnant \u00e0 Koh Samui, m\u00ealant serpents, animaux exotiques et d\u00e9monstrations fascinantes.<\/strong><\/p>\n<p data-start=\"368\" data-end=\"502\">Entre p\u00e9dagogie et sensations fortes, ce show vous plonge dans l\u2019univers des cobras et des techniques traditionnelles de manipulation.<\/p>\n<hr data-start=\"504\" data-end=\"507\" \/>\n<h2 data-section-id=\"bxp619\" data-start=\"509\" data-end=\"544\">\u00a0Points forts du spectacle<\/h2>\n<ul data-start=\"546\" data-end=\"852\">\n<li data-section-id=\"1lllxuc\" data-start=\"546\" data-end=\"599\">Spectacle vivant avec cobras et animaux exotiques<\/li>\n<li data-section-id=\"1aqg4cd\" data-start=\"600\" data-end=\"661\">D\u00e9monstration impressionnante de manipulation de serpents<\/li>\n<li data-section-id=\"1tf6pwc\" data-start=\"662\" data-end=\"714\">Explication p\u00e9dagogique sur la collecte de venin<\/li>\n<li data-section-id=\"1iihg1z\" data-start=\"715\" data-end=\"750\">Combat entre mangouste et cobra<\/li>\n<li data-section-id=\"vg2ehk\" data-start=\"751\" data-end=\"805\">Activit\u00e9 accessible en famille (\u00e0 partir de 6 ans)<\/li>\n<li data-section-id=\"sx55lw\" data-start=\"806\" data-end=\"852\">Plusieurs horaires disponibles chaque jour<\/li>\n<\/ul>\n<hr data-start=\"854\" data-end=\"857\" \/>\n<h2 data-section-id=\"fys4yn\" data-start=\"859\" data-end=\"887\">\u00a0Ce qui vous attend<\/h2>\n<p data-start=\"889\" data-end=\"1029\">Assistez \u00e0 un spectacle captivant o\u00f9 des professionnels exp\u00e9riment\u00e9s pr\u00e9sentent diff\u00e9rentes esp\u00e8ces de serpents, dont les c\u00e9l\u00e8bres cobras.<\/p>\n<p data-start=\"1031\" data-end=\"1134\">Vous d\u00e9couvrirez les techniques utilis\u00e9es pour manipuler ces animaux et comprendre leur comportement.<\/p>\n<p data-start=\"1136\" data-end=\"1266\">Le moment le plus impressionnant reste la confrontation entre une mangouste et un cobra, une sc\u00e8ne intense qui marque les esprits.<\/p>\n<hr data-start=\"1268\" data-end=\"1271\" \/>\n<h2 data-section-id=\"fnnlp2\" data-start=\"1273\" data-end=\"1305\">Informations pratiques<\/h2>\n<ul data-start=\"1307\" data-end=\"1500\">\n<li data-section-id=\"phmib9\" data-start=\"1307\" data-end=\"1349\">Trois horaires disponibles chaque jour<\/li>\n<li data-section-id=\"5dgr4t\" data-start=\"1350\" data-end=\"1400\">Arriver 10 minutes avant le d\u00e9but du spectacle<\/li>\n<li data-section-id=\"1fk4mul\" data-start=\"1401\" data-end=\"1442\">Dur\u00e9e approximative : 30 \u00e0 45 minutes<\/li>\n<li data-section-id=\"1g447zs\" data-start=\"1443\" data-end=\"1500\">Accessible aux enfants (\u00e0 partir de 6 ans recommand\u00e9)<\/li>\n<\/ul>\n<hr data-start=\"1502\" data-end=\"1505\" \/>\n<h2 data-section-id=\"e6ag7a\" data-start=\"1507\" data-end=\"1543\">\u00a0\u00c0 savoir avant de r\u00e9server<\/h2>\n<ul data-start=\"1545\" data-end=\"1675\">\n<li data-section-id=\"roh46k\" data-start=\"1545\" data-end=\"1620\">Activit\u00e9 d\u00e9conseill\u00e9e aux personnes sensibles ou phobiques des serpents<\/li>\n<li data-section-id=\"dtg61t\" data-start=\"1621\" data-end=\"1675\">Photos souvenir possibles \u00e0 la fin (en suppl\u00e9ment)<\/li>\n<\/ul>\n<hr data-start=\"1677\" data-end=\"1680\" \/>\n<h2 data-section-id=\"194gyxz\" data-start=\"1682\" data-end=\"1700\">\u00a0Conseils<\/h2>\n<ul data-start=\"1702\" data-end=\"1837\">\n<li data-section-id=\"1o16gui\" data-start=\"1702\" data-end=\"1744\">Privil\u00e9gier des v\u00eatements confortables<\/li>\n<li data-section-id=\"1syjy6\" data-start=\"1745\" data-end=\"1789\">Arriver \u00e0 l\u2019avance pour choisir sa place<\/li>\n<li data-section-id=\"1uplrm2\" data-start=\"1790\" data-end=\"1837\">Pr\u00e9voir de l\u2019argent liquide pour les photos<\/li>\n<\/ul>\n","protected":false},"excerpt":{"rendered":"<p>&nbsp;<\/p>\n<p>Experience a breathtaking moment at Koh Samui's famous cobra show!<br \/>\nWatch live as venom is extracted from king cobras to make serum, admire an aggressive jumping snake, giant pythons with sharp teeth, and a spectacular fight between a mongoose and a cobra.<br \/>\nA unique programme, both educational and exciting, to delight young and old alike.<\/p>","protected":false},"featured_media":29800,"comment_status":"open","ping_status":"closed","template":"","meta":{"_uag_custom_page_level_css":""},"product_brand":[],"product_cat":[31],"product_tag":[],"class_list":{"0":"post-29799","1":"product","2":"type-product","3":"status-publish","4":"has-post-thumbnail","6":"product_cat-samui","8":"first","9":"instock","10":"virtual","11":"taxable","12":"purchasable","13":"product-type-simple"},"yoast_head":"<!-- This site is optimized with the Yoast SEO plugin v27.1.1 - https:\/\/yoast.com\/product\/yoast-seo-wordpress\/ -->\n<title>Spectacle de Cobras \u00e0 Koh Samui -<\/title>\n<meta name=\"description\" content=\"Venez vivre un spectacle impressionnant avec des cobras \u00e0 Koh Samui ! Id\u00e9al pour toute la famille, entre p\u00e9dagogie et sensations fortes.\" \/>\n<meta name=\"robots\" content=\"index, follow, max-snippet:-1, max-image-preview:large, max-video-preview:-1\" \/>\n<link rel=\"canonical\" href=\"https:\/\/lunayatravel.com\/en\/product\/spectacle-de-cobras-a-koh-samui\/\" \/>\n<meta property=\"og:locale\" content=\"en_GB\" \/>\n<meta property=\"og:type\" content=\"article\" \/>\n<meta property=\"og:title\" content=\"Spectacle de Cobras \u00e0 Koh Samui -\" \/>\n<meta property=\"og:description\" content=\"Venez vivre un spectacle impressionnant avec des cobras \u00e0 Koh Samui ! Id\u00e9al pour toute la famille, entre p\u00e9dagogie et sensations fortes.\" \/>\n<meta property=\"og:url\" content=\"https:\/\/lunayatravel.com\/en\/product\/spectacle-de-cobras-a-koh-samui\/\" \/>\n<meta property=\"article:publisher\" content=\"https:\/\/www.facebook.com\/lunayaTravel\/\" \/>\n<meta property=\"article:modified_time\" content=\"2026-04-06T02:06:09+00:00\" \/>\n<meta property=\"og:image\" content=\"https:\/\/lunayatravel.com\/wp-content\/uploads\/2025\/07\/10805138.jpg\" \/>\n\t<meta property=\"og:image:width\" content=\"1920\" \/>\n\t<meta property=\"og:image:height\" content=\"1080\" \/>\n\t<meta property=\"og:image:type\" content=\"image\/jpeg\" \/>\n<meta name=\"twitter:card\" content=\"summary_large_image\" \/>\n<meta name=\"twitter:label1\" content=\"Estimated reading time\" \/>\n\t<meta name=\"twitter:data1\" content=\"2 minutes\" \/>\n<script type=\"application\/ld+json\" class=\"yoast-schema-graph\">{\"@context\":\"https:\/\/schema.org\",\"@graph\":[{\"@type\":\"WebPage\",\"@id\":\"https:\/\/lunayatravel.com\/produit\/spectacle-de-cobras-a-koh-samui\/\",\"url\":\"https:\/\/lunayatravel.com\/produit\/spectacle-de-cobras-a-koh-samui\/\",\"name\":\"Spectacle de Cobras \u00e0 Koh Samui -\",\"isPartOf\":{\"@id\":\"https:\/\/lunayatravel.com\/#website\"},\"primaryImageOfPage\":{\"@id\":\"https:\/\/lunayatravel.com\/produit\/spectacle-de-cobras-a-koh-samui\/#primaryimage\"},\"image\":{\"@id\":\"https:\/\/lunayatravel.com\/produit\/spectacle-de-cobras-a-koh-samui\/#primaryimage\"},\"thumbnailUrl\":\"https:\/\/lunayatravel.com\/wp-content\/uploads\/2025\/07\/10805138.jpg\",\"datePublished\":\"2025-07-15T11:14:02+00:00\",\"dateModified\":\"2026-04-06T02:06:09+00:00\",\"description\":\"Venez vivre un spectacle impressionnant avec des cobras \u00e0 Koh Samui ! Id\u00e9al pour toute la famille, entre p\u00e9dagogie et sensations fortes.\",\"breadcrumb\":{\"@id\":\"https:\/\/lunayatravel.com\/produit\/spectacle-de-cobras-a-koh-samui\/#breadcrumb\"},\"inLanguage\":\"en-GB\",\"potentialAction\":[{\"@type\":\"ReadAction\",\"target\":[\"https:\/\/lunayatravel.com\/produit\/spectacle-de-cobras-a-koh-samui\/\"]}]},{\"@type\":\"ImageObject\",\"inLanguage\":\"en-GB\",\"@id\":\"https:\/\/lunayatravel.com\/produit\/spectacle-de-cobras-a-koh-samui\/#primaryimage\",\"url\":\"https:\/\/lunayatravel.com\/wp-content\/uploads\/2025\/07\/10805138.jpg\",\"contentUrl\":\"https:\/\/lunayatravel.com\/wp-content\/uploads\/2025\/07\/10805138.jpg\",\"width\":1920,\"height\":1080},{\"@type\":\"BreadcrumbList\",\"@id\":\"https:\/\/lunayatravel.com\/produit\/spectacle-de-cobras-a-koh-samui\/#breadcrumb\",\"itemListElement\":[{\"@type\":\"ListItem\",\"position\":1,\"name\":\"Accueil\",\"item\":\"https:\/\/lunayatravel.com\/\"},{\"@type\":\"ListItem\",\"position\":2,\"name\":\"Nos activit\u00e9s\",\"item\":\"https:\/\/lunayatravel.com\/nos-activites\/\"},{\"@type\":\"ListItem\",\"position\":3,\"name\":\"Spectacle de Cobras \u00e0 Koh Samui\"}]},{\"@type\":\"WebSite\",\"@id\":\"https:\/\/lunayatravel.com\/#website\",\"url\":\"https:\/\/lunayatravel.com\/\",\"name\":\"\",\"description\":\"\",\"publisher\":{\"@id\":\"https:\/\/lunayatravel.com\/#organization\"},\"potentialAction\":[{\"@type\":\"SearchAction\",\"target\":{\"@type\":\"EntryPoint\",\"urlTemplate\":\"https:\/\/lunayatravel.com\/?s={search_term_string}\"},\"query-input\":{\"@type\":\"PropertyValueSpecification\",\"valueRequired\":true,\"valueName\":\"search_term_string\"}}],\"inLanguage\":\"en-GB\"},{\"@type\":\"Organization\",\"@id\":\"https:\/\/lunayatravel.com\/#organization\",\"name\":\"Lunaya travel\",\"alternateName\":\"Lunaya travel\",\"url\":\"https:\/\/lunayatravel.com\/\",\"logo\":{\"@type\":\"ImageObject\",\"inLanguage\":\"en-GB\",\"@id\":\"https:\/\/lunayatravel.com\/#\/schema\/logo\/image\/\",\"url\":\"https:\/\/lunayatravel.com\/wp-content\/uploads\/2026\/03\/cropped-647319118_2379115739204013_337015058165053143_n.jpg\",\"contentUrl\":\"https:\/\/lunayatravel.com\/wp-content\/uploads\/2026\/03\/cropped-647319118_2379115739204013_337015058165053143_n.jpg\",\"width\":1022,\"height\":1023,\"caption\":\"Lunaya travel\"},\"image\":{\"@id\":\"https:\/\/lunayatravel.com\/#\/schema\/logo\/image\/\"},\"sameAs\":[\"https:\/\/www.facebook.com\/lunayaTravel\/\"]}]}<\/script>\n<!-- \/ Yoast SEO plugin. -->","yoast_head_json":{"title":"Spectacle de Cobras \u00e0 Koh Samui -","description":"Venez vivre un spectacle impressionnant avec des cobras \u00e0 Koh Samui ! Id\u00e9al pour toute la famille, entre p\u00e9dagogie et sensations fortes.","robots":{"index":"index","follow":"follow","max-snippet":"max-snippet:-1","max-image-preview":"max-image-preview:large","max-video-preview":"max-video-preview:-1"},"canonical":"https:\/\/lunayatravel.com\/en\/product\/spectacle-de-cobras-a-koh-samui\/","og_locale":"en_GB","og_type":"article","og_title":"Spectacle de Cobras \u00e0 Koh Samui -","og_description":"Venez vivre un spectacle impressionnant avec des cobras \u00e0 Koh Samui ! Id\u00e9al pour toute la famille, entre p\u00e9dagogie et sensations fortes.","og_url":"https:\/\/lunayatravel.com\/en\/product\/spectacle-de-cobras-a-koh-samui\/","article_publisher":"https:\/\/www.facebook.com\/lunayaTravel\/","article_modified_time":"2026-04-06T02:06:09+00:00","og_image":[{"width":1920,"height":1080,"url":"https:\/\/lunayatravel.com\/wp-content\/uploads\/2025\/07\/10805138.jpg","type":"image\/jpeg"}],"twitter_card":"summary_large_image","twitter_misc":{"Estimated reading time":"2 minutes"},"schema":{"@context":"https:\/\/schema.org","@graph":[{"@type":"WebPage","@id":"https:\/\/lunayatravel.com\/produit\/spectacle-de-cobras-a-koh-samui\/","url":"https:\/\/lunayatravel.com\/produit\/spectacle-de-cobras-a-koh-samui\/","name":"Spectacle de Cobras \u00e0 Koh Samui -","isPartOf":{"@id":"https:\/\/lunayatravel.com\/#website"},"primaryImageOfPage":{"@id":"https:\/\/lunayatravel.com\/produit\/spectacle-de-cobras-a-koh-samui\/#primaryimage"},"image":{"@id":"https:\/\/lunayatravel.com\/produit\/spectacle-de-cobras-a-koh-samui\/#primaryimage"},"thumbnailUrl":"https:\/\/lunayatravel.com\/wp-content\/uploads\/2025\/07\/10805138.jpg","datePublished":"2025-07-15T11:14:02+00:00","dateModified":"2026-04-06T02:06:09+00:00","description":"Venez vivre un spectacle impressionnant avec des cobras \u00e0 Koh Samui ! Id\u00e9al pour toute la famille, entre p\u00e9dagogie et sensations fortes.","breadcrumb":{"@id":"https:\/\/lunayatravel.com\/produit\/spectacle-de-cobras-a-koh-samui\/#breadcrumb"},"inLanguage":"en-GB","potentialAction":[{"@type":"ReadAction","target":["https:\/\/lunayatravel.com\/produit\/spectacle-de-cobras-a-koh-samui\/"]}]},{"@type":"ImageObject","inLanguage":"en-GB","@id":"https:\/\/lunayatravel.com\/produit\/spectacle-de-cobras-a-koh-samui\/#primaryimage","url":"https:\/\/lunayatravel.com\/wp-content\/uploads\/2025\/07\/10805138.jpg","contentUrl":"https:\/\/lunayatravel.com\/wp-content\/uploads\/2025\/07\/10805138.jpg","width":1920,"height":1080},{"@type":"BreadcrumbList","@id":"https:\/\/lunayatravel.com\/produit\/spectacle-de-cobras-a-koh-samui\/#breadcrumb","itemListElement":[{"@type":"ListItem","position":1,"name":"Accueil","item":"https:\/\/lunayatravel.com\/"},{"@type":"ListItem","position":2,"name":"Nos activit\u00e9s","item":"https:\/\/lunayatravel.com\/nos-activites\/"},{"@type":"ListItem","position":3,"name":"Spectacle de Cobras \u00e0 Koh Samui"}]},{"@type":"WebSite","@id":"https:\/\/lunayatravel.com\/#website","url":"https:\/\/lunayatravel.com\/","name":"","description":"","publisher":{"@id":"https:\/\/lunayatravel.com\/#organization"},"potentialAction":[{"@type":"SearchAction","target":{"@type":"EntryPoint","urlTemplate":"https:\/\/lunayatravel.com\/?s={search_term_string}"},"query-input":{"@type":"PropertyValueSpecification","valueRequired":true,"valueName":"search_term_string"}}],"inLanguage":"en-GB"},{"@type":"Organization","@id":"https:\/\/lunayatravel.com\/#organization","name":"Lunaya travel","alternateName":"Lunaya travel","url":"https:\/\/lunayatravel.com\/","logo":{"@type":"ImageObject","inLanguage":"en-GB","@id":"https:\/\/lunayatravel.com\/#\/schema\/logo\/image\/","url":"https:\/\/lunayatravel.com\/wp-content\/uploads\/2026\/03\/cropped-647319118_2379115739204013_337015058165053143_n.jpg","contentUrl":"https:\/\/lunayatravel.com\/wp-content\/uploads\/2026\/03\/cropped-647319118_2379115739204013_337015058165053143_n.jpg","width":1022,"height":1023,"caption":"Lunaya travel"},"image":{"@id":"https:\/\/lunayatravel.com\/#\/schema\/logo\/image\/"},"sameAs":["https:\/\/www.facebook.com\/lunayaTravel\/"]}]}},"uagb_featured_image_src":{"full":["https:\/\/lunayatravel.com\/wp-content\/uploads\/2025\/07\/10805138.jpg",1920,1080,false],"thumbnail":["https:\/\/lunayatravel.com\/wp-content\/uploads\/2025\/07\/10805138-150x150.jpg",150,150,true],"medium":["https:\/\/lunayatravel.com\/wp-content\/uploads\/2025\/07\/10805138-300x169.jpg",300,169,true],"medium_large":["https:\/\/lunayatravel.com\/wp-content\/uploads\/2025\/07\/10805138-768x432.jpg",768,432,true],"large":["https:\/\/lunayatravel.com\/wp-content\/uploads\/2025\/07\/10805138-1024x576.jpg",1024,576,true],"1536x1536":["https:\/\/lunayatravel.com\/wp-content\/uploads\/2025\/07\/10805138-1536x864.jpg",1536,864,true],"2048x2048":["https:\/\/lunayatravel.com\/wp-content\/uploads\/2025\/07\/10805138.jpg",1920,1080,false],"trp-custom-language-flag":["https:\/\/lunayatravel.com\/wp-content\/uploads\/2025\/07\/10805138.jpg",18,10,false],"widget-thumbnail":["https:\/\/lunayatravel.com\/wp-content\/uploads\/2025\/07\/10805138-75x75.jpg",75,75,true],"mailpoet_newsletter_max":["https:\/\/lunayatravel.com\/wp-content\/uploads\/2025\/07\/10805138-1320x743.jpg",1320,743,true],"woocommerce_thumbnail":["https:\/\/lunayatravel.com\/wp-content\/uploads\/2025\/07\/10805138-300x300.jpg",300,300,true],"woocommerce_single":["https:\/\/lunayatravel.com\/wp-content\/uploads\/2025\/07\/10805138-600x338.jpg",600,338,true],"woocommerce_gallery_thumbnail":["https:\/\/lunayatravel.com\/wp-content\/uploads\/2025\/07\/10805138-100x100.jpg",100,100,true],"sow-carousel-default":["https:\/\/lunayatravel.com\/wp-content\/uploads\/2025\/07\/10805138-272x182.jpg",272,182,true]},"uagb_author_info":{"display_name":"haemers stephanie","author_link":"https:\/\/lunayatravel.com\/en\/author\/"},"uagb_comment_info":0,"uagb_excerpt":"&nbsp; Vivez un moment \u00e0 couper le souffle au c\u00e9l\u00e8bre spectacle de cobras de Koh Samui ! Observez en direct l\u2019extraction du venin de cobras royaux pour la fabrication de s\u00e9rum, admirez un serpent sauteur agressif, des pythons g\u00e9ants aux dents ac\u00e9r\u00e9es, et un combat spectaculaire entre une mangouste et un cobra. Un programme unique,&hellip;","jetpack_sharing_enabled":true,"_links":{"self":[{"href":"https:\/\/lunayatravel.com\/en\/wp-json\/wp\/v2\/product\/29799","targetHints":{"allow":["GET"]}}],"collection":[{"href":"https:\/\/lunayatravel.com\/en\/wp-json\/wp\/v2\/product"}],"about":[{"href":"https:\/\/lunayatravel.com\/en\/wp-json\/wp\/v2\/types\/product"}],"replies":[{"embeddable":true,"href":"https:\/\/lunayatravel.com\/en\/wp-json\/wp\/v2\/comments?post=29799"}],"wp:featuredmedia":[{"embeddable":true,"href":"https:\/\/lunayatravel.com\/en\/wp-json\/wp\/v2\/media\/29800"}],"wp:attachment":[{"href":"https:\/\/lunayatravel.com\/en\/wp-json\/wp\/v2\/media?parent=29799"}],"wp:term":[{"taxonomy":"product_brand","embeddable":true,"href":"https:\/\/lunayatravel.com\/en\/wp-json\/wp\/v2\/product_brand?post=29799"},{"taxonomy":"product_cat","embeddable":true,"href":"https:\/\/lunayatravel.com\/en\/wp-json\/wp\/v2\/product_cat?post=29799"},{"taxonomy":"product_tag","embeddable":true,"href":"https:\/\/lunayatravel.com\/en\/wp-json\/wp\/v2\/product_tag?post=29799"}],"curies":[{"name":"wp","href":"https:\/\/api.w.org\/{rel}","templated":true}]}}